{"id":7135,"date":"2020-03-04T11:40:38","date_gmt":"2020-05-06T09:27:00","guid":{"rendered":"https:\/\/sanatmetal.hu\/product\/compass\/"},"modified":"2020-10-20T11:43:43","modified_gmt":"2020-10-20T11:43:43","slug":"compass","status":"publish","type":"product","link":"https:\/\/sanatmetal.hu\/es\/product\/compass\/","title":{"rendered":"Compass system"},"content":{"rendered":"<p>Sistema complejo, con una gran capacidad de intercambio y estabilidad r\u00edgida y no r\u00edgida. Posee sets de instrumental m\u00e9dico modular para llevar a cabo t\u00e9cnicas de implantaci\u00f3n r\u00edgidas, no r\u00edgidas y percut\u00e1neas. Fijaci\u00f3n patentada, no r\u00edgida y cableada para facilitar los micromovimientos. Los tornillos est\u00e1n canulados, son poliaxiales y autorroscantes y se insertan con lo que llamamos un bloqueo \u00abde llave\u00bb. Esta t\u00e9cnica del bloqueo de llave logra que la distracci\u00f3n y la compresi\u00f3n articular se lleven a cabo de manera paralela. El tornillo permite aumentar la cantidad de cemento \u00f3seo a causa de la fenestraci\u00f3n del implante. La conexi\u00f3n patentada con autobloqueo asegura que el reductor de barra y la torre de reducci\u00f3n MIS no se desconecten al utilizarlos. El material que hemos seleccionado tiene como objetivo lograr el mayor l\u00edmite de fatiga posible y reducir al m\u00ednimo el riesgo de error al colocar los tornillos.<\/p>\n","protected":false},"excerpt":{"rendered":"<p>Sistema complejo, con una gran capacidad de intercambio y estabilidad r\u00edgida y no r\u00edgida. Posee sets de instrumental m\u00e9dico modular para llevar a cabo t\u00e9cnicas de implantaci\u00f3n r\u00edgidas, no r\u00edgidas y percut\u00e1neas. Fijaci\u00f3n patentada, no r\u00edgida y cableada para facilitar los micromovimientos. Los tornillos est\u00e1n canulados, son poliaxiales y autorroscantes y se insertan con lo [&hellip;]<\/p>\n","protected":false},"featured_media":7136,"template":"","meta":[],"product_brand":[],"product_cat":[745,746],"product_tag":[],"class_list":{"0":"post-7135","1":"product","2":"type-product","3":"status-publish","4":"has-post-thumbnail","6":"product_cat-lumbar-es","7":"product_cat-thoracal-es","8":"testtaj-transpedicalur-screw-fixation-es","9":"testtaj-lumbar-vertebrae-es","10":"testtaj-transpedicalur-screw-fixation","11":"testtaj-thoracal-vertebrae-es","12":"markanev-compass-es","14":"first","15":"instock","16":"shipping-taxable","17":"product-type-simple"},"yoast_head":"<!-- This site is optimized with the Yoast SEO plugin v27.2 - https:\/\/yoast.com\/product\/yoast-seo-wordpress\/ -->\n<title>Compass system - Sanatmetal<\/title>\n<meta name=\"robots\" content=\"index, follow, max-snippet:-1, max-image-preview:large, max-video-preview:-1\" \/>\n<link rel=\"canonical\" href=\"https:\/\/sanatmetal.hu\/es\/product\/compass\/\" \/>\n<meta property=\"og:locale\" content=\"es_ES\" \/>\n<meta property=\"og:type\" content=\"article\" \/>\n<meta property=\"og:title\" content=\"Compass system - Sanatmetal\" \/>\n<meta property=\"og:description\" content=\"Sistema complejo, con una gran capacidad de intercambio y estabilidad r\u00edgida y no r\u00edgida. Posee sets de instrumental m\u00e9dico modular para llevar a cabo t\u00e9cnicas de implantaci\u00f3n r\u00edgidas, no r\u00edgidas y percut\u00e1neas. Fijaci\u00f3n patentada, no r\u00edgida y cableada para facilitar los micromovimientos. Los tornillos est\u00e1n canulados, son poliaxiales y autorroscantes y se insertan con lo [&hellip;]\" \/>\n<meta property=\"og:url\" content=\"https:\/\/sanatmetal.hu\/es\/product\/compass\/\" \/>\n<meta property=\"og:site_name\" content=\"Sanatmetal\" \/>\n<meta property=\"article:modified_time\" content=\"2020-10-20T11:43:43+00:00\" \/>\n<meta property=\"og:image\" content=\"https:\/\/sanatmetal.hu\/wp-content\/uploads\/2020\/07\/compass-rigid-2-1.webp\" \/>\n\t<meta property=\"og:image:width\" content=\"2560\" \/>\n\t<meta property=\"og:image:height\" content=\"1980\" \/>\n\t<meta property=\"og:image:type\" content=\"image\/jpeg\" \/>\n<meta name=\"twitter:card\" content=\"summary_large_image\" \/>\n<meta name=\"twitter:label1\" content=\"Est. reading time\" \/>\n\t<meta name=\"twitter:data1\" content=\"1 minute\" \/>\n<script type=\"application\/ld+json\" class=\"yoast-schema-graph\">{\"@context\":\"https:\/\/schema.org\",\"@graph\":[{\"@type\":\"WebPage\",\"@id\":\"https:\/\/sanatmetal.hu\/es\/product\/compass\/\",\"url\":\"https:\/\/sanatmetal.hu\/es\/product\/compass\/\",\"name\":\"Compass system - Sanatmetal\",\"isPartOf\":{\"@id\":\"https:\/\/sanatmetal.hu\/#website\"},\"primaryImageOfPage\":{\"@id\":\"https:\/\/sanatmetal.hu\/es\/product\/compass\/#primaryimage\"},\"image\":{\"@id\":\"https:\/\/sanatmetal.hu\/es\/product\/compass\/#primaryimage\"},\"thumbnailUrl\":\"https:\/\/sanatmetal.hu\/wp-content\/uploads\/2020\/07\/compass-rigid-2-1.webp\",\"datePublished\":\"2020-05-06T09:27:00+00:00\",\"dateModified\":\"2020-10-20T11:43:43+00:00\",\"breadcrumb\":{\"@id\":\"https:\/\/sanatmetal.hu\/es\/product\/compass\/#breadcrumb\"},\"inLanguage\":\"es-ES\",\"potentialAction\":[{\"@type\":\"ReadAction\",\"target\":[\"https:\/\/sanatmetal.hu\/es\/product\/compass\/\"]}]},{\"@type\":\"ImageObject\",\"inLanguage\":\"es-ES\",\"@id\":\"https:\/\/sanatmetal.hu\/es\/product\/compass\/#primaryimage\",\"url\":\"https:\/\/sanatmetal.hu\/wp-content\/uploads\/2020\/07\/compass-rigid-2-1.webp\",\"contentUrl\":\"https:\/\/sanatmetal.hu\/wp-content\/uploads\/2020\/07\/compass-rigid-2-1.webp\",\"width\":2560,\"height\":1980},{\"@type\":\"BreadcrumbList\",\"@id\":\"https:\/\/sanatmetal.hu\/es\/product\/compass\/#breadcrumb\",\"itemListElement\":[{\"@type\":\"ListItem\",\"position\":1,\"name\":\"Home\",\"item\":\"https:\/\/sanatmetal.hu\/es\/\"},{\"@type\":\"ListItem\",\"position\":2,\"name\":\"PRODUCTOS\",\"item\":\"https:\/\/sanatmetal.hu\/es\/our-products\/\"},{\"@type\":\"ListItem\",\"position\":3,\"name\":\"Compass system\"}]},{\"@type\":\"WebSite\",\"@id\":\"https:\/\/sanatmetal.hu\/#website\",\"url\":\"https:\/\/sanatmetal.hu\/\",\"name\":\"Sanatmetal\",\"description\":\"\",\"publisher\":{\"@id\":\"https:\/\/sanatmetal.hu\/#organization\"},\"potentialAction\":[{\"@type\":\"SearchAction\",\"target\":{\"@type\":\"EntryPoint\",\"urlTemplate\":\"https:\/\/sanatmetal.hu\/?s={search_term_string}\"},\"query-input\":{\"@type\":\"PropertyValueSpecification\",\"valueRequired\":true,\"valueName\":\"search_term_string\"}}],\"inLanguage\":\"es-ES\"},{\"@type\":\"Organization\",\"@id\":\"https:\/\/sanatmetal.hu\/#organization\",\"name\":\"Sanatmetal\",\"url\":\"https:\/\/sanatmetal.hu\/\",\"logo\":{\"@type\":\"ImageObject\",\"inLanguage\":\"es-ES\",\"@id\":\"https:\/\/sanatmetal.hu\/#\/schema\/logo\/image\/\",\"url\":\"https:\/\/sanatmetal.hu\/wp-content\/uploads\/2024\/10\/Nevtelen-terv-5-e1728647058747.png\",\"contentUrl\":\"https:\/\/sanatmetal.hu\/wp-content\/uploads\/2024\/10\/Nevtelen-terv-5-e1728647058747.png\",\"width\":1410,\"height\":1293,\"caption\":\"Sanatmetal\"},\"image\":{\"@id\":\"https:\/\/sanatmetal.hu\/#\/schema\/logo\/image\/\"}}]}<\/script>\n<!-- \/ Yoast SEO plugin. -->","yoast_head_json":{"title":"Compass system - Sanatmetal","robots":{"index":"index","follow":"follow","max-snippet":"max-snippet:-1","max-image-preview":"max-image-preview:large","max-video-preview":"max-video-preview:-1"},"canonical":"https:\/\/sanatmetal.hu\/es\/product\/compass\/","og_locale":"es_ES","og_type":"article","og_title":"Compass system - Sanatmetal","og_description":"Sistema complejo, con una gran capacidad de intercambio y estabilidad r\u00edgida y no r\u00edgida. Posee sets de instrumental m\u00e9dico modular para llevar a cabo t\u00e9cnicas de implantaci\u00f3n r\u00edgidas, no r\u00edgidas y percut\u00e1neas. Fijaci\u00f3n patentada, no r\u00edgida y cableada para facilitar los micromovimientos. Los tornillos est\u00e1n canulados, son poliaxiales y autorroscantes y se insertan con lo [&hellip;]","og_url":"https:\/\/sanatmetal.hu\/es\/product\/compass\/","og_site_name":"Sanatmetal","article_modified_time":"2020-10-20T11:43:43+00:00","og_image":[{"width":2560,"height":1980,"url":"https:\/\/sanatmetal.hu\/wp-content\/uploads\/2020\/07\/compass-rigid-2-1.webp","type":"image\/jpeg"}],"twitter_card":"summary_large_image","twitter_misc":{"Est. reading time":"1 minute"},"schema":{"@context":"https:\/\/schema.org","@graph":[{"@type":"WebPage","@id":"https:\/\/sanatmetal.hu\/es\/product\/compass\/","url":"https:\/\/sanatmetal.hu\/es\/product\/compass\/","name":"Compass system - Sanatmetal","isPartOf":{"@id":"https:\/\/sanatmetal.hu\/#website"},"primaryImageOfPage":{"@id":"https:\/\/sanatmetal.hu\/es\/product\/compass\/#primaryimage"},"image":{"@id":"https:\/\/sanatmetal.hu\/es\/product\/compass\/#primaryimage"},"thumbnailUrl":"https:\/\/sanatmetal.hu\/wp-content\/uploads\/2020\/07\/compass-rigid-2-1.webp","datePublished":"2020-05-06T09:27:00+00:00","dateModified":"2020-10-20T11:43:43+00:00","breadcrumb":{"@id":"https:\/\/sanatmetal.hu\/es\/product\/compass\/#breadcrumb"},"inLanguage":"es-ES","potentialAction":[{"@type":"ReadAction","target":["https:\/\/sanatmetal.hu\/es\/product\/compass\/"]}]},{"@type":"ImageObject","inLanguage":"es-ES","@id":"https:\/\/sanatmetal.hu\/es\/product\/compass\/#primaryimage","url":"https:\/\/sanatmetal.hu\/wp-content\/uploads\/2020\/07\/compass-rigid-2-1.webp","contentUrl":"https:\/\/sanatmetal.hu\/wp-content\/uploads\/2020\/07\/compass-rigid-2-1.webp","width":2560,"height":1980},{"@type":"BreadcrumbList","@id":"https:\/\/sanatmetal.hu\/es\/product\/compass\/#breadcrumb","itemListElement":[{"@type":"ListItem","position":1,"name":"Home","item":"https:\/\/sanatmetal.hu\/es\/"},{"@type":"ListItem","position":2,"name":"PRODUCTOS","item":"https:\/\/sanatmetal.hu\/es\/our-products\/"},{"@type":"ListItem","position":3,"name":"Compass system"}]},{"@type":"WebSite","@id":"https:\/\/sanatmetal.hu\/#website","url":"https:\/\/sanatmetal.hu\/","name":"Sanatmetal","description":"","publisher":{"@id":"https:\/\/sanatmetal.hu\/#organization"},"potentialAction":[{"@type":"SearchAction","target":{"@type":"EntryPoint","urlTemplate":"https:\/\/sanatmetal.hu\/?s={search_term_string}"},"query-input":{"@type":"PropertyValueSpecification","valueRequired":true,"valueName":"search_term_string"}}],"inLanguage":"es-ES"},{"@type":"Organization","@id":"https:\/\/sanatmetal.hu\/#organization","name":"Sanatmetal","url":"https:\/\/sanatmetal.hu\/","logo":{"@type":"ImageObject","inLanguage":"es-ES","@id":"https:\/\/sanatmetal.hu\/#\/schema\/logo\/image\/","url":"https:\/\/sanatmetal.hu\/wp-content\/uploads\/2024\/10\/Nevtelen-terv-5-e1728647058747.png","contentUrl":"https:\/\/sanatmetal.hu\/wp-content\/uploads\/2024\/10\/Nevtelen-terv-5-e1728647058747.png","width":1410,"height":1293,"caption":"Sanatmetal"},"image":{"@id":"https:\/\/sanatmetal.hu\/#\/schema\/logo\/image\/"}}]}},"_links":{"self":[{"href":"https:\/\/sanatmetal.hu\/es\/wp-json\/wp\/v2\/product\/7135","targetHints":{"allow":["GET"]}}],"collection":[{"href":"https:\/\/sanatmetal.hu\/es\/wp-json\/wp\/v2\/product"}],"about":[{"href":"https:\/\/sanatmetal.hu\/es\/wp-json\/wp\/v2\/types\/product"}],"wp:featuredmedia":[{"embeddable":true,"href":"https:\/\/sanatmetal.hu\/es\/wp-json\/wp\/v2\/media\/7136"}],"wp:attachment":[{"href":"https:\/\/sanatmetal.hu\/es\/wp-json\/wp\/v2\/media?parent=7135"}],"wp:term":[{"taxonomy":"product_brand","embeddable":true,"href":"https:\/\/sanatmetal.hu\/es\/wp-json\/wp\/v2\/product_brand?post=7135"},{"taxonomy":"product_cat","embeddable":true,"href":"https:\/\/sanatmetal.hu\/es\/wp-json\/wp\/v2\/product_cat?post=7135"},{"taxonomy":"product_tag","embeddable":true,"href":"https:\/\/sanatmetal.hu\/es\/wp-json\/wp\/v2\/product_tag?post=7135"}],"curies":[{"name":"wp","href":"https:\/\/api.w.org\/{rel}","templated":true}]}}