{"id":7293,"date":"2020-03-04T10:52:03","date_gmt":"2020-03-04T10:52:03","guid":{"rendered":"https:\/\/sanatmetal.hu\/product\/magic-humerus-nail\/"},"modified":"2026-05-08T07:56:41","modified_gmt":"2026-05-08T06:56:41","slug":"magic-humerus-nail","status":"publish","type":"product","link":"https:\/\/sanatmetal.hu\/es\/product\/magic-humerus-nail\/","title":{"rendered":"Magic Humerus nail"},"content":{"rendered":"<p data-start=\"45919\" data-end=\"45978\"><strong data-start=\"45919\" data-end=\"45978\">El desaf\u00edo del bloqueo distal en las cirug\u00edas de h\u00famero<\/strong><\/p>\n<p data-start=\"45980\" data-end=\"46388\">Uno de los pasos m\u00e1s cr\u00edticos del enclavado intramedular del h\u00famero es el bloqueo distal, que en los procedimientos convencionales suele basarse en la fluoroscopia. Este paso quir\u00fargico puede requerir mucho tiempo, aumenta la exposici\u00f3n a la radiaci\u00f3n y exige una concentraci\u00f3n significativa por parte del cirujano. La precisi\u00f3n y la previsibilidad del proceso son fundamentales para el resultado quir\u00fargico.<\/p>\n<p data-start=\"46390\" data-end=\"46422\"><strong data-start=\"46390\" data-end=\"46422\">Bloqueo distal sin radiaci\u00f3n<\/strong><\/p>\n<p data-start=\"46424\" data-end=\"46782\">El sistema MAGIC permite el bloqueo distal sin radiaci\u00f3n, apoyando as\u00ed un flujo de trabajo quir\u00fargico m\u00e1s previsible, m\u00e1s preciso y guiado tambi\u00e9n en el enclavado intramedular del h\u00famero. El foco no est\u00e1 en la tecnolog\u00eda, sino en el resultado quir\u00fargico: menor uso de radiaci\u00f3n, orientaci\u00f3n m\u00e1s controlada y una mejor experiencia quir\u00fargica para el cirujano.<\/p>\n<p data-start=\"46784\" data-end=\"46827\"><strong data-start=\"46784\" data-end=\"46827\">MAGIC &#8211; navegaci\u00f3n quir\u00fargica magn\u00e9tica<\/strong><\/p>\n<p data-start=\"46829\" data-end=\"47240\">MAGIC es una soluci\u00f3n de navegaci\u00f3n quir\u00fargica magn\u00e9tica que apoya el paso cr\u00edtico de la orientaci\u00f3n y el bloqueo distal. El valor del sistema reside en su enfoque a nivel de flujo de trabajo: proporciona pasos quir\u00fargicos guiados, intuitivos y reproducibles, sin necesidad de infraestructura de inversi\u00f3n adicional. Esto permite que la tecnolog\u00eda se integre de forma fluida en la pr\u00e1ctica quir\u00fargica existente.<\/p>\n<p data-start=\"47242\" data-end=\"47301\"><strong data-start=\"47242\" data-end=\"47301\">Beneficios durante el enclavado intramedular del h\u00famero<\/strong><\/p>\n<ul data-start=\"47303\" data-end=\"47611\">\n<li data-section-id=\"dyf4b6\" data-start=\"47303\" data-end=\"47333\">bloqueo proximal multiplanar<\/li>\n<li data-section-id=\"1i5jj11\" data-start=\"47334\" data-end=\"47400\">brazo de orientaci\u00f3n proximal giratorio con solo pulsar un bot\u00f3n<\/li>\n<li data-section-id=\"16epj0p\" data-start=\"47401\" data-end=\"47522\">tornillo de bloqueo proximal de cabeza avellanada, adecuado tambi\u00e9n para la compactaci\u00f3n \u00f3sea y optimizado para suturas<\/li>\n<li data-section-id=\"1qdn5qa\" data-start=\"47523\" data-end=\"47550\">posibilidad de compresi\u00f3n<\/li>\n<li data-section-id=\"1rsg1yo\" data-start=\"47551\" data-end=\"47611\">posibilidad de bloqueo distal sin rayos X de clavos largos<\/li>\n<\/ul>\n<p><iframe loading=\"lazy\" title=\"MAGIC - Distal targeting without X-Ray - promotional video\" width=\"500\" height=\"281\" src=\"https:\/\/www.youtube.com\/embed\/UoFdHPE_3EU?start=5&#038;feature=oembed\" frameborder=\"0\" allow=\"accelerometer; autoplay; clipboard-write; encrypted-media; gyroscope; picture-in-picture; web-share\" referrerpolicy=\"strict-origin-when-cross-origin\" allowfullscreen><\/iframe><\/p>\n","protected":false},"excerpt":{"rendered":"<p>El desaf\u00edo del bloqueo distal en las cirug\u00edas de h\u00famero Uno de los pasos m\u00e1s cr\u00edticos del enclavado intramedular del h\u00famero es el bloqueo distal, que en los procedimientos convencionales suele basarse en la fluoroscopia. Este paso quir\u00fargico puede requerir mucho tiempo, aumenta la exposici\u00f3n a la radiaci\u00f3n y exige una concentraci\u00f3n significativa por parte [&hellip;]<\/p>\n","protected":false},"featured_media":7294,"template":"","meta":[],"product_brand":[],"product_cat":[711],"product_tag":[],"class_list":{"0":"post-7293","1":"product","2":"type-product","3":"status-publish","4":"has-post-thumbnail","6":"product_cat-humerus-es","7":"testtaj-upper-limb-es","8":"testtaj-humerus-es","9":"testtaj-nailing-es-2","10":"markanev-magic-es","12":"first","13":"instock","14":"shipping-taxable","15":"product-type-simple"},"yoast_head":"<!-- This site is optimized with the Yoast SEO plugin v27.2 - https:\/\/yoast.com\/product\/yoast-seo-wordpress\/ -->\n<title>Magic Humerus nail - Sanatmetal<\/title>\n<meta name=\"robots\" content=\"index, follow, max-snippet:-1, max-image-preview:large, max-video-preview:-1\" \/>\n<link rel=\"canonical\" href=\"https:\/\/sanatmetal.hu\/es\/product\/magic-humerus-nail\/\" \/>\n<meta property=\"og:locale\" content=\"es_ES\" \/>\n<meta property=\"og:type\" content=\"article\" \/>\n<meta property=\"og:title\" content=\"Magic Humerus nail - Sanatmetal\" \/>\n<meta property=\"og:description\" content=\"El desaf\u00edo del bloqueo distal en las cirug\u00edas de h\u00famero Uno de los pasos m\u00e1s cr\u00edticos del enclavado intramedular del h\u00famero es el bloqueo distal, que en los procedimientos convencionales suele basarse en la fluoroscopia. Este paso quir\u00fargico puede requerir mucho tiempo, aumenta la exposici\u00f3n a la radiaci\u00f3n y exige una concentraci\u00f3n significativa por parte [&hellip;]\" \/>\n<meta property=\"og:url\" content=\"https:\/\/sanatmetal.hu\/es\/product\/magic-humerus-nail\/\" \/>\n<meta property=\"og:site_name\" content=\"Sanatmetal\" \/>\n<meta property=\"article:modified_time\" content=\"2026-05-08T06:56:41+00:00\" \/>\n<meta property=\"og:image\" content=\"https:\/\/sanatmetal.hu\/wp-content\/uploads\/2020\/03\/18-scaled.webp\" \/>\n\t<meta property=\"og:image:width\" content=\"2560\" \/>\n\t<meta property=\"og:image:height\" content=\"1920\" \/>\n\t<meta property=\"og:image:type\" content=\"image\/jpeg\" \/>\n<meta name=\"twitter:card\" content=\"summary_large_image\" \/>\n<meta name=\"twitter:label1\" content=\"Est. reading time\" \/>\n\t<meta name=\"twitter:data1\" content=\"2 minutes\" \/>\n<script type=\"application\/ld+json\" class=\"yoast-schema-graph\">{\"@context\":\"https:\/\/schema.org\",\"@graph\":[{\"@type\":\"WebPage\",\"@id\":\"https:\/\/sanatmetal.hu\/es\/product\/magic-humerus-nail\/\",\"url\":\"https:\/\/sanatmetal.hu\/es\/product\/magic-humerus-nail\/\",\"name\":\"Magic Humerus nail - Sanatmetal\",\"isPartOf\":{\"@id\":\"https:\/\/sanatmetal.hu\/#website\"},\"primaryImageOfPage\":{\"@id\":\"https:\/\/sanatmetal.hu\/es\/product\/magic-humerus-nail\/#primaryimage\"},\"image\":{\"@id\":\"https:\/\/sanatmetal.hu\/es\/product\/magic-humerus-nail\/#primaryimage\"},\"thumbnailUrl\":\"https:\/\/sanatmetal.hu\/wp-content\/uploads\/2020\/03\/18-scaled.webp\",\"datePublished\":\"2020-03-04T10:52:03+00:00\",\"dateModified\":\"2026-05-08T06:56:41+00:00\",\"breadcrumb\":{\"@id\":\"https:\/\/sanatmetal.hu\/es\/product\/magic-humerus-nail\/#breadcrumb\"},\"inLanguage\":\"es-ES\",\"potentialAction\":[{\"@type\":\"ReadAction\",\"target\":[\"https:\/\/sanatmetal.hu\/es\/product\/magic-humerus-nail\/\"]}]},{\"@type\":\"ImageObject\",\"inLanguage\":\"es-ES\",\"@id\":\"https:\/\/sanatmetal.hu\/es\/product\/magic-humerus-nail\/#primaryimage\",\"url\":\"https:\/\/sanatmetal.hu\/wp-content\/uploads\/2020\/03\/18-scaled.webp\",\"contentUrl\":\"https:\/\/sanatmetal.hu\/wp-content\/uploads\/2020\/03\/18-scaled.webp\",\"width\":2560,\"height\":1920},{\"@type\":\"BreadcrumbList\",\"@id\":\"https:\/\/sanatmetal.hu\/es\/product\/magic-humerus-nail\/#breadcrumb\",\"itemListElement\":[{\"@type\":\"ListItem\",\"position\":1,\"name\":\"Home\",\"item\":\"https:\/\/sanatmetal.hu\/es\/\"},{\"@type\":\"ListItem\",\"position\":2,\"name\":\"PRODUCTOS\",\"item\":\"https:\/\/sanatmetal.hu\/es\/our-products\/\"},{\"@type\":\"ListItem\",\"position\":3,\"name\":\"Magic Humerus nail\"}]},{\"@type\":\"WebSite\",\"@id\":\"https:\/\/sanatmetal.hu\/#website\",\"url\":\"https:\/\/sanatmetal.hu\/\",\"name\":\"Sanatmetal\",\"description\":\"\",\"publisher\":{\"@id\":\"https:\/\/sanatmetal.hu\/#organization\"},\"potentialAction\":[{\"@type\":\"SearchAction\",\"target\":{\"@type\":\"EntryPoint\",\"urlTemplate\":\"https:\/\/sanatmetal.hu\/?s={search_term_string}\"},\"query-input\":{\"@type\":\"PropertyValueSpecification\",\"valueRequired\":true,\"valueName\":\"search_term_string\"}}],\"inLanguage\":\"es-ES\"},{\"@type\":\"Organization\",\"@id\":\"https:\/\/sanatmetal.hu\/#organization\",\"name\":\"Sanatmetal\",\"url\":\"https:\/\/sanatmetal.hu\/\",\"logo\":{\"@type\":\"ImageObject\",\"inLanguage\":\"es-ES\",\"@id\":\"https:\/\/sanatmetal.hu\/#\/schema\/logo\/image\/\",\"url\":\"https:\/\/sanatmetal.hu\/wp-content\/uploads\/2024\/10\/Nevtelen-terv-5-e1728647058747.png\",\"contentUrl\":\"https:\/\/sanatmetal.hu\/wp-content\/uploads\/2024\/10\/Nevtelen-terv-5-e1728647058747.png\",\"width\":1410,\"height\":1293,\"caption\":\"Sanatmetal\"},\"image\":{\"@id\":\"https:\/\/sanatmetal.hu\/#\/schema\/logo\/image\/\"}}]}<\/script>\n<!-- \/ Yoast SEO plugin. -->","yoast_head_json":{"title":"Magic Humerus nail - Sanatmetal","robots":{"index":"index","follow":"follow","max-snippet":"max-snippet:-1","max-image-preview":"max-image-preview:large","max-video-preview":"max-video-preview:-1"},"canonical":"https:\/\/sanatmetal.hu\/es\/product\/magic-humerus-nail\/","og_locale":"es_ES","og_type":"article","og_title":"Magic Humerus nail - Sanatmetal","og_description":"El desaf\u00edo del bloqueo distal en las cirug\u00edas de h\u00famero Uno de los pasos m\u00e1s cr\u00edticos del enclavado intramedular del h\u00famero es el bloqueo distal, que en los procedimientos convencionales suele basarse en la fluoroscopia. Este paso quir\u00fargico puede requerir mucho tiempo, aumenta la exposici\u00f3n a la radiaci\u00f3n y exige una concentraci\u00f3n significativa por parte [&hellip;]","og_url":"https:\/\/sanatmetal.hu\/es\/product\/magic-humerus-nail\/","og_site_name":"Sanatmetal","article_modified_time":"2026-05-08T06:56:41+00:00","og_image":[{"width":2560,"height":1920,"url":"https:\/\/sanatmetal.hu\/wp-content\/uploads\/2020\/03\/18-scaled.webp","type":"image\/jpeg"}],"twitter_card":"summary_large_image","twitter_misc":{"Est. reading time":"2 minutes"},"schema":{"@context":"https:\/\/schema.org","@graph":[{"@type":"WebPage","@id":"https:\/\/sanatmetal.hu\/es\/product\/magic-humerus-nail\/","url":"https:\/\/sanatmetal.hu\/es\/product\/magic-humerus-nail\/","name":"Magic Humerus nail - Sanatmetal","isPartOf":{"@id":"https:\/\/sanatmetal.hu\/#website"},"primaryImageOfPage":{"@id":"https:\/\/sanatmetal.hu\/es\/product\/magic-humerus-nail\/#primaryimage"},"image":{"@id":"https:\/\/sanatmetal.hu\/es\/product\/magic-humerus-nail\/#primaryimage"},"thumbnailUrl":"https:\/\/sanatmetal.hu\/wp-content\/uploads\/2020\/03\/18-scaled.webp","datePublished":"2020-03-04T10:52:03+00:00","dateModified":"2026-05-08T06:56:41+00:00","breadcrumb":{"@id":"https:\/\/sanatmetal.hu\/es\/product\/magic-humerus-nail\/#breadcrumb"},"inLanguage":"es-ES","potentialAction":[{"@type":"ReadAction","target":["https:\/\/sanatmetal.hu\/es\/product\/magic-humerus-nail\/"]}]},{"@type":"ImageObject","inLanguage":"es-ES","@id":"https:\/\/sanatmetal.hu\/es\/product\/magic-humerus-nail\/#primaryimage","url":"https:\/\/sanatmetal.hu\/wp-content\/uploads\/2020\/03\/18-scaled.webp","contentUrl":"https:\/\/sanatmetal.hu\/wp-content\/uploads\/2020\/03\/18-scaled.webp","width":2560,"height":1920},{"@type":"BreadcrumbList","@id":"https:\/\/sanatmetal.hu\/es\/product\/magic-humerus-nail\/#breadcrumb","itemListElement":[{"@type":"ListItem","position":1,"name":"Home","item":"https:\/\/sanatmetal.hu\/es\/"},{"@type":"ListItem","position":2,"name":"PRODUCTOS","item":"https:\/\/sanatmetal.hu\/es\/our-products\/"},{"@type":"ListItem","position":3,"name":"Magic Humerus nail"}]},{"@type":"WebSite","@id":"https:\/\/sanatmetal.hu\/#website","url":"https:\/\/sanatmetal.hu\/","name":"Sanatmetal","description":"","publisher":{"@id":"https:\/\/sanatmetal.hu\/#organization"},"potentialAction":[{"@type":"SearchAction","target":{"@type":"EntryPoint","urlTemplate":"https:\/\/sanatmetal.hu\/?s={search_term_string}"},"query-input":{"@type":"PropertyValueSpecification","valueRequired":true,"valueName":"search_term_string"}}],"inLanguage":"es-ES"},{"@type":"Organization","@id":"https:\/\/sanatmetal.hu\/#organization","name":"Sanatmetal","url":"https:\/\/sanatmetal.hu\/","logo":{"@type":"ImageObject","inLanguage":"es-ES","@id":"https:\/\/sanatmetal.hu\/#\/schema\/logo\/image\/","url":"https:\/\/sanatmetal.hu\/wp-content\/uploads\/2024\/10\/Nevtelen-terv-5-e1728647058747.png","contentUrl":"https:\/\/sanatmetal.hu\/wp-content\/uploads\/2024\/10\/Nevtelen-terv-5-e1728647058747.png","width":1410,"height":1293,"caption":"Sanatmetal"},"image":{"@id":"https:\/\/sanatmetal.hu\/#\/schema\/logo\/image\/"}}]}},"_links":{"self":[{"href":"https:\/\/sanatmetal.hu\/es\/wp-json\/wp\/v2\/product\/7293","targetHints":{"allow":["GET"]}}],"collection":[{"href":"https:\/\/sanatmetal.hu\/es\/wp-json\/wp\/v2\/product"}],"about":[{"href":"https:\/\/sanatmetal.hu\/es\/wp-json\/wp\/v2\/types\/product"}],"wp:featuredmedia":[{"embeddable":true,"href":"https:\/\/sanatmetal.hu\/es\/wp-json\/wp\/v2\/media\/7294"}],"wp:attachment":[{"href":"https:\/\/sanatmetal.hu\/es\/wp-json\/wp\/v2\/media?parent=7293"}],"wp:term":[{"taxonomy":"product_brand","embeddable":true,"href":"https:\/\/sanatmetal.hu\/es\/wp-json\/wp\/v2\/product_brand?post=7293"},{"taxonomy":"product_cat","embeddable":true,"href":"https:\/\/sanatmetal.hu\/es\/wp-json\/wp\/v2\/product_cat?post=7293"},{"taxonomy":"product_tag","embeddable":true,"href":"https:\/\/sanatmetal.hu\/es\/wp-json\/wp\/v2\/product_tag?post=7293"}],"curies":[{"name":"wp","href":"https:\/\/api.w.org\/{rel}","templated":true}]}}