{"id":7302,"date":"2020-03-04T10:52:32","date_gmt":"2020-05-06T13:37:09","guid":{"rendered":"https:\/\/sanatmetal.hu\/product\/spectrum-humerus-nail\/"},"modified":"2020-10-20T12:08:24","modified_gmt":"2020-10-20T12:08:24","slug":"spectrum-humerus-nail","status":"publish","type":"product","link":"https:\/\/sanatmetal.hu\/es\/product\/spectrum-humerus-nail\/","title":{"rendered":"SpectruM Humerus nail"},"content":{"rendered":"<p>El sistema Spectrum tiene como objetivo reducir la cantidad de radiaci\u00f3n que se utiliza durante la cirug\u00eda. Ello se logra mediante una t\u00e9cnica especial que, acompa\u00f1ada de un instrumental de apoyo determinado, consigue que el clavo se bloquee con un dispositivo de direcci\u00f3n manual y a trav\u00e9s de un orificio de bloqueo espec\u00edfico. De este modo, el tiempo que se emplea durante la intervenci\u00f3n y la carga de rayos X se ven significativamente reducidos.<\/p>\n<p>Ventajas principales:<\/p>\n<p>&#8211; Bloqueo proximal multiplanar.<br \/>\n&#8211; Brazo proximal con rotaci\u00f3n al pulsar un bot\u00f3n.<br \/>\n&#8211; Clavo de corta longitud provisto de un orificio distal de 45 grados, clavo anter\u00f3grado largo, clavo flexible retr\u00f3grado y largo.<br \/>\n&#8211; Direcci\u00f3n distal mec\u00e1nica para reducir la carga de radiaci\u00f3n.<br \/>\n&#8211; Incluye un set de herramientas para los clavos anter\u00f3grados y retr\u00f3grados.<\/p>\n<p>&nbsp;<\/p>\n","protected":false},"excerpt":{"rendered":"<p>El sistema Spectrum tiene como objetivo reducir la cantidad de radiaci\u00f3n que se utiliza durante la cirug\u00eda. Ello se logra mediante una t\u00e9cnica especial que, acompa\u00f1ada de un instrumental de apoyo determinado, consigue que el clavo se bloquee con un dispositivo de direcci\u00f3n manual y a trav\u00e9s de un orificio de bloqueo espec\u00edfico. De este [&hellip;]<\/p>\n","protected":false},"featured_media":7303,"template":"","meta":[],"product_brand":[],"product_cat":[711],"product_tag":[],"class_list":{"0":"post-7302","1":"product","2":"type-product","3":"status-publish","4":"has-post-thumbnail","6":"product_cat-humerus-es","7":"testtaj-nailing-es-2","8":"markanev-spectrum-es","10":"first","11":"instock","12":"shipping-taxable","13":"product-type-simple"},"yoast_head":"<!-- This site is optimized with the Yoast SEO plugin v27.2 - https:\/\/yoast.com\/product\/yoast-seo-wordpress\/ -->\n<title>SpectruM Humerus nail - Sanatmetal<\/title>\n<meta name=\"robots\" content=\"index, follow, max-snippet:-1, max-image-preview:large, max-video-preview:-1\" \/>\n<link rel=\"canonical\" href=\"https:\/\/sanatmetal.hu\/es\/product\/spectrum-humerus-nail\/\" \/>\n<meta property=\"og:locale\" content=\"es_ES\" \/>\n<meta property=\"og:type\" content=\"article\" \/>\n<meta property=\"og:title\" content=\"SpectruM Humerus nail - Sanatmetal\" \/>\n<meta property=\"og:description\" content=\"El sistema Spectrum tiene como objetivo reducir la cantidad de radiaci\u00f3n que se utiliza durante la cirug\u00eda. Ello se logra mediante una t\u00e9cnica especial que, acompa\u00f1ada de un instrumental de apoyo determinado, consigue que el clavo se bloquee con un dispositivo de direcci\u00f3n manual y a trav\u00e9s de un orificio de bloqueo espec\u00edfico. De este [&hellip;]\" \/>\n<meta property=\"og:url\" content=\"https:\/\/sanatmetal.hu\/es\/product\/spectrum-humerus-nail\/\" \/>\n<meta property=\"og:site_name\" content=\"Sanatmetal\" \/>\n<meta property=\"article:modified_time\" content=\"2020-10-20T12:08:24+00:00\" \/>\n<meta property=\"og:image\" content=\"https:\/\/sanatmetal.hu\/wp-content\/uploads\/2020\/03\/131-scaled.webp\" \/>\n\t<meta property=\"og:image:width\" content=\"2560\" \/>\n\t<meta property=\"og:image:height\" content=\"1920\" \/>\n\t<meta property=\"og:image:type\" content=\"image\/jpeg\" \/>\n<meta name=\"twitter:card\" content=\"summary_large_image\" \/>\n<meta name=\"twitter:label1\" content=\"Est. reading time\" \/>\n\t<meta name=\"twitter:data1\" content=\"1 minute\" \/>\n<script type=\"application\/ld+json\" class=\"yoast-schema-graph\">{\"@context\":\"https:\/\/schema.org\",\"@graph\":[{\"@type\":\"WebPage\",\"@id\":\"https:\/\/sanatmetal.hu\/es\/product\/spectrum-humerus-nail\/\",\"url\":\"https:\/\/sanatmetal.hu\/es\/product\/spectrum-humerus-nail\/\",\"name\":\"SpectruM Humerus nail - Sanatmetal\",\"isPartOf\":{\"@id\":\"https:\/\/sanatmetal.hu\/#website\"},\"primaryImageOfPage\":{\"@id\":\"https:\/\/sanatmetal.hu\/es\/product\/spectrum-humerus-nail\/#primaryimage\"},\"image\":{\"@id\":\"https:\/\/sanatmetal.hu\/es\/product\/spectrum-humerus-nail\/#primaryimage\"},\"thumbnailUrl\":\"https:\/\/sanatmetal.hu\/wp-content\/uploads\/2020\/03\/131-scaled.webp\",\"datePublished\":\"2020-05-06T13:37:09+00:00\",\"dateModified\":\"2020-10-20T12:08:24+00:00\",\"breadcrumb\":{\"@id\":\"https:\/\/sanatmetal.hu\/es\/product\/spectrum-humerus-nail\/#breadcrumb\"},\"inLanguage\":\"es-ES\",\"potentialAction\":[{\"@type\":\"ReadAction\",\"target\":[\"https:\/\/sanatmetal.hu\/es\/product\/spectrum-humerus-nail\/\"]}]},{\"@type\":\"ImageObject\",\"inLanguage\":\"es-ES\",\"@id\":\"https:\/\/sanatmetal.hu\/es\/product\/spectrum-humerus-nail\/#primaryimage\",\"url\":\"https:\/\/sanatmetal.hu\/wp-content\/uploads\/2020\/03\/131-scaled.webp\",\"contentUrl\":\"https:\/\/sanatmetal.hu\/wp-content\/uploads\/2020\/03\/131-scaled.webp\",\"width\":2560,\"height\":1920},{\"@type\":\"BreadcrumbList\",\"@id\":\"https:\/\/sanatmetal.hu\/es\/product\/spectrum-humerus-nail\/#breadcrumb\",\"itemListElement\":[{\"@type\":\"ListItem\",\"position\":1,\"name\":\"Home\",\"item\":\"https:\/\/sanatmetal.hu\/es\/\"},{\"@type\":\"ListItem\",\"position\":2,\"name\":\"PRODUCTOS\",\"item\":\"https:\/\/sanatmetal.hu\/es\/our-products\/\"},{\"@type\":\"ListItem\",\"position\":3,\"name\":\"SpectruM Humerus nail\"}]},{\"@type\":\"WebSite\",\"@id\":\"https:\/\/sanatmetal.hu\/#website\",\"url\":\"https:\/\/sanatmetal.hu\/\",\"name\":\"Sanatmetal\",\"description\":\"\",\"publisher\":{\"@id\":\"https:\/\/sanatmetal.hu\/#organization\"},\"potentialAction\":[{\"@type\":\"SearchAction\",\"target\":{\"@type\":\"EntryPoint\",\"urlTemplate\":\"https:\/\/sanatmetal.hu\/?s={search_term_string}\"},\"query-input\":{\"@type\":\"PropertyValueSpecification\",\"valueRequired\":true,\"valueName\":\"search_term_string\"}}],\"inLanguage\":\"es-ES\"},{\"@type\":\"Organization\",\"@id\":\"https:\/\/sanatmetal.hu\/#organization\",\"name\":\"Sanatmetal\",\"url\":\"https:\/\/sanatmetal.hu\/\",\"logo\":{\"@type\":\"ImageObject\",\"inLanguage\":\"es-ES\",\"@id\":\"https:\/\/sanatmetal.hu\/#\/schema\/logo\/image\/\",\"url\":\"https:\/\/sanatmetal.hu\/wp-content\/uploads\/2024\/10\/Nevtelen-terv-5-e1728647058747.png\",\"contentUrl\":\"https:\/\/sanatmetal.hu\/wp-content\/uploads\/2024\/10\/Nevtelen-terv-5-e1728647058747.png\",\"width\":1410,\"height\":1293,\"caption\":\"Sanatmetal\"},\"image\":{\"@id\":\"https:\/\/sanatmetal.hu\/#\/schema\/logo\/image\/\"}}]}<\/script>\n<!-- \/ Yoast SEO plugin. -->","yoast_head_json":{"title":"SpectruM Humerus nail - Sanatmetal","robots":{"index":"index","follow":"follow","max-snippet":"max-snippet:-1","max-image-preview":"max-image-preview:large","max-video-preview":"max-video-preview:-1"},"canonical":"https:\/\/sanatmetal.hu\/es\/product\/spectrum-humerus-nail\/","og_locale":"es_ES","og_type":"article","og_title":"SpectruM Humerus nail - Sanatmetal","og_description":"El sistema Spectrum tiene como objetivo reducir la cantidad de radiaci\u00f3n que se utiliza durante la cirug\u00eda. Ello se logra mediante una t\u00e9cnica especial que, acompa\u00f1ada de un instrumental de apoyo determinado, consigue que el clavo se bloquee con un dispositivo de direcci\u00f3n manual y a trav\u00e9s de un orificio de bloqueo espec\u00edfico. De este [&hellip;]","og_url":"https:\/\/sanatmetal.hu\/es\/product\/spectrum-humerus-nail\/","og_site_name":"Sanatmetal","article_modified_time":"2020-10-20T12:08:24+00:00","og_image":[{"width":2560,"height":1920,"url":"https:\/\/sanatmetal.hu\/wp-content\/uploads\/2020\/03\/131-scaled.webp","type":"image\/jpeg"}],"twitter_card":"summary_large_image","twitter_misc":{"Est. reading time":"1 minute"},"schema":{"@context":"https:\/\/schema.org","@graph":[{"@type":"WebPage","@id":"https:\/\/sanatmetal.hu\/es\/product\/spectrum-humerus-nail\/","url":"https:\/\/sanatmetal.hu\/es\/product\/spectrum-humerus-nail\/","name":"SpectruM Humerus nail - Sanatmetal","isPartOf":{"@id":"https:\/\/sanatmetal.hu\/#website"},"primaryImageOfPage":{"@id":"https:\/\/sanatmetal.hu\/es\/product\/spectrum-humerus-nail\/#primaryimage"},"image":{"@id":"https:\/\/sanatmetal.hu\/es\/product\/spectrum-humerus-nail\/#primaryimage"},"thumbnailUrl":"https:\/\/sanatmetal.hu\/wp-content\/uploads\/2020\/03\/131-scaled.webp","datePublished":"2020-05-06T13:37:09+00:00","dateModified":"2020-10-20T12:08:24+00:00","breadcrumb":{"@id":"https:\/\/sanatmetal.hu\/es\/product\/spectrum-humerus-nail\/#breadcrumb"},"inLanguage":"es-ES","potentialAction":[{"@type":"ReadAction","target":["https:\/\/sanatmetal.hu\/es\/product\/spectrum-humerus-nail\/"]}]},{"@type":"ImageObject","inLanguage":"es-ES","@id":"https:\/\/sanatmetal.hu\/es\/product\/spectrum-humerus-nail\/#primaryimage","url":"https:\/\/sanatmetal.hu\/wp-content\/uploads\/2020\/03\/131-scaled.webp","contentUrl":"https:\/\/sanatmetal.hu\/wp-content\/uploads\/2020\/03\/131-scaled.webp","width":2560,"height":1920},{"@type":"BreadcrumbList","@id":"https:\/\/sanatmetal.hu\/es\/product\/spectrum-humerus-nail\/#breadcrumb","itemListElement":[{"@type":"ListItem","position":1,"name":"Home","item":"https:\/\/sanatmetal.hu\/es\/"},{"@type":"ListItem","position":2,"name":"PRODUCTOS","item":"https:\/\/sanatmetal.hu\/es\/our-products\/"},{"@type":"ListItem","position":3,"name":"SpectruM Humerus nail"}]},{"@type":"WebSite","@id":"https:\/\/sanatmetal.hu\/#website","url":"https:\/\/sanatmetal.hu\/","name":"Sanatmetal","description":"","publisher":{"@id":"https:\/\/sanatmetal.hu\/#organization"},"potentialAction":[{"@type":"SearchAction","target":{"@type":"EntryPoint","urlTemplate":"https:\/\/sanatmetal.hu\/?s={search_term_string}"},"query-input":{"@type":"PropertyValueSpecification","valueRequired":true,"valueName":"search_term_string"}}],"inLanguage":"es-ES"},{"@type":"Organization","@id":"https:\/\/sanatmetal.hu\/#organization","name":"Sanatmetal","url":"https:\/\/sanatmetal.hu\/","logo":{"@type":"ImageObject","inLanguage":"es-ES","@id":"https:\/\/sanatmetal.hu\/#\/schema\/logo\/image\/","url":"https:\/\/sanatmetal.hu\/wp-content\/uploads\/2024\/10\/Nevtelen-terv-5-e1728647058747.png","contentUrl":"https:\/\/sanatmetal.hu\/wp-content\/uploads\/2024\/10\/Nevtelen-terv-5-e1728647058747.png","width":1410,"height":1293,"caption":"Sanatmetal"},"image":{"@id":"https:\/\/sanatmetal.hu\/#\/schema\/logo\/image\/"}}]}},"_links":{"self":[{"href":"https:\/\/sanatmetal.hu\/es\/wp-json\/wp\/v2\/product\/7302","targetHints":{"allow":["GET"]}}],"collection":[{"href":"https:\/\/sanatmetal.hu\/es\/wp-json\/wp\/v2\/product"}],"about":[{"href":"https:\/\/sanatmetal.hu\/es\/wp-json\/wp\/v2\/types\/product"}],"wp:featuredmedia":[{"embeddable":true,"href":"https:\/\/sanatmetal.hu\/es\/wp-json\/wp\/v2\/media\/7303"}],"wp:attachment":[{"href":"https:\/\/sanatmetal.hu\/es\/wp-json\/wp\/v2\/media?parent=7302"}],"wp:term":[{"taxonomy":"product_brand","embeddable":true,"href":"https:\/\/sanatmetal.hu\/es\/wp-json\/wp\/v2\/product_brand?post=7302"},{"taxonomy":"product_cat","embeddable":true,"href":"https:\/\/sanatmetal.hu\/es\/wp-json\/wp\/v2\/product_cat?post=7302"},{"taxonomy":"product_tag","embeddable":true,"href":"https:\/\/sanatmetal.hu\/es\/wp-json\/wp\/v2\/product_tag?post=7302"}],"curies":[{"name":"wp","href":"https:\/\/api.w.org\/{rel}","templated":true}]}}