{"id":7316,"date":"2020-03-04T10:44:47","date_gmt":"2020-05-06T13:44:26","guid":{"rendered":"https:\/\/sanatmetal.hu\/product\/sanatpin\/"},"modified":"2020-10-20T12:09:50","modified_gmt":"2020-10-20T12:09:50","slug":"sanatpin","status":"publish","type":"product","link":"https:\/\/sanatmetal.hu\/es\/product\/sanatpin\/","title":{"rendered":"SanatPIN"},"content":{"rendered":"<p>Tornillo pedi\u00e1trico el\u00e1stico que ofrece tambi\u00e9n soluciones para fracturas de clav\u00edcula en adultos.<\/p>\n<p>Ventajas principales:<\/p>\n<p>&#8211; Seis di\u00e1metros diferentes de entre 1,5\u2009mm y 4\u2009mm. Longitud de entre 70 y 450\u2009mm.<br \/>\n&#8211; Implantes con c\u00f3digo de color.<br \/>\n&#8211; Tap\u00f3n de cierre roscado con posibilidad de bloqueo y antidesplazamientos.<br \/>\n&#8211; Instrumental especializado.<\/p>\n","protected":false},"excerpt":{"rendered":"<p>Tornillo pedi\u00e1trico el\u00e1stico que ofrece tambi\u00e9n soluciones para fracturas de clav\u00edcula en adultos. Ventajas principales: &#8211; Seis di\u00e1metros diferentes de entre 1,5\u2009mm y 4\u2009mm. Longitud de entre 70 y 450\u2009mm. &#8211; Implantes con c\u00f3digo de color. &#8211; Tap\u00f3n de cierre roscado con posibilidad de bloqueo y antidesplazamientos. &#8211; Instrumental especializado.<\/p>\n","protected":false},"featured_media":7317,"template":"","meta":[],"product_brand":[],"product_cat":[710,711],"product_tag":[],"class_list":{"0":"post-7316","1":"product","2":"type-product","3":"status-publish","4":"has-post-thumbnail","6":"product_cat-clavicle-es","7":"product_cat-humerus-es","8":"testtaj-upper-limb-es","9":"testtaj-clavicle-es","10":"testtaj-nailing-es","11":"testtaj-humerus-es","12":"testtaj-nailing-es-2","13":"testtaj-ulna-radius-es","14":"testtaj-nailing-es-3","15":"markanev-sanatpin-es","17":"first","18":"instock","19":"shipping-taxable","20":"product-type-simple"},"yoast_head":"<!-- This site is optimized with the Yoast SEO plugin v27.2 - https:\/\/yoast.com\/product\/yoast-seo-wordpress\/ -->\n<title>SanatPIN - Sanatmetal<\/title>\n<meta name=\"robots\" content=\"index, follow, max-snippet:-1, max-image-preview:large, max-video-preview:-1\" \/>\n<link rel=\"canonical\" href=\"https:\/\/sanatmetal.hu\/es\/product\/sanatpin\/\" \/>\n<meta property=\"og:locale\" content=\"es_ES\" \/>\n<meta property=\"og:type\" content=\"article\" \/>\n<meta property=\"og:title\" content=\"SanatPIN - Sanatmetal\" \/>\n<meta property=\"og:description\" content=\"Tornillo pedi\u00e1trico el\u00e1stico que ofrece tambi\u00e9n soluciones para fracturas de clav\u00edcula en adultos. Ventajas principales: &#8211; Seis di\u00e1metros diferentes de entre 1,5\u2009mm y 4\u2009mm. Longitud de entre 70 y 450\u2009mm. &#8211; Implantes con c\u00f3digo de color. &#8211; Tap\u00f3n de cierre roscado con posibilidad de bloqueo y antidesplazamientos. &#8211; Instrumental especializado.\" \/>\n<meta property=\"og:url\" content=\"https:\/\/sanatmetal.hu\/es\/product\/sanatpin\/\" \/>\n<meta property=\"og:site_name\" content=\"Sanatmetal\" \/>\n<meta property=\"article:modified_time\" content=\"2020-10-20T12:09:50+00:00\" \/>\n<meta property=\"og:image\" content=\"https:\/\/sanatmetal.hu\/wp-content\/uploads\/2020\/03\/sanatpintest.webp\" \/>\n\t<meta property=\"og:image:width\" content=\"2560\" \/>\n\t<meta property=\"og:image:height\" content=\"1980\" \/>\n\t<meta property=\"og:image:type\" content=\"image\/png\" \/>\n<meta name=\"twitter:card\" content=\"summary_large_image\" \/>\n<script type=\"application\/ld+json\" class=\"yoast-schema-graph\">{\"@context\":\"https:\/\/schema.org\",\"@graph\":[{\"@type\":\"WebPage\",\"@id\":\"https:\/\/sanatmetal.hu\/es\/product\/sanatpin\/\",\"url\":\"https:\/\/sanatmetal.hu\/es\/product\/sanatpin\/\",\"name\":\"SanatPIN - Sanatmetal\",\"isPartOf\":{\"@id\":\"https:\/\/sanatmetal.hu\/#website\"},\"primaryImageOfPage\":{\"@id\":\"https:\/\/sanatmetal.hu\/es\/product\/sanatpin\/#primaryimage\"},\"image\":{\"@id\":\"https:\/\/sanatmetal.hu\/es\/product\/sanatpin\/#primaryimage\"},\"thumbnailUrl\":\"https:\/\/sanatmetal.hu\/wp-content\/uploads\/2020\/03\/sanatpintest.webp\",\"datePublished\":\"2020-05-06T13:44:26+00:00\",\"dateModified\":\"2020-10-20T12:09:50+00:00\",\"breadcrumb\":{\"@id\":\"https:\/\/sanatmetal.hu\/es\/product\/sanatpin\/#breadcrumb\"},\"inLanguage\":\"es-ES\",\"potentialAction\":[{\"@type\":\"ReadAction\",\"target\":[\"https:\/\/sanatmetal.hu\/es\/product\/sanatpin\/\"]}]},{\"@type\":\"ImageObject\",\"inLanguage\":\"es-ES\",\"@id\":\"https:\/\/sanatmetal.hu\/es\/product\/sanatpin\/#primaryimage\",\"url\":\"https:\/\/sanatmetal.hu\/wp-content\/uploads\/2020\/03\/sanatpintest.webp\",\"contentUrl\":\"https:\/\/sanatmetal.hu\/wp-content\/uploads\/2020\/03\/sanatpintest.webp\",\"width\":2560,\"height\":1980},{\"@type\":\"BreadcrumbList\",\"@id\":\"https:\/\/sanatmetal.hu\/es\/product\/sanatpin\/#breadcrumb\",\"itemListElement\":[{\"@type\":\"ListItem\",\"position\":1,\"name\":\"Home\",\"item\":\"https:\/\/sanatmetal.hu\/es\/\"},{\"@type\":\"ListItem\",\"position\":2,\"name\":\"PRODUCTOS\",\"item\":\"https:\/\/sanatmetal.hu\/es\/our-products\/\"},{\"@type\":\"ListItem\",\"position\":3,\"name\":\"SanatPIN\"}]},{\"@type\":\"WebSite\",\"@id\":\"https:\/\/sanatmetal.hu\/#website\",\"url\":\"https:\/\/sanatmetal.hu\/\",\"name\":\"Sanatmetal\",\"description\":\"\",\"publisher\":{\"@id\":\"https:\/\/sanatmetal.hu\/#organization\"},\"potentialAction\":[{\"@type\":\"SearchAction\",\"target\":{\"@type\":\"EntryPoint\",\"urlTemplate\":\"https:\/\/sanatmetal.hu\/?s={search_term_string}\"},\"query-input\":{\"@type\":\"PropertyValueSpecification\",\"valueRequired\":true,\"valueName\":\"search_term_string\"}}],\"inLanguage\":\"es-ES\"},{\"@type\":\"Organization\",\"@id\":\"https:\/\/sanatmetal.hu\/#organization\",\"name\":\"Sanatmetal\",\"url\":\"https:\/\/sanatmetal.hu\/\",\"logo\":{\"@type\":\"ImageObject\",\"inLanguage\":\"es-ES\",\"@id\":\"https:\/\/sanatmetal.hu\/#\/schema\/logo\/image\/\",\"url\":\"https:\/\/sanatmetal.hu\/wp-content\/uploads\/2024\/10\/Nevtelen-terv-5-e1728647058747.png\",\"contentUrl\":\"https:\/\/sanatmetal.hu\/wp-content\/uploads\/2024\/10\/Nevtelen-terv-5-e1728647058747.png\",\"width\":1410,\"height\":1293,\"caption\":\"Sanatmetal\"},\"image\":{\"@id\":\"https:\/\/sanatmetal.hu\/#\/schema\/logo\/image\/\"}}]}<\/script>\n<!-- \/ Yoast SEO plugin. -->","yoast_head_json":{"title":"SanatPIN - Sanatmetal","robots":{"index":"index","follow":"follow","max-snippet":"max-snippet:-1","max-image-preview":"max-image-preview:large","max-video-preview":"max-video-preview:-1"},"canonical":"https:\/\/sanatmetal.hu\/es\/product\/sanatpin\/","og_locale":"es_ES","og_type":"article","og_title":"SanatPIN - Sanatmetal","og_description":"Tornillo pedi\u00e1trico el\u00e1stico que ofrece tambi\u00e9n soluciones para fracturas de clav\u00edcula en adultos. Ventajas principales: &#8211; Seis di\u00e1metros diferentes de entre 1,5\u2009mm y 4\u2009mm. Longitud de entre 70 y 450\u2009mm. &#8211; Implantes con c\u00f3digo de color. &#8211; Tap\u00f3n de cierre roscado con posibilidad de bloqueo y antidesplazamientos. &#8211; Instrumental especializado.","og_url":"https:\/\/sanatmetal.hu\/es\/product\/sanatpin\/","og_site_name":"Sanatmetal","article_modified_time":"2020-10-20T12:09:50+00:00","og_image":[{"width":2560,"height":1980,"url":"https:\/\/sanatmetal.hu\/wp-content\/uploads\/2020\/03\/sanatpintest.webp","type":"image\/png"}],"twitter_card":"summary_large_image","schema":{"@context":"https:\/\/schema.org","@graph":[{"@type":"WebPage","@id":"https:\/\/sanatmetal.hu\/es\/product\/sanatpin\/","url":"https:\/\/sanatmetal.hu\/es\/product\/sanatpin\/","name":"SanatPIN - Sanatmetal","isPartOf":{"@id":"https:\/\/sanatmetal.hu\/#website"},"primaryImageOfPage":{"@id":"https:\/\/sanatmetal.hu\/es\/product\/sanatpin\/#primaryimage"},"image":{"@id":"https:\/\/sanatmetal.hu\/es\/product\/sanatpin\/#primaryimage"},"thumbnailUrl":"https:\/\/sanatmetal.hu\/wp-content\/uploads\/2020\/03\/sanatpintest.webp","datePublished":"2020-05-06T13:44:26+00:00","dateModified":"2020-10-20T12:09:50+00:00","breadcrumb":{"@id":"https:\/\/sanatmetal.hu\/es\/product\/sanatpin\/#breadcrumb"},"inLanguage":"es-ES","potentialAction":[{"@type":"ReadAction","target":["https:\/\/sanatmetal.hu\/es\/product\/sanatpin\/"]}]},{"@type":"ImageObject","inLanguage":"es-ES","@id":"https:\/\/sanatmetal.hu\/es\/product\/sanatpin\/#primaryimage","url":"https:\/\/sanatmetal.hu\/wp-content\/uploads\/2020\/03\/sanatpintest.webp","contentUrl":"https:\/\/sanatmetal.hu\/wp-content\/uploads\/2020\/03\/sanatpintest.webp","width":2560,"height":1980},{"@type":"BreadcrumbList","@id":"https:\/\/sanatmetal.hu\/es\/product\/sanatpin\/#breadcrumb","itemListElement":[{"@type":"ListItem","position":1,"name":"Home","item":"https:\/\/sanatmetal.hu\/es\/"},{"@type":"ListItem","position":2,"name":"PRODUCTOS","item":"https:\/\/sanatmetal.hu\/es\/our-products\/"},{"@type":"ListItem","position":3,"name":"SanatPIN"}]},{"@type":"WebSite","@id":"https:\/\/sanatmetal.hu\/#website","url":"https:\/\/sanatmetal.hu\/","name":"Sanatmetal","description":"","publisher":{"@id":"https:\/\/sanatmetal.hu\/#organization"},"potentialAction":[{"@type":"SearchAction","target":{"@type":"EntryPoint","urlTemplate":"https:\/\/sanatmetal.hu\/?s={search_term_string}"},"query-input":{"@type":"PropertyValueSpecification","valueRequired":true,"valueName":"search_term_string"}}],"inLanguage":"es-ES"},{"@type":"Organization","@id":"https:\/\/sanatmetal.hu\/#organization","name":"Sanatmetal","url":"https:\/\/sanatmetal.hu\/","logo":{"@type":"ImageObject","inLanguage":"es-ES","@id":"https:\/\/sanatmetal.hu\/#\/schema\/logo\/image\/","url":"https:\/\/sanatmetal.hu\/wp-content\/uploads\/2024\/10\/Nevtelen-terv-5-e1728647058747.png","contentUrl":"https:\/\/sanatmetal.hu\/wp-content\/uploads\/2024\/10\/Nevtelen-terv-5-e1728647058747.png","width":1410,"height":1293,"caption":"Sanatmetal"},"image":{"@id":"https:\/\/sanatmetal.hu\/#\/schema\/logo\/image\/"}}]}},"_links":{"self":[{"href":"https:\/\/sanatmetal.hu\/es\/wp-json\/wp\/v2\/product\/7316","targetHints":{"allow":["GET"]}}],"collection":[{"href":"https:\/\/sanatmetal.hu\/es\/wp-json\/wp\/v2\/product"}],"about":[{"href":"https:\/\/sanatmetal.hu\/es\/wp-json\/wp\/v2\/types\/product"}],"wp:featuredmedia":[{"embeddable":true,"href":"https:\/\/sanatmetal.hu\/es\/wp-json\/wp\/v2\/media\/7317"}],"wp:attachment":[{"href":"https:\/\/sanatmetal.hu\/es\/wp-json\/wp\/v2\/media?parent=7316"}],"wp:term":[{"taxonomy":"product_brand","embeddable":true,"href":"https:\/\/sanatmetal.hu\/es\/wp-json\/wp\/v2\/product_brand?post=7316"},{"taxonomy":"product_cat","embeddable":true,"href":"https:\/\/sanatmetal.hu\/es\/wp-json\/wp\/v2\/product_cat?post=7316"},{"taxonomy":"product_tag","embeddable":true,"href":"https:\/\/sanatmetal.hu\/es\/wp-json\/wp\/v2\/product_tag?post=7316"}],"curies":[{"name":"wp","href":"https:\/\/api.w.org\/{rel}","templated":true}]}}