{"id":7338,"date":"2020-02-13T11:06:30","date_gmt":"2020-05-06T13:45:53","guid":{"rendered":"https:\/\/sanatmetal.hu\/product\/magic-trochanter-nail\/"},"modified":"2026-02-06T11:00:32","modified_gmt":"2026-02-06T10:00:32","slug":"magic-trochanter-nail","status":"publish","type":"product","link":"https:\/\/sanatmetal.hu\/es\/product\/magic-trochanter-nail\/","title":{"rendered":"Magic Trochanter nail"},"content":{"rendered":"<p>El nuevo sistema trocant\u00e9rico incorpora el sistema de localizaci\u00f3n Magic para reducir la exposici\u00f3n a los rayos X. Adem\u00e1s, a\u00fana las ventajas que proporcionan los clavos de fijaci\u00f3n trocant\u00e9ricos disponibles en el mercado con caracter\u00edsticas de vanguardia. Dispone de clavos de diferentes longitudes (largos y cortos).<\/p>\n<p>Ventajas principales:<br \/>\n&#8211; T\u00e9cnica de tornillo\/broca espiral intercambiable durante la cirug\u00eda con posibilidad de aumento.<br \/>\n&#8211; Inserci\u00f3n sencilla con dise\u00f1o lateral plano.<br \/>\n&#8211; Estabilidad demostrada: el l\u00edmite de fatiga del sistema se ha incrementado en un 12\u2009%.<br \/>\n&#8211; Tornillo de bloqueo con rotaci\u00f3n antica\u00edda y premontado.<br \/>\n&#8211; Bloqueo distal sin necesidad de radiaci\u00f3n gracias al orificio de bloqueo espec\u00edfico.<\/p>\n<p><iframe loading=\"lazy\" title=\"MAGIC - Distal targeting without X-Ray - promotional video\" width=\"500\" height=\"281\" src=\"https:\/\/www.youtube.com\/embed\/UoFdHPE_3EU?start=5&#038;feature=oembed\" frameborder=\"0\" allow=\"accelerometer; autoplay; clipboard-write; encrypted-media; gyroscope; picture-in-picture; web-share\" referrerpolicy=\"strict-origin-when-cross-origin\" allowfullscreen><\/iframe><\/p>\n","protected":false},"excerpt":{"rendered":"<p>El nuevo sistema trocant\u00e9rico incorpora el sistema de localizaci\u00f3n Magic para reducir la exposici\u00f3n a los rayos X. Adem\u00e1s, a\u00fana las ventajas que proporcionan los clavos de fijaci\u00f3n trocant\u00e9ricos disponibles en el mercado con caracter\u00edsticas de vanguardia. Dispone de clavos de diferentes longitudes (largos y cortos). Ventajas principales: &#8211; T\u00e9cnica de tornillo\/broca espiral intercambiable durante [&hellip;]<\/p>\n","protected":false},"featured_media":16297,"template":"","meta":[],"product_brand":[],"product_cat":[712],"product_tag":[],"class_list":{"0":"post-7338","1":"product","2":"type-product","3":"status-publish","4":"has-post-thumbnail","6":"product_cat-trochanter-es","7":"testtaj-lower-limb-es","8":"testtaj-trochanter-area-es","9":"testtaj-nailing-es-4","10":"testtaj-femur-es","11":"markanev-magic-es","13":"first","14":"instock","15":"shipping-taxable","16":"product-type-simple"},"yoast_head":"<!-- This site is optimized with the Yoast SEO plugin v27.2 - https:\/\/yoast.com\/product\/yoast-seo-wordpress\/ -->\n<title>Magic Trochanter nail - Sanatmetal<\/title>\n<meta name=\"robots\" content=\"index, follow, max-snippet:-1, max-image-preview:large, max-video-preview:-1\" \/>\n<link rel=\"canonical\" href=\"https:\/\/sanatmetal.hu\/es\/product\/magic-trochanter-nail\/\" \/>\n<meta property=\"og:locale\" content=\"es_ES\" \/>\n<meta property=\"og:type\" content=\"article\" \/>\n<meta property=\"og:title\" content=\"Magic Trochanter nail - Sanatmetal\" \/>\n<meta property=\"og:description\" content=\"El nuevo sistema trocant\u00e9rico incorpora el sistema de localizaci\u00f3n Magic para reducir la exposici\u00f3n a los rayos X. Adem\u00e1s, a\u00fana las ventajas que proporcionan los clavos de fijaci\u00f3n trocant\u00e9ricos disponibles en el mercado con caracter\u00edsticas de vanguardia. Dispone de clavos de diferentes longitudes (largos y cortos). Ventajas principales: &#8211; T\u00e9cnica de tornillo\/broca espiral intercambiable durante [&hellip;]\" \/>\n<meta property=\"og:url\" content=\"https:\/\/sanatmetal.hu\/es\/product\/magic-trochanter-nail\/\" \/>\n<meta property=\"og:site_name\" content=\"Sanatmetal\" \/>\n<meta property=\"article:modified_time\" content=\"2026-02-06T10:00:32+00:00\" \/>\n<meta property=\"og:image\" content=\"https:\/\/sanatmetal.hu\/wp-content\/uploads\/2020\/02\/Magic-target-scaled.webp\" \/>\n\t<meta property=\"og:image:width\" content=\"2560\" \/>\n\t<meta property=\"og:image:height\" content=\"1707\" \/>\n\t<meta property=\"og:image:type\" content=\"image\/jpeg\" \/>\n<meta name=\"twitter:card\" content=\"summary_large_image\" \/>\n<meta name=\"twitter:label1\" content=\"Est. reading time\" \/>\n\t<meta name=\"twitter:data1\" content=\"1 minute\" \/>\n<script type=\"application\/ld+json\" class=\"yoast-schema-graph\">{\"@context\":\"https:\/\/schema.org\",\"@graph\":[{\"@type\":\"WebPage\",\"@id\":\"https:\/\/sanatmetal.hu\/es\/product\/magic-trochanter-nail\/\",\"url\":\"https:\/\/sanatmetal.hu\/es\/product\/magic-trochanter-nail\/\",\"name\":\"Magic Trochanter nail - Sanatmetal\",\"isPartOf\":{\"@id\":\"https:\/\/sanatmetal.hu\/#website\"},\"primaryImageOfPage\":{\"@id\":\"https:\/\/sanatmetal.hu\/es\/product\/magic-trochanter-nail\/#primaryimage\"},\"image\":{\"@id\":\"https:\/\/sanatmetal.hu\/es\/product\/magic-trochanter-nail\/#primaryimage\"},\"thumbnailUrl\":\"https:\/\/sanatmetal.hu\/wp-content\/uploads\/2020\/02\/Magic-target-scaled.webp\",\"datePublished\":\"2020-05-06T13:45:53+00:00\",\"dateModified\":\"2026-02-06T10:00:32+00:00\",\"breadcrumb\":{\"@id\":\"https:\/\/sanatmetal.hu\/es\/product\/magic-trochanter-nail\/#breadcrumb\"},\"inLanguage\":\"es-ES\",\"potentialAction\":[{\"@type\":\"ReadAction\",\"target\":[\"https:\/\/sanatmetal.hu\/es\/product\/magic-trochanter-nail\/\"]}]},{\"@type\":\"ImageObject\",\"inLanguage\":\"es-ES\",\"@id\":\"https:\/\/sanatmetal.hu\/es\/product\/magic-trochanter-nail\/#primaryimage\",\"url\":\"https:\/\/sanatmetal.hu\/wp-content\/uploads\/2020\/02\/Magic-target-scaled.webp\",\"contentUrl\":\"https:\/\/sanatmetal.hu\/wp-content\/uploads\/2020\/02\/Magic-target-scaled.webp\",\"width\":2560,\"height\":1707},{\"@type\":\"BreadcrumbList\",\"@id\":\"https:\/\/sanatmetal.hu\/es\/product\/magic-trochanter-nail\/#breadcrumb\",\"itemListElement\":[{\"@type\":\"ListItem\",\"position\":1,\"name\":\"Home\",\"item\":\"https:\/\/sanatmetal.hu\/es\/\"},{\"@type\":\"ListItem\",\"position\":2,\"name\":\"PRODUCTOS\",\"item\":\"https:\/\/sanatmetal.hu\/es\/our-products\/\"},{\"@type\":\"ListItem\",\"position\":3,\"name\":\"Magic Trochanter nail\"}]},{\"@type\":\"WebSite\",\"@id\":\"https:\/\/sanatmetal.hu\/#website\",\"url\":\"https:\/\/sanatmetal.hu\/\",\"name\":\"Sanatmetal\",\"description\":\"\",\"publisher\":{\"@id\":\"https:\/\/sanatmetal.hu\/#organization\"},\"potentialAction\":[{\"@type\":\"SearchAction\",\"target\":{\"@type\":\"EntryPoint\",\"urlTemplate\":\"https:\/\/sanatmetal.hu\/?s={search_term_string}\"},\"query-input\":{\"@type\":\"PropertyValueSpecification\",\"valueRequired\":true,\"valueName\":\"search_term_string\"}}],\"inLanguage\":\"es-ES\"},{\"@type\":\"Organization\",\"@id\":\"https:\/\/sanatmetal.hu\/#organization\",\"name\":\"Sanatmetal\",\"url\":\"https:\/\/sanatmetal.hu\/\",\"logo\":{\"@type\":\"ImageObject\",\"inLanguage\":\"es-ES\",\"@id\":\"https:\/\/sanatmetal.hu\/#\/schema\/logo\/image\/\",\"url\":\"https:\/\/sanatmetal.hu\/wp-content\/uploads\/2024\/10\/Nevtelen-terv-5-e1728647058747.png\",\"contentUrl\":\"https:\/\/sanatmetal.hu\/wp-content\/uploads\/2024\/10\/Nevtelen-terv-5-e1728647058747.png\",\"width\":1410,\"height\":1293,\"caption\":\"Sanatmetal\"},\"image\":{\"@id\":\"https:\/\/sanatmetal.hu\/#\/schema\/logo\/image\/\"}}]}<\/script>\n<!-- \/ Yoast SEO plugin. -->","yoast_head_json":{"title":"Magic Trochanter nail - Sanatmetal","robots":{"index":"index","follow":"follow","max-snippet":"max-snippet:-1","max-image-preview":"max-image-preview:large","max-video-preview":"max-video-preview:-1"},"canonical":"https:\/\/sanatmetal.hu\/es\/product\/magic-trochanter-nail\/","og_locale":"es_ES","og_type":"article","og_title":"Magic Trochanter nail - Sanatmetal","og_description":"El nuevo sistema trocant\u00e9rico incorpora el sistema de localizaci\u00f3n Magic para reducir la exposici\u00f3n a los rayos X. Adem\u00e1s, a\u00fana las ventajas que proporcionan los clavos de fijaci\u00f3n trocant\u00e9ricos disponibles en el mercado con caracter\u00edsticas de vanguardia. Dispone de clavos de diferentes longitudes (largos y cortos). Ventajas principales: &#8211; T\u00e9cnica de tornillo\/broca espiral intercambiable durante [&hellip;]","og_url":"https:\/\/sanatmetal.hu\/es\/product\/magic-trochanter-nail\/","og_site_name":"Sanatmetal","article_modified_time":"2026-02-06T10:00:32+00:00","og_image":[{"width":2560,"height":1707,"url":"https:\/\/sanatmetal.hu\/wp-content\/uploads\/2020\/02\/Magic-target-scaled.webp","type":"image\/jpeg"}],"twitter_card":"summary_large_image","twitter_misc":{"Est. reading time":"1 minute"},"schema":{"@context":"https:\/\/schema.org","@graph":[{"@type":"WebPage","@id":"https:\/\/sanatmetal.hu\/es\/product\/magic-trochanter-nail\/","url":"https:\/\/sanatmetal.hu\/es\/product\/magic-trochanter-nail\/","name":"Magic Trochanter nail - Sanatmetal","isPartOf":{"@id":"https:\/\/sanatmetal.hu\/#website"},"primaryImageOfPage":{"@id":"https:\/\/sanatmetal.hu\/es\/product\/magic-trochanter-nail\/#primaryimage"},"image":{"@id":"https:\/\/sanatmetal.hu\/es\/product\/magic-trochanter-nail\/#primaryimage"},"thumbnailUrl":"https:\/\/sanatmetal.hu\/wp-content\/uploads\/2020\/02\/Magic-target-scaled.webp","datePublished":"2020-05-06T13:45:53+00:00","dateModified":"2026-02-06T10:00:32+00:00","breadcrumb":{"@id":"https:\/\/sanatmetal.hu\/es\/product\/magic-trochanter-nail\/#breadcrumb"},"inLanguage":"es-ES","potentialAction":[{"@type":"ReadAction","target":["https:\/\/sanatmetal.hu\/es\/product\/magic-trochanter-nail\/"]}]},{"@type":"ImageObject","inLanguage":"es-ES","@id":"https:\/\/sanatmetal.hu\/es\/product\/magic-trochanter-nail\/#primaryimage","url":"https:\/\/sanatmetal.hu\/wp-content\/uploads\/2020\/02\/Magic-target-scaled.webp","contentUrl":"https:\/\/sanatmetal.hu\/wp-content\/uploads\/2020\/02\/Magic-target-scaled.webp","width":2560,"height":1707},{"@type":"BreadcrumbList","@id":"https:\/\/sanatmetal.hu\/es\/product\/magic-trochanter-nail\/#breadcrumb","itemListElement":[{"@type":"ListItem","position":1,"name":"Home","item":"https:\/\/sanatmetal.hu\/es\/"},{"@type":"ListItem","position":2,"name":"PRODUCTOS","item":"https:\/\/sanatmetal.hu\/es\/our-products\/"},{"@type":"ListItem","position":3,"name":"Magic Trochanter nail"}]},{"@type":"WebSite","@id":"https:\/\/sanatmetal.hu\/#website","url":"https:\/\/sanatmetal.hu\/","name":"Sanatmetal","description":"","publisher":{"@id":"https:\/\/sanatmetal.hu\/#organization"},"potentialAction":[{"@type":"SearchAction","target":{"@type":"EntryPoint","urlTemplate":"https:\/\/sanatmetal.hu\/?s={search_term_string}"},"query-input":{"@type":"PropertyValueSpecification","valueRequired":true,"valueName":"search_term_string"}}],"inLanguage":"es-ES"},{"@type":"Organization","@id":"https:\/\/sanatmetal.hu\/#organization","name":"Sanatmetal","url":"https:\/\/sanatmetal.hu\/","logo":{"@type":"ImageObject","inLanguage":"es-ES","@id":"https:\/\/sanatmetal.hu\/#\/schema\/logo\/image\/","url":"https:\/\/sanatmetal.hu\/wp-content\/uploads\/2024\/10\/Nevtelen-terv-5-e1728647058747.png","contentUrl":"https:\/\/sanatmetal.hu\/wp-content\/uploads\/2024\/10\/Nevtelen-terv-5-e1728647058747.png","width":1410,"height":1293,"caption":"Sanatmetal"},"image":{"@id":"https:\/\/sanatmetal.hu\/#\/schema\/logo\/image\/"}}]}},"_links":{"self":[{"href":"https:\/\/sanatmetal.hu\/es\/wp-json\/wp\/v2\/product\/7338","targetHints":{"allow":["GET"]}}],"collection":[{"href":"https:\/\/sanatmetal.hu\/es\/wp-json\/wp\/v2\/product"}],"about":[{"href":"https:\/\/sanatmetal.hu\/es\/wp-json\/wp\/v2\/types\/product"}],"wp:featuredmedia":[{"embeddable":true,"href":"https:\/\/sanatmetal.hu\/es\/wp-json\/wp\/v2\/media\/16297"}],"wp:attachment":[{"href":"https:\/\/sanatmetal.hu\/es\/wp-json\/wp\/v2\/media?parent=7338"}],"wp:term":[{"taxonomy":"product_brand","embeddable":true,"href":"https:\/\/sanatmetal.hu\/es\/wp-json\/wp\/v2\/product_brand?post=7338"},{"taxonomy":"product_cat","embeddable":true,"href":"https:\/\/sanatmetal.hu\/es\/wp-json\/wp\/v2\/product_cat?post=7338"},{"taxonomy":"product_tag","embeddable":true,"href":"https:\/\/sanatmetal.hu\/es\/wp-json\/wp\/v2\/product_tag?post=7338"}],"curies":[{"name":"wp","href":"https:\/\/api.w.org\/{rel}","templated":true}]}}