{"id":7372,"date":"2020-03-04T11:11:57","date_gmt":"2020-03-04T11:11:57","guid":{"rendered":"https:\/\/sanatmetal.hu\/product\/magic-femur-nail\/"},"modified":"2026-05-08T07:58:16","modified_gmt":"2026-05-08T06:58:16","slug":"magic-femur-nail","status":"publish","type":"product","link":"https:\/\/sanatmetal.hu\/es\/product\/magic-femur-nail\/","title":{"rendered":"Magic Femur nail"},"content":{"rendered":"<p data-start=\"49482\" data-end=\"49540\"><strong data-start=\"49482\" data-end=\"49540\">El desaf\u00edo del bloqueo distal en las cirug\u00edas de f\u00e9mur<\/strong><\/p>\n<p data-start=\"49542\" data-end=\"49978\">Uno de los pasos m\u00e1s cr\u00edticos del enclavado intramedular de las fracturas diafisarias del f\u00e9mur es el bloqueo distal, que en los procedimientos convencionales suele basarse en la fluoroscopia. Este paso quir\u00fargico puede requerir mucho tiempo, aumenta la exposici\u00f3n a la radiaci\u00f3n y exige una concentraci\u00f3n significativa por parte del cirujano. La precisi\u00f3n y la previsibilidad del proceso son fundamentales para el resultado quir\u00fargico.<\/p>\n<p data-start=\"49980\" data-end=\"50012\"><strong data-start=\"49980\" data-end=\"50012\">Bloqueo distal sin radiaci\u00f3n<\/strong><\/p>\n<p data-start=\"50014\" data-end=\"50629\">Una versi\u00f3n mejorada del sistema anterior de clavo SpectruM Femur, en la que el clavo SpectruM Femur previo, dotado de un dise\u00f1o de orificio especial, se complementa con el sistema de orientaci\u00f3n magn\u00e9tica m\u00e1s reciente, MAGIC.<br data-start=\"50240\" data-end=\"50243\" \/>El sistema MAGIC permite el bloqueo distal sin radiaci\u00f3n, apoyando as\u00ed un flujo de trabajo quir\u00fargico m\u00e1s previsible, m\u00e1s preciso y guiado tambi\u00e9n en el enclavado intramedular de las fracturas diafisarias del f\u00e9mur. El foco no est\u00e1 en la tecnolog\u00eda, sino en el resultado quir\u00fargico: menor uso de radiaci\u00f3n, orientaci\u00f3n m\u00e1s controlada y una mejor experiencia quir\u00fargica para el cirujano.<\/p>\n<p data-start=\"50631\" data-end=\"50674\"><strong data-start=\"50631\" data-end=\"50674\">MAGIC &#8211; navegaci\u00f3n quir\u00fargica magn\u00e9tica<\/strong><\/p>\n<p data-start=\"50676\" data-end=\"51087\">MAGIC es una soluci\u00f3n de navegaci\u00f3n quir\u00fargica magn\u00e9tica que apoya el paso cr\u00edtico de la orientaci\u00f3n y el bloqueo distal. El valor del sistema reside en su enfoque a nivel de flujo de trabajo: proporciona pasos quir\u00fargicos guiados, intuitivos y reproducibles, sin necesidad de infraestructura de inversi\u00f3n adicional. Esto permite que la tecnolog\u00eda se integre de forma fluida en la pr\u00e1ctica quir\u00fargica existente.<\/p>\n<p data-start=\"51089\" data-end=\"51145\"><strong data-start=\"51089\" data-end=\"51145\">Beneficios durante el enclavado intramedular femoral<\/strong><\/p>\n<ul data-start=\"51147\" data-end=\"51462\">\n<li data-section-id=\"1vtued1\" data-start=\"51147\" data-end=\"51203\">sistema de clavo canulado, guiable mediante aguja gu\u00eda<\/li>\n<li data-section-id=\"1c5p3p7\" data-start=\"51204\" data-end=\"51224\">dise\u00f1o dinamizable<\/li>\n<li data-section-id=\"13wbp92\" data-start=\"51225\" data-end=\"51272\">amplia gama de tama\u00f1os en longitud y di\u00e1metro<\/li>\n<li data-section-id=\"1gp6ufu\" data-start=\"51273\" data-end=\"51322\">casquillos cautivos para una orientaci\u00f3n segura<\/li>\n<li data-section-id=\"gs1x3b\" data-start=\"51323\" data-end=\"51389\">dise\u00f1o especial del orificio para una orientaci\u00f3n distal precisa<\/li>\n<li data-section-id=\"k9w87t\" data-start=\"51390\" data-end=\"51462\">bloqueo asistido por sistema magn\u00e9tico, que reduce el uso de radiaci\u00f3n<\/li>\n<\/ul>\n<p><iframe loading=\"lazy\" title=\"MAGIC - Distal targeting without X-Ray - promotional video\" width=\"500\" height=\"281\" src=\"https:\/\/www.youtube.com\/embed\/UoFdHPE_3EU?start=5&#038;feature=oembed\" frameborder=\"0\" allow=\"accelerometer; autoplay; clipboard-write; encrypted-media; gyroscope; picture-in-picture; web-share\" referrerpolicy=\"strict-origin-when-cross-origin\" allowfullscreen><\/iframe><\/p>\n","protected":false},"excerpt":{"rendered":"<p>El desaf\u00edo del bloqueo distal en las cirug\u00edas de f\u00e9mur Uno de los pasos m\u00e1s cr\u00edticos del enclavado intramedular de las fracturas diafisarias del f\u00e9mur es el bloqueo distal, que en los procedimientos convencionales suele basarse en la fluoroscopia. Este paso quir\u00fargico puede requerir mucho tiempo, aumenta la exposici\u00f3n a la radiaci\u00f3n y exige una [&hellip;]<\/p>\n","protected":false},"featured_media":7373,"template":"","meta":[],"product_brand":[],"product_cat":[713],"product_tag":[],"class_list":{"0":"post-7372","1":"product","2":"type-product","3":"status-publish","4":"has-post-thumbnail","6":"product_cat-femur-es","7":"testtaj-lower-limb-es","8":"testtaj-femur-es","9":"testtaj-nailing-es-5","10":"markanev-magic-es","12":"first","13":"instock","14":"shipping-taxable","15":"product-type-simple"},"yoast_head":"<!-- This site is optimized with the Yoast SEO plugin v27.2 - https:\/\/yoast.com\/product\/yoast-seo-wordpress\/ -->\n<title>Magic Femur nail - Sanatmetal<\/title>\n<meta name=\"robots\" content=\"index, follow, max-snippet:-1, max-image-preview:large, max-video-preview:-1\" \/>\n<link rel=\"canonical\" href=\"https:\/\/sanatmetal.hu\/es\/product\/magic-femur-nail\/\" \/>\n<meta property=\"og:locale\" content=\"es_ES\" \/>\n<meta property=\"og:type\" content=\"article\" \/>\n<meta property=\"og:title\" content=\"Magic Femur nail - Sanatmetal\" \/>\n<meta property=\"og:description\" content=\"El desaf\u00edo del bloqueo distal en las cirug\u00edas de f\u00e9mur Uno de los pasos m\u00e1s cr\u00edticos del enclavado intramedular de las fracturas diafisarias del f\u00e9mur es el bloqueo distal, que en los procedimientos convencionales suele basarse en la fluoroscopia. Este paso quir\u00fargico puede requerir mucho tiempo, aumenta la exposici\u00f3n a la radiaci\u00f3n y exige una [&hellip;]\" \/>\n<meta property=\"og:url\" content=\"https:\/\/sanatmetal.hu\/es\/product\/magic-femur-nail\/\" \/>\n<meta property=\"og:site_name\" content=\"Sanatmetal\" \/>\n<meta property=\"article:modified_time\" content=\"2026-05-08T06:58:16+00:00\" \/>\n<meta property=\"og:image\" content=\"https:\/\/sanatmetal.hu\/wp-content\/uploads\/2020\/03\/magicfemurtest.webp\" \/>\n\t<meta property=\"og:image:width\" content=\"2560\" \/>\n\t<meta property=\"og:image:height\" content=\"1980\" \/>\n\t<meta property=\"og:image:type\" content=\"image\/png\" \/>\n<meta name=\"twitter:card\" content=\"summary_large_image\" \/>\n<meta name=\"twitter:label1\" content=\"Est. reading time\" \/>\n\t<meta name=\"twitter:data1\" content=\"1 minute\" \/>\n<script type=\"application\/ld+json\" class=\"yoast-schema-graph\">{\"@context\":\"https:\/\/schema.org\",\"@graph\":[{\"@type\":\"WebPage\",\"@id\":\"https:\/\/sanatmetal.hu\/es\/product\/magic-femur-nail\/\",\"url\":\"https:\/\/sanatmetal.hu\/es\/product\/magic-femur-nail\/\",\"name\":\"Magic Femur nail - Sanatmetal\",\"isPartOf\":{\"@id\":\"https:\/\/sanatmetal.hu\/#website\"},\"primaryImageOfPage\":{\"@id\":\"https:\/\/sanatmetal.hu\/es\/product\/magic-femur-nail\/#primaryimage\"},\"image\":{\"@id\":\"https:\/\/sanatmetal.hu\/es\/product\/magic-femur-nail\/#primaryimage\"},\"thumbnailUrl\":\"https:\/\/sanatmetal.hu\/wp-content\/uploads\/2020\/03\/magicfemurtest.webp\",\"datePublished\":\"2020-03-04T11:11:57+00:00\",\"dateModified\":\"2026-05-08T06:58:16+00:00\",\"breadcrumb\":{\"@id\":\"https:\/\/sanatmetal.hu\/es\/product\/magic-femur-nail\/#breadcrumb\"},\"inLanguage\":\"es-ES\",\"potentialAction\":[{\"@type\":\"ReadAction\",\"target\":[\"https:\/\/sanatmetal.hu\/es\/product\/magic-femur-nail\/\"]}]},{\"@type\":\"ImageObject\",\"inLanguage\":\"es-ES\",\"@id\":\"https:\/\/sanatmetal.hu\/es\/product\/magic-femur-nail\/#primaryimage\",\"url\":\"https:\/\/sanatmetal.hu\/wp-content\/uploads\/2020\/03\/magicfemurtest.webp\",\"contentUrl\":\"https:\/\/sanatmetal.hu\/wp-content\/uploads\/2020\/03\/magicfemurtest.webp\",\"width\":2560,\"height\":1980},{\"@type\":\"BreadcrumbList\",\"@id\":\"https:\/\/sanatmetal.hu\/es\/product\/magic-femur-nail\/#breadcrumb\",\"itemListElement\":[{\"@type\":\"ListItem\",\"position\":1,\"name\":\"Home\",\"item\":\"https:\/\/sanatmetal.hu\/es\/\"},{\"@type\":\"ListItem\",\"position\":2,\"name\":\"PRODUCTOS\",\"item\":\"https:\/\/sanatmetal.hu\/es\/our-products\/\"},{\"@type\":\"ListItem\",\"position\":3,\"name\":\"Magic Femur nail\"}]},{\"@type\":\"WebSite\",\"@id\":\"https:\/\/sanatmetal.hu\/#website\",\"url\":\"https:\/\/sanatmetal.hu\/\",\"name\":\"Sanatmetal\",\"description\":\"\",\"publisher\":{\"@id\":\"https:\/\/sanatmetal.hu\/#organization\"},\"potentialAction\":[{\"@type\":\"SearchAction\",\"target\":{\"@type\":\"EntryPoint\",\"urlTemplate\":\"https:\/\/sanatmetal.hu\/?s={search_term_string}\"},\"query-input\":{\"@type\":\"PropertyValueSpecification\",\"valueRequired\":true,\"valueName\":\"search_term_string\"}}],\"inLanguage\":\"es-ES\"},{\"@type\":\"Organization\",\"@id\":\"https:\/\/sanatmetal.hu\/#organization\",\"name\":\"Sanatmetal\",\"url\":\"https:\/\/sanatmetal.hu\/\",\"logo\":{\"@type\":\"ImageObject\",\"inLanguage\":\"es-ES\",\"@id\":\"https:\/\/sanatmetal.hu\/#\/schema\/logo\/image\/\",\"url\":\"https:\/\/sanatmetal.hu\/wp-content\/uploads\/2024\/10\/Nevtelen-terv-5-e1728647058747.png\",\"contentUrl\":\"https:\/\/sanatmetal.hu\/wp-content\/uploads\/2024\/10\/Nevtelen-terv-5-e1728647058747.png\",\"width\":1410,\"height\":1293,\"caption\":\"Sanatmetal\"},\"image\":{\"@id\":\"https:\/\/sanatmetal.hu\/#\/schema\/logo\/image\/\"}}]}<\/script>\n<!-- \/ Yoast SEO plugin. -->","yoast_head_json":{"title":"Magic Femur nail - Sanatmetal","robots":{"index":"index","follow":"follow","max-snippet":"max-snippet:-1","max-image-preview":"max-image-preview:large","max-video-preview":"max-video-preview:-1"},"canonical":"https:\/\/sanatmetal.hu\/es\/product\/magic-femur-nail\/","og_locale":"es_ES","og_type":"article","og_title":"Magic Femur nail - Sanatmetal","og_description":"El desaf\u00edo del bloqueo distal en las cirug\u00edas de f\u00e9mur Uno de los pasos m\u00e1s cr\u00edticos del enclavado intramedular de las fracturas diafisarias del f\u00e9mur es el bloqueo distal, que en los procedimientos convencionales suele basarse en la fluoroscopia. Este paso quir\u00fargico puede requerir mucho tiempo, aumenta la exposici\u00f3n a la radiaci\u00f3n y exige una [&hellip;]","og_url":"https:\/\/sanatmetal.hu\/es\/product\/magic-femur-nail\/","og_site_name":"Sanatmetal","article_modified_time":"2026-05-08T06:58:16+00:00","og_image":[{"width":2560,"height":1980,"url":"https:\/\/sanatmetal.hu\/wp-content\/uploads\/2020\/03\/magicfemurtest.webp","type":"image\/png"}],"twitter_card":"summary_large_image","twitter_misc":{"Est. reading time":"1 minute"},"schema":{"@context":"https:\/\/schema.org","@graph":[{"@type":"WebPage","@id":"https:\/\/sanatmetal.hu\/es\/product\/magic-femur-nail\/","url":"https:\/\/sanatmetal.hu\/es\/product\/magic-femur-nail\/","name":"Magic Femur nail - Sanatmetal","isPartOf":{"@id":"https:\/\/sanatmetal.hu\/#website"},"primaryImageOfPage":{"@id":"https:\/\/sanatmetal.hu\/es\/product\/magic-femur-nail\/#primaryimage"},"image":{"@id":"https:\/\/sanatmetal.hu\/es\/product\/magic-femur-nail\/#primaryimage"},"thumbnailUrl":"https:\/\/sanatmetal.hu\/wp-content\/uploads\/2020\/03\/magicfemurtest.webp","datePublished":"2020-03-04T11:11:57+00:00","dateModified":"2026-05-08T06:58:16+00:00","breadcrumb":{"@id":"https:\/\/sanatmetal.hu\/es\/product\/magic-femur-nail\/#breadcrumb"},"inLanguage":"es-ES","potentialAction":[{"@type":"ReadAction","target":["https:\/\/sanatmetal.hu\/es\/product\/magic-femur-nail\/"]}]},{"@type":"ImageObject","inLanguage":"es-ES","@id":"https:\/\/sanatmetal.hu\/es\/product\/magic-femur-nail\/#primaryimage","url":"https:\/\/sanatmetal.hu\/wp-content\/uploads\/2020\/03\/magicfemurtest.webp","contentUrl":"https:\/\/sanatmetal.hu\/wp-content\/uploads\/2020\/03\/magicfemurtest.webp","width":2560,"height":1980},{"@type":"BreadcrumbList","@id":"https:\/\/sanatmetal.hu\/es\/product\/magic-femur-nail\/#breadcrumb","itemListElement":[{"@type":"ListItem","position":1,"name":"Home","item":"https:\/\/sanatmetal.hu\/es\/"},{"@type":"ListItem","position":2,"name":"PRODUCTOS","item":"https:\/\/sanatmetal.hu\/es\/our-products\/"},{"@type":"ListItem","position":3,"name":"Magic Femur nail"}]},{"@type":"WebSite","@id":"https:\/\/sanatmetal.hu\/#website","url":"https:\/\/sanatmetal.hu\/","name":"Sanatmetal","description":"","publisher":{"@id":"https:\/\/sanatmetal.hu\/#organization"},"potentialAction":[{"@type":"SearchAction","target":{"@type":"EntryPoint","urlTemplate":"https:\/\/sanatmetal.hu\/?s={search_term_string}"},"query-input":{"@type":"PropertyValueSpecification","valueRequired":true,"valueName":"search_term_string"}}],"inLanguage":"es-ES"},{"@type":"Organization","@id":"https:\/\/sanatmetal.hu\/#organization","name":"Sanatmetal","url":"https:\/\/sanatmetal.hu\/","logo":{"@type":"ImageObject","inLanguage":"es-ES","@id":"https:\/\/sanatmetal.hu\/#\/schema\/logo\/image\/","url":"https:\/\/sanatmetal.hu\/wp-content\/uploads\/2024\/10\/Nevtelen-terv-5-e1728647058747.png","contentUrl":"https:\/\/sanatmetal.hu\/wp-content\/uploads\/2024\/10\/Nevtelen-terv-5-e1728647058747.png","width":1410,"height":1293,"caption":"Sanatmetal"},"image":{"@id":"https:\/\/sanatmetal.hu\/#\/schema\/logo\/image\/"}}]}},"_links":{"self":[{"href":"https:\/\/sanatmetal.hu\/es\/wp-json\/wp\/v2\/product\/7372","targetHints":{"allow":["GET"]}}],"collection":[{"href":"https:\/\/sanatmetal.hu\/es\/wp-json\/wp\/v2\/product"}],"about":[{"href":"https:\/\/sanatmetal.hu\/es\/wp-json\/wp\/v2\/types\/product"}],"wp:featuredmedia":[{"embeddable":true,"href":"https:\/\/sanatmetal.hu\/es\/wp-json\/wp\/v2\/media\/7373"}],"wp:attachment":[{"href":"https:\/\/sanatmetal.hu\/es\/wp-json\/wp\/v2\/media?parent=7372"}],"wp:term":[{"taxonomy":"product_brand","embeddable":true,"href":"https:\/\/sanatmetal.hu\/es\/wp-json\/wp\/v2\/product_brand?post=7372"},{"taxonomy":"product_cat","embeddable":true,"href":"https:\/\/sanatmetal.hu\/es\/wp-json\/wp\/v2\/product_cat?post=7372"},{"taxonomy":"product_tag","embeddable":true,"href":"https:\/\/sanatmetal.hu\/es\/wp-json\/wp\/v2\/product_tag?post=7372"}],"curies":[{"name":"wp","href":"https:\/\/api.w.org\/{rel}","templated":true}]}}