{"id":7378,"date":"2020-03-04T11:20:21","date_gmt":"2020-05-06T12:06:02","guid":{"rendered":"https:\/\/sanatmetal.hu\/product\/magic-tibia-nail\/"},"modified":"2020-10-20T12:19:27","modified_gmt":"2020-10-20T12:19:27","slug":"magic-tibia-nail","status":"publish","type":"product","link":"https:\/\/sanatmetal.hu\/es\/product\/magic-tibia-nail\/","title":{"rendered":"Magic Tibia nail"},"content":{"rendered":"<p>Este sistema es la versi\u00f3n actualizada de Spectrum Tibia\/WTX-E. A los clavos provistos de orificios de bloqueo espec\u00edficos de su predecesor se a\u00f1ade Magic, el sistema de direcci\u00f3n m\u00e1s moderno del mercado. El sistema Magic Tibia utiliza tecnolog\u00eda inal\u00e1mbrica de vanguardia para la direcci\u00f3n distal, de manera que reduce el uso del intensificador de imagen al nivel m\u00ednimo te\u00f3rico y se desprende de los problem\u00e1ticos cables.<\/p>\n<p>Ventajas principales:<br \/>\n&#8211; Bloqueo proximal multiplanar.<br \/>\n&#8211; Brazo proximal con rotaci\u00f3n al presionar un bot\u00f3n.<br \/>\n&#8211; Orificio distal oblicuo espec\u00edfico a 5\u2009mm de la punta del clavo.<br \/>\n&#8211; Clavo con curvatura anat\u00f3mica para garantizar una inserci\u00f3n sencilla.<br \/>\n&#8211; Clavo dinamizado y canulado.<br \/>\n&#8211; Amplia variedad de tama\u00f1os y longitudes.<br \/>\n&#8211; Sistema de c\u00f3digo de colores.<\/p>\n<p><iframe loading=\"lazy\" title=\"MAGIC - Distal targeting without X-Ray - promotional video\" width=\"500\" height=\"281\" src=\"https:\/\/www.youtube.com\/embed\/UoFdHPE_3EU?start=5&#038;feature=oembed\" frameborder=\"0\" allow=\"accelerometer; autoplay; clipboard-write; encrypted-media; gyroscope; picture-in-picture; web-share\" referrerpolicy=\"strict-origin-when-cross-origin\" allowfullscreen><\/iframe><\/p>\n","protected":false},"excerpt":{"rendered":"<p>Este sistema es la versi\u00f3n actualizada de Spectrum Tibia\/WTX-E. A los clavos provistos de orificios de bloqueo espec\u00edficos de su predecesor se a\u00f1ade Magic, el sistema de direcci\u00f3n m\u00e1s moderno del mercado. El sistema Magic Tibia utiliza tecnolog\u00eda inal\u00e1mbrica de vanguardia para la direcci\u00f3n distal, de manera que reduce el uso del intensificador de imagen [&hellip;]<\/p>\n","protected":false},"featured_media":7379,"template":"","meta":[],"product_brand":[],"product_cat":[714],"product_tag":[],"class_list":{"0":"post-7378","1":"product","2":"type-product","3":"status-publish","4":"has-post-thumbnail","6":"product_cat-tibia","7":"testtaj-tibia-es","8":"testtaj-nailing-es-6","9":"markanev-magic-es","11":"first","12":"instock","13":"shipping-taxable","14":"product-type-simple"},"yoast_head":"<!-- This site is optimized with the Yoast SEO plugin v27.2 - https:\/\/yoast.com\/product\/yoast-seo-wordpress\/ -->\n<title>Magic Tibia nail - Sanatmetal<\/title>\n<meta name=\"robots\" content=\"index, follow, max-snippet:-1, max-image-preview:large, max-video-preview:-1\" \/>\n<link rel=\"canonical\" href=\"https:\/\/sanatmetal.hu\/es\/product\/magic-tibia-nail\/\" \/>\n<meta property=\"og:locale\" content=\"es_ES\" \/>\n<meta property=\"og:type\" content=\"article\" \/>\n<meta property=\"og:title\" content=\"Magic Tibia nail - Sanatmetal\" \/>\n<meta property=\"og:description\" content=\"Este sistema es la versi\u00f3n actualizada de Spectrum Tibia\/WTX-E. A los clavos provistos de orificios de bloqueo espec\u00edficos de su predecesor se a\u00f1ade Magic, el sistema de direcci\u00f3n m\u00e1s moderno del mercado. El sistema Magic Tibia utiliza tecnolog\u00eda inal\u00e1mbrica de vanguardia para la direcci\u00f3n distal, de manera que reduce el uso del intensificador de imagen [&hellip;]\" \/>\n<meta property=\"og:url\" content=\"https:\/\/sanatmetal.hu\/es\/product\/magic-tibia-nail\/\" \/>\n<meta property=\"og:site_name\" content=\"Sanatmetal\" \/>\n<meta property=\"article:modified_time\" content=\"2020-10-20T12:19:27+00:00\" \/>\n<meta property=\"og:image\" content=\"https:\/\/sanatmetal.hu\/wp-content\/uploads\/2020\/03\/111-scaled.webp\" \/>\n\t<meta property=\"og:image:width\" content=\"2560\" \/>\n\t<meta property=\"og:image:height\" content=\"1920\" \/>\n\t<meta property=\"og:image:type\" content=\"image\/jpeg\" \/>\n<meta name=\"twitter:card\" content=\"summary_large_image\" \/>\n<meta name=\"twitter:label1\" content=\"Est. reading time\" \/>\n\t<meta name=\"twitter:data1\" content=\"1 minute\" \/>\n<script type=\"application\/ld+json\" class=\"yoast-schema-graph\">{\"@context\":\"https:\/\/schema.org\",\"@graph\":[{\"@type\":\"WebPage\",\"@id\":\"https:\/\/sanatmetal.hu\/es\/product\/magic-tibia-nail\/\",\"url\":\"https:\/\/sanatmetal.hu\/es\/product\/magic-tibia-nail\/\",\"name\":\"Magic Tibia nail - Sanatmetal\",\"isPartOf\":{\"@id\":\"https:\/\/sanatmetal.hu\/#website\"},\"primaryImageOfPage\":{\"@id\":\"https:\/\/sanatmetal.hu\/es\/product\/magic-tibia-nail\/#primaryimage\"},\"image\":{\"@id\":\"https:\/\/sanatmetal.hu\/es\/product\/magic-tibia-nail\/#primaryimage\"},\"thumbnailUrl\":\"https:\/\/sanatmetal.hu\/wp-content\/uploads\/2020\/03\/111-scaled.webp\",\"datePublished\":\"2020-05-06T12:06:02+00:00\",\"dateModified\":\"2020-10-20T12:19:27+00:00\",\"breadcrumb\":{\"@id\":\"https:\/\/sanatmetal.hu\/es\/product\/magic-tibia-nail\/#breadcrumb\"},\"inLanguage\":\"es-ES\",\"potentialAction\":[{\"@type\":\"ReadAction\",\"target\":[\"https:\/\/sanatmetal.hu\/es\/product\/magic-tibia-nail\/\"]}]},{\"@type\":\"ImageObject\",\"inLanguage\":\"es-ES\",\"@id\":\"https:\/\/sanatmetal.hu\/es\/product\/magic-tibia-nail\/#primaryimage\",\"url\":\"https:\/\/sanatmetal.hu\/wp-content\/uploads\/2020\/03\/111-scaled.webp\",\"contentUrl\":\"https:\/\/sanatmetal.hu\/wp-content\/uploads\/2020\/03\/111-scaled.webp\",\"width\":2560,\"height\":1920},{\"@type\":\"BreadcrumbList\",\"@id\":\"https:\/\/sanatmetal.hu\/es\/product\/magic-tibia-nail\/#breadcrumb\",\"itemListElement\":[{\"@type\":\"ListItem\",\"position\":1,\"name\":\"Home\",\"item\":\"https:\/\/sanatmetal.hu\/es\/\"},{\"@type\":\"ListItem\",\"position\":2,\"name\":\"PRODUCTOS\",\"item\":\"https:\/\/sanatmetal.hu\/es\/our-products\/\"},{\"@type\":\"ListItem\",\"position\":3,\"name\":\"Magic Tibia nail\"}]},{\"@type\":\"WebSite\",\"@id\":\"https:\/\/sanatmetal.hu\/#website\",\"url\":\"https:\/\/sanatmetal.hu\/\",\"name\":\"Sanatmetal\",\"description\":\"\",\"publisher\":{\"@id\":\"https:\/\/sanatmetal.hu\/#organization\"},\"potentialAction\":[{\"@type\":\"SearchAction\",\"target\":{\"@type\":\"EntryPoint\",\"urlTemplate\":\"https:\/\/sanatmetal.hu\/?s={search_term_string}\"},\"query-input\":{\"@type\":\"PropertyValueSpecification\",\"valueRequired\":true,\"valueName\":\"search_term_string\"}}],\"inLanguage\":\"es-ES\"},{\"@type\":\"Organization\",\"@id\":\"https:\/\/sanatmetal.hu\/#organization\",\"name\":\"Sanatmetal\",\"url\":\"https:\/\/sanatmetal.hu\/\",\"logo\":{\"@type\":\"ImageObject\",\"inLanguage\":\"es-ES\",\"@id\":\"https:\/\/sanatmetal.hu\/#\/schema\/logo\/image\/\",\"url\":\"https:\/\/sanatmetal.hu\/wp-content\/uploads\/2024\/10\/Nevtelen-terv-5-e1728647058747.png\",\"contentUrl\":\"https:\/\/sanatmetal.hu\/wp-content\/uploads\/2024\/10\/Nevtelen-terv-5-e1728647058747.png\",\"width\":1410,\"height\":1293,\"caption\":\"Sanatmetal\"},\"image\":{\"@id\":\"https:\/\/sanatmetal.hu\/#\/schema\/logo\/image\/\"}}]}<\/script>\n<!-- \/ Yoast SEO plugin. -->","yoast_head_json":{"title":"Magic Tibia nail - Sanatmetal","robots":{"index":"index","follow":"follow","max-snippet":"max-snippet:-1","max-image-preview":"max-image-preview:large","max-video-preview":"max-video-preview:-1"},"canonical":"https:\/\/sanatmetal.hu\/es\/product\/magic-tibia-nail\/","og_locale":"es_ES","og_type":"article","og_title":"Magic Tibia nail - Sanatmetal","og_description":"Este sistema es la versi\u00f3n actualizada de Spectrum Tibia\/WTX-E. A los clavos provistos de orificios de bloqueo espec\u00edficos de su predecesor se a\u00f1ade Magic, el sistema de direcci\u00f3n m\u00e1s moderno del mercado. El sistema Magic Tibia utiliza tecnolog\u00eda inal\u00e1mbrica de vanguardia para la direcci\u00f3n distal, de manera que reduce el uso del intensificador de imagen [&hellip;]","og_url":"https:\/\/sanatmetal.hu\/es\/product\/magic-tibia-nail\/","og_site_name":"Sanatmetal","article_modified_time":"2020-10-20T12:19:27+00:00","og_image":[{"width":2560,"height":1920,"url":"https:\/\/sanatmetal.hu\/wp-content\/uploads\/2020\/03\/111-scaled.webp","type":"image\/jpeg"}],"twitter_card":"summary_large_image","twitter_misc":{"Est. reading time":"1 minute"},"schema":{"@context":"https:\/\/schema.org","@graph":[{"@type":"WebPage","@id":"https:\/\/sanatmetal.hu\/es\/product\/magic-tibia-nail\/","url":"https:\/\/sanatmetal.hu\/es\/product\/magic-tibia-nail\/","name":"Magic Tibia nail - Sanatmetal","isPartOf":{"@id":"https:\/\/sanatmetal.hu\/#website"},"primaryImageOfPage":{"@id":"https:\/\/sanatmetal.hu\/es\/product\/magic-tibia-nail\/#primaryimage"},"image":{"@id":"https:\/\/sanatmetal.hu\/es\/product\/magic-tibia-nail\/#primaryimage"},"thumbnailUrl":"https:\/\/sanatmetal.hu\/wp-content\/uploads\/2020\/03\/111-scaled.webp","datePublished":"2020-05-06T12:06:02+00:00","dateModified":"2020-10-20T12:19:27+00:00","breadcrumb":{"@id":"https:\/\/sanatmetal.hu\/es\/product\/magic-tibia-nail\/#breadcrumb"},"inLanguage":"es-ES","potentialAction":[{"@type":"ReadAction","target":["https:\/\/sanatmetal.hu\/es\/product\/magic-tibia-nail\/"]}]},{"@type":"ImageObject","inLanguage":"es-ES","@id":"https:\/\/sanatmetal.hu\/es\/product\/magic-tibia-nail\/#primaryimage","url":"https:\/\/sanatmetal.hu\/wp-content\/uploads\/2020\/03\/111-scaled.webp","contentUrl":"https:\/\/sanatmetal.hu\/wp-content\/uploads\/2020\/03\/111-scaled.webp","width":2560,"height":1920},{"@type":"BreadcrumbList","@id":"https:\/\/sanatmetal.hu\/es\/product\/magic-tibia-nail\/#breadcrumb","itemListElement":[{"@type":"ListItem","position":1,"name":"Home","item":"https:\/\/sanatmetal.hu\/es\/"},{"@type":"ListItem","position":2,"name":"PRODUCTOS","item":"https:\/\/sanatmetal.hu\/es\/our-products\/"},{"@type":"ListItem","position":3,"name":"Magic Tibia nail"}]},{"@type":"WebSite","@id":"https:\/\/sanatmetal.hu\/#website","url":"https:\/\/sanatmetal.hu\/","name":"Sanatmetal","description":"","publisher":{"@id":"https:\/\/sanatmetal.hu\/#organization"},"potentialAction":[{"@type":"SearchAction","target":{"@type":"EntryPoint","urlTemplate":"https:\/\/sanatmetal.hu\/?s={search_term_string}"},"query-input":{"@type":"PropertyValueSpecification","valueRequired":true,"valueName":"search_term_string"}}],"inLanguage":"es-ES"},{"@type":"Organization","@id":"https:\/\/sanatmetal.hu\/#organization","name":"Sanatmetal","url":"https:\/\/sanatmetal.hu\/","logo":{"@type":"ImageObject","inLanguage":"es-ES","@id":"https:\/\/sanatmetal.hu\/#\/schema\/logo\/image\/","url":"https:\/\/sanatmetal.hu\/wp-content\/uploads\/2024\/10\/Nevtelen-terv-5-e1728647058747.png","contentUrl":"https:\/\/sanatmetal.hu\/wp-content\/uploads\/2024\/10\/Nevtelen-terv-5-e1728647058747.png","width":1410,"height":1293,"caption":"Sanatmetal"},"image":{"@id":"https:\/\/sanatmetal.hu\/#\/schema\/logo\/image\/"}}]}},"_links":{"self":[{"href":"https:\/\/sanatmetal.hu\/es\/wp-json\/wp\/v2\/product\/7378","targetHints":{"allow":["GET"]}}],"collection":[{"href":"https:\/\/sanatmetal.hu\/es\/wp-json\/wp\/v2\/product"}],"about":[{"href":"https:\/\/sanatmetal.hu\/es\/wp-json\/wp\/v2\/types\/product"}],"wp:featuredmedia":[{"embeddable":true,"href":"https:\/\/sanatmetal.hu\/es\/wp-json\/wp\/v2\/media\/7379"}],"wp:attachment":[{"href":"https:\/\/sanatmetal.hu\/es\/wp-json\/wp\/v2\/media?parent=7378"}],"wp:term":[{"taxonomy":"product_brand","embeddable":true,"href":"https:\/\/sanatmetal.hu\/es\/wp-json\/wp\/v2\/product_brand?post=7378"},{"taxonomy":"product_cat","embeddable":true,"href":"https:\/\/sanatmetal.hu\/es\/wp-json\/wp\/v2\/product_cat?post=7378"},{"taxonomy":"product_tag","embeddable":true,"href":"https:\/\/sanatmetal.hu\/es\/wp-json\/wp\/v2\/product_tag?post=7378"}],"curies":[{"name":"wp","href":"https:\/\/api.w.org\/{rel}","templated":true}]}}