{"id":7478,"date":"2020-03-04T11:26:47","date_gmt":"2020-05-06T11:53:24","guid":{"rendered":"https:\/\/sanatmetal.hu\/product\/vortex-distal-tibia-plate\/"},"modified":"2020-10-20T13:05:20","modified_gmt":"2020-10-20T13:05:20","slug":"vortex-distal-tibia-plate","status":"publish","type":"product","link":"https:\/\/sanatmetal.hu\/es\/product\/vortex-distal-tibia-plate\/","title":{"rendered":"Vortex Distal Tibia plate"},"content":{"rendered":"<p>El sistema de placas poliaxiales Vortex ofrece soluciones para todo el cuerpo gracias a sus 30 tipos de placas y a sus tornillos de 3 di\u00e1metros distintos. Asimismo, garantiza las referencias cruzadas en el instrumental m\u00e9dico.<\/p>\n<p>La placa Vortex Distal Tibia (VDT) est\u00e1 indicada para fracturas de la zona del tobillo. Para identificar las direcciones predeterminadas de los tornillos en la zona de la cabeza, cuenta con dos bloques de direcciones con dos caras espec\u00edficas para ello en el extremo, as\u00ed como con un Brazo de localizaci\u00f3n de carbono m\u00ednimamente invasivo. El extremo de la placa contiene una preforma arqueada que puede dejarse fijada a la estructura o retirarse, si fuese necesario y seg\u00fan el caso.<\/p>\n<p>Ventajas principales:<br \/>\n&#8211; Sistema de placas de bloqueo poliaxiales con tornillos Torx que se insertan en un cono de angulaci\u00f3n de 30 grados.<br \/>\n&#8211; La direcci\u00f3n del tornillo se puede rectificar hasta 3 veces en caso de error.<br \/>\n&#8211; Extremo superior de grosor reducido. El implante no irrita los tejidos blandos pr\u00f3ximos a la articulaci\u00f3n.<br \/>\n&#8211; Contornos redondeados para proteger los tejidos blandos.<br \/>\n&#8211; La placa propicia una intervenci\u00f3n quir\u00fargica m\u00ednimamente invasiva para el paciente.<br \/>\n&#8211; Tornillos de cabeza autorroscante y de punta roma.<br \/>\n&#8211; Titanio anodizado y seguro.<\/p>\n","protected":false},"excerpt":{"rendered":"<p>El sistema de placas poliaxiales Vortex ofrece soluciones para todo el cuerpo gracias a sus 30 tipos de placas y a sus tornillos de 3 di\u00e1metros distintos. Asimismo, garantiza las referencias cruzadas en el instrumental m\u00e9dico. La placa Vortex Distal Tibia (VDT) est\u00e1 indicada para fracturas de la zona del tobillo. Para identificar las direcciones [&hellip;]<\/p>\n","protected":false},"featured_media":7479,"template":"","meta":[],"product_brand":[],"product_cat":[723],"product_tag":[],"class_list":{"0":"post-7478","1":"product","2":"type-product","3":"status-publish","4":"has-post-thumbnail","6":"product_cat-tibia-es","7":"testtaj-lower-limb-es","8":"testtaj-tibia-es","9":"testtaj-plating-es-7","10":"markanev-vortex-es","12":"first","13":"instock","14":"shipping-taxable","15":"product-type-simple"},"yoast_head":"<!-- This site is optimized with the Yoast SEO plugin v27.2 - https:\/\/yoast.com\/product\/yoast-seo-wordpress\/ -->\n<title>Vortex Distal Tibia plate - Sanatmetal<\/title>\n<meta name=\"robots\" content=\"index, follow, max-snippet:-1, max-image-preview:large, max-video-preview:-1\" \/>\n<link rel=\"canonical\" href=\"https:\/\/sanatmetal.hu\/es\/product\/vortex-distal-tibia-plate\/\" \/>\n<meta property=\"og:locale\" content=\"es_ES\" \/>\n<meta property=\"og:type\" content=\"article\" \/>\n<meta property=\"og:title\" content=\"Vortex Distal Tibia plate - Sanatmetal\" \/>\n<meta property=\"og:description\" content=\"El sistema de placas poliaxiales Vortex ofrece soluciones para todo el cuerpo gracias a sus 30 tipos de placas y a sus tornillos de 3 di\u00e1metros distintos. Asimismo, garantiza las referencias cruzadas en el instrumental m\u00e9dico. La placa Vortex Distal Tibia (VDT) est\u00e1 indicada para fracturas de la zona del tobillo. Para identificar las direcciones [&hellip;]\" \/>\n<meta property=\"og:url\" content=\"https:\/\/sanatmetal.hu\/es\/product\/vortex-distal-tibia-plate\/\" \/>\n<meta property=\"og:site_name\" content=\"Sanatmetal\" \/>\n<meta property=\"article:modified_time\" content=\"2020-10-20T13:05:20+00:00\" \/>\n<meta property=\"og:image\" content=\"https:\/\/sanatmetal.hu\/wp-content\/uploads\/2020\/03\/146-scaled.webp\" \/>\n\t<meta property=\"og:image:width\" content=\"2560\" \/>\n\t<meta property=\"og:image:height\" content=\"1920\" \/>\n\t<meta property=\"og:image:type\" content=\"image\/jpeg\" \/>\n<meta name=\"twitter:card\" content=\"summary_large_image\" \/>\n<meta name=\"twitter:label1\" content=\"Est. reading time\" \/>\n\t<meta name=\"twitter:data1\" content=\"1 minute\" \/>\n<script type=\"application\/ld+json\" class=\"yoast-schema-graph\">{\"@context\":\"https:\/\/schema.org\",\"@graph\":[{\"@type\":\"WebPage\",\"@id\":\"https:\/\/sanatmetal.hu\/es\/product\/vortex-distal-tibia-plate\/\",\"url\":\"https:\/\/sanatmetal.hu\/es\/product\/vortex-distal-tibia-plate\/\",\"name\":\"Vortex Distal Tibia plate - Sanatmetal\",\"isPartOf\":{\"@id\":\"https:\/\/sanatmetal.hu\/#website\"},\"primaryImageOfPage\":{\"@id\":\"https:\/\/sanatmetal.hu\/es\/product\/vortex-distal-tibia-plate\/#primaryimage\"},\"image\":{\"@id\":\"https:\/\/sanatmetal.hu\/es\/product\/vortex-distal-tibia-plate\/#primaryimage\"},\"thumbnailUrl\":\"https:\/\/sanatmetal.hu\/wp-content\/uploads\/2020\/03\/146-scaled.webp\",\"datePublished\":\"2020-05-06T11:53:24+00:00\",\"dateModified\":\"2020-10-20T13:05:20+00:00\",\"breadcrumb\":{\"@id\":\"https:\/\/sanatmetal.hu\/es\/product\/vortex-distal-tibia-plate\/#breadcrumb\"},\"inLanguage\":\"es-ES\",\"potentialAction\":[{\"@type\":\"ReadAction\",\"target\":[\"https:\/\/sanatmetal.hu\/es\/product\/vortex-distal-tibia-plate\/\"]}]},{\"@type\":\"ImageObject\",\"inLanguage\":\"es-ES\",\"@id\":\"https:\/\/sanatmetal.hu\/es\/product\/vortex-distal-tibia-plate\/#primaryimage\",\"url\":\"https:\/\/sanatmetal.hu\/wp-content\/uploads\/2020\/03\/146-scaled.webp\",\"contentUrl\":\"https:\/\/sanatmetal.hu\/wp-content\/uploads\/2020\/03\/146-scaled.webp\",\"width\":2560,\"height\":1920},{\"@type\":\"BreadcrumbList\",\"@id\":\"https:\/\/sanatmetal.hu\/es\/product\/vortex-distal-tibia-plate\/#breadcrumb\",\"itemListElement\":[{\"@type\":\"ListItem\",\"position\":1,\"name\":\"Home\",\"item\":\"https:\/\/sanatmetal.hu\/es\/\"},{\"@type\":\"ListItem\",\"position\":2,\"name\":\"PRODUCTOS\",\"item\":\"https:\/\/sanatmetal.hu\/es\/our-products\/\"},{\"@type\":\"ListItem\",\"position\":3,\"name\":\"Vortex Distal Tibia plate\"}]},{\"@type\":\"WebSite\",\"@id\":\"https:\/\/sanatmetal.hu\/#website\",\"url\":\"https:\/\/sanatmetal.hu\/\",\"name\":\"Sanatmetal\",\"description\":\"\",\"publisher\":{\"@id\":\"https:\/\/sanatmetal.hu\/#organization\"},\"potentialAction\":[{\"@type\":\"SearchAction\",\"target\":{\"@type\":\"EntryPoint\",\"urlTemplate\":\"https:\/\/sanatmetal.hu\/?s={search_term_string}\"},\"query-input\":{\"@type\":\"PropertyValueSpecification\",\"valueRequired\":true,\"valueName\":\"search_term_string\"}}],\"inLanguage\":\"es-ES\"},{\"@type\":\"Organization\",\"@id\":\"https:\/\/sanatmetal.hu\/#organization\",\"name\":\"Sanatmetal\",\"url\":\"https:\/\/sanatmetal.hu\/\",\"logo\":{\"@type\":\"ImageObject\",\"inLanguage\":\"es-ES\",\"@id\":\"https:\/\/sanatmetal.hu\/#\/schema\/logo\/image\/\",\"url\":\"https:\/\/sanatmetal.hu\/wp-content\/uploads\/2024\/10\/Nevtelen-terv-5-e1728647058747.png\",\"contentUrl\":\"https:\/\/sanatmetal.hu\/wp-content\/uploads\/2024\/10\/Nevtelen-terv-5-e1728647058747.png\",\"width\":1410,\"height\":1293,\"caption\":\"Sanatmetal\"},\"image\":{\"@id\":\"https:\/\/sanatmetal.hu\/#\/schema\/logo\/image\/\"}}]}<\/script>\n<!-- \/ Yoast SEO plugin. -->","yoast_head_json":{"title":"Vortex Distal Tibia plate - Sanatmetal","robots":{"index":"index","follow":"follow","max-snippet":"max-snippet:-1","max-image-preview":"max-image-preview:large","max-video-preview":"max-video-preview:-1"},"canonical":"https:\/\/sanatmetal.hu\/es\/product\/vortex-distal-tibia-plate\/","og_locale":"es_ES","og_type":"article","og_title":"Vortex Distal Tibia plate - Sanatmetal","og_description":"El sistema de placas poliaxiales Vortex ofrece soluciones para todo el cuerpo gracias a sus 30 tipos de placas y a sus tornillos de 3 di\u00e1metros distintos. Asimismo, garantiza las referencias cruzadas en el instrumental m\u00e9dico. La placa Vortex Distal Tibia (VDT) est\u00e1 indicada para fracturas de la zona del tobillo. Para identificar las direcciones [&hellip;]","og_url":"https:\/\/sanatmetal.hu\/es\/product\/vortex-distal-tibia-plate\/","og_site_name":"Sanatmetal","article_modified_time":"2020-10-20T13:05:20+00:00","og_image":[{"width":2560,"height":1920,"url":"https:\/\/sanatmetal.hu\/wp-content\/uploads\/2020\/03\/146-scaled.webp","type":"image\/jpeg"}],"twitter_card":"summary_large_image","twitter_misc":{"Est. reading time":"1 minute"},"schema":{"@context":"https:\/\/schema.org","@graph":[{"@type":"WebPage","@id":"https:\/\/sanatmetal.hu\/es\/product\/vortex-distal-tibia-plate\/","url":"https:\/\/sanatmetal.hu\/es\/product\/vortex-distal-tibia-plate\/","name":"Vortex Distal Tibia plate - Sanatmetal","isPartOf":{"@id":"https:\/\/sanatmetal.hu\/#website"},"primaryImageOfPage":{"@id":"https:\/\/sanatmetal.hu\/es\/product\/vortex-distal-tibia-plate\/#primaryimage"},"image":{"@id":"https:\/\/sanatmetal.hu\/es\/product\/vortex-distal-tibia-plate\/#primaryimage"},"thumbnailUrl":"https:\/\/sanatmetal.hu\/wp-content\/uploads\/2020\/03\/146-scaled.webp","datePublished":"2020-05-06T11:53:24+00:00","dateModified":"2020-10-20T13:05:20+00:00","breadcrumb":{"@id":"https:\/\/sanatmetal.hu\/es\/product\/vortex-distal-tibia-plate\/#breadcrumb"},"inLanguage":"es-ES","potentialAction":[{"@type":"ReadAction","target":["https:\/\/sanatmetal.hu\/es\/product\/vortex-distal-tibia-plate\/"]}]},{"@type":"ImageObject","inLanguage":"es-ES","@id":"https:\/\/sanatmetal.hu\/es\/product\/vortex-distal-tibia-plate\/#primaryimage","url":"https:\/\/sanatmetal.hu\/wp-content\/uploads\/2020\/03\/146-scaled.webp","contentUrl":"https:\/\/sanatmetal.hu\/wp-content\/uploads\/2020\/03\/146-scaled.webp","width":2560,"height":1920},{"@type":"BreadcrumbList","@id":"https:\/\/sanatmetal.hu\/es\/product\/vortex-distal-tibia-plate\/#breadcrumb","itemListElement":[{"@type":"ListItem","position":1,"name":"Home","item":"https:\/\/sanatmetal.hu\/es\/"},{"@type":"ListItem","position":2,"name":"PRODUCTOS","item":"https:\/\/sanatmetal.hu\/es\/our-products\/"},{"@type":"ListItem","position":3,"name":"Vortex Distal Tibia plate"}]},{"@type":"WebSite","@id":"https:\/\/sanatmetal.hu\/#website","url":"https:\/\/sanatmetal.hu\/","name":"Sanatmetal","description":"","publisher":{"@id":"https:\/\/sanatmetal.hu\/#organization"},"potentialAction":[{"@type":"SearchAction","target":{"@type":"EntryPoint","urlTemplate":"https:\/\/sanatmetal.hu\/?s={search_term_string}"},"query-input":{"@type":"PropertyValueSpecification","valueRequired":true,"valueName":"search_term_string"}}],"inLanguage":"es-ES"},{"@type":"Organization","@id":"https:\/\/sanatmetal.hu\/#organization","name":"Sanatmetal","url":"https:\/\/sanatmetal.hu\/","logo":{"@type":"ImageObject","inLanguage":"es-ES","@id":"https:\/\/sanatmetal.hu\/#\/schema\/logo\/image\/","url":"https:\/\/sanatmetal.hu\/wp-content\/uploads\/2024\/10\/Nevtelen-terv-5-e1728647058747.png","contentUrl":"https:\/\/sanatmetal.hu\/wp-content\/uploads\/2024\/10\/Nevtelen-terv-5-e1728647058747.png","width":1410,"height":1293,"caption":"Sanatmetal"},"image":{"@id":"https:\/\/sanatmetal.hu\/#\/schema\/logo\/image\/"}}]}},"_links":{"self":[{"href":"https:\/\/sanatmetal.hu\/es\/wp-json\/wp\/v2\/product\/7478","targetHints":{"allow":["GET"]}}],"collection":[{"href":"https:\/\/sanatmetal.hu\/es\/wp-json\/wp\/v2\/product"}],"about":[{"href":"https:\/\/sanatmetal.hu\/es\/wp-json\/wp\/v2\/types\/product"}],"wp:featuredmedia":[{"embeddable":true,"href":"https:\/\/sanatmetal.hu\/es\/wp-json\/wp\/v2\/media\/7479"}],"wp:attachment":[{"href":"https:\/\/sanatmetal.hu\/es\/wp-json\/wp\/v2\/media?parent=7478"}],"wp:term":[{"taxonomy":"product_brand","embeddable":true,"href":"https:\/\/sanatmetal.hu\/es\/wp-json\/wp\/v2\/product_brand?post=7478"},{"taxonomy":"product_cat","embeddable":true,"href":"https:\/\/sanatmetal.hu\/es\/wp-json\/wp\/v2\/product_cat?post=7478"},{"taxonomy":"product_tag","embeddable":true,"href":"https:\/\/sanatmetal.hu\/es\/wp-json\/wp\/v2\/product_tag?post=7478"}],"curies":[{"name":"wp","href":"https:\/\/api.w.org\/{rel}","templated":true}]}}