{"id":7514,"date":"2020-03-04T11:06:36","date_gmt":"2020-05-06T13:24:52","guid":{"rendered":"https:\/\/sanatmetal.hu\/product\/conventional-plates-mini-fragment\/"},"modified":"2020-10-20T13:12:17","modified_gmt":"2020-10-20T13:12:17","slug":"conventional-plates-mini-fragment","status":"publish","type":"product","link":"https:\/\/sanatmetal.hu\/es\/product\/conventional-plates-mini-fragment\/","title":{"rendered":"Conventional plates &#8211; Mini Fragment"},"content":{"rendered":"<p>Sistema de placas est\u00e1ndar con capacidad de compresi\u00f3n y de bloqueo de los fragmentos m\u00e1s peque\u00f1os. Contiene implantes rectos y de reconstrucci\u00f3n y perfiles de implantes. Incluye tornillos de 1,5\u2009mm, 2\u2009mm y 2,7\u2009mm de di\u00e1metro.<\/p>\n<p>Ventajas principales:<br \/>\n&#8211; Instrumental multinivel y aprendizaje intuitivo.<br \/>\n&#8211; Numerosas soluciones para tratar fracturas de pies y manos.<br \/>\n&#8211; Tornillos autorroscantes.<br \/>\n&#8211; Orificio de bloqueo multifuncional e innovador (neutralizaci\u00f3n, compresi\u00f3n, bloqueo).<\/p>\n","protected":false},"excerpt":{"rendered":"<p>Sistema de placas est\u00e1ndar con capacidad de compresi\u00f3n y de bloqueo de los fragmentos m\u00e1s peque\u00f1os. Contiene implantes rectos y de reconstrucci\u00f3n y perfiles de implantes. Incluye tornillos de 1,5\u2009mm, 2\u2009mm y 2,7\u2009mm de di\u00e1metro. Ventajas principales: &#8211; Instrumental multinivel y aprendizaje intuitivo. &#8211; Numerosas soluciones para tratar fracturas de pies y manos. &#8211; Tornillos [&hellip;]<\/p>\n","protected":false},"featured_media":7515,"template":"","meta":[],"product_brand":[],"product_cat":[725,720],"product_tag":[],"class_list":{"0":"post-7514","1":"product","2":"type-product","3":"status-publish","4":"has-post-thumbnail","6":"product_cat-foot-es-2","7":"product_cat-hand-es","8":"testtaj-upper-limb-es","9":"testtaj-hand-es","10":"testtaj-plating-es-4","11":"testtaj-lower-limb-es","12":"testtaj-foot-es","13":"testtaj-plating-es-9","14":"markanev-conventional-plating-es","16":"first","17":"instock","18":"shipping-taxable","19":"product-type-simple"},"yoast_head":"<!-- This site is optimized with the Yoast SEO plugin v27.2 - https:\/\/yoast.com\/product\/yoast-seo-wordpress\/ -->\n<title>Conventional plates - Mini Fragment - Sanatmetal<\/title>\n<meta name=\"robots\" content=\"index, follow, max-snippet:-1, max-image-preview:large, max-video-preview:-1\" \/>\n<link rel=\"canonical\" href=\"https:\/\/sanatmetal.hu\/es\/product\/conventional-plates-mini-fragment\/\" \/>\n<meta property=\"og:locale\" content=\"es_ES\" \/>\n<meta property=\"og:type\" content=\"article\" \/>\n<meta property=\"og:title\" content=\"Conventional plates - Mini Fragment - Sanatmetal\" \/>\n<meta property=\"og:description\" content=\"Sistema de placas est\u00e1ndar con capacidad de compresi\u00f3n y de bloqueo de los fragmentos m\u00e1s peque\u00f1os. Contiene implantes rectos y de reconstrucci\u00f3n y perfiles de implantes. Incluye tornillos de 1,5\u2009mm, 2\u2009mm y 2,7\u2009mm de di\u00e1metro. Ventajas principales: &#8211; Instrumental multinivel y aprendizaje intuitivo. &#8211; Numerosas soluciones para tratar fracturas de pies y manos. &#8211; Tornillos [&hellip;]\" \/>\n<meta property=\"og:url\" content=\"https:\/\/sanatmetal.hu\/es\/product\/conventional-plates-mini-fragment\/\" \/>\n<meta property=\"og:site_name\" content=\"Sanatmetal\" \/>\n<meta property=\"article:modified_time\" content=\"2020-10-20T13:12:17+00:00\" \/>\n<meta property=\"og:image\" content=\"https:\/\/sanatmetal.hu\/wp-content\/uploads\/2020\/05\/kfi1-1.webp\" \/>\n\t<meta property=\"og:image:width\" content=\"2560\" \/>\n\t<meta property=\"og:image:height\" content=\"1980\" \/>\n\t<meta property=\"og:image:type\" content=\"image\/jpeg\" \/>\n<meta name=\"twitter:card\" content=\"summary_large_image\" \/>\n<script type=\"application\/ld+json\" class=\"yoast-schema-graph\">{\"@context\":\"https:\/\/schema.org\",\"@graph\":[{\"@type\":\"WebPage\",\"@id\":\"https:\/\/sanatmetal.hu\/es\/product\/conventional-plates-mini-fragment\/\",\"url\":\"https:\/\/sanatmetal.hu\/es\/product\/conventional-plates-mini-fragment\/\",\"name\":\"Conventional plates - Mini Fragment - Sanatmetal\",\"isPartOf\":{\"@id\":\"https:\/\/sanatmetal.hu\/#website\"},\"primaryImageOfPage\":{\"@id\":\"https:\/\/sanatmetal.hu\/es\/product\/conventional-plates-mini-fragment\/#primaryimage\"},\"image\":{\"@id\":\"https:\/\/sanatmetal.hu\/es\/product\/conventional-plates-mini-fragment\/#primaryimage\"},\"thumbnailUrl\":\"https:\/\/sanatmetal.hu\/wp-content\/uploads\/2020\/05\/kfi1-1.webp\",\"datePublished\":\"2020-05-06T13:24:52+00:00\",\"dateModified\":\"2020-10-20T13:12:17+00:00\",\"breadcrumb\":{\"@id\":\"https:\/\/sanatmetal.hu\/es\/product\/conventional-plates-mini-fragment\/#breadcrumb\"},\"inLanguage\":\"es-ES\",\"potentialAction\":[{\"@type\":\"ReadAction\",\"target\":[\"https:\/\/sanatmetal.hu\/es\/product\/conventional-plates-mini-fragment\/\"]}]},{\"@type\":\"ImageObject\",\"inLanguage\":\"es-ES\",\"@id\":\"https:\/\/sanatmetal.hu\/es\/product\/conventional-plates-mini-fragment\/#primaryimage\",\"url\":\"https:\/\/sanatmetal.hu\/wp-content\/uploads\/2020\/05\/kfi1-1.webp\",\"contentUrl\":\"https:\/\/sanatmetal.hu\/wp-content\/uploads\/2020\/05\/kfi1-1.webp\",\"width\":2560,\"height\":1980},{\"@type\":\"BreadcrumbList\",\"@id\":\"https:\/\/sanatmetal.hu\/es\/product\/conventional-plates-mini-fragment\/#breadcrumb\",\"itemListElement\":[{\"@type\":\"ListItem\",\"position\":1,\"name\":\"Home\",\"item\":\"https:\/\/sanatmetal.hu\/es\/\"},{\"@type\":\"ListItem\",\"position\":2,\"name\":\"PRODUCTOS\",\"item\":\"https:\/\/sanatmetal.hu\/es\/our-products\/\"},{\"@type\":\"ListItem\",\"position\":3,\"name\":\"Conventional plates &#8211; Mini Fragment\"}]},{\"@type\":\"WebSite\",\"@id\":\"https:\/\/sanatmetal.hu\/#website\",\"url\":\"https:\/\/sanatmetal.hu\/\",\"name\":\"Sanatmetal\",\"description\":\"\",\"publisher\":{\"@id\":\"https:\/\/sanatmetal.hu\/#organization\"},\"potentialAction\":[{\"@type\":\"SearchAction\",\"target\":{\"@type\":\"EntryPoint\",\"urlTemplate\":\"https:\/\/sanatmetal.hu\/?s={search_term_string}\"},\"query-input\":{\"@type\":\"PropertyValueSpecification\",\"valueRequired\":true,\"valueName\":\"search_term_string\"}}],\"inLanguage\":\"es-ES\"},{\"@type\":\"Organization\",\"@id\":\"https:\/\/sanatmetal.hu\/#organization\",\"name\":\"Sanatmetal\",\"url\":\"https:\/\/sanatmetal.hu\/\",\"logo\":{\"@type\":\"ImageObject\",\"inLanguage\":\"es-ES\",\"@id\":\"https:\/\/sanatmetal.hu\/#\/schema\/logo\/image\/\",\"url\":\"https:\/\/sanatmetal.hu\/wp-content\/uploads\/2024\/10\/Nevtelen-terv-5-e1728647058747.png\",\"contentUrl\":\"https:\/\/sanatmetal.hu\/wp-content\/uploads\/2024\/10\/Nevtelen-terv-5-e1728647058747.png\",\"width\":1410,\"height\":1293,\"caption\":\"Sanatmetal\"},\"image\":{\"@id\":\"https:\/\/sanatmetal.hu\/#\/schema\/logo\/image\/\"}}]}<\/script>\n<!-- \/ Yoast SEO plugin. -->","yoast_head_json":{"title":"Conventional plates - Mini Fragment - Sanatmetal","robots":{"index":"index","follow":"follow","max-snippet":"max-snippet:-1","max-image-preview":"max-image-preview:large","max-video-preview":"max-video-preview:-1"},"canonical":"https:\/\/sanatmetal.hu\/es\/product\/conventional-plates-mini-fragment\/","og_locale":"es_ES","og_type":"article","og_title":"Conventional plates - Mini Fragment - Sanatmetal","og_description":"Sistema de placas est\u00e1ndar con capacidad de compresi\u00f3n y de bloqueo de los fragmentos m\u00e1s peque\u00f1os. Contiene implantes rectos y de reconstrucci\u00f3n y perfiles de implantes. Incluye tornillos de 1,5\u2009mm, 2\u2009mm y 2,7\u2009mm de di\u00e1metro. Ventajas principales: &#8211; Instrumental multinivel y aprendizaje intuitivo. &#8211; Numerosas soluciones para tratar fracturas de pies y manos. &#8211; Tornillos [&hellip;]","og_url":"https:\/\/sanatmetal.hu\/es\/product\/conventional-plates-mini-fragment\/","og_site_name":"Sanatmetal","article_modified_time":"2020-10-20T13:12:17+00:00","og_image":[{"width":2560,"height":1980,"url":"https:\/\/sanatmetal.hu\/wp-content\/uploads\/2020\/05\/kfi1-1.webp","type":"image\/jpeg"}],"twitter_card":"summary_large_image","schema":{"@context":"https:\/\/schema.org","@graph":[{"@type":"WebPage","@id":"https:\/\/sanatmetal.hu\/es\/product\/conventional-plates-mini-fragment\/","url":"https:\/\/sanatmetal.hu\/es\/product\/conventional-plates-mini-fragment\/","name":"Conventional plates - Mini Fragment - Sanatmetal","isPartOf":{"@id":"https:\/\/sanatmetal.hu\/#website"},"primaryImageOfPage":{"@id":"https:\/\/sanatmetal.hu\/es\/product\/conventional-plates-mini-fragment\/#primaryimage"},"image":{"@id":"https:\/\/sanatmetal.hu\/es\/product\/conventional-plates-mini-fragment\/#primaryimage"},"thumbnailUrl":"https:\/\/sanatmetal.hu\/wp-content\/uploads\/2020\/05\/kfi1-1.webp","datePublished":"2020-05-06T13:24:52+00:00","dateModified":"2020-10-20T13:12:17+00:00","breadcrumb":{"@id":"https:\/\/sanatmetal.hu\/es\/product\/conventional-plates-mini-fragment\/#breadcrumb"},"inLanguage":"es-ES","potentialAction":[{"@type":"ReadAction","target":["https:\/\/sanatmetal.hu\/es\/product\/conventional-plates-mini-fragment\/"]}]},{"@type":"ImageObject","inLanguage":"es-ES","@id":"https:\/\/sanatmetal.hu\/es\/product\/conventional-plates-mini-fragment\/#primaryimage","url":"https:\/\/sanatmetal.hu\/wp-content\/uploads\/2020\/05\/kfi1-1.webp","contentUrl":"https:\/\/sanatmetal.hu\/wp-content\/uploads\/2020\/05\/kfi1-1.webp","width":2560,"height":1980},{"@type":"BreadcrumbList","@id":"https:\/\/sanatmetal.hu\/es\/product\/conventional-plates-mini-fragment\/#breadcrumb","itemListElement":[{"@type":"ListItem","position":1,"name":"Home","item":"https:\/\/sanatmetal.hu\/es\/"},{"@type":"ListItem","position":2,"name":"PRODUCTOS","item":"https:\/\/sanatmetal.hu\/es\/our-products\/"},{"@type":"ListItem","position":3,"name":"Conventional plates &#8211; Mini Fragment"}]},{"@type":"WebSite","@id":"https:\/\/sanatmetal.hu\/#website","url":"https:\/\/sanatmetal.hu\/","name":"Sanatmetal","description":"","publisher":{"@id":"https:\/\/sanatmetal.hu\/#organization"},"potentialAction":[{"@type":"SearchAction","target":{"@type":"EntryPoint","urlTemplate":"https:\/\/sanatmetal.hu\/?s={search_term_string}"},"query-input":{"@type":"PropertyValueSpecification","valueRequired":true,"valueName":"search_term_string"}}],"inLanguage":"es-ES"},{"@type":"Organization","@id":"https:\/\/sanatmetal.hu\/#organization","name":"Sanatmetal","url":"https:\/\/sanatmetal.hu\/","logo":{"@type":"ImageObject","inLanguage":"es-ES","@id":"https:\/\/sanatmetal.hu\/#\/schema\/logo\/image\/","url":"https:\/\/sanatmetal.hu\/wp-content\/uploads\/2024\/10\/Nevtelen-terv-5-e1728647058747.png","contentUrl":"https:\/\/sanatmetal.hu\/wp-content\/uploads\/2024\/10\/Nevtelen-terv-5-e1728647058747.png","width":1410,"height":1293,"caption":"Sanatmetal"},"image":{"@id":"https:\/\/sanatmetal.hu\/#\/schema\/logo\/image\/"}}]}},"_links":{"self":[{"href":"https:\/\/sanatmetal.hu\/es\/wp-json\/wp\/v2\/product\/7514","targetHints":{"allow":["GET"]}}],"collection":[{"href":"https:\/\/sanatmetal.hu\/es\/wp-json\/wp\/v2\/product"}],"about":[{"href":"https:\/\/sanatmetal.hu\/es\/wp-json\/wp\/v2\/types\/product"}],"wp:featuredmedia":[{"embeddable":true,"href":"https:\/\/sanatmetal.hu\/es\/wp-json\/wp\/v2\/media\/7515"}],"wp:attachment":[{"href":"https:\/\/sanatmetal.hu\/es\/wp-json\/wp\/v2\/media?parent=7514"}],"wp:term":[{"taxonomy":"product_brand","embeddable":true,"href":"https:\/\/sanatmetal.hu\/es\/wp-json\/wp\/v2\/product_brand?post=7514"},{"taxonomy":"product_cat","embeddable":true,"href":"https:\/\/sanatmetal.hu\/es\/wp-json\/wp\/v2\/product_cat?post=7514"},{"taxonomy":"product_tag","embeddable":true,"href":"https:\/\/sanatmetal.hu\/es\/wp-json\/wp\/v2\/product_tag?post=7514"}],"curies":[{"name":"wp","href":"https:\/\/api.w.org\/{rel}","templated":true}]}}