{"id":10354,"date":"2020-03-04T10:52:03","date_gmt":"2020-03-04T10:52:03","guid":{"rendered":"https:\/\/sanatmetal.hu\/product\/magic-humerus-nail\/"},"modified":"2026-05-08T07:28:18","modified_gmt":"2026-05-08T06:28:18","slug":"magic-humerus-nail","status":"publish","type":"product","link":"https:\/\/sanatmetal.hu\/ro\/product\/magic-humerus-nail\/","title":{"rendered":"Tija Magic Humerus"},"content":{"rendered":"<p data-start=\"8880\" data-end=\"8952\"><strong data-start=\"8880\" data-end=\"8952\">Provocarea z\u0103vor\u00e2rii distale \u00een interven\u021biile la nivelul humerusului<\/strong><\/p>\n<p data-start=\"8954\" data-end=\"9367\">Una dintre cele mai critice etape ale osteosintezei centromedulare a humerusului este z\u0103vor\u00e2rea distal\u0103, care, \u00een procedurile conven\u021bionale, se bazeaz\u0103 adesea pe fluoroscopie. Aceast\u0103 etap\u0103 chirurgical\u0103 poate fi consumatoare de timp, cre\u0219te expunerea la radia\u021bii \u0219i necesit\u0103 o concentrare semnificativ\u0103 din partea chirurgului. Precizia \u0219i predictibilitatea procesului sunt esen\u021biale pentru rezultatul chirurgical.<\/p>\n<p data-start=\"9369\" data-end=\"9403\"><strong data-start=\"9369\" data-end=\"9403\">Z\u0103vor\u00e2re distal\u0103 f\u0103r\u0103 radia\u021bii<\/strong><\/p>\n<p data-start=\"9405\" data-end=\"9775\">Sistemul MAGIC permite z\u0103vor\u00e2rea distal\u0103 f\u0103r\u0103 radia\u021bii, sus\u021bin\u00e2nd astfel un flux de lucru chirurgical mai predictibil, mai precis \u0219i ghidat \u0219i \u00een cazul osteosintezei centromedulare a humerusului. Accentul nu este pus pe tehnologie, ci pe rezultatul chirurgical: utilizare redus\u0103 a radia\u021biilor, \u021bintire mai controlat\u0103 \u0219i o experien\u021b\u0103 chirurgical\u0103 mai bun\u0103 pentru chirurg.<\/p>\n<p data-start=\"9777\" data-end=\"9821\"><strong data-start=\"9777\" data-end=\"9821\">MAGIC &#8211; naviga\u021bie chirurgical\u0103 magnetic\u0103<\/strong><\/p>\n<p data-start=\"9823\" data-end=\"10228\">MAGIC este o solu\u021bie de naviga\u021bie chirurgical\u0103 magnetic\u0103, ce sus\u021bine etapa critic\u0103 a \u021bintirii \u0219i z\u0103vor\u00e2rii distale. Valoarea sistemului const\u0103 \u00een abordarea la nivel de flux de lucru: ofer\u0103 pa\u0219i chirurgicali ghida\u021bi, intuitivi \u0219i reproductibili, f\u0103r\u0103 necesitatea unei infrastructuri investi\u021bionale suplimentare. Acest lucru permite integrarea f\u0103r\u0103 probleme a tehnologiei \u00een practica chirurgical\u0103 existent\u0103.<\/p>\n<p data-start=\"10230\" data-end=\"10295\"><strong data-start=\"10230\" data-end=\"10295\">Avantaje \u00een timpul osteosintezei centromedulare a humerusului<\/strong><\/p>\n<ul data-start=\"10297\" data-end=\"10590\">\n<li data-section-id=\"w216ai\" data-start=\"10297\" data-end=\"10330\">z\u0103vor\u00e2re proximal\u0103 multiplanar\u0103<\/li>\n<li data-section-id=\"1yjrocc\" data-start=\"10331\" data-end=\"10390\">bra\u021b de \u021bintire proximal rotativ prin ap\u0103sarea unui buton<\/li>\n<li data-section-id=\"sodp1n\" data-start=\"10391\" data-end=\"10500\">\u0219urub de z\u0103vor\u00e2re proximal cu cap \u00eengropat, adecvat \u0219i pentru compactarea osoas\u0103 \u0219i optimizat pentru suturi<\/li>\n<li data-section-id=\"k2r33z\" data-start=\"10501\" data-end=\"10528\">posibilitate de compresie<\/li>\n<li data-section-id=\"2h0fy5\" data-start=\"10529\" data-end=\"10590\">posibilitatea z\u0103vor\u00e2rii distale f\u0103r\u0103 raze X a tijelor lungi<\/li>\n<\/ul>\n<p><iframe loading=\"lazy\" title=\"MAGIC - Distal targeting without X-Ray - promotional video\" width=\"500\" height=\"281\" src=\"https:\/\/www.youtube.com\/embed\/UoFdHPE_3EU?start=5&#038;feature=oembed\" frameborder=\"0\" allow=\"accelerometer; autoplay; clipboard-write; encrypted-media; gyroscope; picture-in-picture; web-share\" referrerpolicy=\"strict-origin-when-cross-origin\" allowfullscreen><\/iframe><\/p>\n","protected":false},"excerpt":{"rendered":"<p>Provocarea z\u0103vor\u00e2rii distale \u00een interven\u021biile la nivelul humerusului Una dintre cele mai critice etape ale osteosintezei centromedulare a humerusului este z\u0103vor\u00e2rea distal\u0103, care, \u00een procedurile conven\u021bionale, se bazeaz\u0103 adesea pe fluoroscopie. Aceast\u0103 etap\u0103 chirurgical\u0103 poate fi consumatoare de timp, cre\u0219te expunerea la radia\u021bii \u0219i necesit\u0103 o concentrare semnificativ\u0103 din partea chirurgului. Precizia \u0219i predictibilitatea procesului [&hellip;]<\/p>\n","protected":false},"featured_media":10355,"template":"","meta":[],"product_brand":[],"product_cat":[888],"product_tag":[],"class_list":{"0":"post-10354","1":"product","2":"type-product","3":"status-publish","4":"has-post-thumbnail","6":"product_cat-partea-superioara-a-bratului","7":"testtaj-membru-superior","8":"testtaj-partea-superioara-a-bratului","9":"testtaj-tije-ro","10":"markanev-magic-ro","12":"first","13":"instock","14":"shipping-taxable","15":"product-type-simple"},"yoast_head":"<!-- This site is optimized with the Yoast SEO plugin v27.2 - https:\/\/yoast.com\/product\/yoast-seo-wordpress\/ -->\n<title>Tija Magic Humerus - Sanatmetal<\/title>\n<meta name=\"robots\" content=\"index, follow, max-snippet:-1, max-image-preview:large, max-video-preview:-1\" \/>\n<link rel=\"canonical\" href=\"https:\/\/sanatmetal.hu\/ro\/product\/magic-humerus-nail\/\" \/>\n<meta property=\"og:locale\" content=\"ro_RO\" \/>\n<meta property=\"og:type\" content=\"article\" \/>\n<meta property=\"og:title\" content=\"Tija Magic Humerus - Sanatmetal\" \/>\n<meta property=\"og:description\" content=\"Provocarea z\u0103vor\u00e2rii distale \u00een interven\u021biile la nivelul humerusului Una dintre cele mai critice etape ale osteosintezei centromedulare a humerusului este z\u0103vor\u00e2rea distal\u0103, care, \u00een procedurile conven\u021bionale, se bazeaz\u0103 adesea pe fluoroscopie. Aceast\u0103 etap\u0103 chirurgical\u0103 poate fi consumatoare de timp, cre\u0219te expunerea la radia\u021bii \u0219i necesit\u0103 o concentrare semnificativ\u0103 din partea chirurgului. Precizia \u0219i predictibilitatea procesului [&hellip;]\" \/>\n<meta property=\"og:url\" content=\"https:\/\/sanatmetal.hu\/ro\/product\/magic-humerus-nail\/\" \/>\n<meta property=\"og:site_name\" content=\"Sanatmetal\" \/>\n<meta property=\"article:modified_time\" content=\"2026-05-08T06:28:18+00:00\" \/>\n<meta property=\"og:image\" content=\"https:\/\/sanatmetal.hu\/wp-content\/uploads\/2020\/03\/18-scaled.webp\" \/>\n\t<meta property=\"og:image:width\" content=\"2560\" \/>\n\t<meta property=\"og:image:height\" content=\"1920\" \/>\n\t<meta property=\"og:image:type\" content=\"image\/jpeg\" \/>\n<meta name=\"twitter:card\" content=\"summary_large_image\" \/>\n<meta name=\"twitter:label1\" content=\"Est. reading time\" \/>\n\t<meta name=\"twitter:data1\" content=\"1 minute\" \/>\n<script type=\"application\/ld+json\" class=\"yoast-schema-graph\">{\"@context\":\"https:\/\/schema.org\",\"@graph\":[{\"@type\":\"WebPage\",\"@id\":\"https:\/\/sanatmetal.hu\/ro\/product\/magic-humerus-nail\/\",\"url\":\"https:\/\/sanatmetal.hu\/ro\/product\/magic-humerus-nail\/\",\"name\":\"Tija Magic Humerus - Sanatmetal\",\"isPartOf\":{\"@id\":\"https:\/\/sanatmetal.hu\/#website\"},\"primaryImageOfPage\":{\"@id\":\"https:\/\/sanatmetal.hu\/ro\/product\/magic-humerus-nail\/#primaryimage\"},\"image\":{\"@id\":\"https:\/\/sanatmetal.hu\/ro\/product\/magic-humerus-nail\/#primaryimage\"},\"thumbnailUrl\":\"https:\/\/sanatmetal.hu\/wp-content\/uploads\/2020\/03\/18-scaled.webp\",\"datePublished\":\"2020-03-04T10:52:03+00:00\",\"dateModified\":\"2026-05-08T06:28:18+00:00\",\"breadcrumb\":{\"@id\":\"https:\/\/sanatmetal.hu\/ro\/product\/magic-humerus-nail\/#breadcrumb\"},\"inLanguage\":\"ro-RO\",\"potentialAction\":[{\"@type\":\"ReadAction\",\"target\":[\"https:\/\/sanatmetal.hu\/ro\/product\/magic-humerus-nail\/\"]}]},{\"@type\":\"ImageObject\",\"inLanguage\":\"ro-RO\",\"@id\":\"https:\/\/sanatmetal.hu\/ro\/product\/magic-humerus-nail\/#primaryimage\",\"url\":\"https:\/\/sanatmetal.hu\/wp-content\/uploads\/2020\/03\/18-scaled.webp\",\"contentUrl\":\"https:\/\/sanatmetal.hu\/wp-content\/uploads\/2020\/03\/18-scaled.webp\",\"width\":2560,\"height\":1920},{\"@type\":\"BreadcrumbList\",\"@id\":\"https:\/\/sanatmetal.hu\/ro\/product\/magic-humerus-nail\/#breadcrumb\",\"itemListElement\":[{\"@type\":\"ListItem\",\"position\":1,\"name\":\"Home\",\"item\":\"https:\/\/sanatmetal.hu\/ro\/\"},{\"@type\":\"ListItem\",\"position\":2,\"name\":\"Produse\",\"item\":\"https:\/\/sanatmetal.hu\/ro\/our-products\/\"},{\"@type\":\"ListItem\",\"position\":3,\"name\":\"Tija Magic Humerus\"}]},{\"@type\":\"WebSite\",\"@id\":\"https:\/\/sanatmetal.hu\/#website\",\"url\":\"https:\/\/sanatmetal.hu\/\",\"name\":\"Sanatmetal\",\"description\":\"\",\"publisher\":{\"@id\":\"https:\/\/sanatmetal.hu\/#organization\"},\"potentialAction\":[{\"@type\":\"SearchAction\",\"target\":{\"@type\":\"EntryPoint\",\"urlTemplate\":\"https:\/\/sanatmetal.hu\/?s={search_term_string}\"},\"query-input\":{\"@type\":\"PropertyValueSpecification\",\"valueRequired\":true,\"valueName\":\"search_term_string\"}}],\"inLanguage\":\"ro-RO\"},{\"@type\":\"Organization\",\"@id\":\"https:\/\/sanatmetal.hu\/#organization\",\"name\":\"Sanatmetal\",\"url\":\"https:\/\/sanatmetal.hu\/\",\"logo\":{\"@type\":\"ImageObject\",\"inLanguage\":\"ro-RO\",\"@id\":\"https:\/\/sanatmetal.hu\/#\/schema\/logo\/image\/\",\"url\":\"https:\/\/sanatmetal.hu\/wp-content\/uploads\/2024\/10\/Nevtelen-terv-5-e1728647058747.png\",\"contentUrl\":\"https:\/\/sanatmetal.hu\/wp-content\/uploads\/2024\/10\/Nevtelen-terv-5-e1728647058747.png\",\"width\":1410,\"height\":1293,\"caption\":\"Sanatmetal\"},\"image\":{\"@id\":\"https:\/\/sanatmetal.hu\/#\/schema\/logo\/image\/\"}}]}<\/script>\n<!-- \/ Yoast SEO plugin. -->","yoast_head_json":{"title":"Tija Magic Humerus - Sanatmetal","robots":{"index":"index","follow":"follow","max-snippet":"max-snippet:-1","max-image-preview":"max-image-preview:large","max-video-preview":"max-video-preview:-1"},"canonical":"https:\/\/sanatmetal.hu\/ro\/product\/magic-humerus-nail\/","og_locale":"ro_RO","og_type":"article","og_title":"Tija Magic Humerus - Sanatmetal","og_description":"Provocarea z\u0103vor\u00e2rii distale \u00een interven\u021biile la nivelul humerusului Una dintre cele mai critice etape ale osteosintezei centromedulare a humerusului este z\u0103vor\u00e2rea distal\u0103, care, \u00een procedurile conven\u021bionale, se bazeaz\u0103 adesea pe fluoroscopie. Aceast\u0103 etap\u0103 chirurgical\u0103 poate fi consumatoare de timp, cre\u0219te expunerea la radia\u021bii \u0219i necesit\u0103 o concentrare semnificativ\u0103 din partea chirurgului. Precizia \u0219i predictibilitatea procesului [&hellip;]","og_url":"https:\/\/sanatmetal.hu\/ro\/product\/magic-humerus-nail\/","og_site_name":"Sanatmetal","article_modified_time":"2026-05-08T06:28:18+00:00","og_image":[{"width":2560,"height":1920,"url":"https:\/\/sanatmetal.hu\/wp-content\/uploads\/2020\/03\/18-scaled.webp","type":"image\/jpeg"}],"twitter_card":"summary_large_image","twitter_misc":{"Est. reading time":"1 minute"},"schema":{"@context":"https:\/\/schema.org","@graph":[{"@type":"WebPage","@id":"https:\/\/sanatmetal.hu\/ro\/product\/magic-humerus-nail\/","url":"https:\/\/sanatmetal.hu\/ro\/product\/magic-humerus-nail\/","name":"Tija Magic Humerus - Sanatmetal","isPartOf":{"@id":"https:\/\/sanatmetal.hu\/#website"},"primaryImageOfPage":{"@id":"https:\/\/sanatmetal.hu\/ro\/product\/magic-humerus-nail\/#primaryimage"},"image":{"@id":"https:\/\/sanatmetal.hu\/ro\/product\/magic-humerus-nail\/#primaryimage"},"thumbnailUrl":"https:\/\/sanatmetal.hu\/wp-content\/uploads\/2020\/03\/18-scaled.webp","datePublished":"2020-03-04T10:52:03+00:00","dateModified":"2026-05-08T06:28:18+00:00","breadcrumb":{"@id":"https:\/\/sanatmetal.hu\/ro\/product\/magic-humerus-nail\/#breadcrumb"},"inLanguage":"ro-RO","potentialAction":[{"@type":"ReadAction","target":["https:\/\/sanatmetal.hu\/ro\/product\/magic-humerus-nail\/"]}]},{"@type":"ImageObject","inLanguage":"ro-RO","@id":"https:\/\/sanatmetal.hu\/ro\/product\/magic-humerus-nail\/#primaryimage","url":"https:\/\/sanatmetal.hu\/wp-content\/uploads\/2020\/03\/18-scaled.webp","contentUrl":"https:\/\/sanatmetal.hu\/wp-content\/uploads\/2020\/03\/18-scaled.webp","width":2560,"height":1920},{"@type":"BreadcrumbList","@id":"https:\/\/sanatmetal.hu\/ro\/product\/magic-humerus-nail\/#breadcrumb","itemListElement":[{"@type":"ListItem","position":1,"name":"Home","item":"https:\/\/sanatmetal.hu\/ro\/"},{"@type":"ListItem","position":2,"name":"Produse","item":"https:\/\/sanatmetal.hu\/ro\/our-products\/"},{"@type":"ListItem","position":3,"name":"Tija Magic Humerus"}]},{"@type":"WebSite","@id":"https:\/\/sanatmetal.hu\/#website","url":"https:\/\/sanatmetal.hu\/","name":"Sanatmetal","description":"","publisher":{"@id":"https:\/\/sanatmetal.hu\/#organization"},"potentialAction":[{"@type":"SearchAction","target":{"@type":"EntryPoint","urlTemplate":"https:\/\/sanatmetal.hu\/?s={search_term_string}"},"query-input":{"@type":"PropertyValueSpecification","valueRequired":true,"valueName":"search_term_string"}}],"inLanguage":"ro-RO"},{"@type":"Organization","@id":"https:\/\/sanatmetal.hu\/#organization","name":"Sanatmetal","url":"https:\/\/sanatmetal.hu\/","logo":{"@type":"ImageObject","inLanguage":"ro-RO","@id":"https:\/\/sanatmetal.hu\/#\/schema\/logo\/image\/","url":"https:\/\/sanatmetal.hu\/wp-content\/uploads\/2024\/10\/Nevtelen-terv-5-e1728647058747.png","contentUrl":"https:\/\/sanatmetal.hu\/wp-content\/uploads\/2024\/10\/Nevtelen-terv-5-e1728647058747.png","width":1410,"height":1293,"caption":"Sanatmetal"},"image":{"@id":"https:\/\/sanatmetal.hu\/#\/schema\/logo\/image\/"}}]}},"_links":{"self":[{"href":"https:\/\/sanatmetal.hu\/ro\/wp-json\/wp\/v2\/product\/10354","targetHints":{"allow":["GET"]}}],"collection":[{"href":"https:\/\/sanatmetal.hu\/ro\/wp-json\/wp\/v2\/product"}],"about":[{"href":"https:\/\/sanatmetal.hu\/ro\/wp-json\/wp\/v2\/types\/product"}],"wp:featuredmedia":[{"embeddable":true,"href":"https:\/\/sanatmetal.hu\/ro\/wp-json\/wp\/v2\/media\/10355"}],"wp:attachment":[{"href":"https:\/\/sanatmetal.hu\/ro\/wp-json\/wp\/v2\/media?parent=10354"}],"wp:term":[{"taxonomy":"product_brand","embeddable":true,"href":"https:\/\/sanatmetal.hu\/ro\/wp-json\/wp\/v2\/product_brand?post=10354"},{"taxonomy":"product_cat","embeddable":true,"href":"https:\/\/sanatmetal.hu\/ro\/wp-json\/wp\/v2\/product_cat?post=10354"},{"taxonomy":"product_tag","embeddable":true,"href":"https:\/\/sanatmetal.hu\/ro\/wp-json\/wp\/v2\/product_tag?post=10354"}],"curies":[{"name":"wp","href":"https:\/\/api.w.org\/{rel}","templated":true}]}}