{"id":10472,"date":"2020-03-04T11:24:30","date_gmt":"2020-05-06T12:02:39","guid":{"rendered":"https:\/\/sanatmetal.hu\/product\/twx-e-nail\/"},"modified":"2021-09-30T09:56:05","modified_gmt":"2021-09-30T09:56:05","slug":"twx-e-nail","status":"publish","type":"product","link":"https:\/\/sanatmetal.hu\/ro\/product\/twx-e-nail\/","title":{"rendered":"Tija TWX E"},"content":{"rendered":"<p>TWX E e o tija cu o gaura speciala care ajuta la zavorarea distala fara a folosi prea mult razele X.<br \/>\nAvantaje cheie:<br \/>\n&#8211; Zavorare din mai multe unghiuri<br \/>\n&#8211; Manerul se poate roti la apasarea butonului<br \/>\n&#8211; Speci\u00e1lis distalis ferde furat a szeg v\u00e9g\u00e9t\u0151l 5 mm-re<br \/>\n&#8211; anat\u00f3miai hajl\u00edt\u00e1s\u00fa szeg a k\u00f6nyebb bevezethet\u0151s\u00e9g\u00e9rt<br \/>\n&#8211; kan\u00fcl\u00e1lt, dinamiz\u00e1lhat\u00f3 szeg<br \/>\n&#8211; sz\u00e9les m\u00e9retv\u00e1laszt\u00e9k hosszban \u00e9s \u00e1tm\u00e9r\u0151ben egyar\u00e1nt<br \/>\n&#8211; sz\u00ednk\u00f3dolt, t\u00e9veszt\u00e9smentes rendszer<\/p>\n","protected":false},"excerpt":{"rendered":"<p>TWX E e o tija cu o gaura speciala care ajuta la zavorarea distala fara a folosi prea mult razele X. Avantaje cheie: &#8211; Zavorare din mai multe unghiuri &#8211; Manerul se poate roti la apasarea butonului &#8211; Speci\u00e1lis distalis ferde furat a szeg v\u00e9g\u00e9t\u0151l 5 mm-re &#8211; anat\u00f3miai hajl\u00edt\u00e1s\u00fa szeg a k\u00f6nyebb bevezethet\u0151s\u00e9g\u00e9rt &#8211; [&hellip;]<\/p>\n","protected":false},"featured_media":10473,"template":"","meta":[],"product_brand":[],"product_cat":[892],"product_tag":[],"class_list":{"0":"post-10472","1":"product","2":"type-product","3":"status-publish","4":"has-post-thumbnail","6":"product_cat-tibie","7":"testtaj-membru-inferior","8":"testtaj-tibie","9":"testtaj-tije-ro-5","11":"first","12":"instock","13":"shipping-taxable","14":"product-type-simple"},"yoast_head":"<!-- This site is optimized with the Yoast SEO plugin v27.2 - https:\/\/yoast.com\/product\/yoast-seo-wordpress\/ -->\n<title>Tija TWX E - Sanatmetal<\/title>\n<meta name=\"robots\" content=\"index, follow, max-snippet:-1, max-image-preview:large, max-video-preview:-1\" \/>\n<link rel=\"canonical\" href=\"https:\/\/sanatmetal.hu\/ro\/product\/twx-e-nail\/\" \/>\n<meta property=\"og:locale\" content=\"ro_RO\" \/>\n<meta property=\"og:type\" content=\"article\" \/>\n<meta property=\"og:title\" content=\"Tija TWX E - Sanatmetal\" \/>\n<meta property=\"og:description\" content=\"TWX E e o tija cu o gaura speciala care ajuta la zavorarea distala fara a folosi prea mult razele X. Avantaje cheie: &#8211; Zavorare din mai multe unghiuri &#8211; Manerul se poate roti la apasarea butonului &#8211; Speci\u00e1lis distalis ferde furat a szeg v\u00e9g\u00e9t\u0151l 5 mm-re &#8211; anat\u00f3miai hajl\u00edt\u00e1s\u00fa szeg a k\u00f6nyebb bevezethet\u0151s\u00e9g\u00e9rt &#8211; [&hellip;]\" \/>\n<meta property=\"og:url\" content=\"https:\/\/sanatmetal.hu\/ro\/product\/twx-e-nail\/\" \/>\n<meta property=\"og:site_name\" content=\"Sanatmetal\" \/>\n<meta property=\"article:modified_time\" content=\"2021-09-30T09:56:05+00:00\" \/>\n<meta property=\"og:image\" content=\"https:\/\/sanatmetal.hu\/wp-content\/uploads\/2020\/03\/TWX.webp\" \/>\n\t<meta property=\"og:image:width\" content=\"1200\" \/>\n\t<meta property=\"og:image:height\" content=\"798\" \/>\n\t<meta property=\"og:image:type\" content=\"image\/jpeg\" \/>\n<meta name=\"twitter:card\" content=\"summary_large_image\" \/>\n<script type=\"application\/ld+json\" class=\"yoast-schema-graph\">{\"@context\":\"https:\/\/schema.org\",\"@graph\":[{\"@type\":\"WebPage\",\"@id\":\"https:\/\/sanatmetal.hu\/ro\/product\/twx-e-nail\/\",\"url\":\"https:\/\/sanatmetal.hu\/ro\/product\/twx-e-nail\/\",\"name\":\"Tija TWX E - Sanatmetal\",\"isPartOf\":{\"@id\":\"https:\/\/sanatmetal.hu\/#website\"},\"primaryImageOfPage\":{\"@id\":\"https:\/\/sanatmetal.hu\/ro\/product\/twx-e-nail\/#primaryimage\"},\"image\":{\"@id\":\"https:\/\/sanatmetal.hu\/ro\/product\/twx-e-nail\/#primaryimage\"},\"thumbnailUrl\":\"https:\/\/sanatmetal.hu\/wp-content\/uploads\/2020\/03\/TWX.webp\",\"datePublished\":\"2020-05-06T12:02:39+00:00\",\"dateModified\":\"2021-09-30T09:56:05+00:00\",\"breadcrumb\":{\"@id\":\"https:\/\/sanatmetal.hu\/ro\/product\/twx-e-nail\/#breadcrumb\"},\"inLanguage\":\"ro-RO\",\"potentialAction\":[{\"@type\":\"ReadAction\",\"target\":[\"https:\/\/sanatmetal.hu\/ro\/product\/twx-e-nail\/\"]}]},{\"@type\":\"ImageObject\",\"inLanguage\":\"ro-RO\",\"@id\":\"https:\/\/sanatmetal.hu\/ro\/product\/twx-e-nail\/#primaryimage\",\"url\":\"https:\/\/sanatmetal.hu\/wp-content\/uploads\/2020\/03\/TWX.webp\",\"contentUrl\":\"https:\/\/sanatmetal.hu\/wp-content\/uploads\/2020\/03\/TWX.webp\",\"width\":1200,\"height\":798},{\"@type\":\"BreadcrumbList\",\"@id\":\"https:\/\/sanatmetal.hu\/ro\/product\/twx-e-nail\/#breadcrumb\",\"itemListElement\":[{\"@type\":\"ListItem\",\"position\":1,\"name\":\"Home\",\"item\":\"https:\/\/sanatmetal.hu\/ro\/\"},{\"@type\":\"ListItem\",\"position\":2,\"name\":\"Produse\",\"item\":\"https:\/\/sanatmetal.hu\/ro\/our-products\/\"},{\"@type\":\"ListItem\",\"position\":3,\"name\":\"Tija TWX E\"}]},{\"@type\":\"WebSite\",\"@id\":\"https:\/\/sanatmetal.hu\/#website\",\"url\":\"https:\/\/sanatmetal.hu\/\",\"name\":\"Sanatmetal\",\"description\":\"\",\"publisher\":{\"@id\":\"https:\/\/sanatmetal.hu\/#organization\"},\"potentialAction\":[{\"@type\":\"SearchAction\",\"target\":{\"@type\":\"EntryPoint\",\"urlTemplate\":\"https:\/\/sanatmetal.hu\/?s={search_term_string}\"},\"query-input\":{\"@type\":\"PropertyValueSpecification\",\"valueRequired\":true,\"valueName\":\"search_term_string\"}}],\"inLanguage\":\"ro-RO\"},{\"@type\":\"Organization\",\"@id\":\"https:\/\/sanatmetal.hu\/#organization\",\"name\":\"Sanatmetal\",\"url\":\"https:\/\/sanatmetal.hu\/\",\"logo\":{\"@type\":\"ImageObject\",\"inLanguage\":\"ro-RO\",\"@id\":\"https:\/\/sanatmetal.hu\/#\/schema\/logo\/image\/\",\"url\":\"https:\/\/sanatmetal.hu\/wp-content\/uploads\/2024\/10\/Nevtelen-terv-5-e1728647058747.png\",\"contentUrl\":\"https:\/\/sanatmetal.hu\/wp-content\/uploads\/2024\/10\/Nevtelen-terv-5-e1728647058747.png\",\"width\":1410,\"height\":1293,\"caption\":\"Sanatmetal\"},\"image\":{\"@id\":\"https:\/\/sanatmetal.hu\/#\/schema\/logo\/image\/\"}}]}<\/script>\n<!-- \/ Yoast SEO plugin. -->","yoast_head_json":{"title":"Tija TWX E - Sanatmetal","robots":{"index":"index","follow":"follow","max-snippet":"max-snippet:-1","max-image-preview":"max-image-preview:large","max-video-preview":"max-video-preview:-1"},"canonical":"https:\/\/sanatmetal.hu\/ro\/product\/twx-e-nail\/","og_locale":"ro_RO","og_type":"article","og_title":"Tija TWX E - Sanatmetal","og_description":"TWX E e o tija cu o gaura speciala care ajuta la zavorarea distala fara a folosi prea mult razele X. Avantaje cheie: &#8211; Zavorare din mai multe unghiuri &#8211; Manerul se poate roti la apasarea butonului &#8211; Speci\u00e1lis distalis ferde furat a szeg v\u00e9g\u00e9t\u0151l 5 mm-re &#8211; anat\u00f3miai hajl\u00edt\u00e1s\u00fa szeg a k\u00f6nyebb bevezethet\u0151s\u00e9g\u00e9rt &#8211; [&hellip;]","og_url":"https:\/\/sanatmetal.hu\/ro\/product\/twx-e-nail\/","og_site_name":"Sanatmetal","article_modified_time":"2021-09-30T09:56:05+00:00","og_image":[{"width":1200,"height":798,"url":"https:\/\/sanatmetal.hu\/wp-content\/uploads\/2020\/03\/TWX.webp","type":"image\/jpeg"}],"twitter_card":"summary_large_image","schema":{"@context":"https:\/\/schema.org","@graph":[{"@type":"WebPage","@id":"https:\/\/sanatmetal.hu\/ro\/product\/twx-e-nail\/","url":"https:\/\/sanatmetal.hu\/ro\/product\/twx-e-nail\/","name":"Tija TWX E - Sanatmetal","isPartOf":{"@id":"https:\/\/sanatmetal.hu\/#website"},"primaryImageOfPage":{"@id":"https:\/\/sanatmetal.hu\/ro\/product\/twx-e-nail\/#primaryimage"},"image":{"@id":"https:\/\/sanatmetal.hu\/ro\/product\/twx-e-nail\/#primaryimage"},"thumbnailUrl":"https:\/\/sanatmetal.hu\/wp-content\/uploads\/2020\/03\/TWX.webp","datePublished":"2020-05-06T12:02:39+00:00","dateModified":"2021-09-30T09:56:05+00:00","breadcrumb":{"@id":"https:\/\/sanatmetal.hu\/ro\/product\/twx-e-nail\/#breadcrumb"},"inLanguage":"ro-RO","potentialAction":[{"@type":"ReadAction","target":["https:\/\/sanatmetal.hu\/ro\/product\/twx-e-nail\/"]}]},{"@type":"ImageObject","inLanguage":"ro-RO","@id":"https:\/\/sanatmetal.hu\/ro\/product\/twx-e-nail\/#primaryimage","url":"https:\/\/sanatmetal.hu\/wp-content\/uploads\/2020\/03\/TWX.webp","contentUrl":"https:\/\/sanatmetal.hu\/wp-content\/uploads\/2020\/03\/TWX.webp","width":1200,"height":798},{"@type":"BreadcrumbList","@id":"https:\/\/sanatmetal.hu\/ro\/product\/twx-e-nail\/#breadcrumb","itemListElement":[{"@type":"ListItem","position":1,"name":"Home","item":"https:\/\/sanatmetal.hu\/ro\/"},{"@type":"ListItem","position":2,"name":"Produse","item":"https:\/\/sanatmetal.hu\/ro\/our-products\/"},{"@type":"ListItem","position":3,"name":"Tija TWX E"}]},{"@type":"WebSite","@id":"https:\/\/sanatmetal.hu\/#website","url":"https:\/\/sanatmetal.hu\/","name":"Sanatmetal","description":"","publisher":{"@id":"https:\/\/sanatmetal.hu\/#organization"},"potentialAction":[{"@type":"SearchAction","target":{"@type":"EntryPoint","urlTemplate":"https:\/\/sanatmetal.hu\/?s={search_term_string}"},"query-input":{"@type":"PropertyValueSpecification","valueRequired":true,"valueName":"search_term_string"}}],"inLanguage":"ro-RO"},{"@type":"Organization","@id":"https:\/\/sanatmetal.hu\/#organization","name":"Sanatmetal","url":"https:\/\/sanatmetal.hu\/","logo":{"@type":"ImageObject","inLanguage":"ro-RO","@id":"https:\/\/sanatmetal.hu\/#\/schema\/logo\/image\/","url":"https:\/\/sanatmetal.hu\/wp-content\/uploads\/2024\/10\/Nevtelen-terv-5-e1728647058747.png","contentUrl":"https:\/\/sanatmetal.hu\/wp-content\/uploads\/2024\/10\/Nevtelen-terv-5-e1728647058747.png","width":1410,"height":1293,"caption":"Sanatmetal"},"image":{"@id":"https:\/\/sanatmetal.hu\/#\/schema\/logo\/image\/"}}]}},"_links":{"self":[{"href":"https:\/\/sanatmetal.hu\/ro\/wp-json\/wp\/v2\/product\/10472","targetHints":{"allow":["GET"]}}],"collection":[{"href":"https:\/\/sanatmetal.hu\/ro\/wp-json\/wp\/v2\/product"}],"about":[{"href":"https:\/\/sanatmetal.hu\/ro\/wp-json\/wp\/v2\/types\/product"}],"wp:featuredmedia":[{"embeddable":true,"href":"https:\/\/sanatmetal.hu\/ro\/wp-json\/wp\/v2\/media\/10473"}],"wp:attachment":[{"href":"https:\/\/sanatmetal.hu\/ro\/wp-json\/wp\/v2\/media?parent=10472"}],"wp:term":[{"taxonomy":"product_brand","embeddable":true,"href":"https:\/\/sanatmetal.hu\/ro\/wp-json\/wp\/v2\/product_brand?post=10472"},{"taxonomy":"product_cat","embeddable":true,"href":"https:\/\/sanatmetal.hu\/ro\/wp-json\/wp\/v2\/product_cat?post=10472"},{"taxonomy":"product_tag","embeddable":true,"href":"https:\/\/sanatmetal.hu\/ro\/wp-json\/wp\/v2\/product_tag?post=10472"}],"curies":[{"name":"wp","href":"https:\/\/api.w.org\/{rel}","templated":true}]}}