{"id":16558,"date":"2020-04-21T18:15:30","date_gmt":"2020-04-21T18:15:30","guid":{"rendered":"https:\/\/sanatmetal.hu\/membership\/"},"modified":"2026-03-23T10:17:17","modified_gmt":"2026-03-23T09:17:17","slug":"uyeliklerimiz","status":"publish","type":"page","link":"https:\/\/sanatmetal.hu\/tr\/uyeliklerimiz\/","title":{"rendered":"\u00dcyeliklerimiz"},"content":{"rendered":"<p><a href=\"http:\/\/megysz.hu\/tagvallalataink\/\">Macar Sa\u011fl\u0131k End\u00fcstrisi \u00dcreticileri Birli\u011fi<\/a><br \/>\n<a href=\"https:\/\/mapiklub.hu\/tagjaink\/tagjaink\/\">Pazardaki Macarlar<\/a><\/p>\n","protected":false},"excerpt":{"rendered":"<p>Macar Sa\u011fl\u0131k End\u00fcstrisi \u00dcreticileri Birli\u011fi Pazardaki Macarlar<\/p>\n","protected":false},"author":1,"featured_media":0,"parent":0,"menu_order":0,"comment_status":"closed","ping_status":"closed","template":"","meta":{"footnotes":""},"class_list":["post-16558","page","type-page","status-publish","hentry"],"yoast_head":"<!-- This site is optimized with the Yoast SEO plugin v27.2 - https:\/\/yoast.com\/product\/yoast-seo-wordpress\/ -->\n<title>\u00dcyeliklerimiz - Sanatmetal<\/title>\n<meta name=\"robots\" content=\"index, follow, max-snippet:-1, max-image-preview:large, max-video-preview:-1\" \/>\n<link rel=\"canonical\" href=\"https:\/\/sanatmetal.hu\/tr\/uyeliklerimiz\/\" \/>\n<meta property=\"og:locale\" content=\"tr_TR\" \/>\n<meta property=\"og:type\" content=\"article\" \/>\n<meta property=\"og:title\" content=\"\u00dcyeliklerimiz - Sanatmetal\" \/>\n<meta property=\"og:description\" content=\"Macar Sa\u011fl\u0131k End\u00fcstrisi \u00dcreticileri Birli\u011fi Pazardaki Macarlar\" \/>\n<meta property=\"og:url\" content=\"https:\/\/sanatmetal.hu\/tr\/uyeliklerimiz\/\" \/>\n<meta property=\"og:site_name\" content=\"Sanatmetal\" \/>\n<meta property=\"article:modified_time\" content=\"2026-03-23T09:17:17+00:00\" \/>\n<meta name=\"twitter:card\" content=\"summary_large_image\" \/>\n<meta name=\"twitter:label1\" content=\"Est. reading time\" \/>\n\t<meta name=\"twitter:data1\" content=\"1 minute\" \/>\n<script type=\"application\/ld+json\" class=\"yoast-schema-graph\">{\"@context\":\"https:\/\/schema.org\",\"@graph\":[{\"@type\":\"WebPage\",\"@id\":\"https:\/\/sanatmetal.hu\/tr\/uyeliklerimiz\/\",\"url\":\"https:\/\/sanatmetal.hu\/tr\/uyeliklerimiz\/\",\"name\":\"\u00dcyeliklerimiz - Sanatmetal\",\"isPartOf\":{\"@id\":\"https:\/\/sanatmetal.hu\/#website\"},\"datePublished\":\"2020-04-21T18:15:30+00:00\",\"dateModified\":\"2026-03-23T09:17:17+00:00\",\"breadcrumb\":{\"@id\":\"https:\/\/sanatmetal.hu\/tr\/uyeliklerimiz\/#breadcrumb\"},\"inLanguage\":\"tr-TR\",\"potentialAction\":[{\"@type\":\"ReadAction\",\"target\":[\"https:\/\/sanatmetal.hu\/tr\/uyeliklerimiz\/\"]}]},{\"@type\":\"BreadcrumbList\",\"@id\":\"https:\/\/sanatmetal.hu\/tr\/uyeliklerimiz\/#breadcrumb\",\"itemListElement\":[{\"@type\":\"ListItem\",\"position\":1,\"name\":\"Home\",\"item\":\"https:\/\/sanatmetal.hu\/tr\/\"},{\"@type\":\"ListItem\",\"position\":2,\"name\":\"\u00dcyeliklerimiz\"}]},{\"@type\":\"WebSite\",\"@id\":\"https:\/\/sanatmetal.hu\/#website\",\"url\":\"https:\/\/sanatmetal.hu\/\",\"name\":\"Sanatmetal\",\"description\":\"\",\"publisher\":{\"@id\":\"https:\/\/sanatmetal.hu\/#organization\"},\"potentialAction\":[{\"@type\":\"SearchAction\",\"target\":{\"@type\":\"EntryPoint\",\"urlTemplate\":\"https:\/\/sanatmetal.hu\/?s={search_term_string}\"},\"query-input\":{\"@type\":\"PropertyValueSpecification\",\"valueRequired\":true,\"valueName\":\"search_term_string\"}}],\"inLanguage\":\"tr-TR\"},{\"@type\":\"Organization\",\"@id\":\"https:\/\/sanatmetal.hu\/#organization\",\"name\":\"Sanatmetal\",\"url\":\"https:\/\/sanatmetal.hu\/\",\"logo\":{\"@type\":\"ImageObject\",\"inLanguage\":\"tr-TR\",\"@id\":\"https:\/\/sanatmetal.hu\/#\/schema\/logo\/image\/\",\"url\":\"https:\/\/sanatmetal.hu\/wp-content\/uploads\/2024\/10\/Nevtelen-terv-5-e1728647058747.png\",\"contentUrl\":\"https:\/\/sanatmetal.hu\/wp-content\/uploads\/2024\/10\/Nevtelen-terv-5-e1728647058747.png\",\"width\":1410,\"height\":1293,\"caption\":\"Sanatmetal\"},\"image\":{\"@id\":\"https:\/\/sanatmetal.hu\/#\/schema\/logo\/image\/\"}}]}<\/script>\n<!-- \/ Yoast SEO plugin. -->","yoast_head_json":{"title":"\u00dcyeliklerimiz - Sanatmetal","robots":{"index":"index","follow":"follow","max-snippet":"max-snippet:-1","max-image-preview":"max-image-preview:large","max-video-preview":"max-video-preview:-1"},"canonical":"https:\/\/sanatmetal.hu\/tr\/uyeliklerimiz\/","og_locale":"tr_TR","og_type":"article","og_title":"\u00dcyeliklerimiz - Sanatmetal","og_description":"Macar Sa\u011fl\u0131k End\u00fcstrisi \u00dcreticileri Birli\u011fi Pazardaki Macarlar","og_url":"https:\/\/sanatmetal.hu\/tr\/uyeliklerimiz\/","og_site_name":"Sanatmetal","article_modified_time":"2026-03-23T09:17:17+00:00","twitter_card":"summary_large_image","twitter_misc":{"Est. reading time":"1 minute"},"schema":{"@context":"https:\/\/schema.org","@graph":[{"@type":"WebPage","@id":"https:\/\/sanatmetal.hu\/tr\/uyeliklerimiz\/","url":"https:\/\/sanatmetal.hu\/tr\/uyeliklerimiz\/","name":"\u00dcyeliklerimiz - Sanatmetal","isPartOf":{"@id":"https:\/\/sanatmetal.hu\/#website"},"datePublished":"2020-04-21T18:15:30+00:00","dateModified":"2026-03-23T09:17:17+00:00","breadcrumb":{"@id":"https:\/\/sanatmetal.hu\/tr\/uyeliklerimiz\/#breadcrumb"},"inLanguage":"tr-TR","potentialAction":[{"@type":"ReadAction","target":["https:\/\/sanatmetal.hu\/tr\/uyeliklerimiz\/"]}]},{"@type":"BreadcrumbList","@id":"https:\/\/sanatmetal.hu\/tr\/uyeliklerimiz\/#breadcrumb","itemListElement":[{"@type":"ListItem","position":1,"name":"Home","item":"https:\/\/sanatmetal.hu\/tr\/"},{"@type":"ListItem","position":2,"name":"\u00dcyeliklerimiz"}]},{"@type":"WebSite","@id":"https:\/\/sanatmetal.hu\/#website","url":"https:\/\/sanatmetal.hu\/","name":"Sanatmetal","description":"","publisher":{"@id":"https:\/\/sanatmetal.hu\/#organization"},"potentialAction":[{"@type":"SearchAction","target":{"@type":"EntryPoint","urlTemplate":"https:\/\/sanatmetal.hu\/?s={search_term_string}"},"query-input":{"@type":"PropertyValueSpecification","valueRequired":true,"valueName":"search_term_string"}}],"inLanguage":"tr-TR"},{"@type":"Organization","@id":"https:\/\/sanatmetal.hu\/#organization","name":"Sanatmetal","url":"https:\/\/sanatmetal.hu\/","logo":{"@type":"ImageObject","inLanguage":"tr-TR","@id":"https:\/\/sanatmetal.hu\/#\/schema\/logo\/image\/","url":"https:\/\/sanatmetal.hu\/wp-content\/uploads\/2024\/10\/Nevtelen-terv-5-e1728647058747.png","contentUrl":"https:\/\/sanatmetal.hu\/wp-content\/uploads\/2024\/10\/Nevtelen-terv-5-e1728647058747.png","width":1410,"height":1293,"caption":"Sanatmetal"},"image":{"@id":"https:\/\/sanatmetal.hu\/#\/schema\/logo\/image\/"}}]}},"_links":{"self":[{"href":"https:\/\/sanatmetal.hu\/tr\/wp-json\/wp\/v2\/pages\/16558","targetHints":{"allow":["GET"]}}],"collection":[{"href":"https:\/\/sanatmetal.hu\/tr\/wp-json\/wp\/v2\/pages"}],"about":[{"href":"https:\/\/sanatmetal.hu\/tr\/wp-json\/wp\/v2\/types\/page"}],"author":[{"embeddable":true,"href":"https:\/\/sanatmetal.hu\/tr\/wp-json\/wp\/v2\/users\/1"}],"replies":[{"embeddable":true,"href":"https:\/\/sanatmetal.hu\/tr\/wp-json\/wp\/v2\/comments?post=16558"}],"version-history":[{"count":3,"href":"https:\/\/sanatmetal.hu\/tr\/wp-json\/wp\/v2\/pages\/16558\/revisions"}],"predecessor-version":[{"id":17892,"href":"https:\/\/sanatmetal.hu\/tr\/wp-json\/wp\/v2\/pages\/16558\/revisions\/17892"}],"wp:attachment":[{"href":"https:\/\/sanatmetal.hu\/tr\/wp-json\/wp\/v2\/media?parent=16558"}],"curies":[{"name":"wp","href":"https:\/\/api.w.org\/{rel}","templated":true}]}}