{"id":16572,"date":"2020-03-17T10:41:59","date_gmt":"2020-03-17T10:41:59","guid":{"rendered":"https:\/\/sanatmetal.hu\/about-us\/"},"modified":"2026-03-23T10:02:28","modified_gmt":"2026-03-23T09:02:28","slug":"hakkimizda","status":"publish","type":"page","link":"https:\/\/sanatmetal.hu\/tr\/hakkimizda\/","title":{"rendered":"Hakk\u0131m\u0131zda"},"content":{"rendered":"<h1><\/h1>\n<p data-start=\"0\" data-end=\"747\">\u201cSanatmetal olarak, yar\u0131m y\u00fczy\u0131ldan uzun bir s\u00fcredir d\u00fcnya standartlar\u0131nda t\u0131bbi \u00fcr\u00fcnlerle insanlar\u0131n ya\u015fam kalitesini y\u00fckseltmek i\u00e7in \u00e7al\u0131\u015f\u0131yoruz. En iyi sonu\u00e7lar\u0131 elde etmek amac\u0131yla, travmatoloji, omurga cerrahisi ve dental implant alan\u0131ndaki \u00fcr\u00fcnlerimizi, ayr\u0131ca yenilik\u00e7i tan\u0131 cihazlar\u0131m\u0131z\u0131, uluslararas\u0131 alanda tan\u0131nm\u0131\u015f doktorlar ve d\u00fcnyan\u0131n \u00f6nde gelen \u015firketleriyle i\u015f birli\u011fi i\u00e7inde geli\u015ftirdik. Sekt\u00f6rdeki varl\u0131\u011f\u0131m\u0131z a\u00e7\u0131kl\u0131k ve yenilik\u00e7i d\u00fc\u015f\u00fcnceyle \u015fekillenmektedir; s\u00fcrekli olarak ilerleme ve i\u015f birli\u011fi f\u0131rsatlar\u0131 ar\u0131yoruz. Bunun yan\u0131 s\u0131ra, 300\u2019\u00fc a\u015fk\u0131n \u00e7al\u0131\u015fan\u0131m\u0131za g\u00fcvenli, sevilen ve her g\u00fcn keyifle \u00e7al\u0131\u015f\u0131labilecek bir i\u015f ortam\u0131 sunmak da bizim i\u00e7in son derece \u00f6nemlidir; \u00e7\u00fcnk\u00fc ortak hedefimiz insanlar\u0131n hayat\u0131n\u0131 kolayla\u015ft\u0131rmakt\u0131r.\u201d<\/p>\n<p data-start=\"749\" data-end=\"762\">J\u00f3zsef Farkas<\/p>\n<p data-start=\"764\" data-end=\"775\" data-is-last-node=\"\" data-is-only-node=\"\">Genel M\u00fcd\u00fcr<\/p>\n","protected":false},"excerpt":{"rendered":"<p>\u201cSanatmetal olarak, yar\u0131m y\u00fczy\u0131ldan uzun bir s\u00fcredir d\u00fcnya standartlar\u0131nda t\u0131bbi \u00fcr\u00fcnlerle insanlar\u0131n ya\u015fam kalitesini y\u00fckseltmek i\u00e7in \u00e7al\u0131\u015f\u0131yoruz. En iyi sonu\u00e7lar\u0131 elde etmek amac\u0131yla, travmatoloji, omurga cerrahisi ve dental implant alan\u0131ndaki \u00fcr\u00fcnlerimizi, ayr\u0131ca yenilik\u00e7i tan\u0131 cihazlar\u0131m\u0131z\u0131, uluslararas\u0131 alanda tan\u0131nm\u0131\u015f doktorlar ve d\u00fcnyan\u0131n \u00f6nde gelen \u015firketleriyle i\u015f birli\u011fi i\u00e7inde geli\u015ftirdik. Sekt\u00f6rdeki varl\u0131\u011f\u0131m\u0131z a\u00e7\u0131kl\u0131k ve yenilik\u00e7i d\u00fc\u015f\u00fcnceyle \u015fekillenmektedir; [&hellip;]<\/p>\n","protected":false},"author":1,"featured_media":16573,"parent":0,"menu_order":0,"comment_status":"closed","ping_status":"closed","template":"page-rolunk.php","meta":{"footnotes":""},"class_list":["post-16572","page","type-page","status-publish","has-post-thumbnail","hentry"],"yoast_head":"<!-- This site is optimized with the Yoast SEO plugin v27.2 - https:\/\/yoast.com\/product\/yoast-seo-wordpress\/ -->\n<title>Hakk\u0131m\u0131zda - Sanatmetal<\/title>\n<meta name=\"robots\" content=\"index, follow, max-snippet:-1, max-image-preview:large, max-video-preview:-1\" \/>\n<link rel=\"canonical\" href=\"https:\/\/sanatmetal.hu\/tr\/hakkimizda\/\" \/>\n<meta property=\"og:locale\" content=\"tr_TR\" \/>\n<meta property=\"og:type\" content=\"article\" \/>\n<meta property=\"og:title\" content=\"Hakk\u0131m\u0131zda - Sanatmetal\" \/>\n<meta property=\"og:description\" content=\"\u201cSanatmetal olarak, yar\u0131m y\u00fczy\u0131ldan uzun bir s\u00fcredir d\u00fcnya standartlar\u0131nda t\u0131bbi \u00fcr\u00fcnlerle insanlar\u0131n ya\u015fam kalitesini y\u00fckseltmek i\u00e7in \u00e7al\u0131\u015f\u0131yoruz. En iyi sonu\u00e7lar\u0131 elde etmek amac\u0131yla, travmatoloji, omurga cerrahisi ve dental implant alan\u0131ndaki \u00fcr\u00fcnlerimizi, ayr\u0131ca yenilik\u00e7i tan\u0131 cihazlar\u0131m\u0131z\u0131, uluslararas\u0131 alanda tan\u0131nm\u0131\u015f doktorlar ve d\u00fcnyan\u0131n \u00f6nde gelen \u015firketleriyle i\u015f birli\u011fi i\u00e7inde geli\u015ftirdik. Sekt\u00f6rdeki varl\u0131\u011f\u0131m\u0131z a\u00e7\u0131kl\u0131k ve yenilik\u00e7i d\u00fc\u015f\u00fcnceyle \u015fekillenmektedir; [&hellip;]\" \/>\n<meta property=\"og:url\" content=\"https:\/\/sanatmetal.hu\/tr\/hakkimizda\/\" \/>\n<meta property=\"og:site_name\" content=\"Sanatmetal\" \/>\n<meta property=\"article:modified_time\" content=\"2026-03-23T09:02:28+00:00\" \/>\n<meta property=\"og:image\" content=\"https:\/\/sanatmetal.hu\/wp-content\/uploads\/2020\/01\/header_rolunk.webp\" \/>\n\t<meta property=\"og:image:width\" content=\"1914\" \/>\n\t<meta property=\"og:image:height\" content=\"776\" \/>\n\t<meta property=\"og:image:type\" content=\"image\/jpeg\" \/>\n<meta name=\"twitter:card\" content=\"summary_large_image\" \/>\n<meta name=\"twitter:label1\" content=\"Est. reading time\" \/>\n\t<meta name=\"twitter:data1\" content=\"1 minute\" \/>\n<script type=\"application\/ld+json\" class=\"yoast-schema-graph\">{\"@context\":\"https:\/\/schema.org\",\"@graph\":[{\"@type\":\"WebPage\",\"@id\":\"https:\/\/sanatmetal.hu\/tr\/hakkimizda\/\",\"url\":\"https:\/\/sanatmetal.hu\/tr\/hakkimizda\/\",\"name\":\"Hakk\u0131m\u0131zda - Sanatmetal\",\"isPartOf\":{\"@id\":\"https:\/\/sanatmetal.hu\/#website\"},\"primaryImageOfPage\":{\"@id\":\"https:\/\/sanatmetal.hu\/tr\/hakkimizda\/#primaryimage\"},\"image\":{\"@id\":\"https:\/\/sanatmetal.hu\/tr\/hakkimizda\/#primaryimage\"},\"thumbnailUrl\":\"https:\/\/sanatmetal.hu\/wp-content\/uploads\/2020\/01\/header_rolunk.webp\",\"datePublished\":\"2020-03-17T10:41:59+00:00\",\"dateModified\":\"2026-03-23T09:02:28+00:00\",\"breadcrumb\":{\"@id\":\"https:\/\/sanatmetal.hu\/tr\/hakkimizda\/#breadcrumb\"},\"inLanguage\":\"tr-TR\",\"potentialAction\":[{\"@type\":\"ReadAction\",\"target\":[\"https:\/\/sanatmetal.hu\/tr\/hakkimizda\/\"]}]},{\"@type\":\"ImageObject\",\"inLanguage\":\"tr-TR\",\"@id\":\"https:\/\/sanatmetal.hu\/tr\/hakkimizda\/#primaryimage\",\"url\":\"https:\/\/sanatmetal.hu\/wp-content\/uploads\/2020\/01\/header_rolunk.webp\",\"contentUrl\":\"https:\/\/sanatmetal.hu\/wp-content\/uploads\/2020\/01\/header_rolunk.webp\",\"width\":1914,\"height\":776},{\"@type\":\"BreadcrumbList\",\"@id\":\"https:\/\/sanatmetal.hu\/tr\/hakkimizda\/#breadcrumb\",\"itemListElement\":[{\"@type\":\"ListItem\",\"position\":1,\"name\":\"Home\",\"item\":\"https:\/\/sanatmetal.hu\/tr\/\"},{\"@type\":\"ListItem\",\"position\":2,\"name\":\"Hakk\u0131m\u0131zda\"}]},{\"@type\":\"WebSite\",\"@id\":\"https:\/\/sanatmetal.hu\/#website\",\"url\":\"https:\/\/sanatmetal.hu\/\",\"name\":\"Sanatmetal\",\"description\":\"\",\"publisher\":{\"@id\":\"https:\/\/sanatmetal.hu\/#organization\"},\"potentialAction\":[{\"@type\":\"SearchAction\",\"target\":{\"@type\":\"EntryPoint\",\"urlTemplate\":\"https:\/\/sanatmetal.hu\/?s={search_term_string}\"},\"query-input\":{\"@type\":\"PropertyValueSpecification\",\"valueRequired\":true,\"valueName\":\"search_term_string\"}}],\"inLanguage\":\"tr-TR\"},{\"@type\":\"Organization\",\"@id\":\"https:\/\/sanatmetal.hu\/#organization\",\"name\":\"Sanatmetal\",\"url\":\"https:\/\/sanatmetal.hu\/\",\"logo\":{\"@type\":\"ImageObject\",\"inLanguage\":\"tr-TR\",\"@id\":\"https:\/\/sanatmetal.hu\/#\/schema\/logo\/image\/\",\"url\":\"https:\/\/sanatmetal.hu\/wp-content\/uploads\/2024\/10\/Nevtelen-terv-5-e1728647058747.png\",\"contentUrl\":\"https:\/\/sanatmetal.hu\/wp-content\/uploads\/2024\/10\/Nevtelen-terv-5-e1728647058747.png\",\"width\":1410,\"height\":1293,\"caption\":\"Sanatmetal\"},\"image\":{\"@id\":\"https:\/\/sanatmetal.hu\/#\/schema\/logo\/image\/\"}}]}<\/script>\n<!-- \/ Yoast SEO plugin. -->","yoast_head_json":{"title":"Hakk\u0131m\u0131zda - Sanatmetal","robots":{"index":"index","follow":"follow","max-snippet":"max-snippet:-1","max-image-preview":"max-image-preview:large","max-video-preview":"max-video-preview:-1"},"canonical":"https:\/\/sanatmetal.hu\/tr\/hakkimizda\/","og_locale":"tr_TR","og_type":"article","og_title":"Hakk\u0131m\u0131zda - Sanatmetal","og_description":"\u201cSanatmetal olarak, yar\u0131m y\u00fczy\u0131ldan uzun bir s\u00fcredir d\u00fcnya standartlar\u0131nda t\u0131bbi \u00fcr\u00fcnlerle insanlar\u0131n ya\u015fam kalitesini y\u00fckseltmek i\u00e7in \u00e7al\u0131\u015f\u0131yoruz. En iyi sonu\u00e7lar\u0131 elde etmek amac\u0131yla, travmatoloji, omurga cerrahisi ve dental implant alan\u0131ndaki \u00fcr\u00fcnlerimizi, ayr\u0131ca yenilik\u00e7i tan\u0131 cihazlar\u0131m\u0131z\u0131, uluslararas\u0131 alanda tan\u0131nm\u0131\u015f doktorlar ve d\u00fcnyan\u0131n \u00f6nde gelen \u015firketleriyle i\u015f birli\u011fi i\u00e7inde geli\u015ftirdik. Sekt\u00f6rdeki varl\u0131\u011f\u0131m\u0131z a\u00e7\u0131kl\u0131k ve yenilik\u00e7i d\u00fc\u015f\u00fcnceyle \u015fekillenmektedir; [&hellip;]","og_url":"https:\/\/sanatmetal.hu\/tr\/hakkimizda\/","og_site_name":"Sanatmetal","article_modified_time":"2026-03-23T09:02:28+00:00","og_image":[{"width":1914,"height":776,"url":"https:\/\/sanatmetal.hu\/wp-content\/uploads\/2020\/01\/header_rolunk.webp","type":"image\/jpeg"}],"twitter_card":"summary_large_image","twitter_misc":{"Est. reading time":"1 minute"},"schema":{"@context":"https:\/\/schema.org","@graph":[{"@type":"WebPage","@id":"https:\/\/sanatmetal.hu\/tr\/hakkimizda\/","url":"https:\/\/sanatmetal.hu\/tr\/hakkimizda\/","name":"Hakk\u0131m\u0131zda - Sanatmetal","isPartOf":{"@id":"https:\/\/sanatmetal.hu\/#website"},"primaryImageOfPage":{"@id":"https:\/\/sanatmetal.hu\/tr\/hakkimizda\/#primaryimage"},"image":{"@id":"https:\/\/sanatmetal.hu\/tr\/hakkimizda\/#primaryimage"},"thumbnailUrl":"https:\/\/sanatmetal.hu\/wp-content\/uploads\/2020\/01\/header_rolunk.webp","datePublished":"2020-03-17T10:41:59+00:00","dateModified":"2026-03-23T09:02:28+00:00","breadcrumb":{"@id":"https:\/\/sanatmetal.hu\/tr\/hakkimizda\/#breadcrumb"},"inLanguage":"tr-TR","potentialAction":[{"@type":"ReadAction","target":["https:\/\/sanatmetal.hu\/tr\/hakkimizda\/"]}]},{"@type":"ImageObject","inLanguage":"tr-TR","@id":"https:\/\/sanatmetal.hu\/tr\/hakkimizda\/#primaryimage","url":"https:\/\/sanatmetal.hu\/wp-content\/uploads\/2020\/01\/header_rolunk.webp","contentUrl":"https:\/\/sanatmetal.hu\/wp-content\/uploads\/2020\/01\/header_rolunk.webp","width":1914,"height":776},{"@type":"BreadcrumbList","@id":"https:\/\/sanatmetal.hu\/tr\/hakkimizda\/#breadcrumb","itemListElement":[{"@type":"ListItem","position":1,"name":"Home","item":"https:\/\/sanatmetal.hu\/tr\/"},{"@type":"ListItem","position":2,"name":"Hakk\u0131m\u0131zda"}]},{"@type":"WebSite","@id":"https:\/\/sanatmetal.hu\/#website","url":"https:\/\/sanatmetal.hu\/","name":"Sanatmetal","description":"","publisher":{"@id":"https:\/\/sanatmetal.hu\/#organization"},"potentialAction":[{"@type":"SearchAction","target":{"@type":"EntryPoint","urlTemplate":"https:\/\/sanatmetal.hu\/?s={search_term_string}"},"query-input":{"@type":"PropertyValueSpecification","valueRequired":true,"valueName":"search_term_string"}}],"inLanguage":"tr-TR"},{"@type":"Organization","@id":"https:\/\/sanatmetal.hu\/#organization","name":"Sanatmetal","url":"https:\/\/sanatmetal.hu\/","logo":{"@type":"ImageObject","inLanguage":"tr-TR","@id":"https:\/\/sanatmetal.hu\/#\/schema\/logo\/image\/","url":"https:\/\/sanatmetal.hu\/wp-content\/uploads\/2024\/10\/Nevtelen-terv-5-e1728647058747.png","contentUrl":"https:\/\/sanatmetal.hu\/wp-content\/uploads\/2024\/10\/Nevtelen-terv-5-e1728647058747.png","width":1410,"height":1293,"caption":"Sanatmetal"},"image":{"@id":"https:\/\/sanatmetal.hu\/#\/schema\/logo\/image\/"}}]}},"_links":{"self":[{"href":"https:\/\/sanatmetal.hu\/tr\/wp-json\/wp\/v2\/pages\/16572","targetHints":{"allow":["GET"]}}],"collection":[{"href":"https:\/\/sanatmetal.hu\/tr\/wp-json\/wp\/v2\/pages"}],"about":[{"href":"https:\/\/sanatmetal.hu\/tr\/wp-json\/wp\/v2\/types\/page"}],"author":[{"embeddable":true,"href":"https:\/\/sanatmetal.hu\/tr\/wp-json\/wp\/v2\/users\/1"}],"replies":[{"embeddable":true,"href":"https:\/\/sanatmetal.hu\/tr\/wp-json\/wp\/v2\/comments?post=16572"}],"version-history":[{"count":2,"href":"https:\/\/sanatmetal.hu\/tr\/wp-json\/wp\/v2\/pages\/16572\/revisions"}],"predecessor-version":[{"id":17879,"href":"https:\/\/sanatmetal.hu\/tr\/wp-json\/wp\/v2\/pages\/16572\/revisions\/17879"}],"wp:featuredmedia":[{"embeddable":true,"href":"https:\/\/sanatmetal.hu\/tr\/wp-json\/wp\/v2\/media\/16573"}],"wp:attachment":[{"href":"https:\/\/sanatmetal.hu\/tr\/wp-json\/wp\/v2\/media?parent=16572"}],"curies":[{"name":"wp","href":"https:\/\/api.w.org\/{rel}","templated":true}]}}