{"id":17263,"date":"2026-02-09T14:20:19","date_gmt":"2026-02-09T13:20:19","guid":{"rendered":"https:\/\/sanatmetal.hu\/product\/tenodesis-screw\/"},"modified":"2026-03-23T15:36:55","modified_gmt":"2026-03-23T14:36:55","slug":"tenodez-vidasi","status":"publish","type":"product","link":"https:\/\/sanatmetal.hu\/tr\/product\/tenodez-vidasi\/","title":{"rendered":"Tenodez vidas\u0131"},"content":{"rendered":"<p data-start=\"0\" data-end=\"316\">Spor cerrahisi implantlar\u0131, travma ve rekonstr\u00fcktif cerrahide tendon ve ba\u011flar\u0131n fiksasyonu amac\u0131yla kullan\u0131larak iyile\u015fme s\u00fcrecini destekler. Diz ba\u011f rekonstr\u00fcksiyonu ve ba\u011flar\u0131n kemi\u011fe tespiti i\u00e7in portf\u00f6yde Diz Ba\u011f Vidalar\u0131, Tenodez Vidalar\u0131, Ba\u011f Fiksasyon Plakalar\u0131, Butonlar ve Kemik Staple\u2019lar\u0131 yer almaktad\u0131r.<\/p>\n<p data-start=\"318\" data-end=\"551\">Tenodez vidas\u0131, hafif, dayan\u0131kl\u0131 ve biyouyumlu bir \u00e7\u00f6z\u00fcm sunan PEEK materyalden \u00fcretilmi\u015ftir. Tasar\u0131m\u0131, ba\u011flar\u0131n g\u00fcvenli fiksasyonunu ve korunmas\u0131n\u0131 sa\u011flarken, implantasyonun kolay ve hassas \u015fekilde ger\u00e7ekle\u015ftirilmesine olanak tan\u0131r.<\/p>\n<p data-start=\"553\" data-end=\"570\">Temel \u00f6zellikler:<\/p>\n<ul>\n<li data-start=\"572\" data-end=\"845\">PEEK materyal: g\u00fcvenilir ve biyouyumlu<\/li>\n<li data-start=\"572\" data-end=\"845\">K\u00fcnt vida ucu ve t\u00fcm uzunluk boyunca k\u00fcnt di\u015f profili: stabil ba\u011f fiksasyonu ve ba\u011f dokusunun korunmas\u0131<\/li>\n<li data-start=\"572\" data-end=\"845\">Kan\u00fcll\u00fc tasar\u0131m: hassas konumland\u0131rma i\u00e7in<\/li>\n<li data-start=\"572\" data-end=\"845\">Stabil i\u00e7 s\u00fcr\u00fcc\u00fc ba\u011flant\u0131s\u0131: g\u00fcvenli yerle\u015ftirme ve fiksasyon<\/li>\n<li data-start=\"572\" data-end=\"845\">Boyut aral\u0131\u011f\u0131: 4\u20136 mm \u00e7ap<\/li>\n<\/ul>\n<p data-start=\"847\" data-end=\"961\" data-is-last-node=\"\" data-is-only-node=\"\">Ba\u011f fiksasyonu ve diz ba\u011f rekonstr\u00fcksiyonunda kullan\u0131lan enstr\u00fcmanlar, Sanat Sport \u2013 CL enstr\u00fcman setine dahildir.<\/p>\n","protected":false},"excerpt":{"rendered":"<p>Spor cerrahisi implantlar\u0131, travma ve rekonstr\u00fcktif cerrahide tendon ve ba\u011flar\u0131n fiksasyonu amac\u0131yla kullan\u0131larak iyile\u015fme s\u00fcrecini destekler. Diz ba\u011f rekonstr\u00fcksiyonu ve ba\u011flar\u0131n kemi\u011fe tespiti i\u00e7in portf\u00f6yde Diz Ba\u011f Vidalar\u0131, Tenodez Vidalar\u0131, Ba\u011f Fiksasyon Plakalar\u0131, Butonlar ve Kemik Staple\u2019lar\u0131 yer almaktad\u0131r. Tenodez vidas\u0131, hafif, dayan\u0131kl\u0131 ve biyouyumlu bir \u00e7\u00f6z\u00fcm sunan PEEK materyalden \u00fcretilmi\u015ftir. Tasar\u0131m\u0131, ba\u011flar\u0131n g\u00fcvenli fiksasyonunu [&hellip;]<\/p>\n","protected":false},"featured_media":17264,"template":"","meta":[],"product_brand":[],"product_cat":[1159,1158],"product_tag":[],"class_list":{"0":"post-17263","1":"product","2":"type-product","3":"status-publish","4":"has-post-thumbnail","6":"product_cat-diz-bagi-rekonstruksiyonu","7":"product_cat-bag-fiksasyonu","8":"testtaj-ayak","10":"first","11":"instock","12":"shipping-taxable","13":"product-type-simple"},"yoast_head":"<!-- This site is optimized with the Yoast SEO plugin v27.2 - https:\/\/yoast.com\/product\/yoast-seo-wordpress\/ -->\n<title>Tenodez vidas\u0131 - Sanatmetal<\/title>\n<meta name=\"robots\" content=\"index, follow, max-snippet:-1, max-image-preview:large, max-video-preview:-1\" \/>\n<link rel=\"canonical\" href=\"https:\/\/sanatmetal.hu\/tr\/urun\/tenodez-vidasi\/\" \/>\n<meta property=\"og:locale\" content=\"tr_TR\" \/>\n<meta property=\"og:type\" content=\"article\" \/>\n<meta property=\"og:title\" content=\"Tenodez vidas\u0131 - Sanatmetal\" \/>\n<meta property=\"og:description\" content=\"Spor cerrahisi implantlar\u0131, travma ve rekonstr\u00fcktif cerrahide tendon ve ba\u011flar\u0131n fiksasyonu amac\u0131yla kullan\u0131larak iyile\u015fme s\u00fcrecini destekler. Diz ba\u011f rekonstr\u00fcksiyonu ve ba\u011flar\u0131n kemi\u011fe tespiti i\u00e7in portf\u00f6yde Diz Ba\u011f Vidalar\u0131, Tenodez Vidalar\u0131, Ba\u011f Fiksasyon Plakalar\u0131, Butonlar ve Kemik Staple\u2019lar\u0131 yer almaktad\u0131r. Tenodez vidas\u0131, hafif, dayan\u0131kl\u0131 ve biyouyumlu bir \u00e7\u00f6z\u00fcm sunan PEEK materyalden \u00fcretilmi\u015ftir. Tasar\u0131m\u0131, ba\u011flar\u0131n g\u00fcvenli fiksasyonunu [&hellip;]\" \/>\n<meta property=\"og:url\" content=\"https:\/\/sanatmetal.hu\/tr\/urun\/tenodez-vidasi\/\" \/>\n<meta property=\"og:site_name\" content=\"Sanatmetal\" \/>\n<meta property=\"article:modified_time\" content=\"2026-03-23T14:36:55+00:00\" \/>\n<meta property=\"og:image\" content=\"https:\/\/sanatmetal.hu\/wp-content\/uploads\/2025\/12\/DSC07476-1024x683.png\" \/>\n\t<meta property=\"og:image:width\" content=\"1024\" \/>\n\t<meta property=\"og:image:height\" content=\"683\" \/>\n\t<meta property=\"og:image:type\" content=\"image\/png\" \/>\n<meta name=\"twitter:card\" content=\"summary_large_image\" \/>\n<meta name=\"twitter:label1\" content=\"Est. reading time\" \/>\n\t<meta name=\"twitter:data1\" content=\"1 minute\" \/>\n<script type=\"application\/ld+json\" class=\"yoast-schema-graph\">{\"@context\":\"https:\/\/schema.org\",\"@graph\":[{\"@type\":\"WebPage\",\"@id\":\"https:\/\/sanatmetal.hu\/tr\/urun\/tenodez-vidasi\/\",\"url\":\"https:\/\/sanatmetal.hu\/tr\/urun\/tenodez-vidasi\/\",\"name\":\"Tenodez vidas\u0131 - Sanatmetal\",\"isPartOf\":{\"@id\":\"https:\/\/sanatmetal.hu\/#website\"},\"primaryImageOfPage\":{\"@id\":\"https:\/\/sanatmetal.hu\/tr\/urun\/tenodez-vidasi\/#primaryimage\"},\"image\":{\"@id\":\"https:\/\/sanatmetal.hu\/tr\/urun\/tenodez-vidasi\/#primaryimage\"},\"thumbnailUrl\":\"https:\/\/sanatmetal.hu\/wp-content\/uploads\/2025\/12\/DSC07476.png\",\"datePublished\":\"2026-02-09T13:20:19+00:00\",\"dateModified\":\"2026-03-23T14:36:55+00:00\",\"breadcrumb\":{\"@id\":\"https:\/\/sanatmetal.hu\/tr\/urun\/tenodez-vidasi\/#breadcrumb\"},\"inLanguage\":\"tr-TR\",\"potentialAction\":[{\"@type\":\"ReadAction\",\"target\":[\"https:\/\/sanatmetal.hu\/tr\/urun\/tenodez-vidasi\/\"]}]},{\"@type\":\"ImageObject\",\"inLanguage\":\"tr-TR\",\"@id\":\"https:\/\/sanatmetal.hu\/tr\/urun\/tenodez-vidasi\/#primaryimage\",\"url\":\"https:\/\/sanatmetal.hu\/wp-content\/uploads\/2025\/12\/DSC07476.png\",\"contentUrl\":\"https:\/\/sanatmetal.hu\/wp-content\/uploads\/2025\/12\/DSC07476.png\",\"width\":6000,\"height\":4000},{\"@type\":\"BreadcrumbList\",\"@id\":\"https:\/\/sanatmetal.hu\/tr\/urun\/tenodez-vidasi\/#breadcrumb\",\"itemListElement\":[{\"@type\":\"ListItem\",\"position\":1,\"name\":\"Home\",\"item\":\"https:\/\/sanatmetal.hu\/tr\/\"},{\"@type\":\"ListItem\",\"position\":2,\"name\":\"\u00dcr\u00fcnlerimiz\",\"item\":\"https:\/\/sanatmetal.hu\/tr\/urunlerimiz\/\"},{\"@type\":\"ListItem\",\"position\":3,\"name\":\"Tenodez vidas\u0131\"}]},{\"@type\":\"WebSite\",\"@id\":\"https:\/\/sanatmetal.hu\/#website\",\"url\":\"https:\/\/sanatmetal.hu\/\",\"name\":\"Sanatmetal\",\"description\":\"\",\"publisher\":{\"@id\":\"https:\/\/sanatmetal.hu\/#organization\"},\"potentialAction\":[{\"@type\":\"SearchAction\",\"target\":{\"@type\":\"EntryPoint\",\"urlTemplate\":\"https:\/\/sanatmetal.hu\/?s={search_term_string}\"},\"query-input\":{\"@type\":\"PropertyValueSpecification\",\"valueRequired\":true,\"valueName\":\"search_term_string\"}}],\"inLanguage\":\"tr-TR\"},{\"@type\":\"Organization\",\"@id\":\"https:\/\/sanatmetal.hu\/#organization\",\"name\":\"Sanatmetal\",\"url\":\"https:\/\/sanatmetal.hu\/\",\"logo\":{\"@type\":\"ImageObject\",\"inLanguage\":\"tr-TR\",\"@id\":\"https:\/\/sanatmetal.hu\/#\/schema\/logo\/image\/\",\"url\":\"https:\/\/sanatmetal.hu\/wp-content\/uploads\/2024\/10\/Nevtelen-terv-5-e1728647058747.png\",\"contentUrl\":\"https:\/\/sanatmetal.hu\/wp-content\/uploads\/2024\/10\/Nevtelen-terv-5-e1728647058747.png\",\"width\":1410,\"height\":1293,\"caption\":\"Sanatmetal\"},\"image\":{\"@id\":\"https:\/\/sanatmetal.hu\/#\/schema\/logo\/image\/\"}}]}<\/script>\n<!-- \/ Yoast SEO plugin. -->","yoast_head_json":{"title":"Tenodez vidas\u0131 - Sanatmetal","robots":{"index":"index","follow":"follow","max-snippet":"max-snippet:-1","max-image-preview":"max-image-preview:large","max-video-preview":"max-video-preview:-1"},"canonical":"https:\/\/sanatmetal.hu\/tr\/urun\/tenodez-vidasi\/","og_locale":"tr_TR","og_type":"article","og_title":"Tenodez vidas\u0131 - Sanatmetal","og_description":"Spor cerrahisi implantlar\u0131, travma ve rekonstr\u00fcktif cerrahide tendon ve ba\u011flar\u0131n fiksasyonu amac\u0131yla kullan\u0131larak iyile\u015fme s\u00fcrecini destekler. Diz ba\u011f rekonstr\u00fcksiyonu ve ba\u011flar\u0131n kemi\u011fe tespiti i\u00e7in portf\u00f6yde Diz Ba\u011f Vidalar\u0131, Tenodez Vidalar\u0131, Ba\u011f Fiksasyon Plakalar\u0131, Butonlar ve Kemik Staple\u2019lar\u0131 yer almaktad\u0131r. Tenodez vidas\u0131, hafif, dayan\u0131kl\u0131 ve biyouyumlu bir \u00e7\u00f6z\u00fcm sunan PEEK materyalden \u00fcretilmi\u015ftir. Tasar\u0131m\u0131, ba\u011flar\u0131n g\u00fcvenli fiksasyonunu [&hellip;]","og_url":"https:\/\/sanatmetal.hu\/tr\/urun\/tenodez-vidasi\/","og_site_name":"Sanatmetal","article_modified_time":"2026-03-23T14:36:55+00:00","og_image":[{"width":1024,"height":683,"url":"https:\/\/sanatmetal.hu\/wp-content\/uploads\/2025\/12\/DSC07476-1024x683.png","type":"image\/png"}],"twitter_card":"summary_large_image","twitter_misc":{"Est. reading time":"1 minute"},"schema":{"@context":"https:\/\/schema.org","@graph":[{"@type":"WebPage","@id":"https:\/\/sanatmetal.hu\/tr\/urun\/tenodez-vidasi\/","url":"https:\/\/sanatmetal.hu\/tr\/urun\/tenodez-vidasi\/","name":"Tenodez vidas\u0131 - Sanatmetal","isPartOf":{"@id":"https:\/\/sanatmetal.hu\/#website"},"primaryImageOfPage":{"@id":"https:\/\/sanatmetal.hu\/tr\/urun\/tenodez-vidasi\/#primaryimage"},"image":{"@id":"https:\/\/sanatmetal.hu\/tr\/urun\/tenodez-vidasi\/#primaryimage"},"thumbnailUrl":"https:\/\/sanatmetal.hu\/wp-content\/uploads\/2025\/12\/DSC07476.png","datePublished":"2026-02-09T13:20:19+00:00","dateModified":"2026-03-23T14:36:55+00:00","breadcrumb":{"@id":"https:\/\/sanatmetal.hu\/tr\/urun\/tenodez-vidasi\/#breadcrumb"},"inLanguage":"tr-TR","potentialAction":[{"@type":"ReadAction","target":["https:\/\/sanatmetal.hu\/tr\/urun\/tenodez-vidasi\/"]}]},{"@type":"ImageObject","inLanguage":"tr-TR","@id":"https:\/\/sanatmetal.hu\/tr\/urun\/tenodez-vidasi\/#primaryimage","url":"https:\/\/sanatmetal.hu\/wp-content\/uploads\/2025\/12\/DSC07476.png","contentUrl":"https:\/\/sanatmetal.hu\/wp-content\/uploads\/2025\/12\/DSC07476.png","width":6000,"height":4000},{"@type":"BreadcrumbList","@id":"https:\/\/sanatmetal.hu\/tr\/urun\/tenodez-vidasi\/#breadcrumb","itemListElement":[{"@type":"ListItem","position":1,"name":"Home","item":"https:\/\/sanatmetal.hu\/tr\/"},{"@type":"ListItem","position":2,"name":"\u00dcr\u00fcnlerimiz","item":"https:\/\/sanatmetal.hu\/tr\/urunlerimiz\/"},{"@type":"ListItem","position":3,"name":"Tenodez vidas\u0131"}]},{"@type":"WebSite","@id":"https:\/\/sanatmetal.hu\/#website","url":"https:\/\/sanatmetal.hu\/","name":"Sanatmetal","description":"","publisher":{"@id":"https:\/\/sanatmetal.hu\/#organization"},"potentialAction":[{"@type":"SearchAction","target":{"@type":"EntryPoint","urlTemplate":"https:\/\/sanatmetal.hu\/?s={search_term_string}"},"query-input":{"@type":"PropertyValueSpecification","valueRequired":true,"valueName":"search_term_string"}}],"inLanguage":"tr-TR"},{"@type":"Organization","@id":"https:\/\/sanatmetal.hu\/#organization","name":"Sanatmetal","url":"https:\/\/sanatmetal.hu\/","logo":{"@type":"ImageObject","inLanguage":"tr-TR","@id":"https:\/\/sanatmetal.hu\/#\/schema\/logo\/image\/","url":"https:\/\/sanatmetal.hu\/wp-content\/uploads\/2024\/10\/Nevtelen-terv-5-e1728647058747.png","contentUrl":"https:\/\/sanatmetal.hu\/wp-content\/uploads\/2024\/10\/Nevtelen-terv-5-e1728647058747.png","width":1410,"height":1293,"caption":"Sanatmetal"},"image":{"@id":"https:\/\/sanatmetal.hu\/#\/schema\/logo\/image\/"}}]}},"_links":{"self":[{"href":"https:\/\/sanatmetal.hu\/tr\/wp-json\/wp\/v2\/product\/17263","targetHints":{"allow":["GET"]}}],"collection":[{"href":"https:\/\/sanatmetal.hu\/tr\/wp-json\/wp\/v2\/product"}],"about":[{"href":"https:\/\/sanatmetal.hu\/tr\/wp-json\/wp\/v2\/types\/product"}],"wp:featuredmedia":[{"embeddable":true,"href":"https:\/\/sanatmetal.hu\/tr\/wp-json\/wp\/v2\/media\/17264"}],"wp:attachment":[{"href":"https:\/\/sanatmetal.hu\/tr\/wp-json\/wp\/v2\/media?parent=17263"}],"wp:term":[{"taxonomy":"product_brand","embeddable":true,"href":"https:\/\/sanatmetal.hu\/tr\/wp-json\/wp\/v2\/product_brand?post=17263"},{"taxonomy":"product_cat","embeddable":true,"href":"https:\/\/sanatmetal.hu\/tr\/wp-json\/wp\/v2\/product_cat?post=17263"},{"taxonomy":"product_tag","embeddable":true,"href":"https:\/\/sanatmetal.hu\/tr\/wp-json\/wp\/v2\/product_tag?post=17263"}],"curies":[{"name":"wp","href":"https:\/\/api.w.org\/{rel}","templated":true}]}}