{"id":17265,"date":"2025-12-19T11:31:53","date_gmt":"2025-12-19T10:31:53","guid":{"rendered":"https:\/\/sanatmetal.hu\/product\/bone-staple-for-fixing-ligament\/"},"modified":"2026-03-24T13:34:26","modified_gmt":"2026-03-24T12:34:26","slug":"bag-fiksasyonu-icin-kemik-staplei","status":"publish","type":"product","link":"https:\/\/sanatmetal.hu\/tr\/product\/bag-fiksasyonu-icin-kemik-staplei\/","title":{"rendered":"Ba\u011f fiksasyonu i\u00e7in kemik stapleri"},"content":{"rendered":"<p data-start=\"0\" data-end=\"307\">Travma ve rekonstr\u00fcktif cerrahide bu implantlar, tendon ve ba\u011flar\u0131n fiksasyonu i\u00e7in tasarlanm\u0131\u015f olup iyile\u015fme s\u00fcrecini destekler. Diz ba\u011f rekonstr\u00fcksiyonu ve ba\u011f\u0131n kemi\u011fe fiksasyonu i\u00e7in portf\u00f6yde interferans vidalar\u0131, tenodez vidalar\u0131, ba\u011f fiksasyon plakalar\u0131, butonlar ve kemik staple\u2019lar\u0131 yer almaktad\u0131r.<\/p>\n<p data-start=\"309\" data-end=\"546\"><strong>Kemik staple\u2019\u0131<\/strong><br \/>\nKemik staple\u2019\u0131 titanyumdan \u00fcretilmi\u015ftir ve \u00fcst\u00fcn dayan\u0131kl\u0131l\u0131k ile biyouyumluluk sa\u011flar. Tasar\u0131m\u0131, art\u0131r\u0131lm\u0131\u015f stabilite ve yerle\u015ftirme kolayl\u0131\u011f\u0131na odaklan\u0131r; bu da onu cerrahi giri\u015fimler i\u00e7in ideal bir \u00e7\u00f6z\u00fcm h\u00e2line getirir.<\/p>\n<p data-start=\"548\" data-end=\"565\"><strong>Temel \u00f6zellikler:<\/strong><\/p>\n<ul>\n<li data-start=\"567\" data-end=\"782\">Materyal: Titanyum \u2013 y\u00fcksek dayan\u0131m ve uzun d\u00f6nemli dayan\u0131kl\u0131l\u0131k<\/li>\n<li data-start=\"567\" data-end=\"782\">T\u0131rt\u0131kl\u0131 bacaklar: Yerle\u015ftirildikten sonra stabiliteyi art\u0131r\u0131r<\/li>\n<li data-start=\"567\" data-end=\"782\">\u00d6zel ba\u015f tasar\u0131m\u0131 ve keskin u\u00e7lar: Daha kolay ve daha hassas yerle\u015ftirmeye olanak tan\u0131r<\/li>\n<\/ul>\n<p data-start=\"784\" data-end=\"917\" data-is-last-node=\"\" data-is-only-node=\"\"><strong>Enstr\u00fcmantasyon<\/strong><br \/>\nBa\u011f fiksasyonu ve diz ba\u011f rekonstr\u00fcksiyonu i\u00e7in gerekli t\u00fcm enstr\u00fcmanlar, Sanat Sport \u2013 CL enstr\u00fcman setine dahildir.<\/p>\n","protected":false},"excerpt":{"rendered":"<p>Travma ve rekonstr\u00fcktif cerrahide bu implantlar, tendon ve ba\u011flar\u0131n fiksasyonu i\u00e7in tasarlanm\u0131\u015f olup iyile\u015fme s\u00fcrecini destekler. Diz ba\u011f rekonstr\u00fcksiyonu ve ba\u011f\u0131n kemi\u011fe fiksasyonu i\u00e7in portf\u00f6yde interferans vidalar\u0131, tenodez vidalar\u0131, ba\u011f fiksasyon plakalar\u0131, butonlar ve kemik staple\u2019lar\u0131 yer almaktad\u0131r. Kemik staple\u2019\u0131 Kemik staple\u2019\u0131 titanyumdan \u00fcretilmi\u015ftir ve \u00fcst\u00fcn dayan\u0131kl\u0131l\u0131k ile biyouyumluluk sa\u011flar. Tasar\u0131m\u0131, art\u0131r\u0131lm\u0131\u015f stabilite ve yerle\u015ftirme [&hellip;]<\/p>\n","protected":false},"featured_media":17266,"template":"","meta":[],"product_brand":[],"product_cat":[1159],"product_tag":[],"class_list":{"0":"post-17265","1":"product","2":"type-product","3":"status-publish","4":"has-post-thumbnail","6":"product_cat-diz-bagi-rekonstruksiyonu","7":"testtaj-ayak","9":"first","10":"instock","11":"shipping-taxable","12":"product-type-simple"},"yoast_head":"<!-- This site is optimized with the Yoast SEO plugin v27.2 - https:\/\/yoast.com\/product\/yoast-seo-wordpress\/ -->\n<title>Ba\u011f fiksasyonu i\u00e7in kemik stapleri - Sanatmetal<\/title>\n<meta name=\"robots\" content=\"index, follow, max-snippet:-1, max-image-preview:large, max-video-preview:-1\" \/>\n<link rel=\"canonical\" href=\"https:\/\/sanatmetal.hu\/tr\/urun\/bag-fiksasyonu-icin-kemik-staplei\/\" \/>\n<meta property=\"og:locale\" content=\"tr_TR\" \/>\n<meta property=\"og:type\" content=\"article\" \/>\n<meta property=\"og:title\" content=\"Ba\u011f fiksasyonu i\u00e7in kemik stapleri - Sanatmetal\" \/>\n<meta property=\"og:description\" content=\"Travma ve rekonstr\u00fcktif cerrahide bu implantlar, tendon ve ba\u011flar\u0131n fiksasyonu i\u00e7in tasarlanm\u0131\u015f olup iyile\u015fme s\u00fcrecini destekler. Diz ba\u011f rekonstr\u00fcksiyonu ve ba\u011f\u0131n kemi\u011fe fiksasyonu i\u00e7in portf\u00f6yde interferans vidalar\u0131, tenodez vidalar\u0131, ba\u011f fiksasyon plakalar\u0131, butonlar ve kemik staple\u2019lar\u0131 yer almaktad\u0131r. Kemik staple\u2019\u0131 Kemik staple\u2019\u0131 titanyumdan \u00fcretilmi\u015ftir ve \u00fcst\u00fcn dayan\u0131kl\u0131l\u0131k ile biyouyumluluk sa\u011flar. Tasar\u0131m\u0131, art\u0131r\u0131lm\u0131\u015f stabilite ve yerle\u015ftirme [&hellip;]\" \/>\n<meta property=\"og:url\" content=\"https:\/\/sanatmetal.hu\/tr\/urun\/bag-fiksasyonu-icin-kemik-staplei\/\" \/>\n<meta property=\"og:site_name\" content=\"Sanatmetal\" \/>\n<meta property=\"article:modified_time\" content=\"2026-03-24T12:34:26+00:00\" \/>\n<meta property=\"og:image\" content=\"https:\/\/sanatmetal.hu\/wp-content\/uploads\/2025\/12\/Csontkapocs-szalagrogziteshez.png\" \/>\n\t<meta property=\"og:image:width\" content=\"4548\" \/>\n\t<meta property=\"og:image:height\" content=\"3032\" \/>\n\t<meta property=\"og:image:type\" content=\"image\/png\" \/>\n<meta name=\"twitter:card\" content=\"summary_large_image\" \/>\n<meta name=\"twitter:label1\" content=\"Est. reading time\" \/>\n\t<meta name=\"twitter:data1\" content=\"1 minute\" \/>\n<script type=\"application\/ld+json\" class=\"yoast-schema-graph\">{\"@context\":\"https:\/\/schema.org\",\"@graph\":[{\"@type\":\"WebPage\",\"@id\":\"https:\/\/sanatmetal.hu\/tr\/urun\/bag-fiksasyonu-icin-kemik-staplei\/\",\"url\":\"https:\/\/sanatmetal.hu\/tr\/urun\/bag-fiksasyonu-icin-kemik-staplei\/\",\"name\":\"Ba\u011f fiksasyonu i\u00e7in kemik stapleri - Sanatmetal\",\"isPartOf\":{\"@id\":\"https:\/\/sanatmetal.hu\/#website\"},\"primaryImageOfPage\":{\"@id\":\"https:\/\/sanatmetal.hu\/tr\/urun\/bag-fiksasyonu-icin-kemik-staplei\/#primaryimage\"},\"image\":{\"@id\":\"https:\/\/sanatmetal.hu\/tr\/urun\/bag-fiksasyonu-icin-kemik-staplei\/#primaryimage\"},\"thumbnailUrl\":\"https:\/\/sanatmetal.hu\/wp-content\/uploads\/2025\/12\/Csontkapocs-szalagrogziteshez.png\",\"datePublished\":\"2025-12-19T10:31:53+00:00\",\"dateModified\":\"2026-03-24T12:34:26+00:00\",\"breadcrumb\":{\"@id\":\"https:\/\/sanatmetal.hu\/tr\/urun\/bag-fiksasyonu-icin-kemik-staplei\/#breadcrumb\"},\"inLanguage\":\"tr-TR\",\"potentialAction\":[{\"@type\":\"ReadAction\",\"target\":[\"https:\/\/sanatmetal.hu\/tr\/urun\/bag-fiksasyonu-icin-kemik-staplei\/\"]}]},{\"@type\":\"ImageObject\",\"inLanguage\":\"tr-TR\",\"@id\":\"https:\/\/sanatmetal.hu\/tr\/urun\/bag-fiksasyonu-icin-kemik-staplei\/#primaryimage\",\"url\":\"https:\/\/sanatmetal.hu\/wp-content\/uploads\/2025\/12\/Csontkapocs-szalagrogziteshez.png\",\"contentUrl\":\"https:\/\/sanatmetal.hu\/wp-content\/uploads\/2025\/12\/Csontkapocs-szalagrogziteshez.png\",\"width\":4548,\"height\":3032},{\"@type\":\"BreadcrumbList\",\"@id\":\"https:\/\/sanatmetal.hu\/tr\/urun\/bag-fiksasyonu-icin-kemik-staplei\/#breadcrumb\",\"itemListElement\":[{\"@type\":\"ListItem\",\"position\":1,\"name\":\"Home\",\"item\":\"https:\/\/sanatmetal.hu\/tr\/\"},{\"@type\":\"ListItem\",\"position\":2,\"name\":\"\u00dcr\u00fcnlerimiz\",\"item\":\"https:\/\/sanatmetal.hu\/tr\/urunlerimiz\/\"},{\"@type\":\"ListItem\",\"position\":3,\"name\":\"Ba\u011f fiksasyonu i\u00e7in kemik stapleri\"}]},{\"@type\":\"WebSite\",\"@id\":\"https:\/\/sanatmetal.hu\/#website\",\"url\":\"https:\/\/sanatmetal.hu\/\",\"name\":\"Sanatmetal\",\"description\":\"\",\"publisher\":{\"@id\":\"https:\/\/sanatmetal.hu\/#organization\"},\"potentialAction\":[{\"@type\":\"SearchAction\",\"target\":{\"@type\":\"EntryPoint\",\"urlTemplate\":\"https:\/\/sanatmetal.hu\/?s={search_term_string}\"},\"query-input\":{\"@type\":\"PropertyValueSpecification\",\"valueRequired\":true,\"valueName\":\"search_term_string\"}}],\"inLanguage\":\"tr-TR\"},{\"@type\":\"Organization\",\"@id\":\"https:\/\/sanatmetal.hu\/#organization\",\"name\":\"Sanatmetal\",\"url\":\"https:\/\/sanatmetal.hu\/\",\"logo\":{\"@type\":\"ImageObject\",\"inLanguage\":\"tr-TR\",\"@id\":\"https:\/\/sanatmetal.hu\/#\/schema\/logo\/image\/\",\"url\":\"https:\/\/sanatmetal.hu\/wp-content\/uploads\/2024\/10\/Nevtelen-terv-5-e1728647058747.png\",\"contentUrl\":\"https:\/\/sanatmetal.hu\/wp-content\/uploads\/2024\/10\/Nevtelen-terv-5-e1728647058747.png\",\"width\":1410,\"height\":1293,\"caption\":\"Sanatmetal\"},\"image\":{\"@id\":\"https:\/\/sanatmetal.hu\/#\/schema\/logo\/image\/\"}}]}<\/script>\n<!-- \/ Yoast SEO plugin. -->","yoast_head_json":{"title":"Ba\u011f fiksasyonu i\u00e7in kemik stapleri - Sanatmetal","robots":{"index":"index","follow":"follow","max-snippet":"max-snippet:-1","max-image-preview":"max-image-preview:large","max-video-preview":"max-video-preview:-1"},"canonical":"https:\/\/sanatmetal.hu\/tr\/urun\/bag-fiksasyonu-icin-kemik-staplei\/","og_locale":"tr_TR","og_type":"article","og_title":"Ba\u011f fiksasyonu i\u00e7in kemik stapleri - Sanatmetal","og_description":"Travma ve rekonstr\u00fcktif cerrahide bu implantlar, tendon ve ba\u011flar\u0131n fiksasyonu i\u00e7in tasarlanm\u0131\u015f olup iyile\u015fme s\u00fcrecini destekler. Diz ba\u011f rekonstr\u00fcksiyonu ve ba\u011f\u0131n kemi\u011fe fiksasyonu i\u00e7in portf\u00f6yde interferans vidalar\u0131, tenodez vidalar\u0131, ba\u011f fiksasyon plakalar\u0131, butonlar ve kemik staple\u2019lar\u0131 yer almaktad\u0131r. Kemik staple\u2019\u0131 Kemik staple\u2019\u0131 titanyumdan \u00fcretilmi\u015ftir ve \u00fcst\u00fcn dayan\u0131kl\u0131l\u0131k ile biyouyumluluk sa\u011flar. Tasar\u0131m\u0131, art\u0131r\u0131lm\u0131\u015f stabilite ve yerle\u015ftirme [&hellip;]","og_url":"https:\/\/sanatmetal.hu\/tr\/urun\/bag-fiksasyonu-icin-kemik-staplei\/","og_site_name":"Sanatmetal","article_modified_time":"2026-03-24T12:34:26+00:00","og_image":[{"width":4548,"height":3032,"url":"https:\/\/sanatmetal.hu\/wp-content\/uploads\/2025\/12\/Csontkapocs-szalagrogziteshez.png","type":"image\/png"}],"twitter_card":"summary_large_image","twitter_misc":{"Est. reading time":"1 minute"},"schema":{"@context":"https:\/\/schema.org","@graph":[{"@type":"WebPage","@id":"https:\/\/sanatmetal.hu\/tr\/urun\/bag-fiksasyonu-icin-kemik-staplei\/","url":"https:\/\/sanatmetal.hu\/tr\/urun\/bag-fiksasyonu-icin-kemik-staplei\/","name":"Ba\u011f fiksasyonu i\u00e7in kemik stapleri - Sanatmetal","isPartOf":{"@id":"https:\/\/sanatmetal.hu\/#website"},"primaryImageOfPage":{"@id":"https:\/\/sanatmetal.hu\/tr\/urun\/bag-fiksasyonu-icin-kemik-staplei\/#primaryimage"},"image":{"@id":"https:\/\/sanatmetal.hu\/tr\/urun\/bag-fiksasyonu-icin-kemik-staplei\/#primaryimage"},"thumbnailUrl":"https:\/\/sanatmetal.hu\/wp-content\/uploads\/2025\/12\/Csontkapocs-szalagrogziteshez.png","datePublished":"2025-12-19T10:31:53+00:00","dateModified":"2026-03-24T12:34:26+00:00","breadcrumb":{"@id":"https:\/\/sanatmetal.hu\/tr\/urun\/bag-fiksasyonu-icin-kemik-staplei\/#breadcrumb"},"inLanguage":"tr-TR","potentialAction":[{"@type":"ReadAction","target":["https:\/\/sanatmetal.hu\/tr\/urun\/bag-fiksasyonu-icin-kemik-staplei\/"]}]},{"@type":"ImageObject","inLanguage":"tr-TR","@id":"https:\/\/sanatmetal.hu\/tr\/urun\/bag-fiksasyonu-icin-kemik-staplei\/#primaryimage","url":"https:\/\/sanatmetal.hu\/wp-content\/uploads\/2025\/12\/Csontkapocs-szalagrogziteshez.png","contentUrl":"https:\/\/sanatmetal.hu\/wp-content\/uploads\/2025\/12\/Csontkapocs-szalagrogziteshez.png","width":4548,"height":3032},{"@type":"BreadcrumbList","@id":"https:\/\/sanatmetal.hu\/tr\/urun\/bag-fiksasyonu-icin-kemik-staplei\/#breadcrumb","itemListElement":[{"@type":"ListItem","position":1,"name":"Home","item":"https:\/\/sanatmetal.hu\/tr\/"},{"@type":"ListItem","position":2,"name":"\u00dcr\u00fcnlerimiz","item":"https:\/\/sanatmetal.hu\/tr\/urunlerimiz\/"},{"@type":"ListItem","position":3,"name":"Ba\u011f fiksasyonu i\u00e7in kemik stapleri"}]},{"@type":"WebSite","@id":"https:\/\/sanatmetal.hu\/#website","url":"https:\/\/sanatmetal.hu\/","name":"Sanatmetal","description":"","publisher":{"@id":"https:\/\/sanatmetal.hu\/#organization"},"potentialAction":[{"@type":"SearchAction","target":{"@type":"EntryPoint","urlTemplate":"https:\/\/sanatmetal.hu\/?s={search_term_string}"},"query-input":{"@type":"PropertyValueSpecification","valueRequired":true,"valueName":"search_term_string"}}],"inLanguage":"tr-TR"},{"@type":"Organization","@id":"https:\/\/sanatmetal.hu\/#organization","name":"Sanatmetal","url":"https:\/\/sanatmetal.hu\/","logo":{"@type":"ImageObject","inLanguage":"tr-TR","@id":"https:\/\/sanatmetal.hu\/#\/schema\/logo\/image\/","url":"https:\/\/sanatmetal.hu\/wp-content\/uploads\/2024\/10\/Nevtelen-terv-5-e1728647058747.png","contentUrl":"https:\/\/sanatmetal.hu\/wp-content\/uploads\/2024\/10\/Nevtelen-terv-5-e1728647058747.png","width":1410,"height":1293,"caption":"Sanatmetal"},"image":{"@id":"https:\/\/sanatmetal.hu\/#\/schema\/logo\/image\/"}}]}},"_links":{"self":[{"href":"https:\/\/sanatmetal.hu\/tr\/wp-json\/wp\/v2\/product\/17265","targetHints":{"allow":["GET"]}}],"collection":[{"href":"https:\/\/sanatmetal.hu\/tr\/wp-json\/wp\/v2\/product"}],"about":[{"href":"https:\/\/sanatmetal.hu\/tr\/wp-json\/wp\/v2\/types\/product"}],"wp:featuredmedia":[{"embeddable":true,"href":"https:\/\/sanatmetal.hu\/tr\/wp-json\/wp\/v2\/media\/17266"}],"wp:attachment":[{"href":"https:\/\/sanatmetal.hu\/tr\/wp-json\/wp\/v2\/media?parent=17265"}],"wp:term":[{"taxonomy":"product_brand","embeddable":true,"href":"https:\/\/sanatmetal.hu\/tr\/wp-json\/wp\/v2\/product_brand?post=17265"},{"taxonomy":"product_cat","embeddable":true,"href":"https:\/\/sanatmetal.hu\/tr\/wp-json\/wp\/v2\/product_cat?post=17265"},{"taxonomy":"product_tag","embeddable":true,"href":"https:\/\/sanatmetal.hu\/tr\/wp-json\/wp\/v2\/product_tag?post=17265"}],"curies":[{"name":"wp","href":"https:\/\/api.w.org\/{rel}","templated":true}]}}