{"id":17267,"date":"2025-12-19T11:24:00","date_gmt":"2025-12-19T10:24:00","guid":{"rendered":"https:\/\/sanatmetal.hu\/product\/button-for-tendon-stitches\/"},"modified":"2026-03-23T15:44:29","modified_gmt":"2026-03-23T14:44:29","slug":"tendon-suturleri-icin-buton","status":"publish","type":"product","link":"https:\/\/sanatmetal.hu\/tr\/product\/tendon-suturleri-icin-buton\/","title":{"rendered":"Tendon s\u00fct\u00fcrleri i\u00e7in buton"},"content":{"rendered":"<p data-start=\"0\" data-end=\"307\">Travma ve rekonstr\u00fcktif cerrahide bu implantlar, tendon ve ba\u011flar\u0131n fiksasyonu i\u00e7in tasarlanm\u0131\u015f olup iyile\u015fme s\u00fcrecini destekler. Diz ba\u011f rekonstr\u00fcksiyonu ve ba\u011f\u0131n kemi\u011fe fiksasyonu i\u00e7in portf\u00f6yde interferans vidalar\u0131, tenodez vidalar\u0131, ba\u011f fiksasyon plakalar\u0131, butonlar ve kemik staple\u2019lar\u0131 yer almaktad\u0131r.<\/p>\n<p data-start=\"309\" data-end=\"533\"><strong>Buton<\/strong><br \/>\nButon, \u00fcst\u00fcn dayan\u0131kl\u0131l\u0131k ve biyouyumluluk sa\u011flayan titanyumdan \u00fcretilmi\u015ftir. Tasar\u0131m\u0131, cerrahi i\u015flem s\u0131ras\u0131nda maksimum g\u00fcvenlik ve etkinlik sa\u011flamak \u00fczere cerrahi gereklilikleri kar\u015f\u0131layacak \u015fekilde geli\u015ftirilmi\u015ftir.<\/p>\n<p data-start=\"535\" data-end=\"552\"><strong>Temel \u00f6zellikler:<\/strong><\/p>\n<p data-start=\"554\" data-end=\"902\">Materyal: Titanyum \u2013 y\u00fcksek dayan\u0131m ve uzun d\u00f6nemli dayan\u0131kl\u0131l\u0131k<br \/>\nS\u00fct\u00fcr tutucu \u00f6zellik: Cerrahi s\u00fcre\u00e7 boyunca g\u00fcvenli fiksasyon sa\u011flar<br \/>\n\u00d6zel d\u00fc\u011f\u00fcm yuvas\u0131: D\u00fc\u011f\u00fcm\u00fcn stabil ve g\u00fcvenilir \u015fekilde yerle\u015fmesini sa\u011flar<br \/>\nYuvarlat\u0131lm\u0131\u015f delikler: Fiksasyon s\u0131ras\u0131nda s\u00fct\u00fcrlerin zarar g\u00f6rmesini \u00f6nler<br \/>\nKonik profil: A\u00e7\u0131lan t\u00fcnel i\u00e7inde hassas ve etkili uyum sa\u011flar<\/p>\n<p data-start=\"904\" data-end=\"1037\" data-is-last-node=\"\" data-is-only-node=\"\"><strong>Enstr\u00fcmantasyon<\/strong><br \/>\nBa\u011f fiksasyonu ve diz ba\u011f rekonstr\u00fcksiyonu i\u00e7in gerekli t\u00fcm enstr\u00fcmanlar, Sanat Sport \u2013 CL enstr\u00fcman setine dahildir.<\/p>\n","protected":false},"excerpt":{"rendered":"<p>Travma ve rekonstr\u00fcktif cerrahide bu implantlar, tendon ve ba\u011flar\u0131n fiksasyonu i\u00e7in tasarlanm\u0131\u015f olup iyile\u015fme s\u00fcrecini destekler. Diz ba\u011f rekonstr\u00fcksiyonu ve ba\u011f\u0131n kemi\u011fe fiksasyonu i\u00e7in portf\u00f6yde interferans vidalar\u0131, tenodez vidalar\u0131, ba\u011f fiksasyon plakalar\u0131, butonlar ve kemik staple\u2019lar\u0131 yer almaktad\u0131r. Buton Buton, \u00fcst\u00fcn dayan\u0131kl\u0131l\u0131k ve biyouyumluluk sa\u011flayan titanyumdan \u00fcretilmi\u015ftir. Tasar\u0131m\u0131, cerrahi i\u015flem s\u0131ras\u0131nda maksimum g\u00fcvenlik ve etkinlik [&hellip;]<\/p>\n","protected":false},"featured_media":17268,"template":"","meta":[],"product_brand":[],"product_cat":[1159],"product_tag":[],"class_list":{"0":"post-17267","1":"product","2":"type-product","3":"status-publish","4":"has-post-thumbnail","6":"product_cat-diz-bagi-rekonstruksiyonu","7":"testtaj-ayak","9":"first","10":"instock","11":"shipping-taxable","12":"product-type-simple"},"yoast_head":"<!-- This site is optimized with the Yoast SEO plugin v27.2 - https:\/\/yoast.com\/product\/yoast-seo-wordpress\/ -->\n<title>Tendon s\u00fct\u00fcrleri i\u00e7in buton - Sanatmetal<\/title>\n<meta name=\"robots\" content=\"index, follow, max-snippet:-1, max-image-preview:large, max-video-preview:-1\" \/>\n<link rel=\"canonical\" href=\"https:\/\/sanatmetal.hu\/tr\/urun\/tendon-suturleri-icin-buton\/\" \/>\n<meta property=\"og:locale\" content=\"tr_TR\" \/>\n<meta property=\"og:type\" content=\"article\" \/>\n<meta property=\"og:title\" content=\"Tendon s\u00fct\u00fcrleri i\u00e7in buton - Sanatmetal\" \/>\n<meta property=\"og:description\" content=\"Travma ve rekonstr\u00fcktif cerrahide bu implantlar, tendon ve ba\u011flar\u0131n fiksasyonu i\u00e7in tasarlanm\u0131\u015f olup iyile\u015fme s\u00fcrecini destekler. Diz ba\u011f rekonstr\u00fcksiyonu ve ba\u011f\u0131n kemi\u011fe fiksasyonu i\u00e7in portf\u00f6yde interferans vidalar\u0131, tenodez vidalar\u0131, ba\u011f fiksasyon plakalar\u0131, butonlar ve kemik staple\u2019lar\u0131 yer almaktad\u0131r. Buton Buton, \u00fcst\u00fcn dayan\u0131kl\u0131l\u0131k ve biyouyumluluk sa\u011flayan titanyumdan \u00fcretilmi\u015ftir. Tasar\u0131m\u0131, cerrahi i\u015flem s\u0131ras\u0131nda maksimum g\u00fcvenlik ve etkinlik [&hellip;]\" \/>\n<meta property=\"og:url\" content=\"https:\/\/sanatmetal.hu\/tr\/urun\/tendon-suturleri-icin-buton\/\" \/>\n<meta property=\"og:site_name\" content=\"Sanatmetal\" \/>\n<meta property=\"article:modified_time\" content=\"2026-03-23T14:44:29+00:00\" \/>\n<meta property=\"og:image\" content=\"https:\/\/sanatmetal.hu\/wp-content\/uploads\/2025\/12\/Gomb-invarrathoz-masolata-1024x683.png\" \/>\n\t<meta property=\"og:image:width\" content=\"1024\" \/>\n\t<meta property=\"og:image:height\" content=\"683\" \/>\n\t<meta property=\"og:image:type\" content=\"image\/png\" \/>\n<meta name=\"twitter:card\" content=\"summary_large_image\" \/>\n<meta name=\"twitter:label1\" content=\"Est. reading time\" \/>\n\t<meta name=\"twitter:data1\" content=\"1 minute\" \/>\n<script type=\"application\/ld+json\" class=\"yoast-schema-graph\">{\"@context\":\"https:\/\/schema.org\",\"@graph\":[{\"@type\":\"WebPage\",\"@id\":\"https:\/\/sanatmetal.hu\/tr\/urun\/tendon-suturleri-icin-buton\/\",\"url\":\"https:\/\/sanatmetal.hu\/tr\/urun\/tendon-suturleri-icin-buton\/\",\"name\":\"Tendon s\u00fct\u00fcrleri i\u00e7in buton - Sanatmetal\",\"isPartOf\":{\"@id\":\"https:\/\/sanatmetal.hu\/#website\"},\"primaryImageOfPage\":{\"@id\":\"https:\/\/sanatmetal.hu\/tr\/urun\/tendon-suturleri-icin-buton\/#primaryimage\"},\"image\":{\"@id\":\"https:\/\/sanatmetal.hu\/tr\/urun\/tendon-suturleri-icin-buton\/#primaryimage\"},\"thumbnailUrl\":\"https:\/\/sanatmetal.hu\/wp-content\/uploads\/2025\/12\/Gomb-invarrathoz-masolata.png\",\"datePublished\":\"2025-12-19T10:24:00+00:00\",\"dateModified\":\"2026-03-23T14:44:29+00:00\",\"breadcrumb\":{\"@id\":\"https:\/\/sanatmetal.hu\/tr\/urun\/tendon-suturleri-icin-buton\/#breadcrumb\"},\"inLanguage\":\"tr-TR\",\"potentialAction\":[{\"@type\":\"ReadAction\",\"target\":[\"https:\/\/sanatmetal.hu\/tr\/urun\/tendon-suturleri-icin-buton\/\"]}]},{\"@type\":\"ImageObject\",\"inLanguage\":\"tr-TR\",\"@id\":\"https:\/\/sanatmetal.hu\/tr\/urun\/tendon-suturleri-icin-buton\/#primaryimage\",\"url\":\"https:\/\/sanatmetal.hu\/wp-content\/uploads\/2025\/12\/Gomb-invarrathoz-masolata.png\",\"contentUrl\":\"https:\/\/sanatmetal.hu\/wp-content\/uploads\/2025\/12\/Gomb-invarrathoz-masolata.png\",\"width\":6000,\"height\":4000},{\"@type\":\"BreadcrumbList\",\"@id\":\"https:\/\/sanatmetal.hu\/tr\/urun\/tendon-suturleri-icin-buton\/#breadcrumb\",\"itemListElement\":[{\"@type\":\"ListItem\",\"position\":1,\"name\":\"Home\",\"item\":\"https:\/\/sanatmetal.hu\/tr\/\"},{\"@type\":\"ListItem\",\"position\":2,\"name\":\"\u00dcr\u00fcnlerimiz\",\"item\":\"https:\/\/sanatmetal.hu\/tr\/urunlerimiz\/\"},{\"@type\":\"ListItem\",\"position\":3,\"name\":\"Tendon s\u00fct\u00fcrleri i\u00e7in buton\"}]},{\"@type\":\"WebSite\",\"@id\":\"https:\/\/sanatmetal.hu\/#website\",\"url\":\"https:\/\/sanatmetal.hu\/\",\"name\":\"Sanatmetal\",\"description\":\"\",\"publisher\":{\"@id\":\"https:\/\/sanatmetal.hu\/#organization\"},\"potentialAction\":[{\"@type\":\"SearchAction\",\"target\":{\"@type\":\"EntryPoint\",\"urlTemplate\":\"https:\/\/sanatmetal.hu\/?s={search_term_string}\"},\"query-input\":{\"@type\":\"PropertyValueSpecification\",\"valueRequired\":true,\"valueName\":\"search_term_string\"}}],\"inLanguage\":\"tr-TR\"},{\"@type\":\"Organization\",\"@id\":\"https:\/\/sanatmetal.hu\/#organization\",\"name\":\"Sanatmetal\",\"url\":\"https:\/\/sanatmetal.hu\/\",\"logo\":{\"@type\":\"ImageObject\",\"inLanguage\":\"tr-TR\",\"@id\":\"https:\/\/sanatmetal.hu\/#\/schema\/logo\/image\/\",\"url\":\"https:\/\/sanatmetal.hu\/wp-content\/uploads\/2024\/10\/Nevtelen-terv-5-e1728647058747.png\",\"contentUrl\":\"https:\/\/sanatmetal.hu\/wp-content\/uploads\/2024\/10\/Nevtelen-terv-5-e1728647058747.png\",\"width\":1410,\"height\":1293,\"caption\":\"Sanatmetal\"},\"image\":{\"@id\":\"https:\/\/sanatmetal.hu\/#\/schema\/logo\/image\/\"}}]}<\/script>\n<!-- \/ Yoast SEO plugin. -->","yoast_head_json":{"title":"Tendon s\u00fct\u00fcrleri i\u00e7in buton - Sanatmetal","robots":{"index":"index","follow":"follow","max-snippet":"max-snippet:-1","max-image-preview":"max-image-preview:large","max-video-preview":"max-video-preview:-1"},"canonical":"https:\/\/sanatmetal.hu\/tr\/urun\/tendon-suturleri-icin-buton\/","og_locale":"tr_TR","og_type":"article","og_title":"Tendon s\u00fct\u00fcrleri i\u00e7in buton - Sanatmetal","og_description":"Travma ve rekonstr\u00fcktif cerrahide bu implantlar, tendon ve ba\u011flar\u0131n fiksasyonu i\u00e7in tasarlanm\u0131\u015f olup iyile\u015fme s\u00fcrecini destekler. Diz ba\u011f rekonstr\u00fcksiyonu ve ba\u011f\u0131n kemi\u011fe fiksasyonu i\u00e7in portf\u00f6yde interferans vidalar\u0131, tenodez vidalar\u0131, ba\u011f fiksasyon plakalar\u0131, butonlar ve kemik staple\u2019lar\u0131 yer almaktad\u0131r. Buton Buton, \u00fcst\u00fcn dayan\u0131kl\u0131l\u0131k ve biyouyumluluk sa\u011flayan titanyumdan \u00fcretilmi\u015ftir. Tasar\u0131m\u0131, cerrahi i\u015flem s\u0131ras\u0131nda maksimum g\u00fcvenlik ve etkinlik [&hellip;]","og_url":"https:\/\/sanatmetal.hu\/tr\/urun\/tendon-suturleri-icin-buton\/","og_site_name":"Sanatmetal","article_modified_time":"2026-03-23T14:44:29+00:00","og_image":[{"width":1024,"height":683,"url":"https:\/\/sanatmetal.hu\/wp-content\/uploads\/2025\/12\/Gomb-invarrathoz-masolata-1024x683.png","type":"image\/png"}],"twitter_card":"summary_large_image","twitter_misc":{"Est. reading time":"1 minute"},"schema":{"@context":"https:\/\/schema.org","@graph":[{"@type":"WebPage","@id":"https:\/\/sanatmetal.hu\/tr\/urun\/tendon-suturleri-icin-buton\/","url":"https:\/\/sanatmetal.hu\/tr\/urun\/tendon-suturleri-icin-buton\/","name":"Tendon s\u00fct\u00fcrleri i\u00e7in buton - Sanatmetal","isPartOf":{"@id":"https:\/\/sanatmetal.hu\/#website"},"primaryImageOfPage":{"@id":"https:\/\/sanatmetal.hu\/tr\/urun\/tendon-suturleri-icin-buton\/#primaryimage"},"image":{"@id":"https:\/\/sanatmetal.hu\/tr\/urun\/tendon-suturleri-icin-buton\/#primaryimage"},"thumbnailUrl":"https:\/\/sanatmetal.hu\/wp-content\/uploads\/2025\/12\/Gomb-invarrathoz-masolata.png","datePublished":"2025-12-19T10:24:00+00:00","dateModified":"2026-03-23T14:44:29+00:00","breadcrumb":{"@id":"https:\/\/sanatmetal.hu\/tr\/urun\/tendon-suturleri-icin-buton\/#breadcrumb"},"inLanguage":"tr-TR","potentialAction":[{"@type":"ReadAction","target":["https:\/\/sanatmetal.hu\/tr\/urun\/tendon-suturleri-icin-buton\/"]}]},{"@type":"ImageObject","inLanguage":"tr-TR","@id":"https:\/\/sanatmetal.hu\/tr\/urun\/tendon-suturleri-icin-buton\/#primaryimage","url":"https:\/\/sanatmetal.hu\/wp-content\/uploads\/2025\/12\/Gomb-invarrathoz-masolata.png","contentUrl":"https:\/\/sanatmetal.hu\/wp-content\/uploads\/2025\/12\/Gomb-invarrathoz-masolata.png","width":6000,"height":4000},{"@type":"BreadcrumbList","@id":"https:\/\/sanatmetal.hu\/tr\/urun\/tendon-suturleri-icin-buton\/#breadcrumb","itemListElement":[{"@type":"ListItem","position":1,"name":"Home","item":"https:\/\/sanatmetal.hu\/tr\/"},{"@type":"ListItem","position":2,"name":"\u00dcr\u00fcnlerimiz","item":"https:\/\/sanatmetal.hu\/tr\/urunlerimiz\/"},{"@type":"ListItem","position":3,"name":"Tendon s\u00fct\u00fcrleri i\u00e7in buton"}]},{"@type":"WebSite","@id":"https:\/\/sanatmetal.hu\/#website","url":"https:\/\/sanatmetal.hu\/","name":"Sanatmetal","description":"","publisher":{"@id":"https:\/\/sanatmetal.hu\/#organization"},"potentialAction":[{"@type":"SearchAction","target":{"@type":"EntryPoint","urlTemplate":"https:\/\/sanatmetal.hu\/?s={search_term_string}"},"query-input":{"@type":"PropertyValueSpecification","valueRequired":true,"valueName":"search_term_string"}}],"inLanguage":"tr-TR"},{"@type":"Organization","@id":"https:\/\/sanatmetal.hu\/#organization","name":"Sanatmetal","url":"https:\/\/sanatmetal.hu\/","logo":{"@type":"ImageObject","inLanguage":"tr-TR","@id":"https:\/\/sanatmetal.hu\/#\/schema\/logo\/image\/","url":"https:\/\/sanatmetal.hu\/wp-content\/uploads\/2024\/10\/Nevtelen-terv-5-e1728647058747.png","contentUrl":"https:\/\/sanatmetal.hu\/wp-content\/uploads\/2024\/10\/Nevtelen-terv-5-e1728647058747.png","width":1410,"height":1293,"caption":"Sanatmetal"},"image":{"@id":"https:\/\/sanatmetal.hu\/#\/schema\/logo\/image\/"}}]}},"_links":{"self":[{"href":"https:\/\/sanatmetal.hu\/tr\/wp-json\/wp\/v2\/product\/17267","targetHints":{"allow":["GET"]}}],"collection":[{"href":"https:\/\/sanatmetal.hu\/tr\/wp-json\/wp\/v2\/product"}],"about":[{"href":"https:\/\/sanatmetal.hu\/tr\/wp-json\/wp\/v2\/types\/product"}],"wp:featuredmedia":[{"embeddable":true,"href":"https:\/\/sanatmetal.hu\/tr\/wp-json\/wp\/v2\/media\/17268"}],"wp:attachment":[{"href":"https:\/\/sanatmetal.hu\/tr\/wp-json\/wp\/v2\/media?parent=17267"}],"wp:term":[{"taxonomy":"product_brand","embeddable":true,"href":"https:\/\/sanatmetal.hu\/tr\/wp-json\/wp\/v2\/product_brand?post=17267"},{"taxonomy":"product_cat","embeddable":true,"href":"https:\/\/sanatmetal.hu\/tr\/wp-json\/wp\/v2\/product_cat?post=17267"},{"taxonomy":"product_tag","embeddable":true,"href":"https:\/\/sanatmetal.hu\/tr\/wp-json\/wp\/v2\/product_tag?post=17267"}],"curies":[{"name":"wp","href":"https:\/\/api.w.org\/{rel}","templated":true}]}}