{"id":17269,"date":"2025-12-19T10:31:08","date_gmt":"2025-12-19T09:31:08","guid":{"rendered":"https:\/\/sanatmetal.hu\/product\/plate-for-fixing-ligamen\/"},"modified":"2026-03-24T13:42:22","modified_gmt":"2026-03-24T12:42:22","slug":"bag-fiksasyon-plagi","status":"publish","type":"product","link":"https:\/\/sanatmetal.hu\/tr\/product\/bag-fiksasyon-plagi\/","title":{"rendered":"Ba\u011f Fiksasyon Pla\u011f\u0131"},"content":{"rendered":"<p data-start=\"245\" data-end=\"561\"><strong data-start=\"245\" data-end=\"282\">Travma ve rekonstr\u00fcktif cerrahide<\/strong>, bu implantlar tendon ve ba\u011flar\u0131n fiksasyonu i\u00e7in tasarlanm\u0131\u015ft\u0131r ve iyile\u015fme s\u00fcrecini destekler. Diz ba\u011f\u0131 rekonstr\u00fcksiyonu ve ba\u011f\u0131n kemi\u011fe fiksasyonu i\u00e7in \u00fcr\u00fcn portf\u00f6y\u00fc <strong data-start=\"452\" data-end=\"528\">\u0130nterferans Vidalar\u0131, Tenodez Vidalar\u0131, Ba\u011f Fiksasyon Plaklar\u0131, Butonlar<\/strong> ve <strong data-start=\"532\" data-end=\"553\">Kemik Staple\u2019lar\u0131<\/strong> i\u00e7erir.<\/p>\n<p data-start=\"563\" data-end=\"826\"><strong data-start=\"563\" data-end=\"586\">Ba\u011f Fiksasyon Pla\u011f\u0131<\/strong><br data-start=\"586\" data-end=\"589\" \/>Ba\u011f fiksasyon pla\u011f\u0131, ba\u011f\u0131n kemi\u011fe g\u00fcvenli ve stabil \u015fekilde tespit edilmesi i\u00e7in geli\u015ftirilmi\u015ftir. Tasar\u0131m\u0131, g\u00fcvenilir implantasyon sa\u011flarken fiksasyonun korunmas\u0131na katk\u0131da bulunur ve cerrahi uygulama s\u0131ras\u0131nda kullan\u0131m kolayl\u0131\u011f\u0131 sunar.<\/p>\n<p data-start=\"828\" data-end=\"849\"><strong data-start=\"828\" data-end=\"849\">Temel \u00d6zellikler:<\/strong><\/p>\n<ul data-start=\"851\" data-end=\"1210\">\n<li data-section-id=\"1703kp6\" data-start=\"851\" data-end=\"933\"><strong data-start=\"853\" data-end=\"875\">G\u00fcvenli fiksasyon:<\/strong> Ba\u011f\u0131n kemi\u011fe sa\u011flam \u015fekilde tespit edilmesini destekler<\/li>\n<li data-section-id=\"1juzuqb\" data-start=\"934\" data-end=\"1000\"><strong data-start=\"936\" data-end=\"955\">Stabil tasar\u0131m:<\/strong> G\u00fcvenilir implantasyon ve stabilite sa\u011flar<\/li>\n<li data-section-id=\"1lqnzyq\" data-start=\"1001\" data-end=\"1090\"><strong data-start=\"1003\" data-end=\"1034\">Cerrahi kullan\u0131m kolayl\u0131\u011f\u0131:<\/strong> Uygulama s\u0131ras\u0131nda pratik ve kontroll\u00fc kullan\u0131m sunar<\/li>\n<li data-section-id=\"1ihdse1\" data-start=\"1091\" data-end=\"1210\"><strong data-start=\"1093\" data-end=\"1129\">Ba\u011f rekonstr\u00fcksiyonu i\u00e7in uygun:<\/strong> Diz ba\u011f\u0131 rekonstr\u00fcksiyonu ve ba\u011f fiksasyonu prosed\u00fcrlerinde kullan\u0131ma uygundur<\/li>\n<\/ul>\n<p data-start=\"1212\" data-end=\"1363\"><strong data-start=\"1212\" data-end=\"1231\">Enstr\u00fcmantasyon<\/strong><br data-start=\"1231\" data-end=\"1234\" \/>Ba\u011f fiksasyonu ve diz ba\u011f\u0131 rekonstr\u00fcksiyonu i\u00e7in gerekli enstr\u00fcmanlar, <strong data-start=\"1305\" data-end=\"1340\">Sanat Sport \u2013 CL enstr\u00fcman seti<\/strong> i\u00e7inde yer almaktad\u0131r.<\/p>\n","protected":false},"excerpt":{"rendered":"<p>Travma ve rekonstr\u00fcktif cerrahide, bu implantlar tendon ve ba\u011flar\u0131n fiksasyonu i\u00e7in tasarlanm\u0131\u015ft\u0131r ve iyile\u015fme s\u00fcrecini destekler. Diz ba\u011f\u0131 rekonstr\u00fcksiyonu ve ba\u011f\u0131n kemi\u011fe fiksasyonu i\u00e7in \u00fcr\u00fcn portf\u00f6y\u00fc \u0130nterferans Vidalar\u0131, Tenodez Vidalar\u0131, Ba\u011f Fiksasyon Plaklar\u0131, Butonlar ve Kemik Staple\u2019lar\u0131 i\u00e7erir. Ba\u011f Fiksasyon Pla\u011f\u0131Ba\u011f fiksasyon pla\u011f\u0131, ba\u011f\u0131n kemi\u011fe g\u00fcvenli ve stabil \u015fekilde tespit edilmesi i\u00e7in geli\u015ftirilmi\u015ftir. Tasar\u0131m\u0131, g\u00fcvenilir [&hellip;]<\/p>\n","protected":false},"featured_media":17270,"template":"","meta":[],"product_brand":[],"product_cat":[1159,1158],"product_tag":[],"class_list":{"0":"post-17269","1":"product","2":"type-product","3":"status-publish","4":"has-post-thumbnail","6":"product_cat-diz-bagi-rekonstruksiyonu","7":"product_cat-bag-fiksasyonu","8":"testtaj-ayak","10":"first","11":"instock","12":"shipping-taxable","13":"product-type-simple"},"yoast_head":"<!-- This site is optimized with the Yoast SEO plugin v27.2 - https:\/\/yoast.com\/product\/yoast-seo-wordpress\/ -->\n<title>Ba\u011f Fiksasyon Pla\u011f\u0131 - Sanatmetal<\/title>\n<meta name=\"robots\" content=\"index, follow, max-snippet:-1, max-image-preview:large, max-video-preview:-1\" \/>\n<link rel=\"canonical\" href=\"https:\/\/sanatmetal.hu\/tr\/urun\/bag-fiksasyon-plagi\/\" \/>\n<meta property=\"og:locale\" content=\"tr_TR\" \/>\n<meta property=\"og:type\" content=\"article\" \/>\n<meta property=\"og:title\" content=\"Ba\u011f Fiksasyon Pla\u011f\u0131 - Sanatmetal\" \/>\n<meta property=\"og:description\" content=\"Travma ve rekonstr\u00fcktif cerrahide, bu implantlar tendon ve ba\u011flar\u0131n fiksasyonu i\u00e7in tasarlanm\u0131\u015ft\u0131r ve iyile\u015fme s\u00fcrecini destekler. Diz ba\u011f\u0131 rekonstr\u00fcksiyonu ve ba\u011f\u0131n kemi\u011fe fiksasyonu i\u00e7in \u00fcr\u00fcn portf\u00f6y\u00fc \u0130nterferans Vidalar\u0131, Tenodez Vidalar\u0131, Ba\u011f Fiksasyon Plaklar\u0131, Butonlar ve Kemik Staple\u2019lar\u0131 i\u00e7erir. Ba\u011f Fiksasyon Pla\u011f\u0131Ba\u011f fiksasyon pla\u011f\u0131, ba\u011f\u0131n kemi\u011fe g\u00fcvenli ve stabil \u015fekilde tespit edilmesi i\u00e7in geli\u015ftirilmi\u015ftir. Tasar\u0131m\u0131, g\u00fcvenilir [&hellip;]\" \/>\n<meta property=\"og:url\" content=\"https:\/\/sanatmetal.hu\/tr\/urun\/bag-fiksasyon-plagi\/\" \/>\n<meta property=\"og:site_name\" content=\"Sanatmetal\" \/>\n<meta property=\"article:modified_time\" content=\"2026-03-24T12:42:22+00:00\" \/>\n<meta property=\"og:image\" content=\"https:\/\/sanatmetal.hu\/wp-content\/uploads\/2025\/12\/Szalagrogzito-lemez-masolata-1024x683.png\" \/>\n\t<meta property=\"og:image:width\" content=\"1024\" \/>\n\t<meta property=\"og:image:height\" content=\"683\" \/>\n\t<meta property=\"og:image:type\" content=\"image\/png\" \/>\n<meta name=\"twitter:card\" content=\"summary_large_image\" \/>\n<meta name=\"twitter:label1\" content=\"Est. reading time\" \/>\n\t<meta name=\"twitter:data1\" content=\"1 minute\" \/>\n<script type=\"application\/ld+json\" class=\"yoast-schema-graph\">{\"@context\":\"https:\/\/schema.org\",\"@graph\":[{\"@type\":\"WebPage\",\"@id\":\"https:\/\/sanatmetal.hu\/tr\/urun\/bag-fiksasyon-plagi\/\",\"url\":\"https:\/\/sanatmetal.hu\/tr\/urun\/bag-fiksasyon-plagi\/\",\"name\":\"Ba\u011f Fiksasyon Pla\u011f\u0131 - Sanatmetal\",\"isPartOf\":{\"@id\":\"https:\/\/sanatmetal.hu\/#website\"},\"primaryImageOfPage\":{\"@id\":\"https:\/\/sanatmetal.hu\/tr\/urun\/bag-fiksasyon-plagi\/#primaryimage\"},\"image\":{\"@id\":\"https:\/\/sanatmetal.hu\/tr\/urun\/bag-fiksasyon-plagi\/#primaryimage\"},\"thumbnailUrl\":\"https:\/\/sanatmetal.hu\/wp-content\/uploads\/2025\/12\/Szalagrogzito-lemez-masolata.png\",\"datePublished\":\"2025-12-19T09:31:08+00:00\",\"dateModified\":\"2026-03-24T12:42:22+00:00\",\"breadcrumb\":{\"@id\":\"https:\/\/sanatmetal.hu\/tr\/urun\/bag-fiksasyon-plagi\/#breadcrumb\"},\"inLanguage\":\"tr-TR\",\"potentialAction\":[{\"@type\":\"ReadAction\",\"target\":[\"https:\/\/sanatmetal.hu\/tr\/urun\/bag-fiksasyon-plagi\/\"]}]},{\"@type\":\"ImageObject\",\"inLanguage\":\"tr-TR\",\"@id\":\"https:\/\/sanatmetal.hu\/tr\/urun\/bag-fiksasyon-plagi\/#primaryimage\",\"url\":\"https:\/\/sanatmetal.hu\/wp-content\/uploads\/2025\/12\/Szalagrogzito-lemez-masolata.png\",\"contentUrl\":\"https:\/\/sanatmetal.hu\/wp-content\/uploads\/2025\/12\/Szalagrogzito-lemez-masolata.png\",\"width\":6000,\"height\":4000},{\"@type\":\"BreadcrumbList\",\"@id\":\"https:\/\/sanatmetal.hu\/tr\/urun\/bag-fiksasyon-plagi\/#breadcrumb\",\"itemListElement\":[{\"@type\":\"ListItem\",\"position\":1,\"name\":\"Home\",\"item\":\"https:\/\/sanatmetal.hu\/tr\/\"},{\"@type\":\"ListItem\",\"position\":2,\"name\":\"\u00dcr\u00fcnlerimiz\",\"item\":\"https:\/\/sanatmetal.hu\/tr\/urunlerimiz\/\"},{\"@type\":\"ListItem\",\"position\":3,\"name\":\"Ba\u011f Fiksasyon Pla\u011f\u0131\"}]},{\"@type\":\"WebSite\",\"@id\":\"https:\/\/sanatmetal.hu\/#website\",\"url\":\"https:\/\/sanatmetal.hu\/\",\"name\":\"Sanatmetal\",\"description\":\"\",\"publisher\":{\"@id\":\"https:\/\/sanatmetal.hu\/#organization\"},\"potentialAction\":[{\"@type\":\"SearchAction\",\"target\":{\"@type\":\"EntryPoint\",\"urlTemplate\":\"https:\/\/sanatmetal.hu\/?s={search_term_string}\"},\"query-input\":{\"@type\":\"PropertyValueSpecification\",\"valueRequired\":true,\"valueName\":\"search_term_string\"}}],\"inLanguage\":\"tr-TR\"},{\"@type\":\"Organization\",\"@id\":\"https:\/\/sanatmetal.hu\/#organization\",\"name\":\"Sanatmetal\",\"url\":\"https:\/\/sanatmetal.hu\/\",\"logo\":{\"@type\":\"ImageObject\",\"inLanguage\":\"tr-TR\",\"@id\":\"https:\/\/sanatmetal.hu\/#\/schema\/logo\/image\/\",\"url\":\"https:\/\/sanatmetal.hu\/wp-content\/uploads\/2024\/10\/Nevtelen-terv-5-e1728647058747.png\",\"contentUrl\":\"https:\/\/sanatmetal.hu\/wp-content\/uploads\/2024\/10\/Nevtelen-terv-5-e1728647058747.png\",\"width\":1410,\"height\":1293,\"caption\":\"Sanatmetal\"},\"image\":{\"@id\":\"https:\/\/sanatmetal.hu\/#\/schema\/logo\/image\/\"}}]}<\/script>\n<!-- \/ Yoast SEO plugin. -->","yoast_head_json":{"title":"Ba\u011f Fiksasyon Pla\u011f\u0131 - Sanatmetal","robots":{"index":"index","follow":"follow","max-snippet":"max-snippet:-1","max-image-preview":"max-image-preview:large","max-video-preview":"max-video-preview:-1"},"canonical":"https:\/\/sanatmetal.hu\/tr\/urun\/bag-fiksasyon-plagi\/","og_locale":"tr_TR","og_type":"article","og_title":"Ba\u011f Fiksasyon Pla\u011f\u0131 - Sanatmetal","og_description":"Travma ve rekonstr\u00fcktif cerrahide, bu implantlar tendon ve ba\u011flar\u0131n fiksasyonu i\u00e7in tasarlanm\u0131\u015ft\u0131r ve iyile\u015fme s\u00fcrecini destekler. Diz ba\u011f\u0131 rekonstr\u00fcksiyonu ve ba\u011f\u0131n kemi\u011fe fiksasyonu i\u00e7in \u00fcr\u00fcn portf\u00f6y\u00fc \u0130nterferans Vidalar\u0131, Tenodez Vidalar\u0131, Ba\u011f Fiksasyon Plaklar\u0131, Butonlar ve Kemik Staple\u2019lar\u0131 i\u00e7erir. Ba\u011f Fiksasyon Pla\u011f\u0131Ba\u011f fiksasyon pla\u011f\u0131, ba\u011f\u0131n kemi\u011fe g\u00fcvenli ve stabil \u015fekilde tespit edilmesi i\u00e7in geli\u015ftirilmi\u015ftir. Tasar\u0131m\u0131, g\u00fcvenilir [&hellip;]","og_url":"https:\/\/sanatmetal.hu\/tr\/urun\/bag-fiksasyon-plagi\/","og_site_name":"Sanatmetal","article_modified_time":"2026-03-24T12:42:22+00:00","og_image":[{"width":1024,"height":683,"url":"https:\/\/sanatmetal.hu\/wp-content\/uploads\/2025\/12\/Szalagrogzito-lemez-masolata-1024x683.png","type":"image\/png"}],"twitter_card":"summary_large_image","twitter_misc":{"Est. reading time":"1 minute"},"schema":{"@context":"https:\/\/schema.org","@graph":[{"@type":"WebPage","@id":"https:\/\/sanatmetal.hu\/tr\/urun\/bag-fiksasyon-plagi\/","url":"https:\/\/sanatmetal.hu\/tr\/urun\/bag-fiksasyon-plagi\/","name":"Ba\u011f Fiksasyon Pla\u011f\u0131 - Sanatmetal","isPartOf":{"@id":"https:\/\/sanatmetal.hu\/#website"},"primaryImageOfPage":{"@id":"https:\/\/sanatmetal.hu\/tr\/urun\/bag-fiksasyon-plagi\/#primaryimage"},"image":{"@id":"https:\/\/sanatmetal.hu\/tr\/urun\/bag-fiksasyon-plagi\/#primaryimage"},"thumbnailUrl":"https:\/\/sanatmetal.hu\/wp-content\/uploads\/2025\/12\/Szalagrogzito-lemez-masolata.png","datePublished":"2025-12-19T09:31:08+00:00","dateModified":"2026-03-24T12:42:22+00:00","breadcrumb":{"@id":"https:\/\/sanatmetal.hu\/tr\/urun\/bag-fiksasyon-plagi\/#breadcrumb"},"inLanguage":"tr-TR","potentialAction":[{"@type":"ReadAction","target":["https:\/\/sanatmetal.hu\/tr\/urun\/bag-fiksasyon-plagi\/"]}]},{"@type":"ImageObject","inLanguage":"tr-TR","@id":"https:\/\/sanatmetal.hu\/tr\/urun\/bag-fiksasyon-plagi\/#primaryimage","url":"https:\/\/sanatmetal.hu\/wp-content\/uploads\/2025\/12\/Szalagrogzito-lemez-masolata.png","contentUrl":"https:\/\/sanatmetal.hu\/wp-content\/uploads\/2025\/12\/Szalagrogzito-lemez-masolata.png","width":6000,"height":4000},{"@type":"BreadcrumbList","@id":"https:\/\/sanatmetal.hu\/tr\/urun\/bag-fiksasyon-plagi\/#breadcrumb","itemListElement":[{"@type":"ListItem","position":1,"name":"Home","item":"https:\/\/sanatmetal.hu\/tr\/"},{"@type":"ListItem","position":2,"name":"\u00dcr\u00fcnlerimiz","item":"https:\/\/sanatmetal.hu\/tr\/urunlerimiz\/"},{"@type":"ListItem","position":3,"name":"Ba\u011f Fiksasyon Pla\u011f\u0131"}]},{"@type":"WebSite","@id":"https:\/\/sanatmetal.hu\/#website","url":"https:\/\/sanatmetal.hu\/","name":"Sanatmetal","description":"","publisher":{"@id":"https:\/\/sanatmetal.hu\/#organization"},"potentialAction":[{"@type":"SearchAction","target":{"@type":"EntryPoint","urlTemplate":"https:\/\/sanatmetal.hu\/?s={search_term_string}"},"query-input":{"@type":"PropertyValueSpecification","valueRequired":true,"valueName":"search_term_string"}}],"inLanguage":"tr-TR"},{"@type":"Organization","@id":"https:\/\/sanatmetal.hu\/#organization","name":"Sanatmetal","url":"https:\/\/sanatmetal.hu\/","logo":{"@type":"ImageObject","inLanguage":"tr-TR","@id":"https:\/\/sanatmetal.hu\/#\/schema\/logo\/image\/","url":"https:\/\/sanatmetal.hu\/wp-content\/uploads\/2024\/10\/Nevtelen-terv-5-e1728647058747.png","contentUrl":"https:\/\/sanatmetal.hu\/wp-content\/uploads\/2024\/10\/Nevtelen-terv-5-e1728647058747.png","width":1410,"height":1293,"caption":"Sanatmetal"},"image":{"@id":"https:\/\/sanatmetal.hu\/#\/schema\/logo\/image\/"}}]}},"_links":{"self":[{"href":"https:\/\/sanatmetal.hu\/tr\/wp-json\/wp\/v2\/product\/17269","targetHints":{"allow":["GET"]}}],"collection":[{"href":"https:\/\/sanatmetal.hu\/tr\/wp-json\/wp\/v2\/product"}],"about":[{"href":"https:\/\/sanatmetal.hu\/tr\/wp-json\/wp\/v2\/types\/product"}],"wp:featuredmedia":[{"embeddable":true,"href":"https:\/\/sanatmetal.hu\/tr\/wp-json\/wp\/v2\/media\/17270"}],"wp:attachment":[{"href":"https:\/\/sanatmetal.hu\/tr\/wp-json\/wp\/v2\/media?parent=17269"}],"wp:term":[{"taxonomy":"product_brand","embeddable":true,"href":"https:\/\/sanatmetal.hu\/tr\/wp-json\/wp\/v2\/product_brand?post=17269"},{"taxonomy":"product_cat","embeddable":true,"href":"https:\/\/sanatmetal.hu\/tr\/wp-json\/wp\/v2\/product_cat?post=17269"},{"taxonomy":"product_tag","embeddable":true,"href":"https:\/\/sanatmetal.hu\/tr\/wp-json\/wp\/v2\/product_tag?post=17269"}],"curies":[{"name":"wp","href":"https:\/\/api.w.org\/{rel}","templated":true}]}}