{"id":17271,"date":"2025-12-19T09:34:30","date_gmt":"2025-12-19T08:34:30","guid":{"rendered":"https:\/\/sanatmetal.hu\/product\/interference-screw\/"},"modified":"2026-03-24T13:40:31","modified_gmt":"2026-03-24T12:40:31","slug":"interferans-vidasi","status":"publish","type":"product","link":"https:\/\/sanatmetal.hu\/tr\/product\/interferans-vidasi\/","title":{"rendered":"\u0130nterferans Vidas\u0131"},"content":{"rendered":"<p data-start=\"136\" data-end=\"452\"><strong data-start=\"136\" data-end=\"173\">Travma ve rekonstr\u00fcktif cerrahide<\/strong>, bu implantlar tendon ve ba\u011flar\u0131n fiksasyonu i\u00e7in tasarlanm\u0131\u015ft\u0131r ve iyile\u015fme s\u00fcrecini destekler. Diz ba\u011f\u0131 rekonstr\u00fcksiyonu ve ba\u011f\u0131n kemi\u011fe fiksasyonu i\u00e7in \u00fcr\u00fcn portf\u00f6y\u00fc <strong data-start=\"343\" data-end=\"419\">\u0130nterferans Vidalar\u0131, Tenodez Vidalar\u0131, Ba\u011f Fiksasyon Plaklar\u0131, Butonlar<\/strong> ve <strong data-start=\"423\" data-end=\"444\">Kemik Staple\u2019lar\u0131<\/strong> i\u00e7erir.<\/p>\n<p data-start=\"454\" data-end=\"652\"><strong data-start=\"454\" data-end=\"476\">\u0130nterferans Vidas\u0131<\/strong><br data-start=\"476\" data-end=\"479\" \/>\u0130nterferans vidas\u0131, g\u00fcvenli ve stabil ba\u011f fiksasyonu i\u00e7in ideal bir \u00e7\u00f6z\u00fcm sunar. \u00dcst\u00fcn tasar\u0131m \u00f6zellikleri, g\u00fcvenilir implantasyon sa\u011flar ve insersiyon s\u0131ras\u0131nda ba\u011f\u0131 korur.<\/p>\n<p data-start=\"654\" data-end=\"675\"><strong data-start=\"654\" data-end=\"675\">Temel \u00d6zellikler:<\/strong><\/p>\n<ul data-start=\"677\" data-end=\"1159\">\n<li data-section-id=\"1a3hvnk\" data-start=\"677\" data-end=\"745\"><strong data-start=\"679\" data-end=\"695\">Materyaller:<\/strong> PEEK ve titanyum \u2013 her iki se\u00e7enek de mevcuttur<\/li>\n<li data-section-id=\"oo848a\" data-start=\"746\" data-end=\"836\"><strong data-start=\"748\" data-end=\"789\">T\u00fcm uzunluk boyunca k\u00fcnt di\u015f profili:<\/strong> Stabil ba\u011f fiksasyonu sa\u011flar ve grefti korur<\/li>\n<li data-section-id=\"1sw1a1x\" data-start=\"837\" data-end=\"913\"><strong data-start=\"839\" data-end=\"857\">Konik tasar\u0131m:<\/strong> Daha kolay ve daha g\u00fcvenli implantasyona olanak tan\u0131r<\/li>\n<li data-section-id=\"qeo2bq\" data-start=\"914\" data-end=\"987\"><strong data-start=\"916\" data-end=\"937\">Yuvarlat\u0131lm\u0131\u015f u\u00e7:<\/strong> \u0130nsersiyon s\u0131ras\u0131nda ba\u011f hasar\u0131 riskini azalt\u0131r<\/li>\n<li data-section-id=\"rz2b85\" data-start=\"988\" data-end=\"1050\"><strong data-start=\"990\" data-end=\"1008\">Kan\u00fcll\u00fc g\u00f6vde:<\/strong> Hassas ve kolay pozisyonland\u0131rma sa\u011flar<\/li>\n<li data-section-id=\"1kl3kw9\" data-start=\"1051\" data-end=\"1126\"><strong data-start=\"1053\" data-end=\"1081\">Stabil i\u00e7 tahrik yap\u0131s\u0131:<\/strong> G\u00fcvenli fiksasyon ve kolay kullan\u0131m sa\u011flar<\/li>\n<li data-section-id=\"wlpqaf\" data-start=\"1127\" data-end=\"1159\"><strong data-start=\"1129\" data-end=\"1147\">Boyut aral\u0131\u011f\u0131:<\/strong> 7\u201312 mm \u00e7ap<\/li>\n<\/ul>\n<p data-start=\"1161\" data-end=\"1312\"><strong data-start=\"1161\" data-end=\"1180\">Enstr\u00fcmantasyon<\/strong><br data-start=\"1180\" data-end=\"1183\" \/>Ba\u011f fiksasyonu ve diz ba\u011f\u0131 rekonstr\u00fcksiyonu i\u00e7in gerekli enstr\u00fcmanlar, <strong data-start=\"1254\" data-end=\"1289\">Sanat Sport \u2013 CL enstr\u00fcman seti<\/strong> i\u00e7inde yer almaktad\u0131r.<\/p>\n","protected":false},"excerpt":{"rendered":"<p>Travma ve rekonstr\u00fcktif cerrahide, bu implantlar tendon ve ba\u011flar\u0131n fiksasyonu i\u00e7in tasarlanm\u0131\u015ft\u0131r ve iyile\u015fme s\u00fcrecini destekler. Diz ba\u011f\u0131 rekonstr\u00fcksiyonu ve ba\u011f\u0131n kemi\u011fe fiksasyonu i\u00e7in \u00fcr\u00fcn portf\u00f6y\u00fc \u0130nterferans Vidalar\u0131, Tenodez Vidalar\u0131, Ba\u011f Fiksasyon Plaklar\u0131, Butonlar ve Kemik Staple\u2019lar\u0131 i\u00e7erir. \u0130nterferans Vidas\u0131\u0130nterferans vidas\u0131, g\u00fcvenli ve stabil ba\u011f fiksasyonu i\u00e7in ideal bir \u00e7\u00f6z\u00fcm sunar. \u00dcst\u00fcn tasar\u0131m \u00f6zellikleri, g\u00fcvenilir [&hellip;]<\/p>\n","protected":false},"featured_media":17272,"template":"","meta":[],"product_brand":[],"product_cat":[1159,1158],"product_tag":[],"class_list":{"0":"post-17271","1":"product","2":"type-product","3":"status-publish","4":"has-post-thumbnail","6":"product_cat-diz-bagi-rekonstruksiyonu","7":"product_cat-bag-fiksasyonu","8":"testtaj-ayak","10":"first","11":"instock","12":"shipping-taxable","13":"product-type-simple"},"yoast_head":"<!-- This site is optimized with the Yoast SEO plugin v27.2 - https:\/\/yoast.com\/product\/yoast-seo-wordpress\/ -->\n<title>\u0130nterferans Vidas\u0131 - Sanatmetal<\/title>\n<meta name=\"robots\" content=\"index, follow, max-snippet:-1, max-image-preview:large, max-video-preview:-1\" \/>\n<link rel=\"canonical\" href=\"https:\/\/sanatmetal.hu\/tr\/urun\/interferans-vidasi\/\" \/>\n<meta property=\"og:locale\" content=\"tr_TR\" \/>\n<meta property=\"og:type\" content=\"article\" \/>\n<meta property=\"og:title\" content=\"\u0130nterferans Vidas\u0131 - Sanatmetal\" \/>\n<meta property=\"og:description\" content=\"Travma ve rekonstr\u00fcktif cerrahide, bu implantlar tendon ve ba\u011flar\u0131n fiksasyonu i\u00e7in tasarlanm\u0131\u015ft\u0131r ve iyile\u015fme s\u00fcrecini destekler. Diz ba\u011f\u0131 rekonstr\u00fcksiyonu ve ba\u011f\u0131n kemi\u011fe fiksasyonu i\u00e7in \u00fcr\u00fcn portf\u00f6y\u00fc \u0130nterferans Vidalar\u0131, Tenodez Vidalar\u0131, Ba\u011f Fiksasyon Plaklar\u0131, Butonlar ve Kemik Staple\u2019lar\u0131 i\u00e7erir. \u0130nterferans Vidas\u0131\u0130nterferans vidas\u0131, g\u00fcvenli ve stabil ba\u011f fiksasyonu i\u00e7in ideal bir \u00e7\u00f6z\u00fcm sunar. \u00dcst\u00fcn tasar\u0131m \u00f6zellikleri, g\u00fcvenilir [&hellip;]\" \/>\n<meta property=\"og:url\" content=\"https:\/\/sanatmetal.hu\/tr\/urun\/interferans-vidasi\/\" \/>\n<meta property=\"og:site_name\" content=\"Sanatmetal\" \/>\n<meta property=\"article:modified_time\" content=\"2026-03-24T12:40:31+00:00\" \/>\n<meta property=\"og:image\" content=\"https:\/\/sanatmetal.hu\/wp-content\/uploads\/2025\/12\/DSC07490-1024x683.png\" \/>\n\t<meta property=\"og:image:width\" content=\"1024\" \/>\n\t<meta property=\"og:image:height\" content=\"683\" \/>\n\t<meta property=\"og:image:type\" content=\"image\/png\" \/>\n<meta name=\"twitter:card\" content=\"summary_large_image\" \/>\n<meta name=\"twitter:label1\" content=\"Est. reading time\" \/>\n\t<meta name=\"twitter:data1\" content=\"1 minute\" \/>\n<script type=\"application\/ld+json\" class=\"yoast-schema-graph\">{\"@context\":\"https:\/\/schema.org\",\"@graph\":[{\"@type\":\"WebPage\",\"@id\":\"https:\/\/sanatmetal.hu\/tr\/urun\/interferans-vidasi\/\",\"url\":\"https:\/\/sanatmetal.hu\/tr\/urun\/interferans-vidasi\/\",\"name\":\"\u0130nterferans Vidas\u0131 - Sanatmetal\",\"isPartOf\":{\"@id\":\"https:\/\/sanatmetal.hu\/#website\"},\"primaryImageOfPage\":{\"@id\":\"https:\/\/sanatmetal.hu\/tr\/urun\/interferans-vidasi\/#primaryimage\"},\"image\":{\"@id\":\"https:\/\/sanatmetal.hu\/tr\/urun\/interferans-vidasi\/#primaryimage\"},\"thumbnailUrl\":\"https:\/\/sanatmetal.hu\/wp-content\/uploads\/2025\/12\/DSC07490.png\",\"datePublished\":\"2025-12-19T08:34:30+00:00\",\"dateModified\":\"2026-03-24T12:40:31+00:00\",\"breadcrumb\":{\"@id\":\"https:\/\/sanatmetal.hu\/tr\/urun\/interferans-vidasi\/#breadcrumb\"},\"inLanguage\":\"tr-TR\",\"potentialAction\":[{\"@type\":\"ReadAction\",\"target\":[\"https:\/\/sanatmetal.hu\/tr\/urun\/interferans-vidasi\/\"]}]},{\"@type\":\"ImageObject\",\"inLanguage\":\"tr-TR\",\"@id\":\"https:\/\/sanatmetal.hu\/tr\/urun\/interferans-vidasi\/#primaryimage\",\"url\":\"https:\/\/sanatmetal.hu\/wp-content\/uploads\/2025\/12\/DSC07490.png\",\"contentUrl\":\"https:\/\/sanatmetal.hu\/wp-content\/uploads\/2025\/12\/DSC07490.png\",\"width\":6000,\"height\":4000},{\"@type\":\"BreadcrumbList\",\"@id\":\"https:\/\/sanatmetal.hu\/tr\/urun\/interferans-vidasi\/#breadcrumb\",\"itemListElement\":[{\"@type\":\"ListItem\",\"position\":1,\"name\":\"Home\",\"item\":\"https:\/\/sanatmetal.hu\/tr\/\"},{\"@type\":\"ListItem\",\"position\":2,\"name\":\"\u00dcr\u00fcnlerimiz\",\"item\":\"https:\/\/sanatmetal.hu\/tr\/urunlerimiz\/\"},{\"@type\":\"ListItem\",\"position\":3,\"name\":\"\u0130nterferans Vidas\u0131\"}]},{\"@type\":\"WebSite\",\"@id\":\"https:\/\/sanatmetal.hu\/#website\",\"url\":\"https:\/\/sanatmetal.hu\/\",\"name\":\"Sanatmetal\",\"description\":\"\",\"publisher\":{\"@id\":\"https:\/\/sanatmetal.hu\/#organization\"},\"potentialAction\":[{\"@type\":\"SearchAction\",\"target\":{\"@type\":\"EntryPoint\",\"urlTemplate\":\"https:\/\/sanatmetal.hu\/?s={search_term_string}\"},\"query-input\":{\"@type\":\"PropertyValueSpecification\",\"valueRequired\":true,\"valueName\":\"search_term_string\"}}],\"inLanguage\":\"tr-TR\"},{\"@type\":\"Organization\",\"@id\":\"https:\/\/sanatmetal.hu\/#organization\",\"name\":\"Sanatmetal\",\"url\":\"https:\/\/sanatmetal.hu\/\",\"logo\":{\"@type\":\"ImageObject\",\"inLanguage\":\"tr-TR\",\"@id\":\"https:\/\/sanatmetal.hu\/#\/schema\/logo\/image\/\",\"url\":\"https:\/\/sanatmetal.hu\/wp-content\/uploads\/2024\/10\/Nevtelen-terv-5-e1728647058747.png\",\"contentUrl\":\"https:\/\/sanatmetal.hu\/wp-content\/uploads\/2024\/10\/Nevtelen-terv-5-e1728647058747.png\",\"width\":1410,\"height\":1293,\"caption\":\"Sanatmetal\"},\"image\":{\"@id\":\"https:\/\/sanatmetal.hu\/#\/schema\/logo\/image\/\"}}]}<\/script>\n<!-- \/ Yoast SEO plugin. -->","yoast_head_json":{"title":"\u0130nterferans Vidas\u0131 - Sanatmetal","robots":{"index":"index","follow":"follow","max-snippet":"max-snippet:-1","max-image-preview":"max-image-preview:large","max-video-preview":"max-video-preview:-1"},"canonical":"https:\/\/sanatmetal.hu\/tr\/urun\/interferans-vidasi\/","og_locale":"tr_TR","og_type":"article","og_title":"\u0130nterferans Vidas\u0131 - Sanatmetal","og_description":"Travma ve rekonstr\u00fcktif cerrahide, bu implantlar tendon ve ba\u011flar\u0131n fiksasyonu i\u00e7in tasarlanm\u0131\u015ft\u0131r ve iyile\u015fme s\u00fcrecini destekler. Diz ba\u011f\u0131 rekonstr\u00fcksiyonu ve ba\u011f\u0131n kemi\u011fe fiksasyonu i\u00e7in \u00fcr\u00fcn portf\u00f6y\u00fc \u0130nterferans Vidalar\u0131, Tenodez Vidalar\u0131, Ba\u011f Fiksasyon Plaklar\u0131, Butonlar ve Kemik Staple\u2019lar\u0131 i\u00e7erir. \u0130nterferans Vidas\u0131\u0130nterferans vidas\u0131, g\u00fcvenli ve stabil ba\u011f fiksasyonu i\u00e7in ideal bir \u00e7\u00f6z\u00fcm sunar. \u00dcst\u00fcn tasar\u0131m \u00f6zellikleri, g\u00fcvenilir [&hellip;]","og_url":"https:\/\/sanatmetal.hu\/tr\/urun\/interferans-vidasi\/","og_site_name":"Sanatmetal","article_modified_time":"2026-03-24T12:40:31+00:00","og_image":[{"width":1024,"height":683,"url":"https:\/\/sanatmetal.hu\/wp-content\/uploads\/2025\/12\/DSC07490-1024x683.png","type":"image\/png"}],"twitter_card":"summary_large_image","twitter_misc":{"Est. reading time":"1 minute"},"schema":{"@context":"https:\/\/schema.org","@graph":[{"@type":"WebPage","@id":"https:\/\/sanatmetal.hu\/tr\/urun\/interferans-vidasi\/","url":"https:\/\/sanatmetal.hu\/tr\/urun\/interferans-vidasi\/","name":"\u0130nterferans Vidas\u0131 - Sanatmetal","isPartOf":{"@id":"https:\/\/sanatmetal.hu\/#website"},"primaryImageOfPage":{"@id":"https:\/\/sanatmetal.hu\/tr\/urun\/interferans-vidasi\/#primaryimage"},"image":{"@id":"https:\/\/sanatmetal.hu\/tr\/urun\/interferans-vidasi\/#primaryimage"},"thumbnailUrl":"https:\/\/sanatmetal.hu\/wp-content\/uploads\/2025\/12\/DSC07490.png","datePublished":"2025-12-19T08:34:30+00:00","dateModified":"2026-03-24T12:40:31+00:00","breadcrumb":{"@id":"https:\/\/sanatmetal.hu\/tr\/urun\/interferans-vidasi\/#breadcrumb"},"inLanguage":"tr-TR","potentialAction":[{"@type":"ReadAction","target":["https:\/\/sanatmetal.hu\/tr\/urun\/interferans-vidasi\/"]}]},{"@type":"ImageObject","inLanguage":"tr-TR","@id":"https:\/\/sanatmetal.hu\/tr\/urun\/interferans-vidasi\/#primaryimage","url":"https:\/\/sanatmetal.hu\/wp-content\/uploads\/2025\/12\/DSC07490.png","contentUrl":"https:\/\/sanatmetal.hu\/wp-content\/uploads\/2025\/12\/DSC07490.png","width":6000,"height":4000},{"@type":"BreadcrumbList","@id":"https:\/\/sanatmetal.hu\/tr\/urun\/interferans-vidasi\/#breadcrumb","itemListElement":[{"@type":"ListItem","position":1,"name":"Home","item":"https:\/\/sanatmetal.hu\/tr\/"},{"@type":"ListItem","position":2,"name":"\u00dcr\u00fcnlerimiz","item":"https:\/\/sanatmetal.hu\/tr\/urunlerimiz\/"},{"@type":"ListItem","position":3,"name":"\u0130nterferans Vidas\u0131"}]},{"@type":"WebSite","@id":"https:\/\/sanatmetal.hu\/#website","url":"https:\/\/sanatmetal.hu\/","name":"Sanatmetal","description":"","publisher":{"@id":"https:\/\/sanatmetal.hu\/#organization"},"potentialAction":[{"@type":"SearchAction","target":{"@type":"EntryPoint","urlTemplate":"https:\/\/sanatmetal.hu\/?s={search_term_string}"},"query-input":{"@type":"PropertyValueSpecification","valueRequired":true,"valueName":"search_term_string"}}],"inLanguage":"tr-TR"},{"@type":"Organization","@id":"https:\/\/sanatmetal.hu\/#organization","name":"Sanatmetal","url":"https:\/\/sanatmetal.hu\/","logo":{"@type":"ImageObject","inLanguage":"tr-TR","@id":"https:\/\/sanatmetal.hu\/#\/schema\/logo\/image\/","url":"https:\/\/sanatmetal.hu\/wp-content\/uploads\/2024\/10\/Nevtelen-terv-5-e1728647058747.png","contentUrl":"https:\/\/sanatmetal.hu\/wp-content\/uploads\/2024\/10\/Nevtelen-terv-5-e1728647058747.png","width":1410,"height":1293,"caption":"Sanatmetal"},"image":{"@id":"https:\/\/sanatmetal.hu\/#\/schema\/logo\/image\/"}}]}},"_links":{"self":[{"href":"https:\/\/sanatmetal.hu\/tr\/wp-json\/wp\/v2\/product\/17271","targetHints":{"allow":["GET"]}}],"collection":[{"href":"https:\/\/sanatmetal.hu\/tr\/wp-json\/wp\/v2\/product"}],"about":[{"href":"https:\/\/sanatmetal.hu\/tr\/wp-json\/wp\/v2\/types\/product"}],"wp:featuredmedia":[{"embeddable":true,"href":"https:\/\/sanatmetal.hu\/tr\/wp-json\/wp\/v2\/media\/17272"}],"wp:attachment":[{"href":"https:\/\/sanatmetal.hu\/tr\/wp-json\/wp\/v2\/media?parent=17271"}],"wp:term":[{"taxonomy":"product_brand","embeddable":true,"href":"https:\/\/sanatmetal.hu\/tr\/wp-json\/wp\/v2\/product_brand?post=17271"},{"taxonomy":"product_cat","embeddable":true,"href":"https:\/\/sanatmetal.hu\/tr\/wp-json\/wp\/v2\/product_cat?post=17271"},{"taxonomy":"product_tag","embeddable":true,"href":"https:\/\/sanatmetal.hu\/tr\/wp-json\/wp\/v2\/product_tag?post=17271"}],"curies":[{"name":"wp","href":"https:\/\/api.w.org\/{rel}","templated":true}]}}