{"id":17298,"date":"2020-03-04T11:41:59","date_gmt":"2020-03-04T11:41:59","guid":{"rendered":"https:\/\/sanatmetal.hu\/product\/sanatfix-fixateur-mini\/"},"modified":"2026-03-24T14:15:00","modified_gmt":"2026-03-24T13:15:00","slug":"sanatfix-fiksator-mini","status":"publish","type":"product","link":"https:\/\/sanatmetal.hu\/tr\/product\/sanatfix-fiksator-mini\/","title":{"rendered":"SanatFix Fiksat\u00f6r &#8211; Mini"},"content":{"rendered":"<p data-start=\"118\" data-end=\"197\">Sanatfix, <strong data-start=\"128\" data-end=\"167\">mod\u00fcler fiksat\u00f6rlerin yeni neslidir<\/strong>. Basit ve kullan\u0131m\u0131 kolayd\u0131r.<\/p>\n<p data-start=\"199\" data-end=\"220\"><strong data-start=\"199\" data-end=\"220\">Temel avantajlar:<\/strong><\/p>\n<ul data-start=\"222\" data-end=\"591\">\n<li data-section-id=\"535nk9\" data-start=\"222\" data-end=\"283\"><strong data-start=\"224\" data-end=\"283\">A\u011f\u0131rl\u0131\u011f\u0131 azaltmak i\u00e7in titanyum veya al\u00fcminyum somunlar<\/strong><\/li>\n<li data-section-id=\"1wexhal\" data-start=\"284\" data-end=\"329\"><strong data-start=\"286\" data-end=\"329\">\u00c7elik veya karbon \u00e7ubuklar (radyol\u00fcsen)<\/strong><\/li>\n<li data-section-id=\"18lahav\" data-start=\"330\" data-end=\"406\"><strong data-start=\"332\" data-end=\"406\">Yay \u00f6n y\u00fcklemesi sayesinde, son kilitlemeye kadar serbest manip\u00fclasyon<\/strong><\/li>\n<li data-section-id=\"s4uwj0\" data-start=\"407\" data-end=\"446\"><strong data-start=\"409\" data-end=\"446\">Somunlar\u0131n tek elle manip\u00fclasyonu<\/strong><\/li>\n<li data-section-id=\"q5bc9t\" data-start=\"447\" data-end=\"529\"><strong data-start=\"449\" data-end=\"529\">Mod\u00fcler yap\u0131, t\u00fcm sistemlerin birbiriyle kombine edilebilmesine olanak tan\u0131r<\/strong><\/li>\n<li data-section-id=\"106tk7s\" data-start=\"530\" data-end=\"591\"><strong data-start=\"532\" data-end=\"591\">Steril ambalaj se\u00e7ene\u011fi mevcuttur (afet durumlar\u0131 i\u00e7in)<\/strong><\/li>\n<\/ul>\n","protected":false},"excerpt":{"rendered":"<p>Sanatfix, mod\u00fcler fiksat\u00f6rlerin yeni neslidir. Basit ve kullan\u0131m\u0131 kolayd\u0131r. Temel avantajlar: A\u011f\u0131rl\u0131\u011f\u0131 azaltmak i\u00e7in titanyum veya al\u00fcminyum somunlar \u00c7elik veya karbon \u00e7ubuklar (radyol\u00fcsen) Yay \u00f6n y\u00fcklemesi sayesinde, son kilitlemeye kadar serbest manip\u00fclasyon Somunlar\u0131n tek elle manip\u00fclasyonu Mod\u00fcler yap\u0131, t\u00fcm sistemlerin birbiriyle kombine edilebilmesine olanak tan\u0131r Steril ambalaj se\u00e7ene\u011fi mevcuttur (afet durumlar\u0131 i\u00e7in)<\/p>\n","protected":false},"featured_media":17294,"template":"","meta":[],"product_brand":[],"product_cat":[1187],"product_tag":[],"class_list":{"0":"post-17298","1":"product","2":"type-product","3":"status-publish","4":"has-post-thumbnail","6":"product_cat-el-3","7":"testtaj-eksternal-fiksatorler-el","8":"markanev-sanatfix","10":"first","11":"instock","12":"shipping-taxable","13":"product-type-simple"},"yoast_head":"<!-- This site is optimized with the Yoast SEO plugin v27.2 - https:\/\/yoast.com\/product\/yoast-seo-wordpress\/ -->\n<title>SanatFix Fiksat\u00f6r - Mini - Sanatmetal<\/title>\n<meta name=\"robots\" content=\"index, follow, max-snippet:-1, max-image-preview:large, max-video-preview:-1\" \/>\n<link rel=\"canonical\" href=\"https:\/\/sanatmetal.hu\/tr\/urun\/sanatfix-fiksator-mini\/\" \/>\n<meta property=\"og:locale\" content=\"tr_TR\" \/>\n<meta property=\"og:type\" content=\"article\" \/>\n<meta property=\"og:title\" content=\"SanatFix Fiksat\u00f6r - Mini - Sanatmetal\" \/>\n<meta property=\"og:description\" content=\"Sanatfix, mod\u00fcler fiksat\u00f6rlerin yeni neslidir. Basit ve kullan\u0131m\u0131 kolayd\u0131r. Temel avantajlar: A\u011f\u0131rl\u0131\u011f\u0131 azaltmak i\u00e7in titanyum veya al\u00fcminyum somunlar \u00c7elik veya karbon \u00e7ubuklar (radyol\u00fcsen) Yay \u00f6n y\u00fcklemesi sayesinde, son kilitlemeye kadar serbest manip\u00fclasyon Somunlar\u0131n tek elle manip\u00fclasyonu Mod\u00fcler yap\u0131, t\u00fcm sistemlerin birbiriyle kombine edilebilmesine olanak tan\u0131r Steril ambalaj se\u00e7ene\u011fi mevcuttur (afet durumlar\u0131 i\u00e7in)\" \/>\n<meta property=\"og:url\" content=\"https:\/\/sanatmetal.hu\/tr\/urun\/sanatfix-fiksator-mini\/\" \/>\n<meta property=\"og:site_name\" content=\"Sanatmetal\" \/>\n<meta property=\"article:modified_time\" content=\"2026-03-24T13:15:00+00:00\" \/>\n<meta property=\"og:image\" content=\"https:\/\/sanatmetal.hu\/wp-content\/uploads\/2020\/03\/128-scaled.webp\" \/>\n\t<meta property=\"og:image:width\" content=\"2560\" \/>\n\t<meta property=\"og:image:height\" content=\"1920\" \/>\n\t<meta property=\"og:image:type\" content=\"image\/jpeg\" \/>\n<meta name=\"twitter:card\" content=\"summary_large_image\" \/>\n<meta name=\"twitter:label1\" content=\"Est. reading time\" \/>\n\t<meta name=\"twitter:data1\" content=\"1 minute\" \/>\n<script type=\"application\/ld+json\" class=\"yoast-schema-graph\">{\"@context\":\"https:\/\/schema.org\",\"@graph\":[{\"@type\":\"WebPage\",\"@id\":\"https:\/\/sanatmetal.hu\/tr\/urun\/sanatfix-fiksator-mini\/\",\"url\":\"https:\/\/sanatmetal.hu\/tr\/urun\/sanatfix-fiksator-mini\/\",\"name\":\"SanatFix Fiksat\u00f6r - Mini - Sanatmetal\",\"isPartOf\":{\"@id\":\"https:\/\/sanatmetal.hu\/#website\"},\"primaryImageOfPage\":{\"@id\":\"https:\/\/sanatmetal.hu\/tr\/urun\/sanatfix-fiksator-mini\/#primaryimage\"},\"image\":{\"@id\":\"https:\/\/sanatmetal.hu\/tr\/urun\/sanatfix-fiksator-mini\/#primaryimage\"},\"thumbnailUrl\":\"https:\/\/sanatmetal.hu\/wp-content\/uploads\/2020\/03\/128-scaled.webp\",\"datePublished\":\"2020-03-04T11:41:59+00:00\",\"dateModified\":\"2026-03-24T13:15:00+00:00\",\"breadcrumb\":{\"@id\":\"https:\/\/sanatmetal.hu\/tr\/urun\/sanatfix-fiksator-mini\/#breadcrumb\"},\"inLanguage\":\"tr-TR\",\"potentialAction\":[{\"@type\":\"ReadAction\",\"target\":[\"https:\/\/sanatmetal.hu\/tr\/urun\/sanatfix-fiksator-mini\/\"]}]},{\"@type\":\"ImageObject\",\"inLanguage\":\"tr-TR\",\"@id\":\"https:\/\/sanatmetal.hu\/tr\/urun\/sanatfix-fiksator-mini\/#primaryimage\",\"url\":\"https:\/\/sanatmetal.hu\/wp-content\/uploads\/2020\/03\/128-scaled.webp\",\"contentUrl\":\"https:\/\/sanatmetal.hu\/wp-content\/uploads\/2020\/03\/128-scaled.webp\",\"width\":2560,\"height\":1920,\"caption\":\"SanatFix_foto\u0301\"},{\"@type\":\"BreadcrumbList\",\"@id\":\"https:\/\/sanatmetal.hu\/tr\/urun\/sanatfix-fiksator-mini\/#breadcrumb\",\"itemListElement\":[{\"@type\":\"ListItem\",\"position\":1,\"name\":\"Home\",\"item\":\"https:\/\/sanatmetal.hu\/tr\/\"},{\"@type\":\"ListItem\",\"position\":2,\"name\":\"\u00dcr\u00fcnlerimiz\",\"item\":\"https:\/\/sanatmetal.hu\/tr\/urunlerimiz\/\"},{\"@type\":\"ListItem\",\"position\":3,\"name\":\"SanatFix Fiksat\u00f6r &#8211; Mini\"}]},{\"@type\":\"WebSite\",\"@id\":\"https:\/\/sanatmetal.hu\/#website\",\"url\":\"https:\/\/sanatmetal.hu\/\",\"name\":\"Sanatmetal\",\"description\":\"\",\"publisher\":{\"@id\":\"https:\/\/sanatmetal.hu\/#organization\"},\"potentialAction\":[{\"@type\":\"SearchAction\",\"target\":{\"@type\":\"EntryPoint\",\"urlTemplate\":\"https:\/\/sanatmetal.hu\/?s={search_term_string}\"},\"query-input\":{\"@type\":\"PropertyValueSpecification\",\"valueRequired\":true,\"valueName\":\"search_term_string\"}}],\"inLanguage\":\"tr-TR\"},{\"@type\":\"Organization\",\"@id\":\"https:\/\/sanatmetal.hu\/#organization\",\"name\":\"Sanatmetal\",\"url\":\"https:\/\/sanatmetal.hu\/\",\"logo\":{\"@type\":\"ImageObject\",\"inLanguage\":\"tr-TR\",\"@id\":\"https:\/\/sanatmetal.hu\/#\/schema\/logo\/image\/\",\"url\":\"https:\/\/sanatmetal.hu\/wp-content\/uploads\/2024\/10\/Nevtelen-terv-5-e1728647058747.png\",\"contentUrl\":\"https:\/\/sanatmetal.hu\/wp-content\/uploads\/2024\/10\/Nevtelen-terv-5-e1728647058747.png\",\"width\":1410,\"height\":1293,\"caption\":\"Sanatmetal\"},\"image\":{\"@id\":\"https:\/\/sanatmetal.hu\/#\/schema\/logo\/image\/\"}}]}<\/script>\n<!-- \/ Yoast SEO plugin. -->","yoast_head_json":{"title":"SanatFix Fiksat\u00f6r - Mini - Sanatmetal","robots":{"index":"index","follow":"follow","max-snippet":"max-snippet:-1","max-image-preview":"max-image-preview:large","max-video-preview":"max-video-preview:-1"},"canonical":"https:\/\/sanatmetal.hu\/tr\/urun\/sanatfix-fiksator-mini\/","og_locale":"tr_TR","og_type":"article","og_title":"SanatFix Fiksat\u00f6r - Mini - Sanatmetal","og_description":"Sanatfix, mod\u00fcler fiksat\u00f6rlerin yeni neslidir. Basit ve kullan\u0131m\u0131 kolayd\u0131r. Temel avantajlar: A\u011f\u0131rl\u0131\u011f\u0131 azaltmak i\u00e7in titanyum veya al\u00fcminyum somunlar \u00c7elik veya karbon \u00e7ubuklar (radyol\u00fcsen) Yay \u00f6n y\u00fcklemesi sayesinde, son kilitlemeye kadar serbest manip\u00fclasyon Somunlar\u0131n tek elle manip\u00fclasyonu Mod\u00fcler yap\u0131, t\u00fcm sistemlerin birbiriyle kombine edilebilmesine olanak tan\u0131r Steril ambalaj se\u00e7ene\u011fi mevcuttur (afet durumlar\u0131 i\u00e7in)","og_url":"https:\/\/sanatmetal.hu\/tr\/urun\/sanatfix-fiksator-mini\/","og_site_name":"Sanatmetal","article_modified_time":"2026-03-24T13:15:00+00:00","og_image":[{"width":2560,"height":1920,"url":"https:\/\/sanatmetal.hu\/wp-content\/uploads\/2020\/03\/128-scaled.webp","type":"image\/jpeg"}],"twitter_card":"summary_large_image","twitter_misc":{"Est. reading time":"1 minute"},"schema":{"@context":"https:\/\/schema.org","@graph":[{"@type":"WebPage","@id":"https:\/\/sanatmetal.hu\/tr\/urun\/sanatfix-fiksator-mini\/","url":"https:\/\/sanatmetal.hu\/tr\/urun\/sanatfix-fiksator-mini\/","name":"SanatFix Fiksat\u00f6r - Mini - Sanatmetal","isPartOf":{"@id":"https:\/\/sanatmetal.hu\/#website"},"primaryImageOfPage":{"@id":"https:\/\/sanatmetal.hu\/tr\/urun\/sanatfix-fiksator-mini\/#primaryimage"},"image":{"@id":"https:\/\/sanatmetal.hu\/tr\/urun\/sanatfix-fiksator-mini\/#primaryimage"},"thumbnailUrl":"https:\/\/sanatmetal.hu\/wp-content\/uploads\/2020\/03\/128-scaled.webp","datePublished":"2020-03-04T11:41:59+00:00","dateModified":"2026-03-24T13:15:00+00:00","breadcrumb":{"@id":"https:\/\/sanatmetal.hu\/tr\/urun\/sanatfix-fiksator-mini\/#breadcrumb"},"inLanguage":"tr-TR","potentialAction":[{"@type":"ReadAction","target":["https:\/\/sanatmetal.hu\/tr\/urun\/sanatfix-fiksator-mini\/"]}]},{"@type":"ImageObject","inLanguage":"tr-TR","@id":"https:\/\/sanatmetal.hu\/tr\/urun\/sanatfix-fiksator-mini\/#primaryimage","url":"https:\/\/sanatmetal.hu\/wp-content\/uploads\/2020\/03\/128-scaled.webp","contentUrl":"https:\/\/sanatmetal.hu\/wp-content\/uploads\/2020\/03\/128-scaled.webp","width":2560,"height":1920,"caption":"SanatFix_foto\u0301"},{"@type":"BreadcrumbList","@id":"https:\/\/sanatmetal.hu\/tr\/urun\/sanatfix-fiksator-mini\/#breadcrumb","itemListElement":[{"@type":"ListItem","position":1,"name":"Home","item":"https:\/\/sanatmetal.hu\/tr\/"},{"@type":"ListItem","position":2,"name":"\u00dcr\u00fcnlerimiz","item":"https:\/\/sanatmetal.hu\/tr\/urunlerimiz\/"},{"@type":"ListItem","position":3,"name":"SanatFix Fiksat\u00f6r &#8211; Mini"}]},{"@type":"WebSite","@id":"https:\/\/sanatmetal.hu\/#website","url":"https:\/\/sanatmetal.hu\/","name":"Sanatmetal","description":"","publisher":{"@id":"https:\/\/sanatmetal.hu\/#organization"},"potentialAction":[{"@type":"SearchAction","target":{"@type":"EntryPoint","urlTemplate":"https:\/\/sanatmetal.hu\/?s={search_term_string}"},"query-input":{"@type":"PropertyValueSpecification","valueRequired":true,"valueName":"search_term_string"}}],"inLanguage":"tr-TR"},{"@type":"Organization","@id":"https:\/\/sanatmetal.hu\/#organization","name":"Sanatmetal","url":"https:\/\/sanatmetal.hu\/","logo":{"@type":"ImageObject","inLanguage":"tr-TR","@id":"https:\/\/sanatmetal.hu\/#\/schema\/logo\/image\/","url":"https:\/\/sanatmetal.hu\/wp-content\/uploads\/2024\/10\/Nevtelen-terv-5-e1728647058747.png","contentUrl":"https:\/\/sanatmetal.hu\/wp-content\/uploads\/2024\/10\/Nevtelen-terv-5-e1728647058747.png","width":1410,"height":1293,"caption":"Sanatmetal"},"image":{"@id":"https:\/\/sanatmetal.hu\/#\/schema\/logo\/image\/"}}]}},"_links":{"self":[{"href":"https:\/\/sanatmetal.hu\/tr\/wp-json\/wp\/v2\/product\/17298","targetHints":{"allow":["GET"]}}],"collection":[{"href":"https:\/\/sanatmetal.hu\/tr\/wp-json\/wp\/v2\/product"}],"about":[{"href":"https:\/\/sanatmetal.hu\/tr\/wp-json\/wp\/v2\/types\/product"}],"wp:featuredmedia":[{"embeddable":true,"href":"https:\/\/sanatmetal.hu\/tr\/wp-json\/wp\/v2\/media\/17294"}],"wp:attachment":[{"href":"https:\/\/sanatmetal.hu\/tr\/wp-json\/wp\/v2\/media?parent=17298"}],"wp:term":[{"taxonomy":"product_brand","embeddable":true,"href":"https:\/\/sanatmetal.hu\/tr\/wp-json\/wp\/v2\/product_brand?post=17298"},{"taxonomy":"product_cat","embeddable":true,"href":"https:\/\/sanatmetal.hu\/tr\/wp-json\/wp\/v2\/product_cat?post=17298"},{"taxonomy":"product_tag","embeddable":true,"href":"https:\/\/sanatmetal.hu\/tr\/wp-json\/wp\/v2\/product_tag?post=17298"}],"curies":[{"name":"wp","href":"https:\/\/api.w.org\/{rel}","templated":true}]}}