{"id":17299,"date":"2020-03-04T11:41:33","date_gmt":"2020-03-04T11:41:33","guid":{"rendered":"https:\/\/sanatmetal.hu\/product\/emerald-cage\/"},"modified":"2026-03-24T14:28:37","modified_gmt":"2026-03-24T13:28:37","slug":"emerald-cage","status":"publish","type":"product","link":"https:\/\/sanatmetal.hu\/tr\/product\/emerald-cage\/","title":{"rendered":"Emerald cage"},"content":{"rendered":"<p>Emerald cage, y\u00fcksek y\u00fczey y\u00fck\u00fc i\u00e7in geli\u015ftirilmi\u015f OLIF tekni\u011fine uygun lomber cage\u2019dir. \u00d6zel, minimal invaziv enstr\u00fcmanlar mevcuttur. Geni\u015f temas y\u00fczeyi ve t\u0131rt\u0131kl\u0131 yap\u0131s\u0131 sayesinde hareketi \u00f6nler ve y\u00fcksek y\u00fck ta\u015f\u0131ma kapasitesi sa\u011flar. Geni\u015f uygulama alan\u0131 i\u00e7in farkl\u0131 lordotik a\u00e7\u0131 se\u00e7enekleri sunulmaktad\u0131r. D\u00fcz ve e\u011fimli yerle\u015ftirme enstr\u00fcmanlar\u0131 mevcuttur. Radyografide g\u00f6r\u00fcn\u00fcr implantt\u0131r.<\/p>\n","protected":false},"excerpt":{"rendered":"<p>Emerald cage, y\u00fcksek y\u00fczey y\u00fck\u00fc i\u00e7in geli\u015ftirilmi\u015f OLIF tekni\u011fine uygun lomber cage\u2019dir. \u00d6zel, minimal invaziv enstr\u00fcmanlar mevcuttur. Geni\u015f temas y\u00fczeyi ve t\u0131rt\u0131kl\u0131 yap\u0131s\u0131 sayesinde hareketi \u00f6nler ve y\u00fcksek y\u00fck ta\u015f\u0131ma kapasitesi sa\u011flar. Geni\u015f uygulama alan\u0131 i\u00e7in farkl\u0131 lordotik a\u00e7\u0131 se\u00e7enekleri sunulmaktad\u0131r. D\u00fcz ve e\u011fimli yerle\u015ftirme enstr\u00fcmanlar\u0131 mevcuttur. Radyografide g\u00f6r\u00fcn\u00fcr implantt\u0131r.<\/p>\n","protected":false},"featured_media":17300,"template":"","meta":[],"product_brand":[],"product_cat":[1190],"product_tag":[],"class_list":{"0":"post-17299","1":"product","2":"type-product","3":"status-publish","4":"has-post-thumbnail","6":"product_cat-lomber","7":"testtaj-kafes-thoracalis","8":"testtaj-kafes-2","9":"testtaj-torakal-vertebralar","10":"testtaj-lomber-vertebralar","12":"first","13":"instock","14":"shipping-taxable","15":"product-type-simple"},"yoast_head":"<!-- This site is optimized with the Yoast SEO plugin v27.2 - https:\/\/yoast.com\/product\/yoast-seo-wordpress\/ -->\n<title>Emerald cage - Sanatmetal<\/title>\n<meta name=\"robots\" content=\"index, follow, max-snippet:-1, max-image-preview:large, max-video-preview:-1\" \/>\n<link rel=\"canonical\" href=\"https:\/\/sanatmetal.hu\/tr\/urun\/emerald-cage\/\" \/>\n<meta property=\"og:locale\" content=\"tr_TR\" \/>\n<meta property=\"og:type\" content=\"article\" \/>\n<meta property=\"og:title\" content=\"Emerald cage - Sanatmetal\" \/>\n<meta property=\"og:description\" content=\"Emerald cage, y\u00fcksek y\u00fczey y\u00fck\u00fc i\u00e7in geli\u015ftirilmi\u015f OLIF tekni\u011fine uygun lomber cage\u2019dir. \u00d6zel, minimal invaziv enstr\u00fcmanlar mevcuttur. Geni\u015f temas y\u00fczeyi ve t\u0131rt\u0131kl\u0131 yap\u0131s\u0131 sayesinde hareketi \u00f6nler ve y\u00fcksek y\u00fck ta\u015f\u0131ma kapasitesi sa\u011flar. Geni\u015f uygulama alan\u0131 i\u00e7in farkl\u0131 lordotik a\u00e7\u0131 se\u00e7enekleri sunulmaktad\u0131r. D\u00fcz ve e\u011fimli yerle\u015ftirme enstr\u00fcmanlar\u0131 mevcuttur. Radyografide g\u00f6r\u00fcn\u00fcr implantt\u0131r.\" \/>\n<meta property=\"og:url\" content=\"https:\/\/sanatmetal.hu\/tr\/urun\/emerald-cage\/\" \/>\n<meta property=\"og:site_name\" content=\"Sanatmetal\" \/>\n<meta property=\"article:modified_time\" content=\"2026-03-24T13:28:37+00:00\" \/>\n<meta property=\"og:image\" content=\"https:\/\/sanatmetal.hu\/wp-content\/uploads\/2020\/03\/14-scaled.webp\" \/>\n\t<meta property=\"og:image:width\" content=\"2560\" \/>\n\t<meta property=\"og:image:height\" content=\"1920\" \/>\n\t<meta property=\"og:image:type\" content=\"image\/jpeg\" \/>\n<meta name=\"twitter:card\" content=\"summary_large_image\" \/>\n<meta name=\"twitter:label1\" content=\"Est. reading time\" \/>\n\t<meta name=\"twitter:data1\" content=\"1 minute\" \/>\n<script type=\"application\/ld+json\" class=\"yoast-schema-graph\">{\"@context\":\"https:\/\/schema.org\",\"@graph\":[{\"@type\":\"WebPage\",\"@id\":\"https:\/\/sanatmetal.hu\/tr\/urun\/emerald-cage\/\",\"url\":\"https:\/\/sanatmetal.hu\/tr\/urun\/emerald-cage\/\",\"name\":\"Emerald cage - Sanatmetal\",\"isPartOf\":{\"@id\":\"https:\/\/sanatmetal.hu\/#website\"},\"primaryImageOfPage\":{\"@id\":\"https:\/\/sanatmetal.hu\/tr\/urun\/emerald-cage\/#primaryimage\"},\"image\":{\"@id\":\"https:\/\/sanatmetal.hu\/tr\/urun\/emerald-cage\/#primaryimage\"},\"thumbnailUrl\":\"https:\/\/sanatmetal.hu\/wp-content\/uploads\/2020\/03\/14-scaled.webp\",\"datePublished\":\"2020-03-04T11:41:33+00:00\",\"dateModified\":\"2026-03-24T13:28:37+00:00\",\"breadcrumb\":{\"@id\":\"https:\/\/sanatmetal.hu\/tr\/urun\/emerald-cage\/#breadcrumb\"},\"inLanguage\":\"tr-TR\",\"potentialAction\":[{\"@type\":\"ReadAction\",\"target\":[\"https:\/\/sanatmetal.hu\/tr\/urun\/emerald-cage\/\"]}]},{\"@type\":\"ImageObject\",\"inLanguage\":\"tr-TR\",\"@id\":\"https:\/\/sanatmetal.hu\/tr\/urun\/emerald-cage\/#primaryimage\",\"url\":\"https:\/\/sanatmetal.hu\/wp-content\/uploads\/2020\/03\/14-scaled.webp\",\"contentUrl\":\"https:\/\/sanatmetal.hu\/wp-content\/uploads\/2020\/03\/14-scaled.webp\",\"width\":2560,\"height\":1920},{\"@type\":\"BreadcrumbList\",\"@id\":\"https:\/\/sanatmetal.hu\/tr\/urun\/emerald-cage\/#breadcrumb\",\"itemListElement\":[{\"@type\":\"ListItem\",\"position\":1,\"name\":\"Home\",\"item\":\"https:\/\/sanatmetal.hu\/tr\/\"},{\"@type\":\"ListItem\",\"position\":2,\"name\":\"\u00dcr\u00fcnlerimiz\",\"item\":\"https:\/\/sanatmetal.hu\/tr\/urunlerimiz\/\"},{\"@type\":\"ListItem\",\"position\":3,\"name\":\"Emerald cage\"}]},{\"@type\":\"WebSite\",\"@id\":\"https:\/\/sanatmetal.hu\/#website\",\"url\":\"https:\/\/sanatmetal.hu\/\",\"name\":\"Sanatmetal\",\"description\":\"\",\"publisher\":{\"@id\":\"https:\/\/sanatmetal.hu\/#organization\"},\"potentialAction\":[{\"@type\":\"SearchAction\",\"target\":{\"@type\":\"EntryPoint\",\"urlTemplate\":\"https:\/\/sanatmetal.hu\/?s={search_term_string}\"},\"query-input\":{\"@type\":\"PropertyValueSpecification\",\"valueRequired\":true,\"valueName\":\"search_term_string\"}}],\"inLanguage\":\"tr-TR\"},{\"@type\":\"Organization\",\"@id\":\"https:\/\/sanatmetal.hu\/#organization\",\"name\":\"Sanatmetal\",\"url\":\"https:\/\/sanatmetal.hu\/\",\"logo\":{\"@type\":\"ImageObject\",\"inLanguage\":\"tr-TR\",\"@id\":\"https:\/\/sanatmetal.hu\/#\/schema\/logo\/image\/\",\"url\":\"https:\/\/sanatmetal.hu\/wp-content\/uploads\/2024\/10\/Nevtelen-terv-5-e1728647058747.png\",\"contentUrl\":\"https:\/\/sanatmetal.hu\/wp-content\/uploads\/2024\/10\/Nevtelen-terv-5-e1728647058747.png\",\"width\":1410,\"height\":1293,\"caption\":\"Sanatmetal\"},\"image\":{\"@id\":\"https:\/\/sanatmetal.hu\/#\/schema\/logo\/image\/\"}}]}<\/script>\n<!-- \/ Yoast SEO plugin. -->","yoast_head_json":{"title":"Emerald cage - Sanatmetal","robots":{"index":"index","follow":"follow","max-snippet":"max-snippet:-1","max-image-preview":"max-image-preview:large","max-video-preview":"max-video-preview:-1"},"canonical":"https:\/\/sanatmetal.hu\/tr\/urun\/emerald-cage\/","og_locale":"tr_TR","og_type":"article","og_title":"Emerald cage - Sanatmetal","og_description":"Emerald cage, y\u00fcksek y\u00fczey y\u00fck\u00fc i\u00e7in geli\u015ftirilmi\u015f OLIF tekni\u011fine uygun lomber cage\u2019dir. \u00d6zel, minimal invaziv enstr\u00fcmanlar mevcuttur. Geni\u015f temas y\u00fczeyi ve t\u0131rt\u0131kl\u0131 yap\u0131s\u0131 sayesinde hareketi \u00f6nler ve y\u00fcksek y\u00fck ta\u015f\u0131ma kapasitesi sa\u011flar. Geni\u015f uygulama alan\u0131 i\u00e7in farkl\u0131 lordotik a\u00e7\u0131 se\u00e7enekleri sunulmaktad\u0131r. D\u00fcz ve e\u011fimli yerle\u015ftirme enstr\u00fcmanlar\u0131 mevcuttur. Radyografide g\u00f6r\u00fcn\u00fcr implantt\u0131r.","og_url":"https:\/\/sanatmetal.hu\/tr\/urun\/emerald-cage\/","og_site_name":"Sanatmetal","article_modified_time":"2026-03-24T13:28:37+00:00","og_image":[{"width":2560,"height":1920,"url":"https:\/\/sanatmetal.hu\/wp-content\/uploads\/2020\/03\/14-scaled.webp","type":"image\/jpeg"}],"twitter_card":"summary_large_image","twitter_misc":{"Est. reading time":"1 minute"},"schema":{"@context":"https:\/\/schema.org","@graph":[{"@type":"WebPage","@id":"https:\/\/sanatmetal.hu\/tr\/urun\/emerald-cage\/","url":"https:\/\/sanatmetal.hu\/tr\/urun\/emerald-cage\/","name":"Emerald cage - Sanatmetal","isPartOf":{"@id":"https:\/\/sanatmetal.hu\/#website"},"primaryImageOfPage":{"@id":"https:\/\/sanatmetal.hu\/tr\/urun\/emerald-cage\/#primaryimage"},"image":{"@id":"https:\/\/sanatmetal.hu\/tr\/urun\/emerald-cage\/#primaryimage"},"thumbnailUrl":"https:\/\/sanatmetal.hu\/wp-content\/uploads\/2020\/03\/14-scaled.webp","datePublished":"2020-03-04T11:41:33+00:00","dateModified":"2026-03-24T13:28:37+00:00","breadcrumb":{"@id":"https:\/\/sanatmetal.hu\/tr\/urun\/emerald-cage\/#breadcrumb"},"inLanguage":"tr-TR","potentialAction":[{"@type":"ReadAction","target":["https:\/\/sanatmetal.hu\/tr\/urun\/emerald-cage\/"]}]},{"@type":"ImageObject","inLanguage":"tr-TR","@id":"https:\/\/sanatmetal.hu\/tr\/urun\/emerald-cage\/#primaryimage","url":"https:\/\/sanatmetal.hu\/wp-content\/uploads\/2020\/03\/14-scaled.webp","contentUrl":"https:\/\/sanatmetal.hu\/wp-content\/uploads\/2020\/03\/14-scaled.webp","width":2560,"height":1920},{"@type":"BreadcrumbList","@id":"https:\/\/sanatmetal.hu\/tr\/urun\/emerald-cage\/#breadcrumb","itemListElement":[{"@type":"ListItem","position":1,"name":"Home","item":"https:\/\/sanatmetal.hu\/tr\/"},{"@type":"ListItem","position":2,"name":"\u00dcr\u00fcnlerimiz","item":"https:\/\/sanatmetal.hu\/tr\/urunlerimiz\/"},{"@type":"ListItem","position":3,"name":"Emerald cage"}]},{"@type":"WebSite","@id":"https:\/\/sanatmetal.hu\/#website","url":"https:\/\/sanatmetal.hu\/","name":"Sanatmetal","description":"","publisher":{"@id":"https:\/\/sanatmetal.hu\/#organization"},"potentialAction":[{"@type":"SearchAction","target":{"@type":"EntryPoint","urlTemplate":"https:\/\/sanatmetal.hu\/?s={search_term_string}"},"query-input":{"@type":"PropertyValueSpecification","valueRequired":true,"valueName":"search_term_string"}}],"inLanguage":"tr-TR"},{"@type":"Organization","@id":"https:\/\/sanatmetal.hu\/#organization","name":"Sanatmetal","url":"https:\/\/sanatmetal.hu\/","logo":{"@type":"ImageObject","inLanguage":"tr-TR","@id":"https:\/\/sanatmetal.hu\/#\/schema\/logo\/image\/","url":"https:\/\/sanatmetal.hu\/wp-content\/uploads\/2024\/10\/Nevtelen-terv-5-e1728647058747.png","contentUrl":"https:\/\/sanatmetal.hu\/wp-content\/uploads\/2024\/10\/Nevtelen-terv-5-e1728647058747.png","width":1410,"height":1293,"caption":"Sanatmetal"},"image":{"@id":"https:\/\/sanatmetal.hu\/#\/schema\/logo\/image\/"}}]}},"_links":{"self":[{"href":"https:\/\/sanatmetal.hu\/tr\/wp-json\/wp\/v2\/product\/17299","targetHints":{"allow":["GET"]}}],"collection":[{"href":"https:\/\/sanatmetal.hu\/tr\/wp-json\/wp\/v2\/product"}],"about":[{"href":"https:\/\/sanatmetal.hu\/tr\/wp-json\/wp\/v2\/types\/product"}],"wp:featuredmedia":[{"embeddable":true,"href":"https:\/\/sanatmetal.hu\/tr\/wp-json\/wp\/v2\/media\/17300"}],"wp:attachment":[{"href":"https:\/\/sanatmetal.hu\/tr\/wp-json\/wp\/v2\/media?parent=17299"}],"wp:term":[{"taxonomy":"product_brand","embeddable":true,"href":"https:\/\/sanatmetal.hu\/tr\/wp-json\/wp\/v2\/product_brand?post=17299"},{"taxonomy":"product_cat","embeddable":true,"href":"https:\/\/sanatmetal.hu\/tr\/wp-json\/wp\/v2\/product_cat?post=17299"},{"taxonomy":"product_tag","embeddable":true,"href":"https:\/\/sanatmetal.hu\/tr\/wp-json\/wp\/v2\/product_tag?post=17299"}],"curies":[{"name":"wp","href":"https:\/\/api.w.org\/{rel}","templated":true}]}}