{"id":17301,"date":"2020-03-04T11:40:38","date_gmt":"2020-03-04T11:40:38","guid":{"rendered":"https:\/\/sanatmetal.hu\/product\/compass\/"},"modified":"2026-03-24T14:24:19","modified_gmt":"2026-03-24T13:24:19","slug":"compass-sistemi","status":"publish","type":"product","link":"https:\/\/sanatmetal.hu\/tr\/product\/compass-sistemi\/","title":{"rendered":"Compass Sistemi"},"content":{"rendered":"<p>Compass sistemi, rijit, non-rijit ve perk\u00fctan teknikler i\u00e7in mod\u00fcler enstr\u00fcman setleriyle, rijit ve non-rijit stabilizasyon aras\u0131nda y\u00fcksek d\u00fczeyde de\u011fi\u015ftirilebilirlik sunan kompleks bir sistemdir. Mikrohareketleri kolayla\u015ft\u0131ran eleman telleri ile patentli non-rijit fiksasyon sa\u011flar. Vidalar kan\u00fcll\u00fc, poliaksiyel ve self-tapping \u00f6zelliktedir; ayr\u0131ca head-lock insert olarak adland\u0131r\u0131lan bir yap\u0131ya sahiptir. Head-lock tekni\u011fi ile paralel kompresyon ve distraksiyon elde edilebilir. \u0130mplant fenestrasyonlu oldu\u011fu i\u00e7in vida \u00fczerinden sement augmentasyonu uygulanabilir. Patentli self-locking ba\u011flant\u0131, rod reducer ile MIS tower\u2019\u0131n kullan\u0131m s\u0131ras\u0131nda ayr\u0131lmas\u0131n\u0131 \u00f6nler. Hammadde se\u00e7iminde daha y\u00fcksek yorulma s\u0131n\u0131r\u0131 hedeflenmi\u015f, b\u00f6ylece vida k\u0131r\u0131lmas\u0131 riski azalt\u0131lm\u0131\u015ft\u0131r.<\/p>\n","protected":false},"excerpt":{"rendered":"<p>Compass sistemi, rijit, non-rijit ve perk\u00fctan teknikler i\u00e7in mod\u00fcler enstr\u00fcman setleriyle, rijit ve non-rijit stabilizasyon aras\u0131nda y\u00fcksek d\u00fczeyde de\u011fi\u015ftirilebilirlik sunan kompleks bir sistemdir. Mikrohareketleri kolayla\u015ft\u0131ran eleman telleri ile patentli non-rijit fiksasyon sa\u011flar. Vidalar kan\u00fcll\u00fc, poliaksiyel ve self-tapping \u00f6zelliktedir; ayr\u0131ca head-lock insert olarak adland\u0131r\u0131lan bir yap\u0131ya sahiptir. Head-lock tekni\u011fi ile paralel kompresyon ve distraksiyon elde edilebilir. [&hellip;]<\/p>\n","protected":false},"featured_media":17302,"template":"","meta":[],"product_brand":[],"product_cat":[1196,1195],"product_tag":[],"class_list":{"0":"post-17301","1":"product","2":"type-product","3":"status-publish","4":"has-post-thumbnail","6":"product_cat-torakal","7":"product_cat-lomber-2","8":"testtaj-transpedikuler-vida-fiksasyonu","9":"testtaj-transpedikuler-vida-fiksasyonu-2","10":"testtaj-torakal-vertebralar","11":"testtaj-lomber-vertebralar","12":"markanev-compass","14":"first","15":"instock","16":"shipping-taxable","17":"product-type-simple"},"yoast_head":"<!-- This site is optimized with the Yoast SEO plugin v27.2 - https:\/\/yoast.com\/product\/yoast-seo-wordpress\/ -->\n<title>Compass Sistemi - Sanatmetal<\/title>\n<meta name=\"robots\" content=\"index, follow, max-snippet:-1, max-image-preview:large, max-video-preview:-1\" \/>\n<link rel=\"canonical\" href=\"https:\/\/sanatmetal.hu\/tr\/urun\/compass-sistemi\/\" \/>\n<meta property=\"og:locale\" content=\"tr_TR\" \/>\n<meta property=\"og:type\" content=\"article\" \/>\n<meta property=\"og:title\" content=\"Compass Sistemi - Sanatmetal\" \/>\n<meta property=\"og:description\" content=\"Compass sistemi, rijit, non-rijit ve perk\u00fctan teknikler i\u00e7in mod\u00fcler enstr\u00fcman setleriyle, rijit ve non-rijit stabilizasyon aras\u0131nda y\u00fcksek d\u00fczeyde de\u011fi\u015ftirilebilirlik sunan kompleks bir sistemdir. Mikrohareketleri kolayla\u015ft\u0131ran eleman telleri ile patentli non-rijit fiksasyon sa\u011flar. Vidalar kan\u00fcll\u00fc, poliaksiyel ve self-tapping \u00f6zelliktedir; ayr\u0131ca head-lock insert olarak adland\u0131r\u0131lan bir yap\u0131ya sahiptir. Head-lock tekni\u011fi ile paralel kompresyon ve distraksiyon elde edilebilir. [&hellip;]\" \/>\n<meta property=\"og:url\" content=\"https:\/\/sanatmetal.hu\/tr\/urun\/compass-sistemi\/\" \/>\n<meta property=\"og:site_name\" content=\"Sanatmetal\" \/>\n<meta property=\"article:modified_time\" content=\"2026-03-24T13:24:19+00:00\" \/>\n<meta property=\"og:image\" content=\"https:\/\/sanatmetal.hu\/wp-content\/uploads\/2020\/07\/compass-rigid-2-1.webp\" \/>\n\t<meta property=\"og:image:width\" content=\"2560\" \/>\n\t<meta property=\"og:image:height\" content=\"1980\" \/>\n\t<meta property=\"og:image:type\" content=\"image\/jpeg\" \/>\n<meta name=\"twitter:card\" content=\"summary_large_image\" \/>\n<meta name=\"twitter:label1\" content=\"Est. reading time\" \/>\n\t<meta name=\"twitter:data1\" content=\"1 minute\" \/>\n<script type=\"application\/ld+json\" class=\"yoast-schema-graph\">{\"@context\":\"https:\/\/schema.org\",\"@graph\":[{\"@type\":\"WebPage\",\"@id\":\"https:\/\/sanatmetal.hu\/tr\/urun\/compass-sistemi\/\",\"url\":\"https:\/\/sanatmetal.hu\/tr\/urun\/compass-sistemi\/\",\"name\":\"Compass Sistemi - Sanatmetal\",\"isPartOf\":{\"@id\":\"https:\/\/sanatmetal.hu\/#website\"},\"primaryImageOfPage\":{\"@id\":\"https:\/\/sanatmetal.hu\/tr\/urun\/compass-sistemi\/#primaryimage\"},\"image\":{\"@id\":\"https:\/\/sanatmetal.hu\/tr\/urun\/compass-sistemi\/#primaryimage\"},\"thumbnailUrl\":\"https:\/\/sanatmetal.hu\/wp-content\/uploads\/2020\/07\/compass-rigid-2-1.webp\",\"datePublished\":\"2020-03-04T11:40:38+00:00\",\"dateModified\":\"2026-03-24T13:24:19+00:00\",\"breadcrumb\":{\"@id\":\"https:\/\/sanatmetal.hu\/tr\/urun\/compass-sistemi\/#breadcrumb\"},\"inLanguage\":\"tr-TR\",\"potentialAction\":[{\"@type\":\"ReadAction\",\"target\":[\"https:\/\/sanatmetal.hu\/tr\/urun\/compass-sistemi\/\"]}]},{\"@type\":\"ImageObject\",\"inLanguage\":\"tr-TR\",\"@id\":\"https:\/\/sanatmetal.hu\/tr\/urun\/compass-sistemi\/#primaryimage\",\"url\":\"https:\/\/sanatmetal.hu\/wp-content\/uploads\/2020\/07\/compass-rigid-2-1.webp\",\"contentUrl\":\"https:\/\/sanatmetal.hu\/wp-content\/uploads\/2020\/07\/compass-rigid-2-1.webp\",\"width\":2560,\"height\":1980},{\"@type\":\"BreadcrumbList\",\"@id\":\"https:\/\/sanatmetal.hu\/tr\/urun\/compass-sistemi\/#breadcrumb\",\"itemListElement\":[{\"@type\":\"ListItem\",\"position\":1,\"name\":\"Home\",\"item\":\"https:\/\/sanatmetal.hu\/tr\/\"},{\"@type\":\"ListItem\",\"position\":2,\"name\":\"\u00dcr\u00fcnlerimiz\",\"item\":\"https:\/\/sanatmetal.hu\/tr\/urunlerimiz\/\"},{\"@type\":\"ListItem\",\"position\":3,\"name\":\"Compass Sistemi\"}]},{\"@type\":\"WebSite\",\"@id\":\"https:\/\/sanatmetal.hu\/#website\",\"url\":\"https:\/\/sanatmetal.hu\/\",\"name\":\"Sanatmetal\",\"description\":\"\",\"publisher\":{\"@id\":\"https:\/\/sanatmetal.hu\/#organization\"},\"potentialAction\":[{\"@type\":\"SearchAction\",\"target\":{\"@type\":\"EntryPoint\",\"urlTemplate\":\"https:\/\/sanatmetal.hu\/?s={search_term_string}\"},\"query-input\":{\"@type\":\"PropertyValueSpecification\",\"valueRequired\":true,\"valueName\":\"search_term_string\"}}],\"inLanguage\":\"tr-TR\"},{\"@type\":\"Organization\",\"@id\":\"https:\/\/sanatmetal.hu\/#organization\",\"name\":\"Sanatmetal\",\"url\":\"https:\/\/sanatmetal.hu\/\",\"logo\":{\"@type\":\"ImageObject\",\"inLanguage\":\"tr-TR\",\"@id\":\"https:\/\/sanatmetal.hu\/#\/schema\/logo\/image\/\",\"url\":\"https:\/\/sanatmetal.hu\/wp-content\/uploads\/2024\/10\/Nevtelen-terv-5-e1728647058747.png\",\"contentUrl\":\"https:\/\/sanatmetal.hu\/wp-content\/uploads\/2024\/10\/Nevtelen-terv-5-e1728647058747.png\",\"width\":1410,\"height\":1293,\"caption\":\"Sanatmetal\"},\"image\":{\"@id\":\"https:\/\/sanatmetal.hu\/#\/schema\/logo\/image\/\"}}]}<\/script>\n<!-- \/ Yoast SEO plugin. -->","yoast_head_json":{"title":"Compass Sistemi - Sanatmetal","robots":{"index":"index","follow":"follow","max-snippet":"max-snippet:-1","max-image-preview":"max-image-preview:large","max-video-preview":"max-video-preview:-1"},"canonical":"https:\/\/sanatmetal.hu\/tr\/urun\/compass-sistemi\/","og_locale":"tr_TR","og_type":"article","og_title":"Compass Sistemi - Sanatmetal","og_description":"Compass sistemi, rijit, non-rijit ve perk\u00fctan teknikler i\u00e7in mod\u00fcler enstr\u00fcman setleriyle, rijit ve non-rijit stabilizasyon aras\u0131nda y\u00fcksek d\u00fczeyde de\u011fi\u015ftirilebilirlik sunan kompleks bir sistemdir. Mikrohareketleri kolayla\u015ft\u0131ran eleman telleri ile patentli non-rijit fiksasyon sa\u011flar. Vidalar kan\u00fcll\u00fc, poliaksiyel ve self-tapping \u00f6zelliktedir; ayr\u0131ca head-lock insert olarak adland\u0131r\u0131lan bir yap\u0131ya sahiptir. Head-lock tekni\u011fi ile paralel kompresyon ve distraksiyon elde edilebilir. [&hellip;]","og_url":"https:\/\/sanatmetal.hu\/tr\/urun\/compass-sistemi\/","og_site_name":"Sanatmetal","article_modified_time":"2026-03-24T13:24:19+00:00","og_image":[{"width":2560,"height":1980,"url":"https:\/\/sanatmetal.hu\/wp-content\/uploads\/2020\/07\/compass-rigid-2-1.webp","type":"image\/jpeg"}],"twitter_card":"summary_large_image","twitter_misc":{"Est. reading time":"1 minute"},"schema":{"@context":"https:\/\/schema.org","@graph":[{"@type":"WebPage","@id":"https:\/\/sanatmetal.hu\/tr\/urun\/compass-sistemi\/","url":"https:\/\/sanatmetal.hu\/tr\/urun\/compass-sistemi\/","name":"Compass Sistemi - Sanatmetal","isPartOf":{"@id":"https:\/\/sanatmetal.hu\/#website"},"primaryImageOfPage":{"@id":"https:\/\/sanatmetal.hu\/tr\/urun\/compass-sistemi\/#primaryimage"},"image":{"@id":"https:\/\/sanatmetal.hu\/tr\/urun\/compass-sistemi\/#primaryimage"},"thumbnailUrl":"https:\/\/sanatmetal.hu\/wp-content\/uploads\/2020\/07\/compass-rigid-2-1.webp","datePublished":"2020-03-04T11:40:38+00:00","dateModified":"2026-03-24T13:24:19+00:00","breadcrumb":{"@id":"https:\/\/sanatmetal.hu\/tr\/urun\/compass-sistemi\/#breadcrumb"},"inLanguage":"tr-TR","potentialAction":[{"@type":"ReadAction","target":["https:\/\/sanatmetal.hu\/tr\/urun\/compass-sistemi\/"]}]},{"@type":"ImageObject","inLanguage":"tr-TR","@id":"https:\/\/sanatmetal.hu\/tr\/urun\/compass-sistemi\/#primaryimage","url":"https:\/\/sanatmetal.hu\/wp-content\/uploads\/2020\/07\/compass-rigid-2-1.webp","contentUrl":"https:\/\/sanatmetal.hu\/wp-content\/uploads\/2020\/07\/compass-rigid-2-1.webp","width":2560,"height":1980},{"@type":"BreadcrumbList","@id":"https:\/\/sanatmetal.hu\/tr\/urun\/compass-sistemi\/#breadcrumb","itemListElement":[{"@type":"ListItem","position":1,"name":"Home","item":"https:\/\/sanatmetal.hu\/tr\/"},{"@type":"ListItem","position":2,"name":"\u00dcr\u00fcnlerimiz","item":"https:\/\/sanatmetal.hu\/tr\/urunlerimiz\/"},{"@type":"ListItem","position":3,"name":"Compass Sistemi"}]},{"@type":"WebSite","@id":"https:\/\/sanatmetal.hu\/#website","url":"https:\/\/sanatmetal.hu\/","name":"Sanatmetal","description":"","publisher":{"@id":"https:\/\/sanatmetal.hu\/#organization"},"potentialAction":[{"@type":"SearchAction","target":{"@type":"EntryPoint","urlTemplate":"https:\/\/sanatmetal.hu\/?s={search_term_string}"},"query-input":{"@type":"PropertyValueSpecification","valueRequired":true,"valueName":"search_term_string"}}],"inLanguage":"tr-TR"},{"@type":"Organization","@id":"https:\/\/sanatmetal.hu\/#organization","name":"Sanatmetal","url":"https:\/\/sanatmetal.hu\/","logo":{"@type":"ImageObject","inLanguage":"tr-TR","@id":"https:\/\/sanatmetal.hu\/#\/schema\/logo\/image\/","url":"https:\/\/sanatmetal.hu\/wp-content\/uploads\/2024\/10\/Nevtelen-terv-5-e1728647058747.png","contentUrl":"https:\/\/sanatmetal.hu\/wp-content\/uploads\/2024\/10\/Nevtelen-terv-5-e1728647058747.png","width":1410,"height":1293,"caption":"Sanatmetal"},"image":{"@id":"https:\/\/sanatmetal.hu\/#\/schema\/logo\/image\/"}}]}},"_links":{"self":[{"href":"https:\/\/sanatmetal.hu\/tr\/wp-json\/wp\/v2\/product\/17301","targetHints":{"allow":["GET"]}}],"collection":[{"href":"https:\/\/sanatmetal.hu\/tr\/wp-json\/wp\/v2\/product"}],"about":[{"href":"https:\/\/sanatmetal.hu\/tr\/wp-json\/wp\/v2\/types\/product"}],"wp:featuredmedia":[{"embeddable":true,"href":"https:\/\/sanatmetal.hu\/tr\/wp-json\/wp\/v2\/media\/17302"}],"wp:attachment":[{"href":"https:\/\/sanatmetal.hu\/tr\/wp-json\/wp\/v2\/media?parent=17301"}],"wp:term":[{"taxonomy":"product_brand","embeddable":true,"href":"https:\/\/sanatmetal.hu\/tr\/wp-json\/wp\/v2\/product_brand?post=17301"},{"taxonomy":"product_cat","embeddable":true,"href":"https:\/\/sanatmetal.hu\/tr\/wp-json\/wp\/v2\/product_cat?post=17301"},{"taxonomy":"product_tag","embeddable":true,"href":"https:\/\/sanatmetal.hu\/tr\/wp-json\/wp\/v2\/product_tag?post=17301"}],"curies":[{"name":"wp","href":"https:\/\/api.w.org\/{rel}","templated":true}]}}