{"id":17311,"date":"2020-03-04T11:38:59","date_gmt":"2020-03-04T11:38:59","guid":{"rendered":"https:\/\/sanatmetal.hu\/product\/re-space-cage\/"},"modified":"2026-03-24T14:29:43","modified_gmt":"2026-03-24T13:29:43","slug":"re-space-cage","status":"publish","type":"product","link":"https:\/\/sanatmetal.hu\/tr\/product\/re-space-cage\/","title":{"rendered":"Re-Space cage"},"content":{"rendered":"<p>Re-Space cage, PEEK\u2019ten \u00fcretilmi\u015f torakolomber omurga cage\u2019idir. \u00d6zel yerle\u015ftirici ve \u201cbullet nose\u201d ucu, implantasyonu kolayla\u015ft\u0131r\u0131r. Yerle\u015ftirme s\u0131ras\u0131nda cage otomatik olarak optimal pozisyona e\u011fimlenir ve yerine oturur. Orta k\u0131sm\u0131nda greft materyali i\u00e7in geni\u015f bir alan bulunurken, t\u0131rt\u0131kl\u0131 son plak y\u00fczeyleri f\u00fczyon s\u00fcresi boyunca hareketi \u00f6nlemeye yard\u0131mc\u0131 olur. Radyografide g\u00f6r\u00fcn\u00fcrd\u00fcr.<\/p>\n","protected":false},"excerpt":{"rendered":"<p>Re-Space cage, PEEK\u2019ten \u00fcretilmi\u015f torakolomber omurga cage\u2019idir. \u00d6zel yerle\u015ftirici ve \u201cbullet nose\u201d ucu, implantasyonu kolayla\u015ft\u0131r\u0131r. Yerle\u015ftirme s\u0131ras\u0131nda cage otomatik olarak optimal pozisyona e\u011fimlenir ve yerine oturur. Orta k\u0131sm\u0131nda greft materyali i\u00e7in geni\u015f bir alan bulunurken, t\u0131rt\u0131kl\u0131 son plak y\u00fczeyleri f\u00fczyon s\u00fcresi boyunca hareketi \u00f6nlemeye yard\u0131mc\u0131 olur. Radyografide g\u00f6r\u00fcn\u00fcrd\u00fcr.<\/p>\n","protected":false},"featured_media":17312,"template":"","meta":[],"product_brand":[],"product_cat":[1190],"product_tag":[],"class_list":{"0":"post-17311","1":"product","2":"type-product","3":"status-publish","4":"has-post-thumbnail","6":"product_cat-lomber","7":"testtaj-kafes-thoracalis","8":"testtaj-kafes-2","9":"testtaj-torakal-vertebralar","10":"testtaj-lomber-vertebralar","12":"first","13":"instock","14":"shipping-taxable","15":"product-type-simple"},"yoast_head":"<!-- This site is optimized with the Yoast SEO plugin v27.2 - https:\/\/yoast.com\/product\/yoast-seo-wordpress\/ -->\n<title>Re-Space cage - Sanatmetal<\/title>\n<meta name=\"robots\" content=\"index, follow, max-snippet:-1, max-image-preview:large, max-video-preview:-1\" \/>\n<link rel=\"canonical\" href=\"https:\/\/sanatmetal.hu\/tr\/urun\/re-space-cage\/\" \/>\n<meta property=\"og:locale\" content=\"tr_TR\" \/>\n<meta property=\"og:type\" content=\"article\" \/>\n<meta property=\"og:title\" content=\"Re-Space cage - Sanatmetal\" \/>\n<meta property=\"og:description\" content=\"Re-Space cage, PEEK\u2019ten \u00fcretilmi\u015f torakolomber omurga cage\u2019idir. \u00d6zel yerle\u015ftirici ve \u201cbullet nose\u201d ucu, implantasyonu kolayla\u015ft\u0131r\u0131r. Yerle\u015ftirme s\u0131ras\u0131nda cage otomatik olarak optimal pozisyona e\u011fimlenir ve yerine oturur. Orta k\u0131sm\u0131nda greft materyali i\u00e7in geni\u015f bir alan bulunurken, t\u0131rt\u0131kl\u0131 son plak y\u00fczeyleri f\u00fczyon s\u00fcresi boyunca hareketi \u00f6nlemeye yard\u0131mc\u0131 olur. Radyografide g\u00f6r\u00fcn\u00fcrd\u00fcr.\" \/>\n<meta property=\"og:url\" content=\"https:\/\/sanatmetal.hu\/tr\/urun\/re-space-cage\/\" \/>\n<meta property=\"og:site_name\" content=\"Sanatmetal\" \/>\n<meta property=\"article:modified_time\" content=\"2026-03-24T13:29:43+00:00\" \/>\n<meta property=\"og:image\" content=\"https:\/\/sanatmetal.hu\/wp-content\/uploads\/2020\/03\/121-scaled.webp\" \/>\n\t<meta property=\"og:image:width\" content=\"2560\" \/>\n\t<meta property=\"og:image:height\" content=\"1920\" \/>\n\t<meta property=\"og:image:type\" content=\"image\/jpeg\" \/>\n<meta name=\"twitter:card\" content=\"summary_large_image\" \/>\n<meta name=\"twitter:label1\" content=\"Est. reading time\" \/>\n\t<meta name=\"twitter:data1\" content=\"1 minute\" \/>\n<script type=\"application\/ld+json\" class=\"yoast-schema-graph\">{\"@context\":\"https:\/\/schema.org\",\"@graph\":[{\"@type\":\"WebPage\",\"@id\":\"https:\/\/sanatmetal.hu\/tr\/urun\/re-space-cage\/\",\"url\":\"https:\/\/sanatmetal.hu\/tr\/urun\/re-space-cage\/\",\"name\":\"Re-Space cage - Sanatmetal\",\"isPartOf\":{\"@id\":\"https:\/\/sanatmetal.hu\/#website\"},\"primaryImageOfPage\":{\"@id\":\"https:\/\/sanatmetal.hu\/tr\/urun\/re-space-cage\/#primaryimage\"},\"image\":{\"@id\":\"https:\/\/sanatmetal.hu\/tr\/urun\/re-space-cage\/#primaryimage\"},\"thumbnailUrl\":\"https:\/\/sanatmetal.hu\/wp-content\/uploads\/2020\/03\/121-scaled.webp\",\"datePublished\":\"2020-03-04T11:38:59+00:00\",\"dateModified\":\"2026-03-24T13:29:43+00:00\",\"breadcrumb\":{\"@id\":\"https:\/\/sanatmetal.hu\/tr\/urun\/re-space-cage\/#breadcrumb\"},\"inLanguage\":\"tr-TR\",\"potentialAction\":[{\"@type\":\"ReadAction\",\"target\":[\"https:\/\/sanatmetal.hu\/tr\/urun\/re-space-cage\/\"]}]},{\"@type\":\"ImageObject\",\"inLanguage\":\"tr-TR\",\"@id\":\"https:\/\/sanatmetal.hu\/tr\/urun\/re-space-cage\/#primaryimage\",\"url\":\"https:\/\/sanatmetal.hu\/wp-content\/uploads\/2020\/03\/121-scaled.webp\",\"contentUrl\":\"https:\/\/sanatmetal.hu\/wp-content\/uploads\/2020\/03\/121-scaled.webp\",\"width\":2560,\"height\":1920,\"caption\":\"Rescape Cage_foto\u0301\"},{\"@type\":\"BreadcrumbList\",\"@id\":\"https:\/\/sanatmetal.hu\/tr\/urun\/re-space-cage\/#breadcrumb\",\"itemListElement\":[{\"@type\":\"ListItem\",\"position\":1,\"name\":\"Home\",\"item\":\"https:\/\/sanatmetal.hu\/tr\/\"},{\"@type\":\"ListItem\",\"position\":2,\"name\":\"\u00dcr\u00fcnlerimiz\",\"item\":\"https:\/\/sanatmetal.hu\/tr\/urunlerimiz\/\"},{\"@type\":\"ListItem\",\"position\":3,\"name\":\"Re-Space cage\"}]},{\"@type\":\"WebSite\",\"@id\":\"https:\/\/sanatmetal.hu\/#website\",\"url\":\"https:\/\/sanatmetal.hu\/\",\"name\":\"Sanatmetal\",\"description\":\"\",\"publisher\":{\"@id\":\"https:\/\/sanatmetal.hu\/#organization\"},\"potentialAction\":[{\"@type\":\"SearchAction\",\"target\":{\"@type\":\"EntryPoint\",\"urlTemplate\":\"https:\/\/sanatmetal.hu\/?s={search_term_string}\"},\"query-input\":{\"@type\":\"PropertyValueSpecification\",\"valueRequired\":true,\"valueName\":\"search_term_string\"}}],\"inLanguage\":\"tr-TR\"},{\"@type\":\"Organization\",\"@id\":\"https:\/\/sanatmetal.hu\/#organization\",\"name\":\"Sanatmetal\",\"url\":\"https:\/\/sanatmetal.hu\/\",\"logo\":{\"@type\":\"ImageObject\",\"inLanguage\":\"tr-TR\",\"@id\":\"https:\/\/sanatmetal.hu\/#\/schema\/logo\/image\/\",\"url\":\"https:\/\/sanatmetal.hu\/wp-content\/uploads\/2024\/10\/Nevtelen-terv-5-e1728647058747.png\",\"contentUrl\":\"https:\/\/sanatmetal.hu\/wp-content\/uploads\/2024\/10\/Nevtelen-terv-5-e1728647058747.png\",\"width\":1410,\"height\":1293,\"caption\":\"Sanatmetal\"},\"image\":{\"@id\":\"https:\/\/sanatmetal.hu\/#\/schema\/logo\/image\/\"}}]}<\/script>\n<!-- \/ Yoast SEO plugin. -->","yoast_head_json":{"title":"Re-Space cage - Sanatmetal","robots":{"index":"index","follow":"follow","max-snippet":"max-snippet:-1","max-image-preview":"max-image-preview:large","max-video-preview":"max-video-preview:-1"},"canonical":"https:\/\/sanatmetal.hu\/tr\/urun\/re-space-cage\/","og_locale":"tr_TR","og_type":"article","og_title":"Re-Space cage - Sanatmetal","og_description":"Re-Space cage, PEEK\u2019ten \u00fcretilmi\u015f torakolomber omurga cage\u2019idir. \u00d6zel yerle\u015ftirici ve \u201cbullet nose\u201d ucu, implantasyonu kolayla\u015ft\u0131r\u0131r. Yerle\u015ftirme s\u0131ras\u0131nda cage otomatik olarak optimal pozisyona e\u011fimlenir ve yerine oturur. Orta k\u0131sm\u0131nda greft materyali i\u00e7in geni\u015f bir alan bulunurken, t\u0131rt\u0131kl\u0131 son plak y\u00fczeyleri f\u00fczyon s\u00fcresi boyunca hareketi \u00f6nlemeye yard\u0131mc\u0131 olur. Radyografide g\u00f6r\u00fcn\u00fcrd\u00fcr.","og_url":"https:\/\/sanatmetal.hu\/tr\/urun\/re-space-cage\/","og_site_name":"Sanatmetal","article_modified_time":"2026-03-24T13:29:43+00:00","og_image":[{"width":2560,"height":1920,"url":"https:\/\/sanatmetal.hu\/wp-content\/uploads\/2020\/03\/121-scaled.webp","type":"image\/jpeg"}],"twitter_card":"summary_large_image","twitter_misc":{"Est. reading time":"1 minute"},"schema":{"@context":"https:\/\/schema.org","@graph":[{"@type":"WebPage","@id":"https:\/\/sanatmetal.hu\/tr\/urun\/re-space-cage\/","url":"https:\/\/sanatmetal.hu\/tr\/urun\/re-space-cage\/","name":"Re-Space cage - Sanatmetal","isPartOf":{"@id":"https:\/\/sanatmetal.hu\/#website"},"primaryImageOfPage":{"@id":"https:\/\/sanatmetal.hu\/tr\/urun\/re-space-cage\/#primaryimage"},"image":{"@id":"https:\/\/sanatmetal.hu\/tr\/urun\/re-space-cage\/#primaryimage"},"thumbnailUrl":"https:\/\/sanatmetal.hu\/wp-content\/uploads\/2020\/03\/121-scaled.webp","datePublished":"2020-03-04T11:38:59+00:00","dateModified":"2026-03-24T13:29:43+00:00","breadcrumb":{"@id":"https:\/\/sanatmetal.hu\/tr\/urun\/re-space-cage\/#breadcrumb"},"inLanguage":"tr-TR","potentialAction":[{"@type":"ReadAction","target":["https:\/\/sanatmetal.hu\/tr\/urun\/re-space-cage\/"]}]},{"@type":"ImageObject","inLanguage":"tr-TR","@id":"https:\/\/sanatmetal.hu\/tr\/urun\/re-space-cage\/#primaryimage","url":"https:\/\/sanatmetal.hu\/wp-content\/uploads\/2020\/03\/121-scaled.webp","contentUrl":"https:\/\/sanatmetal.hu\/wp-content\/uploads\/2020\/03\/121-scaled.webp","width":2560,"height":1920,"caption":"Rescape Cage_foto\u0301"},{"@type":"BreadcrumbList","@id":"https:\/\/sanatmetal.hu\/tr\/urun\/re-space-cage\/#breadcrumb","itemListElement":[{"@type":"ListItem","position":1,"name":"Home","item":"https:\/\/sanatmetal.hu\/tr\/"},{"@type":"ListItem","position":2,"name":"\u00dcr\u00fcnlerimiz","item":"https:\/\/sanatmetal.hu\/tr\/urunlerimiz\/"},{"@type":"ListItem","position":3,"name":"Re-Space cage"}]},{"@type":"WebSite","@id":"https:\/\/sanatmetal.hu\/#website","url":"https:\/\/sanatmetal.hu\/","name":"Sanatmetal","description":"","publisher":{"@id":"https:\/\/sanatmetal.hu\/#organization"},"potentialAction":[{"@type":"SearchAction","target":{"@type":"EntryPoint","urlTemplate":"https:\/\/sanatmetal.hu\/?s={search_term_string}"},"query-input":{"@type":"PropertyValueSpecification","valueRequired":true,"valueName":"search_term_string"}}],"inLanguage":"tr-TR"},{"@type":"Organization","@id":"https:\/\/sanatmetal.hu\/#organization","name":"Sanatmetal","url":"https:\/\/sanatmetal.hu\/","logo":{"@type":"ImageObject","inLanguage":"tr-TR","@id":"https:\/\/sanatmetal.hu\/#\/schema\/logo\/image\/","url":"https:\/\/sanatmetal.hu\/wp-content\/uploads\/2024\/10\/Nevtelen-terv-5-e1728647058747.png","contentUrl":"https:\/\/sanatmetal.hu\/wp-content\/uploads\/2024\/10\/Nevtelen-terv-5-e1728647058747.png","width":1410,"height":1293,"caption":"Sanatmetal"},"image":{"@id":"https:\/\/sanatmetal.hu\/#\/schema\/logo\/image\/"}}]}},"_links":{"self":[{"href":"https:\/\/sanatmetal.hu\/tr\/wp-json\/wp\/v2\/product\/17311","targetHints":{"allow":["GET"]}}],"collection":[{"href":"https:\/\/sanatmetal.hu\/tr\/wp-json\/wp\/v2\/product"}],"about":[{"href":"https:\/\/sanatmetal.hu\/tr\/wp-json\/wp\/v2\/types\/product"}],"wp:featuredmedia":[{"embeddable":true,"href":"https:\/\/sanatmetal.hu\/tr\/wp-json\/wp\/v2\/media\/17312"}],"wp:attachment":[{"href":"https:\/\/sanatmetal.hu\/tr\/wp-json\/wp\/v2\/media?parent=17311"}],"wp:term":[{"taxonomy":"product_brand","embeddable":true,"href":"https:\/\/sanatmetal.hu\/tr\/wp-json\/wp\/v2\/product_brand?post=17311"},{"taxonomy":"product_cat","embeddable":true,"href":"https:\/\/sanatmetal.hu\/tr\/wp-json\/wp\/v2\/product_cat?post=17311"},{"taxonomy":"product_tag","embeddable":true,"href":"https:\/\/sanatmetal.hu\/tr\/wp-json\/wp\/v2\/product_tag?post=17311"}],"curies":[{"name":"wp","href":"https:\/\/api.w.org\/{rel}","templated":true}]}}