{"id":17316,"date":"2020-03-04T11:37:47","date_gmt":"2020-03-04T11:37:47","guid":{"rendered":"https:\/\/sanatmetal.hu\/product\/castle-cage\/"},"modified":"2026-03-24T14:31:02","modified_gmt":"2026-03-24T13:31:02","slug":"castle-cage","status":"publish","type":"product","link":"https:\/\/sanatmetal.hu\/tr\/product\/castle-cage\/","title":{"rendered":"Castle cage"},"content":{"rendered":"<p>Castle cage, ACIF tekni\u011fine uygun servikal cage\u2019dir. Stabilite, keskin spike yap\u0131lar\u0131 ile sa\u011flan\u0131rken, \u201ckalenin avlusu\u201d olarak tan\u0131mlanan orta b\u00f6l\u00fcm\u00fcne yeterli miktarda kemik grefti yerle\u015ftirilebilir. Y\u00fczeydeki geni\u015f di\u015fler cage\u2019in stabilitesini daha da art\u0131r\u0131r. Basit, tek seviyeli set i\u00e7erisinde her \u00f6l\u00e7\u00fc i\u00e7in trial implantlar ve kesintisiz \u00e7al\u0131\u015fma sa\u011flayan iki yerle\u015ftirici bulunmaktad\u0131r.<\/p>\n","protected":false},"excerpt":{"rendered":"<p>Castle cage, ACIF tekni\u011fine uygun servikal cage\u2019dir. Stabilite, keskin spike yap\u0131lar\u0131 ile sa\u011flan\u0131rken, \u201ckalenin avlusu\u201d olarak tan\u0131mlanan orta b\u00f6l\u00fcm\u00fcne yeterli miktarda kemik grefti yerle\u015ftirilebilir. Y\u00fczeydeki geni\u015f di\u015fler cage\u2019in stabilitesini daha da art\u0131r\u0131r. Basit, tek seviyeli set i\u00e7erisinde her \u00f6l\u00e7\u00fc i\u00e7in trial implantlar ve kesintisiz \u00e7al\u0131\u015fma sa\u011flayan iki yerle\u015ftirici bulunmaktad\u0131r.<\/p>\n","protected":false},"featured_media":17317,"template":"","meta":[],"product_brand":[],"product_cat":[1205],"product_tag":[],"class_list":{"0":"post-17316","1":"product","2":"type-product","3":"status-publish","4":"has-post-thumbnail","6":"product_cat-servikal-2","7":"testtaj-servikal-vertebralar","8":"testtaj-kafes","10":"first","11":"instock","12":"shipping-taxable","13":"product-type-simple"},"yoast_head":"<!-- This site is optimized with the Yoast SEO plugin v27.2 - https:\/\/yoast.com\/product\/yoast-seo-wordpress\/ -->\n<title>Castle cage - Sanatmetal<\/title>\n<meta name=\"robots\" content=\"index, follow, max-snippet:-1, max-image-preview:large, max-video-preview:-1\" \/>\n<link rel=\"canonical\" href=\"https:\/\/sanatmetal.hu\/tr\/urun\/castle-cage\/\" \/>\n<meta property=\"og:locale\" content=\"tr_TR\" \/>\n<meta property=\"og:type\" content=\"article\" \/>\n<meta property=\"og:title\" content=\"Castle cage - Sanatmetal\" \/>\n<meta property=\"og:description\" content=\"Castle cage, ACIF tekni\u011fine uygun servikal cage\u2019dir. Stabilite, keskin spike yap\u0131lar\u0131 ile sa\u011flan\u0131rken, \u201ckalenin avlusu\u201d olarak tan\u0131mlanan orta b\u00f6l\u00fcm\u00fcne yeterli miktarda kemik grefti yerle\u015ftirilebilir. Y\u00fczeydeki geni\u015f di\u015fler cage\u2019in stabilitesini daha da art\u0131r\u0131r. Basit, tek seviyeli set i\u00e7erisinde her \u00f6l\u00e7\u00fc i\u00e7in trial implantlar ve kesintisiz \u00e7al\u0131\u015fma sa\u011flayan iki yerle\u015ftirici bulunmaktad\u0131r.\" \/>\n<meta property=\"og:url\" content=\"https:\/\/sanatmetal.hu\/tr\/urun\/castle-cage\/\" \/>\n<meta property=\"og:site_name\" content=\"Sanatmetal\" \/>\n<meta property=\"article:modified_time\" content=\"2026-03-24T13:31:02+00:00\" \/>\n<meta property=\"og:image\" content=\"https:\/\/sanatmetal.hu\/wp-content\/uploads\/2020\/03\/castle-cagekicsi2-1.webp\" \/>\n\t<meta property=\"og:image:width\" content=\"2040\" \/>\n\t<meta property=\"og:image:height\" content=\"1328\" \/>\n\t<meta property=\"og:image:type\" content=\"image\/jpeg\" \/>\n<meta name=\"twitter:card\" content=\"summary_large_image\" \/>\n<meta name=\"twitter:label1\" content=\"Est. reading time\" \/>\n\t<meta name=\"twitter:data1\" content=\"1 minute\" \/>\n<script type=\"application\/ld+json\" class=\"yoast-schema-graph\">{\"@context\":\"https:\/\/schema.org\",\"@graph\":[{\"@type\":\"WebPage\",\"@id\":\"https:\/\/sanatmetal.hu\/tr\/urun\/castle-cage\/\",\"url\":\"https:\/\/sanatmetal.hu\/tr\/urun\/castle-cage\/\",\"name\":\"Castle cage - Sanatmetal\",\"isPartOf\":{\"@id\":\"https:\/\/sanatmetal.hu\/#website\"},\"primaryImageOfPage\":{\"@id\":\"https:\/\/sanatmetal.hu\/tr\/urun\/castle-cage\/#primaryimage\"},\"image\":{\"@id\":\"https:\/\/sanatmetal.hu\/tr\/urun\/castle-cage\/#primaryimage\"},\"thumbnailUrl\":\"https:\/\/sanatmetal.hu\/wp-content\/uploads\/2020\/03\/castle-cagekicsi2-1.webp\",\"datePublished\":\"2020-03-04T11:37:47+00:00\",\"dateModified\":\"2026-03-24T13:31:02+00:00\",\"breadcrumb\":{\"@id\":\"https:\/\/sanatmetal.hu\/tr\/urun\/castle-cage\/#breadcrumb\"},\"inLanguage\":\"tr-TR\",\"potentialAction\":[{\"@type\":\"ReadAction\",\"target\":[\"https:\/\/sanatmetal.hu\/tr\/urun\/castle-cage\/\"]}]},{\"@type\":\"ImageObject\",\"inLanguage\":\"tr-TR\",\"@id\":\"https:\/\/sanatmetal.hu\/tr\/urun\/castle-cage\/#primaryimage\",\"url\":\"https:\/\/sanatmetal.hu\/wp-content\/uploads\/2020\/03\/castle-cagekicsi2-1.webp\",\"contentUrl\":\"https:\/\/sanatmetal.hu\/wp-content\/uploads\/2020\/03\/castle-cagekicsi2-1.webp\",\"width\":2040,\"height\":1328},{\"@type\":\"BreadcrumbList\",\"@id\":\"https:\/\/sanatmetal.hu\/tr\/urun\/castle-cage\/#breadcrumb\",\"itemListElement\":[{\"@type\":\"ListItem\",\"position\":1,\"name\":\"Home\",\"item\":\"https:\/\/sanatmetal.hu\/tr\/\"},{\"@type\":\"ListItem\",\"position\":2,\"name\":\"\u00dcr\u00fcnlerimiz\",\"item\":\"https:\/\/sanatmetal.hu\/tr\/urunlerimiz\/\"},{\"@type\":\"ListItem\",\"position\":3,\"name\":\"Castle cage\"}]},{\"@type\":\"WebSite\",\"@id\":\"https:\/\/sanatmetal.hu\/#website\",\"url\":\"https:\/\/sanatmetal.hu\/\",\"name\":\"Sanatmetal\",\"description\":\"\",\"publisher\":{\"@id\":\"https:\/\/sanatmetal.hu\/#organization\"},\"potentialAction\":[{\"@type\":\"SearchAction\",\"target\":{\"@type\":\"EntryPoint\",\"urlTemplate\":\"https:\/\/sanatmetal.hu\/?s={search_term_string}\"},\"query-input\":{\"@type\":\"PropertyValueSpecification\",\"valueRequired\":true,\"valueName\":\"search_term_string\"}}],\"inLanguage\":\"tr-TR\"},{\"@type\":\"Organization\",\"@id\":\"https:\/\/sanatmetal.hu\/#organization\",\"name\":\"Sanatmetal\",\"url\":\"https:\/\/sanatmetal.hu\/\",\"logo\":{\"@type\":\"ImageObject\",\"inLanguage\":\"tr-TR\",\"@id\":\"https:\/\/sanatmetal.hu\/#\/schema\/logo\/image\/\",\"url\":\"https:\/\/sanatmetal.hu\/wp-content\/uploads\/2024\/10\/Nevtelen-terv-5-e1728647058747.png\",\"contentUrl\":\"https:\/\/sanatmetal.hu\/wp-content\/uploads\/2024\/10\/Nevtelen-terv-5-e1728647058747.png\",\"width\":1410,\"height\":1293,\"caption\":\"Sanatmetal\"},\"image\":{\"@id\":\"https:\/\/sanatmetal.hu\/#\/schema\/logo\/image\/\"}}]}<\/script>\n<!-- \/ Yoast SEO plugin. -->","yoast_head_json":{"title":"Castle cage - Sanatmetal","robots":{"index":"index","follow":"follow","max-snippet":"max-snippet:-1","max-image-preview":"max-image-preview:large","max-video-preview":"max-video-preview:-1"},"canonical":"https:\/\/sanatmetal.hu\/tr\/urun\/castle-cage\/","og_locale":"tr_TR","og_type":"article","og_title":"Castle cage - Sanatmetal","og_description":"Castle cage, ACIF tekni\u011fine uygun servikal cage\u2019dir. Stabilite, keskin spike yap\u0131lar\u0131 ile sa\u011flan\u0131rken, \u201ckalenin avlusu\u201d olarak tan\u0131mlanan orta b\u00f6l\u00fcm\u00fcne yeterli miktarda kemik grefti yerle\u015ftirilebilir. Y\u00fczeydeki geni\u015f di\u015fler cage\u2019in stabilitesini daha da art\u0131r\u0131r. Basit, tek seviyeli set i\u00e7erisinde her \u00f6l\u00e7\u00fc i\u00e7in trial implantlar ve kesintisiz \u00e7al\u0131\u015fma sa\u011flayan iki yerle\u015ftirici bulunmaktad\u0131r.","og_url":"https:\/\/sanatmetal.hu\/tr\/urun\/castle-cage\/","og_site_name":"Sanatmetal","article_modified_time":"2026-03-24T13:31:02+00:00","og_image":[{"width":2040,"height":1328,"url":"https:\/\/sanatmetal.hu\/wp-content\/uploads\/2020\/03\/castle-cagekicsi2-1.webp","type":"image\/jpeg"}],"twitter_card":"summary_large_image","twitter_misc":{"Est. reading time":"1 minute"},"schema":{"@context":"https:\/\/schema.org","@graph":[{"@type":"WebPage","@id":"https:\/\/sanatmetal.hu\/tr\/urun\/castle-cage\/","url":"https:\/\/sanatmetal.hu\/tr\/urun\/castle-cage\/","name":"Castle cage - Sanatmetal","isPartOf":{"@id":"https:\/\/sanatmetal.hu\/#website"},"primaryImageOfPage":{"@id":"https:\/\/sanatmetal.hu\/tr\/urun\/castle-cage\/#primaryimage"},"image":{"@id":"https:\/\/sanatmetal.hu\/tr\/urun\/castle-cage\/#primaryimage"},"thumbnailUrl":"https:\/\/sanatmetal.hu\/wp-content\/uploads\/2020\/03\/castle-cagekicsi2-1.webp","datePublished":"2020-03-04T11:37:47+00:00","dateModified":"2026-03-24T13:31:02+00:00","breadcrumb":{"@id":"https:\/\/sanatmetal.hu\/tr\/urun\/castle-cage\/#breadcrumb"},"inLanguage":"tr-TR","potentialAction":[{"@type":"ReadAction","target":["https:\/\/sanatmetal.hu\/tr\/urun\/castle-cage\/"]}]},{"@type":"ImageObject","inLanguage":"tr-TR","@id":"https:\/\/sanatmetal.hu\/tr\/urun\/castle-cage\/#primaryimage","url":"https:\/\/sanatmetal.hu\/wp-content\/uploads\/2020\/03\/castle-cagekicsi2-1.webp","contentUrl":"https:\/\/sanatmetal.hu\/wp-content\/uploads\/2020\/03\/castle-cagekicsi2-1.webp","width":2040,"height":1328},{"@type":"BreadcrumbList","@id":"https:\/\/sanatmetal.hu\/tr\/urun\/castle-cage\/#breadcrumb","itemListElement":[{"@type":"ListItem","position":1,"name":"Home","item":"https:\/\/sanatmetal.hu\/tr\/"},{"@type":"ListItem","position":2,"name":"\u00dcr\u00fcnlerimiz","item":"https:\/\/sanatmetal.hu\/tr\/urunlerimiz\/"},{"@type":"ListItem","position":3,"name":"Castle cage"}]},{"@type":"WebSite","@id":"https:\/\/sanatmetal.hu\/#website","url":"https:\/\/sanatmetal.hu\/","name":"Sanatmetal","description":"","publisher":{"@id":"https:\/\/sanatmetal.hu\/#organization"},"potentialAction":[{"@type":"SearchAction","target":{"@type":"EntryPoint","urlTemplate":"https:\/\/sanatmetal.hu\/?s={search_term_string}"},"query-input":{"@type":"PropertyValueSpecification","valueRequired":true,"valueName":"search_term_string"}}],"inLanguage":"tr-TR"},{"@type":"Organization","@id":"https:\/\/sanatmetal.hu\/#organization","name":"Sanatmetal","url":"https:\/\/sanatmetal.hu\/","logo":{"@type":"ImageObject","inLanguage":"tr-TR","@id":"https:\/\/sanatmetal.hu\/#\/schema\/logo\/image\/","url":"https:\/\/sanatmetal.hu\/wp-content\/uploads\/2024\/10\/Nevtelen-terv-5-e1728647058747.png","contentUrl":"https:\/\/sanatmetal.hu\/wp-content\/uploads\/2024\/10\/Nevtelen-terv-5-e1728647058747.png","width":1410,"height":1293,"caption":"Sanatmetal"},"image":{"@id":"https:\/\/sanatmetal.hu\/#\/schema\/logo\/image\/"}}]}},"_links":{"self":[{"href":"https:\/\/sanatmetal.hu\/tr\/wp-json\/wp\/v2\/product\/17316","targetHints":{"allow":["GET"]}}],"collection":[{"href":"https:\/\/sanatmetal.hu\/tr\/wp-json\/wp\/v2\/product"}],"about":[{"href":"https:\/\/sanatmetal.hu\/tr\/wp-json\/wp\/v2\/types\/product"}],"wp:featuredmedia":[{"embeddable":true,"href":"https:\/\/sanatmetal.hu\/tr\/wp-json\/wp\/v2\/media\/17317"}],"wp:attachment":[{"href":"https:\/\/sanatmetal.hu\/tr\/wp-json\/wp\/v2\/media?parent=17316"}],"wp:term":[{"taxonomy":"product_brand","embeddable":true,"href":"https:\/\/sanatmetal.hu\/tr\/wp-json\/wp\/v2\/product_brand?post=17316"},{"taxonomy":"product_cat","embeddable":true,"href":"https:\/\/sanatmetal.hu\/tr\/wp-json\/wp\/v2\/product_cat?post=17316"},{"taxonomy":"product_tag","embeddable":true,"href":"https:\/\/sanatmetal.hu\/tr\/wp-json\/wp\/v2\/product_tag?post=17316"}],"curies":[{"name":"wp","href":"https:\/\/api.w.org\/{rel}","templated":true}]}}