{"id":17318,"date":"2020-03-04T11:37:14","date_gmt":"2020-03-04T11:37:14","guid":{"rendered":"https:\/\/sanatmetal.hu\/product\/cff-cage\/"},"modified":"2026-03-24T14:32:21","modified_gmt":"2026-03-24T13:32:21","slug":"cff-cage","status":"publish","type":"product","link":"https:\/\/sanatmetal.hu\/tr\/product\/cff-cage\/","title":{"rendered":"CFF cage"},"content":{"rendered":"<p>CFF cage, PEEK hammaddesinden \u00fcretilmi\u015f, radyografide g\u00f6r\u00fcn\u00fcr servikal cage\u2019dir ve titanyum ile PEEK vidalar\u0131 kabul edebilmektedir. Y\u00fczeyi, fiksasyon i\u00e7in testere di\u015fi benzeri bir yap\u0131ya sahipken, kemik grefti i\u00e7in geni\u015f bir bo\u015fluk sunar. \u00d6zel PEEK materyali sayesinde cage radyografide g\u00f6r\u00fcn\u00fcrd\u00fcr. PEEK vidalar ile kullan\u0131ld\u0131\u011f\u0131nda ilgili b\u00f6lge g\u00fcvenle MR incelemesine al\u0131nabilir. Alt son plak y\u00fczeyi t\u0131rt\u0131kl\u0131d\u0131r; \u00fcst y\u00fczey ise stabil f\u00fczyon i\u00e7in anatomik kubbe \u015feklinde tasarlanm\u0131\u015ft\u0131r.<\/p>\n","protected":false},"excerpt":{"rendered":"<p>CFF cage, PEEK hammaddesinden \u00fcretilmi\u015f, radyografide g\u00f6r\u00fcn\u00fcr servikal cage\u2019dir ve titanyum ile PEEK vidalar\u0131 kabul edebilmektedir. Y\u00fczeyi, fiksasyon i\u00e7in testere di\u015fi benzeri bir yap\u0131ya sahipken, kemik grefti i\u00e7in geni\u015f bir bo\u015fluk sunar. \u00d6zel PEEK materyali sayesinde cage radyografide g\u00f6r\u00fcn\u00fcrd\u00fcr. PEEK vidalar ile kullan\u0131ld\u0131\u011f\u0131nda ilgili b\u00f6lge g\u00fcvenle MR incelemesine al\u0131nabilir. Alt son plak y\u00fczeyi t\u0131rt\u0131kl\u0131d\u0131r; \u00fcst [&hellip;]<\/p>\n","protected":false},"featured_media":17319,"template":"","meta":[],"product_brand":[],"product_cat":[1205],"product_tag":[],"class_list":{"0":"post-17318","1":"product","2":"type-product","3":"status-publish","4":"has-post-thumbnail","6":"product_cat-servikal-2","7":"testtaj-servikal-vertebralar","8":"testtaj-kafes","10":"first","11":"instock","12":"shipping-taxable","13":"product-type-simple"},"yoast_head":"<!-- This site is optimized with the Yoast SEO plugin v27.2 - https:\/\/yoast.com\/product\/yoast-seo-wordpress\/ -->\n<title>CFF cage - Sanatmetal<\/title>\n<meta name=\"robots\" content=\"index, follow, max-snippet:-1, max-image-preview:large, max-video-preview:-1\" \/>\n<link rel=\"canonical\" href=\"https:\/\/sanatmetal.hu\/tr\/urun\/cff-cage\/\" \/>\n<meta property=\"og:locale\" content=\"tr_TR\" \/>\n<meta property=\"og:type\" content=\"article\" \/>\n<meta property=\"og:title\" content=\"CFF cage - Sanatmetal\" \/>\n<meta property=\"og:description\" content=\"CFF cage, PEEK hammaddesinden \u00fcretilmi\u015f, radyografide g\u00f6r\u00fcn\u00fcr servikal cage\u2019dir ve titanyum ile PEEK vidalar\u0131 kabul edebilmektedir. Y\u00fczeyi, fiksasyon i\u00e7in testere di\u015fi benzeri bir yap\u0131ya sahipken, kemik grefti i\u00e7in geni\u015f bir bo\u015fluk sunar. \u00d6zel PEEK materyali sayesinde cage radyografide g\u00f6r\u00fcn\u00fcrd\u00fcr. PEEK vidalar ile kullan\u0131ld\u0131\u011f\u0131nda ilgili b\u00f6lge g\u00fcvenle MR incelemesine al\u0131nabilir. Alt son plak y\u00fczeyi t\u0131rt\u0131kl\u0131d\u0131r; \u00fcst [&hellip;]\" \/>\n<meta property=\"og:url\" content=\"https:\/\/sanatmetal.hu\/tr\/urun\/cff-cage\/\" \/>\n<meta property=\"og:site_name\" content=\"Sanatmetal\" \/>\n<meta property=\"article:modified_time\" content=\"2026-03-24T13:32:21+00:00\" \/>\n<meta property=\"og:image\" content=\"https:\/\/sanatmetal.hu\/wp-content\/uploads\/2020\/05\/cff-cage4-scaled.webp\" \/>\n\t<meta property=\"og:image:width\" content=\"2560\" \/>\n\t<meta property=\"og:image:height\" content=\"1599\" \/>\n\t<meta property=\"og:image:type\" content=\"image\/jpeg\" \/>\n<meta name=\"twitter:card\" content=\"summary_large_image\" \/>\n<meta name=\"twitter:label1\" content=\"Est. reading time\" \/>\n\t<meta name=\"twitter:data1\" content=\"1 minute\" \/>\n<script type=\"application\/ld+json\" class=\"yoast-schema-graph\">{\"@context\":\"https:\/\/schema.org\",\"@graph\":[{\"@type\":\"WebPage\",\"@id\":\"https:\/\/sanatmetal.hu\/tr\/urun\/cff-cage\/\",\"url\":\"https:\/\/sanatmetal.hu\/tr\/urun\/cff-cage\/\",\"name\":\"CFF cage - Sanatmetal\",\"isPartOf\":{\"@id\":\"https:\/\/sanatmetal.hu\/#website\"},\"primaryImageOfPage\":{\"@id\":\"https:\/\/sanatmetal.hu\/tr\/urun\/cff-cage\/#primaryimage\"},\"image\":{\"@id\":\"https:\/\/sanatmetal.hu\/tr\/urun\/cff-cage\/#primaryimage\"},\"thumbnailUrl\":\"https:\/\/sanatmetal.hu\/wp-content\/uploads\/2020\/05\/cff-cage4-scaled.webp\",\"datePublished\":\"2020-03-04T11:37:14+00:00\",\"dateModified\":\"2026-03-24T13:32:21+00:00\",\"breadcrumb\":{\"@id\":\"https:\/\/sanatmetal.hu\/tr\/urun\/cff-cage\/#breadcrumb\"},\"inLanguage\":\"tr-TR\",\"potentialAction\":[{\"@type\":\"ReadAction\",\"target\":[\"https:\/\/sanatmetal.hu\/tr\/urun\/cff-cage\/\"]}]},{\"@type\":\"ImageObject\",\"inLanguage\":\"tr-TR\",\"@id\":\"https:\/\/sanatmetal.hu\/tr\/urun\/cff-cage\/#primaryimage\",\"url\":\"https:\/\/sanatmetal.hu\/wp-content\/uploads\/2020\/05\/cff-cage4-scaled.webp\",\"contentUrl\":\"https:\/\/sanatmetal.hu\/wp-content\/uploads\/2020\/05\/cff-cage4-scaled.webp\",\"width\":2560,\"height\":1599},{\"@type\":\"BreadcrumbList\",\"@id\":\"https:\/\/sanatmetal.hu\/tr\/urun\/cff-cage\/#breadcrumb\",\"itemListElement\":[{\"@type\":\"ListItem\",\"position\":1,\"name\":\"Home\",\"item\":\"https:\/\/sanatmetal.hu\/tr\/\"},{\"@type\":\"ListItem\",\"position\":2,\"name\":\"\u00dcr\u00fcnlerimiz\",\"item\":\"https:\/\/sanatmetal.hu\/tr\/urunlerimiz\/\"},{\"@type\":\"ListItem\",\"position\":3,\"name\":\"CFF cage\"}]},{\"@type\":\"WebSite\",\"@id\":\"https:\/\/sanatmetal.hu\/#website\",\"url\":\"https:\/\/sanatmetal.hu\/\",\"name\":\"Sanatmetal\",\"description\":\"\",\"publisher\":{\"@id\":\"https:\/\/sanatmetal.hu\/#organization\"},\"potentialAction\":[{\"@type\":\"SearchAction\",\"target\":{\"@type\":\"EntryPoint\",\"urlTemplate\":\"https:\/\/sanatmetal.hu\/?s={search_term_string}\"},\"query-input\":{\"@type\":\"PropertyValueSpecification\",\"valueRequired\":true,\"valueName\":\"search_term_string\"}}],\"inLanguage\":\"tr-TR\"},{\"@type\":\"Organization\",\"@id\":\"https:\/\/sanatmetal.hu\/#organization\",\"name\":\"Sanatmetal\",\"url\":\"https:\/\/sanatmetal.hu\/\",\"logo\":{\"@type\":\"ImageObject\",\"inLanguage\":\"tr-TR\",\"@id\":\"https:\/\/sanatmetal.hu\/#\/schema\/logo\/image\/\",\"url\":\"https:\/\/sanatmetal.hu\/wp-content\/uploads\/2024\/10\/Nevtelen-terv-5-e1728647058747.png\",\"contentUrl\":\"https:\/\/sanatmetal.hu\/wp-content\/uploads\/2024\/10\/Nevtelen-terv-5-e1728647058747.png\",\"width\":1410,\"height\":1293,\"caption\":\"Sanatmetal\"},\"image\":{\"@id\":\"https:\/\/sanatmetal.hu\/#\/schema\/logo\/image\/\"}}]}<\/script>\n<!-- \/ Yoast SEO plugin. -->","yoast_head_json":{"title":"CFF cage - Sanatmetal","robots":{"index":"index","follow":"follow","max-snippet":"max-snippet:-1","max-image-preview":"max-image-preview:large","max-video-preview":"max-video-preview:-1"},"canonical":"https:\/\/sanatmetal.hu\/tr\/urun\/cff-cage\/","og_locale":"tr_TR","og_type":"article","og_title":"CFF cage - Sanatmetal","og_description":"CFF cage, PEEK hammaddesinden \u00fcretilmi\u015f, radyografide g\u00f6r\u00fcn\u00fcr servikal cage\u2019dir ve titanyum ile PEEK vidalar\u0131 kabul edebilmektedir. Y\u00fczeyi, fiksasyon i\u00e7in testere di\u015fi benzeri bir yap\u0131ya sahipken, kemik grefti i\u00e7in geni\u015f bir bo\u015fluk sunar. \u00d6zel PEEK materyali sayesinde cage radyografide g\u00f6r\u00fcn\u00fcrd\u00fcr. PEEK vidalar ile kullan\u0131ld\u0131\u011f\u0131nda ilgili b\u00f6lge g\u00fcvenle MR incelemesine al\u0131nabilir. Alt son plak y\u00fczeyi t\u0131rt\u0131kl\u0131d\u0131r; \u00fcst [&hellip;]","og_url":"https:\/\/sanatmetal.hu\/tr\/urun\/cff-cage\/","og_site_name":"Sanatmetal","article_modified_time":"2026-03-24T13:32:21+00:00","og_image":[{"width":2560,"height":1599,"url":"https:\/\/sanatmetal.hu\/wp-content\/uploads\/2020\/05\/cff-cage4-scaled.webp","type":"image\/jpeg"}],"twitter_card":"summary_large_image","twitter_misc":{"Est. reading time":"1 minute"},"schema":{"@context":"https:\/\/schema.org","@graph":[{"@type":"WebPage","@id":"https:\/\/sanatmetal.hu\/tr\/urun\/cff-cage\/","url":"https:\/\/sanatmetal.hu\/tr\/urun\/cff-cage\/","name":"CFF cage - Sanatmetal","isPartOf":{"@id":"https:\/\/sanatmetal.hu\/#website"},"primaryImageOfPage":{"@id":"https:\/\/sanatmetal.hu\/tr\/urun\/cff-cage\/#primaryimage"},"image":{"@id":"https:\/\/sanatmetal.hu\/tr\/urun\/cff-cage\/#primaryimage"},"thumbnailUrl":"https:\/\/sanatmetal.hu\/wp-content\/uploads\/2020\/05\/cff-cage4-scaled.webp","datePublished":"2020-03-04T11:37:14+00:00","dateModified":"2026-03-24T13:32:21+00:00","breadcrumb":{"@id":"https:\/\/sanatmetal.hu\/tr\/urun\/cff-cage\/#breadcrumb"},"inLanguage":"tr-TR","potentialAction":[{"@type":"ReadAction","target":["https:\/\/sanatmetal.hu\/tr\/urun\/cff-cage\/"]}]},{"@type":"ImageObject","inLanguage":"tr-TR","@id":"https:\/\/sanatmetal.hu\/tr\/urun\/cff-cage\/#primaryimage","url":"https:\/\/sanatmetal.hu\/wp-content\/uploads\/2020\/05\/cff-cage4-scaled.webp","contentUrl":"https:\/\/sanatmetal.hu\/wp-content\/uploads\/2020\/05\/cff-cage4-scaled.webp","width":2560,"height":1599},{"@type":"BreadcrumbList","@id":"https:\/\/sanatmetal.hu\/tr\/urun\/cff-cage\/#breadcrumb","itemListElement":[{"@type":"ListItem","position":1,"name":"Home","item":"https:\/\/sanatmetal.hu\/tr\/"},{"@type":"ListItem","position":2,"name":"\u00dcr\u00fcnlerimiz","item":"https:\/\/sanatmetal.hu\/tr\/urunlerimiz\/"},{"@type":"ListItem","position":3,"name":"CFF cage"}]},{"@type":"WebSite","@id":"https:\/\/sanatmetal.hu\/#website","url":"https:\/\/sanatmetal.hu\/","name":"Sanatmetal","description":"","publisher":{"@id":"https:\/\/sanatmetal.hu\/#organization"},"potentialAction":[{"@type":"SearchAction","target":{"@type":"EntryPoint","urlTemplate":"https:\/\/sanatmetal.hu\/?s={search_term_string}"},"query-input":{"@type":"PropertyValueSpecification","valueRequired":true,"valueName":"search_term_string"}}],"inLanguage":"tr-TR"},{"@type":"Organization","@id":"https:\/\/sanatmetal.hu\/#organization","name":"Sanatmetal","url":"https:\/\/sanatmetal.hu\/","logo":{"@type":"ImageObject","inLanguage":"tr-TR","@id":"https:\/\/sanatmetal.hu\/#\/schema\/logo\/image\/","url":"https:\/\/sanatmetal.hu\/wp-content\/uploads\/2024\/10\/Nevtelen-terv-5-e1728647058747.png","contentUrl":"https:\/\/sanatmetal.hu\/wp-content\/uploads\/2024\/10\/Nevtelen-terv-5-e1728647058747.png","width":1410,"height":1293,"caption":"Sanatmetal"},"image":{"@id":"https:\/\/sanatmetal.hu\/#\/schema\/logo\/image\/"}}]}},"_links":{"self":[{"href":"https:\/\/sanatmetal.hu\/tr\/wp-json\/wp\/v2\/product\/17318","targetHints":{"allow":["GET"]}}],"collection":[{"href":"https:\/\/sanatmetal.hu\/tr\/wp-json\/wp\/v2\/product"}],"about":[{"href":"https:\/\/sanatmetal.hu\/tr\/wp-json\/wp\/v2\/types\/product"}],"wp:featuredmedia":[{"embeddable":true,"href":"https:\/\/sanatmetal.hu\/tr\/wp-json\/wp\/v2\/media\/17319"}],"wp:attachment":[{"href":"https:\/\/sanatmetal.hu\/tr\/wp-json\/wp\/v2\/media?parent=17318"}],"wp:term":[{"taxonomy":"product_brand","embeddable":true,"href":"https:\/\/sanatmetal.hu\/tr\/wp-json\/wp\/v2\/product_brand?post=17318"},{"taxonomy":"product_cat","embeddable":true,"href":"https:\/\/sanatmetal.hu\/tr\/wp-json\/wp\/v2\/product_cat?post=17318"},{"taxonomy":"product_tag","embeddable":true,"href":"https:\/\/sanatmetal.hu\/tr\/wp-json\/wp\/v2\/product_tag?post=17318"}],"curies":[{"name":"wp","href":"https:\/\/api.w.org\/{rel}","templated":true}]}}