{"id":17331,"date":"2020-03-04T11:35:17","date_gmt":"2020-03-04T11:35:17","guid":{"rendered":"https:\/\/sanatmetal.hu\/product\/swing-knee-prosthesis\/"},"modified":"2026-03-24T14:44:26","modified_gmt":"2026-03-24T13:44:26","slug":"swing-diz-protezi","status":"publish","type":"product","link":"https:\/\/sanatmetal.hu\/tr\/product\/swing-diz-protezi\/","title":{"rendered":"Swing diz protezi"},"content":{"rendered":"<p>Postoperatif a\u011fr\u0131y\u0131 belirgin \u015fekilde azaltt\u0131\u011f\u0131 kan\u0131tlanm\u0131\u015f, komplet bir diz protez sistemidir. \u00dcr\u00fcn 2007 y\u0131l\u0131ndan bu yana pazarda yer almakta olup 20.000\u2019den fazla implantasyonla kullan\u0131lmaktad\u0131r. Primer sistem, y\u00fcksek interkondiler tasar\u0131m\u0131 sayesinde periprostetik k\u0131r\u0131klar\u0131n \u00e7ivilenmesine olanak tan\u0131rken 155 derece fleksiyon sa\u011flar. Sistem, CR, PS ve CC versiyonlar\u0131yla komple bir yap\u0131ya sahiptir; ayr\u0131ca metal ve sement alerjisi olan hastalar i\u00e7in titanyum nitr\u00fcr kaplamal\u0131 ve sementsiz versiyonlar\u0131 da d\u00fc\u015f\u00fcn\u00fclm\u00fc\u015ft\u00fcr. Swing revizyon, CC sistemi ile parsiyel veya tam olarak uygulanabilmektedir.<\/p>\n","protected":false},"excerpt":{"rendered":"<p>Postoperatif a\u011fr\u0131y\u0131 belirgin \u015fekilde azaltt\u0131\u011f\u0131 kan\u0131tlanm\u0131\u015f, komplet bir diz protez sistemidir. \u00dcr\u00fcn 2007 y\u0131l\u0131ndan bu yana pazarda yer almakta olup 20.000\u2019den fazla implantasyonla kullan\u0131lmaktad\u0131r. Primer sistem, y\u00fcksek interkondiler tasar\u0131m\u0131 sayesinde periprostetik k\u0131r\u0131klar\u0131n \u00e7ivilenmesine olanak tan\u0131rken 155 derece fleksiyon sa\u011flar. Sistem, CR, PS ve CC versiyonlar\u0131yla komple bir yap\u0131ya sahiptir; ayr\u0131ca metal ve sement alerjisi olan [&hellip;]<\/p>\n","protected":false},"featured_media":17333,"template":"","meta":[],"product_brand":[],"product_cat":[1210],"product_tag":[],"class_list":{"0":"post-17331","1":"product","2":"type-product","3":"status-publish","4":"has-post-thumbnail","6":"product_cat-primer-diz","7":"testtaj-diz","8":"markanev-swing","10":"first","11":"instock","12":"shipping-taxable","13":"product-type-simple"},"yoast_head":"<!-- This site is optimized with the Yoast SEO plugin v27.2 - https:\/\/yoast.com\/product\/yoast-seo-wordpress\/ -->\n<title>Swing diz protezi - Sanatmetal<\/title>\n<meta name=\"robots\" content=\"index, follow, max-snippet:-1, max-image-preview:large, max-video-preview:-1\" \/>\n<link rel=\"canonical\" href=\"https:\/\/sanatmetal.hu\/tr\/urun\/swing-diz-protezi\/\" \/>\n<meta property=\"og:locale\" content=\"tr_TR\" \/>\n<meta property=\"og:type\" content=\"article\" \/>\n<meta property=\"og:title\" content=\"Swing diz protezi - Sanatmetal\" \/>\n<meta property=\"og:description\" content=\"Postoperatif a\u011fr\u0131y\u0131 belirgin \u015fekilde azaltt\u0131\u011f\u0131 kan\u0131tlanm\u0131\u015f, komplet bir diz protez sistemidir. \u00dcr\u00fcn 2007 y\u0131l\u0131ndan bu yana pazarda yer almakta olup 20.000\u2019den fazla implantasyonla kullan\u0131lmaktad\u0131r. Primer sistem, y\u00fcksek interkondiler tasar\u0131m\u0131 sayesinde periprostetik k\u0131r\u0131klar\u0131n \u00e7ivilenmesine olanak tan\u0131rken 155 derece fleksiyon sa\u011flar. Sistem, CR, PS ve CC versiyonlar\u0131yla komple bir yap\u0131ya sahiptir; ayr\u0131ca metal ve sement alerjisi olan [&hellip;]\" \/>\n<meta property=\"og:url\" content=\"https:\/\/sanatmetal.hu\/tr\/urun\/swing-diz-protezi\/\" \/>\n<meta property=\"og:site_name\" content=\"Sanatmetal\" \/>\n<meta property=\"article:modified_time\" content=\"2026-03-24T13:44:26+00:00\" \/>\n<meta property=\"og:image\" content=\"https:\/\/sanatmetal.hu\/wp-content\/uploads\/2020\/03\/157-scaled.webp\" \/>\n\t<meta property=\"og:image:width\" content=\"2560\" \/>\n\t<meta property=\"og:image:height\" content=\"1920\" \/>\n\t<meta property=\"og:image:type\" content=\"image\/jpeg\" \/>\n<meta name=\"twitter:card\" content=\"summary_large_image\" \/>\n<meta name=\"twitter:label1\" content=\"Est. reading time\" \/>\n\t<meta name=\"twitter:data1\" content=\"1 minute\" \/>\n<script type=\"application\/ld+json\" class=\"yoast-schema-graph\">{\"@context\":\"https:\/\/schema.org\",\"@graph\":[{\"@type\":\"WebPage\",\"@id\":\"https:\/\/sanatmetal.hu\/tr\/urun\/swing-diz-protezi\/\",\"url\":\"https:\/\/sanatmetal.hu\/tr\/urun\/swing-diz-protezi\/\",\"name\":\"Swing diz protezi - Sanatmetal\",\"isPartOf\":{\"@id\":\"https:\/\/sanatmetal.hu\/#website\"},\"primaryImageOfPage\":{\"@id\":\"https:\/\/sanatmetal.hu\/tr\/urun\/swing-diz-protezi\/#primaryimage\"},\"image\":{\"@id\":\"https:\/\/sanatmetal.hu\/tr\/urun\/swing-diz-protezi\/#primaryimage\"},\"thumbnailUrl\":\"https:\/\/sanatmetal.hu\/wp-content\/uploads\/2020\/03\/157-scaled.webp\",\"datePublished\":\"2020-03-04T11:35:17+00:00\",\"dateModified\":\"2026-03-24T13:44:26+00:00\",\"breadcrumb\":{\"@id\":\"https:\/\/sanatmetal.hu\/tr\/urun\/swing-diz-protezi\/#breadcrumb\"},\"inLanguage\":\"tr-TR\",\"potentialAction\":[{\"@type\":\"ReadAction\",\"target\":[\"https:\/\/sanatmetal.hu\/tr\/urun\/swing-diz-protezi\/\"]}]},{\"@type\":\"ImageObject\",\"inLanguage\":\"tr-TR\",\"@id\":\"https:\/\/sanatmetal.hu\/tr\/urun\/swing-diz-protezi\/#primaryimage\",\"url\":\"https:\/\/sanatmetal.hu\/wp-content\/uploads\/2020\/03\/157-scaled.webp\",\"contentUrl\":\"https:\/\/sanatmetal.hu\/wp-content\/uploads\/2020\/03\/157-scaled.webp\",\"width\":2560,\"height\":1920,\"caption\":\"sanat_swing_foto\u0301\"},{\"@type\":\"BreadcrumbList\",\"@id\":\"https:\/\/sanatmetal.hu\/tr\/urun\/swing-diz-protezi\/#breadcrumb\",\"itemListElement\":[{\"@type\":\"ListItem\",\"position\":1,\"name\":\"Home\",\"item\":\"https:\/\/sanatmetal.hu\/tr\/\"},{\"@type\":\"ListItem\",\"position\":2,\"name\":\"\u00dcr\u00fcnlerimiz\",\"item\":\"https:\/\/sanatmetal.hu\/tr\/urunlerimiz\/\"},{\"@type\":\"ListItem\",\"position\":3,\"name\":\"Swing diz protezi\"}]},{\"@type\":\"WebSite\",\"@id\":\"https:\/\/sanatmetal.hu\/#website\",\"url\":\"https:\/\/sanatmetal.hu\/\",\"name\":\"Sanatmetal\",\"description\":\"\",\"publisher\":{\"@id\":\"https:\/\/sanatmetal.hu\/#organization\"},\"potentialAction\":[{\"@type\":\"SearchAction\",\"target\":{\"@type\":\"EntryPoint\",\"urlTemplate\":\"https:\/\/sanatmetal.hu\/?s={search_term_string}\"},\"query-input\":{\"@type\":\"PropertyValueSpecification\",\"valueRequired\":true,\"valueName\":\"search_term_string\"}}],\"inLanguage\":\"tr-TR\"},{\"@type\":\"Organization\",\"@id\":\"https:\/\/sanatmetal.hu\/#organization\",\"name\":\"Sanatmetal\",\"url\":\"https:\/\/sanatmetal.hu\/\",\"logo\":{\"@type\":\"ImageObject\",\"inLanguage\":\"tr-TR\",\"@id\":\"https:\/\/sanatmetal.hu\/#\/schema\/logo\/image\/\",\"url\":\"https:\/\/sanatmetal.hu\/wp-content\/uploads\/2024\/10\/Nevtelen-terv-5-e1728647058747.png\",\"contentUrl\":\"https:\/\/sanatmetal.hu\/wp-content\/uploads\/2024\/10\/Nevtelen-terv-5-e1728647058747.png\",\"width\":1410,\"height\":1293,\"caption\":\"Sanatmetal\"},\"image\":{\"@id\":\"https:\/\/sanatmetal.hu\/#\/schema\/logo\/image\/\"}}]}<\/script>\n<!-- \/ Yoast SEO plugin. -->","yoast_head_json":{"title":"Swing diz protezi - Sanatmetal","robots":{"index":"index","follow":"follow","max-snippet":"max-snippet:-1","max-image-preview":"max-image-preview:large","max-video-preview":"max-video-preview:-1"},"canonical":"https:\/\/sanatmetal.hu\/tr\/urun\/swing-diz-protezi\/","og_locale":"tr_TR","og_type":"article","og_title":"Swing diz protezi - Sanatmetal","og_description":"Postoperatif a\u011fr\u0131y\u0131 belirgin \u015fekilde azaltt\u0131\u011f\u0131 kan\u0131tlanm\u0131\u015f, komplet bir diz protez sistemidir. \u00dcr\u00fcn 2007 y\u0131l\u0131ndan bu yana pazarda yer almakta olup 20.000\u2019den fazla implantasyonla kullan\u0131lmaktad\u0131r. Primer sistem, y\u00fcksek interkondiler tasar\u0131m\u0131 sayesinde periprostetik k\u0131r\u0131klar\u0131n \u00e7ivilenmesine olanak tan\u0131rken 155 derece fleksiyon sa\u011flar. Sistem, CR, PS ve CC versiyonlar\u0131yla komple bir yap\u0131ya sahiptir; ayr\u0131ca metal ve sement alerjisi olan [&hellip;]","og_url":"https:\/\/sanatmetal.hu\/tr\/urun\/swing-diz-protezi\/","og_site_name":"Sanatmetal","article_modified_time":"2026-03-24T13:44:26+00:00","og_image":[{"width":2560,"height":1920,"url":"https:\/\/sanatmetal.hu\/wp-content\/uploads\/2020\/03\/157-scaled.webp","type":"image\/jpeg"}],"twitter_card":"summary_large_image","twitter_misc":{"Est. reading time":"1 minute"},"schema":{"@context":"https:\/\/schema.org","@graph":[{"@type":"WebPage","@id":"https:\/\/sanatmetal.hu\/tr\/urun\/swing-diz-protezi\/","url":"https:\/\/sanatmetal.hu\/tr\/urun\/swing-diz-protezi\/","name":"Swing diz protezi - Sanatmetal","isPartOf":{"@id":"https:\/\/sanatmetal.hu\/#website"},"primaryImageOfPage":{"@id":"https:\/\/sanatmetal.hu\/tr\/urun\/swing-diz-protezi\/#primaryimage"},"image":{"@id":"https:\/\/sanatmetal.hu\/tr\/urun\/swing-diz-protezi\/#primaryimage"},"thumbnailUrl":"https:\/\/sanatmetal.hu\/wp-content\/uploads\/2020\/03\/157-scaled.webp","datePublished":"2020-03-04T11:35:17+00:00","dateModified":"2026-03-24T13:44:26+00:00","breadcrumb":{"@id":"https:\/\/sanatmetal.hu\/tr\/urun\/swing-diz-protezi\/#breadcrumb"},"inLanguage":"tr-TR","potentialAction":[{"@type":"ReadAction","target":["https:\/\/sanatmetal.hu\/tr\/urun\/swing-diz-protezi\/"]}]},{"@type":"ImageObject","inLanguage":"tr-TR","@id":"https:\/\/sanatmetal.hu\/tr\/urun\/swing-diz-protezi\/#primaryimage","url":"https:\/\/sanatmetal.hu\/wp-content\/uploads\/2020\/03\/157-scaled.webp","contentUrl":"https:\/\/sanatmetal.hu\/wp-content\/uploads\/2020\/03\/157-scaled.webp","width":2560,"height":1920,"caption":"sanat_swing_foto\u0301"},{"@type":"BreadcrumbList","@id":"https:\/\/sanatmetal.hu\/tr\/urun\/swing-diz-protezi\/#breadcrumb","itemListElement":[{"@type":"ListItem","position":1,"name":"Home","item":"https:\/\/sanatmetal.hu\/tr\/"},{"@type":"ListItem","position":2,"name":"\u00dcr\u00fcnlerimiz","item":"https:\/\/sanatmetal.hu\/tr\/urunlerimiz\/"},{"@type":"ListItem","position":3,"name":"Swing diz protezi"}]},{"@type":"WebSite","@id":"https:\/\/sanatmetal.hu\/#website","url":"https:\/\/sanatmetal.hu\/","name":"Sanatmetal","description":"","publisher":{"@id":"https:\/\/sanatmetal.hu\/#organization"},"potentialAction":[{"@type":"SearchAction","target":{"@type":"EntryPoint","urlTemplate":"https:\/\/sanatmetal.hu\/?s={search_term_string}"},"query-input":{"@type":"PropertyValueSpecification","valueRequired":true,"valueName":"search_term_string"}}],"inLanguage":"tr-TR"},{"@type":"Organization","@id":"https:\/\/sanatmetal.hu\/#organization","name":"Sanatmetal","url":"https:\/\/sanatmetal.hu\/","logo":{"@type":"ImageObject","inLanguage":"tr-TR","@id":"https:\/\/sanatmetal.hu\/#\/schema\/logo\/image\/","url":"https:\/\/sanatmetal.hu\/wp-content\/uploads\/2024\/10\/Nevtelen-terv-5-e1728647058747.png","contentUrl":"https:\/\/sanatmetal.hu\/wp-content\/uploads\/2024\/10\/Nevtelen-terv-5-e1728647058747.png","width":1410,"height":1293,"caption":"Sanatmetal"},"image":{"@id":"https:\/\/sanatmetal.hu\/#\/schema\/logo\/image\/"}}]}},"_links":{"self":[{"href":"https:\/\/sanatmetal.hu\/tr\/wp-json\/wp\/v2\/product\/17331","targetHints":{"allow":["GET"]}}],"collection":[{"href":"https:\/\/sanatmetal.hu\/tr\/wp-json\/wp\/v2\/product"}],"about":[{"href":"https:\/\/sanatmetal.hu\/tr\/wp-json\/wp\/v2\/types\/product"}],"wp:featuredmedia":[{"embeddable":true,"href":"https:\/\/sanatmetal.hu\/tr\/wp-json\/wp\/v2\/media\/17333"}],"wp:attachment":[{"href":"https:\/\/sanatmetal.hu\/tr\/wp-json\/wp\/v2\/media?parent=17331"}],"wp:term":[{"taxonomy":"product_brand","embeddable":true,"href":"https:\/\/sanatmetal.hu\/tr\/wp-json\/wp\/v2\/product_brand?post=17331"},{"taxonomy":"product_cat","embeddable":true,"href":"https:\/\/sanatmetal.hu\/tr\/wp-json\/wp\/v2\/product_cat?post=17331"},{"taxonomy":"product_tag","embeddable":true,"href":"https:\/\/sanatmetal.hu\/tr\/wp-json\/wp\/v2\/product_tag?post=17331"}],"curies":[{"name":"wp","href":"https:\/\/api.w.org\/{rel}","templated":true}]}}