{"id":17340,"date":"2020-03-04T11:32:00","date_gmt":"2020-03-04T11:32:00","guid":{"rendered":"https:\/\/sanatmetal.hu\/product\/pannon-reviision-cementless-prosthesis-stem\/"},"modified":"2026-03-24T14:50:15","modified_gmt":"2026-03-24T13:50:15","slug":"pannon-revizyonu-sementsiz-protez-stemi","status":"publish","type":"product","link":"https:\/\/sanatmetal.hu\/tr\/product\/pannon-revizyonu-sementsiz-protez-stemi\/","title":{"rendered":"Pannon revizyonu, sementsiz protez stemi"},"content":{"rendered":"<p>Sementli veya sementsiz Pannon revizyon stemleri, gerekti\u011finde primer stemlerin yerine kullan\u0131labilecek \u015fekilde geli\u015ftirilmi\u015ftir. Boyutlar 3\u201310 aras\u0131ndad\u0131r. Ba\u015flar, 12\/14 Eurocone ba\u011flant\u0131 arac\u0131l\u0131\u011f\u0131yla stemlere ba\u011flan\u0131r; 28 mm boyut mevcuttur ve daha b\u00fcy\u00fck boyutlar da bulunmaktad\u0131r. Hammadde olarak CoCr veya seramik kullan\u0131lmaktad\u0131r.<\/p>\n","protected":false},"excerpt":{"rendered":"<p>Sementli veya sementsiz Pannon revizyon stemleri, gerekti\u011finde primer stemlerin yerine kullan\u0131labilecek \u015fekilde geli\u015ftirilmi\u015ftir. Boyutlar 3\u201310 aras\u0131ndad\u0131r. Ba\u015flar, 12\/14 Eurocone ba\u011flant\u0131 arac\u0131l\u0131\u011f\u0131yla stemlere ba\u011flan\u0131r; 28 mm boyut mevcuttur ve daha b\u00fcy\u00fck boyutlar da bulunmaktad\u0131r. Hammadde olarak CoCr veya seramik kullan\u0131lmaktad\u0131r.<\/p>\n","protected":false},"featured_media":17342,"template":"","meta":[],"product_brand":[],"product_cat":[1211],"product_tag":[],"class_list":{"0":"post-17340","1":"product","2":"type-product","3":"status-publish","4":"has-post-thumbnail","6":"product_cat-revizyon-kalca-stemleri","7":"testtaj-kalca","8":"markanev-pannon","10":"first","11":"instock","12":"shipping-taxable","13":"product-type-simple"},"yoast_head":"<!-- This site is optimized with the Yoast SEO plugin v27.2 - https:\/\/yoast.com\/product\/yoast-seo-wordpress\/ -->\n<title>Pannon revizyonu, sementsiz protez stemi - Sanatmetal<\/title>\n<meta name=\"robots\" content=\"index, follow, max-snippet:-1, max-image-preview:large, max-video-preview:-1\" \/>\n<link rel=\"canonical\" href=\"https:\/\/sanatmetal.hu\/tr\/urun\/pannon-revizyonu-sementsiz-protez-stemi\/\" \/>\n<meta property=\"og:locale\" content=\"tr_TR\" \/>\n<meta property=\"og:type\" content=\"article\" \/>\n<meta property=\"og:title\" content=\"Pannon revizyonu, sementsiz protez stemi - Sanatmetal\" \/>\n<meta property=\"og:description\" content=\"Sementli veya sementsiz Pannon revizyon stemleri, gerekti\u011finde primer stemlerin yerine kullan\u0131labilecek \u015fekilde geli\u015ftirilmi\u015ftir. Boyutlar 3\u201310 aras\u0131ndad\u0131r. Ba\u015flar, 12\/14 Eurocone ba\u011flant\u0131 arac\u0131l\u0131\u011f\u0131yla stemlere ba\u011flan\u0131r; 28 mm boyut mevcuttur ve daha b\u00fcy\u00fck boyutlar da bulunmaktad\u0131r. Hammadde olarak CoCr veya seramik kullan\u0131lmaktad\u0131r.\" \/>\n<meta property=\"og:url\" content=\"https:\/\/sanatmetal.hu\/tr\/urun\/pannon-revizyonu-sementsiz-protez-stemi\/\" \/>\n<meta property=\"og:site_name\" content=\"Sanatmetal\" \/>\n<meta property=\"article:modified_time\" content=\"2026-03-24T13:50:15+00:00\" \/>\n<meta property=\"og:image\" content=\"https:\/\/sanatmetal.hu\/wp-content\/uploads\/2020\/03\/pannonrevtest-1.webp\" \/>\n\t<meta property=\"og:image:width\" content=\"2560\" \/>\n\t<meta property=\"og:image:height\" content=\"1980\" \/>\n\t<meta property=\"og:image:type\" content=\"image\/png\" \/>\n<meta name=\"twitter:card\" content=\"summary_large_image\" \/>\n<meta name=\"twitter:label1\" content=\"Est. reading time\" \/>\n\t<meta name=\"twitter:data1\" content=\"1 minute\" \/>\n<script type=\"application\/ld+json\" class=\"yoast-schema-graph\">{\"@context\":\"https:\/\/schema.org\",\"@graph\":[{\"@type\":\"WebPage\",\"@id\":\"https:\/\/sanatmetal.hu\/tr\/urun\/pannon-revizyonu-sementsiz-protez-stemi\/\",\"url\":\"https:\/\/sanatmetal.hu\/tr\/urun\/pannon-revizyonu-sementsiz-protez-stemi\/\",\"name\":\"Pannon revizyonu, sementsiz protez stemi - Sanatmetal\",\"isPartOf\":{\"@id\":\"https:\/\/sanatmetal.hu\/#website\"},\"primaryImageOfPage\":{\"@id\":\"https:\/\/sanatmetal.hu\/tr\/urun\/pannon-revizyonu-sementsiz-protez-stemi\/#primaryimage\"},\"image\":{\"@id\":\"https:\/\/sanatmetal.hu\/tr\/urun\/pannon-revizyonu-sementsiz-protez-stemi\/#primaryimage\"},\"thumbnailUrl\":\"https:\/\/sanatmetal.hu\/wp-content\/uploads\/2020\/03\/pannonrevtest-1.webp\",\"datePublished\":\"2020-03-04T11:32:00+00:00\",\"dateModified\":\"2026-03-24T13:50:15+00:00\",\"breadcrumb\":{\"@id\":\"https:\/\/sanatmetal.hu\/tr\/urun\/pannon-revizyonu-sementsiz-protez-stemi\/#breadcrumb\"},\"inLanguage\":\"tr-TR\",\"potentialAction\":[{\"@type\":\"ReadAction\",\"target\":[\"https:\/\/sanatmetal.hu\/tr\/urun\/pannon-revizyonu-sementsiz-protez-stemi\/\"]}]},{\"@type\":\"ImageObject\",\"inLanguage\":\"tr-TR\",\"@id\":\"https:\/\/sanatmetal.hu\/tr\/urun\/pannon-revizyonu-sementsiz-protez-stemi\/#primaryimage\",\"url\":\"https:\/\/sanatmetal.hu\/wp-content\/uploads\/2020\/03\/pannonrevtest-1.webp\",\"contentUrl\":\"https:\/\/sanatmetal.hu\/wp-content\/uploads\/2020\/03\/pannonrevtest-1.webp\",\"width\":2560,\"height\":1980},{\"@type\":\"BreadcrumbList\",\"@id\":\"https:\/\/sanatmetal.hu\/tr\/urun\/pannon-revizyonu-sementsiz-protez-stemi\/#breadcrumb\",\"itemListElement\":[{\"@type\":\"ListItem\",\"position\":1,\"name\":\"Home\",\"item\":\"https:\/\/sanatmetal.hu\/tr\/\"},{\"@type\":\"ListItem\",\"position\":2,\"name\":\"\u00dcr\u00fcnlerimiz\",\"item\":\"https:\/\/sanatmetal.hu\/tr\/urunlerimiz\/\"},{\"@type\":\"ListItem\",\"position\":3,\"name\":\"Pannon revizyonu, sementsiz protez stemi\"}]},{\"@type\":\"WebSite\",\"@id\":\"https:\/\/sanatmetal.hu\/#website\",\"url\":\"https:\/\/sanatmetal.hu\/\",\"name\":\"Sanatmetal\",\"description\":\"\",\"publisher\":{\"@id\":\"https:\/\/sanatmetal.hu\/#organization\"},\"potentialAction\":[{\"@type\":\"SearchAction\",\"target\":{\"@type\":\"EntryPoint\",\"urlTemplate\":\"https:\/\/sanatmetal.hu\/?s={search_term_string}\"},\"query-input\":{\"@type\":\"PropertyValueSpecification\",\"valueRequired\":true,\"valueName\":\"search_term_string\"}}],\"inLanguage\":\"tr-TR\"},{\"@type\":\"Organization\",\"@id\":\"https:\/\/sanatmetal.hu\/#organization\",\"name\":\"Sanatmetal\",\"url\":\"https:\/\/sanatmetal.hu\/\",\"logo\":{\"@type\":\"ImageObject\",\"inLanguage\":\"tr-TR\",\"@id\":\"https:\/\/sanatmetal.hu\/#\/schema\/logo\/image\/\",\"url\":\"https:\/\/sanatmetal.hu\/wp-content\/uploads\/2024\/10\/Nevtelen-terv-5-e1728647058747.png\",\"contentUrl\":\"https:\/\/sanatmetal.hu\/wp-content\/uploads\/2024\/10\/Nevtelen-terv-5-e1728647058747.png\",\"width\":1410,\"height\":1293,\"caption\":\"Sanatmetal\"},\"image\":{\"@id\":\"https:\/\/sanatmetal.hu\/#\/schema\/logo\/image\/\"}}]}<\/script>\n<!-- \/ Yoast SEO plugin. -->","yoast_head_json":{"title":"Pannon revizyonu, sementsiz protez stemi - Sanatmetal","robots":{"index":"index","follow":"follow","max-snippet":"max-snippet:-1","max-image-preview":"max-image-preview:large","max-video-preview":"max-video-preview:-1"},"canonical":"https:\/\/sanatmetal.hu\/tr\/urun\/pannon-revizyonu-sementsiz-protez-stemi\/","og_locale":"tr_TR","og_type":"article","og_title":"Pannon revizyonu, sementsiz protez stemi - Sanatmetal","og_description":"Sementli veya sementsiz Pannon revizyon stemleri, gerekti\u011finde primer stemlerin yerine kullan\u0131labilecek \u015fekilde geli\u015ftirilmi\u015ftir. Boyutlar 3\u201310 aras\u0131ndad\u0131r. Ba\u015flar, 12\/14 Eurocone ba\u011flant\u0131 arac\u0131l\u0131\u011f\u0131yla stemlere ba\u011flan\u0131r; 28 mm boyut mevcuttur ve daha b\u00fcy\u00fck boyutlar da bulunmaktad\u0131r. Hammadde olarak CoCr veya seramik kullan\u0131lmaktad\u0131r.","og_url":"https:\/\/sanatmetal.hu\/tr\/urun\/pannon-revizyonu-sementsiz-protez-stemi\/","og_site_name":"Sanatmetal","article_modified_time":"2026-03-24T13:50:15+00:00","og_image":[{"width":2560,"height":1980,"url":"https:\/\/sanatmetal.hu\/wp-content\/uploads\/2020\/03\/pannonrevtest-1.webp","type":"image\/png"}],"twitter_card":"summary_large_image","twitter_misc":{"Est. reading time":"1 minute"},"schema":{"@context":"https:\/\/schema.org","@graph":[{"@type":"WebPage","@id":"https:\/\/sanatmetal.hu\/tr\/urun\/pannon-revizyonu-sementsiz-protez-stemi\/","url":"https:\/\/sanatmetal.hu\/tr\/urun\/pannon-revizyonu-sementsiz-protez-stemi\/","name":"Pannon revizyonu, sementsiz protez stemi - Sanatmetal","isPartOf":{"@id":"https:\/\/sanatmetal.hu\/#website"},"primaryImageOfPage":{"@id":"https:\/\/sanatmetal.hu\/tr\/urun\/pannon-revizyonu-sementsiz-protez-stemi\/#primaryimage"},"image":{"@id":"https:\/\/sanatmetal.hu\/tr\/urun\/pannon-revizyonu-sementsiz-protez-stemi\/#primaryimage"},"thumbnailUrl":"https:\/\/sanatmetal.hu\/wp-content\/uploads\/2020\/03\/pannonrevtest-1.webp","datePublished":"2020-03-04T11:32:00+00:00","dateModified":"2026-03-24T13:50:15+00:00","breadcrumb":{"@id":"https:\/\/sanatmetal.hu\/tr\/urun\/pannon-revizyonu-sementsiz-protez-stemi\/#breadcrumb"},"inLanguage":"tr-TR","potentialAction":[{"@type":"ReadAction","target":["https:\/\/sanatmetal.hu\/tr\/urun\/pannon-revizyonu-sementsiz-protez-stemi\/"]}]},{"@type":"ImageObject","inLanguage":"tr-TR","@id":"https:\/\/sanatmetal.hu\/tr\/urun\/pannon-revizyonu-sementsiz-protez-stemi\/#primaryimage","url":"https:\/\/sanatmetal.hu\/wp-content\/uploads\/2020\/03\/pannonrevtest-1.webp","contentUrl":"https:\/\/sanatmetal.hu\/wp-content\/uploads\/2020\/03\/pannonrevtest-1.webp","width":2560,"height":1980},{"@type":"BreadcrumbList","@id":"https:\/\/sanatmetal.hu\/tr\/urun\/pannon-revizyonu-sementsiz-protez-stemi\/#breadcrumb","itemListElement":[{"@type":"ListItem","position":1,"name":"Home","item":"https:\/\/sanatmetal.hu\/tr\/"},{"@type":"ListItem","position":2,"name":"\u00dcr\u00fcnlerimiz","item":"https:\/\/sanatmetal.hu\/tr\/urunlerimiz\/"},{"@type":"ListItem","position":3,"name":"Pannon revizyonu, sementsiz protez stemi"}]},{"@type":"WebSite","@id":"https:\/\/sanatmetal.hu\/#website","url":"https:\/\/sanatmetal.hu\/","name":"Sanatmetal","description":"","publisher":{"@id":"https:\/\/sanatmetal.hu\/#organization"},"potentialAction":[{"@type":"SearchAction","target":{"@type":"EntryPoint","urlTemplate":"https:\/\/sanatmetal.hu\/?s={search_term_string}"},"query-input":{"@type":"PropertyValueSpecification","valueRequired":true,"valueName":"search_term_string"}}],"inLanguage":"tr-TR"},{"@type":"Organization","@id":"https:\/\/sanatmetal.hu\/#organization","name":"Sanatmetal","url":"https:\/\/sanatmetal.hu\/","logo":{"@type":"ImageObject","inLanguage":"tr-TR","@id":"https:\/\/sanatmetal.hu\/#\/schema\/logo\/image\/","url":"https:\/\/sanatmetal.hu\/wp-content\/uploads\/2024\/10\/Nevtelen-terv-5-e1728647058747.png","contentUrl":"https:\/\/sanatmetal.hu\/wp-content\/uploads\/2024\/10\/Nevtelen-terv-5-e1728647058747.png","width":1410,"height":1293,"caption":"Sanatmetal"},"image":{"@id":"https:\/\/sanatmetal.hu\/#\/schema\/logo\/image\/"}}]}},"_links":{"self":[{"href":"https:\/\/sanatmetal.hu\/tr\/wp-json\/wp\/v2\/product\/17340","targetHints":{"allow":["GET"]}}],"collection":[{"href":"https:\/\/sanatmetal.hu\/tr\/wp-json\/wp\/v2\/product"}],"about":[{"href":"https:\/\/sanatmetal.hu\/tr\/wp-json\/wp\/v2\/types\/product"}],"wp:featuredmedia":[{"embeddable":true,"href":"https:\/\/sanatmetal.hu\/tr\/wp-json\/wp\/v2\/media\/17342"}],"wp:attachment":[{"href":"https:\/\/sanatmetal.hu\/tr\/wp-json\/wp\/v2\/media?parent=17340"}],"wp:term":[{"taxonomy":"product_brand","embeddable":true,"href":"https:\/\/sanatmetal.hu\/tr\/wp-json\/wp\/v2\/product_brand?post=17340"},{"taxonomy":"product_cat","embeddable":true,"href":"https:\/\/sanatmetal.hu\/tr\/wp-json\/wp\/v2\/product_cat?post=17340"},{"taxonomy":"product_tag","embeddable":true,"href":"https:\/\/sanatmetal.hu\/tr\/wp-json\/wp\/v2\/product_tag?post=17340"}],"curies":[{"name":"wp","href":"https:\/\/api.w.org\/{rel}","templated":true}]}}