{"id":17345,"date":"2020-03-04T11:31:13","date_gmt":"2020-03-04T11:31:13","guid":{"rendered":"https:\/\/sanatmetal.hu\/product\/pannon-cementless-lateralized-prosthesis-stem\/"},"modified":"2026-03-24T15:10:36","modified_gmt":"2026-03-24T14:10:36","slug":"pannon-sementsiz-lateralize-protez-stemi","status":"publish","type":"product","link":"https:\/\/sanatmetal.hu\/tr\/product\/pannon-sementsiz-lateralize-protez-stemi\/","title":{"rendered":"Pannon sementsiz, lateralize protez stemi"},"content":{"rendered":"<p>\u00c7ift kama formuna sahip, kan\u0131tlanm\u0131\u015f M\u00fcller geometrili stemler; 125 derecelik CCD a\u00e7\u0131s\u0131yla sementli ve sementsiz versiyonlarda sunulmaktad\u0131r. Kullan\u0131lan hammaddelerin y\u00fcksek yorulma ve a\u015f\u0131nma direnci sa\u011flad\u0131\u011f\u0131 kan\u0131tlanm\u0131\u015ft\u0131r; sementli stem REX \u00e7eli\u011finden, sementsiz stem ise titanyumdan \u00fcretilmektedir. Sementsiz y\u00fczey, titanyum plazma veya hidroksiapatit ile mikropor\u00f6z yap\u0131da haz\u0131rlanabilmektedir. Geni\u015f stem yelpazesi ve deneme stemi olarak da i\u015flev g\u00f6rebilen rasp\u2019lar sayesinde bu enstr\u00fcman seti modern kal\u00e7a sistemlerinden biridir. Ba\u015flar, stemlere 12\/14 Eurocone ba\u011flant\u0131 ile ba\u011flan\u0131r; 28 mm boyutun yan\u0131 s\u0131ra daha b\u00fcy\u00fck boyutlar da mevcuttur. Hammadde olarak CoCr veya seramik kullan\u0131lmaktad\u0131r.<\/p>\n<p>&nbsp;<\/p>\n<p>&nbsp;<\/p>\n","protected":false},"excerpt":{"rendered":"<p>\u00c7ift kama formuna sahip, kan\u0131tlanm\u0131\u015f M\u00fcller geometrili stemler; 125 derecelik CCD a\u00e7\u0131s\u0131yla sementli ve sementsiz versiyonlarda sunulmaktad\u0131r. Kullan\u0131lan hammaddelerin y\u00fcksek yorulma ve a\u015f\u0131nma direnci sa\u011flad\u0131\u011f\u0131 kan\u0131tlanm\u0131\u015ft\u0131r; sementli stem REX \u00e7eli\u011finden, sementsiz stem ise titanyumdan \u00fcretilmektedir. Sementsiz y\u00fczey, titanyum plazma veya hidroksiapatit ile mikropor\u00f6z yap\u0131da haz\u0131rlanabilmektedir. Geni\u015f stem yelpazesi ve deneme stemi olarak da i\u015flev g\u00f6rebilen [&hellip;]<\/p>\n","protected":false},"featured_media":17346,"template":"","meta":[],"product_brand":[],"product_cat":[1213],"product_tag":[],"class_list":{"0":"post-17345","1":"product","2":"type-product","3":"status-publish","4":"has-post-thumbnail","6":"product_cat-primer-kalca-stemleri","7":"testtaj-kalca","8":"markanev-pannon","10":"first","11":"instock","12":"shipping-taxable","13":"product-type-simple"},"yoast_head":"<!-- This site is optimized with the Yoast SEO plugin v27.2 - https:\/\/yoast.com\/product\/yoast-seo-wordpress\/ -->\n<title>Pannon sementsiz, lateralize protez stemi - Sanatmetal<\/title>\n<meta name=\"robots\" content=\"index, follow, max-snippet:-1, max-image-preview:large, max-video-preview:-1\" \/>\n<link rel=\"canonical\" href=\"https:\/\/sanatmetal.hu\/tr\/urun\/pannon-sementsiz-lateralize-protez-stemi\/\" \/>\n<meta property=\"og:locale\" content=\"tr_TR\" \/>\n<meta property=\"og:type\" content=\"article\" \/>\n<meta property=\"og:title\" content=\"Pannon sementsiz, lateralize protez stemi - Sanatmetal\" \/>\n<meta property=\"og:description\" content=\"\u00c7ift kama formuna sahip, kan\u0131tlanm\u0131\u015f M\u00fcller geometrili stemler; 125 derecelik CCD a\u00e7\u0131s\u0131yla sementli ve sementsiz versiyonlarda sunulmaktad\u0131r. Kullan\u0131lan hammaddelerin y\u00fcksek yorulma ve a\u015f\u0131nma direnci sa\u011flad\u0131\u011f\u0131 kan\u0131tlanm\u0131\u015ft\u0131r; sementli stem REX \u00e7eli\u011finden, sementsiz stem ise titanyumdan \u00fcretilmektedir. Sementsiz y\u00fczey, titanyum plazma veya hidroksiapatit ile mikropor\u00f6z yap\u0131da haz\u0131rlanabilmektedir. Geni\u015f stem yelpazesi ve deneme stemi olarak da i\u015flev g\u00f6rebilen [&hellip;]\" \/>\n<meta property=\"og:url\" content=\"https:\/\/sanatmetal.hu\/tr\/urun\/pannon-sementsiz-lateralize-protez-stemi\/\" \/>\n<meta property=\"og:site_name\" content=\"Sanatmetal\" \/>\n<meta property=\"article:modified_time\" content=\"2026-03-24T14:10:36+00:00\" \/>\n<meta property=\"og:image\" content=\"https:\/\/sanatmetal.hu\/wp-content\/uploads\/2020\/03\/pannoncllattest.webp\" \/>\n\t<meta property=\"og:image:width\" content=\"2560\" \/>\n\t<meta property=\"og:image:height\" content=\"1980\" \/>\n\t<meta property=\"og:image:type\" content=\"image\/png\" \/>\n<meta name=\"twitter:card\" content=\"summary_large_image\" \/>\n<meta name=\"twitter:label1\" content=\"Est. reading time\" \/>\n\t<meta name=\"twitter:data1\" content=\"1 minute\" \/>\n<script type=\"application\/ld+json\" class=\"yoast-schema-graph\">{\"@context\":\"https:\/\/schema.org\",\"@graph\":[{\"@type\":\"WebPage\",\"@id\":\"https:\/\/sanatmetal.hu\/tr\/urun\/pannon-sementsiz-lateralize-protez-stemi\/\",\"url\":\"https:\/\/sanatmetal.hu\/tr\/urun\/pannon-sementsiz-lateralize-protez-stemi\/\",\"name\":\"Pannon sementsiz, lateralize protez stemi - Sanatmetal\",\"isPartOf\":{\"@id\":\"https:\/\/sanatmetal.hu\/#website\"},\"primaryImageOfPage\":{\"@id\":\"https:\/\/sanatmetal.hu\/tr\/urun\/pannon-sementsiz-lateralize-protez-stemi\/#primaryimage\"},\"image\":{\"@id\":\"https:\/\/sanatmetal.hu\/tr\/urun\/pannon-sementsiz-lateralize-protez-stemi\/#primaryimage\"},\"thumbnailUrl\":\"https:\/\/sanatmetal.hu\/wp-content\/uploads\/2020\/03\/pannoncllattest.webp\",\"datePublished\":\"2020-03-04T11:31:13+00:00\",\"dateModified\":\"2026-03-24T14:10:36+00:00\",\"breadcrumb\":{\"@id\":\"https:\/\/sanatmetal.hu\/tr\/urun\/pannon-sementsiz-lateralize-protez-stemi\/#breadcrumb\"},\"inLanguage\":\"tr-TR\",\"potentialAction\":[{\"@type\":\"ReadAction\",\"target\":[\"https:\/\/sanatmetal.hu\/tr\/urun\/pannon-sementsiz-lateralize-protez-stemi\/\"]}]},{\"@type\":\"ImageObject\",\"inLanguage\":\"tr-TR\",\"@id\":\"https:\/\/sanatmetal.hu\/tr\/urun\/pannon-sementsiz-lateralize-protez-stemi\/#primaryimage\",\"url\":\"https:\/\/sanatmetal.hu\/wp-content\/uploads\/2020\/03\/pannoncllattest.webp\",\"contentUrl\":\"https:\/\/sanatmetal.hu\/wp-content\/uploads\/2020\/03\/pannoncllattest.webp\",\"width\":2560,\"height\":1980},{\"@type\":\"BreadcrumbList\",\"@id\":\"https:\/\/sanatmetal.hu\/tr\/urun\/pannon-sementsiz-lateralize-protez-stemi\/#breadcrumb\",\"itemListElement\":[{\"@type\":\"ListItem\",\"position\":1,\"name\":\"Home\",\"item\":\"https:\/\/sanatmetal.hu\/tr\/\"},{\"@type\":\"ListItem\",\"position\":2,\"name\":\"\u00dcr\u00fcnlerimiz\",\"item\":\"https:\/\/sanatmetal.hu\/tr\/urunlerimiz\/\"},{\"@type\":\"ListItem\",\"position\":3,\"name\":\"Pannon sementsiz, lateralize protez stemi\"}]},{\"@type\":\"WebSite\",\"@id\":\"https:\/\/sanatmetal.hu\/#website\",\"url\":\"https:\/\/sanatmetal.hu\/\",\"name\":\"Sanatmetal\",\"description\":\"\",\"publisher\":{\"@id\":\"https:\/\/sanatmetal.hu\/#organization\"},\"potentialAction\":[{\"@type\":\"SearchAction\",\"target\":{\"@type\":\"EntryPoint\",\"urlTemplate\":\"https:\/\/sanatmetal.hu\/?s={search_term_string}\"},\"query-input\":{\"@type\":\"PropertyValueSpecification\",\"valueRequired\":true,\"valueName\":\"search_term_string\"}}],\"inLanguage\":\"tr-TR\"},{\"@type\":\"Organization\",\"@id\":\"https:\/\/sanatmetal.hu\/#organization\",\"name\":\"Sanatmetal\",\"url\":\"https:\/\/sanatmetal.hu\/\",\"logo\":{\"@type\":\"ImageObject\",\"inLanguage\":\"tr-TR\",\"@id\":\"https:\/\/sanatmetal.hu\/#\/schema\/logo\/image\/\",\"url\":\"https:\/\/sanatmetal.hu\/wp-content\/uploads\/2024\/10\/Nevtelen-terv-5-e1728647058747.png\",\"contentUrl\":\"https:\/\/sanatmetal.hu\/wp-content\/uploads\/2024\/10\/Nevtelen-terv-5-e1728647058747.png\",\"width\":1410,\"height\":1293,\"caption\":\"Sanatmetal\"},\"image\":{\"@id\":\"https:\/\/sanatmetal.hu\/#\/schema\/logo\/image\/\"}}]}<\/script>\n<!-- \/ Yoast SEO plugin. -->","yoast_head_json":{"title":"Pannon sementsiz, lateralize protez stemi - Sanatmetal","robots":{"index":"index","follow":"follow","max-snippet":"max-snippet:-1","max-image-preview":"max-image-preview:large","max-video-preview":"max-video-preview:-1"},"canonical":"https:\/\/sanatmetal.hu\/tr\/urun\/pannon-sementsiz-lateralize-protez-stemi\/","og_locale":"tr_TR","og_type":"article","og_title":"Pannon sementsiz, lateralize protez stemi - Sanatmetal","og_description":"\u00c7ift kama formuna sahip, kan\u0131tlanm\u0131\u015f M\u00fcller geometrili stemler; 125 derecelik CCD a\u00e7\u0131s\u0131yla sementli ve sementsiz versiyonlarda sunulmaktad\u0131r. Kullan\u0131lan hammaddelerin y\u00fcksek yorulma ve a\u015f\u0131nma direnci sa\u011flad\u0131\u011f\u0131 kan\u0131tlanm\u0131\u015ft\u0131r; sementli stem REX \u00e7eli\u011finden, sementsiz stem ise titanyumdan \u00fcretilmektedir. Sementsiz y\u00fczey, titanyum plazma veya hidroksiapatit ile mikropor\u00f6z yap\u0131da haz\u0131rlanabilmektedir. Geni\u015f stem yelpazesi ve deneme stemi olarak da i\u015flev g\u00f6rebilen [&hellip;]","og_url":"https:\/\/sanatmetal.hu\/tr\/urun\/pannon-sementsiz-lateralize-protez-stemi\/","og_site_name":"Sanatmetal","article_modified_time":"2026-03-24T14:10:36+00:00","og_image":[{"width":2560,"height":1980,"url":"https:\/\/sanatmetal.hu\/wp-content\/uploads\/2020\/03\/pannoncllattest.webp","type":"image\/png"}],"twitter_card":"summary_large_image","twitter_misc":{"Est. reading time":"1 minute"},"schema":{"@context":"https:\/\/schema.org","@graph":[{"@type":"WebPage","@id":"https:\/\/sanatmetal.hu\/tr\/urun\/pannon-sementsiz-lateralize-protez-stemi\/","url":"https:\/\/sanatmetal.hu\/tr\/urun\/pannon-sementsiz-lateralize-protez-stemi\/","name":"Pannon sementsiz, lateralize protez stemi - Sanatmetal","isPartOf":{"@id":"https:\/\/sanatmetal.hu\/#website"},"primaryImageOfPage":{"@id":"https:\/\/sanatmetal.hu\/tr\/urun\/pannon-sementsiz-lateralize-protez-stemi\/#primaryimage"},"image":{"@id":"https:\/\/sanatmetal.hu\/tr\/urun\/pannon-sementsiz-lateralize-protez-stemi\/#primaryimage"},"thumbnailUrl":"https:\/\/sanatmetal.hu\/wp-content\/uploads\/2020\/03\/pannoncllattest.webp","datePublished":"2020-03-04T11:31:13+00:00","dateModified":"2026-03-24T14:10:36+00:00","breadcrumb":{"@id":"https:\/\/sanatmetal.hu\/tr\/urun\/pannon-sementsiz-lateralize-protez-stemi\/#breadcrumb"},"inLanguage":"tr-TR","potentialAction":[{"@type":"ReadAction","target":["https:\/\/sanatmetal.hu\/tr\/urun\/pannon-sementsiz-lateralize-protez-stemi\/"]}]},{"@type":"ImageObject","inLanguage":"tr-TR","@id":"https:\/\/sanatmetal.hu\/tr\/urun\/pannon-sementsiz-lateralize-protez-stemi\/#primaryimage","url":"https:\/\/sanatmetal.hu\/wp-content\/uploads\/2020\/03\/pannoncllattest.webp","contentUrl":"https:\/\/sanatmetal.hu\/wp-content\/uploads\/2020\/03\/pannoncllattest.webp","width":2560,"height":1980},{"@type":"BreadcrumbList","@id":"https:\/\/sanatmetal.hu\/tr\/urun\/pannon-sementsiz-lateralize-protez-stemi\/#breadcrumb","itemListElement":[{"@type":"ListItem","position":1,"name":"Home","item":"https:\/\/sanatmetal.hu\/tr\/"},{"@type":"ListItem","position":2,"name":"\u00dcr\u00fcnlerimiz","item":"https:\/\/sanatmetal.hu\/tr\/urunlerimiz\/"},{"@type":"ListItem","position":3,"name":"Pannon sementsiz, lateralize protez stemi"}]},{"@type":"WebSite","@id":"https:\/\/sanatmetal.hu\/#website","url":"https:\/\/sanatmetal.hu\/","name":"Sanatmetal","description":"","publisher":{"@id":"https:\/\/sanatmetal.hu\/#organization"},"potentialAction":[{"@type":"SearchAction","target":{"@type":"EntryPoint","urlTemplate":"https:\/\/sanatmetal.hu\/?s={search_term_string}"},"query-input":{"@type":"PropertyValueSpecification","valueRequired":true,"valueName":"search_term_string"}}],"inLanguage":"tr-TR"},{"@type":"Organization","@id":"https:\/\/sanatmetal.hu\/#organization","name":"Sanatmetal","url":"https:\/\/sanatmetal.hu\/","logo":{"@type":"ImageObject","inLanguage":"tr-TR","@id":"https:\/\/sanatmetal.hu\/#\/schema\/logo\/image\/","url":"https:\/\/sanatmetal.hu\/wp-content\/uploads\/2024\/10\/Nevtelen-terv-5-e1728647058747.png","contentUrl":"https:\/\/sanatmetal.hu\/wp-content\/uploads\/2024\/10\/Nevtelen-terv-5-e1728647058747.png","width":1410,"height":1293,"caption":"Sanatmetal"},"image":{"@id":"https:\/\/sanatmetal.hu\/#\/schema\/logo\/image\/"}}]}},"_links":{"self":[{"href":"https:\/\/sanatmetal.hu\/tr\/wp-json\/wp\/v2\/product\/17345","targetHints":{"allow":["GET"]}}],"collection":[{"href":"https:\/\/sanatmetal.hu\/tr\/wp-json\/wp\/v2\/product"}],"about":[{"href":"https:\/\/sanatmetal.hu\/tr\/wp-json\/wp\/v2\/types\/product"}],"wp:featuredmedia":[{"embeddable":true,"href":"https:\/\/sanatmetal.hu\/tr\/wp-json\/wp\/v2\/media\/17346"}],"wp:attachment":[{"href":"https:\/\/sanatmetal.hu\/tr\/wp-json\/wp\/v2\/media?parent=17345"}],"wp:term":[{"taxonomy":"product_brand","embeddable":true,"href":"https:\/\/sanatmetal.hu\/tr\/wp-json\/wp\/v2\/product_brand?post=17345"},{"taxonomy":"product_cat","embeddable":true,"href":"https:\/\/sanatmetal.hu\/tr\/wp-json\/wp\/v2\/product_cat?post=17345"},{"taxonomy":"product_tag","embeddable":true,"href":"https:\/\/sanatmetal.hu\/tr\/wp-json\/wp\/v2\/product_tag?post=17345"}],"curies":[{"name":"wp","href":"https:\/\/api.w.org\/{rel}","templated":true}]}}