{"id":17352,"date":"2020-03-04T11:30:08","date_gmt":"2020-03-04T11:30:08","guid":{"rendered":"https:\/\/sanatmetal.hu\/product\/pannon-cementless-prosthesis-stem\/"},"modified":"2026-03-24T14:57:31","modified_gmt":"2026-03-24T13:57:31","slug":"pannon-sementsiz-protez-stemi","status":"publish","type":"product","link":"https:\/\/sanatmetal.hu\/tr\/product\/pannon-sementsiz-protez-stemi\/","title":{"rendered":"Pannon sementsiz protez stemi"},"content":{"rendered":"<div class=\"flex flex-col text-sm pb-25\">\n<section class=\"text-token-text-primary w-full focus:outline-none [--shadow-height:45px] has-data-writing-block:pointer-events-none has-data-writing-block:-mt-(--shadow-height) has-data-writing-block:pt-(--shadow-height) [&amp;:has([data-writing-block])&gt;*]:pointer-events-auto scroll-mt-[calc(var(--header-height)+min(200px,max(70px,20svh)))]\" dir=\"auto\" data-turn-id=\"request-69c13ede-bb8c-838c-8733-afde1dc3239f-38\" data-testid=\"conversation-turn-160\" data-scroll-anchor=\"true\" data-turn=\"assistant\">\n<div class=\"text-base my-auto mx-auto pb-10 [--thread-content-margin:var(--thread-content-margin-xs,calc(var(--spacing)*4))] @w-sm\/main:[--thread-content-margin:var(--thread-content-margin-sm,calc(var(--spacing)*6))] @w-lg\/main:[--thread-content-margin:var(--thread-content-margin-lg,calc(var(--spacing)*16))] px-(--thread-content-margin)\">\n<div class=\"[--thread-content-max-width:40rem] @w-lg\/main:[--thread-content-max-width:48rem] mx-auto max-w-(--thread-content-max-width) flex-1 group\/turn-messages focus-visible:outline-hidden relative flex w-full min-w-0 flex-col agent-turn\">\n<div class=\"flex max-w-full flex-col gap-4 grow\">\n<div class=\"min-h-8 text-message relative flex w-full flex-col items-end gap-2 text-start break-words whitespace-normal outline-none keyboard-focused:focus-ring [.text-message+&amp;]:mt-1\" dir=\"auto\" tabindex=\"0\" data-message-author-role=\"assistant\" data-message-id=\"01f65bf6-12e0-429f-ab07-24253ec0269d\" data-message-model-slug=\"gpt-5-4-thinking\" data-turn-start-message=\"true\">\n<div class=\"flex w-full flex-col gap-1 empty:hidden\">\n<div class=\"markdown prose dark:prose-invert w-full wrap-break-word dark markdown-new-styling\">\n<p data-start=\"35\" data-end=\"795\" data-is-last-node=\"\" data-is-only-node=\"\">\u00c7ift kama formuna sahip, kan\u0131tlanm\u0131\u015f M\u00fcller geometrili stemler; 135 derecelik standart CCD a\u00e7\u0131s\u0131yla sementli, sementsiz, lateralize (125 derecelik CCD a\u00e7\u0131s\u0131) ve revizyon versiyonlar\u0131nda sunulmaktad\u0131r. Kullan\u0131lan hammaddelerin y\u00fcksek yorulma ve a\u015f\u0131nma direnci sa\u011flad\u0131\u011f\u0131 kan\u0131tlanm\u0131\u015ft\u0131r; sementli stem REX \u00e7eli\u011finden, sementsiz stem ise titanyumdan \u00fcretilmektedir. Sementsiz y\u00fczey, titanyum plazma veya hidroksiapatit ile mikropor\u00f6z yap\u0131da haz\u0131rlanabilmektedir. Geni\u015f stem yelpazesi ve deneme stemi olarak da i\u015flev g\u00f6rebilen rasp\u2019lar sayesinde bu enstr\u00fcman seti modern kal\u00e7a sistemlerinden biridir. Ba\u015flar, stemlere 12\/14 Eurocone ba\u011flant\u0131 ile ba\u011flan\u0131r; 28 mm boyutun yan\u0131 s\u0131ra daha b\u00fcy\u00fck boyutlar da mevcuttur. Hammadde olarak CoCr veya seramik kullan\u0131lmaktad\u0131r.<\/p>\n<\/div>\n<\/div>\n<\/div>\n<\/div>\n<div class=\"z-0 flex min-h-[46px] justify-start\"><\/div>\n<\/div>\n<\/div>\n<\/section>\n<\/div>\n<p>&nbsp;<\/p>\n","protected":false},"excerpt":{"rendered":"<p>\u00c7ift kama formuna sahip, kan\u0131tlanm\u0131\u015f M\u00fcller geometrili stemler; 135 derecelik standart CCD a\u00e7\u0131s\u0131yla sementli, sementsiz, lateralize (125 derecelik CCD a\u00e7\u0131s\u0131) ve revizyon versiyonlar\u0131nda sunulmaktad\u0131r. Kullan\u0131lan hammaddelerin y\u00fcksek yorulma ve a\u015f\u0131nma direnci sa\u011flad\u0131\u011f\u0131 kan\u0131tlanm\u0131\u015ft\u0131r; sementli stem REX \u00e7eli\u011finden, sementsiz stem ise titanyumdan \u00fcretilmektedir. Sementsiz y\u00fczey, titanyum plazma veya hidroksiapatit ile mikropor\u00f6z yap\u0131da haz\u0131rlanabilmektedir. Geni\u015f stem yelpazesi [&hellip;]<\/p>\n","protected":false},"featured_media":17346,"template":"","meta":[],"product_brand":[],"product_cat":[1213],"product_tag":[],"class_list":{"0":"post-17352","1":"product","2":"type-product","3":"status-publish","4":"has-post-thumbnail","6":"product_cat-primer-kalca-stemleri","7":"testtaj-kalca","8":"markanev-pannon","10":"first","11":"instock","12":"shipping-taxable","13":"product-type-simple"},"yoast_head":"<!-- This site is optimized with the Yoast SEO plugin v27.2 - https:\/\/yoast.com\/product\/yoast-seo-wordpress\/ -->\n<title>Pannon sementsiz protez stemi - Sanatmetal<\/title>\n<meta name=\"robots\" content=\"index, follow, max-snippet:-1, max-image-preview:large, max-video-preview:-1\" \/>\n<link rel=\"canonical\" href=\"https:\/\/sanatmetal.hu\/tr\/urun\/pannon-sementsiz-protez-stemi\/\" \/>\n<meta property=\"og:locale\" content=\"tr_TR\" \/>\n<meta property=\"og:type\" content=\"article\" \/>\n<meta property=\"og:title\" content=\"Pannon sementsiz protez stemi - Sanatmetal\" \/>\n<meta property=\"og:description\" content=\"\u00c7ift kama formuna sahip, kan\u0131tlanm\u0131\u015f M\u00fcller geometrili stemler; 135 derecelik standart CCD a\u00e7\u0131s\u0131yla sementli, sementsiz, lateralize (125 derecelik CCD a\u00e7\u0131s\u0131) ve revizyon versiyonlar\u0131nda sunulmaktad\u0131r. Kullan\u0131lan hammaddelerin y\u00fcksek yorulma ve a\u015f\u0131nma direnci sa\u011flad\u0131\u011f\u0131 kan\u0131tlanm\u0131\u015ft\u0131r; sementli stem REX \u00e7eli\u011finden, sementsiz stem ise titanyumdan \u00fcretilmektedir. Sementsiz y\u00fczey, titanyum plazma veya hidroksiapatit ile mikropor\u00f6z yap\u0131da haz\u0131rlanabilmektedir. Geni\u015f stem yelpazesi [&hellip;]\" \/>\n<meta property=\"og:url\" content=\"https:\/\/sanatmetal.hu\/tr\/urun\/pannon-sementsiz-protez-stemi\/\" \/>\n<meta property=\"og:site_name\" content=\"Sanatmetal\" \/>\n<meta property=\"article:modified_time\" content=\"2026-03-24T13:57:31+00:00\" \/>\n<meta property=\"og:image\" content=\"https:\/\/sanatmetal.hu\/wp-content\/uploads\/2020\/03\/pannoncllattest.webp\" \/>\n\t<meta property=\"og:image:width\" content=\"2560\" \/>\n\t<meta property=\"og:image:height\" content=\"1980\" \/>\n\t<meta property=\"og:image:type\" content=\"image\/png\" \/>\n<meta name=\"twitter:card\" content=\"summary_large_image\" \/>\n<meta name=\"twitter:label1\" content=\"Est. reading time\" \/>\n\t<meta name=\"twitter:data1\" content=\"1 minute\" \/>\n<script type=\"application\/ld+json\" class=\"yoast-schema-graph\">{\"@context\":\"https:\/\/schema.org\",\"@graph\":[{\"@type\":\"WebPage\",\"@id\":\"https:\/\/sanatmetal.hu\/tr\/urun\/pannon-sementsiz-protez-stemi\/\",\"url\":\"https:\/\/sanatmetal.hu\/tr\/urun\/pannon-sementsiz-protez-stemi\/\",\"name\":\"Pannon sementsiz protez stemi - Sanatmetal\",\"isPartOf\":{\"@id\":\"https:\/\/sanatmetal.hu\/#website\"},\"primaryImageOfPage\":{\"@id\":\"https:\/\/sanatmetal.hu\/tr\/urun\/pannon-sementsiz-protez-stemi\/#primaryimage\"},\"image\":{\"@id\":\"https:\/\/sanatmetal.hu\/tr\/urun\/pannon-sementsiz-protez-stemi\/#primaryimage\"},\"thumbnailUrl\":\"https:\/\/sanatmetal.hu\/wp-content\/uploads\/2020\/03\/pannoncllattest.webp\",\"datePublished\":\"2020-03-04T11:30:08+00:00\",\"dateModified\":\"2026-03-24T13:57:31+00:00\",\"breadcrumb\":{\"@id\":\"https:\/\/sanatmetal.hu\/tr\/urun\/pannon-sementsiz-protez-stemi\/#breadcrumb\"},\"inLanguage\":\"tr-TR\",\"potentialAction\":[{\"@type\":\"ReadAction\",\"target\":[\"https:\/\/sanatmetal.hu\/tr\/urun\/pannon-sementsiz-protez-stemi\/\"]}]},{\"@type\":\"ImageObject\",\"inLanguage\":\"tr-TR\",\"@id\":\"https:\/\/sanatmetal.hu\/tr\/urun\/pannon-sementsiz-protez-stemi\/#primaryimage\",\"url\":\"https:\/\/sanatmetal.hu\/wp-content\/uploads\/2020\/03\/pannoncllattest.webp\",\"contentUrl\":\"https:\/\/sanatmetal.hu\/wp-content\/uploads\/2020\/03\/pannoncllattest.webp\",\"width\":2560,\"height\":1980},{\"@type\":\"BreadcrumbList\",\"@id\":\"https:\/\/sanatmetal.hu\/tr\/urun\/pannon-sementsiz-protez-stemi\/#breadcrumb\",\"itemListElement\":[{\"@type\":\"ListItem\",\"position\":1,\"name\":\"Home\",\"item\":\"https:\/\/sanatmetal.hu\/tr\/\"},{\"@type\":\"ListItem\",\"position\":2,\"name\":\"\u00dcr\u00fcnlerimiz\",\"item\":\"https:\/\/sanatmetal.hu\/tr\/urunlerimiz\/\"},{\"@type\":\"ListItem\",\"position\":3,\"name\":\"Pannon sementsiz protez stemi\"}]},{\"@type\":\"WebSite\",\"@id\":\"https:\/\/sanatmetal.hu\/#website\",\"url\":\"https:\/\/sanatmetal.hu\/\",\"name\":\"Sanatmetal\",\"description\":\"\",\"publisher\":{\"@id\":\"https:\/\/sanatmetal.hu\/#organization\"},\"potentialAction\":[{\"@type\":\"SearchAction\",\"target\":{\"@type\":\"EntryPoint\",\"urlTemplate\":\"https:\/\/sanatmetal.hu\/?s={search_term_string}\"},\"query-input\":{\"@type\":\"PropertyValueSpecification\",\"valueRequired\":true,\"valueName\":\"search_term_string\"}}],\"inLanguage\":\"tr-TR\"},{\"@type\":\"Organization\",\"@id\":\"https:\/\/sanatmetal.hu\/#organization\",\"name\":\"Sanatmetal\",\"url\":\"https:\/\/sanatmetal.hu\/\",\"logo\":{\"@type\":\"ImageObject\",\"inLanguage\":\"tr-TR\",\"@id\":\"https:\/\/sanatmetal.hu\/#\/schema\/logo\/image\/\",\"url\":\"https:\/\/sanatmetal.hu\/wp-content\/uploads\/2024\/10\/Nevtelen-terv-5-e1728647058747.png\",\"contentUrl\":\"https:\/\/sanatmetal.hu\/wp-content\/uploads\/2024\/10\/Nevtelen-terv-5-e1728647058747.png\",\"width\":1410,\"height\":1293,\"caption\":\"Sanatmetal\"},\"image\":{\"@id\":\"https:\/\/sanatmetal.hu\/#\/schema\/logo\/image\/\"}}]}<\/script>\n<!-- \/ Yoast SEO plugin. -->","yoast_head_json":{"title":"Pannon sementsiz protez stemi - Sanatmetal","robots":{"index":"index","follow":"follow","max-snippet":"max-snippet:-1","max-image-preview":"max-image-preview:large","max-video-preview":"max-video-preview:-1"},"canonical":"https:\/\/sanatmetal.hu\/tr\/urun\/pannon-sementsiz-protez-stemi\/","og_locale":"tr_TR","og_type":"article","og_title":"Pannon sementsiz protez stemi - Sanatmetal","og_description":"\u00c7ift kama formuna sahip, kan\u0131tlanm\u0131\u015f M\u00fcller geometrili stemler; 135 derecelik standart CCD a\u00e7\u0131s\u0131yla sementli, sementsiz, lateralize (125 derecelik CCD a\u00e7\u0131s\u0131) ve revizyon versiyonlar\u0131nda sunulmaktad\u0131r. Kullan\u0131lan hammaddelerin y\u00fcksek yorulma ve a\u015f\u0131nma direnci sa\u011flad\u0131\u011f\u0131 kan\u0131tlanm\u0131\u015ft\u0131r; sementli stem REX \u00e7eli\u011finden, sementsiz stem ise titanyumdan \u00fcretilmektedir. Sementsiz y\u00fczey, titanyum plazma veya hidroksiapatit ile mikropor\u00f6z yap\u0131da haz\u0131rlanabilmektedir. Geni\u015f stem yelpazesi [&hellip;]","og_url":"https:\/\/sanatmetal.hu\/tr\/urun\/pannon-sementsiz-protez-stemi\/","og_site_name":"Sanatmetal","article_modified_time":"2026-03-24T13:57:31+00:00","og_image":[{"width":2560,"height":1980,"url":"https:\/\/sanatmetal.hu\/wp-content\/uploads\/2020\/03\/pannoncllattest.webp","type":"image\/png"}],"twitter_card":"summary_large_image","twitter_misc":{"Est. reading time":"1 minute"},"schema":{"@context":"https:\/\/schema.org","@graph":[{"@type":"WebPage","@id":"https:\/\/sanatmetal.hu\/tr\/urun\/pannon-sementsiz-protez-stemi\/","url":"https:\/\/sanatmetal.hu\/tr\/urun\/pannon-sementsiz-protez-stemi\/","name":"Pannon sementsiz protez stemi - Sanatmetal","isPartOf":{"@id":"https:\/\/sanatmetal.hu\/#website"},"primaryImageOfPage":{"@id":"https:\/\/sanatmetal.hu\/tr\/urun\/pannon-sementsiz-protez-stemi\/#primaryimage"},"image":{"@id":"https:\/\/sanatmetal.hu\/tr\/urun\/pannon-sementsiz-protez-stemi\/#primaryimage"},"thumbnailUrl":"https:\/\/sanatmetal.hu\/wp-content\/uploads\/2020\/03\/pannoncllattest.webp","datePublished":"2020-03-04T11:30:08+00:00","dateModified":"2026-03-24T13:57:31+00:00","breadcrumb":{"@id":"https:\/\/sanatmetal.hu\/tr\/urun\/pannon-sementsiz-protez-stemi\/#breadcrumb"},"inLanguage":"tr-TR","potentialAction":[{"@type":"ReadAction","target":["https:\/\/sanatmetal.hu\/tr\/urun\/pannon-sementsiz-protez-stemi\/"]}]},{"@type":"ImageObject","inLanguage":"tr-TR","@id":"https:\/\/sanatmetal.hu\/tr\/urun\/pannon-sementsiz-protez-stemi\/#primaryimage","url":"https:\/\/sanatmetal.hu\/wp-content\/uploads\/2020\/03\/pannoncllattest.webp","contentUrl":"https:\/\/sanatmetal.hu\/wp-content\/uploads\/2020\/03\/pannoncllattest.webp","width":2560,"height":1980},{"@type":"BreadcrumbList","@id":"https:\/\/sanatmetal.hu\/tr\/urun\/pannon-sementsiz-protez-stemi\/#breadcrumb","itemListElement":[{"@type":"ListItem","position":1,"name":"Home","item":"https:\/\/sanatmetal.hu\/tr\/"},{"@type":"ListItem","position":2,"name":"\u00dcr\u00fcnlerimiz","item":"https:\/\/sanatmetal.hu\/tr\/urunlerimiz\/"},{"@type":"ListItem","position":3,"name":"Pannon sementsiz protez stemi"}]},{"@type":"WebSite","@id":"https:\/\/sanatmetal.hu\/#website","url":"https:\/\/sanatmetal.hu\/","name":"Sanatmetal","description":"","publisher":{"@id":"https:\/\/sanatmetal.hu\/#organization"},"potentialAction":[{"@type":"SearchAction","target":{"@type":"EntryPoint","urlTemplate":"https:\/\/sanatmetal.hu\/?s={search_term_string}"},"query-input":{"@type":"PropertyValueSpecification","valueRequired":true,"valueName":"search_term_string"}}],"inLanguage":"tr-TR"},{"@type":"Organization","@id":"https:\/\/sanatmetal.hu\/#organization","name":"Sanatmetal","url":"https:\/\/sanatmetal.hu\/","logo":{"@type":"ImageObject","inLanguage":"tr-TR","@id":"https:\/\/sanatmetal.hu\/#\/schema\/logo\/image\/","url":"https:\/\/sanatmetal.hu\/wp-content\/uploads\/2024\/10\/Nevtelen-terv-5-e1728647058747.png","contentUrl":"https:\/\/sanatmetal.hu\/wp-content\/uploads\/2024\/10\/Nevtelen-terv-5-e1728647058747.png","width":1410,"height":1293,"caption":"Sanatmetal"},"image":{"@id":"https:\/\/sanatmetal.hu\/#\/schema\/logo\/image\/"}}]}},"_links":{"self":[{"href":"https:\/\/sanatmetal.hu\/tr\/wp-json\/wp\/v2\/product\/17352","targetHints":{"allow":["GET"]}}],"collection":[{"href":"https:\/\/sanatmetal.hu\/tr\/wp-json\/wp\/v2\/product"}],"about":[{"href":"https:\/\/sanatmetal.hu\/tr\/wp-json\/wp\/v2\/types\/product"}],"wp:featuredmedia":[{"embeddable":true,"href":"https:\/\/sanatmetal.hu\/tr\/wp-json\/wp\/v2\/media\/17346"}],"wp:attachment":[{"href":"https:\/\/sanatmetal.hu\/tr\/wp-json\/wp\/v2\/media?parent=17352"}],"wp:term":[{"taxonomy":"product_brand","embeddable":true,"href":"https:\/\/sanatmetal.hu\/tr\/wp-json\/wp\/v2\/product_brand?post=17352"},{"taxonomy":"product_cat","embeddable":true,"href":"https:\/\/sanatmetal.hu\/tr\/wp-json\/wp\/v2\/product_cat?post=17352"},{"taxonomy":"product_tag","embeddable":true,"href":"https:\/\/sanatmetal.hu\/tr\/wp-json\/wp\/v2\/product_tag?post=17352"}],"curies":[{"name":"wp","href":"https:\/\/api.w.org\/{rel}","templated":true}]}}