{"id":17354,"date":"2020-03-04T11:29:44","date_gmt":"2020-03-04T11:29:44","guid":{"rendered":"https:\/\/sanatmetal.hu\/product\/pannon-cemented-prosthesis-stem\/"},"modified":"2026-03-24T14:52:51","modified_gmt":"2026-03-24T13:52:51","slug":"pannon-sementli-protez-stemi","status":"publish","type":"product","link":"https:\/\/sanatmetal.hu\/tr\/product\/pannon-sementli-protez-stemi\/","title":{"rendered":"Pannon sementli protez stemi"},"content":{"rendered":"<p>\u00c7ift kama \u015fekline sahip, kan\u0131tlanm\u0131\u015f M\u00fcller geometrili stemler; 135 derecelik standart CCD a\u00e7\u0131s\u0131yla sementli, sementsiz, lateralize ve revizyon versiyonlar\u0131nda sunulmaktad\u0131r. Kullan\u0131lan hammaddelerin en iyi yorulma ve a\u015f\u0131nma direncine sahip oldu\u011fu kan\u0131tlanm\u0131\u015ft\u0131r: sementli stem EXR \u00e7eli\u011finden, sementsiz stem ise titanyumdan \u00fcretilmektedir. Sementsiz y\u00fczeyde titanyum plazma veya hidroksiapatit mikropor\u00f6z y\u00fczey uygulanabilmektedir. Geni\u015f stem yelpazesi ve deneme stemleri olarak da kullan\u0131labilen rasp fonksiyonu sayesinde, enstr\u00fcman seti modern kal\u00e7a sistemlerinden biri h\u00e2line gelmektedir. Ba\u015flar, stemlere 12\/14 Eurocone ba\u011flant\u0131 arac\u0131l\u0131\u011f\u0131yla ba\u011flan\u0131r; 28 mm boyut mevcuttur ve daha b\u00fcy\u00fck boyutlar da bulunmaktad\u0131r. Hammadde olarak CoCr veya seramik kullan\u0131lmaktad\u0131r.<\/p>\n","protected":false},"excerpt":{"rendered":"<p>\u00c7ift kama \u015fekline sahip, kan\u0131tlanm\u0131\u015f M\u00fcller geometrili stemler; 135 derecelik standart CCD a\u00e7\u0131s\u0131yla sementli, sementsiz, lateralize ve revizyon versiyonlar\u0131nda sunulmaktad\u0131r. Kullan\u0131lan hammaddelerin en iyi yorulma ve a\u015f\u0131nma direncine sahip oldu\u011fu kan\u0131tlanm\u0131\u015ft\u0131r: sementli stem EXR \u00e7eli\u011finden, sementsiz stem ise titanyumdan \u00fcretilmektedir. Sementsiz y\u00fczeyde titanyum plazma veya hidroksiapatit mikropor\u00f6z y\u00fczey uygulanabilmektedir. Geni\u015f stem yelpazesi ve deneme stemleri [&hellip;]<\/p>\n","protected":false},"featured_media":17355,"template":"","meta":[],"product_brand":[],"product_cat":[1213],"product_tag":[],"class_list":{"0":"post-17354","1":"product","2":"type-product","3":"status-publish","4":"has-post-thumbnail","6":"product_cat-primer-kalca-stemleri","7":"testtaj-kalca","8":"markanev-pannon","10":"first","11":"instock","12":"shipping-taxable","13":"product-type-simple"},"yoast_head":"<!-- This site is optimized with the Yoast SEO plugin v27.2 - https:\/\/yoast.com\/product\/yoast-seo-wordpress\/ -->\n<title>Pannon sementli protez stemi - Sanatmetal<\/title>\n<meta name=\"robots\" content=\"index, follow, max-snippet:-1, max-image-preview:large, max-video-preview:-1\" \/>\n<link rel=\"canonical\" href=\"https:\/\/sanatmetal.hu\/tr\/urun\/pannon-sementli-protez-stemi\/\" \/>\n<meta property=\"og:locale\" content=\"tr_TR\" \/>\n<meta property=\"og:type\" content=\"article\" \/>\n<meta property=\"og:title\" content=\"Pannon sementli protez stemi - Sanatmetal\" \/>\n<meta property=\"og:description\" content=\"\u00c7ift kama \u015fekline sahip, kan\u0131tlanm\u0131\u015f M\u00fcller geometrili stemler; 135 derecelik standart CCD a\u00e7\u0131s\u0131yla sementli, sementsiz, lateralize ve revizyon versiyonlar\u0131nda sunulmaktad\u0131r. Kullan\u0131lan hammaddelerin en iyi yorulma ve a\u015f\u0131nma direncine sahip oldu\u011fu kan\u0131tlanm\u0131\u015ft\u0131r: sementli stem EXR \u00e7eli\u011finden, sementsiz stem ise titanyumdan \u00fcretilmektedir. Sementsiz y\u00fczeyde titanyum plazma veya hidroksiapatit mikropor\u00f6z y\u00fczey uygulanabilmektedir. Geni\u015f stem yelpazesi ve deneme stemleri [&hellip;]\" \/>\n<meta property=\"og:url\" content=\"https:\/\/sanatmetal.hu\/tr\/urun\/pannon-sementli-protez-stemi\/\" \/>\n<meta property=\"og:site_name\" content=\"Sanatmetal\" \/>\n<meta property=\"article:modified_time\" content=\"2026-03-24T13:52:51+00:00\" \/>\n<meta property=\"og:image\" content=\"https:\/\/sanatmetal.hu\/wp-content\/uploads\/2020\/03\/pannonckicsitest.webp\" \/>\n\t<meta property=\"og:image:width\" content=\"2560\" \/>\n\t<meta property=\"og:image:height\" content=\"1980\" \/>\n\t<meta property=\"og:image:type\" content=\"image\/png\" \/>\n<meta name=\"twitter:card\" content=\"summary_large_image\" \/>\n<meta name=\"twitter:label1\" content=\"Est. reading time\" \/>\n\t<meta name=\"twitter:data1\" content=\"1 minute\" \/>\n<script type=\"application\/ld+json\" class=\"yoast-schema-graph\">{\"@context\":\"https:\/\/schema.org\",\"@graph\":[{\"@type\":\"WebPage\",\"@id\":\"https:\/\/sanatmetal.hu\/tr\/urun\/pannon-sementli-protez-stemi\/\",\"url\":\"https:\/\/sanatmetal.hu\/tr\/urun\/pannon-sementli-protez-stemi\/\",\"name\":\"Pannon sementli protez stemi - Sanatmetal\",\"isPartOf\":{\"@id\":\"https:\/\/sanatmetal.hu\/#website\"},\"primaryImageOfPage\":{\"@id\":\"https:\/\/sanatmetal.hu\/tr\/urun\/pannon-sementli-protez-stemi\/#primaryimage\"},\"image\":{\"@id\":\"https:\/\/sanatmetal.hu\/tr\/urun\/pannon-sementli-protez-stemi\/#primaryimage\"},\"thumbnailUrl\":\"https:\/\/sanatmetal.hu\/wp-content\/uploads\/2020\/03\/pannonckicsitest.webp\",\"datePublished\":\"2020-03-04T11:29:44+00:00\",\"dateModified\":\"2026-03-24T13:52:51+00:00\",\"breadcrumb\":{\"@id\":\"https:\/\/sanatmetal.hu\/tr\/urun\/pannon-sementli-protez-stemi\/#breadcrumb\"},\"inLanguage\":\"tr-TR\",\"potentialAction\":[{\"@type\":\"ReadAction\",\"target\":[\"https:\/\/sanatmetal.hu\/tr\/urun\/pannon-sementli-protez-stemi\/\"]}]},{\"@type\":\"ImageObject\",\"inLanguage\":\"tr-TR\",\"@id\":\"https:\/\/sanatmetal.hu\/tr\/urun\/pannon-sementli-protez-stemi\/#primaryimage\",\"url\":\"https:\/\/sanatmetal.hu\/wp-content\/uploads\/2020\/03\/pannonckicsitest.webp\",\"contentUrl\":\"https:\/\/sanatmetal.hu\/wp-content\/uploads\/2020\/03\/pannonckicsitest.webp\",\"width\":2560,\"height\":1980},{\"@type\":\"BreadcrumbList\",\"@id\":\"https:\/\/sanatmetal.hu\/tr\/urun\/pannon-sementli-protez-stemi\/#breadcrumb\",\"itemListElement\":[{\"@type\":\"ListItem\",\"position\":1,\"name\":\"Home\",\"item\":\"https:\/\/sanatmetal.hu\/tr\/\"},{\"@type\":\"ListItem\",\"position\":2,\"name\":\"\u00dcr\u00fcnlerimiz\",\"item\":\"https:\/\/sanatmetal.hu\/tr\/urunlerimiz\/\"},{\"@type\":\"ListItem\",\"position\":3,\"name\":\"Pannon sementli protez stemi\"}]},{\"@type\":\"WebSite\",\"@id\":\"https:\/\/sanatmetal.hu\/#website\",\"url\":\"https:\/\/sanatmetal.hu\/\",\"name\":\"Sanatmetal\",\"description\":\"\",\"publisher\":{\"@id\":\"https:\/\/sanatmetal.hu\/#organization\"},\"potentialAction\":[{\"@type\":\"SearchAction\",\"target\":{\"@type\":\"EntryPoint\",\"urlTemplate\":\"https:\/\/sanatmetal.hu\/?s={search_term_string}\"},\"query-input\":{\"@type\":\"PropertyValueSpecification\",\"valueRequired\":true,\"valueName\":\"search_term_string\"}}],\"inLanguage\":\"tr-TR\"},{\"@type\":\"Organization\",\"@id\":\"https:\/\/sanatmetal.hu\/#organization\",\"name\":\"Sanatmetal\",\"url\":\"https:\/\/sanatmetal.hu\/\",\"logo\":{\"@type\":\"ImageObject\",\"inLanguage\":\"tr-TR\",\"@id\":\"https:\/\/sanatmetal.hu\/#\/schema\/logo\/image\/\",\"url\":\"https:\/\/sanatmetal.hu\/wp-content\/uploads\/2024\/10\/Nevtelen-terv-5-e1728647058747.png\",\"contentUrl\":\"https:\/\/sanatmetal.hu\/wp-content\/uploads\/2024\/10\/Nevtelen-terv-5-e1728647058747.png\",\"width\":1410,\"height\":1293,\"caption\":\"Sanatmetal\"},\"image\":{\"@id\":\"https:\/\/sanatmetal.hu\/#\/schema\/logo\/image\/\"}}]}<\/script>\n<!-- \/ Yoast SEO plugin. -->","yoast_head_json":{"title":"Pannon sementli protez stemi - Sanatmetal","robots":{"index":"index","follow":"follow","max-snippet":"max-snippet:-1","max-image-preview":"max-image-preview:large","max-video-preview":"max-video-preview:-1"},"canonical":"https:\/\/sanatmetal.hu\/tr\/urun\/pannon-sementli-protez-stemi\/","og_locale":"tr_TR","og_type":"article","og_title":"Pannon sementli protez stemi - Sanatmetal","og_description":"\u00c7ift kama \u015fekline sahip, kan\u0131tlanm\u0131\u015f M\u00fcller geometrili stemler; 135 derecelik standart CCD a\u00e7\u0131s\u0131yla sementli, sementsiz, lateralize ve revizyon versiyonlar\u0131nda sunulmaktad\u0131r. Kullan\u0131lan hammaddelerin en iyi yorulma ve a\u015f\u0131nma direncine sahip oldu\u011fu kan\u0131tlanm\u0131\u015ft\u0131r: sementli stem EXR \u00e7eli\u011finden, sementsiz stem ise titanyumdan \u00fcretilmektedir. Sementsiz y\u00fczeyde titanyum plazma veya hidroksiapatit mikropor\u00f6z y\u00fczey uygulanabilmektedir. Geni\u015f stem yelpazesi ve deneme stemleri [&hellip;]","og_url":"https:\/\/sanatmetal.hu\/tr\/urun\/pannon-sementli-protez-stemi\/","og_site_name":"Sanatmetal","article_modified_time":"2026-03-24T13:52:51+00:00","og_image":[{"width":2560,"height":1980,"url":"https:\/\/sanatmetal.hu\/wp-content\/uploads\/2020\/03\/pannonckicsitest.webp","type":"image\/png"}],"twitter_card":"summary_large_image","twitter_misc":{"Est. reading time":"1 minute"},"schema":{"@context":"https:\/\/schema.org","@graph":[{"@type":"WebPage","@id":"https:\/\/sanatmetal.hu\/tr\/urun\/pannon-sementli-protez-stemi\/","url":"https:\/\/sanatmetal.hu\/tr\/urun\/pannon-sementli-protez-stemi\/","name":"Pannon sementli protez stemi - Sanatmetal","isPartOf":{"@id":"https:\/\/sanatmetal.hu\/#website"},"primaryImageOfPage":{"@id":"https:\/\/sanatmetal.hu\/tr\/urun\/pannon-sementli-protez-stemi\/#primaryimage"},"image":{"@id":"https:\/\/sanatmetal.hu\/tr\/urun\/pannon-sementli-protez-stemi\/#primaryimage"},"thumbnailUrl":"https:\/\/sanatmetal.hu\/wp-content\/uploads\/2020\/03\/pannonckicsitest.webp","datePublished":"2020-03-04T11:29:44+00:00","dateModified":"2026-03-24T13:52:51+00:00","breadcrumb":{"@id":"https:\/\/sanatmetal.hu\/tr\/urun\/pannon-sementli-protez-stemi\/#breadcrumb"},"inLanguage":"tr-TR","potentialAction":[{"@type":"ReadAction","target":["https:\/\/sanatmetal.hu\/tr\/urun\/pannon-sementli-protez-stemi\/"]}]},{"@type":"ImageObject","inLanguage":"tr-TR","@id":"https:\/\/sanatmetal.hu\/tr\/urun\/pannon-sementli-protez-stemi\/#primaryimage","url":"https:\/\/sanatmetal.hu\/wp-content\/uploads\/2020\/03\/pannonckicsitest.webp","contentUrl":"https:\/\/sanatmetal.hu\/wp-content\/uploads\/2020\/03\/pannonckicsitest.webp","width":2560,"height":1980},{"@type":"BreadcrumbList","@id":"https:\/\/sanatmetal.hu\/tr\/urun\/pannon-sementli-protez-stemi\/#breadcrumb","itemListElement":[{"@type":"ListItem","position":1,"name":"Home","item":"https:\/\/sanatmetal.hu\/tr\/"},{"@type":"ListItem","position":2,"name":"\u00dcr\u00fcnlerimiz","item":"https:\/\/sanatmetal.hu\/tr\/urunlerimiz\/"},{"@type":"ListItem","position":3,"name":"Pannon sementli protez stemi"}]},{"@type":"WebSite","@id":"https:\/\/sanatmetal.hu\/#website","url":"https:\/\/sanatmetal.hu\/","name":"Sanatmetal","description":"","publisher":{"@id":"https:\/\/sanatmetal.hu\/#organization"},"potentialAction":[{"@type":"SearchAction","target":{"@type":"EntryPoint","urlTemplate":"https:\/\/sanatmetal.hu\/?s={search_term_string}"},"query-input":{"@type":"PropertyValueSpecification","valueRequired":true,"valueName":"search_term_string"}}],"inLanguage":"tr-TR"},{"@type":"Organization","@id":"https:\/\/sanatmetal.hu\/#organization","name":"Sanatmetal","url":"https:\/\/sanatmetal.hu\/","logo":{"@type":"ImageObject","inLanguage":"tr-TR","@id":"https:\/\/sanatmetal.hu\/#\/schema\/logo\/image\/","url":"https:\/\/sanatmetal.hu\/wp-content\/uploads\/2024\/10\/Nevtelen-terv-5-e1728647058747.png","contentUrl":"https:\/\/sanatmetal.hu\/wp-content\/uploads\/2024\/10\/Nevtelen-terv-5-e1728647058747.png","width":1410,"height":1293,"caption":"Sanatmetal"},"image":{"@id":"https:\/\/sanatmetal.hu\/#\/schema\/logo\/image\/"}}]}},"_links":{"self":[{"href":"https:\/\/sanatmetal.hu\/tr\/wp-json\/wp\/v2\/product\/17354","targetHints":{"allow":["GET"]}}],"collection":[{"href":"https:\/\/sanatmetal.hu\/tr\/wp-json\/wp\/v2\/product"}],"about":[{"href":"https:\/\/sanatmetal.hu\/tr\/wp-json\/wp\/v2\/types\/product"}],"wp:featuredmedia":[{"embeddable":true,"href":"https:\/\/sanatmetal.hu\/tr\/wp-json\/wp\/v2\/media\/17355"}],"wp:attachment":[{"href":"https:\/\/sanatmetal.hu\/tr\/wp-json\/wp\/v2\/media?parent=17354"}],"wp:term":[{"taxonomy":"product_brand","embeddable":true,"href":"https:\/\/sanatmetal.hu\/tr\/wp-json\/wp\/v2\/product_brand?post=17354"},{"taxonomy":"product_cat","embeddable":true,"href":"https:\/\/sanatmetal.hu\/tr\/wp-json\/wp\/v2\/product_cat?post=17354"},{"taxonomy":"product_tag","embeddable":true,"href":"https:\/\/sanatmetal.hu\/tr\/wp-json\/wp\/v2\/product_tag?post=17354"}],"curies":[{"name":"wp","href":"https:\/\/api.w.org\/{rel}","templated":true}]}}