{"id":17373,"date":"2020-03-04T11:25:49","date_gmt":"2020-03-04T11:25:49","guid":{"rendered":"https:\/\/sanatmetal.hu\/product\/vortex-proximal-tibia-plate\/"},"modified":"2026-03-25T08:31:29","modified_gmt":"2026-03-25T07:31:29","slug":"vortex-proksimal-tibia-plagi","status":"publish","type":"product","link":"https:\/\/sanatmetal.hu\/tr\/product\/vortex-proksimal-tibia-plagi\/","title":{"rendered":"Vortex Proksimal Tibia pla\u011f\u0131"},"content":{"rendered":"<p data-start=\"34\" data-end=\"199\">Vortex poliaxial plak sistemi, 30 plak ve yaln\u0131zca 3 vida ile t\u00fcm v\u00fccut i\u00e7in \u00e7\u00f6z\u00fcmler sunarken, ayn\u0131 zamanda enstr\u00fcmanlar aras\u0131nda \u00e7apraz uyumluluk da sa\u011flamaktad\u0131r.<\/p>\n<p data-start=\"201\" data-end=\"530\">Vortex Proksimal Tibia (VPT) pla\u011f\u0131, lateral proksimal tibia pla\u011f\u0131d\u0131r. Tarafa \u00f6zg\u00fc ba\u015f hedefleme cihaz\u0131, ba\u015f k\u0131sm\u0131ndaki vidalar\u0131n \u00f6nceden belirlenmi\u015f y\u00f6nlerinin tan\u0131mlanmas\u0131na yard\u0131mc\u0131 olur ve enstr\u00fcmanlar radyolusent, minimal invaziv bir hedefleme kolu i\u00e7erir. Plak, Sirtalis serklaj sisteminin t\u00fcm \u00fcyeleriyle kombine edilebilir.<\/p>\n<p data-start=\"532\" data-end=\"549\">Temel avantajlar:<\/p>\n<ul data-start=\"551\" data-end=\"1012\">\n<li data-section-id=\"avj9wl\" data-start=\"551\" data-end=\"652\">30 derecelik koni i\u00e7inde kademesiz vida yerle\u015ftirmeye olanak tan\u0131yan poliaxial kilitli plak sistemi<\/li>\n<li data-section-id=\"1qx5vnk\" data-start=\"653\" data-end=\"717\">yanl\u0131\u015f belirlenen vida y\u00f6n\u00fcnde en fazla 3 kez d\u00fczeltme olana\u011f\u0131<\/li>\n<li data-section-id=\"8rouk7\" data-start=\"718\" data-end=\"804\">inceltilmi\u015f ba\u015f yap\u0131s\u0131 sayesinde implant, ekleme yak\u0131n yumu\u015fak dokular\u0131 irrite etmez<\/li>\n<li data-section-id=\"1mz81x0\" data-start=\"805\" data-end=\"874\">yumu\u015fak dokular\u0131n korunmas\u0131na yard\u0131mc\u0131 olan yuvarlat\u0131lm\u0131\u015f konturlar<\/li>\n<li data-section-id=\"rxyn4e\" data-start=\"875\" data-end=\"927\">plak, minimal invaziv cerrahi teknik i\u00e7in uygundur<\/li>\n<li data-section-id=\"qocjz0\" data-start=\"928\" data-end=\"974\">kendinden k\u0131lavuzlu ancak k\u00fcnt ba\u015fl\u0131 vidalar<\/li>\n<li data-section-id=\"1yz8mg8\" data-start=\"975\" data-end=\"1012\">g\u00fcvenilir anodize titanyum hammadde<\/li>\n<\/ul>\n","protected":false},"excerpt":{"rendered":"<p>Vortex poliaxial plak sistemi, 30 plak ve yaln\u0131zca 3 vida ile t\u00fcm v\u00fccut i\u00e7in \u00e7\u00f6z\u00fcmler sunarken, ayn\u0131 zamanda enstr\u00fcmanlar aras\u0131nda \u00e7apraz uyumluluk da sa\u011flamaktad\u0131r. Vortex Proksimal Tibia (VPT) pla\u011f\u0131, lateral proksimal tibia pla\u011f\u0131d\u0131r. Tarafa \u00f6zg\u00fc ba\u015f hedefleme cihaz\u0131, ba\u015f k\u0131sm\u0131ndaki vidalar\u0131n \u00f6nceden belirlenmi\u015f y\u00f6nlerinin tan\u0131mlanmas\u0131na yard\u0131mc\u0131 olur ve enstr\u00fcmanlar radyolusent, minimal invaziv bir hedefleme kolu [&hellip;]<\/p>\n","protected":false},"featured_media":17374,"template":"","meta":[],"product_brand":[],"product_cat":[1224],"product_tag":[],"class_list":{"0":"post-17373","1":"product","2":"type-product","3":"status-publish","4":"has-post-thumbnail","6":"product_cat-tibia-2","7":"testtaj-plak-sistemleri-tibia","8":"testtaj-alt-ekstremite","9":"testtaj-tibia","10":"markanev-vortex","12":"first","13":"instock","14":"shipping-taxable","15":"product-type-simple"},"yoast_head":"<!-- This site is optimized with the Yoast SEO plugin v27.2 - https:\/\/yoast.com\/product\/yoast-seo-wordpress\/ -->\n<title>Vortex Proksimal Tibia pla\u011f\u0131 - Sanatmetal<\/title>\n<meta name=\"robots\" content=\"index, follow, max-snippet:-1, max-image-preview:large, max-video-preview:-1\" \/>\n<link rel=\"canonical\" href=\"https:\/\/sanatmetal.hu\/tr\/urun\/vortex-proksimal-tibia-plagi\/\" \/>\n<meta property=\"og:locale\" content=\"tr_TR\" \/>\n<meta property=\"og:type\" content=\"article\" \/>\n<meta property=\"og:title\" content=\"Vortex Proksimal Tibia pla\u011f\u0131 - Sanatmetal\" \/>\n<meta property=\"og:description\" content=\"Vortex poliaxial plak sistemi, 30 plak ve yaln\u0131zca 3 vida ile t\u00fcm v\u00fccut i\u00e7in \u00e7\u00f6z\u00fcmler sunarken, ayn\u0131 zamanda enstr\u00fcmanlar aras\u0131nda \u00e7apraz uyumluluk da sa\u011flamaktad\u0131r. Vortex Proksimal Tibia (VPT) pla\u011f\u0131, lateral proksimal tibia pla\u011f\u0131d\u0131r. Tarafa \u00f6zg\u00fc ba\u015f hedefleme cihaz\u0131, ba\u015f k\u0131sm\u0131ndaki vidalar\u0131n \u00f6nceden belirlenmi\u015f y\u00f6nlerinin tan\u0131mlanmas\u0131na yard\u0131mc\u0131 olur ve enstr\u00fcmanlar radyolusent, minimal invaziv bir hedefleme kolu [&hellip;]\" \/>\n<meta property=\"og:url\" content=\"https:\/\/sanatmetal.hu\/tr\/urun\/vortex-proksimal-tibia-plagi\/\" \/>\n<meta property=\"og:site_name\" content=\"Sanatmetal\" \/>\n<meta property=\"article:modified_time\" content=\"2026-03-25T07:31:29+00:00\" \/>\n<meta property=\"og:image\" content=\"https:\/\/sanatmetal.hu\/wp-content\/uploads\/2020\/03\/vpt_lat_test.webp\" \/>\n\t<meta property=\"og:image:width\" content=\"2560\" \/>\n\t<meta property=\"og:image:height\" content=\"1980\" \/>\n\t<meta property=\"og:image:type\" content=\"image\/png\" \/>\n<meta name=\"twitter:card\" content=\"summary_large_image\" \/>\n<meta name=\"twitter:label1\" content=\"Est. reading time\" \/>\n\t<meta name=\"twitter:data1\" content=\"1 minute\" \/>\n<script type=\"application\/ld+json\" class=\"yoast-schema-graph\">{\"@context\":\"https:\/\/schema.org\",\"@graph\":[{\"@type\":\"WebPage\",\"@id\":\"https:\/\/sanatmetal.hu\/tr\/urun\/vortex-proksimal-tibia-plagi\/\",\"url\":\"https:\/\/sanatmetal.hu\/tr\/urun\/vortex-proksimal-tibia-plagi\/\",\"name\":\"Vortex Proksimal Tibia pla\u011f\u0131 - Sanatmetal\",\"isPartOf\":{\"@id\":\"https:\/\/sanatmetal.hu\/#website\"},\"primaryImageOfPage\":{\"@id\":\"https:\/\/sanatmetal.hu\/tr\/urun\/vortex-proksimal-tibia-plagi\/#primaryimage\"},\"image\":{\"@id\":\"https:\/\/sanatmetal.hu\/tr\/urun\/vortex-proksimal-tibia-plagi\/#primaryimage\"},\"thumbnailUrl\":\"https:\/\/sanatmetal.hu\/wp-content\/uploads\/2020\/03\/vpt_lat_test.webp\",\"datePublished\":\"2020-03-04T11:25:49+00:00\",\"dateModified\":\"2026-03-25T07:31:29+00:00\",\"breadcrumb\":{\"@id\":\"https:\/\/sanatmetal.hu\/tr\/urun\/vortex-proksimal-tibia-plagi\/#breadcrumb\"},\"inLanguage\":\"tr-TR\",\"potentialAction\":[{\"@type\":\"ReadAction\",\"target\":[\"https:\/\/sanatmetal.hu\/tr\/urun\/vortex-proksimal-tibia-plagi\/\"]}]},{\"@type\":\"ImageObject\",\"inLanguage\":\"tr-TR\",\"@id\":\"https:\/\/sanatmetal.hu\/tr\/urun\/vortex-proksimal-tibia-plagi\/#primaryimage\",\"url\":\"https:\/\/sanatmetal.hu\/wp-content\/uploads\/2020\/03\/vpt_lat_test.webp\",\"contentUrl\":\"https:\/\/sanatmetal.hu\/wp-content\/uploads\/2020\/03\/vpt_lat_test.webp\",\"width\":2560,\"height\":1980},{\"@type\":\"BreadcrumbList\",\"@id\":\"https:\/\/sanatmetal.hu\/tr\/urun\/vortex-proksimal-tibia-plagi\/#breadcrumb\",\"itemListElement\":[{\"@type\":\"ListItem\",\"position\":1,\"name\":\"Home\",\"item\":\"https:\/\/sanatmetal.hu\/tr\/\"},{\"@type\":\"ListItem\",\"position\":2,\"name\":\"\u00dcr\u00fcnlerimiz\",\"item\":\"https:\/\/sanatmetal.hu\/tr\/urunlerimiz\/\"},{\"@type\":\"ListItem\",\"position\":3,\"name\":\"Vortex Proksimal Tibia pla\u011f\u0131\"}]},{\"@type\":\"WebSite\",\"@id\":\"https:\/\/sanatmetal.hu\/#website\",\"url\":\"https:\/\/sanatmetal.hu\/\",\"name\":\"Sanatmetal\",\"description\":\"\",\"publisher\":{\"@id\":\"https:\/\/sanatmetal.hu\/#organization\"},\"potentialAction\":[{\"@type\":\"SearchAction\",\"target\":{\"@type\":\"EntryPoint\",\"urlTemplate\":\"https:\/\/sanatmetal.hu\/?s={search_term_string}\"},\"query-input\":{\"@type\":\"PropertyValueSpecification\",\"valueRequired\":true,\"valueName\":\"search_term_string\"}}],\"inLanguage\":\"tr-TR\"},{\"@type\":\"Organization\",\"@id\":\"https:\/\/sanatmetal.hu\/#organization\",\"name\":\"Sanatmetal\",\"url\":\"https:\/\/sanatmetal.hu\/\",\"logo\":{\"@type\":\"ImageObject\",\"inLanguage\":\"tr-TR\",\"@id\":\"https:\/\/sanatmetal.hu\/#\/schema\/logo\/image\/\",\"url\":\"https:\/\/sanatmetal.hu\/wp-content\/uploads\/2024\/10\/Nevtelen-terv-5-e1728647058747.png\",\"contentUrl\":\"https:\/\/sanatmetal.hu\/wp-content\/uploads\/2024\/10\/Nevtelen-terv-5-e1728647058747.png\",\"width\":1410,\"height\":1293,\"caption\":\"Sanatmetal\"},\"image\":{\"@id\":\"https:\/\/sanatmetal.hu\/#\/schema\/logo\/image\/\"}}]}<\/script>\n<!-- \/ Yoast SEO plugin. -->","yoast_head_json":{"title":"Vortex Proksimal Tibia pla\u011f\u0131 - Sanatmetal","robots":{"index":"index","follow":"follow","max-snippet":"max-snippet:-1","max-image-preview":"max-image-preview:large","max-video-preview":"max-video-preview:-1"},"canonical":"https:\/\/sanatmetal.hu\/tr\/urun\/vortex-proksimal-tibia-plagi\/","og_locale":"tr_TR","og_type":"article","og_title":"Vortex Proksimal Tibia pla\u011f\u0131 - Sanatmetal","og_description":"Vortex poliaxial plak sistemi, 30 plak ve yaln\u0131zca 3 vida ile t\u00fcm v\u00fccut i\u00e7in \u00e7\u00f6z\u00fcmler sunarken, ayn\u0131 zamanda enstr\u00fcmanlar aras\u0131nda \u00e7apraz uyumluluk da sa\u011flamaktad\u0131r. Vortex Proksimal Tibia (VPT) pla\u011f\u0131, lateral proksimal tibia pla\u011f\u0131d\u0131r. Tarafa \u00f6zg\u00fc ba\u015f hedefleme cihaz\u0131, ba\u015f k\u0131sm\u0131ndaki vidalar\u0131n \u00f6nceden belirlenmi\u015f y\u00f6nlerinin tan\u0131mlanmas\u0131na yard\u0131mc\u0131 olur ve enstr\u00fcmanlar radyolusent, minimal invaziv bir hedefleme kolu [&hellip;]","og_url":"https:\/\/sanatmetal.hu\/tr\/urun\/vortex-proksimal-tibia-plagi\/","og_site_name":"Sanatmetal","article_modified_time":"2026-03-25T07:31:29+00:00","og_image":[{"width":2560,"height":1980,"url":"https:\/\/sanatmetal.hu\/wp-content\/uploads\/2020\/03\/vpt_lat_test.webp","type":"image\/png"}],"twitter_card":"summary_large_image","twitter_misc":{"Est. reading time":"1 minute"},"schema":{"@context":"https:\/\/schema.org","@graph":[{"@type":"WebPage","@id":"https:\/\/sanatmetal.hu\/tr\/urun\/vortex-proksimal-tibia-plagi\/","url":"https:\/\/sanatmetal.hu\/tr\/urun\/vortex-proksimal-tibia-plagi\/","name":"Vortex Proksimal Tibia pla\u011f\u0131 - Sanatmetal","isPartOf":{"@id":"https:\/\/sanatmetal.hu\/#website"},"primaryImageOfPage":{"@id":"https:\/\/sanatmetal.hu\/tr\/urun\/vortex-proksimal-tibia-plagi\/#primaryimage"},"image":{"@id":"https:\/\/sanatmetal.hu\/tr\/urun\/vortex-proksimal-tibia-plagi\/#primaryimage"},"thumbnailUrl":"https:\/\/sanatmetal.hu\/wp-content\/uploads\/2020\/03\/vpt_lat_test.webp","datePublished":"2020-03-04T11:25:49+00:00","dateModified":"2026-03-25T07:31:29+00:00","breadcrumb":{"@id":"https:\/\/sanatmetal.hu\/tr\/urun\/vortex-proksimal-tibia-plagi\/#breadcrumb"},"inLanguage":"tr-TR","potentialAction":[{"@type":"ReadAction","target":["https:\/\/sanatmetal.hu\/tr\/urun\/vortex-proksimal-tibia-plagi\/"]}]},{"@type":"ImageObject","inLanguage":"tr-TR","@id":"https:\/\/sanatmetal.hu\/tr\/urun\/vortex-proksimal-tibia-plagi\/#primaryimage","url":"https:\/\/sanatmetal.hu\/wp-content\/uploads\/2020\/03\/vpt_lat_test.webp","contentUrl":"https:\/\/sanatmetal.hu\/wp-content\/uploads\/2020\/03\/vpt_lat_test.webp","width":2560,"height":1980},{"@type":"BreadcrumbList","@id":"https:\/\/sanatmetal.hu\/tr\/urun\/vortex-proksimal-tibia-plagi\/#breadcrumb","itemListElement":[{"@type":"ListItem","position":1,"name":"Home","item":"https:\/\/sanatmetal.hu\/tr\/"},{"@type":"ListItem","position":2,"name":"\u00dcr\u00fcnlerimiz","item":"https:\/\/sanatmetal.hu\/tr\/urunlerimiz\/"},{"@type":"ListItem","position":3,"name":"Vortex Proksimal Tibia pla\u011f\u0131"}]},{"@type":"WebSite","@id":"https:\/\/sanatmetal.hu\/#website","url":"https:\/\/sanatmetal.hu\/","name":"Sanatmetal","description":"","publisher":{"@id":"https:\/\/sanatmetal.hu\/#organization"},"potentialAction":[{"@type":"SearchAction","target":{"@type":"EntryPoint","urlTemplate":"https:\/\/sanatmetal.hu\/?s={search_term_string}"},"query-input":{"@type":"PropertyValueSpecification","valueRequired":true,"valueName":"search_term_string"}}],"inLanguage":"tr-TR"},{"@type":"Organization","@id":"https:\/\/sanatmetal.hu\/#organization","name":"Sanatmetal","url":"https:\/\/sanatmetal.hu\/","logo":{"@type":"ImageObject","inLanguage":"tr-TR","@id":"https:\/\/sanatmetal.hu\/#\/schema\/logo\/image\/","url":"https:\/\/sanatmetal.hu\/wp-content\/uploads\/2024\/10\/Nevtelen-terv-5-e1728647058747.png","contentUrl":"https:\/\/sanatmetal.hu\/wp-content\/uploads\/2024\/10\/Nevtelen-terv-5-e1728647058747.png","width":1410,"height":1293,"caption":"Sanatmetal"},"image":{"@id":"https:\/\/sanatmetal.hu\/#\/schema\/logo\/image\/"}}]}},"_links":{"self":[{"href":"https:\/\/sanatmetal.hu\/tr\/wp-json\/wp\/v2\/product\/17373","targetHints":{"allow":["GET"]}}],"collection":[{"href":"https:\/\/sanatmetal.hu\/tr\/wp-json\/wp\/v2\/product"}],"about":[{"href":"https:\/\/sanatmetal.hu\/tr\/wp-json\/wp\/v2\/types\/product"}],"wp:featuredmedia":[{"embeddable":true,"href":"https:\/\/sanatmetal.hu\/tr\/wp-json\/wp\/v2\/media\/17374"}],"wp:attachment":[{"href":"https:\/\/sanatmetal.hu\/tr\/wp-json\/wp\/v2\/media?parent=17373"}],"wp:term":[{"taxonomy":"product_brand","embeddable":true,"href":"https:\/\/sanatmetal.hu\/tr\/wp-json\/wp\/v2\/product_brand?post=17373"},{"taxonomy":"product_cat","embeddable":true,"href":"https:\/\/sanatmetal.hu\/tr\/wp-json\/wp\/v2\/product_cat?post=17373"},{"taxonomy":"product_tag","embeddable":true,"href":"https:\/\/sanatmetal.hu\/tr\/wp-json\/wp\/v2\/product_tag?post=17373"}],"curies":[{"name":"wp","href":"https:\/\/api.w.org\/{rel}","templated":true}]}}