{"id":17379,"date":"2020-03-04T11:24:30","date_gmt":"2020-03-04T11:24:30","guid":{"rendered":"https:\/\/sanatmetal.hu\/product\/twx-e-nail\/"},"modified":"2026-03-25T08:14:29","modified_gmt":"2026-03-25T07:14:29","slug":"twx-e-civisi","status":"publish","type":"product","link":"https:\/\/sanatmetal.hu\/tr\/product\/twx-e-civisi\/","title":{"rendered":"TWX-E \u00e7ivisi"},"content":{"rendered":"<p data-start=\"18\" data-end=\"173\">TWX-E, distal kilitleme s\u0131ras\u0131nda floroskopi y\u00fck\u00fcn\u00fc en aza indirmek amac\u0131yla, \u00f6zel bir deli\u011fe ba\u011flanan manuel hedefleme cihaz\u0131na sahip bir tibia \u00e7ivisidir.<\/p>\n<p data-start=\"175\" data-end=\"192\">Temel avantajlar:<\/p>\n<ul data-start=\"194\" data-end=\"471\">\n<li data-section-id=\"15l5456\" data-start=\"194\" data-end=\"218\">\u00e7ok d\u00fczlemli kilitleme<\/li>\n<li data-section-id=\"mrgwyi\" data-start=\"219\" data-end=\"259\">tek tu\u015fla d\u00f6nd\u00fcr\u00fclebilen proksimal kol<\/li>\n<li data-section-id=\"1ogj62q\" data-start=\"260\" data-end=\"313\">\u00e7ivi ucundan 5 mm uzakl\u0131kta \u00f6zel oblik distal delik<\/li>\n<li data-section-id=\"3mozge\" data-start=\"314\" data-end=\"359\">kolay yerle\u015ftirme i\u00e7in anatomik e\u011fimli \u00e7ivi<\/li>\n<li data-section-id=\"12fdol1\" data-start=\"360\" data-end=\"395\">kan\u00fcll\u00fc, dinamize edilebilir \u00e7ivi<\/li>\n<li data-section-id=\"1i73iut\" data-start=\"396\" data-end=\"442\">\u00e7ap ve uzunluk a\u00e7\u0131s\u0131ndan geni\u015f boyut aral\u0131\u011f\u0131<\/li>\n<li data-section-id=\"1f21llq\" data-start=\"443\" data-end=\"471\">renk kodlu, hatas\u0131z sistem<\/li>\n<\/ul>\n","protected":false},"excerpt":{"rendered":"<p>TWX-E, distal kilitleme s\u0131ras\u0131nda floroskopi y\u00fck\u00fcn\u00fc en aza indirmek amac\u0131yla, \u00f6zel bir deli\u011fe ba\u011flanan manuel hedefleme cihaz\u0131na sahip bir tibia \u00e7ivisidir. Temel avantajlar: \u00e7ok d\u00fczlemli kilitleme tek tu\u015fla d\u00f6nd\u00fcr\u00fclebilen proksimal kol \u00e7ivi ucundan 5 mm uzakl\u0131kta \u00f6zel oblik distal delik kolay yerle\u015ftirme i\u00e7in anatomik e\u011fimli \u00e7ivi kan\u00fcll\u00fc, dinamize edilebilir \u00e7ivi \u00e7ap ve uzunluk a\u00e7\u0131s\u0131ndan geni\u015f [&hellip;]<\/p>\n","protected":false},"featured_media":17380,"template":"","meta":[],"product_brand":[],"product_cat":[1226],"product_tag":[],"class_list":{"0":"post-17379","1":"product","2":"type-product","3":"status-publish","4":"has-post-thumbnail","6":"product_cat-tibia","7":"testtaj-intrameduller-civi-sistemleri-tibia","8":"testtaj-alt-ekstremite","9":"testtaj-tibia","11":"first","12":"instock","13":"shipping-taxable","14":"product-type-simple"},"yoast_head":"<!-- This site is optimized with the Yoast SEO plugin v27.2 - https:\/\/yoast.com\/product\/yoast-seo-wordpress\/ -->\n<title>TWX-E \u00e7ivisi - Sanatmetal<\/title>\n<meta name=\"robots\" content=\"index, follow, max-snippet:-1, max-image-preview:large, max-video-preview:-1\" \/>\n<link rel=\"canonical\" href=\"https:\/\/sanatmetal.hu\/tr\/urun\/twx-e-civisi\/\" \/>\n<meta property=\"og:locale\" content=\"tr_TR\" \/>\n<meta property=\"og:type\" content=\"article\" \/>\n<meta property=\"og:title\" content=\"TWX-E \u00e7ivisi - Sanatmetal\" \/>\n<meta property=\"og:description\" content=\"TWX-E, distal kilitleme s\u0131ras\u0131nda floroskopi y\u00fck\u00fcn\u00fc en aza indirmek amac\u0131yla, \u00f6zel bir deli\u011fe ba\u011flanan manuel hedefleme cihaz\u0131na sahip bir tibia \u00e7ivisidir. Temel avantajlar: \u00e7ok d\u00fczlemli kilitleme tek tu\u015fla d\u00f6nd\u00fcr\u00fclebilen proksimal kol \u00e7ivi ucundan 5 mm uzakl\u0131kta \u00f6zel oblik distal delik kolay yerle\u015ftirme i\u00e7in anatomik e\u011fimli \u00e7ivi kan\u00fcll\u00fc, dinamize edilebilir \u00e7ivi \u00e7ap ve uzunluk a\u00e7\u0131s\u0131ndan geni\u015f [&hellip;]\" \/>\n<meta property=\"og:url\" content=\"https:\/\/sanatmetal.hu\/tr\/urun\/twx-e-civisi\/\" \/>\n<meta property=\"og:site_name\" content=\"Sanatmetal\" \/>\n<meta property=\"article:modified_time\" content=\"2026-03-25T07:14:29+00:00\" \/>\n<meta property=\"og:image\" content=\"https:\/\/sanatmetal.hu\/wp-content\/uploads\/2020\/03\/TWX.webp\" \/>\n\t<meta property=\"og:image:width\" content=\"1200\" \/>\n\t<meta property=\"og:image:height\" content=\"798\" \/>\n\t<meta property=\"og:image:type\" content=\"image\/jpeg\" \/>\n<meta name=\"twitter:card\" content=\"summary_large_image\" \/>\n<meta name=\"twitter:label1\" content=\"Est. reading time\" \/>\n\t<meta name=\"twitter:data1\" content=\"1 minute\" \/>\n<script type=\"application\/ld+json\" class=\"yoast-schema-graph\">{\"@context\":\"https:\/\/schema.org\",\"@graph\":[{\"@type\":\"WebPage\",\"@id\":\"https:\/\/sanatmetal.hu\/tr\/urun\/twx-e-civisi\/\",\"url\":\"https:\/\/sanatmetal.hu\/tr\/urun\/twx-e-civisi\/\",\"name\":\"TWX-E \u00e7ivisi - Sanatmetal\",\"isPartOf\":{\"@id\":\"https:\/\/sanatmetal.hu\/#website\"},\"primaryImageOfPage\":{\"@id\":\"https:\/\/sanatmetal.hu\/tr\/urun\/twx-e-civisi\/#primaryimage\"},\"image\":{\"@id\":\"https:\/\/sanatmetal.hu\/tr\/urun\/twx-e-civisi\/#primaryimage\"},\"thumbnailUrl\":\"https:\/\/sanatmetal.hu\/wp-content\/uploads\/2020\/03\/TWX.webp\",\"datePublished\":\"2020-03-04T11:24:30+00:00\",\"dateModified\":\"2026-03-25T07:14:29+00:00\",\"breadcrumb\":{\"@id\":\"https:\/\/sanatmetal.hu\/tr\/urun\/twx-e-civisi\/#breadcrumb\"},\"inLanguage\":\"tr-TR\",\"potentialAction\":[{\"@type\":\"ReadAction\",\"target\":[\"https:\/\/sanatmetal.hu\/tr\/urun\/twx-e-civisi\/\"]}]},{\"@type\":\"ImageObject\",\"inLanguage\":\"tr-TR\",\"@id\":\"https:\/\/sanatmetal.hu\/tr\/urun\/twx-e-civisi\/#primaryimage\",\"url\":\"https:\/\/sanatmetal.hu\/wp-content\/uploads\/2020\/03\/TWX.webp\",\"contentUrl\":\"https:\/\/sanatmetal.hu\/wp-content\/uploads\/2020\/03\/TWX.webp\",\"width\":1200,\"height\":798},{\"@type\":\"BreadcrumbList\",\"@id\":\"https:\/\/sanatmetal.hu\/tr\/urun\/twx-e-civisi\/#breadcrumb\",\"itemListElement\":[{\"@type\":\"ListItem\",\"position\":1,\"name\":\"Home\",\"item\":\"https:\/\/sanatmetal.hu\/tr\/\"},{\"@type\":\"ListItem\",\"position\":2,\"name\":\"\u00dcr\u00fcnlerimiz\",\"item\":\"https:\/\/sanatmetal.hu\/tr\/urunlerimiz\/\"},{\"@type\":\"ListItem\",\"position\":3,\"name\":\"TWX-E \u00e7ivisi\"}]},{\"@type\":\"WebSite\",\"@id\":\"https:\/\/sanatmetal.hu\/#website\",\"url\":\"https:\/\/sanatmetal.hu\/\",\"name\":\"Sanatmetal\",\"description\":\"\",\"publisher\":{\"@id\":\"https:\/\/sanatmetal.hu\/#organization\"},\"potentialAction\":[{\"@type\":\"SearchAction\",\"target\":{\"@type\":\"EntryPoint\",\"urlTemplate\":\"https:\/\/sanatmetal.hu\/?s={search_term_string}\"},\"query-input\":{\"@type\":\"PropertyValueSpecification\",\"valueRequired\":true,\"valueName\":\"search_term_string\"}}],\"inLanguage\":\"tr-TR\"},{\"@type\":\"Organization\",\"@id\":\"https:\/\/sanatmetal.hu\/#organization\",\"name\":\"Sanatmetal\",\"url\":\"https:\/\/sanatmetal.hu\/\",\"logo\":{\"@type\":\"ImageObject\",\"inLanguage\":\"tr-TR\",\"@id\":\"https:\/\/sanatmetal.hu\/#\/schema\/logo\/image\/\",\"url\":\"https:\/\/sanatmetal.hu\/wp-content\/uploads\/2024\/10\/Nevtelen-terv-5-e1728647058747.png\",\"contentUrl\":\"https:\/\/sanatmetal.hu\/wp-content\/uploads\/2024\/10\/Nevtelen-terv-5-e1728647058747.png\",\"width\":1410,\"height\":1293,\"caption\":\"Sanatmetal\"},\"image\":{\"@id\":\"https:\/\/sanatmetal.hu\/#\/schema\/logo\/image\/\"}}]}<\/script>\n<!-- \/ Yoast SEO plugin. -->","yoast_head_json":{"title":"TWX-E \u00e7ivisi - Sanatmetal","robots":{"index":"index","follow":"follow","max-snippet":"max-snippet:-1","max-image-preview":"max-image-preview:large","max-video-preview":"max-video-preview:-1"},"canonical":"https:\/\/sanatmetal.hu\/tr\/urun\/twx-e-civisi\/","og_locale":"tr_TR","og_type":"article","og_title":"TWX-E \u00e7ivisi - Sanatmetal","og_description":"TWX-E, distal kilitleme s\u0131ras\u0131nda floroskopi y\u00fck\u00fcn\u00fc en aza indirmek amac\u0131yla, \u00f6zel bir deli\u011fe ba\u011flanan manuel hedefleme cihaz\u0131na sahip bir tibia \u00e7ivisidir. Temel avantajlar: \u00e7ok d\u00fczlemli kilitleme tek tu\u015fla d\u00f6nd\u00fcr\u00fclebilen proksimal kol \u00e7ivi ucundan 5 mm uzakl\u0131kta \u00f6zel oblik distal delik kolay yerle\u015ftirme i\u00e7in anatomik e\u011fimli \u00e7ivi kan\u00fcll\u00fc, dinamize edilebilir \u00e7ivi \u00e7ap ve uzunluk a\u00e7\u0131s\u0131ndan geni\u015f [&hellip;]","og_url":"https:\/\/sanatmetal.hu\/tr\/urun\/twx-e-civisi\/","og_site_name":"Sanatmetal","article_modified_time":"2026-03-25T07:14:29+00:00","og_image":[{"width":1200,"height":798,"url":"https:\/\/sanatmetal.hu\/wp-content\/uploads\/2020\/03\/TWX.webp","type":"image\/jpeg"}],"twitter_card":"summary_large_image","twitter_misc":{"Est. reading time":"1 minute"},"schema":{"@context":"https:\/\/schema.org","@graph":[{"@type":"WebPage","@id":"https:\/\/sanatmetal.hu\/tr\/urun\/twx-e-civisi\/","url":"https:\/\/sanatmetal.hu\/tr\/urun\/twx-e-civisi\/","name":"TWX-E \u00e7ivisi - Sanatmetal","isPartOf":{"@id":"https:\/\/sanatmetal.hu\/#website"},"primaryImageOfPage":{"@id":"https:\/\/sanatmetal.hu\/tr\/urun\/twx-e-civisi\/#primaryimage"},"image":{"@id":"https:\/\/sanatmetal.hu\/tr\/urun\/twx-e-civisi\/#primaryimage"},"thumbnailUrl":"https:\/\/sanatmetal.hu\/wp-content\/uploads\/2020\/03\/TWX.webp","datePublished":"2020-03-04T11:24:30+00:00","dateModified":"2026-03-25T07:14:29+00:00","breadcrumb":{"@id":"https:\/\/sanatmetal.hu\/tr\/urun\/twx-e-civisi\/#breadcrumb"},"inLanguage":"tr-TR","potentialAction":[{"@type":"ReadAction","target":["https:\/\/sanatmetal.hu\/tr\/urun\/twx-e-civisi\/"]}]},{"@type":"ImageObject","inLanguage":"tr-TR","@id":"https:\/\/sanatmetal.hu\/tr\/urun\/twx-e-civisi\/#primaryimage","url":"https:\/\/sanatmetal.hu\/wp-content\/uploads\/2020\/03\/TWX.webp","contentUrl":"https:\/\/sanatmetal.hu\/wp-content\/uploads\/2020\/03\/TWX.webp","width":1200,"height":798},{"@type":"BreadcrumbList","@id":"https:\/\/sanatmetal.hu\/tr\/urun\/twx-e-civisi\/#breadcrumb","itemListElement":[{"@type":"ListItem","position":1,"name":"Home","item":"https:\/\/sanatmetal.hu\/tr\/"},{"@type":"ListItem","position":2,"name":"\u00dcr\u00fcnlerimiz","item":"https:\/\/sanatmetal.hu\/tr\/urunlerimiz\/"},{"@type":"ListItem","position":3,"name":"TWX-E \u00e7ivisi"}]},{"@type":"WebSite","@id":"https:\/\/sanatmetal.hu\/#website","url":"https:\/\/sanatmetal.hu\/","name":"Sanatmetal","description":"","publisher":{"@id":"https:\/\/sanatmetal.hu\/#organization"},"potentialAction":[{"@type":"SearchAction","target":{"@type":"EntryPoint","urlTemplate":"https:\/\/sanatmetal.hu\/?s={search_term_string}"},"query-input":{"@type":"PropertyValueSpecification","valueRequired":true,"valueName":"search_term_string"}}],"inLanguage":"tr-TR"},{"@type":"Organization","@id":"https:\/\/sanatmetal.hu\/#organization","name":"Sanatmetal","url":"https:\/\/sanatmetal.hu\/","logo":{"@type":"ImageObject","inLanguage":"tr-TR","@id":"https:\/\/sanatmetal.hu\/#\/schema\/logo\/image\/","url":"https:\/\/sanatmetal.hu\/wp-content\/uploads\/2024\/10\/Nevtelen-terv-5-e1728647058747.png","contentUrl":"https:\/\/sanatmetal.hu\/wp-content\/uploads\/2024\/10\/Nevtelen-terv-5-e1728647058747.png","width":1410,"height":1293,"caption":"Sanatmetal"},"image":{"@id":"https:\/\/sanatmetal.hu\/#\/schema\/logo\/image\/"}}]}},"_links":{"self":[{"href":"https:\/\/sanatmetal.hu\/tr\/wp-json\/wp\/v2\/product\/17379","targetHints":{"allow":["GET"]}}],"collection":[{"href":"https:\/\/sanatmetal.hu\/tr\/wp-json\/wp\/v2\/product"}],"about":[{"href":"https:\/\/sanatmetal.hu\/tr\/wp-json\/wp\/v2\/types\/product"}],"wp:featuredmedia":[{"embeddable":true,"href":"https:\/\/sanatmetal.hu\/tr\/wp-json\/wp\/v2\/media\/17380"}],"wp:attachment":[{"href":"https:\/\/sanatmetal.hu\/tr\/wp-json\/wp\/v2\/media?parent=17379"}],"wp:term":[{"taxonomy":"product_brand","embeddable":true,"href":"https:\/\/sanatmetal.hu\/tr\/wp-json\/wp\/v2\/product_brand?post=17379"},{"taxonomy":"product_cat","embeddable":true,"href":"https:\/\/sanatmetal.hu\/tr\/wp-json\/wp\/v2\/product_cat?post=17379"},{"taxonomy":"product_tag","embeddable":true,"href":"https:\/\/sanatmetal.hu\/tr\/wp-json\/wp\/v2\/product_tag?post=17379"}],"curies":[{"name":"wp","href":"https:\/\/api.w.org\/{rel}","templated":true}]}}