{"id":17381,"date":"2020-03-04T11:20:21","date_gmt":"2020-03-04T11:20:21","guid":{"rendered":"https:\/\/sanatmetal.hu\/product\/magic-tibia-nail\/"},"modified":"2026-05-08T07:52:54","modified_gmt":"2026-05-08T06:52:54","slug":"magic-tibia-civisi","status":"publish","type":"product","link":"https:\/\/sanatmetal.hu\/tr\/product\/magic-tibia-civisi\/","title":{"rendered":"Magic Tibia \u00e7ivisi"},"content":{"rendered":"<p data-start=\"44097\" data-end=\"44149\"><strong data-start=\"44097\" data-end=\"44149\">Tibia cerrahilerinde distal kilitlemenin zorlu\u011fu<\/strong><\/p>\n<p data-start=\"44151\" data-end=\"44550\">Tibia intramed\u00fcller \u00e7ivilemesinde distal kilitleme en kritik cerrahi ad\u0131mlardan biridir ve geleneksel prosed\u00fcrlerde bu ad\u0131m \u00e7o\u011funlukla floroskopiye dayan\u0131r. Bu cerrahi ad\u0131m zaman al\u0131c\u0131 olabilir, radyasyon maruziyetini art\u0131r\u0131r ve cerrah\u0131n \u00f6nemli d\u00fczeyde konsantrasyon g\u00f6stermesini gerektirir.<br data-start=\"44442\" data-end=\"44445\" \/>S\u00fcrecin do\u011frulu\u011fu ve \u00f6ng\u00f6r\u00fclebilirli\u011fi uygun fiksasyon ve stabil iyile\u015fme a\u00e7\u0131s\u0131ndan kilit \u00f6neme sahiptir.<\/p>\n<p data-start=\"44552\" data-end=\"44585\"><strong data-start=\"44552\" data-end=\"44585\">Radyasyonsuz distal kilitleme<\/strong><\/p>\n<p data-start=\"44587\" data-end=\"45084\">MAGIC Tibia sistemi, \u00f6nceki SpectruM Tibia \/ TWX-E \u00e7ivi sisteminin geli\u015ftirilmi\u015f versiyonudur ve \u00f6zel delik tasar\u0131m\u0131n\u0131 MAGIC manyetik hedefleme sistemiyle tamamlar.<br data-start=\"44751\" data-end=\"44754\" \/>MAGIC sistemi, radyasyonsuz distal kilitlemeye olanak tan\u0131yarak tibia intramed\u00fcller \u00e7ivilemesinde de daha \u00f6ng\u00f6r\u00fclebilir, daha do\u011fru ve y\u00f6nlendirilmi\u015f bir cerrahi i\u015f ak\u0131\u015f\u0131n\u0131 destekler. Odak noktas\u0131 teknoloji de\u011fil, cerrahi sonu\u00e7tur: daha az radyasyon kullan\u0131m\u0131, daha kontroll\u00fc hedefleme ve cerrah i\u00e7in daha iyi bir cerrahi deneyim.<\/p>\n<p data-start=\"45086\" data-end=\"45125\"><strong data-start=\"45086\" data-end=\"45125\">MAGIC &#8211; manyetik cerrahi navigasyon<\/strong><\/p>\n<p data-start=\"45127\" data-end=\"45498\">MAGIC, distal hedefleme ve kilitlemenin kritik ad\u0131m\u0131n\u0131 destekleyen manyetik bir cerrahi navigasyon \u00e7\u00f6z\u00fcm\u00fcd\u00fcr. Sistemin de\u011feri, i\u015f ak\u0131\u015f\u0131 d\u00fczeyindeki yakla\u015f\u0131m\u0131nda yatmaktad\u0131r: ek yat\u0131r\u0131m altyap\u0131s\u0131na ihtiya\u00e7 duymadan y\u00f6nlendirilmi\u015f, sezgisel ve tekrarlanabilir cerrahi ad\u0131mlar sa\u011flar. Bu da teknolojinin mevcut cerrahi prati\u011fe sorunsuz \u015fekilde entegre olmas\u0131n\u0131 m\u00fcmk\u00fcn k\u0131lar.<\/p>\n<p data-start=\"45500\" data-end=\"45555\"><strong data-start=\"45500\" data-end=\"45555\">Tibia intramed\u00fcller \u00e7ivilemesi s\u0131ras\u0131nda avantajlar<\/strong><\/p>\n<ul data-start=\"45557\" data-end=\"45891\">\n<li data-section-id=\"4id83q\" data-start=\"45557\" data-end=\"45591\">\u00e7ok d\u00fczlemli proksimal kilitleme<\/li>\n<li data-section-id=\"gbtl4a\" data-start=\"45592\" data-end=\"45651\">d\u00fc\u011fmeye bas\u0131larak d\u00f6nd\u00fcr\u00fclebilen proksimal hedefleme kolu<\/li>\n<li data-section-id=\"71g0fr\" data-start=\"45652\" data-end=\"45698\">do\u011fru hedefleme i\u00e7in \u00f6zel distal oblik delik<\/li>\n<li data-section-id=\"1ps6g0i\" data-start=\"45699\" data-end=\"45749\">daha kolay yerle\u015ftirme i\u00e7in anatomik e\u011fimli \u00e7ivi<\/li>\n<li data-section-id=\"1vxu3qh\" data-start=\"45750\" data-end=\"45793\">kan\u00fcll\u00fc, dinamize edilebilir \u00e7ivi sistemi<\/li>\n<li data-section-id=\"7ptj6x\" data-start=\"45794\" data-end=\"45840\">uzunluk ve \u00e7ap a\u00e7\u0131s\u0131ndan geni\u015f \u00f6l\u00e7\u00fc se\u00e7ene\u011fi<\/li>\n<li data-section-id=\"1npudks\" data-start=\"45841\" data-end=\"45891\">g\u00fcvenli ve h\u0131zl\u0131 kullan\u0131m i\u00e7in renk kodlu sistem<\/li>\n<\/ul>\n<p><iframe loading=\"lazy\" title=\"MAGIC - Distal targeting without X-Ray - promotional video\" width=\"500\" height=\"281\" src=\"https:\/\/www.youtube.com\/embed\/UoFdHPE_3EU?start=5&#038;feature=oembed\" frameborder=\"0\" allow=\"accelerometer; autoplay; clipboard-write; encrypted-media; gyroscope; picture-in-picture; web-share\" referrerpolicy=\"strict-origin-when-cross-origin\" allowfullscreen><\/iframe><\/p>\n","protected":false},"excerpt":{"rendered":"<p>Tibia cerrahilerinde distal kilitlemenin zorlu\u011fu Tibia intramed\u00fcller \u00e7ivilemesinde distal kilitleme en kritik cerrahi ad\u0131mlardan biridir ve geleneksel prosed\u00fcrlerde bu ad\u0131m \u00e7o\u011funlukla floroskopiye dayan\u0131r. Bu cerrahi ad\u0131m zaman al\u0131c\u0131 olabilir, radyasyon maruziyetini art\u0131r\u0131r ve cerrah\u0131n \u00f6nemli d\u00fczeyde konsantrasyon g\u00f6stermesini gerektirir.S\u00fcrecin do\u011frulu\u011fu ve \u00f6ng\u00f6r\u00fclebilirli\u011fi uygun fiksasyon ve stabil iyile\u015fme a\u00e7\u0131s\u0131ndan kilit \u00f6neme sahiptir. Radyasyonsuz distal kilitleme MAGIC [&hellip;]<\/p>\n","protected":false},"featured_media":17383,"template":"","meta":[],"product_brand":[],"product_cat":[1226],"product_tag":[],"class_list":{"0":"post-17381","1":"product","2":"type-product","3":"status-publish","4":"has-post-thumbnail","6":"product_cat-tibia","7":"testtaj-intrameduller-civi-sistemleri-tibia","8":"testtaj-tibia","9":"markanev-magic","11":"first","12":"instock","13":"shipping-taxable","14":"product-type-simple"},"yoast_head":"<!-- This site is optimized with the Yoast SEO plugin v27.2 - https:\/\/yoast.com\/product\/yoast-seo-wordpress\/ -->\n<title>Magic Tibia \u00e7ivisi - Sanatmetal<\/title>\n<meta name=\"robots\" content=\"index, follow, max-snippet:-1, max-image-preview:large, max-video-preview:-1\" \/>\n<link rel=\"canonical\" href=\"https:\/\/sanatmetal.hu\/tr\/product\/magic-tibia-civisi\/\" \/>\n<meta property=\"og:locale\" content=\"tr_TR\" \/>\n<meta property=\"og:type\" content=\"article\" \/>\n<meta property=\"og:title\" content=\"Magic Tibia \u00e7ivisi - Sanatmetal\" \/>\n<meta property=\"og:description\" content=\"Tibia cerrahilerinde distal kilitlemenin zorlu\u011fu Tibia intramed\u00fcller \u00e7ivilemesinde distal kilitleme en kritik cerrahi ad\u0131mlardan biridir ve geleneksel prosed\u00fcrlerde bu ad\u0131m \u00e7o\u011funlukla floroskopiye dayan\u0131r. Bu cerrahi ad\u0131m zaman al\u0131c\u0131 olabilir, radyasyon maruziyetini art\u0131r\u0131r ve cerrah\u0131n \u00f6nemli d\u00fczeyde konsantrasyon g\u00f6stermesini gerektirir.S\u00fcrecin do\u011frulu\u011fu ve \u00f6ng\u00f6r\u00fclebilirli\u011fi uygun fiksasyon ve stabil iyile\u015fme a\u00e7\u0131s\u0131ndan kilit \u00f6neme sahiptir. Radyasyonsuz distal kilitleme MAGIC [&hellip;]\" \/>\n<meta property=\"og:url\" content=\"https:\/\/sanatmetal.hu\/tr\/product\/magic-tibia-civisi\/\" \/>\n<meta property=\"og:site_name\" content=\"Sanatmetal\" \/>\n<meta property=\"article:modified_time\" content=\"2026-05-08T06:52:54+00:00\" \/>\n<meta property=\"og:image\" content=\"https:\/\/sanatmetal.hu\/wp-content\/uploads\/2020\/03\/111-scaled.webp\" \/>\n\t<meta property=\"og:image:width\" content=\"2560\" \/>\n\t<meta property=\"og:image:height\" content=\"1920\" \/>\n\t<meta property=\"og:image:type\" content=\"image\/jpeg\" \/>\n<meta name=\"twitter:card\" content=\"summary_large_image\" \/>\n<meta name=\"twitter:label1\" content=\"Est. reading time\" \/>\n\t<meta name=\"twitter:data1\" content=\"2 minutes\" \/>\n<script type=\"application\/ld+json\" class=\"yoast-schema-graph\">{\"@context\":\"https:\/\/schema.org\",\"@graph\":[{\"@type\":\"WebPage\",\"@id\":\"https:\/\/sanatmetal.hu\/tr\/product\/magic-tibia-civisi\/\",\"url\":\"https:\/\/sanatmetal.hu\/tr\/product\/magic-tibia-civisi\/\",\"name\":\"Magic Tibia \u00e7ivisi - Sanatmetal\",\"isPartOf\":{\"@id\":\"https:\/\/sanatmetal.hu\/#website\"},\"primaryImageOfPage\":{\"@id\":\"https:\/\/sanatmetal.hu\/tr\/product\/magic-tibia-civisi\/#primaryimage\"},\"image\":{\"@id\":\"https:\/\/sanatmetal.hu\/tr\/product\/magic-tibia-civisi\/#primaryimage\"},\"thumbnailUrl\":\"https:\/\/sanatmetal.hu\/wp-content\/uploads\/2020\/03\/111-scaled.webp\",\"datePublished\":\"2020-03-04T11:20:21+00:00\",\"dateModified\":\"2026-05-08T06:52:54+00:00\",\"breadcrumb\":{\"@id\":\"https:\/\/sanatmetal.hu\/tr\/product\/magic-tibia-civisi\/#breadcrumb\"},\"inLanguage\":\"tr-TR\",\"potentialAction\":[{\"@type\":\"ReadAction\",\"target\":[\"https:\/\/sanatmetal.hu\/tr\/product\/magic-tibia-civisi\/\"]}]},{\"@type\":\"ImageObject\",\"inLanguage\":\"tr-TR\",\"@id\":\"https:\/\/sanatmetal.hu\/tr\/product\/magic-tibia-civisi\/#primaryimage\",\"url\":\"https:\/\/sanatmetal.hu\/wp-content\/uploads\/2020\/03\/111-scaled.webp\",\"contentUrl\":\"https:\/\/sanatmetal.hu\/wp-content\/uploads\/2020\/03\/111-scaled.webp\",\"width\":2560,\"height\":1920},{\"@type\":\"BreadcrumbList\",\"@id\":\"https:\/\/sanatmetal.hu\/tr\/product\/magic-tibia-civisi\/#breadcrumb\",\"itemListElement\":[{\"@type\":\"ListItem\",\"position\":1,\"name\":\"Home\",\"item\":\"https:\/\/sanatmetal.hu\/tr\/\"},{\"@type\":\"ListItem\",\"position\":2,\"name\":\"\u00dcr\u00fcnlerimiz\",\"item\":\"https:\/\/sanatmetal.hu\/tr\/urunlerimiz\/\"},{\"@type\":\"ListItem\",\"position\":3,\"name\":\"Magic Tibia \u00e7ivisi\"}]},{\"@type\":\"WebSite\",\"@id\":\"https:\/\/sanatmetal.hu\/#website\",\"url\":\"https:\/\/sanatmetal.hu\/\",\"name\":\"Sanatmetal\",\"description\":\"\",\"publisher\":{\"@id\":\"https:\/\/sanatmetal.hu\/#organization\"},\"potentialAction\":[{\"@type\":\"SearchAction\",\"target\":{\"@type\":\"EntryPoint\",\"urlTemplate\":\"https:\/\/sanatmetal.hu\/?s={search_term_string}\"},\"query-input\":{\"@type\":\"PropertyValueSpecification\",\"valueRequired\":true,\"valueName\":\"search_term_string\"}}],\"inLanguage\":\"tr-TR\"},{\"@type\":\"Organization\",\"@id\":\"https:\/\/sanatmetal.hu\/#organization\",\"name\":\"Sanatmetal\",\"url\":\"https:\/\/sanatmetal.hu\/\",\"logo\":{\"@type\":\"ImageObject\",\"inLanguage\":\"tr-TR\",\"@id\":\"https:\/\/sanatmetal.hu\/#\/schema\/logo\/image\/\",\"url\":\"https:\/\/sanatmetal.hu\/wp-content\/uploads\/2024\/10\/Nevtelen-terv-5-e1728647058747.png\",\"contentUrl\":\"https:\/\/sanatmetal.hu\/wp-content\/uploads\/2024\/10\/Nevtelen-terv-5-e1728647058747.png\",\"width\":1410,\"height\":1293,\"caption\":\"Sanatmetal\"},\"image\":{\"@id\":\"https:\/\/sanatmetal.hu\/#\/schema\/logo\/image\/\"}}]}<\/script>\n<!-- \/ Yoast SEO plugin. -->","yoast_head_json":{"title":"Magic Tibia \u00e7ivisi - Sanatmetal","robots":{"index":"index","follow":"follow","max-snippet":"max-snippet:-1","max-image-preview":"max-image-preview:large","max-video-preview":"max-video-preview:-1"},"canonical":"https:\/\/sanatmetal.hu\/tr\/product\/magic-tibia-civisi\/","og_locale":"tr_TR","og_type":"article","og_title":"Magic Tibia \u00e7ivisi - Sanatmetal","og_description":"Tibia cerrahilerinde distal kilitlemenin zorlu\u011fu Tibia intramed\u00fcller \u00e7ivilemesinde distal kilitleme en kritik cerrahi ad\u0131mlardan biridir ve geleneksel prosed\u00fcrlerde bu ad\u0131m \u00e7o\u011funlukla floroskopiye dayan\u0131r. Bu cerrahi ad\u0131m zaman al\u0131c\u0131 olabilir, radyasyon maruziyetini art\u0131r\u0131r ve cerrah\u0131n \u00f6nemli d\u00fczeyde konsantrasyon g\u00f6stermesini gerektirir.S\u00fcrecin do\u011frulu\u011fu ve \u00f6ng\u00f6r\u00fclebilirli\u011fi uygun fiksasyon ve stabil iyile\u015fme a\u00e7\u0131s\u0131ndan kilit \u00f6neme sahiptir. Radyasyonsuz distal kilitleme MAGIC [&hellip;]","og_url":"https:\/\/sanatmetal.hu\/tr\/product\/magic-tibia-civisi\/","og_site_name":"Sanatmetal","article_modified_time":"2026-05-08T06:52:54+00:00","og_image":[{"width":2560,"height":1920,"url":"https:\/\/sanatmetal.hu\/wp-content\/uploads\/2020\/03\/111-scaled.webp","type":"image\/jpeg"}],"twitter_card":"summary_large_image","twitter_misc":{"Est. reading time":"2 minutes"},"schema":{"@context":"https:\/\/schema.org","@graph":[{"@type":"WebPage","@id":"https:\/\/sanatmetal.hu\/tr\/product\/magic-tibia-civisi\/","url":"https:\/\/sanatmetal.hu\/tr\/product\/magic-tibia-civisi\/","name":"Magic Tibia \u00e7ivisi - Sanatmetal","isPartOf":{"@id":"https:\/\/sanatmetal.hu\/#website"},"primaryImageOfPage":{"@id":"https:\/\/sanatmetal.hu\/tr\/product\/magic-tibia-civisi\/#primaryimage"},"image":{"@id":"https:\/\/sanatmetal.hu\/tr\/product\/magic-tibia-civisi\/#primaryimage"},"thumbnailUrl":"https:\/\/sanatmetal.hu\/wp-content\/uploads\/2020\/03\/111-scaled.webp","datePublished":"2020-03-04T11:20:21+00:00","dateModified":"2026-05-08T06:52:54+00:00","breadcrumb":{"@id":"https:\/\/sanatmetal.hu\/tr\/product\/magic-tibia-civisi\/#breadcrumb"},"inLanguage":"tr-TR","potentialAction":[{"@type":"ReadAction","target":["https:\/\/sanatmetal.hu\/tr\/product\/magic-tibia-civisi\/"]}]},{"@type":"ImageObject","inLanguage":"tr-TR","@id":"https:\/\/sanatmetal.hu\/tr\/product\/magic-tibia-civisi\/#primaryimage","url":"https:\/\/sanatmetal.hu\/wp-content\/uploads\/2020\/03\/111-scaled.webp","contentUrl":"https:\/\/sanatmetal.hu\/wp-content\/uploads\/2020\/03\/111-scaled.webp","width":2560,"height":1920},{"@type":"BreadcrumbList","@id":"https:\/\/sanatmetal.hu\/tr\/product\/magic-tibia-civisi\/#breadcrumb","itemListElement":[{"@type":"ListItem","position":1,"name":"Home","item":"https:\/\/sanatmetal.hu\/tr\/"},{"@type":"ListItem","position":2,"name":"\u00dcr\u00fcnlerimiz","item":"https:\/\/sanatmetal.hu\/tr\/urunlerimiz\/"},{"@type":"ListItem","position":3,"name":"Magic Tibia \u00e7ivisi"}]},{"@type":"WebSite","@id":"https:\/\/sanatmetal.hu\/#website","url":"https:\/\/sanatmetal.hu\/","name":"Sanatmetal","description":"","publisher":{"@id":"https:\/\/sanatmetal.hu\/#organization"},"potentialAction":[{"@type":"SearchAction","target":{"@type":"EntryPoint","urlTemplate":"https:\/\/sanatmetal.hu\/?s={search_term_string}"},"query-input":{"@type":"PropertyValueSpecification","valueRequired":true,"valueName":"search_term_string"}}],"inLanguage":"tr-TR"},{"@type":"Organization","@id":"https:\/\/sanatmetal.hu\/#organization","name":"Sanatmetal","url":"https:\/\/sanatmetal.hu\/","logo":{"@type":"ImageObject","inLanguage":"tr-TR","@id":"https:\/\/sanatmetal.hu\/#\/schema\/logo\/image\/","url":"https:\/\/sanatmetal.hu\/wp-content\/uploads\/2024\/10\/Nevtelen-terv-5-e1728647058747.png","contentUrl":"https:\/\/sanatmetal.hu\/wp-content\/uploads\/2024\/10\/Nevtelen-terv-5-e1728647058747.png","width":1410,"height":1293,"caption":"Sanatmetal"},"image":{"@id":"https:\/\/sanatmetal.hu\/#\/schema\/logo\/image\/"}}]}},"_links":{"self":[{"href":"https:\/\/sanatmetal.hu\/tr\/wp-json\/wp\/v2\/product\/17381","targetHints":{"allow":["GET"]}}],"collection":[{"href":"https:\/\/sanatmetal.hu\/tr\/wp-json\/wp\/v2\/product"}],"about":[{"href":"https:\/\/sanatmetal.hu\/tr\/wp-json\/wp\/v2\/types\/product"}],"wp:featuredmedia":[{"embeddable":true,"href":"https:\/\/sanatmetal.hu\/tr\/wp-json\/wp\/v2\/media\/17383"}],"wp:attachment":[{"href":"https:\/\/sanatmetal.hu\/tr\/wp-json\/wp\/v2\/media?parent=17381"}],"wp:term":[{"taxonomy":"product_brand","embeddable":true,"href":"https:\/\/sanatmetal.hu\/tr\/wp-json\/wp\/v2\/product_brand?post=17381"},{"taxonomy":"product_cat","embeddable":true,"href":"https:\/\/sanatmetal.hu\/tr\/wp-json\/wp\/v2\/product_cat?post=17381"},{"taxonomy":"product_tag","embeddable":true,"href":"https:\/\/sanatmetal.hu\/tr\/wp-json\/wp\/v2\/product_tag?post=17381"}],"curies":[{"name":"wp","href":"https:\/\/api.w.org\/{rel}","templated":true}]}}