{"id":17386,"date":"2020-03-04T11:19:53","date_gmt":"2020-03-04T11:19:53","guid":{"rendered":"https:\/\/sanatmetal.hu\/product\/ankle-arthrodesis-nail\/"},"modified":"2026-03-25T08:16:26","modified_gmt":"2026-03-25T07:16:26","slug":"ayak-bilegi-artrodez-civisi","status":"publish","type":"product","link":"https:\/\/sanatmetal.hu\/tr\/product\/ayak-bilegi-artrodez-civisi\/","title":{"rendered":"Ayak bile\u011fi artrodez \u00e7ivisi"},"content":{"rendered":"<p data-start=\"33\" data-end=\"469\">Ayak bile\u011fi artrodezi i\u00e7in geli\u015ftirilmi\u015f bu \u00e7ivi sistemi, optimal fiksasyon amac\u0131yla 6,5 mm ve 4,8 mm kilitleme vidalar\u0131 ile kullan\u0131lmaktad\u0131r. Anatomik formu, bu klinik durumda hastan\u0131n ekstremitesini m\u00fcmk\u00fcn oldu\u011funca do\u011fal \u015fekilde kullanabilmesine olanak tan\u0131r. Enstr\u00fcmantasyon seti basit ancak etkilidir; renk kodlamas\u0131 ve basmal\u0131 d\u00fc\u011fme ile d\u00f6nd\u00fcr\u00fclebilen hedefleme kolu, iyi bilinen SpectruM\/Magic Tibia sistemlerinden tan\u0131nmaktad\u0131r.<\/p>\n<p data-start=\"471\" data-end=\"488\">Temel avantajlar:<\/p>\n<ul data-start=\"490\" data-end=\"591\">\n<li data-section-id=\"15l5456\" data-start=\"490\" data-end=\"514\">\u00e7ok d\u00fczlemli kilitleme<\/li>\n<li data-section-id=\"aoirfh\" data-start=\"515\" data-end=\"563\">basmal\u0131 d\u00fc\u011fme ile d\u00f6nd\u00fcr\u00fclebilen proksimal kol<\/li>\n<li data-section-id=\"1wjfddk\" data-start=\"564\" data-end=\"591\">\u00e7ivinin anatomik e\u011frili\u011fi<\/li>\n<\/ul>\n","protected":false},"excerpt":{"rendered":"<p>Ayak bile\u011fi artrodezi i\u00e7in geli\u015ftirilmi\u015f bu \u00e7ivi sistemi, optimal fiksasyon amac\u0131yla 6,5 mm ve 4,8 mm kilitleme vidalar\u0131 ile kullan\u0131lmaktad\u0131r. Anatomik formu, bu klinik durumda hastan\u0131n ekstremitesini m\u00fcmk\u00fcn oldu\u011funca do\u011fal \u015fekilde kullanabilmesine olanak tan\u0131r. Enstr\u00fcmantasyon seti basit ancak etkilidir; renk kodlamas\u0131 ve basmal\u0131 d\u00fc\u011fme ile d\u00f6nd\u00fcr\u00fclebilen hedefleme kolu, iyi bilinen SpectruM\/Magic Tibia sistemlerinden tan\u0131nmaktad\u0131r. Temel [&hellip;]<\/p>\n","protected":false},"featured_media":17387,"template":"","meta":[],"product_brand":[],"product_cat":[1229],"product_tag":[],"class_list":{"0":"post-17386","1":"product","2":"type-product","3":"status-publish","4":"has-post-thumbnail","6":"product_cat-ayak-ve-ayak-bilegi","7":"testtaj-intrameduller-civi-sistemleri-6","8":"testtaj-alt-ekstremite","9":"testtaj-ayak","11":"first","12":"instock","13":"shipping-taxable","14":"product-type-simple"},"yoast_head":"<!-- This site is optimized with the Yoast SEO plugin v27.2 - https:\/\/yoast.com\/product\/yoast-seo-wordpress\/ -->\n<title>Ayak bile\u011fi artrodez \u00e7ivisi - Sanatmetal<\/title>\n<meta name=\"robots\" content=\"index, follow, max-snippet:-1, max-image-preview:large, max-video-preview:-1\" \/>\n<link rel=\"canonical\" href=\"https:\/\/sanatmetal.hu\/tr\/urun\/ayak-bilegi-artrodez-civisi\/\" \/>\n<meta property=\"og:locale\" content=\"tr_TR\" \/>\n<meta property=\"og:type\" content=\"article\" \/>\n<meta property=\"og:title\" content=\"Ayak bile\u011fi artrodez \u00e7ivisi - Sanatmetal\" \/>\n<meta property=\"og:description\" content=\"Ayak bile\u011fi artrodezi i\u00e7in geli\u015ftirilmi\u015f bu \u00e7ivi sistemi, optimal fiksasyon amac\u0131yla 6,5 mm ve 4,8 mm kilitleme vidalar\u0131 ile kullan\u0131lmaktad\u0131r. Anatomik formu, bu klinik durumda hastan\u0131n ekstremitesini m\u00fcmk\u00fcn oldu\u011funca do\u011fal \u015fekilde kullanabilmesine olanak tan\u0131r. Enstr\u00fcmantasyon seti basit ancak etkilidir; renk kodlamas\u0131 ve basmal\u0131 d\u00fc\u011fme ile d\u00f6nd\u00fcr\u00fclebilen hedefleme kolu, iyi bilinen SpectruM\/Magic Tibia sistemlerinden tan\u0131nmaktad\u0131r. Temel [&hellip;]\" \/>\n<meta property=\"og:url\" content=\"https:\/\/sanatmetal.hu\/tr\/urun\/ayak-bilegi-artrodez-civisi\/\" \/>\n<meta property=\"og:site_name\" content=\"Sanatmetal\" \/>\n<meta property=\"article:modified_time\" content=\"2026-03-25T07:16:26+00:00\" \/>\n<meta property=\"og:image\" content=\"https:\/\/sanatmetal.hu\/wp-content\/uploads\/2020\/03\/talusszegtest.webp\" \/>\n\t<meta property=\"og:image:width\" content=\"2560\" \/>\n\t<meta property=\"og:image:height\" content=\"1980\" \/>\n\t<meta property=\"og:image:type\" content=\"image\/png\" \/>\n<meta name=\"twitter:card\" content=\"summary_large_image\" \/>\n<meta name=\"twitter:label1\" content=\"Est. reading time\" \/>\n\t<meta name=\"twitter:data1\" content=\"1 minute\" \/>\n<script type=\"application\/ld+json\" class=\"yoast-schema-graph\">{\"@context\":\"https:\/\/schema.org\",\"@graph\":[{\"@type\":\"WebPage\",\"@id\":\"https:\/\/sanatmetal.hu\/tr\/urun\/ayak-bilegi-artrodez-civisi\/\",\"url\":\"https:\/\/sanatmetal.hu\/tr\/urun\/ayak-bilegi-artrodez-civisi\/\",\"name\":\"Ayak bile\u011fi artrodez \u00e7ivisi - Sanatmetal\",\"isPartOf\":{\"@id\":\"https:\/\/sanatmetal.hu\/#website\"},\"primaryImageOfPage\":{\"@id\":\"https:\/\/sanatmetal.hu\/tr\/urun\/ayak-bilegi-artrodez-civisi\/#primaryimage\"},\"image\":{\"@id\":\"https:\/\/sanatmetal.hu\/tr\/urun\/ayak-bilegi-artrodez-civisi\/#primaryimage\"},\"thumbnailUrl\":\"https:\/\/sanatmetal.hu\/wp-content\/uploads\/2020\/03\/talusszegtest.webp\",\"datePublished\":\"2020-03-04T11:19:53+00:00\",\"dateModified\":\"2026-03-25T07:16:26+00:00\",\"breadcrumb\":{\"@id\":\"https:\/\/sanatmetal.hu\/tr\/urun\/ayak-bilegi-artrodez-civisi\/#breadcrumb\"},\"inLanguage\":\"tr-TR\",\"potentialAction\":[{\"@type\":\"ReadAction\",\"target\":[\"https:\/\/sanatmetal.hu\/tr\/urun\/ayak-bilegi-artrodez-civisi\/\"]}]},{\"@type\":\"ImageObject\",\"inLanguage\":\"tr-TR\",\"@id\":\"https:\/\/sanatmetal.hu\/tr\/urun\/ayak-bilegi-artrodez-civisi\/#primaryimage\",\"url\":\"https:\/\/sanatmetal.hu\/wp-content\/uploads\/2020\/03\/talusszegtest.webp\",\"contentUrl\":\"https:\/\/sanatmetal.hu\/wp-content\/uploads\/2020\/03\/talusszegtest.webp\",\"width\":2560,\"height\":1980},{\"@type\":\"BreadcrumbList\",\"@id\":\"https:\/\/sanatmetal.hu\/tr\/urun\/ayak-bilegi-artrodez-civisi\/#breadcrumb\",\"itemListElement\":[{\"@type\":\"ListItem\",\"position\":1,\"name\":\"Home\",\"item\":\"https:\/\/sanatmetal.hu\/tr\/\"},{\"@type\":\"ListItem\",\"position\":2,\"name\":\"\u00dcr\u00fcnlerimiz\",\"item\":\"https:\/\/sanatmetal.hu\/tr\/urunlerimiz\/\"},{\"@type\":\"ListItem\",\"position\":3,\"name\":\"Ayak bile\u011fi artrodez \u00e7ivisi\"}]},{\"@type\":\"WebSite\",\"@id\":\"https:\/\/sanatmetal.hu\/#website\",\"url\":\"https:\/\/sanatmetal.hu\/\",\"name\":\"Sanatmetal\",\"description\":\"\",\"publisher\":{\"@id\":\"https:\/\/sanatmetal.hu\/#organization\"},\"potentialAction\":[{\"@type\":\"SearchAction\",\"target\":{\"@type\":\"EntryPoint\",\"urlTemplate\":\"https:\/\/sanatmetal.hu\/?s={search_term_string}\"},\"query-input\":{\"@type\":\"PropertyValueSpecification\",\"valueRequired\":true,\"valueName\":\"search_term_string\"}}],\"inLanguage\":\"tr-TR\"},{\"@type\":\"Organization\",\"@id\":\"https:\/\/sanatmetal.hu\/#organization\",\"name\":\"Sanatmetal\",\"url\":\"https:\/\/sanatmetal.hu\/\",\"logo\":{\"@type\":\"ImageObject\",\"inLanguage\":\"tr-TR\",\"@id\":\"https:\/\/sanatmetal.hu\/#\/schema\/logo\/image\/\",\"url\":\"https:\/\/sanatmetal.hu\/wp-content\/uploads\/2024\/10\/Nevtelen-terv-5-e1728647058747.png\",\"contentUrl\":\"https:\/\/sanatmetal.hu\/wp-content\/uploads\/2024\/10\/Nevtelen-terv-5-e1728647058747.png\",\"width\":1410,\"height\":1293,\"caption\":\"Sanatmetal\"},\"image\":{\"@id\":\"https:\/\/sanatmetal.hu\/#\/schema\/logo\/image\/\"}}]}<\/script>\n<!-- \/ Yoast SEO plugin. -->","yoast_head_json":{"title":"Ayak bile\u011fi artrodez \u00e7ivisi - Sanatmetal","robots":{"index":"index","follow":"follow","max-snippet":"max-snippet:-1","max-image-preview":"max-image-preview:large","max-video-preview":"max-video-preview:-1"},"canonical":"https:\/\/sanatmetal.hu\/tr\/urun\/ayak-bilegi-artrodez-civisi\/","og_locale":"tr_TR","og_type":"article","og_title":"Ayak bile\u011fi artrodez \u00e7ivisi - Sanatmetal","og_description":"Ayak bile\u011fi artrodezi i\u00e7in geli\u015ftirilmi\u015f bu \u00e7ivi sistemi, optimal fiksasyon amac\u0131yla 6,5 mm ve 4,8 mm kilitleme vidalar\u0131 ile kullan\u0131lmaktad\u0131r. Anatomik formu, bu klinik durumda hastan\u0131n ekstremitesini m\u00fcmk\u00fcn oldu\u011funca do\u011fal \u015fekilde kullanabilmesine olanak tan\u0131r. Enstr\u00fcmantasyon seti basit ancak etkilidir; renk kodlamas\u0131 ve basmal\u0131 d\u00fc\u011fme ile d\u00f6nd\u00fcr\u00fclebilen hedefleme kolu, iyi bilinen SpectruM\/Magic Tibia sistemlerinden tan\u0131nmaktad\u0131r. Temel [&hellip;]","og_url":"https:\/\/sanatmetal.hu\/tr\/urun\/ayak-bilegi-artrodez-civisi\/","og_site_name":"Sanatmetal","article_modified_time":"2026-03-25T07:16:26+00:00","og_image":[{"width":2560,"height":1980,"url":"https:\/\/sanatmetal.hu\/wp-content\/uploads\/2020\/03\/talusszegtest.webp","type":"image\/png"}],"twitter_card":"summary_large_image","twitter_misc":{"Est. reading time":"1 minute"},"schema":{"@context":"https:\/\/schema.org","@graph":[{"@type":"WebPage","@id":"https:\/\/sanatmetal.hu\/tr\/urun\/ayak-bilegi-artrodez-civisi\/","url":"https:\/\/sanatmetal.hu\/tr\/urun\/ayak-bilegi-artrodez-civisi\/","name":"Ayak bile\u011fi artrodez \u00e7ivisi - Sanatmetal","isPartOf":{"@id":"https:\/\/sanatmetal.hu\/#website"},"primaryImageOfPage":{"@id":"https:\/\/sanatmetal.hu\/tr\/urun\/ayak-bilegi-artrodez-civisi\/#primaryimage"},"image":{"@id":"https:\/\/sanatmetal.hu\/tr\/urun\/ayak-bilegi-artrodez-civisi\/#primaryimage"},"thumbnailUrl":"https:\/\/sanatmetal.hu\/wp-content\/uploads\/2020\/03\/talusszegtest.webp","datePublished":"2020-03-04T11:19:53+00:00","dateModified":"2026-03-25T07:16:26+00:00","breadcrumb":{"@id":"https:\/\/sanatmetal.hu\/tr\/urun\/ayak-bilegi-artrodez-civisi\/#breadcrumb"},"inLanguage":"tr-TR","potentialAction":[{"@type":"ReadAction","target":["https:\/\/sanatmetal.hu\/tr\/urun\/ayak-bilegi-artrodez-civisi\/"]}]},{"@type":"ImageObject","inLanguage":"tr-TR","@id":"https:\/\/sanatmetal.hu\/tr\/urun\/ayak-bilegi-artrodez-civisi\/#primaryimage","url":"https:\/\/sanatmetal.hu\/wp-content\/uploads\/2020\/03\/talusszegtest.webp","contentUrl":"https:\/\/sanatmetal.hu\/wp-content\/uploads\/2020\/03\/talusszegtest.webp","width":2560,"height":1980},{"@type":"BreadcrumbList","@id":"https:\/\/sanatmetal.hu\/tr\/urun\/ayak-bilegi-artrodez-civisi\/#breadcrumb","itemListElement":[{"@type":"ListItem","position":1,"name":"Home","item":"https:\/\/sanatmetal.hu\/tr\/"},{"@type":"ListItem","position":2,"name":"\u00dcr\u00fcnlerimiz","item":"https:\/\/sanatmetal.hu\/tr\/urunlerimiz\/"},{"@type":"ListItem","position":3,"name":"Ayak bile\u011fi artrodez \u00e7ivisi"}]},{"@type":"WebSite","@id":"https:\/\/sanatmetal.hu\/#website","url":"https:\/\/sanatmetal.hu\/","name":"Sanatmetal","description":"","publisher":{"@id":"https:\/\/sanatmetal.hu\/#organization"},"potentialAction":[{"@type":"SearchAction","target":{"@type":"EntryPoint","urlTemplate":"https:\/\/sanatmetal.hu\/?s={search_term_string}"},"query-input":{"@type":"PropertyValueSpecification","valueRequired":true,"valueName":"search_term_string"}}],"inLanguage":"tr-TR"},{"@type":"Organization","@id":"https:\/\/sanatmetal.hu\/#organization","name":"Sanatmetal","url":"https:\/\/sanatmetal.hu\/","logo":{"@type":"ImageObject","inLanguage":"tr-TR","@id":"https:\/\/sanatmetal.hu\/#\/schema\/logo\/image\/","url":"https:\/\/sanatmetal.hu\/wp-content\/uploads\/2024\/10\/Nevtelen-terv-5-e1728647058747.png","contentUrl":"https:\/\/sanatmetal.hu\/wp-content\/uploads\/2024\/10\/Nevtelen-terv-5-e1728647058747.png","width":1410,"height":1293,"caption":"Sanatmetal"},"image":{"@id":"https:\/\/sanatmetal.hu\/#\/schema\/logo\/image\/"}}]}},"_links":{"self":[{"href":"https:\/\/sanatmetal.hu\/tr\/wp-json\/wp\/v2\/product\/17386","targetHints":{"allow":["GET"]}}],"collection":[{"href":"https:\/\/sanatmetal.hu\/tr\/wp-json\/wp\/v2\/product"}],"about":[{"href":"https:\/\/sanatmetal.hu\/tr\/wp-json\/wp\/v2\/types\/product"}],"wp:featuredmedia":[{"embeddable":true,"href":"https:\/\/sanatmetal.hu\/tr\/wp-json\/wp\/v2\/media\/17387"}],"wp:attachment":[{"href":"https:\/\/sanatmetal.hu\/tr\/wp-json\/wp\/v2\/media?parent=17386"}],"wp:term":[{"taxonomy":"product_brand","embeddable":true,"href":"https:\/\/sanatmetal.hu\/tr\/wp-json\/wp\/v2\/product_brand?post=17386"},{"taxonomy":"product_cat","embeddable":true,"href":"https:\/\/sanatmetal.hu\/tr\/wp-json\/wp\/v2\/product_cat?post=17386"},{"taxonomy":"product_tag","embeddable":true,"href":"https:\/\/sanatmetal.hu\/tr\/wp-json\/wp\/v2\/product_tag?post=17386"}],"curies":[{"name":"wp","href":"https:\/\/api.w.org\/{rel}","templated":true}]}}