{"id":17390,"date":"2020-03-04T11:19:12","date_gmt":"2020-03-04T11:19:12","guid":{"rendered":"https:\/\/sanatmetal.hu\/product\/sirtalis-cerclage-band-system\/"},"modified":"2026-03-25T08:30:22","modified_gmt":"2026-03-25T07:30:22","slug":"sirtalis-serklaj-sistemi","status":"publish","type":"product","link":"https:\/\/sanatmetal.hu\/tr\/product\/sirtalis-serklaj-sistemi\/","title":{"rendered":"Sirtalis serklaj sistemi"},"content":{"rendered":"<p>Periprostetik ve periimplant k\u0131r\u0131klar i\u00e7in kolay ve modern \u00e7\u00f6z\u00fcmler sunan bir serklaj bant sistemidir. Klasik tel serklaj sistemleriyle kar\u015f\u0131la\u015ft\u0131r\u0131ld\u0131\u011f\u0131nda Sirtalis, periosteal kanlanmaya zarar vermeden, iyile\u015fme s\u00fcreci boyunca optimal bant gerginli\u011fi sa\u011flar. B\u00fcy\u00fck Vortex plaklar\u0131yla (5,1 mm vidalar) tamamen uyumludur: Vortex Proksimal Femur, Vortex Distal Femur, Vortex B\u00fcy\u00fck Diafiz, Vortex Proksimal Tibia plaklar\u0131. A\u011f\u0131r hizmet tipi titanyum banda ek olarak, cerrah 4 ek poliaxial vida se\u00e7ene\u011fine (3,5 mm) sahip yard\u0131mc\u0131 bir plak ile bant destekleri ve spike\u2019lar\u0131 da se\u00e7ebilir.<\/p>\n","protected":false},"excerpt":{"rendered":"<p>Periprostetik ve periimplant k\u0131r\u0131klar i\u00e7in kolay ve modern \u00e7\u00f6z\u00fcmler sunan bir serklaj bant sistemidir. Klasik tel serklaj sistemleriyle kar\u015f\u0131la\u015ft\u0131r\u0131ld\u0131\u011f\u0131nda Sirtalis, periosteal kanlanmaya zarar vermeden, iyile\u015fme s\u00fcreci boyunca optimal bant gerginli\u011fi sa\u011flar. B\u00fcy\u00fck Vortex plaklar\u0131yla (5,1 mm vidalar) tamamen uyumludur: Vortex Proksimal Femur, Vortex Distal Femur, Vortex B\u00fcy\u00fck Diafiz, Vortex Proksimal Tibia plaklar\u0131. A\u011f\u0131r hizmet tipi [&hellip;]<\/p>\n","protected":false},"featured_media":17391,"template":"","meta":[],"product_brand":[],"product_cat":[1231],"product_tag":[],"class_list":{"0":"post-17390","1":"product","2":"type-product","3":"status-publish","4":"has-post-thumbnail","6":"product_cat-femur-3","7":"testtaj-serklaj-sistemleri","8":"testtaj-femur","9":"testtaj-alt-ekstremite","11":"first","12":"instock","13":"shipping-taxable","14":"product-type-simple"},"yoast_head":"<!-- This site is optimized with the Yoast SEO plugin v27.2 - https:\/\/yoast.com\/product\/yoast-seo-wordpress\/ -->\n<title>Sirtalis serklaj sistemi - Sanatmetal<\/title>\n<meta name=\"robots\" content=\"index, follow, max-snippet:-1, max-image-preview:large, max-video-preview:-1\" \/>\n<link rel=\"canonical\" href=\"https:\/\/sanatmetal.hu\/tr\/urun\/sirtalis-serklaj-sistemi\/\" \/>\n<meta property=\"og:locale\" content=\"tr_TR\" \/>\n<meta property=\"og:type\" content=\"article\" \/>\n<meta property=\"og:title\" content=\"Sirtalis serklaj sistemi - Sanatmetal\" \/>\n<meta property=\"og:description\" content=\"Periprostetik ve periimplant k\u0131r\u0131klar i\u00e7in kolay ve modern \u00e7\u00f6z\u00fcmler sunan bir serklaj bant sistemidir. Klasik tel serklaj sistemleriyle kar\u015f\u0131la\u015ft\u0131r\u0131ld\u0131\u011f\u0131nda Sirtalis, periosteal kanlanmaya zarar vermeden, iyile\u015fme s\u00fcreci boyunca optimal bant gerginli\u011fi sa\u011flar. B\u00fcy\u00fck Vortex plaklar\u0131yla (5,1 mm vidalar) tamamen uyumludur: Vortex Proksimal Femur, Vortex Distal Femur, Vortex B\u00fcy\u00fck Diafiz, Vortex Proksimal Tibia plaklar\u0131. A\u011f\u0131r hizmet tipi [&hellip;]\" \/>\n<meta property=\"og:url\" content=\"https:\/\/sanatmetal.hu\/tr\/urun\/sirtalis-serklaj-sistemi\/\" \/>\n<meta property=\"og:site_name\" content=\"Sanatmetal\" \/>\n<meta property=\"article:modified_time\" content=\"2026-03-25T07:30:22+00:00\" \/>\n<meta property=\"og:image\" content=\"https:\/\/sanatmetal.hu\/wp-content\/uploads\/2020\/03\/129-scaled.webp\" \/>\n\t<meta property=\"og:image:width\" content=\"2560\" \/>\n\t<meta property=\"og:image:height\" content=\"1920\" \/>\n\t<meta property=\"og:image:type\" content=\"image\/jpeg\" \/>\n<meta name=\"twitter:card\" content=\"summary_large_image\" \/>\n<meta name=\"twitter:label1\" content=\"Est. reading time\" \/>\n\t<meta name=\"twitter:data1\" content=\"1 minute\" \/>\n<script type=\"application\/ld+json\" class=\"yoast-schema-graph\">{\"@context\":\"https:\/\/schema.org\",\"@graph\":[{\"@type\":\"WebPage\",\"@id\":\"https:\/\/sanatmetal.hu\/tr\/urun\/sirtalis-serklaj-sistemi\/\",\"url\":\"https:\/\/sanatmetal.hu\/tr\/urun\/sirtalis-serklaj-sistemi\/\",\"name\":\"Sirtalis serklaj sistemi - Sanatmetal\",\"isPartOf\":{\"@id\":\"https:\/\/sanatmetal.hu\/#website\"},\"primaryImageOfPage\":{\"@id\":\"https:\/\/sanatmetal.hu\/tr\/urun\/sirtalis-serklaj-sistemi\/#primaryimage\"},\"image\":{\"@id\":\"https:\/\/sanatmetal.hu\/tr\/urun\/sirtalis-serklaj-sistemi\/#primaryimage\"},\"thumbnailUrl\":\"https:\/\/sanatmetal.hu\/wp-content\/uploads\/2020\/03\/129-scaled.webp\",\"datePublished\":\"2020-03-04T11:19:12+00:00\",\"dateModified\":\"2026-03-25T07:30:22+00:00\",\"breadcrumb\":{\"@id\":\"https:\/\/sanatmetal.hu\/tr\/urun\/sirtalis-serklaj-sistemi\/#breadcrumb\"},\"inLanguage\":\"tr-TR\",\"potentialAction\":[{\"@type\":\"ReadAction\",\"target\":[\"https:\/\/sanatmetal.hu\/tr\/urun\/sirtalis-serklaj-sistemi\/\"]}]},{\"@type\":\"ImageObject\",\"inLanguage\":\"tr-TR\",\"@id\":\"https:\/\/sanatmetal.hu\/tr\/urun\/sirtalis-serklaj-sistemi\/#primaryimage\",\"url\":\"https:\/\/sanatmetal.hu\/wp-content\/uploads\/2020\/03\/129-scaled.webp\",\"contentUrl\":\"https:\/\/sanatmetal.hu\/wp-content\/uploads\/2020\/03\/129-scaled.webp\",\"width\":2560,\"height\":1920},{\"@type\":\"BreadcrumbList\",\"@id\":\"https:\/\/sanatmetal.hu\/tr\/urun\/sirtalis-serklaj-sistemi\/#breadcrumb\",\"itemListElement\":[{\"@type\":\"ListItem\",\"position\":1,\"name\":\"Home\",\"item\":\"https:\/\/sanatmetal.hu\/tr\/\"},{\"@type\":\"ListItem\",\"position\":2,\"name\":\"\u00dcr\u00fcnlerimiz\",\"item\":\"https:\/\/sanatmetal.hu\/tr\/urunlerimiz\/\"},{\"@type\":\"ListItem\",\"position\":3,\"name\":\"Sirtalis serklaj sistemi\"}]},{\"@type\":\"WebSite\",\"@id\":\"https:\/\/sanatmetal.hu\/#website\",\"url\":\"https:\/\/sanatmetal.hu\/\",\"name\":\"Sanatmetal\",\"description\":\"\",\"publisher\":{\"@id\":\"https:\/\/sanatmetal.hu\/#organization\"},\"potentialAction\":[{\"@type\":\"SearchAction\",\"target\":{\"@type\":\"EntryPoint\",\"urlTemplate\":\"https:\/\/sanatmetal.hu\/?s={search_term_string}\"},\"query-input\":{\"@type\":\"PropertyValueSpecification\",\"valueRequired\":true,\"valueName\":\"search_term_string\"}}],\"inLanguage\":\"tr-TR\"},{\"@type\":\"Organization\",\"@id\":\"https:\/\/sanatmetal.hu\/#organization\",\"name\":\"Sanatmetal\",\"url\":\"https:\/\/sanatmetal.hu\/\",\"logo\":{\"@type\":\"ImageObject\",\"inLanguage\":\"tr-TR\",\"@id\":\"https:\/\/sanatmetal.hu\/#\/schema\/logo\/image\/\",\"url\":\"https:\/\/sanatmetal.hu\/wp-content\/uploads\/2024\/10\/Nevtelen-terv-5-e1728647058747.png\",\"contentUrl\":\"https:\/\/sanatmetal.hu\/wp-content\/uploads\/2024\/10\/Nevtelen-terv-5-e1728647058747.png\",\"width\":1410,\"height\":1293,\"caption\":\"Sanatmetal\"},\"image\":{\"@id\":\"https:\/\/sanatmetal.hu\/#\/schema\/logo\/image\/\"}}]}<\/script>\n<!-- \/ Yoast SEO plugin. -->","yoast_head_json":{"title":"Sirtalis serklaj sistemi - Sanatmetal","robots":{"index":"index","follow":"follow","max-snippet":"max-snippet:-1","max-image-preview":"max-image-preview:large","max-video-preview":"max-video-preview:-1"},"canonical":"https:\/\/sanatmetal.hu\/tr\/urun\/sirtalis-serklaj-sistemi\/","og_locale":"tr_TR","og_type":"article","og_title":"Sirtalis serklaj sistemi - Sanatmetal","og_description":"Periprostetik ve periimplant k\u0131r\u0131klar i\u00e7in kolay ve modern \u00e7\u00f6z\u00fcmler sunan bir serklaj bant sistemidir. Klasik tel serklaj sistemleriyle kar\u015f\u0131la\u015ft\u0131r\u0131ld\u0131\u011f\u0131nda Sirtalis, periosteal kanlanmaya zarar vermeden, iyile\u015fme s\u00fcreci boyunca optimal bant gerginli\u011fi sa\u011flar. B\u00fcy\u00fck Vortex plaklar\u0131yla (5,1 mm vidalar) tamamen uyumludur: Vortex Proksimal Femur, Vortex Distal Femur, Vortex B\u00fcy\u00fck Diafiz, Vortex Proksimal Tibia plaklar\u0131. A\u011f\u0131r hizmet tipi [&hellip;]","og_url":"https:\/\/sanatmetal.hu\/tr\/urun\/sirtalis-serklaj-sistemi\/","og_site_name":"Sanatmetal","article_modified_time":"2026-03-25T07:30:22+00:00","og_image":[{"width":2560,"height":1920,"url":"https:\/\/sanatmetal.hu\/wp-content\/uploads\/2020\/03\/129-scaled.webp","type":"image\/jpeg"}],"twitter_card":"summary_large_image","twitter_misc":{"Est. reading time":"1 minute"},"schema":{"@context":"https:\/\/schema.org","@graph":[{"@type":"WebPage","@id":"https:\/\/sanatmetal.hu\/tr\/urun\/sirtalis-serklaj-sistemi\/","url":"https:\/\/sanatmetal.hu\/tr\/urun\/sirtalis-serklaj-sistemi\/","name":"Sirtalis serklaj sistemi - Sanatmetal","isPartOf":{"@id":"https:\/\/sanatmetal.hu\/#website"},"primaryImageOfPage":{"@id":"https:\/\/sanatmetal.hu\/tr\/urun\/sirtalis-serklaj-sistemi\/#primaryimage"},"image":{"@id":"https:\/\/sanatmetal.hu\/tr\/urun\/sirtalis-serklaj-sistemi\/#primaryimage"},"thumbnailUrl":"https:\/\/sanatmetal.hu\/wp-content\/uploads\/2020\/03\/129-scaled.webp","datePublished":"2020-03-04T11:19:12+00:00","dateModified":"2026-03-25T07:30:22+00:00","breadcrumb":{"@id":"https:\/\/sanatmetal.hu\/tr\/urun\/sirtalis-serklaj-sistemi\/#breadcrumb"},"inLanguage":"tr-TR","potentialAction":[{"@type":"ReadAction","target":["https:\/\/sanatmetal.hu\/tr\/urun\/sirtalis-serklaj-sistemi\/"]}]},{"@type":"ImageObject","inLanguage":"tr-TR","@id":"https:\/\/sanatmetal.hu\/tr\/urun\/sirtalis-serklaj-sistemi\/#primaryimage","url":"https:\/\/sanatmetal.hu\/wp-content\/uploads\/2020\/03\/129-scaled.webp","contentUrl":"https:\/\/sanatmetal.hu\/wp-content\/uploads\/2020\/03\/129-scaled.webp","width":2560,"height":1920},{"@type":"BreadcrumbList","@id":"https:\/\/sanatmetal.hu\/tr\/urun\/sirtalis-serklaj-sistemi\/#breadcrumb","itemListElement":[{"@type":"ListItem","position":1,"name":"Home","item":"https:\/\/sanatmetal.hu\/tr\/"},{"@type":"ListItem","position":2,"name":"\u00dcr\u00fcnlerimiz","item":"https:\/\/sanatmetal.hu\/tr\/urunlerimiz\/"},{"@type":"ListItem","position":3,"name":"Sirtalis serklaj sistemi"}]},{"@type":"WebSite","@id":"https:\/\/sanatmetal.hu\/#website","url":"https:\/\/sanatmetal.hu\/","name":"Sanatmetal","description":"","publisher":{"@id":"https:\/\/sanatmetal.hu\/#organization"},"potentialAction":[{"@type":"SearchAction","target":{"@type":"EntryPoint","urlTemplate":"https:\/\/sanatmetal.hu\/?s={search_term_string}"},"query-input":{"@type":"PropertyValueSpecification","valueRequired":true,"valueName":"search_term_string"}}],"inLanguage":"tr-TR"},{"@type":"Organization","@id":"https:\/\/sanatmetal.hu\/#organization","name":"Sanatmetal","url":"https:\/\/sanatmetal.hu\/","logo":{"@type":"ImageObject","inLanguage":"tr-TR","@id":"https:\/\/sanatmetal.hu\/#\/schema\/logo\/image\/","url":"https:\/\/sanatmetal.hu\/wp-content\/uploads\/2024\/10\/Nevtelen-terv-5-e1728647058747.png","contentUrl":"https:\/\/sanatmetal.hu\/wp-content\/uploads\/2024\/10\/Nevtelen-terv-5-e1728647058747.png","width":1410,"height":1293,"caption":"Sanatmetal"},"image":{"@id":"https:\/\/sanatmetal.hu\/#\/schema\/logo\/image\/"}}]}},"_links":{"self":[{"href":"https:\/\/sanatmetal.hu\/tr\/wp-json\/wp\/v2\/product\/17390","targetHints":{"allow":["GET"]}}],"collection":[{"href":"https:\/\/sanatmetal.hu\/tr\/wp-json\/wp\/v2\/product"}],"about":[{"href":"https:\/\/sanatmetal.hu\/tr\/wp-json\/wp\/v2\/types\/product"}],"wp:featuredmedia":[{"embeddable":true,"href":"https:\/\/sanatmetal.hu\/tr\/wp-json\/wp\/v2\/media\/17391"}],"wp:attachment":[{"href":"https:\/\/sanatmetal.hu\/tr\/wp-json\/wp\/v2\/media?parent=17390"}],"wp:term":[{"taxonomy":"product_brand","embeddable":true,"href":"https:\/\/sanatmetal.hu\/tr\/wp-json\/wp\/v2\/product_brand?post=17390"},{"taxonomy":"product_cat","embeddable":true,"href":"https:\/\/sanatmetal.hu\/tr\/wp-json\/wp\/v2\/product_cat?post=17390"},{"taxonomy":"product_tag","embeddable":true,"href":"https:\/\/sanatmetal.hu\/tr\/wp-json\/wp\/v2\/product_tag?post=17390"}],"curies":[{"name":"wp","href":"https:\/\/api.w.org\/{rel}","templated":true}]}}