{"id":17394,"date":"2020-03-04T11:18:04","date_gmt":"2020-03-04T11:18:04","guid":{"rendered":"https:\/\/sanatmetal.hu\/product\/conventional-plate-large-fragment\/"},"modified":"2026-03-25T09:05:48","modified_gmt":"2026-03-25T08:05:48","slug":"konvansiyonel-plaklar-buyuk-fragman","status":"publish","type":"product","link":"https:\/\/sanatmetal.hu\/tr\/product\/konvansiyonel-plaklar-buyuk-fragman\/","title":{"rendered":"Konvansiyonel plaklar \u2013 B\u00fcy\u00fck Fragman"},"content":{"rendered":"<p data-start=\"43\" data-end=\"149\">4,5\u20136,5 mm vidalar ile bunlara uygun plak ve enstr\u00fcmanlar\u0131 i\u00e7eren klasik b\u00fcy\u00fck fragman implant sistemidir.<\/p>\n<p data-start=\"151\" data-end=\"168\">Temel avantajlar:<\/p>\n<ul data-start=\"170\" data-end=\"422\">\n<li data-section-id=\"lb0glg\" data-start=\"170\" data-end=\"225\">t\u00fcm enstr\u00fcmanlar\u0131 ve vida tutucuyu i\u00e7eren 1 temel set<\/li>\n<li data-section-id=\"150aqgn\" data-start=\"226\" data-end=\"268\">plaklar i\u00e7in ek \u00fcniversal implant tutucu<\/li>\n<li data-section-id=\"xotycs\" data-start=\"269\" data-end=\"389\">normal, kilitli ve d\u00fc\u015f\u00fck temasl\u0131 versiyonlarda d\u00fcz ve e\u011fimli plaklar; normal ve kilitli versiyonlarda anatomik plaklar<\/li>\n<li data-section-id=\"yvd02u\" data-start=\"390\" data-end=\"422\">kendinden k\u0131lavuz a\u00e7an vidalar<\/li>\n<\/ul>\n","protected":false},"excerpt":{"rendered":"<p>4,5\u20136,5 mm vidalar ile bunlara uygun plak ve enstr\u00fcmanlar\u0131 i\u00e7eren klasik b\u00fcy\u00fck fragman implant sistemidir. Temel avantajlar: t\u00fcm enstr\u00fcmanlar\u0131 ve vida tutucuyu i\u00e7eren 1 temel set plaklar i\u00e7in ek \u00fcniversal implant tutucu normal, kilitli ve d\u00fc\u015f\u00fck temasl\u0131 versiyonlarda d\u00fcz ve e\u011fimli plaklar; normal ve kilitli versiyonlarda anatomik plaklar kendinden k\u0131lavuz a\u00e7an vidalar<\/p>\n","protected":false},"featured_media":17396,"template":"","meta":[],"product_brand":[],"product_cat":[1231],"product_tag":[],"class_list":{"0":"post-17394","1":"product","2":"type-product","3":"status-publish","4":"has-post-thumbnail","6":"product_cat-femur-3","7":"testtaj-plak-sistemleri","8":"testtaj-alt-ekstremite","9":"testtaj-femur","10":"markanev-geleneksel-plaklama","12":"first","13":"instock","14":"shipping-taxable","15":"product-type-simple"},"yoast_head":"<!-- This site is optimized with the Yoast SEO plugin v27.2 - https:\/\/yoast.com\/product\/yoast-seo-wordpress\/ -->\n<title>Konvansiyonel plaklar \u2013 B\u00fcy\u00fck Fragman - Sanatmetal<\/title>\n<meta name=\"robots\" content=\"index, follow, max-snippet:-1, max-image-preview:large, max-video-preview:-1\" \/>\n<link rel=\"canonical\" href=\"https:\/\/sanatmetal.hu\/tr\/urun\/konvansiyonel-plaklar-buyuk-fragman\/\" \/>\n<meta property=\"og:locale\" content=\"tr_TR\" \/>\n<meta property=\"og:type\" content=\"article\" \/>\n<meta property=\"og:title\" content=\"Konvansiyonel plaklar \u2013 B\u00fcy\u00fck Fragman - Sanatmetal\" \/>\n<meta property=\"og:description\" content=\"4,5\u20136,5 mm vidalar ile bunlara uygun plak ve enstr\u00fcmanlar\u0131 i\u00e7eren klasik b\u00fcy\u00fck fragman implant sistemidir. Temel avantajlar: t\u00fcm enstr\u00fcmanlar\u0131 ve vida tutucuyu i\u00e7eren 1 temel set plaklar i\u00e7in ek \u00fcniversal implant tutucu normal, kilitli ve d\u00fc\u015f\u00fck temasl\u0131 versiyonlarda d\u00fcz ve e\u011fimli plaklar; normal ve kilitli versiyonlarda anatomik plaklar kendinden k\u0131lavuz a\u00e7an vidalar\" \/>\n<meta property=\"og:url\" content=\"https:\/\/sanatmetal.hu\/tr\/urun\/konvansiyonel-plaklar-buyuk-fragman\/\" \/>\n<meta property=\"og:site_name\" content=\"Sanatmetal\" \/>\n<meta property=\"article:modified_time\" content=\"2026-03-25T08:05:48+00:00\" \/>\n<meta property=\"og:image\" content=\"https:\/\/sanatmetal.hu\/wp-content\/uploads\/2020\/05\/kfi5-1.webp\" \/>\n\t<meta property=\"og:image:width\" content=\"2560\" \/>\n\t<meta property=\"og:image:height\" content=\"1980\" \/>\n\t<meta property=\"og:image:type\" content=\"image\/jpeg\" \/>\n<meta name=\"twitter:card\" content=\"summary_large_image\" \/>\n<meta name=\"twitter:label1\" content=\"Est. reading time\" \/>\n\t<meta name=\"twitter:data1\" content=\"1 minute\" \/>\n<script type=\"application\/ld+json\" class=\"yoast-schema-graph\">{\"@context\":\"https:\/\/schema.org\",\"@graph\":[{\"@type\":\"WebPage\",\"@id\":\"https:\/\/sanatmetal.hu\/tr\/urun\/konvansiyonel-plaklar-buyuk-fragman\/\",\"url\":\"https:\/\/sanatmetal.hu\/tr\/urun\/konvansiyonel-plaklar-buyuk-fragman\/\",\"name\":\"Konvansiyonel plaklar \u2013 B\u00fcy\u00fck Fragman - Sanatmetal\",\"isPartOf\":{\"@id\":\"https:\/\/sanatmetal.hu\/#website\"},\"primaryImageOfPage\":{\"@id\":\"https:\/\/sanatmetal.hu\/tr\/urun\/konvansiyonel-plaklar-buyuk-fragman\/#primaryimage\"},\"image\":{\"@id\":\"https:\/\/sanatmetal.hu\/tr\/urun\/konvansiyonel-plaklar-buyuk-fragman\/#primaryimage\"},\"thumbnailUrl\":\"https:\/\/sanatmetal.hu\/wp-content\/uploads\/2020\/05\/kfi5-1.webp\",\"datePublished\":\"2020-03-04T11:18:04+00:00\",\"dateModified\":\"2026-03-25T08:05:48+00:00\",\"breadcrumb\":{\"@id\":\"https:\/\/sanatmetal.hu\/tr\/urun\/konvansiyonel-plaklar-buyuk-fragman\/#breadcrumb\"},\"inLanguage\":\"tr-TR\",\"potentialAction\":[{\"@type\":\"ReadAction\",\"target\":[\"https:\/\/sanatmetal.hu\/tr\/urun\/konvansiyonel-plaklar-buyuk-fragman\/\"]}]},{\"@type\":\"ImageObject\",\"inLanguage\":\"tr-TR\",\"@id\":\"https:\/\/sanatmetal.hu\/tr\/urun\/konvansiyonel-plaklar-buyuk-fragman\/#primaryimage\",\"url\":\"https:\/\/sanatmetal.hu\/wp-content\/uploads\/2020\/05\/kfi5-1.webp\",\"contentUrl\":\"https:\/\/sanatmetal.hu\/wp-content\/uploads\/2020\/05\/kfi5-1.webp\",\"width\":2560,\"height\":1980},{\"@type\":\"BreadcrumbList\",\"@id\":\"https:\/\/sanatmetal.hu\/tr\/urun\/konvansiyonel-plaklar-buyuk-fragman\/#breadcrumb\",\"itemListElement\":[{\"@type\":\"ListItem\",\"position\":1,\"name\":\"Home\",\"item\":\"https:\/\/sanatmetal.hu\/tr\/\"},{\"@type\":\"ListItem\",\"position\":2,\"name\":\"\u00dcr\u00fcnlerimiz\",\"item\":\"https:\/\/sanatmetal.hu\/tr\/urunlerimiz\/\"},{\"@type\":\"ListItem\",\"position\":3,\"name\":\"Konvansiyonel plaklar \u2013 B\u00fcy\u00fck Fragman\"}]},{\"@type\":\"WebSite\",\"@id\":\"https:\/\/sanatmetal.hu\/#website\",\"url\":\"https:\/\/sanatmetal.hu\/\",\"name\":\"Sanatmetal\",\"description\":\"\",\"publisher\":{\"@id\":\"https:\/\/sanatmetal.hu\/#organization\"},\"potentialAction\":[{\"@type\":\"SearchAction\",\"target\":{\"@type\":\"EntryPoint\",\"urlTemplate\":\"https:\/\/sanatmetal.hu\/?s={search_term_string}\"},\"query-input\":{\"@type\":\"PropertyValueSpecification\",\"valueRequired\":true,\"valueName\":\"search_term_string\"}}],\"inLanguage\":\"tr-TR\"},{\"@type\":\"Organization\",\"@id\":\"https:\/\/sanatmetal.hu\/#organization\",\"name\":\"Sanatmetal\",\"url\":\"https:\/\/sanatmetal.hu\/\",\"logo\":{\"@type\":\"ImageObject\",\"inLanguage\":\"tr-TR\",\"@id\":\"https:\/\/sanatmetal.hu\/#\/schema\/logo\/image\/\",\"url\":\"https:\/\/sanatmetal.hu\/wp-content\/uploads\/2024\/10\/Nevtelen-terv-5-e1728647058747.png\",\"contentUrl\":\"https:\/\/sanatmetal.hu\/wp-content\/uploads\/2024\/10\/Nevtelen-terv-5-e1728647058747.png\",\"width\":1410,\"height\":1293,\"caption\":\"Sanatmetal\"},\"image\":{\"@id\":\"https:\/\/sanatmetal.hu\/#\/schema\/logo\/image\/\"}}]}<\/script>\n<!-- \/ Yoast SEO plugin. -->","yoast_head_json":{"title":"Konvansiyonel plaklar \u2013 B\u00fcy\u00fck Fragman - Sanatmetal","robots":{"index":"index","follow":"follow","max-snippet":"max-snippet:-1","max-image-preview":"max-image-preview:large","max-video-preview":"max-video-preview:-1"},"canonical":"https:\/\/sanatmetal.hu\/tr\/urun\/konvansiyonel-plaklar-buyuk-fragman\/","og_locale":"tr_TR","og_type":"article","og_title":"Konvansiyonel plaklar \u2013 B\u00fcy\u00fck Fragman - Sanatmetal","og_description":"4,5\u20136,5 mm vidalar ile bunlara uygun plak ve enstr\u00fcmanlar\u0131 i\u00e7eren klasik b\u00fcy\u00fck fragman implant sistemidir. Temel avantajlar: t\u00fcm enstr\u00fcmanlar\u0131 ve vida tutucuyu i\u00e7eren 1 temel set plaklar i\u00e7in ek \u00fcniversal implant tutucu normal, kilitli ve d\u00fc\u015f\u00fck temasl\u0131 versiyonlarda d\u00fcz ve e\u011fimli plaklar; normal ve kilitli versiyonlarda anatomik plaklar kendinden k\u0131lavuz a\u00e7an vidalar","og_url":"https:\/\/sanatmetal.hu\/tr\/urun\/konvansiyonel-plaklar-buyuk-fragman\/","og_site_name":"Sanatmetal","article_modified_time":"2026-03-25T08:05:48+00:00","og_image":[{"width":2560,"height":1980,"url":"https:\/\/sanatmetal.hu\/wp-content\/uploads\/2020\/05\/kfi5-1.webp","type":"image\/jpeg"}],"twitter_card":"summary_large_image","twitter_misc":{"Est. reading time":"1 minute"},"schema":{"@context":"https:\/\/schema.org","@graph":[{"@type":"WebPage","@id":"https:\/\/sanatmetal.hu\/tr\/urun\/konvansiyonel-plaklar-buyuk-fragman\/","url":"https:\/\/sanatmetal.hu\/tr\/urun\/konvansiyonel-plaklar-buyuk-fragman\/","name":"Konvansiyonel plaklar \u2013 B\u00fcy\u00fck Fragman - Sanatmetal","isPartOf":{"@id":"https:\/\/sanatmetal.hu\/#website"},"primaryImageOfPage":{"@id":"https:\/\/sanatmetal.hu\/tr\/urun\/konvansiyonel-plaklar-buyuk-fragman\/#primaryimage"},"image":{"@id":"https:\/\/sanatmetal.hu\/tr\/urun\/konvansiyonel-plaklar-buyuk-fragman\/#primaryimage"},"thumbnailUrl":"https:\/\/sanatmetal.hu\/wp-content\/uploads\/2020\/05\/kfi5-1.webp","datePublished":"2020-03-04T11:18:04+00:00","dateModified":"2026-03-25T08:05:48+00:00","breadcrumb":{"@id":"https:\/\/sanatmetal.hu\/tr\/urun\/konvansiyonel-plaklar-buyuk-fragman\/#breadcrumb"},"inLanguage":"tr-TR","potentialAction":[{"@type":"ReadAction","target":["https:\/\/sanatmetal.hu\/tr\/urun\/konvansiyonel-plaklar-buyuk-fragman\/"]}]},{"@type":"ImageObject","inLanguage":"tr-TR","@id":"https:\/\/sanatmetal.hu\/tr\/urun\/konvansiyonel-plaklar-buyuk-fragman\/#primaryimage","url":"https:\/\/sanatmetal.hu\/wp-content\/uploads\/2020\/05\/kfi5-1.webp","contentUrl":"https:\/\/sanatmetal.hu\/wp-content\/uploads\/2020\/05\/kfi5-1.webp","width":2560,"height":1980},{"@type":"BreadcrumbList","@id":"https:\/\/sanatmetal.hu\/tr\/urun\/konvansiyonel-plaklar-buyuk-fragman\/#breadcrumb","itemListElement":[{"@type":"ListItem","position":1,"name":"Home","item":"https:\/\/sanatmetal.hu\/tr\/"},{"@type":"ListItem","position":2,"name":"\u00dcr\u00fcnlerimiz","item":"https:\/\/sanatmetal.hu\/tr\/urunlerimiz\/"},{"@type":"ListItem","position":3,"name":"Konvansiyonel plaklar \u2013 B\u00fcy\u00fck Fragman"}]},{"@type":"WebSite","@id":"https:\/\/sanatmetal.hu\/#website","url":"https:\/\/sanatmetal.hu\/","name":"Sanatmetal","description":"","publisher":{"@id":"https:\/\/sanatmetal.hu\/#organization"},"potentialAction":[{"@type":"SearchAction","target":{"@type":"EntryPoint","urlTemplate":"https:\/\/sanatmetal.hu\/?s={search_term_string}"},"query-input":{"@type":"PropertyValueSpecification","valueRequired":true,"valueName":"search_term_string"}}],"inLanguage":"tr-TR"},{"@type":"Organization","@id":"https:\/\/sanatmetal.hu\/#organization","name":"Sanatmetal","url":"https:\/\/sanatmetal.hu\/","logo":{"@type":"ImageObject","inLanguage":"tr-TR","@id":"https:\/\/sanatmetal.hu\/#\/schema\/logo\/image\/","url":"https:\/\/sanatmetal.hu\/wp-content\/uploads\/2024\/10\/Nevtelen-terv-5-e1728647058747.png","contentUrl":"https:\/\/sanatmetal.hu\/wp-content\/uploads\/2024\/10\/Nevtelen-terv-5-e1728647058747.png","width":1410,"height":1293,"caption":"Sanatmetal"},"image":{"@id":"https:\/\/sanatmetal.hu\/#\/schema\/logo\/image\/"}}]}},"_links":{"self":[{"href":"https:\/\/sanatmetal.hu\/tr\/wp-json\/wp\/v2\/product\/17394","targetHints":{"allow":["GET"]}}],"collection":[{"href":"https:\/\/sanatmetal.hu\/tr\/wp-json\/wp\/v2\/product"}],"about":[{"href":"https:\/\/sanatmetal.hu\/tr\/wp-json\/wp\/v2\/types\/product"}],"wp:featuredmedia":[{"embeddable":true,"href":"https:\/\/sanatmetal.hu\/tr\/wp-json\/wp\/v2\/media\/17396"}],"wp:attachment":[{"href":"https:\/\/sanatmetal.hu\/tr\/wp-json\/wp\/v2\/media?parent=17394"}],"wp:term":[{"taxonomy":"product_brand","embeddable":true,"href":"https:\/\/sanatmetal.hu\/tr\/wp-json\/wp\/v2\/product_brand?post=17394"},{"taxonomy":"product_cat","embeddable":true,"href":"https:\/\/sanatmetal.hu\/tr\/wp-json\/wp\/v2\/product_cat?post=17394"},{"taxonomy":"product_tag","embeddable":true,"href":"https:\/\/sanatmetal.hu\/tr\/wp-json\/wp\/v2\/product_tag?post=17394"}],"curies":[{"name":"wp","href":"https:\/\/api.w.org\/{rel}","templated":true}]}}