{"id":17397,"date":"2020-03-04T11:16:51","date_gmt":"2020-03-04T11:16:51","guid":{"rendered":"https:\/\/sanatmetal.hu\/product\/vortex-proximal-femur-plate\/"},"modified":"2026-03-25T08:27:33","modified_gmt":"2026-03-25T07:27:33","slug":"vortex-proksimal-femur-plagi","status":"publish","type":"product","link":"https:\/\/sanatmetal.hu\/tr\/product\/vortex-proksimal-femur-plagi\/","title":{"rendered":"Vortex Proksimal Femur pla\u011f\u0131"},"content":{"rendered":"<p data-start=\"34\" data-end=\"199\">Vortex poliaxial plak sistemi, 30 plak ve yaln\u0131zca 3 vida ile t\u00fcm v\u00fccut i\u00e7in \u00e7\u00f6z\u00fcmler sunarken, ayn\u0131 zamanda enstr\u00fcmanlar aras\u0131nda \u00e7apraz uyumluluk da sa\u011flamaktad\u0131r.<\/p>\n<p data-start=\"201\" data-end=\"424\">Vortex Proksimal Femur pla\u011f\u0131 (VPF), trokanter tepe k\u0131r\u0131klar\u0131n\u0131n fiksasyonu i\u00e7in tasarlanm\u0131\u015ft\u0131r ve Sirtalis serklaj sisteminin t\u00fcm \u00fcyeleriyle kombine edilebilir. Ayr\u0131ca periprostetik k\u0131r\u0131klar\u0131n tedavisinde de kullan\u0131labilir.<\/p>\n<p data-start=\"426\" data-end=\"443\">Temel avantajlar:<\/p>\n<ul data-start=\"445\" data-end=\"906\">\n<li data-section-id=\"avj9wl\" data-start=\"445\" data-end=\"546\">30 derecelik koni i\u00e7inde kademesiz vida yerle\u015ftirmeye olanak tan\u0131yan poliaxial kilitli plak sistemi<\/li>\n<li data-section-id=\"1qx5vnk\" data-start=\"547\" data-end=\"611\">yanl\u0131\u015f belirlenen vida y\u00f6n\u00fcnde en fazla 3 kez d\u00fczeltme olana\u011f\u0131<\/li>\n<li data-section-id=\"8rouk7\" data-start=\"612\" data-end=\"698\">inceltilmi\u015f ba\u015f yap\u0131s\u0131 sayesinde implant, ekleme yak\u0131n yumu\u015fak dokular\u0131 irrite etmez<\/li>\n<li data-section-id=\"1mz81x0\" data-start=\"699\" data-end=\"768\">yumu\u015fak dokular\u0131n korunmas\u0131na yard\u0131mc\u0131 olan yuvarlat\u0131lm\u0131\u015f konturlar<\/li>\n<li data-section-id=\"rxyn4e\" data-start=\"769\" data-end=\"821\">plak, minimal invaziv cerrahi teknik i\u00e7in uygundur<\/li>\n<li data-section-id=\"qocjz0\" data-start=\"822\" data-end=\"868\">kendinden k\u0131lavuzlu ancak k\u00fcnt ba\u015fl\u0131 vidalar<\/li>\n<li data-section-id=\"1yz8mg8\" data-start=\"869\" data-end=\"906\">g\u00fcvenilir anodize titanyum hammadde<\/li>\n<\/ul>\n","protected":false},"excerpt":{"rendered":"<p>Vortex poliaxial plak sistemi, 30 plak ve yaln\u0131zca 3 vida ile t\u00fcm v\u00fccut i\u00e7in \u00e7\u00f6z\u00fcmler sunarken, ayn\u0131 zamanda enstr\u00fcmanlar aras\u0131nda \u00e7apraz uyumluluk da sa\u011flamaktad\u0131r. Vortex Proksimal Femur pla\u011f\u0131 (VPF), trokanter tepe k\u0131r\u0131klar\u0131n\u0131n fiksasyonu i\u00e7in tasarlanm\u0131\u015ft\u0131r ve Sirtalis serklaj sisteminin t\u00fcm \u00fcyeleriyle kombine edilebilir. Ayr\u0131ca periprostetik k\u0131r\u0131klar\u0131n tedavisinde de kullan\u0131labilir. Temel avantajlar: 30 derecelik koni i\u00e7inde [&hellip;]<\/p>\n","protected":false},"featured_media":17398,"template":"","meta":[],"product_brand":[],"product_cat":[1231],"product_tag":[],"class_list":{"0":"post-17397","1":"product","2":"type-product","3":"status-publish","4":"has-post-thumbnail","6":"product_cat-femur-3","7":"testtaj-plak-sistemleri","8":"testtaj-femur","9":"testtaj-alt-ekstremite","10":"markanev-vortex","12":"first","13":"instock","14":"shipping-taxable","15":"product-type-simple"},"yoast_head":"<!-- This site is optimized with the Yoast SEO plugin v27.2 - https:\/\/yoast.com\/product\/yoast-seo-wordpress\/ -->\n<title>Vortex Proksimal Femur pla\u011f\u0131 - Sanatmetal<\/title>\n<meta name=\"robots\" content=\"index, follow, max-snippet:-1, max-image-preview:large, max-video-preview:-1\" \/>\n<link rel=\"canonical\" href=\"https:\/\/sanatmetal.hu\/tr\/urun\/vortex-proksimal-femur-plagi\/\" \/>\n<meta property=\"og:locale\" content=\"tr_TR\" \/>\n<meta property=\"og:type\" content=\"article\" \/>\n<meta property=\"og:title\" content=\"Vortex Proksimal Femur pla\u011f\u0131 - Sanatmetal\" \/>\n<meta property=\"og:description\" content=\"Vortex poliaxial plak sistemi, 30 plak ve yaln\u0131zca 3 vida ile t\u00fcm v\u00fccut i\u00e7in \u00e7\u00f6z\u00fcmler sunarken, ayn\u0131 zamanda enstr\u00fcmanlar aras\u0131nda \u00e7apraz uyumluluk da sa\u011flamaktad\u0131r. Vortex Proksimal Femur pla\u011f\u0131 (VPF), trokanter tepe k\u0131r\u0131klar\u0131n\u0131n fiksasyonu i\u00e7in tasarlanm\u0131\u015ft\u0131r ve Sirtalis serklaj sisteminin t\u00fcm \u00fcyeleriyle kombine edilebilir. Ayr\u0131ca periprostetik k\u0131r\u0131klar\u0131n tedavisinde de kullan\u0131labilir. Temel avantajlar: 30 derecelik koni i\u00e7inde [&hellip;]\" \/>\n<meta property=\"og:url\" content=\"https:\/\/sanatmetal.hu\/tr\/urun\/vortex-proksimal-femur-plagi\/\" \/>\n<meta property=\"og:site_name\" content=\"Sanatmetal\" \/>\n<meta property=\"article:modified_time\" content=\"2026-03-25T07:27:33+00:00\" \/>\n<meta property=\"og:image\" content=\"https:\/\/sanatmetal.hu\/wp-content\/uploads\/2020\/03\/vpf2test.webp\" \/>\n\t<meta property=\"og:image:width\" content=\"2560\" \/>\n\t<meta property=\"og:image:height\" content=\"1980\" \/>\n\t<meta property=\"og:image:type\" content=\"image\/png\" \/>\n<meta name=\"twitter:card\" content=\"summary_large_image\" \/>\n<meta name=\"twitter:label1\" content=\"Est. reading time\" \/>\n\t<meta name=\"twitter:data1\" content=\"1 minute\" \/>\n<script type=\"application\/ld+json\" class=\"yoast-schema-graph\">{\"@context\":\"https:\/\/schema.org\",\"@graph\":[{\"@type\":\"WebPage\",\"@id\":\"https:\/\/sanatmetal.hu\/tr\/urun\/vortex-proksimal-femur-plagi\/\",\"url\":\"https:\/\/sanatmetal.hu\/tr\/urun\/vortex-proksimal-femur-plagi\/\",\"name\":\"Vortex Proksimal Femur pla\u011f\u0131 - Sanatmetal\",\"isPartOf\":{\"@id\":\"https:\/\/sanatmetal.hu\/#website\"},\"primaryImageOfPage\":{\"@id\":\"https:\/\/sanatmetal.hu\/tr\/urun\/vortex-proksimal-femur-plagi\/#primaryimage\"},\"image\":{\"@id\":\"https:\/\/sanatmetal.hu\/tr\/urun\/vortex-proksimal-femur-plagi\/#primaryimage\"},\"thumbnailUrl\":\"https:\/\/sanatmetal.hu\/wp-content\/uploads\/2020\/03\/vpf2test.webp\",\"datePublished\":\"2020-03-04T11:16:51+00:00\",\"dateModified\":\"2026-03-25T07:27:33+00:00\",\"breadcrumb\":{\"@id\":\"https:\/\/sanatmetal.hu\/tr\/urun\/vortex-proksimal-femur-plagi\/#breadcrumb\"},\"inLanguage\":\"tr-TR\",\"potentialAction\":[{\"@type\":\"ReadAction\",\"target\":[\"https:\/\/sanatmetal.hu\/tr\/urun\/vortex-proksimal-femur-plagi\/\"]}]},{\"@type\":\"ImageObject\",\"inLanguage\":\"tr-TR\",\"@id\":\"https:\/\/sanatmetal.hu\/tr\/urun\/vortex-proksimal-femur-plagi\/#primaryimage\",\"url\":\"https:\/\/sanatmetal.hu\/wp-content\/uploads\/2020\/03\/vpf2test.webp\",\"contentUrl\":\"https:\/\/sanatmetal.hu\/wp-content\/uploads\/2020\/03\/vpf2test.webp\",\"width\":2560,\"height\":1980},{\"@type\":\"BreadcrumbList\",\"@id\":\"https:\/\/sanatmetal.hu\/tr\/urun\/vortex-proksimal-femur-plagi\/#breadcrumb\",\"itemListElement\":[{\"@type\":\"ListItem\",\"position\":1,\"name\":\"Home\",\"item\":\"https:\/\/sanatmetal.hu\/tr\/\"},{\"@type\":\"ListItem\",\"position\":2,\"name\":\"\u00dcr\u00fcnlerimiz\",\"item\":\"https:\/\/sanatmetal.hu\/tr\/urunlerimiz\/\"},{\"@type\":\"ListItem\",\"position\":3,\"name\":\"Vortex Proksimal Femur pla\u011f\u0131\"}]},{\"@type\":\"WebSite\",\"@id\":\"https:\/\/sanatmetal.hu\/#website\",\"url\":\"https:\/\/sanatmetal.hu\/\",\"name\":\"Sanatmetal\",\"description\":\"\",\"publisher\":{\"@id\":\"https:\/\/sanatmetal.hu\/#organization\"},\"potentialAction\":[{\"@type\":\"SearchAction\",\"target\":{\"@type\":\"EntryPoint\",\"urlTemplate\":\"https:\/\/sanatmetal.hu\/?s={search_term_string}\"},\"query-input\":{\"@type\":\"PropertyValueSpecification\",\"valueRequired\":true,\"valueName\":\"search_term_string\"}}],\"inLanguage\":\"tr-TR\"},{\"@type\":\"Organization\",\"@id\":\"https:\/\/sanatmetal.hu\/#organization\",\"name\":\"Sanatmetal\",\"url\":\"https:\/\/sanatmetal.hu\/\",\"logo\":{\"@type\":\"ImageObject\",\"inLanguage\":\"tr-TR\",\"@id\":\"https:\/\/sanatmetal.hu\/#\/schema\/logo\/image\/\",\"url\":\"https:\/\/sanatmetal.hu\/wp-content\/uploads\/2024\/10\/Nevtelen-terv-5-e1728647058747.png\",\"contentUrl\":\"https:\/\/sanatmetal.hu\/wp-content\/uploads\/2024\/10\/Nevtelen-terv-5-e1728647058747.png\",\"width\":1410,\"height\":1293,\"caption\":\"Sanatmetal\"},\"image\":{\"@id\":\"https:\/\/sanatmetal.hu\/#\/schema\/logo\/image\/\"}}]}<\/script>\n<!-- \/ Yoast SEO plugin. -->","yoast_head_json":{"title":"Vortex Proksimal Femur pla\u011f\u0131 - Sanatmetal","robots":{"index":"index","follow":"follow","max-snippet":"max-snippet:-1","max-image-preview":"max-image-preview:large","max-video-preview":"max-video-preview:-1"},"canonical":"https:\/\/sanatmetal.hu\/tr\/urun\/vortex-proksimal-femur-plagi\/","og_locale":"tr_TR","og_type":"article","og_title":"Vortex Proksimal Femur pla\u011f\u0131 - Sanatmetal","og_description":"Vortex poliaxial plak sistemi, 30 plak ve yaln\u0131zca 3 vida ile t\u00fcm v\u00fccut i\u00e7in \u00e7\u00f6z\u00fcmler sunarken, ayn\u0131 zamanda enstr\u00fcmanlar aras\u0131nda \u00e7apraz uyumluluk da sa\u011flamaktad\u0131r. Vortex Proksimal Femur pla\u011f\u0131 (VPF), trokanter tepe k\u0131r\u0131klar\u0131n\u0131n fiksasyonu i\u00e7in tasarlanm\u0131\u015ft\u0131r ve Sirtalis serklaj sisteminin t\u00fcm \u00fcyeleriyle kombine edilebilir. Ayr\u0131ca periprostetik k\u0131r\u0131klar\u0131n tedavisinde de kullan\u0131labilir. Temel avantajlar: 30 derecelik koni i\u00e7inde [&hellip;]","og_url":"https:\/\/sanatmetal.hu\/tr\/urun\/vortex-proksimal-femur-plagi\/","og_site_name":"Sanatmetal","article_modified_time":"2026-03-25T07:27:33+00:00","og_image":[{"width":2560,"height":1980,"url":"https:\/\/sanatmetal.hu\/wp-content\/uploads\/2020\/03\/vpf2test.webp","type":"image\/png"}],"twitter_card":"summary_large_image","twitter_misc":{"Est. reading time":"1 minute"},"schema":{"@context":"https:\/\/schema.org","@graph":[{"@type":"WebPage","@id":"https:\/\/sanatmetal.hu\/tr\/urun\/vortex-proksimal-femur-plagi\/","url":"https:\/\/sanatmetal.hu\/tr\/urun\/vortex-proksimal-femur-plagi\/","name":"Vortex Proksimal Femur pla\u011f\u0131 - Sanatmetal","isPartOf":{"@id":"https:\/\/sanatmetal.hu\/#website"},"primaryImageOfPage":{"@id":"https:\/\/sanatmetal.hu\/tr\/urun\/vortex-proksimal-femur-plagi\/#primaryimage"},"image":{"@id":"https:\/\/sanatmetal.hu\/tr\/urun\/vortex-proksimal-femur-plagi\/#primaryimage"},"thumbnailUrl":"https:\/\/sanatmetal.hu\/wp-content\/uploads\/2020\/03\/vpf2test.webp","datePublished":"2020-03-04T11:16:51+00:00","dateModified":"2026-03-25T07:27:33+00:00","breadcrumb":{"@id":"https:\/\/sanatmetal.hu\/tr\/urun\/vortex-proksimal-femur-plagi\/#breadcrumb"},"inLanguage":"tr-TR","potentialAction":[{"@type":"ReadAction","target":["https:\/\/sanatmetal.hu\/tr\/urun\/vortex-proksimal-femur-plagi\/"]}]},{"@type":"ImageObject","inLanguage":"tr-TR","@id":"https:\/\/sanatmetal.hu\/tr\/urun\/vortex-proksimal-femur-plagi\/#primaryimage","url":"https:\/\/sanatmetal.hu\/wp-content\/uploads\/2020\/03\/vpf2test.webp","contentUrl":"https:\/\/sanatmetal.hu\/wp-content\/uploads\/2020\/03\/vpf2test.webp","width":2560,"height":1980},{"@type":"BreadcrumbList","@id":"https:\/\/sanatmetal.hu\/tr\/urun\/vortex-proksimal-femur-plagi\/#breadcrumb","itemListElement":[{"@type":"ListItem","position":1,"name":"Home","item":"https:\/\/sanatmetal.hu\/tr\/"},{"@type":"ListItem","position":2,"name":"\u00dcr\u00fcnlerimiz","item":"https:\/\/sanatmetal.hu\/tr\/urunlerimiz\/"},{"@type":"ListItem","position":3,"name":"Vortex Proksimal Femur pla\u011f\u0131"}]},{"@type":"WebSite","@id":"https:\/\/sanatmetal.hu\/#website","url":"https:\/\/sanatmetal.hu\/","name":"Sanatmetal","description":"","publisher":{"@id":"https:\/\/sanatmetal.hu\/#organization"},"potentialAction":[{"@type":"SearchAction","target":{"@type":"EntryPoint","urlTemplate":"https:\/\/sanatmetal.hu\/?s={search_term_string}"},"query-input":{"@type":"PropertyValueSpecification","valueRequired":true,"valueName":"search_term_string"}}],"inLanguage":"tr-TR"},{"@type":"Organization","@id":"https:\/\/sanatmetal.hu\/#organization","name":"Sanatmetal","url":"https:\/\/sanatmetal.hu\/","logo":{"@type":"ImageObject","inLanguage":"tr-TR","@id":"https:\/\/sanatmetal.hu\/#\/schema\/logo\/image\/","url":"https:\/\/sanatmetal.hu\/wp-content\/uploads\/2024\/10\/Nevtelen-terv-5-e1728647058747.png","contentUrl":"https:\/\/sanatmetal.hu\/wp-content\/uploads\/2024\/10\/Nevtelen-terv-5-e1728647058747.png","width":1410,"height":1293,"caption":"Sanatmetal"},"image":{"@id":"https:\/\/sanatmetal.hu\/#\/schema\/logo\/image\/"}}]}},"_links":{"self":[{"href":"https:\/\/sanatmetal.hu\/tr\/wp-json\/wp\/v2\/product\/17397","targetHints":{"allow":["GET"]}}],"collection":[{"href":"https:\/\/sanatmetal.hu\/tr\/wp-json\/wp\/v2\/product"}],"about":[{"href":"https:\/\/sanatmetal.hu\/tr\/wp-json\/wp\/v2\/types\/product"}],"wp:featuredmedia":[{"embeddable":true,"href":"https:\/\/sanatmetal.hu\/tr\/wp-json\/wp\/v2\/media\/17398"}],"wp:attachment":[{"href":"https:\/\/sanatmetal.hu\/tr\/wp-json\/wp\/v2\/media?parent=17397"}],"wp:term":[{"taxonomy":"product_brand","embeddable":true,"href":"https:\/\/sanatmetal.hu\/tr\/wp-json\/wp\/v2\/product_brand?post=17397"},{"taxonomy":"product_cat","embeddable":true,"href":"https:\/\/sanatmetal.hu\/tr\/wp-json\/wp\/v2\/product_cat?post=17397"},{"taxonomy":"product_tag","embeddable":true,"href":"https:\/\/sanatmetal.hu\/tr\/wp-json\/wp\/v2\/product_tag?post=17397"}],"curies":[{"name":"wp","href":"https:\/\/api.w.org\/{rel}","templated":true}]}}