{"id":17407,"date":"2020-03-04T11:12:56","date_gmt":"2020-03-04T11:12:56","guid":{"rendered":"https:\/\/sanatmetal.hu\/product\/magic-femur2-nail\/"},"modified":"2026-05-08T07:49:57","modified_gmt":"2026-05-08T06:49:57","slug":"magic-femur2-civisi","status":"publish","type":"product","link":"https:\/\/sanatmetal.hu\/tr\/product\/magic-femur2-civisi\/","title":{"rendered":"Magic Femur 2 \u00e7ivisi"},"content":{"rendered":"<p data-start=\"42375\" data-end=\"42427\"><strong data-start=\"42375\" data-end=\"42427\">Femur cerrahilerinde distal kilitlemenin zorlu\u011fu<\/strong><\/p>\n<p data-start=\"42429\" data-end=\"42817\">Femur diafiz k\u0131r\u0131klar\u0131nda intramed\u00fcller \u00e7ivilemenin en kritik ad\u0131mlar\u0131ndan biri distal kilitlemedir ve geleneksel prosed\u00fcrlerde bu ad\u0131m \u00e7o\u011funlukla floroskopiye dayan\u0131r. Bu cerrahi ad\u0131m zaman al\u0131c\u0131 olabilir, radyasyon maruziyetini art\u0131r\u0131r ve cerrah\u0131n \u00f6nemli d\u00fczeyde konsantrasyon g\u00f6stermesini gerektirir. S\u00fcrecin do\u011frulu\u011fu ve \u00f6ng\u00f6r\u00fclebilirli\u011fi cerrahi sonu\u00e7 a\u00e7\u0131s\u0131ndan kilit \u00f6neme sahiptir.<\/p>\n<p data-start=\"42819\" data-end=\"42852\"><strong data-start=\"42819\" data-end=\"42852\">Radyasyonsuz distal kilitleme<\/strong><\/p>\n<p data-start=\"42854\" data-end=\"43431\">SpectruM Femur 2 rekonstr\u00fcksiyon \u00e7ivisi, MAGIC \u00fcnitesiyle donat\u0131lm\u0131\u015f, manyetik hedeflemeli, geli\u015ftirilmi\u015f ve en modern versiyondur. Kombine proksimal femur k\u0131r\u0131klar\u0131 ve diafiz k\u0131r\u0131klar\u0131 i\u00e7in g\u00fcvenilir \u015fekilde kullan\u0131labilir.<br data-start=\"43078\" data-end=\"43081\" \/>MAGIC sistemi, radyasyonsuz distal kilitlemeye olanak tan\u0131yarak femur diafiz k\u0131r\u0131klar\u0131n\u0131n intramed\u00fcller \u00e7ivilemesinde de daha \u00f6ng\u00f6r\u00fclebilir, daha do\u011fru ve y\u00f6nlendirilmi\u015f bir cerrahi i\u015f ak\u0131\u015f\u0131n\u0131 destekler. Odak noktas\u0131 teknoloji de\u011fil, cerrahi sonu\u00e7tur: daha az radyasyon kullan\u0131m\u0131, daha kontroll\u00fc hedefleme ve cerrah i\u00e7in daha iyi bir cerrahi deneyim.<\/p>\n<p data-start=\"43433\" data-end=\"43472\"><strong data-start=\"43433\" data-end=\"43472\">MAGIC &#8211; manyetik cerrahi navigasyon<\/strong><\/p>\n<p data-start=\"43474\" data-end=\"43845\">MAGIC, distal hedefleme ve kilitlemenin kritik ad\u0131m\u0131n\u0131 destekleyen manyetik bir cerrahi navigasyon \u00e7\u00f6z\u00fcm\u00fcd\u00fcr. Sistemin de\u011feri, i\u015f ak\u0131\u015f\u0131 d\u00fczeyindeki yakla\u015f\u0131m\u0131nda yatmaktad\u0131r: ek yat\u0131r\u0131m altyap\u0131s\u0131na ihtiya\u00e7 duymadan y\u00f6nlendirilmi\u015f, sezgisel ve tekrarlanabilir cerrahi ad\u0131mlar sa\u011flar. Bu da teknolojinin mevcut cerrahi prati\u011fe sorunsuz \u015fekilde entegre olmas\u0131n\u0131 m\u00fcmk\u00fcn k\u0131lar.<\/p>\n<p data-start=\"43847\" data-end=\"43902\"><strong data-start=\"43847\" data-end=\"43902\">Femur intramed\u00fcller \u00e7ivilemesi s\u0131ras\u0131nda avantajlar<\/strong><\/p>\n<ul data-start=\"43904\" data-end=\"44082\">\n<li data-section-id=\"1hjqdbo\" data-start=\"43904\" data-end=\"43979\">geni\u015fletilmi\u015f endikasyonlar i\u00e7in iki farkl\u0131 kilitleme se\u00e7ene\u011fine sahiptir<\/li>\n<li data-section-id=\"t28gjg\" data-start=\"43980\" data-end=\"44041\">giri\u015f noktas\u0131 trokanter tepesinde olan anatomik e\u011fimli \u00e7ivi<\/li>\n<li data-section-id=\"18rb7me\" data-start=\"44042\" data-end=\"44082\">\u00e7ivi ucu kolay yerle\u015ftirmeyi destekler<\/li>\n<\/ul>\n<p><iframe loading=\"lazy\" title=\"MAGIC - Distal targeting without X-Ray - promotional video\" width=\"500\" height=\"281\" src=\"https:\/\/www.youtube.com\/embed\/UoFdHPE_3EU?start=5&#038;feature=oembed\" frameborder=\"0\" allow=\"accelerometer; autoplay; clipboard-write; encrypted-media; gyroscope; picture-in-picture; web-share\" referrerpolicy=\"strict-origin-when-cross-origin\" allowfullscreen><\/iframe><\/p>\n","protected":false},"excerpt":{"rendered":"<p>Femur cerrahilerinde distal kilitlemenin zorlu\u011fu Femur diafiz k\u0131r\u0131klar\u0131nda intramed\u00fcller \u00e7ivilemenin en kritik ad\u0131mlar\u0131ndan biri distal kilitlemedir ve geleneksel prosed\u00fcrlerde bu ad\u0131m \u00e7o\u011funlukla floroskopiye dayan\u0131r. Bu cerrahi ad\u0131m zaman al\u0131c\u0131 olabilir, radyasyon maruziyetini art\u0131r\u0131r ve cerrah\u0131n \u00f6nemli d\u00fczeyde konsantrasyon g\u00f6stermesini gerektirir. S\u00fcrecin do\u011frulu\u011fu ve \u00f6ng\u00f6r\u00fclebilirli\u011fi cerrahi sonu\u00e7 a\u00e7\u0131s\u0131ndan kilit \u00f6neme sahiptir. Radyasyonsuz distal kilitleme SpectruM Femur [&hellip;]<\/p>\n","protected":false},"featured_media":17413,"template":"","meta":[],"product_brand":[],"product_cat":[1235],"product_tag":[],"class_list":{"0":"post-17407","1":"product","2":"type-product","3":"status-publish","4":"has-post-thumbnail","6":"product_cat-femur-2","7":"testtaj-femur","8":"testtaj-alt-ekstremite","9":"testtaj-intrameduller-civi-sistemleri","10":"markanev-magic","12":"first","13":"instock","14":"shipping-taxable","15":"product-type-simple"},"yoast_head":"<!-- This site is optimized with the Yoast SEO plugin v27.2 - https:\/\/yoast.com\/product\/yoast-seo-wordpress\/ -->\n<title>Magic Femur 2 \u00e7ivisi - Sanatmetal<\/title>\n<meta name=\"robots\" content=\"index, follow, max-snippet:-1, max-image-preview:large, max-video-preview:-1\" \/>\n<link rel=\"canonical\" href=\"https:\/\/sanatmetal.hu\/tr\/product\/magic-femur2-civisi\/\" \/>\n<meta property=\"og:locale\" content=\"tr_TR\" \/>\n<meta property=\"og:type\" content=\"article\" \/>\n<meta property=\"og:title\" content=\"Magic Femur 2 \u00e7ivisi - Sanatmetal\" \/>\n<meta property=\"og:description\" content=\"Femur cerrahilerinde distal kilitlemenin zorlu\u011fu Femur diafiz k\u0131r\u0131klar\u0131nda intramed\u00fcller \u00e7ivilemenin en kritik ad\u0131mlar\u0131ndan biri distal kilitlemedir ve geleneksel prosed\u00fcrlerde bu ad\u0131m \u00e7o\u011funlukla floroskopiye dayan\u0131r. Bu cerrahi ad\u0131m zaman al\u0131c\u0131 olabilir, radyasyon maruziyetini art\u0131r\u0131r ve cerrah\u0131n \u00f6nemli d\u00fczeyde konsantrasyon g\u00f6stermesini gerektirir. S\u00fcrecin do\u011frulu\u011fu ve \u00f6ng\u00f6r\u00fclebilirli\u011fi cerrahi sonu\u00e7 a\u00e7\u0131s\u0131ndan kilit \u00f6neme sahiptir. Radyasyonsuz distal kilitleme SpectruM Femur [&hellip;]\" \/>\n<meta property=\"og:url\" content=\"https:\/\/sanatmetal.hu\/tr\/product\/magic-femur2-civisi\/\" \/>\n<meta property=\"og:site_name\" content=\"Sanatmetal\" \/>\n<meta property=\"article:modified_time\" content=\"2026-05-08T06:49:57+00:00\" \/>\n<meta property=\"og:image\" content=\"https:\/\/sanatmetal.hu\/wp-content\/uploads\/2020\/06\/magic-femur2_4.webp\" \/>\n\t<meta property=\"og:image:width\" content=\"2560\" \/>\n\t<meta property=\"og:image:height\" content=\"1980\" \/>\n\t<meta property=\"og:image:type\" content=\"image\/jpeg\" \/>\n<meta name=\"twitter:card\" content=\"summary_large_image\" \/>\n<meta name=\"twitter:label1\" content=\"Est. reading time\" \/>\n\t<meta name=\"twitter:data1\" content=\"2 minutes\" \/>\n<script type=\"application\/ld+json\" class=\"yoast-schema-graph\">{\"@context\":\"https:\/\/schema.org\",\"@graph\":[{\"@type\":\"WebPage\",\"@id\":\"https:\/\/sanatmetal.hu\/tr\/product\/magic-femur2-civisi\/\",\"url\":\"https:\/\/sanatmetal.hu\/tr\/product\/magic-femur2-civisi\/\",\"name\":\"Magic Femur 2 \u00e7ivisi - Sanatmetal\",\"isPartOf\":{\"@id\":\"https:\/\/sanatmetal.hu\/#website\"},\"primaryImageOfPage\":{\"@id\":\"https:\/\/sanatmetal.hu\/tr\/product\/magic-femur2-civisi\/#primaryimage\"},\"image\":{\"@id\":\"https:\/\/sanatmetal.hu\/tr\/product\/magic-femur2-civisi\/#primaryimage\"},\"thumbnailUrl\":\"https:\/\/sanatmetal.hu\/wp-content\/uploads\/2020\/06\/magic-femur2_4.webp\",\"datePublished\":\"2020-03-04T11:12:56+00:00\",\"dateModified\":\"2026-05-08T06:49:57+00:00\",\"breadcrumb\":{\"@id\":\"https:\/\/sanatmetal.hu\/tr\/product\/magic-femur2-civisi\/#breadcrumb\"},\"inLanguage\":\"tr-TR\",\"potentialAction\":[{\"@type\":\"ReadAction\",\"target\":[\"https:\/\/sanatmetal.hu\/tr\/product\/magic-femur2-civisi\/\"]}]},{\"@type\":\"ImageObject\",\"inLanguage\":\"tr-TR\",\"@id\":\"https:\/\/sanatmetal.hu\/tr\/product\/magic-femur2-civisi\/#primaryimage\",\"url\":\"https:\/\/sanatmetal.hu\/wp-content\/uploads\/2020\/06\/magic-femur2_4.webp\",\"contentUrl\":\"https:\/\/sanatmetal.hu\/wp-content\/uploads\/2020\/06\/magic-femur2_4.webp\",\"width\":2560,\"height\":1980},{\"@type\":\"BreadcrumbList\",\"@id\":\"https:\/\/sanatmetal.hu\/tr\/product\/magic-femur2-civisi\/#breadcrumb\",\"itemListElement\":[{\"@type\":\"ListItem\",\"position\":1,\"name\":\"Home\",\"item\":\"https:\/\/sanatmetal.hu\/tr\/\"},{\"@type\":\"ListItem\",\"position\":2,\"name\":\"\u00dcr\u00fcnlerimiz\",\"item\":\"https:\/\/sanatmetal.hu\/tr\/urunlerimiz\/\"},{\"@type\":\"ListItem\",\"position\":3,\"name\":\"Magic Femur 2 \u00e7ivisi\"}]},{\"@type\":\"WebSite\",\"@id\":\"https:\/\/sanatmetal.hu\/#website\",\"url\":\"https:\/\/sanatmetal.hu\/\",\"name\":\"Sanatmetal\",\"description\":\"\",\"publisher\":{\"@id\":\"https:\/\/sanatmetal.hu\/#organization\"},\"potentialAction\":[{\"@type\":\"SearchAction\",\"target\":{\"@type\":\"EntryPoint\",\"urlTemplate\":\"https:\/\/sanatmetal.hu\/?s={search_term_string}\"},\"query-input\":{\"@type\":\"PropertyValueSpecification\",\"valueRequired\":true,\"valueName\":\"search_term_string\"}}],\"inLanguage\":\"tr-TR\"},{\"@type\":\"Organization\",\"@id\":\"https:\/\/sanatmetal.hu\/#organization\",\"name\":\"Sanatmetal\",\"url\":\"https:\/\/sanatmetal.hu\/\",\"logo\":{\"@type\":\"ImageObject\",\"inLanguage\":\"tr-TR\",\"@id\":\"https:\/\/sanatmetal.hu\/#\/schema\/logo\/image\/\",\"url\":\"https:\/\/sanatmetal.hu\/wp-content\/uploads\/2024\/10\/Nevtelen-terv-5-e1728647058747.png\",\"contentUrl\":\"https:\/\/sanatmetal.hu\/wp-content\/uploads\/2024\/10\/Nevtelen-terv-5-e1728647058747.png\",\"width\":1410,\"height\":1293,\"caption\":\"Sanatmetal\"},\"image\":{\"@id\":\"https:\/\/sanatmetal.hu\/#\/schema\/logo\/image\/\"}}]}<\/script>\n<!-- \/ Yoast SEO plugin. -->","yoast_head_json":{"title":"Magic Femur 2 \u00e7ivisi - Sanatmetal","robots":{"index":"index","follow":"follow","max-snippet":"max-snippet:-1","max-image-preview":"max-image-preview:large","max-video-preview":"max-video-preview:-1"},"canonical":"https:\/\/sanatmetal.hu\/tr\/product\/magic-femur2-civisi\/","og_locale":"tr_TR","og_type":"article","og_title":"Magic Femur 2 \u00e7ivisi - Sanatmetal","og_description":"Femur cerrahilerinde distal kilitlemenin zorlu\u011fu Femur diafiz k\u0131r\u0131klar\u0131nda intramed\u00fcller \u00e7ivilemenin en kritik ad\u0131mlar\u0131ndan biri distal kilitlemedir ve geleneksel prosed\u00fcrlerde bu ad\u0131m \u00e7o\u011funlukla floroskopiye dayan\u0131r. Bu cerrahi ad\u0131m zaman al\u0131c\u0131 olabilir, radyasyon maruziyetini art\u0131r\u0131r ve cerrah\u0131n \u00f6nemli d\u00fczeyde konsantrasyon g\u00f6stermesini gerektirir. S\u00fcrecin do\u011frulu\u011fu ve \u00f6ng\u00f6r\u00fclebilirli\u011fi cerrahi sonu\u00e7 a\u00e7\u0131s\u0131ndan kilit \u00f6neme sahiptir. Radyasyonsuz distal kilitleme SpectruM Femur [&hellip;]","og_url":"https:\/\/sanatmetal.hu\/tr\/product\/magic-femur2-civisi\/","og_site_name":"Sanatmetal","article_modified_time":"2026-05-08T06:49:57+00:00","og_image":[{"width":2560,"height":1980,"url":"https:\/\/sanatmetal.hu\/wp-content\/uploads\/2020\/06\/magic-femur2_4.webp","type":"image\/jpeg"}],"twitter_card":"summary_large_image","twitter_misc":{"Est. reading time":"2 minutes"},"schema":{"@context":"https:\/\/schema.org","@graph":[{"@type":"WebPage","@id":"https:\/\/sanatmetal.hu\/tr\/product\/magic-femur2-civisi\/","url":"https:\/\/sanatmetal.hu\/tr\/product\/magic-femur2-civisi\/","name":"Magic Femur 2 \u00e7ivisi - Sanatmetal","isPartOf":{"@id":"https:\/\/sanatmetal.hu\/#website"},"primaryImageOfPage":{"@id":"https:\/\/sanatmetal.hu\/tr\/product\/magic-femur2-civisi\/#primaryimage"},"image":{"@id":"https:\/\/sanatmetal.hu\/tr\/product\/magic-femur2-civisi\/#primaryimage"},"thumbnailUrl":"https:\/\/sanatmetal.hu\/wp-content\/uploads\/2020\/06\/magic-femur2_4.webp","datePublished":"2020-03-04T11:12:56+00:00","dateModified":"2026-05-08T06:49:57+00:00","breadcrumb":{"@id":"https:\/\/sanatmetal.hu\/tr\/product\/magic-femur2-civisi\/#breadcrumb"},"inLanguage":"tr-TR","potentialAction":[{"@type":"ReadAction","target":["https:\/\/sanatmetal.hu\/tr\/product\/magic-femur2-civisi\/"]}]},{"@type":"ImageObject","inLanguage":"tr-TR","@id":"https:\/\/sanatmetal.hu\/tr\/product\/magic-femur2-civisi\/#primaryimage","url":"https:\/\/sanatmetal.hu\/wp-content\/uploads\/2020\/06\/magic-femur2_4.webp","contentUrl":"https:\/\/sanatmetal.hu\/wp-content\/uploads\/2020\/06\/magic-femur2_4.webp","width":2560,"height":1980},{"@type":"BreadcrumbList","@id":"https:\/\/sanatmetal.hu\/tr\/product\/magic-femur2-civisi\/#breadcrumb","itemListElement":[{"@type":"ListItem","position":1,"name":"Home","item":"https:\/\/sanatmetal.hu\/tr\/"},{"@type":"ListItem","position":2,"name":"\u00dcr\u00fcnlerimiz","item":"https:\/\/sanatmetal.hu\/tr\/urunlerimiz\/"},{"@type":"ListItem","position":3,"name":"Magic Femur 2 \u00e7ivisi"}]},{"@type":"WebSite","@id":"https:\/\/sanatmetal.hu\/#website","url":"https:\/\/sanatmetal.hu\/","name":"Sanatmetal","description":"","publisher":{"@id":"https:\/\/sanatmetal.hu\/#organization"},"potentialAction":[{"@type":"SearchAction","target":{"@type":"EntryPoint","urlTemplate":"https:\/\/sanatmetal.hu\/?s={search_term_string}"},"query-input":{"@type":"PropertyValueSpecification","valueRequired":true,"valueName":"search_term_string"}}],"inLanguage":"tr-TR"},{"@type":"Organization","@id":"https:\/\/sanatmetal.hu\/#organization","name":"Sanatmetal","url":"https:\/\/sanatmetal.hu\/","logo":{"@type":"ImageObject","inLanguage":"tr-TR","@id":"https:\/\/sanatmetal.hu\/#\/schema\/logo\/image\/","url":"https:\/\/sanatmetal.hu\/wp-content\/uploads\/2024\/10\/Nevtelen-terv-5-e1728647058747.png","contentUrl":"https:\/\/sanatmetal.hu\/wp-content\/uploads\/2024\/10\/Nevtelen-terv-5-e1728647058747.png","width":1410,"height":1293,"caption":"Sanatmetal"},"image":{"@id":"https:\/\/sanatmetal.hu\/#\/schema\/logo\/image\/"}}]}},"_links":{"self":[{"href":"https:\/\/sanatmetal.hu\/tr\/wp-json\/wp\/v2\/product\/17407","targetHints":{"allow":["GET"]}}],"collection":[{"href":"https:\/\/sanatmetal.hu\/tr\/wp-json\/wp\/v2\/product"}],"about":[{"href":"https:\/\/sanatmetal.hu\/tr\/wp-json\/wp\/v2\/types\/product"}],"wp:featuredmedia":[{"embeddable":true,"href":"https:\/\/sanatmetal.hu\/tr\/wp-json\/wp\/v2\/media\/17413"}],"wp:attachment":[{"href":"https:\/\/sanatmetal.hu\/tr\/wp-json\/wp\/v2\/media?parent=17407"}],"wp:term":[{"taxonomy":"product_brand","embeddable":true,"href":"https:\/\/sanatmetal.hu\/tr\/wp-json\/wp\/v2\/product_brand?post=17407"},{"taxonomy":"product_cat","embeddable":true,"href":"https:\/\/sanatmetal.hu\/tr\/wp-json\/wp\/v2\/product_cat?post=17407"},{"taxonomy":"product_tag","embeddable":true,"href":"https:\/\/sanatmetal.hu\/tr\/wp-json\/wp\/v2\/product_tag?post=17407"}],"curies":[{"name":"wp","href":"https:\/\/api.w.org\/{rel}","templated":true}]}}