{"id":17414,"date":"2020-03-04T11:11:57","date_gmt":"2020-03-04T11:11:57","guid":{"rendered":"https:\/\/sanatmetal.hu\/product\/magic-femur-nail\/"},"modified":"2026-03-24T15:35:06","modified_gmt":"2026-03-24T14:35:06","slug":"magic-femur-civisi","status":"publish","type":"product","link":"https:\/\/sanatmetal.hu\/tr\/product\/magic-femur-civisi\/","title":{"rendered":"Magic Femur \u00e7ivisi"},"content":{"rendered":"<p data-start=\"24\" data-end=\"360\">SpectruM Femur \u00e7ivi sisteminin daha da geli\u015ftirilmi\u015f bir versiyonu olan bu sistemde, \u00f6zel bir kilitleme deli\u011fine sahip SpectruM Femur \u00e7ivisi, en yeni manyetik hedefleme sistemi olan Magic ile g\u00fcncellenmi\u015ftir. Femur diafiz k\u0131r\u0131klar\u0131 i\u00e7in klasik \u00e7ivinin kilitleme delikleri, floroskopi kullan\u0131lmadan manyetik sistem ile bulunabilmektedir.<\/p>\n<p data-start=\"362\" data-end=\"379\">Temel avantajlar:<\/p>\n<ul data-start=\"381\" data-end=\"494\">\n<li data-section-id=\"12fdol1\" data-start=\"381\" data-end=\"416\">kan\u00fcll\u00fc, dinamize edilebilir \u00e7ivi<\/li>\n<li data-section-id=\"1dtir4t\" data-start=\"417\" data-end=\"464\">\u00e7ap ve uzunluk a\u00e7\u0131s\u0131ndan geni\u015f boyut se\u00e7ene\u011fi<\/li>\n<li data-section-id=\"zafx9w\" data-start=\"465\" data-end=\"494\">\u00e7\u0131kmay\u0131 \u00f6nleyici sleeve\u2019ler<\/li>\n<\/ul>\n<p><iframe loading=\"lazy\" title=\"MAGIC - Distal targeting without X-Ray - promotional video\" width=\"500\" height=\"281\" src=\"https:\/\/www.youtube.com\/embed\/UoFdHPE_3EU?start=5&#038;feature=oembed\" frameborder=\"0\" allow=\"accelerometer; autoplay; clipboard-write; encrypted-media; gyroscope; picture-in-picture; web-share\" referrerpolicy=\"strict-origin-when-cross-origin\" allowfullscreen><\/iframe><\/p>\n","protected":false},"excerpt":{"rendered":"<p>SpectruM Femur \u00e7ivi sisteminin daha da geli\u015ftirilmi\u015f bir versiyonu olan bu sistemde, \u00f6zel bir kilitleme deli\u011fine sahip SpectruM Femur \u00e7ivisi, en yeni manyetik hedefleme sistemi olan Magic ile g\u00fcncellenmi\u015ftir. Femur diafiz k\u0131r\u0131klar\u0131 i\u00e7in klasik \u00e7ivinin kilitleme delikleri, floroskopi kullan\u0131lmadan manyetik sistem ile bulunabilmektedir. Temel avantajlar: kan\u00fcll\u00fc, dinamize edilebilir \u00e7ivi \u00e7ap ve uzunluk a\u00e7\u0131s\u0131ndan geni\u015f boyut [&hellip;]<\/p>\n","protected":false},"featured_media":17415,"template":"","meta":[],"product_brand":[],"product_cat":[1235],"product_tag":[],"class_list":{"0":"post-17414","1":"product","2":"type-product","3":"status-publish","4":"has-post-thumbnail","6":"product_cat-femur-2","7":"testtaj-intrameduller-civi-sistemleri","8":"testtaj-alt-ekstremite","9":"testtaj-femur","10":"markanev-magic","12":"first","13":"instock","14":"shipping-taxable","15":"product-type-simple"},"yoast_head":"<!-- This site is optimized with the Yoast SEO plugin v27.2 - https:\/\/yoast.com\/product\/yoast-seo-wordpress\/ -->\n<title>Magic Femur \u00e7ivisi - Sanatmetal<\/title>\n<meta name=\"robots\" content=\"index, follow, max-snippet:-1, max-image-preview:large, max-video-preview:-1\" \/>\n<link rel=\"canonical\" href=\"https:\/\/sanatmetal.hu\/tr\/urun\/magic-femur-civisi\/\" \/>\n<meta property=\"og:locale\" content=\"tr_TR\" \/>\n<meta property=\"og:type\" content=\"article\" \/>\n<meta property=\"og:title\" content=\"Magic Femur \u00e7ivisi - Sanatmetal\" \/>\n<meta property=\"og:description\" content=\"SpectruM Femur \u00e7ivi sisteminin daha da geli\u015ftirilmi\u015f bir versiyonu olan bu sistemde, \u00f6zel bir kilitleme deli\u011fine sahip SpectruM Femur \u00e7ivisi, en yeni manyetik hedefleme sistemi olan Magic ile g\u00fcncellenmi\u015ftir. Femur diafiz k\u0131r\u0131klar\u0131 i\u00e7in klasik \u00e7ivinin kilitleme delikleri, floroskopi kullan\u0131lmadan manyetik sistem ile bulunabilmektedir. Temel avantajlar: kan\u00fcll\u00fc, dinamize edilebilir \u00e7ivi \u00e7ap ve uzunluk a\u00e7\u0131s\u0131ndan geni\u015f boyut [&hellip;]\" \/>\n<meta property=\"og:url\" content=\"https:\/\/sanatmetal.hu\/tr\/urun\/magic-femur-civisi\/\" \/>\n<meta property=\"og:site_name\" content=\"Sanatmetal\" \/>\n<meta property=\"article:modified_time\" content=\"2026-03-24T14:35:06+00:00\" \/>\n<meta property=\"og:image\" content=\"https:\/\/sanatmetal.hu\/wp-content\/uploads\/2020\/03\/magicfemurtest.webp\" \/>\n\t<meta property=\"og:image:width\" content=\"2560\" \/>\n\t<meta property=\"og:image:height\" content=\"1980\" \/>\n\t<meta property=\"og:image:type\" content=\"image\/png\" \/>\n<meta name=\"twitter:card\" content=\"summary_large_image\" \/>\n<meta name=\"twitter:label1\" content=\"Est. reading time\" \/>\n\t<meta name=\"twitter:data1\" content=\"1 minute\" \/>\n<script type=\"application\/ld+json\" class=\"yoast-schema-graph\">{\"@context\":\"https:\/\/schema.org\",\"@graph\":[{\"@type\":\"WebPage\",\"@id\":\"https:\/\/sanatmetal.hu\/tr\/urun\/magic-femur-civisi\/\",\"url\":\"https:\/\/sanatmetal.hu\/tr\/urun\/magic-femur-civisi\/\",\"name\":\"Magic Femur \u00e7ivisi - Sanatmetal\",\"isPartOf\":{\"@id\":\"https:\/\/sanatmetal.hu\/#website\"},\"primaryImageOfPage\":{\"@id\":\"https:\/\/sanatmetal.hu\/tr\/urun\/magic-femur-civisi\/#primaryimage\"},\"image\":{\"@id\":\"https:\/\/sanatmetal.hu\/tr\/urun\/magic-femur-civisi\/#primaryimage\"},\"thumbnailUrl\":\"https:\/\/sanatmetal.hu\/wp-content\/uploads\/2020\/03\/magicfemurtest.webp\",\"datePublished\":\"2020-03-04T11:11:57+00:00\",\"dateModified\":\"2026-03-24T14:35:06+00:00\",\"breadcrumb\":{\"@id\":\"https:\/\/sanatmetal.hu\/tr\/urun\/magic-femur-civisi\/#breadcrumb\"},\"inLanguage\":\"tr-TR\",\"potentialAction\":[{\"@type\":\"ReadAction\",\"target\":[\"https:\/\/sanatmetal.hu\/tr\/urun\/magic-femur-civisi\/\"]}]},{\"@type\":\"ImageObject\",\"inLanguage\":\"tr-TR\",\"@id\":\"https:\/\/sanatmetal.hu\/tr\/urun\/magic-femur-civisi\/#primaryimage\",\"url\":\"https:\/\/sanatmetal.hu\/wp-content\/uploads\/2020\/03\/magicfemurtest.webp\",\"contentUrl\":\"https:\/\/sanatmetal.hu\/wp-content\/uploads\/2020\/03\/magicfemurtest.webp\",\"width\":2560,\"height\":1980},{\"@type\":\"BreadcrumbList\",\"@id\":\"https:\/\/sanatmetal.hu\/tr\/urun\/magic-femur-civisi\/#breadcrumb\",\"itemListElement\":[{\"@type\":\"ListItem\",\"position\":1,\"name\":\"Home\",\"item\":\"https:\/\/sanatmetal.hu\/tr\/\"},{\"@type\":\"ListItem\",\"position\":2,\"name\":\"\u00dcr\u00fcnlerimiz\",\"item\":\"https:\/\/sanatmetal.hu\/tr\/urunlerimiz\/\"},{\"@type\":\"ListItem\",\"position\":3,\"name\":\"Magic Femur \u00e7ivisi\"}]},{\"@type\":\"WebSite\",\"@id\":\"https:\/\/sanatmetal.hu\/#website\",\"url\":\"https:\/\/sanatmetal.hu\/\",\"name\":\"Sanatmetal\",\"description\":\"\",\"publisher\":{\"@id\":\"https:\/\/sanatmetal.hu\/#organization\"},\"potentialAction\":[{\"@type\":\"SearchAction\",\"target\":{\"@type\":\"EntryPoint\",\"urlTemplate\":\"https:\/\/sanatmetal.hu\/?s={search_term_string}\"},\"query-input\":{\"@type\":\"PropertyValueSpecification\",\"valueRequired\":true,\"valueName\":\"search_term_string\"}}],\"inLanguage\":\"tr-TR\"},{\"@type\":\"Organization\",\"@id\":\"https:\/\/sanatmetal.hu\/#organization\",\"name\":\"Sanatmetal\",\"url\":\"https:\/\/sanatmetal.hu\/\",\"logo\":{\"@type\":\"ImageObject\",\"inLanguage\":\"tr-TR\",\"@id\":\"https:\/\/sanatmetal.hu\/#\/schema\/logo\/image\/\",\"url\":\"https:\/\/sanatmetal.hu\/wp-content\/uploads\/2024\/10\/Nevtelen-terv-5-e1728647058747.png\",\"contentUrl\":\"https:\/\/sanatmetal.hu\/wp-content\/uploads\/2024\/10\/Nevtelen-terv-5-e1728647058747.png\",\"width\":1410,\"height\":1293,\"caption\":\"Sanatmetal\"},\"image\":{\"@id\":\"https:\/\/sanatmetal.hu\/#\/schema\/logo\/image\/\"}}]}<\/script>\n<!-- \/ Yoast SEO plugin. -->","yoast_head_json":{"title":"Magic Femur \u00e7ivisi - Sanatmetal","robots":{"index":"index","follow":"follow","max-snippet":"max-snippet:-1","max-image-preview":"max-image-preview:large","max-video-preview":"max-video-preview:-1"},"canonical":"https:\/\/sanatmetal.hu\/tr\/urun\/magic-femur-civisi\/","og_locale":"tr_TR","og_type":"article","og_title":"Magic Femur \u00e7ivisi - Sanatmetal","og_description":"SpectruM Femur \u00e7ivi sisteminin daha da geli\u015ftirilmi\u015f bir versiyonu olan bu sistemde, \u00f6zel bir kilitleme deli\u011fine sahip SpectruM Femur \u00e7ivisi, en yeni manyetik hedefleme sistemi olan Magic ile g\u00fcncellenmi\u015ftir. Femur diafiz k\u0131r\u0131klar\u0131 i\u00e7in klasik \u00e7ivinin kilitleme delikleri, floroskopi kullan\u0131lmadan manyetik sistem ile bulunabilmektedir. Temel avantajlar: kan\u00fcll\u00fc, dinamize edilebilir \u00e7ivi \u00e7ap ve uzunluk a\u00e7\u0131s\u0131ndan geni\u015f boyut [&hellip;]","og_url":"https:\/\/sanatmetal.hu\/tr\/urun\/magic-femur-civisi\/","og_site_name":"Sanatmetal","article_modified_time":"2026-03-24T14:35:06+00:00","og_image":[{"width":2560,"height":1980,"url":"https:\/\/sanatmetal.hu\/wp-content\/uploads\/2020\/03\/magicfemurtest.webp","type":"image\/png"}],"twitter_card":"summary_large_image","twitter_misc":{"Est. reading time":"1 minute"},"schema":{"@context":"https:\/\/schema.org","@graph":[{"@type":"WebPage","@id":"https:\/\/sanatmetal.hu\/tr\/urun\/magic-femur-civisi\/","url":"https:\/\/sanatmetal.hu\/tr\/urun\/magic-femur-civisi\/","name":"Magic Femur \u00e7ivisi - Sanatmetal","isPartOf":{"@id":"https:\/\/sanatmetal.hu\/#website"},"primaryImageOfPage":{"@id":"https:\/\/sanatmetal.hu\/tr\/urun\/magic-femur-civisi\/#primaryimage"},"image":{"@id":"https:\/\/sanatmetal.hu\/tr\/urun\/magic-femur-civisi\/#primaryimage"},"thumbnailUrl":"https:\/\/sanatmetal.hu\/wp-content\/uploads\/2020\/03\/magicfemurtest.webp","datePublished":"2020-03-04T11:11:57+00:00","dateModified":"2026-03-24T14:35:06+00:00","breadcrumb":{"@id":"https:\/\/sanatmetal.hu\/tr\/urun\/magic-femur-civisi\/#breadcrumb"},"inLanguage":"tr-TR","potentialAction":[{"@type":"ReadAction","target":["https:\/\/sanatmetal.hu\/tr\/urun\/magic-femur-civisi\/"]}]},{"@type":"ImageObject","inLanguage":"tr-TR","@id":"https:\/\/sanatmetal.hu\/tr\/urun\/magic-femur-civisi\/#primaryimage","url":"https:\/\/sanatmetal.hu\/wp-content\/uploads\/2020\/03\/magicfemurtest.webp","contentUrl":"https:\/\/sanatmetal.hu\/wp-content\/uploads\/2020\/03\/magicfemurtest.webp","width":2560,"height":1980},{"@type":"BreadcrumbList","@id":"https:\/\/sanatmetal.hu\/tr\/urun\/magic-femur-civisi\/#breadcrumb","itemListElement":[{"@type":"ListItem","position":1,"name":"Home","item":"https:\/\/sanatmetal.hu\/tr\/"},{"@type":"ListItem","position":2,"name":"\u00dcr\u00fcnlerimiz","item":"https:\/\/sanatmetal.hu\/tr\/urunlerimiz\/"},{"@type":"ListItem","position":3,"name":"Magic Femur \u00e7ivisi"}]},{"@type":"WebSite","@id":"https:\/\/sanatmetal.hu\/#website","url":"https:\/\/sanatmetal.hu\/","name":"Sanatmetal","description":"","publisher":{"@id":"https:\/\/sanatmetal.hu\/#organization"},"potentialAction":[{"@type":"SearchAction","target":{"@type":"EntryPoint","urlTemplate":"https:\/\/sanatmetal.hu\/?s={search_term_string}"},"query-input":{"@type":"PropertyValueSpecification","valueRequired":true,"valueName":"search_term_string"}}],"inLanguage":"tr-TR"},{"@type":"Organization","@id":"https:\/\/sanatmetal.hu\/#organization","name":"Sanatmetal","url":"https:\/\/sanatmetal.hu\/","logo":{"@type":"ImageObject","inLanguage":"tr-TR","@id":"https:\/\/sanatmetal.hu\/#\/schema\/logo\/image\/","url":"https:\/\/sanatmetal.hu\/wp-content\/uploads\/2024\/10\/Nevtelen-terv-5-e1728647058747.png","contentUrl":"https:\/\/sanatmetal.hu\/wp-content\/uploads\/2024\/10\/Nevtelen-terv-5-e1728647058747.png","width":1410,"height":1293,"caption":"Sanatmetal"},"image":{"@id":"https:\/\/sanatmetal.hu\/#\/schema\/logo\/image\/"}}]}},"_links":{"self":[{"href":"https:\/\/sanatmetal.hu\/tr\/wp-json\/wp\/v2\/product\/17414","targetHints":{"allow":["GET"]}}],"collection":[{"href":"https:\/\/sanatmetal.hu\/tr\/wp-json\/wp\/v2\/product"}],"about":[{"href":"https:\/\/sanatmetal.hu\/tr\/wp-json\/wp\/v2\/types\/product"}],"wp:featuredmedia":[{"embeddable":true,"href":"https:\/\/sanatmetal.hu\/tr\/wp-json\/wp\/v2\/media\/17415"}],"wp:attachment":[{"href":"https:\/\/sanatmetal.hu\/tr\/wp-json\/wp\/v2\/media?parent=17414"}],"wp:term":[{"taxonomy":"product_brand","embeddable":true,"href":"https:\/\/sanatmetal.hu\/tr\/wp-json\/wp\/v2\/product_brand?post=17414"},{"taxonomy":"product_cat","embeddable":true,"href":"https:\/\/sanatmetal.hu\/tr\/wp-json\/wp\/v2\/product_cat?post=17414"},{"taxonomy":"product_tag","embeddable":true,"href":"https:\/\/sanatmetal.hu\/tr\/wp-json\/wp\/v2\/product_tag?post=17414"}],"curies":[{"name":"wp","href":"https:\/\/api.w.org\/{rel}","templated":true}]}}