{"id":17422,"date":"2020-03-04T11:08:21","date_gmt":"2020-03-04T11:08:21","guid":{"rendered":"https:\/\/sanatmetal.hu\/product\/csfn-cannulated-screw-fixation\/"},"modified":"2026-03-25T09:06:52","modified_gmt":"2026-03-25T08:06:52","slug":"csfn-kanullu-vida-fiksasyonu","status":"publish","type":"product","link":"https:\/\/sanatmetal.hu\/tr\/product\/csfn-kanullu-vida-fiksasyonu\/","title":{"rendered":"CSFN kan\u00fcll\u00fc vida fiksasyonu"},"content":{"rendered":"<p data-start=\"34\" data-end=\"290\">Kan\u00fcll\u00fc \u00e7ift vida fiksasyonu, bir\u00e7ok avantaj sunan h\u0131zl\u0131 ve basit bir y\u00f6ntemdir. En \u00f6nemli avantaj\u0131 femur ba\u015f\u0131n\u0131n korunmas\u0131n\u0131 sa\u011flamas\u0131 ve b\u00f6ylece erken protez uygulanmas\u0131n\u0131n \u00f6n\u00fcne ge\u00e7mesidir. Bu teknik Prof. Dr. Jen\u0151 Manninger taraf\u0131ndan geli\u015ftirilmi\u015ftir.<\/p>\n<p data-start=\"292\" data-end=\"309\">Temel avantajlar:<\/p>\n<ul data-start=\"311\" data-end=\"511\">\n<li data-section-id=\"1l30r8f\" data-start=\"311\" data-end=\"362\">\u00f6zel di\u015f yap\u0131s\u0131na sahip, a\u011f\u0131r hizmet tipi vidalar<\/li>\n<li data-section-id=\"40v0gs\" data-start=\"363\" data-end=\"389\">kan\u00fcll\u00fc sistem ve teknik<\/li>\n<li data-section-id=\"19nyz5j\" data-start=\"390\" data-end=\"455\">enstr\u00fcmantasyon ile paralellik garanti edilir (kayma m\u00fcmk\u00fcnd\u00fcr)<\/li>\n<li data-section-id=\"9q4xbn\" data-start=\"456\" data-end=\"511\">h\u0131zl\u0131 operasyon, az say\u0131da personel ile uygulanabilme<\/li>\n<\/ul>\n","protected":false},"excerpt":{"rendered":"<p>Kan\u00fcll\u00fc \u00e7ift vida fiksasyonu, bir\u00e7ok avantaj sunan h\u0131zl\u0131 ve basit bir y\u00f6ntemdir. En \u00f6nemli avantaj\u0131 femur ba\u015f\u0131n\u0131n korunmas\u0131n\u0131 sa\u011flamas\u0131 ve b\u00f6ylece erken protez uygulanmas\u0131n\u0131n \u00f6n\u00fcne ge\u00e7mesidir. Bu teknik Prof. Dr. Jen\u0151 Manninger taraf\u0131ndan geli\u015ftirilmi\u015ftir. Temel avantajlar: \u00f6zel di\u015f yap\u0131s\u0131na sahip, a\u011f\u0131r hizmet tipi vidalar kan\u00fcll\u00fc sistem ve teknik enstr\u00fcmantasyon ile paralellik garanti edilir (kayma m\u00fcmk\u00fcnd\u00fcr) [&hellip;]<\/p>\n","protected":false},"featured_media":17424,"template":"","meta":[],"product_brand":[],"product_cat":[1243],"product_tag":[],"class_list":{"0":"post-17422","1":"product","2":"type-product","3":"status-publish","4":"has-post-thumbnail","6":"product_cat-trochanter","7":"testtaj-trokanterik-bolge","8":"testtaj-vida-sistemleri","9":"testtaj-femur","10":"testtaj-alt-ekstremite","12":"first","13":"instock","14":"shipping-taxable","15":"product-type-simple"},"yoast_head":"<!-- This site is optimized with the Yoast SEO plugin v27.2 - https:\/\/yoast.com\/product\/yoast-seo-wordpress\/ -->\n<title>CSFN kan\u00fcll\u00fc vida fiksasyonu - Sanatmetal<\/title>\n<meta name=\"robots\" content=\"index, follow, max-snippet:-1, max-image-preview:large, max-video-preview:-1\" \/>\n<link rel=\"canonical\" href=\"https:\/\/sanatmetal.hu\/tr\/urun\/csfn-kanullu-vida-fiksasyonu\/\" \/>\n<meta property=\"og:locale\" content=\"tr_TR\" \/>\n<meta property=\"og:type\" content=\"article\" \/>\n<meta property=\"og:title\" content=\"CSFN kan\u00fcll\u00fc vida fiksasyonu - Sanatmetal\" \/>\n<meta property=\"og:description\" content=\"Kan\u00fcll\u00fc \u00e7ift vida fiksasyonu, bir\u00e7ok avantaj sunan h\u0131zl\u0131 ve basit bir y\u00f6ntemdir. En \u00f6nemli avantaj\u0131 femur ba\u015f\u0131n\u0131n korunmas\u0131n\u0131 sa\u011flamas\u0131 ve b\u00f6ylece erken protez uygulanmas\u0131n\u0131n \u00f6n\u00fcne ge\u00e7mesidir. Bu teknik Prof. Dr. Jen\u0151 Manninger taraf\u0131ndan geli\u015ftirilmi\u015ftir. Temel avantajlar: \u00f6zel di\u015f yap\u0131s\u0131na sahip, a\u011f\u0131r hizmet tipi vidalar kan\u00fcll\u00fc sistem ve teknik enstr\u00fcmantasyon ile paralellik garanti edilir (kayma m\u00fcmk\u00fcnd\u00fcr) [&hellip;]\" \/>\n<meta property=\"og:url\" content=\"https:\/\/sanatmetal.hu\/tr\/urun\/csfn-kanullu-vida-fiksasyonu\/\" \/>\n<meta property=\"og:site_name\" content=\"Sanatmetal\" \/>\n<meta property=\"article:modified_time\" content=\"2026-03-25T08:06:52+00:00\" \/>\n<meta property=\"og:image\" content=\"https:\/\/sanatmetal.hu\/wp-content\/uploads\/2020\/06\/csfn.webp\" \/>\n\t<meta property=\"og:image:width\" content=\"2560\" \/>\n\t<meta property=\"og:image:height\" content=\"1980\" \/>\n\t<meta property=\"og:image:type\" content=\"image\/jpeg\" \/>\n<meta name=\"twitter:card\" content=\"summary_large_image\" \/>\n<meta name=\"twitter:label1\" content=\"Est. reading time\" \/>\n\t<meta name=\"twitter:data1\" content=\"1 minute\" \/>\n<script type=\"application\/ld+json\" class=\"yoast-schema-graph\">{\"@context\":\"https:\/\/schema.org\",\"@graph\":[{\"@type\":\"WebPage\",\"@id\":\"https:\/\/sanatmetal.hu\/tr\/urun\/csfn-kanullu-vida-fiksasyonu\/\",\"url\":\"https:\/\/sanatmetal.hu\/tr\/urun\/csfn-kanullu-vida-fiksasyonu\/\",\"name\":\"CSFN kan\u00fcll\u00fc vida fiksasyonu - Sanatmetal\",\"isPartOf\":{\"@id\":\"https:\/\/sanatmetal.hu\/#website\"},\"primaryImageOfPage\":{\"@id\":\"https:\/\/sanatmetal.hu\/tr\/urun\/csfn-kanullu-vida-fiksasyonu\/#primaryimage\"},\"image\":{\"@id\":\"https:\/\/sanatmetal.hu\/tr\/urun\/csfn-kanullu-vida-fiksasyonu\/#primaryimage\"},\"thumbnailUrl\":\"https:\/\/sanatmetal.hu\/wp-content\/uploads\/2020\/06\/csfn.webp\",\"datePublished\":\"2020-03-04T11:08:21+00:00\",\"dateModified\":\"2026-03-25T08:06:52+00:00\",\"breadcrumb\":{\"@id\":\"https:\/\/sanatmetal.hu\/tr\/urun\/csfn-kanullu-vida-fiksasyonu\/#breadcrumb\"},\"inLanguage\":\"tr-TR\",\"potentialAction\":[{\"@type\":\"ReadAction\",\"target\":[\"https:\/\/sanatmetal.hu\/tr\/urun\/csfn-kanullu-vida-fiksasyonu\/\"]}]},{\"@type\":\"ImageObject\",\"inLanguage\":\"tr-TR\",\"@id\":\"https:\/\/sanatmetal.hu\/tr\/urun\/csfn-kanullu-vida-fiksasyonu\/#primaryimage\",\"url\":\"https:\/\/sanatmetal.hu\/wp-content\/uploads\/2020\/06\/csfn.webp\",\"contentUrl\":\"https:\/\/sanatmetal.hu\/wp-content\/uploads\/2020\/06\/csfn.webp\",\"width\":2560,\"height\":1980},{\"@type\":\"BreadcrumbList\",\"@id\":\"https:\/\/sanatmetal.hu\/tr\/urun\/csfn-kanullu-vida-fiksasyonu\/#breadcrumb\",\"itemListElement\":[{\"@type\":\"ListItem\",\"position\":1,\"name\":\"Home\",\"item\":\"https:\/\/sanatmetal.hu\/tr\/\"},{\"@type\":\"ListItem\",\"position\":2,\"name\":\"\u00dcr\u00fcnlerimiz\",\"item\":\"https:\/\/sanatmetal.hu\/tr\/urunlerimiz\/\"},{\"@type\":\"ListItem\",\"position\":3,\"name\":\"CSFN kan\u00fcll\u00fc vida fiksasyonu\"}]},{\"@type\":\"WebSite\",\"@id\":\"https:\/\/sanatmetal.hu\/#website\",\"url\":\"https:\/\/sanatmetal.hu\/\",\"name\":\"Sanatmetal\",\"description\":\"\",\"publisher\":{\"@id\":\"https:\/\/sanatmetal.hu\/#organization\"},\"potentialAction\":[{\"@type\":\"SearchAction\",\"target\":{\"@type\":\"EntryPoint\",\"urlTemplate\":\"https:\/\/sanatmetal.hu\/?s={search_term_string}\"},\"query-input\":{\"@type\":\"PropertyValueSpecification\",\"valueRequired\":true,\"valueName\":\"search_term_string\"}}],\"inLanguage\":\"tr-TR\"},{\"@type\":\"Organization\",\"@id\":\"https:\/\/sanatmetal.hu\/#organization\",\"name\":\"Sanatmetal\",\"url\":\"https:\/\/sanatmetal.hu\/\",\"logo\":{\"@type\":\"ImageObject\",\"inLanguage\":\"tr-TR\",\"@id\":\"https:\/\/sanatmetal.hu\/#\/schema\/logo\/image\/\",\"url\":\"https:\/\/sanatmetal.hu\/wp-content\/uploads\/2024\/10\/Nevtelen-terv-5-e1728647058747.png\",\"contentUrl\":\"https:\/\/sanatmetal.hu\/wp-content\/uploads\/2024\/10\/Nevtelen-terv-5-e1728647058747.png\",\"width\":1410,\"height\":1293,\"caption\":\"Sanatmetal\"},\"image\":{\"@id\":\"https:\/\/sanatmetal.hu\/#\/schema\/logo\/image\/\"}}]}<\/script>\n<!-- \/ Yoast SEO plugin. -->","yoast_head_json":{"title":"CSFN kan\u00fcll\u00fc vida fiksasyonu - Sanatmetal","robots":{"index":"index","follow":"follow","max-snippet":"max-snippet:-1","max-image-preview":"max-image-preview:large","max-video-preview":"max-video-preview:-1"},"canonical":"https:\/\/sanatmetal.hu\/tr\/urun\/csfn-kanullu-vida-fiksasyonu\/","og_locale":"tr_TR","og_type":"article","og_title":"CSFN kan\u00fcll\u00fc vida fiksasyonu - Sanatmetal","og_description":"Kan\u00fcll\u00fc \u00e7ift vida fiksasyonu, bir\u00e7ok avantaj sunan h\u0131zl\u0131 ve basit bir y\u00f6ntemdir. En \u00f6nemli avantaj\u0131 femur ba\u015f\u0131n\u0131n korunmas\u0131n\u0131 sa\u011flamas\u0131 ve b\u00f6ylece erken protez uygulanmas\u0131n\u0131n \u00f6n\u00fcne ge\u00e7mesidir. Bu teknik Prof. Dr. Jen\u0151 Manninger taraf\u0131ndan geli\u015ftirilmi\u015ftir. Temel avantajlar: \u00f6zel di\u015f yap\u0131s\u0131na sahip, a\u011f\u0131r hizmet tipi vidalar kan\u00fcll\u00fc sistem ve teknik enstr\u00fcmantasyon ile paralellik garanti edilir (kayma m\u00fcmk\u00fcnd\u00fcr) [&hellip;]","og_url":"https:\/\/sanatmetal.hu\/tr\/urun\/csfn-kanullu-vida-fiksasyonu\/","og_site_name":"Sanatmetal","article_modified_time":"2026-03-25T08:06:52+00:00","og_image":[{"width":2560,"height":1980,"url":"https:\/\/sanatmetal.hu\/wp-content\/uploads\/2020\/06\/csfn.webp","type":"image\/jpeg"}],"twitter_card":"summary_large_image","twitter_misc":{"Est. reading time":"1 minute"},"schema":{"@context":"https:\/\/schema.org","@graph":[{"@type":"WebPage","@id":"https:\/\/sanatmetal.hu\/tr\/urun\/csfn-kanullu-vida-fiksasyonu\/","url":"https:\/\/sanatmetal.hu\/tr\/urun\/csfn-kanullu-vida-fiksasyonu\/","name":"CSFN kan\u00fcll\u00fc vida fiksasyonu - Sanatmetal","isPartOf":{"@id":"https:\/\/sanatmetal.hu\/#website"},"primaryImageOfPage":{"@id":"https:\/\/sanatmetal.hu\/tr\/urun\/csfn-kanullu-vida-fiksasyonu\/#primaryimage"},"image":{"@id":"https:\/\/sanatmetal.hu\/tr\/urun\/csfn-kanullu-vida-fiksasyonu\/#primaryimage"},"thumbnailUrl":"https:\/\/sanatmetal.hu\/wp-content\/uploads\/2020\/06\/csfn.webp","datePublished":"2020-03-04T11:08:21+00:00","dateModified":"2026-03-25T08:06:52+00:00","breadcrumb":{"@id":"https:\/\/sanatmetal.hu\/tr\/urun\/csfn-kanullu-vida-fiksasyonu\/#breadcrumb"},"inLanguage":"tr-TR","potentialAction":[{"@type":"ReadAction","target":["https:\/\/sanatmetal.hu\/tr\/urun\/csfn-kanullu-vida-fiksasyonu\/"]}]},{"@type":"ImageObject","inLanguage":"tr-TR","@id":"https:\/\/sanatmetal.hu\/tr\/urun\/csfn-kanullu-vida-fiksasyonu\/#primaryimage","url":"https:\/\/sanatmetal.hu\/wp-content\/uploads\/2020\/06\/csfn.webp","contentUrl":"https:\/\/sanatmetal.hu\/wp-content\/uploads\/2020\/06\/csfn.webp","width":2560,"height":1980},{"@type":"BreadcrumbList","@id":"https:\/\/sanatmetal.hu\/tr\/urun\/csfn-kanullu-vida-fiksasyonu\/#breadcrumb","itemListElement":[{"@type":"ListItem","position":1,"name":"Home","item":"https:\/\/sanatmetal.hu\/tr\/"},{"@type":"ListItem","position":2,"name":"\u00dcr\u00fcnlerimiz","item":"https:\/\/sanatmetal.hu\/tr\/urunlerimiz\/"},{"@type":"ListItem","position":3,"name":"CSFN kan\u00fcll\u00fc vida fiksasyonu"}]},{"@type":"WebSite","@id":"https:\/\/sanatmetal.hu\/#website","url":"https:\/\/sanatmetal.hu\/","name":"Sanatmetal","description":"","publisher":{"@id":"https:\/\/sanatmetal.hu\/#organization"},"potentialAction":[{"@type":"SearchAction","target":{"@type":"EntryPoint","urlTemplate":"https:\/\/sanatmetal.hu\/?s={search_term_string}"},"query-input":{"@type":"PropertyValueSpecification","valueRequired":true,"valueName":"search_term_string"}}],"inLanguage":"tr-TR"},{"@type":"Organization","@id":"https:\/\/sanatmetal.hu\/#organization","name":"Sanatmetal","url":"https:\/\/sanatmetal.hu\/","logo":{"@type":"ImageObject","inLanguage":"tr-TR","@id":"https:\/\/sanatmetal.hu\/#\/schema\/logo\/image\/","url":"https:\/\/sanatmetal.hu\/wp-content\/uploads\/2024\/10\/Nevtelen-terv-5-e1728647058747.png","contentUrl":"https:\/\/sanatmetal.hu\/wp-content\/uploads\/2024\/10\/Nevtelen-terv-5-e1728647058747.png","width":1410,"height":1293,"caption":"Sanatmetal"},"image":{"@id":"https:\/\/sanatmetal.hu\/#\/schema\/logo\/image\/"}}]}},"_links":{"self":[{"href":"https:\/\/sanatmetal.hu\/tr\/wp-json\/wp\/v2\/product\/17422","targetHints":{"allow":["GET"]}}],"collection":[{"href":"https:\/\/sanatmetal.hu\/tr\/wp-json\/wp\/v2\/product"}],"about":[{"href":"https:\/\/sanatmetal.hu\/tr\/wp-json\/wp\/v2\/types\/product"}],"wp:featuredmedia":[{"embeddable":true,"href":"https:\/\/sanatmetal.hu\/tr\/wp-json\/wp\/v2\/media\/17424"}],"wp:attachment":[{"href":"https:\/\/sanatmetal.hu\/tr\/wp-json\/wp\/v2\/media?parent=17422"}],"wp:term":[{"taxonomy":"product_brand","embeddable":true,"href":"https:\/\/sanatmetal.hu\/tr\/wp-json\/wp\/v2\/product_brand?post=17422"},{"taxonomy":"product_cat","embeddable":true,"href":"https:\/\/sanatmetal.hu\/tr\/wp-json\/wp\/v2\/product_cat?post=17422"},{"taxonomy":"product_tag","embeddable":true,"href":"https:\/\/sanatmetal.hu\/tr\/wp-json\/wp\/v2\/product_tag?post=17422"}],"curies":[{"name":"wp","href":"https:\/\/api.w.org\/{rel}","templated":true}]}}