{"id":17433,"date":"2020-03-04T11:05:28","date_gmt":"2020-03-04T11:05:28","guid":{"rendered":"https:\/\/sanatmetal.hu\/product\/vortex-hand-foot-plates\/"},"modified":"2026-03-25T08:25:22","modified_gmt":"2026-03-25T07:25:22","slug":"vortex-el-ve-ayak-plaklari","status":"publish","type":"product","link":"https:\/\/sanatmetal.hu\/tr\/product\/vortex-el-ve-ayak-plaklari\/","title":{"rendered":"Vortex El ve Ayak plaklar\u0131"},"content":{"rendered":"<p data-start=\"32\" data-end=\"302\">Vortex poliaxial plak sistemine benzer \u015fekilde, Vortex Hand and Foot (VHF) el ve ayak cerrahisi plak sistemi 3 farkl\u0131 vida \u00e7ap\u0131na sahiptir. B\u00fck\u00fclebilen ve kesilebilen mini implantlar geni\u015f bir boyut se\u00e7ene\u011fi sunar ve yaln\u0131zca tek bir enstr\u00fcman seti ile kullan\u0131lmaktad\u0131r.<\/p>\n<p data-start=\"304\" data-end=\"321\">Temel avantajlar:<\/p>\n<ul data-start=\"323\" data-end=\"784\">\n<li data-section-id=\"avj9wl\" data-start=\"323\" data-end=\"424\">30 derecelik koni i\u00e7inde kademesiz vida yerle\u015ftirmeye olanak tan\u0131yan poliaxial kilitli plak sistemi<\/li>\n<li data-section-id=\"1qx5vnk\" data-start=\"425\" data-end=\"489\">yanl\u0131\u015f belirlenen vida y\u00f6n\u00fcnde en fazla 3 kez d\u00fczeltme olana\u011f\u0131<\/li>\n<li data-section-id=\"8rouk7\" data-start=\"490\" data-end=\"576\">inceltilmi\u015f ba\u015f yap\u0131s\u0131 sayesinde implant, ekleme yak\u0131n yumu\u015fak dokular\u0131 irrite etmez<\/li>\n<li data-section-id=\"1mz81x0\" data-start=\"577\" data-end=\"646\">yumu\u015fak dokular\u0131n korunmas\u0131na yard\u0131mc\u0131 olan yuvarlat\u0131lm\u0131\u015f konturlar<\/li>\n<li data-section-id=\"rxyn4e\" data-start=\"647\" data-end=\"699\">plak, minimal invaziv cerrahi teknik i\u00e7in uygundur<\/li>\n<li data-section-id=\"qocjz0\" data-start=\"700\" data-end=\"746\">kendinden k\u0131lavuzlu ancak k\u00fcnt ba\u015fl\u0131 vidalar<\/li>\n<li data-section-id=\"1yz8mg8\" data-start=\"747\" data-end=\"784\">g\u00fcvenilir anodize titanyum hammadde<\/li>\n<\/ul>\n","protected":false},"excerpt":{"rendered":"<p>Vortex poliaxial plak sistemine benzer \u015fekilde, Vortex Hand and Foot (VHF) el ve ayak cerrahisi plak sistemi 3 farkl\u0131 vida \u00e7ap\u0131na sahiptir. B\u00fck\u00fclebilen ve kesilebilen mini implantlar geni\u015f bir boyut se\u00e7ene\u011fi sunar ve yaln\u0131zca tek bir enstr\u00fcman seti ile kullan\u0131lmaktad\u0131r. Temel avantajlar: 30 derecelik koni i\u00e7inde kademesiz vida yerle\u015ftirmeye olanak tan\u0131yan poliaxial kilitli plak sistemi [&hellip;]<\/p>\n","protected":false},"featured_media":17439,"template":"","meta":[],"product_brand":[],"product_cat":[1249,1218],"product_tag":[],"class_list":{"0":"post-17433","1":"product","2":"type-product","3":"status-publish","4":"has-post-thumbnail","6":"product_cat-el","7":"product_cat-ayak-ve-ayak-bilegi-2","8":"testtaj-ust-ekstremite","9":"testtaj-el","10":"testtaj-plak-sistemleri-el","11":"testtaj-alt-ekstremite","12":"testtaj-plak-sistemleri-6","13":"testtaj-ayak","14":"markanev-vortex","16":"first","17":"instock","18":"shipping-taxable","19":"product-type-simple"},"yoast_head":"<!-- This site is optimized with the Yoast SEO plugin v27.2 - https:\/\/yoast.com\/product\/yoast-seo-wordpress\/ -->\n<title>Vortex El ve Ayak plaklar\u0131 - Sanatmetal<\/title>\n<meta name=\"robots\" content=\"index, follow, max-snippet:-1, max-image-preview:large, max-video-preview:-1\" \/>\n<link rel=\"canonical\" href=\"https:\/\/sanatmetal.hu\/tr\/urun\/vortex-el-ve-ayak-plaklari\/\" \/>\n<meta property=\"og:locale\" content=\"tr_TR\" \/>\n<meta property=\"og:type\" content=\"article\" \/>\n<meta property=\"og:title\" content=\"Vortex El ve Ayak plaklar\u0131 - Sanatmetal\" \/>\n<meta property=\"og:description\" content=\"Vortex poliaxial plak sistemine benzer \u015fekilde, Vortex Hand and Foot (VHF) el ve ayak cerrahisi plak sistemi 3 farkl\u0131 vida \u00e7ap\u0131na sahiptir. B\u00fck\u00fclebilen ve kesilebilen mini implantlar geni\u015f bir boyut se\u00e7ene\u011fi sunar ve yaln\u0131zca tek bir enstr\u00fcman seti ile kullan\u0131lmaktad\u0131r. Temel avantajlar: 30 derecelik koni i\u00e7inde kademesiz vida yerle\u015ftirmeye olanak tan\u0131yan poliaxial kilitli plak sistemi [&hellip;]\" \/>\n<meta property=\"og:url\" content=\"https:\/\/sanatmetal.hu\/tr\/urun\/vortex-el-ve-ayak-plaklari\/\" \/>\n<meta property=\"og:site_name\" content=\"Sanatmetal\" \/>\n<meta property=\"article:modified_time\" content=\"2026-03-25T07:25:22+00:00\" \/>\n<meta property=\"og:image\" content=\"https:\/\/sanatmetal.hu\/wp-content\/uploads\/2020\/06\/vhf_4.webp\" \/>\n\t<meta property=\"og:image:width\" content=\"2560\" \/>\n\t<meta property=\"og:image:height\" content=\"1980\" \/>\n\t<meta property=\"og:image:type\" content=\"image\/jpeg\" \/>\n<meta name=\"twitter:card\" content=\"summary_large_image\" \/>\n<meta name=\"twitter:label1\" content=\"Est. reading time\" \/>\n\t<meta name=\"twitter:data1\" content=\"1 minute\" \/>\n<script type=\"application\/ld+json\" class=\"yoast-schema-graph\">{\"@context\":\"https:\/\/schema.org\",\"@graph\":[{\"@type\":\"WebPage\",\"@id\":\"https:\/\/sanatmetal.hu\/tr\/urun\/vortex-el-ve-ayak-plaklari\/\",\"url\":\"https:\/\/sanatmetal.hu\/tr\/urun\/vortex-el-ve-ayak-plaklari\/\",\"name\":\"Vortex El ve Ayak plaklar\u0131 - Sanatmetal\",\"isPartOf\":{\"@id\":\"https:\/\/sanatmetal.hu\/#website\"},\"primaryImageOfPage\":{\"@id\":\"https:\/\/sanatmetal.hu\/tr\/urun\/vortex-el-ve-ayak-plaklari\/#primaryimage\"},\"image\":{\"@id\":\"https:\/\/sanatmetal.hu\/tr\/urun\/vortex-el-ve-ayak-plaklari\/#primaryimage\"},\"thumbnailUrl\":\"https:\/\/sanatmetal.hu\/wp-content\/uploads\/2020\/06\/vhf_4.webp\",\"datePublished\":\"2020-03-04T11:05:28+00:00\",\"dateModified\":\"2026-03-25T07:25:22+00:00\",\"breadcrumb\":{\"@id\":\"https:\/\/sanatmetal.hu\/tr\/urun\/vortex-el-ve-ayak-plaklari\/#breadcrumb\"},\"inLanguage\":\"tr-TR\",\"potentialAction\":[{\"@type\":\"ReadAction\",\"target\":[\"https:\/\/sanatmetal.hu\/tr\/urun\/vortex-el-ve-ayak-plaklari\/\"]}]},{\"@type\":\"ImageObject\",\"inLanguage\":\"tr-TR\",\"@id\":\"https:\/\/sanatmetal.hu\/tr\/urun\/vortex-el-ve-ayak-plaklari\/#primaryimage\",\"url\":\"https:\/\/sanatmetal.hu\/wp-content\/uploads\/2020\/06\/vhf_4.webp\",\"contentUrl\":\"https:\/\/sanatmetal.hu\/wp-content\/uploads\/2020\/06\/vhf_4.webp\",\"width\":2560,\"height\":1980},{\"@type\":\"BreadcrumbList\",\"@id\":\"https:\/\/sanatmetal.hu\/tr\/urun\/vortex-el-ve-ayak-plaklari\/#breadcrumb\",\"itemListElement\":[{\"@type\":\"ListItem\",\"position\":1,\"name\":\"Home\",\"item\":\"https:\/\/sanatmetal.hu\/tr\/\"},{\"@type\":\"ListItem\",\"position\":2,\"name\":\"\u00dcr\u00fcnlerimiz\",\"item\":\"https:\/\/sanatmetal.hu\/tr\/urunlerimiz\/\"},{\"@type\":\"ListItem\",\"position\":3,\"name\":\"Vortex El ve Ayak plaklar\u0131\"}]},{\"@type\":\"WebSite\",\"@id\":\"https:\/\/sanatmetal.hu\/#website\",\"url\":\"https:\/\/sanatmetal.hu\/\",\"name\":\"Sanatmetal\",\"description\":\"\",\"publisher\":{\"@id\":\"https:\/\/sanatmetal.hu\/#organization\"},\"potentialAction\":[{\"@type\":\"SearchAction\",\"target\":{\"@type\":\"EntryPoint\",\"urlTemplate\":\"https:\/\/sanatmetal.hu\/?s={search_term_string}\"},\"query-input\":{\"@type\":\"PropertyValueSpecification\",\"valueRequired\":true,\"valueName\":\"search_term_string\"}}],\"inLanguage\":\"tr-TR\"},{\"@type\":\"Organization\",\"@id\":\"https:\/\/sanatmetal.hu\/#organization\",\"name\":\"Sanatmetal\",\"url\":\"https:\/\/sanatmetal.hu\/\",\"logo\":{\"@type\":\"ImageObject\",\"inLanguage\":\"tr-TR\",\"@id\":\"https:\/\/sanatmetal.hu\/#\/schema\/logo\/image\/\",\"url\":\"https:\/\/sanatmetal.hu\/wp-content\/uploads\/2024\/10\/Nevtelen-terv-5-e1728647058747.png\",\"contentUrl\":\"https:\/\/sanatmetal.hu\/wp-content\/uploads\/2024\/10\/Nevtelen-terv-5-e1728647058747.png\",\"width\":1410,\"height\":1293,\"caption\":\"Sanatmetal\"},\"image\":{\"@id\":\"https:\/\/sanatmetal.hu\/#\/schema\/logo\/image\/\"}}]}<\/script>\n<!-- \/ Yoast SEO plugin. -->","yoast_head_json":{"title":"Vortex El ve Ayak plaklar\u0131 - Sanatmetal","robots":{"index":"index","follow":"follow","max-snippet":"max-snippet:-1","max-image-preview":"max-image-preview:large","max-video-preview":"max-video-preview:-1"},"canonical":"https:\/\/sanatmetal.hu\/tr\/urun\/vortex-el-ve-ayak-plaklari\/","og_locale":"tr_TR","og_type":"article","og_title":"Vortex El ve Ayak plaklar\u0131 - Sanatmetal","og_description":"Vortex poliaxial plak sistemine benzer \u015fekilde, Vortex Hand and Foot (VHF) el ve ayak cerrahisi plak sistemi 3 farkl\u0131 vida \u00e7ap\u0131na sahiptir. B\u00fck\u00fclebilen ve kesilebilen mini implantlar geni\u015f bir boyut se\u00e7ene\u011fi sunar ve yaln\u0131zca tek bir enstr\u00fcman seti ile kullan\u0131lmaktad\u0131r. Temel avantajlar: 30 derecelik koni i\u00e7inde kademesiz vida yerle\u015ftirmeye olanak tan\u0131yan poliaxial kilitli plak sistemi [&hellip;]","og_url":"https:\/\/sanatmetal.hu\/tr\/urun\/vortex-el-ve-ayak-plaklari\/","og_site_name":"Sanatmetal","article_modified_time":"2026-03-25T07:25:22+00:00","og_image":[{"width":2560,"height":1980,"url":"https:\/\/sanatmetal.hu\/wp-content\/uploads\/2020\/06\/vhf_4.webp","type":"image\/jpeg"}],"twitter_card":"summary_large_image","twitter_misc":{"Est. reading time":"1 minute"},"schema":{"@context":"https:\/\/schema.org","@graph":[{"@type":"WebPage","@id":"https:\/\/sanatmetal.hu\/tr\/urun\/vortex-el-ve-ayak-plaklari\/","url":"https:\/\/sanatmetal.hu\/tr\/urun\/vortex-el-ve-ayak-plaklari\/","name":"Vortex El ve Ayak plaklar\u0131 - Sanatmetal","isPartOf":{"@id":"https:\/\/sanatmetal.hu\/#website"},"primaryImageOfPage":{"@id":"https:\/\/sanatmetal.hu\/tr\/urun\/vortex-el-ve-ayak-plaklari\/#primaryimage"},"image":{"@id":"https:\/\/sanatmetal.hu\/tr\/urun\/vortex-el-ve-ayak-plaklari\/#primaryimage"},"thumbnailUrl":"https:\/\/sanatmetal.hu\/wp-content\/uploads\/2020\/06\/vhf_4.webp","datePublished":"2020-03-04T11:05:28+00:00","dateModified":"2026-03-25T07:25:22+00:00","breadcrumb":{"@id":"https:\/\/sanatmetal.hu\/tr\/urun\/vortex-el-ve-ayak-plaklari\/#breadcrumb"},"inLanguage":"tr-TR","potentialAction":[{"@type":"ReadAction","target":["https:\/\/sanatmetal.hu\/tr\/urun\/vortex-el-ve-ayak-plaklari\/"]}]},{"@type":"ImageObject","inLanguage":"tr-TR","@id":"https:\/\/sanatmetal.hu\/tr\/urun\/vortex-el-ve-ayak-plaklari\/#primaryimage","url":"https:\/\/sanatmetal.hu\/wp-content\/uploads\/2020\/06\/vhf_4.webp","contentUrl":"https:\/\/sanatmetal.hu\/wp-content\/uploads\/2020\/06\/vhf_4.webp","width":2560,"height":1980},{"@type":"BreadcrumbList","@id":"https:\/\/sanatmetal.hu\/tr\/urun\/vortex-el-ve-ayak-plaklari\/#breadcrumb","itemListElement":[{"@type":"ListItem","position":1,"name":"Home","item":"https:\/\/sanatmetal.hu\/tr\/"},{"@type":"ListItem","position":2,"name":"\u00dcr\u00fcnlerimiz","item":"https:\/\/sanatmetal.hu\/tr\/urunlerimiz\/"},{"@type":"ListItem","position":3,"name":"Vortex El ve Ayak plaklar\u0131"}]},{"@type":"WebSite","@id":"https:\/\/sanatmetal.hu\/#website","url":"https:\/\/sanatmetal.hu\/","name":"Sanatmetal","description":"","publisher":{"@id":"https:\/\/sanatmetal.hu\/#organization"},"potentialAction":[{"@type":"SearchAction","target":{"@type":"EntryPoint","urlTemplate":"https:\/\/sanatmetal.hu\/?s={search_term_string}"},"query-input":{"@type":"PropertyValueSpecification","valueRequired":true,"valueName":"search_term_string"}}],"inLanguage":"tr-TR"},{"@type":"Organization","@id":"https:\/\/sanatmetal.hu\/#organization","name":"Sanatmetal","url":"https:\/\/sanatmetal.hu\/","logo":{"@type":"ImageObject","inLanguage":"tr-TR","@id":"https:\/\/sanatmetal.hu\/#\/schema\/logo\/image\/","url":"https:\/\/sanatmetal.hu\/wp-content\/uploads\/2024\/10\/Nevtelen-terv-5-e1728647058747.png","contentUrl":"https:\/\/sanatmetal.hu\/wp-content\/uploads\/2024\/10\/Nevtelen-terv-5-e1728647058747.png","width":1410,"height":1293,"caption":"Sanatmetal"},"image":{"@id":"https:\/\/sanatmetal.hu\/#\/schema\/logo\/image\/"}}]}},"_links":{"self":[{"href":"https:\/\/sanatmetal.hu\/tr\/wp-json\/wp\/v2\/product\/17433","targetHints":{"allow":["GET"]}}],"collection":[{"href":"https:\/\/sanatmetal.hu\/tr\/wp-json\/wp\/v2\/product"}],"about":[{"href":"https:\/\/sanatmetal.hu\/tr\/wp-json\/wp\/v2\/types\/product"}],"wp:featuredmedia":[{"embeddable":true,"href":"https:\/\/sanatmetal.hu\/tr\/wp-json\/wp\/v2\/media\/17439"}],"wp:attachment":[{"href":"https:\/\/sanatmetal.hu\/tr\/wp-json\/wp\/v2\/media?parent=17433"}],"wp:term":[{"taxonomy":"product_brand","embeddable":true,"href":"https:\/\/sanatmetal.hu\/tr\/wp-json\/wp\/v2\/product_brand?post=17433"},{"taxonomy":"product_cat","embeddable":true,"href":"https:\/\/sanatmetal.hu\/tr\/wp-json\/wp\/v2\/product_cat?post=17433"},{"taxonomy":"product_tag","embeddable":true,"href":"https:\/\/sanatmetal.hu\/tr\/wp-json\/wp\/v2\/product_tag?post=17433"}],"curies":[{"name":"wp","href":"https:\/\/api.w.org\/{rel}","templated":true}]}}