{"id":17440,"date":"2020-03-04T11:04:03","date_gmt":"2020-03-04T11:04:03","guid":{"rendered":"https:\/\/sanatmetal.hu\/product\/a-spire-compression-screws\/"},"modified":"2026-03-25T09:01:49","modified_gmt":"2026-03-25T08:01:49","slug":"a-spire-kompresyon-vidalari","status":"publish","type":"product","link":"https:\/\/sanatmetal.hu\/tr\/product\/a-spire-kompresyon-vidalari\/","title":{"rendered":"A-spire kompresyon vidalar\u0131"},"content":{"rendered":"<p data-start=\"33\" data-end=\"218\">A-spire kompresyon vidas\u0131, el ve ayak cerrahisi uygulamalar\u0131 i\u00e7in geli\u015ftirilmi\u015f, ba\u015fs\u0131z yap\u0131ya ve s\u00fcrekli de\u011fi\u015fen vida ad\u0131m\u0131na sahip, en modern prensiplere g\u00f6re tasarlanm\u0131\u015f bir vidad\u0131r.<\/p>\n<p data-start=\"220\" data-end=\"237\">Temel avantajlar:<\/p>\n<ul data-start=\"239\" data-end=\"610\">\n<li data-section-id=\"1oyba1j\" data-start=\"239\" data-end=\"301\">kompresyon olu\u015fturmak i\u00e7in tek ve s\u00fcrekli de\u011fi\u015fen vida ad\u0131m\u0131<\/li>\n<li data-section-id=\"1n0t3wk\" data-start=\"302\" data-end=\"381\">osteoporotik kemikte kemik kompaksiyonu etkisi sa\u011flayan konik \u00e7ekirdek boyutu<\/li>\n<li data-section-id=\"1bcgmeg\" data-start=\"382\" data-end=\"431\">kendinden delici ve kendinden k\u0131lavuz a\u00e7an vida<\/li>\n<li data-section-id=\"93fzux\" data-start=\"432\" data-end=\"487\">el ve ayak cerrahisi uygulamalar\u0131 i\u00e7in ba\u015fs\u0131z tasar\u0131m<\/li>\n<li data-section-id=\"zvrh83\" data-start=\"488\" data-end=\"506\">kan\u00fcll\u00fc uygulama<\/li>\n<li data-section-id=\"zg2qko\" data-start=\"507\" data-end=\"533\">\u00e7apa g\u00f6re renk kodlamas\u0131<\/li>\n<li data-section-id=\"17u44rr\" data-start=\"534\" data-end=\"610\">ayn\u0131 zamanda uzunluk \u00f6l\u00e7er olarak da i\u015flev g\u00f6ren Torx tip yuval\u0131 tornavida<\/li>\n<\/ul>\n","protected":false},"excerpt":{"rendered":"<p>A-spire kompresyon vidas\u0131, el ve ayak cerrahisi uygulamalar\u0131 i\u00e7in geli\u015ftirilmi\u015f, ba\u015fs\u0131z yap\u0131ya ve s\u00fcrekli de\u011fi\u015fen vida ad\u0131m\u0131na sahip, en modern prensiplere g\u00f6re tasarlanm\u0131\u015f bir vidad\u0131r. Temel avantajlar: kompresyon olu\u015fturmak i\u00e7in tek ve s\u00fcrekli de\u011fi\u015fen vida ad\u0131m\u0131 osteoporotik kemikte kemik kompaksiyonu etkisi sa\u011flayan konik \u00e7ekirdek boyutu kendinden delici ve kendinden k\u0131lavuz a\u00e7an vida el ve ayak [&hellip;]<\/p>\n","protected":false},"featured_media":17444,"template":"","meta":[],"product_brand":[],"product_cat":[1253,1254],"product_tag":[],"class_list":{"0":"post-17440","1":"product","2":"type-product","3":"status-publish","4":"has-post-thumbnail","6":"product_cat-el-2","7":"product_cat-ayak-ve-ayak-bilegi-3","8":"testtaj-ust-ekstremite","9":"testtaj-el","10":"testtaj-vidalar-2","11":"testtaj-vidalar","12":"testtaj-alt-ekstremite","13":"testtaj-ayak","14":"markanev-aspire","16":"first","17":"instock","18":"shipping-taxable","19":"product-type-simple"},"yoast_head":"<!-- This site is optimized with the Yoast SEO plugin v27.2 - https:\/\/yoast.com\/product\/yoast-seo-wordpress\/ -->\n<title>A-spire kompresyon vidalar\u0131 - Sanatmetal<\/title>\n<meta name=\"robots\" content=\"index, follow, max-snippet:-1, max-image-preview:large, max-video-preview:-1\" \/>\n<link rel=\"canonical\" href=\"https:\/\/sanatmetal.hu\/tr\/urun\/a-spire-kompresyon-vidalari\/\" \/>\n<meta property=\"og:locale\" content=\"tr_TR\" \/>\n<meta property=\"og:type\" content=\"article\" \/>\n<meta property=\"og:title\" content=\"A-spire kompresyon vidalar\u0131 - Sanatmetal\" \/>\n<meta property=\"og:description\" content=\"A-spire kompresyon vidas\u0131, el ve ayak cerrahisi uygulamalar\u0131 i\u00e7in geli\u015ftirilmi\u015f, ba\u015fs\u0131z yap\u0131ya ve s\u00fcrekli de\u011fi\u015fen vida ad\u0131m\u0131na sahip, en modern prensiplere g\u00f6re tasarlanm\u0131\u015f bir vidad\u0131r. Temel avantajlar: kompresyon olu\u015fturmak i\u00e7in tek ve s\u00fcrekli de\u011fi\u015fen vida ad\u0131m\u0131 osteoporotik kemikte kemik kompaksiyonu etkisi sa\u011flayan konik \u00e7ekirdek boyutu kendinden delici ve kendinden k\u0131lavuz a\u00e7an vida el ve ayak [&hellip;]\" \/>\n<meta property=\"og:url\" content=\"https:\/\/sanatmetal.hu\/tr\/urun\/a-spire-kompresyon-vidalari\/\" \/>\n<meta property=\"og:site_name\" content=\"Sanatmetal\" \/>\n<meta property=\"article:modified_time\" content=\"2026-03-25T08:01:49+00:00\" \/>\n<meta property=\"og:image\" content=\"https:\/\/sanatmetal.hu\/wp-content\/uploads\/2020\/06\/a-spire_1.webp\" \/>\n\t<meta property=\"og:image:width\" content=\"2560\" \/>\n\t<meta property=\"og:image:height\" content=\"1980\" \/>\n\t<meta property=\"og:image:type\" content=\"image\/jpeg\" \/>\n<meta name=\"twitter:card\" content=\"summary_large_image\" \/>\n<meta name=\"twitter:label1\" content=\"Est. reading time\" \/>\n\t<meta name=\"twitter:data1\" content=\"1 minute\" \/>\n<script type=\"application\/ld+json\" class=\"yoast-schema-graph\">{\"@context\":\"https:\/\/schema.org\",\"@graph\":[{\"@type\":\"WebPage\",\"@id\":\"https:\/\/sanatmetal.hu\/tr\/urun\/a-spire-kompresyon-vidalari\/\",\"url\":\"https:\/\/sanatmetal.hu\/tr\/urun\/a-spire-kompresyon-vidalari\/\",\"name\":\"A-spire kompresyon vidalar\u0131 - Sanatmetal\",\"isPartOf\":{\"@id\":\"https:\/\/sanatmetal.hu\/#website\"},\"primaryImageOfPage\":{\"@id\":\"https:\/\/sanatmetal.hu\/tr\/urun\/a-spire-kompresyon-vidalari\/#primaryimage\"},\"image\":{\"@id\":\"https:\/\/sanatmetal.hu\/tr\/urun\/a-spire-kompresyon-vidalari\/#primaryimage\"},\"thumbnailUrl\":\"https:\/\/sanatmetal.hu\/wp-content\/uploads\/2020\/06\/a-spire_1.webp\",\"datePublished\":\"2020-03-04T11:04:03+00:00\",\"dateModified\":\"2026-03-25T08:01:49+00:00\",\"breadcrumb\":{\"@id\":\"https:\/\/sanatmetal.hu\/tr\/urun\/a-spire-kompresyon-vidalari\/#breadcrumb\"},\"inLanguage\":\"tr-TR\",\"potentialAction\":[{\"@type\":\"ReadAction\",\"target\":[\"https:\/\/sanatmetal.hu\/tr\/urun\/a-spire-kompresyon-vidalari\/\"]}]},{\"@type\":\"ImageObject\",\"inLanguage\":\"tr-TR\",\"@id\":\"https:\/\/sanatmetal.hu\/tr\/urun\/a-spire-kompresyon-vidalari\/#primaryimage\",\"url\":\"https:\/\/sanatmetal.hu\/wp-content\/uploads\/2020\/06\/a-spire_1.webp\",\"contentUrl\":\"https:\/\/sanatmetal.hu\/wp-content\/uploads\/2020\/06\/a-spire_1.webp\",\"width\":2560,\"height\":1980},{\"@type\":\"BreadcrumbList\",\"@id\":\"https:\/\/sanatmetal.hu\/tr\/urun\/a-spire-kompresyon-vidalari\/#breadcrumb\",\"itemListElement\":[{\"@type\":\"ListItem\",\"position\":1,\"name\":\"Home\",\"item\":\"https:\/\/sanatmetal.hu\/tr\/\"},{\"@type\":\"ListItem\",\"position\":2,\"name\":\"\u00dcr\u00fcnlerimiz\",\"item\":\"https:\/\/sanatmetal.hu\/tr\/urunlerimiz\/\"},{\"@type\":\"ListItem\",\"position\":3,\"name\":\"A-spire kompresyon vidalar\u0131\"}]},{\"@type\":\"WebSite\",\"@id\":\"https:\/\/sanatmetal.hu\/#website\",\"url\":\"https:\/\/sanatmetal.hu\/\",\"name\":\"Sanatmetal\",\"description\":\"\",\"publisher\":{\"@id\":\"https:\/\/sanatmetal.hu\/#organization\"},\"potentialAction\":[{\"@type\":\"SearchAction\",\"target\":{\"@type\":\"EntryPoint\",\"urlTemplate\":\"https:\/\/sanatmetal.hu\/?s={search_term_string}\"},\"query-input\":{\"@type\":\"PropertyValueSpecification\",\"valueRequired\":true,\"valueName\":\"search_term_string\"}}],\"inLanguage\":\"tr-TR\"},{\"@type\":\"Organization\",\"@id\":\"https:\/\/sanatmetal.hu\/#organization\",\"name\":\"Sanatmetal\",\"url\":\"https:\/\/sanatmetal.hu\/\",\"logo\":{\"@type\":\"ImageObject\",\"inLanguage\":\"tr-TR\",\"@id\":\"https:\/\/sanatmetal.hu\/#\/schema\/logo\/image\/\",\"url\":\"https:\/\/sanatmetal.hu\/wp-content\/uploads\/2024\/10\/Nevtelen-terv-5-e1728647058747.png\",\"contentUrl\":\"https:\/\/sanatmetal.hu\/wp-content\/uploads\/2024\/10\/Nevtelen-terv-5-e1728647058747.png\",\"width\":1410,\"height\":1293,\"caption\":\"Sanatmetal\"},\"image\":{\"@id\":\"https:\/\/sanatmetal.hu\/#\/schema\/logo\/image\/\"}}]}<\/script>\n<!-- \/ Yoast SEO plugin. -->","yoast_head_json":{"title":"A-spire kompresyon vidalar\u0131 - Sanatmetal","robots":{"index":"index","follow":"follow","max-snippet":"max-snippet:-1","max-image-preview":"max-image-preview:large","max-video-preview":"max-video-preview:-1"},"canonical":"https:\/\/sanatmetal.hu\/tr\/urun\/a-spire-kompresyon-vidalari\/","og_locale":"tr_TR","og_type":"article","og_title":"A-spire kompresyon vidalar\u0131 - Sanatmetal","og_description":"A-spire kompresyon vidas\u0131, el ve ayak cerrahisi uygulamalar\u0131 i\u00e7in geli\u015ftirilmi\u015f, ba\u015fs\u0131z yap\u0131ya ve s\u00fcrekli de\u011fi\u015fen vida ad\u0131m\u0131na sahip, en modern prensiplere g\u00f6re tasarlanm\u0131\u015f bir vidad\u0131r. Temel avantajlar: kompresyon olu\u015fturmak i\u00e7in tek ve s\u00fcrekli de\u011fi\u015fen vida ad\u0131m\u0131 osteoporotik kemikte kemik kompaksiyonu etkisi sa\u011flayan konik \u00e7ekirdek boyutu kendinden delici ve kendinden k\u0131lavuz a\u00e7an vida el ve ayak [&hellip;]","og_url":"https:\/\/sanatmetal.hu\/tr\/urun\/a-spire-kompresyon-vidalari\/","og_site_name":"Sanatmetal","article_modified_time":"2026-03-25T08:01:49+00:00","og_image":[{"width":2560,"height":1980,"url":"https:\/\/sanatmetal.hu\/wp-content\/uploads\/2020\/06\/a-spire_1.webp","type":"image\/jpeg"}],"twitter_card":"summary_large_image","twitter_misc":{"Est. reading time":"1 minute"},"schema":{"@context":"https:\/\/schema.org","@graph":[{"@type":"WebPage","@id":"https:\/\/sanatmetal.hu\/tr\/urun\/a-spire-kompresyon-vidalari\/","url":"https:\/\/sanatmetal.hu\/tr\/urun\/a-spire-kompresyon-vidalari\/","name":"A-spire kompresyon vidalar\u0131 - Sanatmetal","isPartOf":{"@id":"https:\/\/sanatmetal.hu\/#website"},"primaryImageOfPage":{"@id":"https:\/\/sanatmetal.hu\/tr\/urun\/a-spire-kompresyon-vidalari\/#primaryimage"},"image":{"@id":"https:\/\/sanatmetal.hu\/tr\/urun\/a-spire-kompresyon-vidalari\/#primaryimage"},"thumbnailUrl":"https:\/\/sanatmetal.hu\/wp-content\/uploads\/2020\/06\/a-spire_1.webp","datePublished":"2020-03-04T11:04:03+00:00","dateModified":"2026-03-25T08:01:49+00:00","breadcrumb":{"@id":"https:\/\/sanatmetal.hu\/tr\/urun\/a-spire-kompresyon-vidalari\/#breadcrumb"},"inLanguage":"tr-TR","potentialAction":[{"@type":"ReadAction","target":["https:\/\/sanatmetal.hu\/tr\/urun\/a-spire-kompresyon-vidalari\/"]}]},{"@type":"ImageObject","inLanguage":"tr-TR","@id":"https:\/\/sanatmetal.hu\/tr\/urun\/a-spire-kompresyon-vidalari\/#primaryimage","url":"https:\/\/sanatmetal.hu\/wp-content\/uploads\/2020\/06\/a-spire_1.webp","contentUrl":"https:\/\/sanatmetal.hu\/wp-content\/uploads\/2020\/06\/a-spire_1.webp","width":2560,"height":1980},{"@type":"BreadcrumbList","@id":"https:\/\/sanatmetal.hu\/tr\/urun\/a-spire-kompresyon-vidalari\/#breadcrumb","itemListElement":[{"@type":"ListItem","position":1,"name":"Home","item":"https:\/\/sanatmetal.hu\/tr\/"},{"@type":"ListItem","position":2,"name":"\u00dcr\u00fcnlerimiz","item":"https:\/\/sanatmetal.hu\/tr\/urunlerimiz\/"},{"@type":"ListItem","position":3,"name":"A-spire kompresyon vidalar\u0131"}]},{"@type":"WebSite","@id":"https:\/\/sanatmetal.hu\/#website","url":"https:\/\/sanatmetal.hu\/","name":"Sanatmetal","description":"","publisher":{"@id":"https:\/\/sanatmetal.hu\/#organization"},"potentialAction":[{"@type":"SearchAction","target":{"@type":"EntryPoint","urlTemplate":"https:\/\/sanatmetal.hu\/?s={search_term_string}"},"query-input":{"@type":"PropertyValueSpecification","valueRequired":true,"valueName":"search_term_string"}}],"inLanguage":"tr-TR"},{"@type":"Organization","@id":"https:\/\/sanatmetal.hu\/#organization","name":"Sanatmetal","url":"https:\/\/sanatmetal.hu\/","logo":{"@type":"ImageObject","inLanguage":"tr-TR","@id":"https:\/\/sanatmetal.hu\/#\/schema\/logo\/image\/","url":"https:\/\/sanatmetal.hu\/wp-content\/uploads\/2024\/10\/Nevtelen-terv-5-e1728647058747.png","contentUrl":"https:\/\/sanatmetal.hu\/wp-content\/uploads\/2024\/10\/Nevtelen-terv-5-e1728647058747.png","width":1410,"height":1293,"caption":"Sanatmetal"},"image":{"@id":"https:\/\/sanatmetal.hu\/#\/schema\/logo\/image\/"}}]}},"_links":{"self":[{"href":"https:\/\/sanatmetal.hu\/tr\/wp-json\/wp\/v2\/product\/17440","targetHints":{"allow":["GET"]}}],"collection":[{"href":"https:\/\/sanatmetal.hu\/tr\/wp-json\/wp\/v2\/product"}],"about":[{"href":"https:\/\/sanatmetal.hu\/tr\/wp-json\/wp\/v2\/types\/product"}],"wp:featuredmedia":[{"embeddable":true,"href":"https:\/\/sanatmetal.hu\/tr\/wp-json\/wp\/v2\/media\/17444"}],"wp:attachment":[{"href":"https:\/\/sanatmetal.hu\/tr\/wp-json\/wp\/v2\/media?parent=17440"}],"wp:term":[{"taxonomy":"product_brand","embeddable":true,"href":"https:\/\/sanatmetal.hu\/tr\/wp-json\/wp\/v2\/product_brand?post=17440"},{"taxonomy":"product_cat","embeddable":true,"href":"https:\/\/sanatmetal.hu\/tr\/wp-json\/wp\/v2\/product_cat?post=17440"},{"taxonomy":"product_tag","embeddable":true,"href":"https:\/\/sanatmetal.hu\/tr\/wp-json\/wp\/v2\/product_tag?post=17440"}],"curies":[{"name":"wp","href":"https:\/\/api.w.org\/{rel}","templated":true}]}}