{"id":17445,"date":"2020-03-04T11:03:09","date_gmt":"2020-03-04T11:03:09","guid":{"rendered":"https:\/\/sanatmetal.hu\/product\/fi-can-nail\/"},"modified":"2026-03-24T15:31:08","modified_gmt":"2026-03-24T14:31:08","slug":"fi-can-civisi","status":"publish","type":"product","link":"https:\/\/sanatmetal.hu\/tr\/product\/fi-can-civisi\/","title":{"rendered":"Fi Can \u00e7ivisi"},"content":{"rendered":"<p data-start=\"19\" data-end=\"114\">15 y\u0131l\u0131 a\u015fk\u0131n deneyim, bu tekni\u011fin trokanterik k\u0131r\u0131klar\u0131n tedavisindeki \u00f6nemini g\u00f6stermektedir.<\/p>\n<p data-start=\"116\" data-end=\"133\">Temel avantajlar:<\/p>\n<ul data-start=\"135\" data-end=\"370\">\n<li data-section-id=\"jslbwt\" data-start=\"135\" data-end=\"193\">\u00e7ift vida \u00e7\u00f6z\u00fcm\u00fc sayesinde rotasyonel stabilite sa\u011flan\u0131r<\/li>\n<li data-section-id=\"gopq6j\" data-start=\"194\" data-end=\"245\">proksimalde kan\u00fcll\u00fc teknik ile red\u00fcksiyon korunur<\/li>\n<li data-section-id=\"d8vn0s\" data-start=\"246\" data-end=\"302\">15 mm proksimal \u00e7apa sahip ince kemikler i\u00e7in idealdir<\/li>\n<li data-section-id=\"1tso75q\" data-start=\"303\" data-end=\"370\">kombine k\u0131r\u0131klar i\u00e7in uzun, anatomik olarak \u015fekillendirilmi\u015f \u00e7ivi<\/li>\n<\/ul>\n<p>&nbsp;<\/p>\n","protected":false},"excerpt":{"rendered":"<p>15 y\u0131l\u0131 a\u015fk\u0131n deneyim, bu tekni\u011fin trokanterik k\u0131r\u0131klar\u0131n tedavisindeki \u00f6nemini g\u00f6stermektedir. Temel avantajlar: \u00e7ift vida \u00e7\u00f6z\u00fcm\u00fc sayesinde rotasyonel stabilite sa\u011flan\u0131r proksimalde kan\u00fcll\u00fc teknik ile red\u00fcksiyon korunur 15 mm proksimal \u00e7apa sahip ince kemikler i\u00e7in idealdir kombine k\u0131r\u0131klar i\u00e7in uzun, anatomik olarak \u015fekillendirilmi\u015f \u00e7ivi &nbsp;<\/p>\n","protected":false},"featured_media":17448,"template":"","meta":[],"product_brand":[],"product_cat":[1240],"product_tag":[],"class_list":{"0":"post-17445","1":"product","2":"type-product","3":"status-publish","4":"has-post-thumbnail","6":"product_cat-trochanter-2","7":"testtaj-femur","9":"first","10":"instock","11":"shipping-taxable","12":"product-type-simple"},"yoast_head":"<!-- This site is optimized with the Yoast SEO plugin v27.2 - https:\/\/yoast.com\/product\/yoast-seo-wordpress\/ -->\n<title>Fi Can \u00e7ivisi - Sanatmetal<\/title>\n<meta name=\"robots\" content=\"index, follow, max-snippet:-1, max-image-preview:large, max-video-preview:-1\" \/>\n<link rel=\"canonical\" href=\"https:\/\/sanatmetal.hu\/tr\/urun\/fi-can-civisi\/\" \/>\n<meta property=\"og:locale\" content=\"tr_TR\" \/>\n<meta property=\"og:type\" content=\"article\" \/>\n<meta property=\"og:title\" content=\"Fi Can \u00e7ivisi - Sanatmetal\" \/>\n<meta property=\"og:description\" content=\"15 y\u0131l\u0131 a\u015fk\u0131n deneyim, bu tekni\u011fin trokanterik k\u0131r\u0131klar\u0131n tedavisindeki \u00f6nemini g\u00f6stermektedir. Temel avantajlar: \u00e7ift vida \u00e7\u00f6z\u00fcm\u00fc sayesinde rotasyonel stabilite sa\u011flan\u0131r proksimalde kan\u00fcll\u00fc teknik ile red\u00fcksiyon korunur 15 mm proksimal \u00e7apa sahip ince kemikler i\u00e7in idealdir kombine k\u0131r\u0131klar i\u00e7in uzun, anatomik olarak \u015fekillendirilmi\u015f \u00e7ivi &nbsp;\" \/>\n<meta property=\"og:url\" content=\"https:\/\/sanatmetal.hu\/tr\/urun\/fi-can-civisi\/\" \/>\n<meta property=\"og:site_name\" content=\"Sanatmetal\" \/>\n<meta property=\"article:modified_time\" content=\"2026-03-24T14:31:08+00:00\" \/>\n<meta property=\"og:image\" content=\"https:\/\/sanatmetal.hu\/wp-content\/uploads\/2020\/06\/fi_2.webp\" \/>\n\t<meta property=\"og:image:width\" content=\"2560\" \/>\n\t<meta property=\"og:image:height\" content=\"1980\" \/>\n\t<meta property=\"og:image:type\" content=\"image\/jpeg\" \/>\n<meta name=\"twitter:card\" content=\"summary_large_image\" \/>\n<meta name=\"twitter:label1\" content=\"Est. reading time\" \/>\n\t<meta name=\"twitter:data1\" content=\"1 minute\" \/>\n<script type=\"application\/ld+json\" class=\"yoast-schema-graph\">{\"@context\":\"https:\/\/schema.org\",\"@graph\":[{\"@type\":\"WebPage\",\"@id\":\"https:\/\/sanatmetal.hu\/tr\/urun\/fi-can-civisi\/\",\"url\":\"https:\/\/sanatmetal.hu\/tr\/urun\/fi-can-civisi\/\",\"name\":\"Fi Can \u00e7ivisi - Sanatmetal\",\"isPartOf\":{\"@id\":\"https:\/\/sanatmetal.hu\/#website\"},\"primaryImageOfPage\":{\"@id\":\"https:\/\/sanatmetal.hu\/tr\/urun\/fi-can-civisi\/#primaryimage\"},\"image\":{\"@id\":\"https:\/\/sanatmetal.hu\/tr\/urun\/fi-can-civisi\/#primaryimage\"},\"thumbnailUrl\":\"https:\/\/sanatmetal.hu\/wp-content\/uploads\/2020\/06\/fi_2.webp\",\"datePublished\":\"2020-03-04T11:03:09+00:00\",\"dateModified\":\"2026-03-24T14:31:08+00:00\",\"breadcrumb\":{\"@id\":\"https:\/\/sanatmetal.hu\/tr\/urun\/fi-can-civisi\/#breadcrumb\"},\"inLanguage\":\"tr-TR\",\"potentialAction\":[{\"@type\":\"ReadAction\",\"target\":[\"https:\/\/sanatmetal.hu\/tr\/urun\/fi-can-civisi\/\"]}]},{\"@type\":\"ImageObject\",\"inLanguage\":\"tr-TR\",\"@id\":\"https:\/\/sanatmetal.hu\/tr\/urun\/fi-can-civisi\/#primaryimage\",\"url\":\"https:\/\/sanatmetal.hu\/wp-content\/uploads\/2020\/06\/fi_2.webp\",\"contentUrl\":\"https:\/\/sanatmetal.hu\/wp-content\/uploads\/2020\/06\/fi_2.webp\",\"width\":2560,\"height\":1980},{\"@type\":\"BreadcrumbList\",\"@id\":\"https:\/\/sanatmetal.hu\/tr\/urun\/fi-can-civisi\/#breadcrumb\",\"itemListElement\":[{\"@type\":\"ListItem\",\"position\":1,\"name\":\"Home\",\"item\":\"https:\/\/sanatmetal.hu\/tr\/\"},{\"@type\":\"ListItem\",\"position\":2,\"name\":\"\u00dcr\u00fcnlerimiz\",\"item\":\"https:\/\/sanatmetal.hu\/tr\/urunlerimiz\/\"},{\"@type\":\"ListItem\",\"position\":3,\"name\":\"Fi Can \u00e7ivisi\"}]},{\"@type\":\"WebSite\",\"@id\":\"https:\/\/sanatmetal.hu\/#website\",\"url\":\"https:\/\/sanatmetal.hu\/\",\"name\":\"Sanatmetal\",\"description\":\"\",\"publisher\":{\"@id\":\"https:\/\/sanatmetal.hu\/#organization\"},\"potentialAction\":[{\"@type\":\"SearchAction\",\"target\":{\"@type\":\"EntryPoint\",\"urlTemplate\":\"https:\/\/sanatmetal.hu\/?s={search_term_string}\"},\"query-input\":{\"@type\":\"PropertyValueSpecification\",\"valueRequired\":true,\"valueName\":\"search_term_string\"}}],\"inLanguage\":\"tr-TR\"},{\"@type\":\"Organization\",\"@id\":\"https:\/\/sanatmetal.hu\/#organization\",\"name\":\"Sanatmetal\",\"url\":\"https:\/\/sanatmetal.hu\/\",\"logo\":{\"@type\":\"ImageObject\",\"inLanguage\":\"tr-TR\",\"@id\":\"https:\/\/sanatmetal.hu\/#\/schema\/logo\/image\/\",\"url\":\"https:\/\/sanatmetal.hu\/wp-content\/uploads\/2024\/10\/Nevtelen-terv-5-e1728647058747.png\",\"contentUrl\":\"https:\/\/sanatmetal.hu\/wp-content\/uploads\/2024\/10\/Nevtelen-terv-5-e1728647058747.png\",\"width\":1410,\"height\":1293,\"caption\":\"Sanatmetal\"},\"image\":{\"@id\":\"https:\/\/sanatmetal.hu\/#\/schema\/logo\/image\/\"}}]}<\/script>\n<!-- \/ Yoast SEO plugin. -->","yoast_head_json":{"title":"Fi Can \u00e7ivisi - Sanatmetal","robots":{"index":"index","follow":"follow","max-snippet":"max-snippet:-1","max-image-preview":"max-image-preview:large","max-video-preview":"max-video-preview:-1"},"canonical":"https:\/\/sanatmetal.hu\/tr\/urun\/fi-can-civisi\/","og_locale":"tr_TR","og_type":"article","og_title":"Fi Can \u00e7ivisi - Sanatmetal","og_description":"15 y\u0131l\u0131 a\u015fk\u0131n deneyim, bu tekni\u011fin trokanterik k\u0131r\u0131klar\u0131n tedavisindeki \u00f6nemini g\u00f6stermektedir. Temel avantajlar: \u00e7ift vida \u00e7\u00f6z\u00fcm\u00fc sayesinde rotasyonel stabilite sa\u011flan\u0131r proksimalde kan\u00fcll\u00fc teknik ile red\u00fcksiyon korunur 15 mm proksimal \u00e7apa sahip ince kemikler i\u00e7in idealdir kombine k\u0131r\u0131klar i\u00e7in uzun, anatomik olarak \u015fekillendirilmi\u015f \u00e7ivi &nbsp;","og_url":"https:\/\/sanatmetal.hu\/tr\/urun\/fi-can-civisi\/","og_site_name":"Sanatmetal","article_modified_time":"2026-03-24T14:31:08+00:00","og_image":[{"width":2560,"height":1980,"url":"https:\/\/sanatmetal.hu\/wp-content\/uploads\/2020\/06\/fi_2.webp","type":"image\/jpeg"}],"twitter_card":"summary_large_image","twitter_misc":{"Est. reading time":"1 minute"},"schema":{"@context":"https:\/\/schema.org","@graph":[{"@type":"WebPage","@id":"https:\/\/sanatmetal.hu\/tr\/urun\/fi-can-civisi\/","url":"https:\/\/sanatmetal.hu\/tr\/urun\/fi-can-civisi\/","name":"Fi Can \u00e7ivisi - Sanatmetal","isPartOf":{"@id":"https:\/\/sanatmetal.hu\/#website"},"primaryImageOfPage":{"@id":"https:\/\/sanatmetal.hu\/tr\/urun\/fi-can-civisi\/#primaryimage"},"image":{"@id":"https:\/\/sanatmetal.hu\/tr\/urun\/fi-can-civisi\/#primaryimage"},"thumbnailUrl":"https:\/\/sanatmetal.hu\/wp-content\/uploads\/2020\/06\/fi_2.webp","datePublished":"2020-03-04T11:03:09+00:00","dateModified":"2026-03-24T14:31:08+00:00","breadcrumb":{"@id":"https:\/\/sanatmetal.hu\/tr\/urun\/fi-can-civisi\/#breadcrumb"},"inLanguage":"tr-TR","potentialAction":[{"@type":"ReadAction","target":["https:\/\/sanatmetal.hu\/tr\/urun\/fi-can-civisi\/"]}]},{"@type":"ImageObject","inLanguage":"tr-TR","@id":"https:\/\/sanatmetal.hu\/tr\/urun\/fi-can-civisi\/#primaryimage","url":"https:\/\/sanatmetal.hu\/wp-content\/uploads\/2020\/06\/fi_2.webp","contentUrl":"https:\/\/sanatmetal.hu\/wp-content\/uploads\/2020\/06\/fi_2.webp","width":2560,"height":1980},{"@type":"BreadcrumbList","@id":"https:\/\/sanatmetal.hu\/tr\/urun\/fi-can-civisi\/#breadcrumb","itemListElement":[{"@type":"ListItem","position":1,"name":"Home","item":"https:\/\/sanatmetal.hu\/tr\/"},{"@type":"ListItem","position":2,"name":"\u00dcr\u00fcnlerimiz","item":"https:\/\/sanatmetal.hu\/tr\/urunlerimiz\/"},{"@type":"ListItem","position":3,"name":"Fi Can \u00e7ivisi"}]},{"@type":"WebSite","@id":"https:\/\/sanatmetal.hu\/#website","url":"https:\/\/sanatmetal.hu\/","name":"Sanatmetal","description":"","publisher":{"@id":"https:\/\/sanatmetal.hu\/#organization"},"potentialAction":[{"@type":"SearchAction","target":{"@type":"EntryPoint","urlTemplate":"https:\/\/sanatmetal.hu\/?s={search_term_string}"},"query-input":{"@type":"PropertyValueSpecification","valueRequired":true,"valueName":"search_term_string"}}],"inLanguage":"tr-TR"},{"@type":"Organization","@id":"https:\/\/sanatmetal.hu\/#organization","name":"Sanatmetal","url":"https:\/\/sanatmetal.hu\/","logo":{"@type":"ImageObject","inLanguage":"tr-TR","@id":"https:\/\/sanatmetal.hu\/#\/schema\/logo\/image\/","url":"https:\/\/sanatmetal.hu\/wp-content\/uploads\/2024\/10\/Nevtelen-terv-5-e1728647058747.png","contentUrl":"https:\/\/sanatmetal.hu\/wp-content\/uploads\/2024\/10\/Nevtelen-terv-5-e1728647058747.png","width":1410,"height":1293,"caption":"Sanatmetal"},"image":{"@id":"https:\/\/sanatmetal.hu\/#\/schema\/logo\/image\/"}}]}},"_links":{"self":[{"href":"https:\/\/sanatmetal.hu\/tr\/wp-json\/wp\/v2\/product\/17445","targetHints":{"allow":["GET"]}}],"collection":[{"href":"https:\/\/sanatmetal.hu\/tr\/wp-json\/wp\/v2\/product"}],"about":[{"href":"https:\/\/sanatmetal.hu\/tr\/wp-json\/wp\/v2\/types\/product"}],"wp:featuredmedia":[{"embeddable":true,"href":"https:\/\/sanatmetal.hu\/tr\/wp-json\/wp\/v2\/media\/17448"}],"wp:attachment":[{"href":"https:\/\/sanatmetal.hu\/tr\/wp-json\/wp\/v2\/media?parent=17445"}],"wp:term":[{"taxonomy":"product_brand","embeddable":true,"href":"https:\/\/sanatmetal.hu\/tr\/wp-json\/wp\/v2\/product_brand?post=17445"},{"taxonomy":"product_cat","embeddable":true,"href":"https:\/\/sanatmetal.hu\/tr\/wp-json\/wp\/v2\/product_cat?post=17445"},{"taxonomy":"product_tag","embeddable":true,"href":"https:\/\/sanatmetal.hu\/tr\/wp-json\/wp\/v2\/product_tag?post=17445"}],"curies":[{"name":"wp","href":"https:\/\/api.w.org\/{rel}","templated":true}]}}