{"id":17461,"date":"2020-03-04T10:52:32","date_gmt":"2020-03-04T10:52:32","guid":{"rendered":"https:\/\/sanatmetal.hu\/product\/spectrum-humerus-nail\/"},"modified":"2026-03-24T15:27:30","modified_gmt":"2026-03-24T14:27:30","slug":"spectrum-humerus-civisi","status":"publish","type":"product","link":"https:\/\/sanatmetal.hu\/tr\/product\/spectrum-humerus-civisi\/","title":{"rendered":"SpectruM Humerus \u00e7ivisi"},"content":{"rendered":"<p data-start=\"29\" data-end=\"357\">SpectruM sistemi, cerrahi s\u0131ras\u0131nda floroskopi kullan\u0131m\u0131n\u0131 azaltmay\u0131 ama\u00e7lar. Bu, \u00f6zel bir teknik ve bunu destekleyen enstr\u00fcmanlar sayesinde, \u00e7ivinin \u00f6zel bir kilitleme deli\u011fi \u00fczerinden elde tutulan bir hedefleme cihaz\u0131 ile kilitlenebilmesiyle sa\u011flan\u0131r. Bu sayede ameliyat s\u00fcresi ve radyasyon y\u00fck\u00fc belirgin \u00f6l\u00e7\u00fcde azalt\u0131labilir.<\/p>\n<p data-start=\"359\" data-end=\"376\">Temel avantajlar:<\/p>\n<ul data-start=\"378\" data-end=\"659\">\n<li data-section-id=\"4id83q\" data-start=\"378\" data-end=\"412\">\u00e7ok d\u00fczlemli proksimal kilitleme<\/li>\n<li data-section-id=\"mrgwyi\" data-start=\"413\" data-end=\"453\">tek tu\u015fla d\u00f6nd\u00fcr\u00fclebilen proksimal kol<\/li>\n<li data-section-id=\"13ymc9u\" data-start=\"454\" data-end=\"545\">45 derecelik distal deli\u011fe sahip k\u0131sa \u00e7ivi, uzun antegrad \u00e7ivi, uzun retrograd esnek \u00e7ivi<\/li>\n<li data-section-id=\"y8sksi\" data-start=\"546\" data-end=\"603\">radyasyon y\u00fck\u00fcn\u00fc azaltmak i\u00e7in mekanik distal hedefleme<\/li>\n<li data-section-id=\"xh1yll\" data-start=\"604\" data-end=\"659\">antegrad ve retrograd \u00e7iviler i\u00e7in tek enstr\u00fcman seti<\/li>\n<\/ul>\n","protected":false},"excerpt":{"rendered":"<p>SpectruM sistemi, cerrahi s\u0131ras\u0131nda floroskopi kullan\u0131m\u0131n\u0131 azaltmay\u0131 ama\u00e7lar. Bu, \u00f6zel bir teknik ve bunu destekleyen enstr\u00fcmanlar sayesinde, \u00e7ivinin \u00f6zel bir kilitleme deli\u011fi \u00fczerinden elde tutulan bir hedefleme cihaz\u0131 ile kilitlenebilmesiyle sa\u011flan\u0131r. Bu sayede ameliyat s\u00fcresi ve radyasyon y\u00fck\u00fc belirgin \u00f6l\u00e7\u00fcde azalt\u0131labilir. Temel avantajlar: \u00e7ok d\u00fczlemli proksimal kilitleme tek tu\u015fla d\u00f6nd\u00fcr\u00fclebilen proksimal kol 45 derecelik distal [&hellip;]<\/p>\n","protected":false},"featured_media":17462,"template":"","meta":[],"product_brand":[],"product_cat":[1259],"product_tag":[],"class_list":{"0":"post-17461","1":"product","2":"type-product","3":"status-publish","4":"has-post-thumbnail","6":"product_cat-humerus","7":"testtaj-intrameduller-civi-sistemleri-humerus","8":"markanev-spectrum","10":"first","11":"instock","12":"shipping-taxable","13":"product-type-simple"},"yoast_head":"<!-- This site is optimized with the Yoast SEO plugin v27.2 - https:\/\/yoast.com\/product\/yoast-seo-wordpress\/ -->\n<title>SpectruM Humerus \u00e7ivisi - Sanatmetal<\/title>\n<meta name=\"robots\" content=\"index, follow, max-snippet:-1, max-image-preview:large, max-video-preview:-1\" \/>\n<link rel=\"canonical\" href=\"https:\/\/sanatmetal.hu\/tr\/urun\/spectrum-humerus-civisi\/\" \/>\n<meta property=\"og:locale\" content=\"tr_TR\" \/>\n<meta property=\"og:type\" content=\"article\" \/>\n<meta property=\"og:title\" content=\"SpectruM Humerus \u00e7ivisi - Sanatmetal\" \/>\n<meta property=\"og:description\" content=\"SpectruM sistemi, cerrahi s\u0131ras\u0131nda floroskopi kullan\u0131m\u0131n\u0131 azaltmay\u0131 ama\u00e7lar. Bu, \u00f6zel bir teknik ve bunu destekleyen enstr\u00fcmanlar sayesinde, \u00e7ivinin \u00f6zel bir kilitleme deli\u011fi \u00fczerinden elde tutulan bir hedefleme cihaz\u0131 ile kilitlenebilmesiyle sa\u011flan\u0131r. Bu sayede ameliyat s\u00fcresi ve radyasyon y\u00fck\u00fc belirgin \u00f6l\u00e7\u00fcde azalt\u0131labilir. Temel avantajlar: \u00e7ok d\u00fczlemli proksimal kilitleme tek tu\u015fla d\u00f6nd\u00fcr\u00fclebilen proksimal kol 45 derecelik distal [&hellip;]\" \/>\n<meta property=\"og:url\" content=\"https:\/\/sanatmetal.hu\/tr\/urun\/spectrum-humerus-civisi\/\" \/>\n<meta property=\"og:site_name\" content=\"Sanatmetal\" \/>\n<meta property=\"article:modified_time\" content=\"2026-03-24T14:27:30+00:00\" \/>\n<meta property=\"og:image\" content=\"https:\/\/sanatmetal.hu\/wp-content\/uploads\/2020\/03\/131-scaled.webp\" \/>\n\t<meta property=\"og:image:width\" content=\"2560\" \/>\n\t<meta property=\"og:image:height\" content=\"1920\" \/>\n\t<meta property=\"og:image:type\" content=\"image\/jpeg\" \/>\n<meta name=\"twitter:card\" content=\"summary_large_image\" \/>\n<meta name=\"twitter:label1\" content=\"Est. reading time\" \/>\n\t<meta name=\"twitter:data1\" content=\"1 minute\" \/>\n<script type=\"application\/ld+json\" class=\"yoast-schema-graph\">{\"@context\":\"https:\/\/schema.org\",\"@graph\":[{\"@type\":\"WebPage\",\"@id\":\"https:\/\/sanatmetal.hu\/tr\/urun\/spectrum-humerus-civisi\/\",\"url\":\"https:\/\/sanatmetal.hu\/tr\/urun\/spectrum-humerus-civisi\/\",\"name\":\"SpectruM Humerus \u00e7ivisi - Sanatmetal\",\"isPartOf\":{\"@id\":\"https:\/\/sanatmetal.hu\/#website\"},\"primaryImageOfPage\":{\"@id\":\"https:\/\/sanatmetal.hu\/tr\/urun\/spectrum-humerus-civisi\/#primaryimage\"},\"image\":{\"@id\":\"https:\/\/sanatmetal.hu\/tr\/urun\/spectrum-humerus-civisi\/#primaryimage\"},\"thumbnailUrl\":\"https:\/\/sanatmetal.hu\/wp-content\/uploads\/2020\/03\/131-scaled.webp\",\"datePublished\":\"2020-03-04T10:52:32+00:00\",\"dateModified\":\"2026-03-24T14:27:30+00:00\",\"breadcrumb\":{\"@id\":\"https:\/\/sanatmetal.hu\/tr\/urun\/spectrum-humerus-civisi\/#breadcrumb\"},\"inLanguage\":\"tr-TR\",\"potentialAction\":[{\"@type\":\"ReadAction\",\"target\":[\"https:\/\/sanatmetal.hu\/tr\/urun\/spectrum-humerus-civisi\/\"]}]},{\"@type\":\"ImageObject\",\"inLanguage\":\"tr-TR\",\"@id\":\"https:\/\/sanatmetal.hu\/tr\/urun\/spectrum-humerus-civisi\/#primaryimage\",\"url\":\"https:\/\/sanatmetal.hu\/wp-content\/uploads\/2020\/03\/131-scaled.webp\",\"contentUrl\":\"https:\/\/sanatmetal.hu\/wp-content\/uploads\/2020\/03\/131-scaled.webp\",\"width\":2560,\"height\":1920},{\"@type\":\"BreadcrumbList\",\"@id\":\"https:\/\/sanatmetal.hu\/tr\/urun\/spectrum-humerus-civisi\/#breadcrumb\",\"itemListElement\":[{\"@type\":\"ListItem\",\"position\":1,\"name\":\"Home\",\"item\":\"https:\/\/sanatmetal.hu\/tr\/\"},{\"@type\":\"ListItem\",\"position\":2,\"name\":\"\u00dcr\u00fcnlerimiz\",\"item\":\"https:\/\/sanatmetal.hu\/tr\/urunlerimiz\/\"},{\"@type\":\"ListItem\",\"position\":3,\"name\":\"SpectruM Humerus \u00e7ivisi\"}]},{\"@type\":\"WebSite\",\"@id\":\"https:\/\/sanatmetal.hu\/#website\",\"url\":\"https:\/\/sanatmetal.hu\/\",\"name\":\"Sanatmetal\",\"description\":\"\",\"publisher\":{\"@id\":\"https:\/\/sanatmetal.hu\/#organization\"},\"potentialAction\":[{\"@type\":\"SearchAction\",\"target\":{\"@type\":\"EntryPoint\",\"urlTemplate\":\"https:\/\/sanatmetal.hu\/?s={search_term_string}\"},\"query-input\":{\"@type\":\"PropertyValueSpecification\",\"valueRequired\":true,\"valueName\":\"search_term_string\"}}],\"inLanguage\":\"tr-TR\"},{\"@type\":\"Organization\",\"@id\":\"https:\/\/sanatmetal.hu\/#organization\",\"name\":\"Sanatmetal\",\"url\":\"https:\/\/sanatmetal.hu\/\",\"logo\":{\"@type\":\"ImageObject\",\"inLanguage\":\"tr-TR\",\"@id\":\"https:\/\/sanatmetal.hu\/#\/schema\/logo\/image\/\",\"url\":\"https:\/\/sanatmetal.hu\/wp-content\/uploads\/2024\/10\/Nevtelen-terv-5-e1728647058747.png\",\"contentUrl\":\"https:\/\/sanatmetal.hu\/wp-content\/uploads\/2024\/10\/Nevtelen-terv-5-e1728647058747.png\",\"width\":1410,\"height\":1293,\"caption\":\"Sanatmetal\"},\"image\":{\"@id\":\"https:\/\/sanatmetal.hu\/#\/schema\/logo\/image\/\"}}]}<\/script>\n<!-- \/ Yoast SEO plugin. -->","yoast_head_json":{"title":"SpectruM Humerus \u00e7ivisi - Sanatmetal","robots":{"index":"index","follow":"follow","max-snippet":"max-snippet:-1","max-image-preview":"max-image-preview:large","max-video-preview":"max-video-preview:-1"},"canonical":"https:\/\/sanatmetal.hu\/tr\/urun\/spectrum-humerus-civisi\/","og_locale":"tr_TR","og_type":"article","og_title":"SpectruM Humerus \u00e7ivisi - Sanatmetal","og_description":"SpectruM sistemi, cerrahi s\u0131ras\u0131nda floroskopi kullan\u0131m\u0131n\u0131 azaltmay\u0131 ama\u00e7lar. Bu, \u00f6zel bir teknik ve bunu destekleyen enstr\u00fcmanlar sayesinde, \u00e7ivinin \u00f6zel bir kilitleme deli\u011fi \u00fczerinden elde tutulan bir hedefleme cihaz\u0131 ile kilitlenebilmesiyle sa\u011flan\u0131r. Bu sayede ameliyat s\u00fcresi ve radyasyon y\u00fck\u00fc belirgin \u00f6l\u00e7\u00fcde azalt\u0131labilir. Temel avantajlar: \u00e7ok d\u00fczlemli proksimal kilitleme tek tu\u015fla d\u00f6nd\u00fcr\u00fclebilen proksimal kol 45 derecelik distal [&hellip;]","og_url":"https:\/\/sanatmetal.hu\/tr\/urun\/spectrum-humerus-civisi\/","og_site_name":"Sanatmetal","article_modified_time":"2026-03-24T14:27:30+00:00","og_image":[{"width":2560,"height":1920,"url":"https:\/\/sanatmetal.hu\/wp-content\/uploads\/2020\/03\/131-scaled.webp","type":"image\/jpeg"}],"twitter_card":"summary_large_image","twitter_misc":{"Est. reading time":"1 minute"},"schema":{"@context":"https:\/\/schema.org","@graph":[{"@type":"WebPage","@id":"https:\/\/sanatmetal.hu\/tr\/urun\/spectrum-humerus-civisi\/","url":"https:\/\/sanatmetal.hu\/tr\/urun\/spectrum-humerus-civisi\/","name":"SpectruM Humerus \u00e7ivisi - Sanatmetal","isPartOf":{"@id":"https:\/\/sanatmetal.hu\/#website"},"primaryImageOfPage":{"@id":"https:\/\/sanatmetal.hu\/tr\/urun\/spectrum-humerus-civisi\/#primaryimage"},"image":{"@id":"https:\/\/sanatmetal.hu\/tr\/urun\/spectrum-humerus-civisi\/#primaryimage"},"thumbnailUrl":"https:\/\/sanatmetal.hu\/wp-content\/uploads\/2020\/03\/131-scaled.webp","datePublished":"2020-03-04T10:52:32+00:00","dateModified":"2026-03-24T14:27:30+00:00","breadcrumb":{"@id":"https:\/\/sanatmetal.hu\/tr\/urun\/spectrum-humerus-civisi\/#breadcrumb"},"inLanguage":"tr-TR","potentialAction":[{"@type":"ReadAction","target":["https:\/\/sanatmetal.hu\/tr\/urun\/spectrum-humerus-civisi\/"]}]},{"@type":"ImageObject","inLanguage":"tr-TR","@id":"https:\/\/sanatmetal.hu\/tr\/urun\/spectrum-humerus-civisi\/#primaryimage","url":"https:\/\/sanatmetal.hu\/wp-content\/uploads\/2020\/03\/131-scaled.webp","contentUrl":"https:\/\/sanatmetal.hu\/wp-content\/uploads\/2020\/03\/131-scaled.webp","width":2560,"height":1920},{"@type":"BreadcrumbList","@id":"https:\/\/sanatmetal.hu\/tr\/urun\/spectrum-humerus-civisi\/#breadcrumb","itemListElement":[{"@type":"ListItem","position":1,"name":"Home","item":"https:\/\/sanatmetal.hu\/tr\/"},{"@type":"ListItem","position":2,"name":"\u00dcr\u00fcnlerimiz","item":"https:\/\/sanatmetal.hu\/tr\/urunlerimiz\/"},{"@type":"ListItem","position":3,"name":"SpectruM Humerus \u00e7ivisi"}]},{"@type":"WebSite","@id":"https:\/\/sanatmetal.hu\/#website","url":"https:\/\/sanatmetal.hu\/","name":"Sanatmetal","description":"","publisher":{"@id":"https:\/\/sanatmetal.hu\/#organization"},"potentialAction":[{"@type":"SearchAction","target":{"@type":"EntryPoint","urlTemplate":"https:\/\/sanatmetal.hu\/?s={search_term_string}"},"query-input":{"@type":"PropertyValueSpecification","valueRequired":true,"valueName":"search_term_string"}}],"inLanguage":"tr-TR"},{"@type":"Organization","@id":"https:\/\/sanatmetal.hu\/#organization","name":"Sanatmetal","url":"https:\/\/sanatmetal.hu\/","logo":{"@type":"ImageObject","inLanguage":"tr-TR","@id":"https:\/\/sanatmetal.hu\/#\/schema\/logo\/image\/","url":"https:\/\/sanatmetal.hu\/wp-content\/uploads\/2024\/10\/Nevtelen-terv-5-e1728647058747.png","contentUrl":"https:\/\/sanatmetal.hu\/wp-content\/uploads\/2024\/10\/Nevtelen-terv-5-e1728647058747.png","width":1410,"height":1293,"caption":"Sanatmetal"},"image":{"@id":"https:\/\/sanatmetal.hu\/#\/schema\/logo\/image\/"}}]}},"_links":{"self":[{"href":"https:\/\/sanatmetal.hu\/tr\/wp-json\/wp\/v2\/product\/17461","targetHints":{"allow":["GET"]}}],"collection":[{"href":"https:\/\/sanatmetal.hu\/tr\/wp-json\/wp\/v2\/product"}],"about":[{"href":"https:\/\/sanatmetal.hu\/tr\/wp-json\/wp\/v2\/types\/product"}],"wp:featuredmedia":[{"embeddable":true,"href":"https:\/\/sanatmetal.hu\/tr\/wp-json\/wp\/v2\/media\/17462"}],"wp:attachment":[{"href":"https:\/\/sanatmetal.hu\/tr\/wp-json\/wp\/v2\/media?parent=17461"}],"wp:term":[{"taxonomy":"product_brand","embeddable":true,"href":"https:\/\/sanatmetal.hu\/tr\/wp-json\/wp\/v2\/product_brand?post=17461"},{"taxonomy":"product_cat","embeddable":true,"href":"https:\/\/sanatmetal.hu\/tr\/wp-json\/wp\/v2\/product_cat?post=17461"},{"taxonomy":"product_tag","embeddable":true,"href":"https:\/\/sanatmetal.hu\/tr\/wp-json\/wp\/v2\/product_tag?post=17461"}],"curies":[{"name":"wp","href":"https:\/\/api.w.org\/{rel}","templated":true}]}}