{"id":17463,"date":"2020-03-04T10:52:03","date_gmt":"2020-03-04T10:52:03","guid":{"rendered":"https:\/\/sanatmetal.hu\/product\/magic-humerus-nail\/"},"modified":"2026-03-24T15:26:54","modified_gmt":"2026-03-24T14:26:54","slug":"magic-humerus-civisi","status":"publish","type":"product","link":"https:\/\/sanatmetal.hu\/tr\/product\/magic-humerus-civisi\/","title":{"rendered":"Magic Humerus \u00e7ivisi"},"content":{"rendered":"<p data-start=\"26\" data-end=\"302\">Magic Humerus sistemi, Sanatmetal\u2019in di\u011fer \u00e7ivi sistemlerinde oldu\u011fu gibi, cerrahi s\u0131ras\u0131nda kullan\u0131lan floroskopi miktar\u0131n\u0131 azaltmay\u0131 ama\u00e7lar. K\u0131sa ve uzun \u00e7ivilerde benimsenen d\u00fcz \u00e7ivi formu, rotator man\u015fet yaralanmalar\u0131n\u0131 azalt\u0131r ve intraoperatif hasta g\u00fcvenli\u011fini art\u0131r\u0131r.<\/p>\n<p data-start=\"304\" data-end=\"321\">Temel avantajlar:<\/p>\n<ul data-start=\"323\" data-end=\"596\">\n<li data-section-id=\"4id83q\" data-start=\"323\" data-end=\"357\">\u00e7ok d\u00fczlemli proksimal kilitleme<\/li>\n<li data-section-id=\"1a5y6hu\" data-start=\"358\" data-end=\"434\">basmal\u0131 d\u00fc\u011fme mekanizmas\u0131na sahip, d\u00f6nd\u00fcr\u00fclebilir proksimal hedefleme kolu<\/li>\n<li data-section-id=\"fbotbe\" data-start=\"435\" data-end=\"538\">ba\u015f\u0131 g\u00f6m\u00fclebilen, kemik kompresyonuna ve s\u00fct\u00fcr uygulamas\u0131na olanak tan\u0131yan proksimal kilitleme vidas\u0131<\/li>\n<li data-section-id=\"t7ox33\" data-start=\"539\" data-end=\"558\">kompresyon imk\u00e2n\u0131<\/li>\n<li data-section-id=\"1v9q2a0\" data-start=\"559\" data-end=\"596\">uzun \u00e7ivide floroskopisiz kilitleme<\/li>\n<\/ul>\n<p><iframe loading=\"lazy\" title=\"MAGIC - Distal targeting without X-Ray - promotional video\" width=\"500\" height=\"281\" src=\"https:\/\/www.youtube.com\/embed\/UoFdHPE_3EU?start=5&#038;feature=oembed\" frameborder=\"0\" allow=\"accelerometer; autoplay; clipboard-write; encrypted-media; gyroscope; picture-in-picture; web-share\" referrerpolicy=\"strict-origin-when-cross-origin\" allowfullscreen><\/iframe><\/p>\n","protected":false},"excerpt":{"rendered":"<p>Magic Humerus sistemi, Sanatmetal\u2019in di\u011fer \u00e7ivi sistemlerinde oldu\u011fu gibi, cerrahi s\u0131ras\u0131nda kullan\u0131lan floroskopi miktar\u0131n\u0131 azaltmay\u0131 ama\u00e7lar. K\u0131sa ve uzun \u00e7ivilerde benimsenen d\u00fcz \u00e7ivi formu, rotator man\u015fet yaralanmalar\u0131n\u0131 azalt\u0131r ve intraoperatif hasta g\u00fcvenli\u011fini art\u0131r\u0131r. Temel avantajlar: \u00e7ok d\u00fczlemli proksimal kilitleme basmal\u0131 d\u00fc\u011fme mekanizmas\u0131na sahip, d\u00f6nd\u00fcr\u00fclebilir proksimal hedefleme kolu ba\u015f\u0131 g\u00f6m\u00fclebilen, kemik kompresyonuna ve s\u00fct\u00fcr uygulamas\u0131na olanak [&hellip;]<\/p>\n","protected":false},"featured_media":17464,"template":"","meta":[],"product_brand":[],"product_cat":[1259],"product_tag":[],"class_list":{"0":"post-17463","1":"product","2":"type-product","3":"status-publish","4":"has-post-thumbnail","6":"product_cat-humerus","7":"testtaj-ust-ekstremite","8":"testtaj-intrameduller-civi-sistemleri-humerus","9":"testtaj-humerus","10":"markanev-magic","12":"first","13":"instock","14":"shipping-taxable","15":"product-type-simple"},"yoast_head":"<!-- This site is optimized with the Yoast SEO plugin v27.2 - https:\/\/yoast.com\/product\/yoast-seo-wordpress\/ -->\n<title>Magic Humerus \u00e7ivisi - Sanatmetal<\/title>\n<meta name=\"robots\" content=\"index, follow, max-snippet:-1, max-image-preview:large, max-video-preview:-1\" \/>\n<link rel=\"canonical\" href=\"https:\/\/sanatmetal.hu\/tr\/urun\/magic-humerus-civisi\/\" \/>\n<meta property=\"og:locale\" content=\"tr_TR\" \/>\n<meta property=\"og:type\" content=\"article\" \/>\n<meta property=\"og:title\" content=\"Magic Humerus \u00e7ivisi - Sanatmetal\" \/>\n<meta property=\"og:description\" content=\"Magic Humerus sistemi, Sanatmetal\u2019in di\u011fer \u00e7ivi sistemlerinde oldu\u011fu gibi, cerrahi s\u0131ras\u0131nda kullan\u0131lan floroskopi miktar\u0131n\u0131 azaltmay\u0131 ama\u00e7lar. K\u0131sa ve uzun \u00e7ivilerde benimsenen d\u00fcz \u00e7ivi formu, rotator man\u015fet yaralanmalar\u0131n\u0131 azalt\u0131r ve intraoperatif hasta g\u00fcvenli\u011fini art\u0131r\u0131r. Temel avantajlar: \u00e7ok d\u00fczlemli proksimal kilitleme basmal\u0131 d\u00fc\u011fme mekanizmas\u0131na sahip, d\u00f6nd\u00fcr\u00fclebilir proksimal hedefleme kolu ba\u015f\u0131 g\u00f6m\u00fclebilen, kemik kompresyonuna ve s\u00fct\u00fcr uygulamas\u0131na olanak [&hellip;]\" \/>\n<meta property=\"og:url\" content=\"https:\/\/sanatmetal.hu\/tr\/urun\/magic-humerus-civisi\/\" \/>\n<meta property=\"og:site_name\" content=\"Sanatmetal\" \/>\n<meta property=\"article:modified_time\" content=\"2026-03-24T14:26:54+00:00\" \/>\n<meta property=\"og:image\" content=\"https:\/\/sanatmetal.hu\/wp-content\/uploads\/2020\/03\/18-scaled.webp\" \/>\n\t<meta property=\"og:image:width\" content=\"2560\" \/>\n\t<meta property=\"og:image:height\" content=\"1920\" \/>\n\t<meta property=\"og:image:type\" content=\"image\/jpeg\" \/>\n<meta name=\"twitter:card\" content=\"summary_large_image\" \/>\n<meta name=\"twitter:label1\" content=\"Est. reading time\" \/>\n\t<meta name=\"twitter:data1\" content=\"1 minute\" \/>\n<script type=\"application\/ld+json\" class=\"yoast-schema-graph\">{\"@context\":\"https:\/\/schema.org\",\"@graph\":[{\"@type\":\"WebPage\",\"@id\":\"https:\/\/sanatmetal.hu\/tr\/urun\/magic-humerus-civisi\/\",\"url\":\"https:\/\/sanatmetal.hu\/tr\/urun\/magic-humerus-civisi\/\",\"name\":\"Magic Humerus \u00e7ivisi - Sanatmetal\",\"isPartOf\":{\"@id\":\"https:\/\/sanatmetal.hu\/#website\"},\"primaryImageOfPage\":{\"@id\":\"https:\/\/sanatmetal.hu\/tr\/urun\/magic-humerus-civisi\/#primaryimage\"},\"image\":{\"@id\":\"https:\/\/sanatmetal.hu\/tr\/urun\/magic-humerus-civisi\/#primaryimage\"},\"thumbnailUrl\":\"https:\/\/sanatmetal.hu\/wp-content\/uploads\/2020\/03\/18-scaled.webp\",\"datePublished\":\"2020-03-04T10:52:03+00:00\",\"dateModified\":\"2026-03-24T14:26:54+00:00\",\"breadcrumb\":{\"@id\":\"https:\/\/sanatmetal.hu\/tr\/urun\/magic-humerus-civisi\/#breadcrumb\"},\"inLanguage\":\"tr-TR\",\"potentialAction\":[{\"@type\":\"ReadAction\",\"target\":[\"https:\/\/sanatmetal.hu\/tr\/urun\/magic-humerus-civisi\/\"]}]},{\"@type\":\"ImageObject\",\"inLanguage\":\"tr-TR\",\"@id\":\"https:\/\/sanatmetal.hu\/tr\/urun\/magic-humerus-civisi\/#primaryimage\",\"url\":\"https:\/\/sanatmetal.hu\/wp-content\/uploads\/2020\/03\/18-scaled.webp\",\"contentUrl\":\"https:\/\/sanatmetal.hu\/wp-content\/uploads\/2020\/03\/18-scaled.webp\",\"width\":2560,\"height\":1920},{\"@type\":\"BreadcrumbList\",\"@id\":\"https:\/\/sanatmetal.hu\/tr\/urun\/magic-humerus-civisi\/#breadcrumb\",\"itemListElement\":[{\"@type\":\"ListItem\",\"position\":1,\"name\":\"Home\",\"item\":\"https:\/\/sanatmetal.hu\/tr\/\"},{\"@type\":\"ListItem\",\"position\":2,\"name\":\"\u00dcr\u00fcnlerimiz\",\"item\":\"https:\/\/sanatmetal.hu\/tr\/urunlerimiz\/\"},{\"@type\":\"ListItem\",\"position\":3,\"name\":\"Magic Humerus \u00e7ivisi\"}]},{\"@type\":\"WebSite\",\"@id\":\"https:\/\/sanatmetal.hu\/#website\",\"url\":\"https:\/\/sanatmetal.hu\/\",\"name\":\"Sanatmetal\",\"description\":\"\",\"publisher\":{\"@id\":\"https:\/\/sanatmetal.hu\/#organization\"},\"potentialAction\":[{\"@type\":\"SearchAction\",\"target\":{\"@type\":\"EntryPoint\",\"urlTemplate\":\"https:\/\/sanatmetal.hu\/?s={search_term_string}\"},\"query-input\":{\"@type\":\"PropertyValueSpecification\",\"valueRequired\":true,\"valueName\":\"search_term_string\"}}],\"inLanguage\":\"tr-TR\"},{\"@type\":\"Organization\",\"@id\":\"https:\/\/sanatmetal.hu\/#organization\",\"name\":\"Sanatmetal\",\"url\":\"https:\/\/sanatmetal.hu\/\",\"logo\":{\"@type\":\"ImageObject\",\"inLanguage\":\"tr-TR\",\"@id\":\"https:\/\/sanatmetal.hu\/#\/schema\/logo\/image\/\",\"url\":\"https:\/\/sanatmetal.hu\/wp-content\/uploads\/2024\/10\/Nevtelen-terv-5-e1728647058747.png\",\"contentUrl\":\"https:\/\/sanatmetal.hu\/wp-content\/uploads\/2024\/10\/Nevtelen-terv-5-e1728647058747.png\",\"width\":1410,\"height\":1293,\"caption\":\"Sanatmetal\"},\"image\":{\"@id\":\"https:\/\/sanatmetal.hu\/#\/schema\/logo\/image\/\"}}]}<\/script>\n<!-- \/ Yoast SEO plugin. -->","yoast_head_json":{"title":"Magic Humerus \u00e7ivisi - Sanatmetal","robots":{"index":"index","follow":"follow","max-snippet":"max-snippet:-1","max-image-preview":"max-image-preview:large","max-video-preview":"max-video-preview:-1"},"canonical":"https:\/\/sanatmetal.hu\/tr\/urun\/magic-humerus-civisi\/","og_locale":"tr_TR","og_type":"article","og_title":"Magic Humerus \u00e7ivisi - Sanatmetal","og_description":"Magic Humerus sistemi, Sanatmetal\u2019in di\u011fer \u00e7ivi sistemlerinde oldu\u011fu gibi, cerrahi s\u0131ras\u0131nda kullan\u0131lan floroskopi miktar\u0131n\u0131 azaltmay\u0131 ama\u00e7lar. K\u0131sa ve uzun \u00e7ivilerde benimsenen d\u00fcz \u00e7ivi formu, rotator man\u015fet yaralanmalar\u0131n\u0131 azalt\u0131r ve intraoperatif hasta g\u00fcvenli\u011fini art\u0131r\u0131r. Temel avantajlar: \u00e7ok d\u00fczlemli proksimal kilitleme basmal\u0131 d\u00fc\u011fme mekanizmas\u0131na sahip, d\u00f6nd\u00fcr\u00fclebilir proksimal hedefleme kolu ba\u015f\u0131 g\u00f6m\u00fclebilen, kemik kompresyonuna ve s\u00fct\u00fcr uygulamas\u0131na olanak [&hellip;]","og_url":"https:\/\/sanatmetal.hu\/tr\/urun\/magic-humerus-civisi\/","og_site_name":"Sanatmetal","article_modified_time":"2026-03-24T14:26:54+00:00","og_image":[{"width":2560,"height":1920,"url":"https:\/\/sanatmetal.hu\/wp-content\/uploads\/2020\/03\/18-scaled.webp","type":"image\/jpeg"}],"twitter_card":"summary_large_image","twitter_misc":{"Est. reading time":"1 minute"},"schema":{"@context":"https:\/\/schema.org","@graph":[{"@type":"WebPage","@id":"https:\/\/sanatmetal.hu\/tr\/urun\/magic-humerus-civisi\/","url":"https:\/\/sanatmetal.hu\/tr\/urun\/magic-humerus-civisi\/","name":"Magic Humerus \u00e7ivisi - Sanatmetal","isPartOf":{"@id":"https:\/\/sanatmetal.hu\/#website"},"primaryImageOfPage":{"@id":"https:\/\/sanatmetal.hu\/tr\/urun\/magic-humerus-civisi\/#primaryimage"},"image":{"@id":"https:\/\/sanatmetal.hu\/tr\/urun\/magic-humerus-civisi\/#primaryimage"},"thumbnailUrl":"https:\/\/sanatmetal.hu\/wp-content\/uploads\/2020\/03\/18-scaled.webp","datePublished":"2020-03-04T10:52:03+00:00","dateModified":"2026-03-24T14:26:54+00:00","breadcrumb":{"@id":"https:\/\/sanatmetal.hu\/tr\/urun\/magic-humerus-civisi\/#breadcrumb"},"inLanguage":"tr-TR","potentialAction":[{"@type":"ReadAction","target":["https:\/\/sanatmetal.hu\/tr\/urun\/magic-humerus-civisi\/"]}]},{"@type":"ImageObject","inLanguage":"tr-TR","@id":"https:\/\/sanatmetal.hu\/tr\/urun\/magic-humerus-civisi\/#primaryimage","url":"https:\/\/sanatmetal.hu\/wp-content\/uploads\/2020\/03\/18-scaled.webp","contentUrl":"https:\/\/sanatmetal.hu\/wp-content\/uploads\/2020\/03\/18-scaled.webp","width":2560,"height":1920},{"@type":"BreadcrumbList","@id":"https:\/\/sanatmetal.hu\/tr\/urun\/magic-humerus-civisi\/#breadcrumb","itemListElement":[{"@type":"ListItem","position":1,"name":"Home","item":"https:\/\/sanatmetal.hu\/tr\/"},{"@type":"ListItem","position":2,"name":"\u00dcr\u00fcnlerimiz","item":"https:\/\/sanatmetal.hu\/tr\/urunlerimiz\/"},{"@type":"ListItem","position":3,"name":"Magic Humerus \u00e7ivisi"}]},{"@type":"WebSite","@id":"https:\/\/sanatmetal.hu\/#website","url":"https:\/\/sanatmetal.hu\/","name":"Sanatmetal","description":"","publisher":{"@id":"https:\/\/sanatmetal.hu\/#organization"},"potentialAction":[{"@type":"SearchAction","target":{"@type":"EntryPoint","urlTemplate":"https:\/\/sanatmetal.hu\/?s={search_term_string}"},"query-input":{"@type":"PropertyValueSpecification","valueRequired":true,"valueName":"search_term_string"}}],"inLanguage":"tr-TR"},{"@type":"Organization","@id":"https:\/\/sanatmetal.hu\/#organization","name":"Sanatmetal","url":"https:\/\/sanatmetal.hu\/","logo":{"@type":"ImageObject","inLanguage":"tr-TR","@id":"https:\/\/sanatmetal.hu\/#\/schema\/logo\/image\/","url":"https:\/\/sanatmetal.hu\/wp-content\/uploads\/2024\/10\/Nevtelen-terv-5-e1728647058747.png","contentUrl":"https:\/\/sanatmetal.hu\/wp-content\/uploads\/2024\/10\/Nevtelen-terv-5-e1728647058747.png","width":1410,"height":1293,"caption":"Sanatmetal"},"image":{"@id":"https:\/\/sanatmetal.hu\/#\/schema\/logo\/image\/"}}]}},"_links":{"self":[{"href":"https:\/\/sanatmetal.hu\/tr\/wp-json\/wp\/v2\/product\/17463","targetHints":{"allow":["GET"]}}],"collection":[{"href":"https:\/\/sanatmetal.hu\/tr\/wp-json\/wp\/v2\/product"}],"about":[{"href":"https:\/\/sanatmetal.hu\/tr\/wp-json\/wp\/v2\/types\/product"}],"wp:featuredmedia":[{"embeddable":true,"href":"https:\/\/sanatmetal.hu\/tr\/wp-json\/wp\/v2\/media\/17464"}],"wp:attachment":[{"href":"https:\/\/sanatmetal.hu\/tr\/wp-json\/wp\/v2\/media?parent=17463"}],"wp:term":[{"taxonomy":"product_brand","embeddable":true,"href":"https:\/\/sanatmetal.hu\/tr\/wp-json\/wp\/v2\/product_brand?post=17463"},{"taxonomy":"product_cat","embeddable":true,"href":"https:\/\/sanatmetal.hu\/tr\/wp-json\/wp\/v2\/product_cat?post=17463"},{"taxonomy":"product_tag","embeddable":true,"href":"https:\/\/sanatmetal.hu\/tr\/wp-json\/wp\/v2\/product_tag?post=17463"}],"curies":[{"name":"wp","href":"https:\/\/api.w.org\/{rel}","templated":true}]}}