{"id":17465,"date":"2020-03-04T10:51:34","date_gmt":"2020-03-04T10:51:34","guid":{"rendered":"https:\/\/sanatmetal.hu\/product\/conventional-plates-small-fragment\/"},"modified":"2026-03-25T09:04:37","modified_gmt":"2026-03-25T08:04:37","slug":"konvansiyonel-plaklar-kucuk-fragman","status":"publish","type":"product","link":"https:\/\/sanatmetal.hu\/tr\/product\/konvansiyonel-plaklar-kucuk-fragman\/","title":{"rendered":"Konvansiyonel plaklar \u2013 K\u00fc\u00e7\u00fck Fragman"},"content":{"rendered":"<p data-start=\"43\" data-end=\"147\">2,7\u20134 mm vidalar ile bunlara uygun plak ve enstr\u00fcmanlar\u0131 i\u00e7eren klasik k\u00fc\u00e7\u00fck fragman implant sistemidir.<\/p>\n<p data-start=\"149\" data-end=\"166\">Temel avantajlar:<\/p>\n<ul data-start=\"168\" data-end=\"371\">\n<li data-section-id=\"1mmu3p3\" data-start=\"168\" data-end=\"212\">\u00e7ok katmanl\u0131, kolay anla\u015f\u0131l\u0131r tray sistemi<\/li>\n<li data-section-id=\"17d4qnx\" data-start=\"213\" data-end=\"265\">k\u00fc\u00e7\u00fck kemik k\u0131r\u0131klar\u0131 i\u00e7in \u00e7oklu \u00e7\u00f6z\u00fcm se\u00e7enekleri<\/li>\n<li data-section-id=\"yvd02u\" data-start=\"266\" data-end=\"298\">kendinden k\u0131lavuz a\u00e7an vidalar<\/li>\n<li data-section-id=\"r2e1nd\" data-start=\"299\" data-end=\"371\">yenilik\u00e7i \u00e7ok i\u015flevli kilitleme deli\u011fi (n\u00f6tral, kompresyon, kilitleme)<\/li>\n<\/ul>\n","protected":false},"excerpt":{"rendered":"<p>2,7\u20134 mm vidalar ile bunlara uygun plak ve enstr\u00fcmanlar\u0131 i\u00e7eren klasik k\u00fc\u00e7\u00fck fragman implant sistemidir. Temel avantajlar: \u00e7ok katmanl\u0131, kolay anla\u015f\u0131l\u0131r tray sistemi k\u00fc\u00e7\u00fck kemik k\u0131r\u0131klar\u0131 i\u00e7in \u00e7oklu \u00e7\u00f6z\u00fcm se\u00e7enekleri kendinden k\u0131lavuz a\u00e7an vidalar yenilik\u00e7i \u00e7ok i\u015flevli kilitleme deli\u011fi (n\u00f6tral, kompresyon, kilitleme)<\/p>\n","protected":false},"featured_media":17466,"template":"","meta":[],"product_brand":[],"product_cat":[1245,1261,1162,1221,1224],"product_tag":[],"class_list":{"0":"post-17465","1":"product","2":"type-product","3":"status-publish","4":"has-post-thumbnail","6":"product_cat-pelvis","7":"product_cat-klavikula","8":"product_cat-humerus-2","9":"product_cat-fibula","10":"product_cat-tibia-2","11":"testtaj-plak-sistemleri-2","12":"testtaj-ust-ekstremite","13":"testtaj-plak-sistemleri-3","14":"testtaj-pelvis","15":"testtaj-plak-sistemleri-fibula","16":"testtaj-klavikula","17":"testtaj-govde","18":"testtaj-plak-sistemleri-humerus","19":"testtaj-humerus","20":"testtaj-plak-sistemleri-tibia","21":"testtaj-alt-ekstremite","22":"testtaj-tibia","23":"testtaj-fibula","24":"markanev-geleneksel-plaklama","26":"first","27":"instock","28":"shipping-taxable","29":"product-type-simple"},"yoast_head":"<!-- This site is optimized with the Yoast SEO plugin v27.2 - https:\/\/yoast.com\/product\/yoast-seo-wordpress\/ -->\n<title>Konvansiyonel plaklar \u2013 K\u00fc\u00e7\u00fck Fragman - Sanatmetal<\/title>\n<meta name=\"robots\" content=\"index, follow, max-snippet:-1, max-image-preview:large, max-video-preview:-1\" \/>\n<link rel=\"canonical\" href=\"https:\/\/sanatmetal.hu\/tr\/urun\/konvansiyonel-plaklar-kucuk-fragman\/\" \/>\n<meta property=\"og:locale\" content=\"tr_TR\" \/>\n<meta property=\"og:type\" content=\"article\" \/>\n<meta property=\"og:title\" content=\"Konvansiyonel plaklar \u2013 K\u00fc\u00e7\u00fck Fragman - Sanatmetal\" \/>\n<meta property=\"og:description\" content=\"2,7\u20134 mm vidalar ile bunlara uygun plak ve enstr\u00fcmanlar\u0131 i\u00e7eren klasik k\u00fc\u00e7\u00fck fragman implant sistemidir. Temel avantajlar: \u00e7ok katmanl\u0131, kolay anla\u015f\u0131l\u0131r tray sistemi k\u00fc\u00e7\u00fck kemik k\u0131r\u0131klar\u0131 i\u00e7in \u00e7oklu \u00e7\u00f6z\u00fcm se\u00e7enekleri kendinden k\u0131lavuz a\u00e7an vidalar yenilik\u00e7i \u00e7ok i\u015flevli kilitleme deli\u011fi (n\u00f6tral, kompresyon, kilitleme)\" \/>\n<meta property=\"og:url\" content=\"https:\/\/sanatmetal.hu\/tr\/urun\/konvansiyonel-plaklar-kucuk-fragman\/\" \/>\n<meta property=\"og:site_name\" content=\"Sanatmetal\" \/>\n<meta property=\"article:modified_time\" content=\"2026-03-25T08:04:37+00:00\" \/>\n<meta property=\"og:image\" content=\"https:\/\/sanatmetal.hu\/wp-content\/uploads\/2020\/03\/kfi-egyenes-lemez2kicsi.webp\" \/>\n\t<meta property=\"og:image:width\" content=\"2500\" \/>\n\t<meta property=\"og:image:height\" content=\"1664\" \/>\n\t<meta property=\"og:image:type\" content=\"image\/jpeg\" \/>\n<meta name=\"twitter:card\" content=\"summary_large_image\" \/>\n<meta name=\"twitter:label1\" content=\"Est. reading time\" \/>\n\t<meta name=\"twitter:data1\" content=\"1 minute\" \/>\n<script type=\"application\/ld+json\" class=\"yoast-schema-graph\">{\"@context\":\"https:\/\/schema.org\",\"@graph\":[{\"@type\":\"WebPage\",\"@id\":\"https:\/\/sanatmetal.hu\/tr\/urun\/konvansiyonel-plaklar-kucuk-fragman\/\",\"url\":\"https:\/\/sanatmetal.hu\/tr\/urun\/konvansiyonel-plaklar-kucuk-fragman\/\",\"name\":\"Konvansiyonel plaklar \u2013 K\u00fc\u00e7\u00fck Fragman - Sanatmetal\",\"isPartOf\":{\"@id\":\"https:\/\/sanatmetal.hu\/#website\"},\"primaryImageOfPage\":{\"@id\":\"https:\/\/sanatmetal.hu\/tr\/urun\/konvansiyonel-plaklar-kucuk-fragman\/#primaryimage\"},\"image\":{\"@id\":\"https:\/\/sanatmetal.hu\/tr\/urun\/konvansiyonel-plaklar-kucuk-fragman\/#primaryimage\"},\"thumbnailUrl\":\"https:\/\/sanatmetal.hu\/wp-content\/uploads\/2020\/03\/kfi-egyenes-lemez2kicsi.webp\",\"datePublished\":\"2020-03-04T10:51:34+00:00\",\"dateModified\":\"2026-03-25T08:04:37+00:00\",\"breadcrumb\":{\"@id\":\"https:\/\/sanatmetal.hu\/tr\/urun\/konvansiyonel-plaklar-kucuk-fragman\/#breadcrumb\"},\"inLanguage\":\"tr-TR\",\"potentialAction\":[{\"@type\":\"ReadAction\",\"target\":[\"https:\/\/sanatmetal.hu\/tr\/urun\/konvansiyonel-plaklar-kucuk-fragman\/\"]}]},{\"@type\":\"ImageObject\",\"inLanguage\":\"tr-TR\",\"@id\":\"https:\/\/sanatmetal.hu\/tr\/urun\/konvansiyonel-plaklar-kucuk-fragman\/#primaryimage\",\"url\":\"https:\/\/sanatmetal.hu\/wp-content\/uploads\/2020\/03\/kfi-egyenes-lemez2kicsi.webp\",\"contentUrl\":\"https:\/\/sanatmetal.hu\/wp-content\/uploads\/2020\/03\/kfi-egyenes-lemez2kicsi.webp\",\"width\":2500,\"height\":1664},{\"@type\":\"BreadcrumbList\",\"@id\":\"https:\/\/sanatmetal.hu\/tr\/urun\/konvansiyonel-plaklar-kucuk-fragman\/#breadcrumb\",\"itemListElement\":[{\"@type\":\"ListItem\",\"position\":1,\"name\":\"Home\",\"item\":\"https:\/\/sanatmetal.hu\/tr\/\"},{\"@type\":\"ListItem\",\"position\":2,\"name\":\"\u00dcr\u00fcnlerimiz\",\"item\":\"https:\/\/sanatmetal.hu\/tr\/urunlerimiz\/\"},{\"@type\":\"ListItem\",\"position\":3,\"name\":\"Konvansiyonel plaklar \u2013 K\u00fc\u00e7\u00fck Fragman\"}]},{\"@type\":\"WebSite\",\"@id\":\"https:\/\/sanatmetal.hu\/#website\",\"url\":\"https:\/\/sanatmetal.hu\/\",\"name\":\"Sanatmetal\",\"description\":\"\",\"publisher\":{\"@id\":\"https:\/\/sanatmetal.hu\/#organization\"},\"potentialAction\":[{\"@type\":\"SearchAction\",\"target\":{\"@type\":\"EntryPoint\",\"urlTemplate\":\"https:\/\/sanatmetal.hu\/?s={search_term_string}\"},\"query-input\":{\"@type\":\"PropertyValueSpecification\",\"valueRequired\":true,\"valueName\":\"search_term_string\"}}],\"inLanguage\":\"tr-TR\"},{\"@type\":\"Organization\",\"@id\":\"https:\/\/sanatmetal.hu\/#organization\",\"name\":\"Sanatmetal\",\"url\":\"https:\/\/sanatmetal.hu\/\",\"logo\":{\"@type\":\"ImageObject\",\"inLanguage\":\"tr-TR\",\"@id\":\"https:\/\/sanatmetal.hu\/#\/schema\/logo\/image\/\",\"url\":\"https:\/\/sanatmetal.hu\/wp-content\/uploads\/2024\/10\/Nevtelen-terv-5-e1728647058747.png\",\"contentUrl\":\"https:\/\/sanatmetal.hu\/wp-content\/uploads\/2024\/10\/Nevtelen-terv-5-e1728647058747.png\",\"width\":1410,\"height\":1293,\"caption\":\"Sanatmetal\"},\"image\":{\"@id\":\"https:\/\/sanatmetal.hu\/#\/schema\/logo\/image\/\"}}]}<\/script>\n<!-- \/ Yoast SEO plugin. -->","yoast_head_json":{"title":"Konvansiyonel plaklar \u2013 K\u00fc\u00e7\u00fck Fragman - Sanatmetal","robots":{"index":"index","follow":"follow","max-snippet":"max-snippet:-1","max-image-preview":"max-image-preview:large","max-video-preview":"max-video-preview:-1"},"canonical":"https:\/\/sanatmetal.hu\/tr\/urun\/konvansiyonel-plaklar-kucuk-fragman\/","og_locale":"tr_TR","og_type":"article","og_title":"Konvansiyonel plaklar \u2013 K\u00fc\u00e7\u00fck Fragman - Sanatmetal","og_description":"2,7\u20134 mm vidalar ile bunlara uygun plak ve enstr\u00fcmanlar\u0131 i\u00e7eren klasik k\u00fc\u00e7\u00fck fragman implant sistemidir. Temel avantajlar: \u00e7ok katmanl\u0131, kolay anla\u015f\u0131l\u0131r tray sistemi k\u00fc\u00e7\u00fck kemik k\u0131r\u0131klar\u0131 i\u00e7in \u00e7oklu \u00e7\u00f6z\u00fcm se\u00e7enekleri kendinden k\u0131lavuz a\u00e7an vidalar yenilik\u00e7i \u00e7ok i\u015flevli kilitleme deli\u011fi (n\u00f6tral, kompresyon, kilitleme)","og_url":"https:\/\/sanatmetal.hu\/tr\/urun\/konvansiyonel-plaklar-kucuk-fragman\/","og_site_name":"Sanatmetal","article_modified_time":"2026-03-25T08:04:37+00:00","og_image":[{"width":2500,"height":1664,"url":"https:\/\/sanatmetal.hu\/wp-content\/uploads\/2020\/03\/kfi-egyenes-lemez2kicsi.webp","type":"image\/jpeg"}],"twitter_card":"summary_large_image","twitter_misc":{"Est. reading time":"1 minute"},"schema":{"@context":"https:\/\/schema.org","@graph":[{"@type":"WebPage","@id":"https:\/\/sanatmetal.hu\/tr\/urun\/konvansiyonel-plaklar-kucuk-fragman\/","url":"https:\/\/sanatmetal.hu\/tr\/urun\/konvansiyonel-plaklar-kucuk-fragman\/","name":"Konvansiyonel plaklar \u2013 K\u00fc\u00e7\u00fck Fragman - Sanatmetal","isPartOf":{"@id":"https:\/\/sanatmetal.hu\/#website"},"primaryImageOfPage":{"@id":"https:\/\/sanatmetal.hu\/tr\/urun\/konvansiyonel-plaklar-kucuk-fragman\/#primaryimage"},"image":{"@id":"https:\/\/sanatmetal.hu\/tr\/urun\/konvansiyonel-plaklar-kucuk-fragman\/#primaryimage"},"thumbnailUrl":"https:\/\/sanatmetal.hu\/wp-content\/uploads\/2020\/03\/kfi-egyenes-lemez2kicsi.webp","datePublished":"2020-03-04T10:51:34+00:00","dateModified":"2026-03-25T08:04:37+00:00","breadcrumb":{"@id":"https:\/\/sanatmetal.hu\/tr\/urun\/konvansiyonel-plaklar-kucuk-fragman\/#breadcrumb"},"inLanguage":"tr-TR","potentialAction":[{"@type":"ReadAction","target":["https:\/\/sanatmetal.hu\/tr\/urun\/konvansiyonel-plaklar-kucuk-fragman\/"]}]},{"@type":"ImageObject","inLanguage":"tr-TR","@id":"https:\/\/sanatmetal.hu\/tr\/urun\/konvansiyonel-plaklar-kucuk-fragman\/#primaryimage","url":"https:\/\/sanatmetal.hu\/wp-content\/uploads\/2020\/03\/kfi-egyenes-lemez2kicsi.webp","contentUrl":"https:\/\/sanatmetal.hu\/wp-content\/uploads\/2020\/03\/kfi-egyenes-lemez2kicsi.webp","width":2500,"height":1664},{"@type":"BreadcrumbList","@id":"https:\/\/sanatmetal.hu\/tr\/urun\/konvansiyonel-plaklar-kucuk-fragman\/#breadcrumb","itemListElement":[{"@type":"ListItem","position":1,"name":"Home","item":"https:\/\/sanatmetal.hu\/tr\/"},{"@type":"ListItem","position":2,"name":"\u00dcr\u00fcnlerimiz","item":"https:\/\/sanatmetal.hu\/tr\/urunlerimiz\/"},{"@type":"ListItem","position":3,"name":"Konvansiyonel plaklar \u2013 K\u00fc\u00e7\u00fck Fragman"}]},{"@type":"WebSite","@id":"https:\/\/sanatmetal.hu\/#website","url":"https:\/\/sanatmetal.hu\/","name":"Sanatmetal","description":"","publisher":{"@id":"https:\/\/sanatmetal.hu\/#organization"},"potentialAction":[{"@type":"SearchAction","target":{"@type":"EntryPoint","urlTemplate":"https:\/\/sanatmetal.hu\/?s={search_term_string}"},"query-input":{"@type":"PropertyValueSpecification","valueRequired":true,"valueName":"search_term_string"}}],"inLanguage":"tr-TR"},{"@type":"Organization","@id":"https:\/\/sanatmetal.hu\/#organization","name":"Sanatmetal","url":"https:\/\/sanatmetal.hu\/","logo":{"@type":"ImageObject","inLanguage":"tr-TR","@id":"https:\/\/sanatmetal.hu\/#\/schema\/logo\/image\/","url":"https:\/\/sanatmetal.hu\/wp-content\/uploads\/2024\/10\/Nevtelen-terv-5-e1728647058747.png","contentUrl":"https:\/\/sanatmetal.hu\/wp-content\/uploads\/2024\/10\/Nevtelen-terv-5-e1728647058747.png","width":1410,"height":1293,"caption":"Sanatmetal"},"image":{"@id":"https:\/\/sanatmetal.hu\/#\/schema\/logo\/image\/"}}]}},"_links":{"self":[{"href":"https:\/\/sanatmetal.hu\/tr\/wp-json\/wp\/v2\/product\/17465","targetHints":{"allow":["GET"]}}],"collection":[{"href":"https:\/\/sanatmetal.hu\/tr\/wp-json\/wp\/v2\/product"}],"about":[{"href":"https:\/\/sanatmetal.hu\/tr\/wp-json\/wp\/v2\/types\/product"}],"wp:featuredmedia":[{"embeddable":true,"href":"https:\/\/sanatmetal.hu\/tr\/wp-json\/wp\/v2\/media\/17466"}],"wp:attachment":[{"href":"https:\/\/sanatmetal.hu\/tr\/wp-json\/wp\/v2\/media?parent=17465"}],"wp:term":[{"taxonomy":"product_brand","embeddable":true,"href":"https:\/\/sanatmetal.hu\/tr\/wp-json\/wp\/v2\/product_brand?post=17465"},{"taxonomy":"product_cat","embeddable":true,"href":"https:\/\/sanatmetal.hu\/tr\/wp-json\/wp\/v2\/product_cat?post=17465"},{"taxonomy":"product_tag","embeddable":true,"href":"https:\/\/sanatmetal.hu\/tr\/wp-json\/wp\/v2\/product_tag?post=17465"}],"curies":[{"name":"wp","href":"https:\/\/api.w.org\/{rel}","templated":true}]}}