{"id":17469,"date":"2020-03-04T10:50:56","date_gmt":"2020-03-04T10:50:56","guid":{"rendered":"https:\/\/sanatmetal.hu\/product\/vortex-clavicula-plates\/"},"modified":"2026-03-25T08:17:54","modified_gmt":"2026-03-25T07:17:54","slug":"vortex-klavikula-plaklari","status":"publish","type":"product","link":"https:\/\/sanatmetal.hu\/tr\/product\/vortex-klavikula-plaklari\/","title":{"rendered":"Vortex Klavikula plaklar\u0131"},"content":{"rendered":"<p data-start=\"31\" data-end=\"196\">Vortex poliaxial plak sistemi, 30 plak ve yaln\u0131zca 3 vida ile t\u00fcm v\u00fccut i\u00e7in \u00e7\u00f6z\u00fcmler sunarken, ayn\u0131 zamanda enstr\u00fcmanlar aras\u0131nda \u00e7apraz uyumluluk da sa\u011flamaktad\u0131r.<\/p>\n<p data-start=\"198\" data-end=\"423\">Vortex poliaxial ailesi, klavikula k\u0131r\u0131klar\u0131n\u0131n en kapsaml\u0131 \u015fekilde tedavisi i\u00e7in 4 \u00fcyeden olu\u015fmaktad\u0131r. Anatomik olarak \u015fekillendirilmi\u015f superior ve anterior versiyonlara ek olarak, ba\u015fl\u0131 ve kancal\u0131 versiyonlar da mevcuttur.<\/p>\n<p data-start=\"425\" data-end=\"442\">Temel avantajlar:<\/p>\n<ul data-start=\"444\" data-end=\"905\">\n<li data-section-id=\"avj9wl\" data-start=\"444\" data-end=\"545\">30 derecelik koni i\u00e7inde kademesiz vida yerle\u015ftirmeye olanak tan\u0131yan poliaxial kilitli plak sistemi<\/li>\n<li data-section-id=\"1qx5vnk\" data-start=\"546\" data-end=\"610\">yanl\u0131\u015f belirlenen vida y\u00f6n\u00fcnde en fazla 3 kez d\u00fczeltme olana\u011f\u0131<\/li>\n<li data-section-id=\"8rouk7\" data-start=\"611\" data-end=\"697\">inceltilmi\u015f ba\u015f yap\u0131s\u0131 sayesinde implant, ekleme yak\u0131n yumu\u015fak dokular\u0131 irrite etmez<\/li>\n<li data-section-id=\"1mz81x0\" data-start=\"698\" data-end=\"767\">yumu\u015fak dokular\u0131n korunmas\u0131na yard\u0131mc\u0131 olan yuvarlat\u0131lm\u0131\u015f konturlar<\/li>\n<li data-section-id=\"rxyn4e\" data-start=\"768\" data-end=\"820\">plak, minimal invaziv cerrahi teknik i\u00e7in uygundur<\/li>\n<li data-section-id=\"qocjz0\" data-start=\"821\" data-end=\"867\">kendinden k\u0131lavuzlu ancak k\u00fcnt ba\u015fl\u0131 vidalar<\/li>\n<li data-section-id=\"1yz8mg8\" data-start=\"868\" data-end=\"905\">g\u00fcvenilir anodize titanyum hammadde<\/li>\n<\/ul>\n","protected":false},"excerpt":{"rendered":"<p>Vortex poliaxial plak sistemi, 30 plak ve yaln\u0131zca 3 vida ile t\u00fcm v\u00fccut i\u00e7in \u00e7\u00f6z\u00fcmler sunarken, ayn\u0131 zamanda enstr\u00fcmanlar aras\u0131nda \u00e7apraz uyumluluk da sa\u011flamaktad\u0131r. Vortex poliaxial ailesi, klavikula k\u0131r\u0131klar\u0131n\u0131n en kapsaml\u0131 \u015fekilde tedavisi i\u00e7in 4 \u00fcyeden olu\u015fmaktad\u0131r. Anatomik olarak \u015fekillendirilmi\u015f superior ve anterior versiyonlara ek olarak, ba\u015fl\u0131 ve kancal\u0131 versiyonlar da mevcuttur. Temel avantajlar: 30 [&hellip;]<\/p>\n","protected":false},"featured_media":17470,"template":"","meta":[],"product_brand":[],"product_cat":[1261],"product_tag":[],"class_list":{"0":"post-17469","1":"product","2":"type-product","3":"status-publish","4":"has-post-thumbnail","6":"product_cat-klavikula","7":"testtaj-ust-ekstremite","8":"testtaj-plak-sistemleri-2","9":"testtaj-klavikula","10":"markanev-vortex","12":"first","13":"instock","14":"shipping-taxable","15":"product-type-simple"},"yoast_head":"<!-- This site is optimized with the Yoast SEO plugin v27.2 - https:\/\/yoast.com\/product\/yoast-seo-wordpress\/ -->\n<title>Vortex Klavikula plaklar\u0131 - Sanatmetal<\/title>\n<meta name=\"robots\" content=\"index, follow, max-snippet:-1, max-image-preview:large, max-video-preview:-1\" \/>\n<link rel=\"canonical\" href=\"https:\/\/sanatmetal.hu\/tr\/urun\/vortex-klavikula-plaklari\/\" \/>\n<meta property=\"og:locale\" content=\"tr_TR\" \/>\n<meta property=\"og:type\" content=\"article\" \/>\n<meta property=\"og:title\" content=\"Vortex Klavikula plaklar\u0131 - Sanatmetal\" \/>\n<meta property=\"og:description\" content=\"Vortex poliaxial plak sistemi, 30 plak ve yaln\u0131zca 3 vida ile t\u00fcm v\u00fccut i\u00e7in \u00e7\u00f6z\u00fcmler sunarken, ayn\u0131 zamanda enstr\u00fcmanlar aras\u0131nda \u00e7apraz uyumluluk da sa\u011flamaktad\u0131r. Vortex poliaxial ailesi, klavikula k\u0131r\u0131klar\u0131n\u0131n en kapsaml\u0131 \u015fekilde tedavisi i\u00e7in 4 \u00fcyeden olu\u015fmaktad\u0131r. Anatomik olarak \u015fekillendirilmi\u015f superior ve anterior versiyonlara ek olarak, ba\u015fl\u0131 ve kancal\u0131 versiyonlar da mevcuttur. Temel avantajlar: 30 [&hellip;]\" \/>\n<meta property=\"og:url\" content=\"https:\/\/sanatmetal.hu\/tr\/urun\/vortex-klavikula-plaklari\/\" \/>\n<meta property=\"og:site_name\" content=\"Sanatmetal\" \/>\n<meta property=\"article:modified_time\" content=\"2026-03-25T07:17:54+00:00\" \/>\n<meta property=\"og:image\" content=\"https:\/\/sanatmetal.hu\/wp-content\/uploads\/2020\/03\/135-scaled.webp\" \/>\n\t<meta property=\"og:image:width\" content=\"2560\" \/>\n\t<meta property=\"og:image:height\" content=\"1920\" \/>\n\t<meta property=\"og:image:type\" content=\"image\/jpeg\" \/>\n<meta name=\"twitter:card\" content=\"summary_large_image\" \/>\n<meta name=\"twitter:label1\" content=\"Est. reading time\" \/>\n\t<meta name=\"twitter:data1\" content=\"1 minute\" \/>\n<script type=\"application\/ld+json\" class=\"yoast-schema-graph\">{\"@context\":\"https:\/\/schema.org\",\"@graph\":[{\"@type\":\"WebPage\",\"@id\":\"https:\/\/sanatmetal.hu\/tr\/urun\/vortex-klavikula-plaklari\/\",\"url\":\"https:\/\/sanatmetal.hu\/tr\/urun\/vortex-klavikula-plaklari\/\",\"name\":\"Vortex Klavikula plaklar\u0131 - Sanatmetal\",\"isPartOf\":{\"@id\":\"https:\/\/sanatmetal.hu\/#website\"},\"primaryImageOfPage\":{\"@id\":\"https:\/\/sanatmetal.hu\/tr\/urun\/vortex-klavikula-plaklari\/#primaryimage\"},\"image\":{\"@id\":\"https:\/\/sanatmetal.hu\/tr\/urun\/vortex-klavikula-plaklari\/#primaryimage\"},\"thumbnailUrl\":\"https:\/\/sanatmetal.hu\/wp-content\/uploads\/2020\/03\/135-scaled.webp\",\"datePublished\":\"2020-03-04T10:50:56+00:00\",\"dateModified\":\"2026-03-25T07:17:54+00:00\",\"breadcrumb\":{\"@id\":\"https:\/\/sanatmetal.hu\/tr\/urun\/vortex-klavikula-plaklari\/#breadcrumb\"},\"inLanguage\":\"tr-TR\",\"potentialAction\":[{\"@type\":\"ReadAction\",\"target\":[\"https:\/\/sanatmetal.hu\/tr\/urun\/vortex-klavikula-plaklari\/\"]}]},{\"@type\":\"ImageObject\",\"inLanguage\":\"tr-TR\",\"@id\":\"https:\/\/sanatmetal.hu\/tr\/urun\/vortex-klavikula-plaklari\/#primaryimage\",\"url\":\"https:\/\/sanatmetal.hu\/wp-content\/uploads\/2020\/03\/135-scaled.webp\",\"contentUrl\":\"https:\/\/sanatmetal.hu\/wp-content\/uploads\/2020\/03\/135-scaled.webp\",\"width\":2560,\"height\":1920},{\"@type\":\"BreadcrumbList\",\"@id\":\"https:\/\/sanatmetal.hu\/tr\/urun\/vortex-klavikula-plaklari\/#breadcrumb\",\"itemListElement\":[{\"@type\":\"ListItem\",\"position\":1,\"name\":\"Home\",\"item\":\"https:\/\/sanatmetal.hu\/tr\/\"},{\"@type\":\"ListItem\",\"position\":2,\"name\":\"\u00dcr\u00fcnlerimiz\",\"item\":\"https:\/\/sanatmetal.hu\/tr\/urunlerimiz\/\"},{\"@type\":\"ListItem\",\"position\":3,\"name\":\"Vortex Klavikula plaklar\u0131\"}]},{\"@type\":\"WebSite\",\"@id\":\"https:\/\/sanatmetal.hu\/#website\",\"url\":\"https:\/\/sanatmetal.hu\/\",\"name\":\"Sanatmetal\",\"description\":\"\",\"publisher\":{\"@id\":\"https:\/\/sanatmetal.hu\/#organization\"},\"potentialAction\":[{\"@type\":\"SearchAction\",\"target\":{\"@type\":\"EntryPoint\",\"urlTemplate\":\"https:\/\/sanatmetal.hu\/?s={search_term_string}\"},\"query-input\":{\"@type\":\"PropertyValueSpecification\",\"valueRequired\":true,\"valueName\":\"search_term_string\"}}],\"inLanguage\":\"tr-TR\"},{\"@type\":\"Organization\",\"@id\":\"https:\/\/sanatmetal.hu\/#organization\",\"name\":\"Sanatmetal\",\"url\":\"https:\/\/sanatmetal.hu\/\",\"logo\":{\"@type\":\"ImageObject\",\"inLanguage\":\"tr-TR\",\"@id\":\"https:\/\/sanatmetal.hu\/#\/schema\/logo\/image\/\",\"url\":\"https:\/\/sanatmetal.hu\/wp-content\/uploads\/2024\/10\/Nevtelen-terv-5-e1728647058747.png\",\"contentUrl\":\"https:\/\/sanatmetal.hu\/wp-content\/uploads\/2024\/10\/Nevtelen-terv-5-e1728647058747.png\",\"width\":1410,\"height\":1293,\"caption\":\"Sanatmetal\"},\"image\":{\"@id\":\"https:\/\/sanatmetal.hu\/#\/schema\/logo\/image\/\"}}]}<\/script>\n<!-- \/ Yoast SEO plugin. -->","yoast_head_json":{"title":"Vortex Klavikula plaklar\u0131 - Sanatmetal","robots":{"index":"index","follow":"follow","max-snippet":"max-snippet:-1","max-image-preview":"max-image-preview:large","max-video-preview":"max-video-preview:-1"},"canonical":"https:\/\/sanatmetal.hu\/tr\/urun\/vortex-klavikula-plaklari\/","og_locale":"tr_TR","og_type":"article","og_title":"Vortex Klavikula plaklar\u0131 - Sanatmetal","og_description":"Vortex poliaxial plak sistemi, 30 plak ve yaln\u0131zca 3 vida ile t\u00fcm v\u00fccut i\u00e7in \u00e7\u00f6z\u00fcmler sunarken, ayn\u0131 zamanda enstr\u00fcmanlar aras\u0131nda \u00e7apraz uyumluluk da sa\u011flamaktad\u0131r. Vortex poliaxial ailesi, klavikula k\u0131r\u0131klar\u0131n\u0131n en kapsaml\u0131 \u015fekilde tedavisi i\u00e7in 4 \u00fcyeden olu\u015fmaktad\u0131r. Anatomik olarak \u015fekillendirilmi\u015f superior ve anterior versiyonlara ek olarak, ba\u015fl\u0131 ve kancal\u0131 versiyonlar da mevcuttur. Temel avantajlar: 30 [&hellip;]","og_url":"https:\/\/sanatmetal.hu\/tr\/urun\/vortex-klavikula-plaklari\/","og_site_name":"Sanatmetal","article_modified_time":"2026-03-25T07:17:54+00:00","og_image":[{"width":2560,"height":1920,"url":"https:\/\/sanatmetal.hu\/wp-content\/uploads\/2020\/03\/135-scaled.webp","type":"image\/jpeg"}],"twitter_card":"summary_large_image","twitter_misc":{"Est. reading time":"1 minute"},"schema":{"@context":"https:\/\/schema.org","@graph":[{"@type":"WebPage","@id":"https:\/\/sanatmetal.hu\/tr\/urun\/vortex-klavikula-plaklari\/","url":"https:\/\/sanatmetal.hu\/tr\/urun\/vortex-klavikula-plaklari\/","name":"Vortex Klavikula plaklar\u0131 - Sanatmetal","isPartOf":{"@id":"https:\/\/sanatmetal.hu\/#website"},"primaryImageOfPage":{"@id":"https:\/\/sanatmetal.hu\/tr\/urun\/vortex-klavikula-plaklari\/#primaryimage"},"image":{"@id":"https:\/\/sanatmetal.hu\/tr\/urun\/vortex-klavikula-plaklari\/#primaryimage"},"thumbnailUrl":"https:\/\/sanatmetal.hu\/wp-content\/uploads\/2020\/03\/135-scaled.webp","datePublished":"2020-03-04T10:50:56+00:00","dateModified":"2026-03-25T07:17:54+00:00","breadcrumb":{"@id":"https:\/\/sanatmetal.hu\/tr\/urun\/vortex-klavikula-plaklari\/#breadcrumb"},"inLanguage":"tr-TR","potentialAction":[{"@type":"ReadAction","target":["https:\/\/sanatmetal.hu\/tr\/urun\/vortex-klavikula-plaklari\/"]}]},{"@type":"ImageObject","inLanguage":"tr-TR","@id":"https:\/\/sanatmetal.hu\/tr\/urun\/vortex-klavikula-plaklari\/#primaryimage","url":"https:\/\/sanatmetal.hu\/wp-content\/uploads\/2020\/03\/135-scaled.webp","contentUrl":"https:\/\/sanatmetal.hu\/wp-content\/uploads\/2020\/03\/135-scaled.webp","width":2560,"height":1920},{"@type":"BreadcrumbList","@id":"https:\/\/sanatmetal.hu\/tr\/urun\/vortex-klavikula-plaklari\/#breadcrumb","itemListElement":[{"@type":"ListItem","position":1,"name":"Home","item":"https:\/\/sanatmetal.hu\/tr\/"},{"@type":"ListItem","position":2,"name":"\u00dcr\u00fcnlerimiz","item":"https:\/\/sanatmetal.hu\/tr\/urunlerimiz\/"},{"@type":"ListItem","position":3,"name":"Vortex Klavikula plaklar\u0131"}]},{"@type":"WebSite","@id":"https:\/\/sanatmetal.hu\/#website","url":"https:\/\/sanatmetal.hu\/","name":"Sanatmetal","description":"","publisher":{"@id":"https:\/\/sanatmetal.hu\/#organization"},"potentialAction":[{"@type":"SearchAction","target":{"@type":"EntryPoint","urlTemplate":"https:\/\/sanatmetal.hu\/?s={search_term_string}"},"query-input":{"@type":"PropertyValueSpecification","valueRequired":true,"valueName":"search_term_string"}}],"inLanguage":"tr-TR"},{"@type":"Organization","@id":"https:\/\/sanatmetal.hu\/#organization","name":"Sanatmetal","url":"https:\/\/sanatmetal.hu\/","logo":{"@type":"ImageObject","inLanguage":"tr-TR","@id":"https:\/\/sanatmetal.hu\/#\/schema\/logo\/image\/","url":"https:\/\/sanatmetal.hu\/wp-content\/uploads\/2024\/10\/Nevtelen-terv-5-e1728647058747.png","contentUrl":"https:\/\/sanatmetal.hu\/wp-content\/uploads\/2024\/10\/Nevtelen-terv-5-e1728647058747.png","width":1410,"height":1293,"caption":"Sanatmetal"},"image":{"@id":"https:\/\/sanatmetal.hu\/#\/schema\/logo\/image\/"}}]}},"_links":{"self":[{"href":"https:\/\/sanatmetal.hu\/tr\/wp-json\/wp\/v2\/product\/17469","targetHints":{"allow":["GET"]}}],"collection":[{"href":"https:\/\/sanatmetal.hu\/tr\/wp-json\/wp\/v2\/product"}],"about":[{"href":"https:\/\/sanatmetal.hu\/tr\/wp-json\/wp\/v2\/types\/product"}],"wp:featuredmedia":[{"embeddable":true,"href":"https:\/\/sanatmetal.hu\/tr\/wp-json\/wp\/v2\/media\/17470"}],"wp:attachment":[{"href":"https:\/\/sanatmetal.hu\/tr\/wp-json\/wp\/v2\/media?parent=17469"}],"wp:term":[{"taxonomy":"product_brand","embeddable":true,"href":"https:\/\/sanatmetal.hu\/tr\/wp-json\/wp\/v2\/product_brand?post=17469"},{"taxonomy":"product_cat","embeddable":true,"href":"https:\/\/sanatmetal.hu\/tr\/wp-json\/wp\/v2\/product_cat?post=17469"},{"taxonomy":"product_tag","embeddable":true,"href":"https:\/\/sanatmetal.hu\/tr\/wp-json\/wp\/v2\/product_tag?post=17469"}],"curies":[{"name":"wp","href":"https:\/\/api.w.org\/{rel}","templated":true}]}}