{"id":17475,"date":"2020-02-13T11:06:30","date_gmt":"2020-02-13T11:06:30","guid":{"rendered":"https:\/\/sanatmetal.hu\/product\/magic-trochanter-nail\/"},"modified":"2026-03-24T15:28:31","modified_gmt":"2026-03-24T14:28:31","slug":"magic-trochanter-civisi","status":"publish","type":"product","link":"https:\/\/sanatmetal.hu\/tr\/product\/magic-trochanter-civisi\/","title":{"rendered":"Magic Trochanter \u00e7ivisi"},"content":{"rendered":"<p data-start=\"28\" data-end=\"332\">Yeni trokanterik sistem, floroskopi kaynakl\u0131 radyasyonu azaltmak amac\u0131yla Magic hedefleme sistemi ile art\u0131k kullan\u0131ma sunulmaktad\u0131r. Sistem, piyasada bulunan trokanterik \u00e7ivilerin avantajlar\u0131n\u0131 yenilik\u00e7i ek i\u00e7erik ve \u00f6zelliklerle birle\u015ftirmekte olup hem k\u0131sa hem de uzun \u00e7ivi se\u00e7eneklerini kapsamaktad\u0131r.<\/p>\n<p data-start=\"334\" data-end=\"351\">Temel avantajlar:<\/p>\n<ul data-start=\"353\" data-end=\"700\">\n<li data-section-id=\"1w8v6uw\" data-start=\"353\" data-end=\"439\">augmentasyon olana\u011f\u0131 ile intraoperatif olarak de\u011fi\u015ftirilebilir vida \/ spiral tekni\u011fi<\/li>\n<li data-section-id=\"1j2ck2x\" data-start=\"440\" data-end=\"490\">lateral flat tasar\u0131m sayesinde kolay yerle\u015ftirme<\/li>\n<li data-section-id=\"bp9h89\" data-start=\"491\" data-end=\"567\">kan\u0131tlanm\u0131\u015f stabilite \u2013 sistemin yorulma limiti toplamda %12 art\u0131r\u0131lm\u0131\u015ft\u0131r<\/li>\n<li data-section-id=\"5dkxfu\" data-start=\"568\" data-end=\"635\">\u00f6nceden monte edilmi\u015f, d\u00fc\u015fmeyi \u00f6nleyici rotasyon kilitleme vidas\u0131<\/li>\n<li data-section-id=\"vjw785\" data-start=\"636\" data-end=\"700\">\u00f6zel kilitleme deli\u011fi sayesinde floroskopisiz distal kilitleme<\/li>\n<\/ul>\n<p><iframe loading=\"lazy\" title=\"MAGIC - Distal targeting without X-Ray - promotional video\" width=\"500\" height=\"281\" src=\"https:\/\/www.youtube.com\/embed\/UoFdHPE_3EU?start=5&#038;feature=oembed\" frameborder=\"0\" allow=\"accelerometer; autoplay; clipboard-write; encrypted-media; gyroscope; picture-in-picture; web-share\" referrerpolicy=\"strict-origin-when-cross-origin\" allowfullscreen><\/iframe><\/p>\n","protected":false},"excerpt":{"rendered":"<p>Yeni trokanterik sistem, floroskopi kaynakl\u0131 radyasyonu azaltmak amac\u0131yla Magic hedefleme sistemi ile art\u0131k kullan\u0131ma sunulmaktad\u0131r. Sistem, piyasada bulunan trokanterik \u00e7ivilerin avantajlar\u0131n\u0131 yenilik\u00e7i ek i\u00e7erik ve \u00f6zelliklerle birle\u015ftirmekte olup hem k\u0131sa hem de uzun \u00e7ivi se\u00e7eneklerini kapsamaktad\u0131r. Temel avantajlar: augmentasyon olana\u011f\u0131 ile intraoperatif olarak de\u011fi\u015ftirilebilir vida \/ spiral tekni\u011fi lateral flat tasar\u0131m sayesinde kolay yerle\u015ftirme kan\u0131tlanm\u0131\u015f [&hellip;]<\/p>\n","protected":false},"featured_media":17477,"template":"","meta":[],"product_brand":[],"product_cat":[1240],"product_tag":[],"class_list":{"0":"post-17475","1":"product","2":"type-product","3":"status-publish","4":"has-post-thumbnail","6":"product_cat-trochanter-2","7":"testtaj-trokanterik-bolge","8":"testtaj-intrameduller-civi-sistemleri-7","9":"testtaj-femur","10":"testtaj-alt-ekstremite","11":"markanev-magic","13":"first","14":"instock","15":"shipping-taxable","16":"product-type-simple"},"yoast_head":"<!-- This site is optimized with the Yoast SEO plugin v27.2 - https:\/\/yoast.com\/product\/yoast-seo-wordpress\/ -->\n<title>Magic Trochanter \u00e7ivisi - Sanatmetal<\/title>\n<meta name=\"robots\" content=\"index, follow, max-snippet:-1, max-image-preview:large, max-video-preview:-1\" \/>\n<link rel=\"canonical\" href=\"https:\/\/sanatmetal.hu\/tr\/urun\/magic-trochanter-civisi\/\" \/>\n<meta property=\"og:locale\" content=\"tr_TR\" \/>\n<meta property=\"og:type\" content=\"article\" \/>\n<meta property=\"og:title\" content=\"Magic Trochanter \u00e7ivisi - Sanatmetal\" \/>\n<meta property=\"og:description\" content=\"Yeni trokanterik sistem, floroskopi kaynakl\u0131 radyasyonu azaltmak amac\u0131yla Magic hedefleme sistemi ile art\u0131k kullan\u0131ma sunulmaktad\u0131r. Sistem, piyasada bulunan trokanterik \u00e7ivilerin avantajlar\u0131n\u0131 yenilik\u00e7i ek i\u00e7erik ve \u00f6zelliklerle birle\u015ftirmekte olup hem k\u0131sa hem de uzun \u00e7ivi se\u00e7eneklerini kapsamaktad\u0131r. Temel avantajlar: augmentasyon olana\u011f\u0131 ile intraoperatif olarak de\u011fi\u015ftirilebilir vida \/ spiral tekni\u011fi lateral flat tasar\u0131m sayesinde kolay yerle\u015ftirme kan\u0131tlanm\u0131\u015f [&hellip;]\" \/>\n<meta property=\"og:url\" content=\"https:\/\/sanatmetal.hu\/tr\/urun\/magic-trochanter-civisi\/\" \/>\n<meta property=\"og:site_name\" content=\"Sanatmetal\" \/>\n<meta property=\"article:modified_time\" content=\"2026-03-24T14:28:31+00:00\" \/>\n<meta property=\"og:image\" content=\"https:\/\/sanatmetal.hu\/wp-content\/uploads\/2020\/02\/Magic-target-scaled.webp\" \/>\n\t<meta property=\"og:image:width\" content=\"2560\" \/>\n\t<meta property=\"og:image:height\" content=\"1707\" \/>\n\t<meta property=\"og:image:type\" content=\"image\/jpeg\" \/>\n<meta name=\"twitter:card\" content=\"summary_large_image\" \/>\n<meta name=\"twitter:label1\" content=\"Est. reading time\" \/>\n\t<meta name=\"twitter:data1\" content=\"1 minute\" \/>\n<script type=\"application\/ld+json\" class=\"yoast-schema-graph\">{\"@context\":\"https:\/\/schema.org\",\"@graph\":[{\"@type\":\"WebPage\",\"@id\":\"https:\/\/sanatmetal.hu\/tr\/urun\/magic-trochanter-civisi\/\",\"url\":\"https:\/\/sanatmetal.hu\/tr\/urun\/magic-trochanter-civisi\/\",\"name\":\"Magic Trochanter \u00e7ivisi - Sanatmetal\",\"isPartOf\":{\"@id\":\"https:\/\/sanatmetal.hu\/#website\"},\"primaryImageOfPage\":{\"@id\":\"https:\/\/sanatmetal.hu\/tr\/urun\/magic-trochanter-civisi\/#primaryimage\"},\"image\":{\"@id\":\"https:\/\/sanatmetal.hu\/tr\/urun\/magic-trochanter-civisi\/#primaryimage\"},\"thumbnailUrl\":\"https:\/\/sanatmetal.hu\/wp-content\/uploads\/2020\/02\/Magic-target-scaled.webp\",\"datePublished\":\"2020-02-13T11:06:30+00:00\",\"dateModified\":\"2026-03-24T14:28:31+00:00\",\"breadcrumb\":{\"@id\":\"https:\/\/sanatmetal.hu\/tr\/urun\/magic-trochanter-civisi\/#breadcrumb\"},\"inLanguage\":\"tr-TR\",\"potentialAction\":[{\"@type\":\"ReadAction\",\"target\":[\"https:\/\/sanatmetal.hu\/tr\/urun\/magic-trochanter-civisi\/\"]}]},{\"@type\":\"ImageObject\",\"inLanguage\":\"tr-TR\",\"@id\":\"https:\/\/sanatmetal.hu\/tr\/urun\/magic-trochanter-civisi\/#primaryimage\",\"url\":\"https:\/\/sanatmetal.hu\/wp-content\/uploads\/2020\/02\/Magic-target-scaled.webp\",\"contentUrl\":\"https:\/\/sanatmetal.hu\/wp-content\/uploads\/2020\/02\/Magic-target-scaled.webp\",\"width\":2560,\"height\":1707},{\"@type\":\"BreadcrumbList\",\"@id\":\"https:\/\/sanatmetal.hu\/tr\/urun\/magic-trochanter-civisi\/#breadcrumb\",\"itemListElement\":[{\"@type\":\"ListItem\",\"position\":1,\"name\":\"Home\",\"item\":\"https:\/\/sanatmetal.hu\/tr\/\"},{\"@type\":\"ListItem\",\"position\":2,\"name\":\"\u00dcr\u00fcnlerimiz\",\"item\":\"https:\/\/sanatmetal.hu\/tr\/urunlerimiz\/\"},{\"@type\":\"ListItem\",\"position\":3,\"name\":\"Magic Trochanter \u00e7ivisi\"}]},{\"@type\":\"WebSite\",\"@id\":\"https:\/\/sanatmetal.hu\/#website\",\"url\":\"https:\/\/sanatmetal.hu\/\",\"name\":\"Sanatmetal\",\"description\":\"\",\"publisher\":{\"@id\":\"https:\/\/sanatmetal.hu\/#organization\"},\"potentialAction\":[{\"@type\":\"SearchAction\",\"target\":{\"@type\":\"EntryPoint\",\"urlTemplate\":\"https:\/\/sanatmetal.hu\/?s={search_term_string}\"},\"query-input\":{\"@type\":\"PropertyValueSpecification\",\"valueRequired\":true,\"valueName\":\"search_term_string\"}}],\"inLanguage\":\"tr-TR\"},{\"@type\":\"Organization\",\"@id\":\"https:\/\/sanatmetal.hu\/#organization\",\"name\":\"Sanatmetal\",\"url\":\"https:\/\/sanatmetal.hu\/\",\"logo\":{\"@type\":\"ImageObject\",\"inLanguage\":\"tr-TR\",\"@id\":\"https:\/\/sanatmetal.hu\/#\/schema\/logo\/image\/\",\"url\":\"https:\/\/sanatmetal.hu\/wp-content\/uploads\/2024\/10\/Nevtelen-terv-5-e1728647058747.png\",\"contentUrl\":\"https:\/\/sanatmetal.hu\/wp-content\/uploads\/2024\/10\/Nevtelen-terv-5-e1728647058747.png\",\"width\":1410,\"height\":1293,\"caption\":\"Sanatmetal\"},\"image\":{\"@id\":\"https:\/\/sanatmetal.hu\/#\/schema\/logo\/image\/\"}}]}<\/script>\n<!-- \/ Yoast SEO plugin. -->","yoast_head_json":{"title":"Magic Trochanter \u00e7ivisi - Sanatmetal","robots":{"index":"index","follow":"follow","max-snippet":"max-snippet:-1","max-image-preview":"max-image-preview:large","max-video-preview":"max-video-preview:-1"},"canonical":"https:\/\/sanatmetal.hu\/tr\/urun\/magic-trochanter-civisi\/","og_locale":"tr_TR","og_type":"article","og_title":"Magic Trochanter \u00e7ivisi - Sanatmetal","og_description":"Yeni trokanterik sistem, floroskopi kaynakl\u0131 radyasyonu azaltmak amac\u0131yla Magic hedefleme sistemi ile art\u0131k kullan\u0131ma sunulmaktad\u0131r. Sistem, piyasada bulunan trokanterik \u00e7ivilerin avantajlar\u0131n\u0131 yenilik\u00e7i ek i\u00e7erik ve \u00f6zelliklerle birle\u015ftirmekte olup hem k\u0131sa hem de uzun \u00e7ivi se\u00e7eneklerini kapsamaktad\u0131r. Temel avantajlar: augmentasyon olana\u011f\u0131 ile intraoperatif olarak de\u011fi\u015ftirilebilir vida \/ spiral tekni\u011fi lateral flat tasar\u0131m sayesinde kolay yerle\u015ftirme kan\u0131tlanm\u0131\u015f [&hellip;]","og_url":"https:\/\/sanatmetal.hu\/tr\/urun\/magic-trochanter-civisi\/","og_site_name":"Sanatmetal","article_modified_time":"2026-03-24T14:28:31+00:00","og_image":[{"width":2560,"height":1707,"url":"https:\/\/sanatmetal.hu\/wp-content\/uploads\/2020\/02\/Magic-target-scaled.webp","type":"image\/jpeg"}],"twitter_card":"summary_large_image","twitter_misc":{"Est. reading time":"1 minute"},"schema":{"@context":"https:\/\/schema.org","@graph":[{"@type":"WebPage","@id":"https:\/\/sanatmetal.hu\/tr\/urun\/magic-trochanter-civisi\/","url":"https:\/\/sanatmetal.hu\/tr\/urun\/magic-trochanter-civisi\/","name":"Magic Trochanter \u00e7ivisi - Sanatmetal","isPartOf":{"@id":"https:\/\/sanatmetal.hu\/#website"},"primaryImageOfPage":{"@id":"https:\/\/sanatmetal.hu\/tr\/urun\/magic-trochanter-civisi\/#primaryimage"},"image":{"@id":"https:\/\/sanatmetal.hu\/tr\/urun\/magic-trochanter-civisi\/#primaryimage"},"thumbnailUrl":"https:\/\/sanatmetal.hu\/wp-content\/uploads\/2020\/02\/Magic-target-scaled.webp","datePublished":"2020-02-13T11:06:30+00:00","dateModified":"2026-03-24T14:28:31+00:00","breadcrumb":{"@id":"https:\/\/sanatmetal.hu\/tr\/urun\/magic-trochanter-civisi\/#breadcrumb"},"inLanguage":"tr-TR","potentialAction":[{"@type":"ReadAction","target":["https:\/\/sanatmetal.hu\/tr\/urun\/magic-trochanter-civisi\/"]}]},{"@type":"ImageObject","inLanguage":"tr-TR","@id":"https:\/\/sanatmetal.hu\/tr\/urun\/magic-trochanter-civisi\/#primaryimage","url":"https:\/\/sanatmetal.hu\/wp-content\/uploads\/2020\/02\/Magic-target-scaled.webp","contentUrl":"https:\/\/sanatmetal.hu\/wp-content\/uploads\/2020\/02\/Magic-target-scaled.webp","width":2560,"height":1707},{"@type":"BreadcrumbList","@id":"https:\/\/sanatmetal.hu\/tr\/urun\/magic-trochanter-civisi\/#breadcrumb","itemListElement":[{"@type":"ListItem","position":1,"name":"Home","item":"https:\/\/sanatmetal.hu\/tr\/"},{"@type":"ListItem","position":2,"name":"\u00dcr\u00fcnlerimiz","item":"https:\/\/sanatmetal.hu\/tr\/urunlerimiz\/"},{"@type":"ListItem","position":3,"name":"Magic Trochanter \u00e7ivisi"}]},{"@type":"WebSite","@id":"https:\/\/sanatmetal.hu\/#website","url":"https:\/\/sanatmetal.hu\/","name":"Sanatmetal","description":"","publisher":{"@id":"https:\/\/sanatmetal.hu\/#organization"},"potentialAction":[{"@type":"SearchAction","target":{"@type":"EntryPoint","urlTemplate":"https:\/\/sanatmetal.hu\/?s={search_term_string}"},"query-input":{"@type":"PropertyValueSpecification","valueRequired":true,"valueName":"search_term_string"}}],"inLanguage":"tr-TR"},{"@type":"Organization","@id":"https:\/\/sanatmetal.hu\/#organization","name":"Sanatmetal","url":"https:\/\/sanatmetal.hu\/","logo":{"@type":"ImageObject","inLanguage":"tr-TR","@id":"https:\/\/sanatmetal.hu\/#\/schema\/logo\/image\/","url":"https:\/\/sanatmetal.hu\/wp-content\/uploads\/2024\/10\/Nevtelen-terv-5-e1728647058747.png","contentUrl":"https:\/\/sanatmetal.hu\/wp-content\/uploads\/2024\/10\/Nevtelen-terv-5-e1728647058747.png","width":1410,"height":1293,"caption":"Sanatmetal"},"image":{"@id":"https:\/\/sanatmetal.hu\/#\/schema\/logo\/image\/"}}]}},"_links":{"self":[{"href":"https:\/\/sanatmetal.hu\/tr\/wp-json\/wp\/v2\/product\/17475","targetHints":{"allow":["GET"]}}],"collection":[{"href":"https:\/\/sanatmetal.hu\/tr\/wp-json\/wp\/v2\/product"}],"about":[{"href":"https:\/\/sanatmetal.hu\/tr\/wp-json\/wp\/v2\/types\/product"}],"wp:featuredmedia":[{"embeddable":true,"href":"https:\/\/sanatmetal.hu\/tr\/wp-json\/wp\/v2\/media\/17477"}],"wp:attachment":[{"href":"https:\/\/sanatmetal.hu\/tr\/wp-json\/wp\/v2\/media?parent=17475"}],"wp:term":[{"taxonomy":"product_brand","embeddable":true,"href":"https:\/\/sanatmetal.hu\/tr\/wp-json\/wp\/v2\/product_brand?post=17475"},{"taxonomy":"product_cat","embeddable":true,"href":"https:\/\/sanatmetal.hu\/tr\/wp-json\/wp\/v2\/product_cat?post=17475"},{"taxonomy":"product_tag","embeddable":true,"href":"https:\/\/sanatmetal.hu\/tr\/wp-json\/wp\/v2\/product_tag?post=17475"}],"curies":[{"name":"wp","href":"https:\/\/api.w.org\/{rel}","templated":true}]}}