{"id":18926,"date":"2026-04-30T09:29:39","date_gmt":"2026-04-30T08:29:39","guid":{"rendered":"https:\/\/sanatmetal.hu\/tuyen-bo-ve-quyen-rieng-tu\/"},"modified":"2026-04-30T09:29:39","modified_gmt":"2026-04-30T08:29:39","slug":"tuyen-bo-ve-quyen-rieng-tu","status":"publish","type":"page","link":"https:\/\/sanatmetal.hu\/vi\/tuyen-bo-ve-quyen-rieng-tu\/","title":{"rendered":"Tuy\u00ean b\u1ed1 v\u1ec1 quy\u1ec1n ri\u00eang t\u01b0"},"content":{"rendered":"<p><strong>M\u1ee5c \u0111\u00edch c\u1ee7a vi\u1ec7c qu\u1ea3n l\u00fd d\u1eef li\u1ec7u<\/strong><\/p>\n<ul>\n<li>Th\u00f4ng tin chuy\u00ean nghi\u1ec7p v\u1ec1 c\u00e1c s\u1ea3n ph\u1ea9m c\u1ee7a Sanatmetal<\/li>\n<li>Tr\u00ecnh b\u00e0y s\u1ea3n ph\u1ea9m v\u00e0 g\u1eedi th\u01b0 ti\u1ebfp th\u1ecb.<\/li>\n<li>Tr\u00ecnh b\u00e0y c\u00e1c ph\u00e1t tri\u1ec3n v\u00e0 th\u00f4ng tin k\u1ef9 thu\u1eadt m\u1edbi.<\/li>\n<\/ul>\n<p>Vi\u1ec7c b\u1ea3o m\u1eadt v\u00e0 b\u1ea3o v\u1ec7 d\u1eef li\u1ec7u c\u00e1 nh\u00e2n c\u1ee7a b\u1ea1n l\u00e0 v\u00f4 c\u00f9ng quan tr\u1ecdng \u0111\u1ed1i v\u1edbi Sanatmetal, v\u00ec v\u1eady vui l\u00f2ng \u0111\u1ecdc k\u1ef9 th\u00f4ng tin c\u1ee7a ch\u00fang t\u00f4i!<\/p>\n<p>Ch\u00fang t\u00f4i xin th\u00f4ng b\u00e1o r\u1eb1ng <strong>b\u1eb1ng c\u00e1ch nh\u1ea5p v\u00e0o n\u00fat \u0111\u0103ng k\u00fd, b\u1ea1n \u0111\u1ed3ng \u00fd cho ph\u00e9p ch\u00fang t\u00f4i qu\u1ea3n l\u00fd t\u00ean v\u00e0 \u0111\u1ecba ch\u1ec9 email c\u1ee7a b\u1ea1n<\/strong> \u0111\u1ec3 \u0111\u01b0\u1ee3c th\u00f4ng b\u00e1o s\u1edbm nh\u1ea5t v\u1ec1 nh\u1eefng ph\u00e1t tri\u1ec3n c\u1ee7a ch\u00fang t\u00f4i v\u00e0 ti\u1ebfp t\u1ee5c nh\u1eadn \u0111\u01b0\u1ee3c c\u00e1c th\u00f4ng tin chuy\u00ean m\u00f4n, k\u1ef9 thu\u1eadt t\u1eeb ch\u00fang t\u00f4i!<\/p>\n<p>V\u00e0o ng\u00e0y 25 th\u00e1ng 5 n\u0103m 2018, GDPR, quy \u0111\u1ecbnh (EU) 2016\/679 c\u1ee7a Ngh\u1ecb vi\u1ec7n Ch\u00e2u \u00c2u v\u00e0 H\u1ed9i \u0111\u1ed3ng, ch\u00ednh th\u1ee9c c\u00f3 hi\u1ec7u l\u1ef1c \u0111\u1ec3 b\u1ea3o v\u1ec7 d\u1eef li\u1ec7u c\u00e1 nh\u00e2n c\u1ee7a c\u00e1c c\u00e1 nh\u00e2n.<\/p>\n<p>Theo \u0111\u00f3, Sanatmetal xin \u0111\u1ea3m b\u1ea3o v\u1edbi qu\u00fd v\u1ecb r\u1eb1ng ch\u00fang t\u00f4i s\u1ebd <strong>ch\u1ec9 s\u1eed d\u1ee5ng d\u1eef li\u1ec7u c\u00e1 nh\u00e2n c\u1ee7a qu\u00fd v\u1ecb (trong tr\u01b0\u1eddng h\u1ee3p n\u00e0y: t\u00ean v\u00e0 \u0111\u1ecba ch\u1ec9 email) v\u1edbi s\u1ef1 \u0111\u1ed3ng \u00fd c\u1ee7a qu\u00fd v\u1ecb<\/strong> li\u00ean quan \u0111\u1ebfn b\u1ea3n tin c\u1ee7a ch\u00fang t\u00f4i v\u00e0 s\u1ebd kh\u00f4ng chuy\u1ec3n giao cho b\u00ean th\u1ee9 ba.<\/p>\n<p>Xin l\u01b0u \u00fd r\u1eb1ng b\u1ea1n c\u00f3 quy\u1ec1n y\u00eau c\u1ea7u s\u1eeda \u0111\u1ed5i ho\u1eb7c x\u00f3a d\u1eef li\u1ec7u c\u00e1 nh\u00e2n c\u1ee7a m\u00ecnh kh\u1ecfi danh s\u00e1ch nh\u1eadn b\u1ea3n tin b\u1ea5t c\u1ee9 l\u00fac n\u00e0o. B\u1ea1n c\u00f3 th\u1ec3 h\u1ee7y \u0111\u0103ng k\u00fd nh\u1eadn b\u1ea3n tin b\u1eb1ng c\u00e1ch g\u1eedi email \u0111\u1ebfn \u0111\u1ecba ch\u1ec9 <a href=\"mailto:metal@sanatmetal.hu\">metal@sanatmetal.hu<\/a> ho\u1eb7c nh\u1ea5p v\u00e0o n\u00fat h\u1ee7y \u0111\u0103ng k\u00fd trong b\u1ea3n tin.<\/p>\n","protected":false},"excerpt":{"rendered":"<p>M\u1ee5c \u0111\u00edch c\u1ee7a vi\u1ec7c qu\u1ea3n l\u00fd d\u1eef li\u1ec7u Th\u00f4ng tin chuy\u00ean nghi\u1ec7p v\u1ec1 c\u00e1c s\u1ea3n ph\u1ea9m c\u1ee7a Sanatmetal Tr\u00ecnh b\u00e0y s\u1ea3n ph\u1ea9m v\u00e0 g\u1eedi th\u01b0 ti\u1ebfp th\u1ecb. Tr\u00ecnh b\u00e0y c\u00e1c ph\u00e1t tri\u1ec3n v\u00e0 th\u00f4ng tin k\u1ef9 thu\u1eadt m\u1edbi. Vi\u1ec7c b\u1ea3o m\u1eadt v\u00e0 b\u1ea3o v\u1ec7 d\u1eef li\u1ec7u c\u00e1 nh\u00e2n c\u1ee7a b\u1ea1n l\u00e0 v\u00f4 c\u00f9ng quan tr\u1ecdng [&hellip;]<\/p>\n","protected":false},"author":1,"featured_media":0,"parent":0,"menu_order":0,"comment_status":"closed","ping_status":"closed","template":"","meta":{"footnotes":""},"class_list":["post-18926","page","type-page","status-publish","hentry"],"yoast_head":"<!-- This site is optimized with the Yoast SEO plugin v27.2 - https:\/\/yoast.com\/product\/yoast-seo-wordpress\/ -->\n<title>Tuy\u00ean b\u1ed1 v\u1ec1 quy\u1ec1n ri\u00eang t\u01b0 - Sanatmetal<\/title>\n<meta name=\"robots\" content=\"index, follow, max-snippet:-1, max-image-preview:large, max-video-preview:-1\" \/>\n<link rel=\"canonical\" href=\"https:\/\/sanatmetal.hu\/vi\/tuyen-bo-ve-quyen-rieng-tu\/\" \/>\n<meta property=\"og:locale\" content=\"vi_VN\" \/>\n<meta property=\"og:type\" content=\"article\" \/>\n<meta property=\"og:title\" content=\"Tuy\u00ean b\u1ed1 v\u1ec1 quy\u1ec1n ri\u00eang t\u01b0 - Sanatmetal\" \/>\n<meta property=\"og:description\" content=\"M\u1ee5c \u0111\u00edch c\u1ee7a vi\u1ec7c qu\u1ea3n l\u00fd d\u1eef li\u1ec7u Th\u00f4ng tin chuy\u00ean nghi\u1ec7p v\u1ec1 c\u00e1c s\u1ea3n ph\u1ea9m c\u1ee7a Sanatmetal Tr\u00ecnh b\u00e0y s\u1ea3n ph\u1ea9m v\u00e0 g\u1eedi th\u01b0 ti\u1ebfp th\u1ecb. Tr\u00ecnh b\u00e0y c\u00e1c ph\u00e1t tri\u1ec3n v\u00e0 th\u00f4ng tin k\u1ef9 thu\u1eadt m\u1edbi. Vi\u1ec7c b\u1ea3o m\u1eadt v\u00e0 b\u1ea3o v\u1ec7 d\u1eef li\u1ec7u c\u00e1 nh\u00e2n c\u1ee7a b\u1ea1n l\u00e0 v\u00f4 c\u00f9ng quan tr\u1ecdng [&hellip;]\" \/>\n<meta property=\"og:url\" content=\"https:\/\/sanatmetal.hu\/tuyen-bo-ve-quyen-rieng-tu\/\" \/>\n<meta property=\"og:site_name\" content=\"Sanatmetal\" \/>\n<meta name=\"twitter:card\" content=\"summary_large_image\" \/>\n<meta name=\"twitter:label1\" content=\"Est. reading time\" \/>\n\t<meta name=\"twitter:data1\" content=\"2 minutes\" \/>\n<script type=\"application\/ld+json\" class=\"yoast-schema-graph\">{\"@context\":\"https:\/\/schema.org\",\"@graph\":[{\"@type\":\"WebPage\",\"@id\":\"https:\/\/sanatmetal.hu\/tuyen-bo-ve-quyen-rieng-tu\/\",\"url\":\"https:\/\/sanatmetal.hu\/tuyen-bo-ve-quyen-rieng-tu\/\",\"name\":\"Tuy\u00ean b\u1ed1 v\u1ec1 quy\u1ec1n ri\u00eang t\u01b0 - Sanatmetal\",\"isPartOf\":{\"@id\":\"https:\/\/sanatmetal.hu\/#website\"},\"datePublished\":\"2026-04-30T08:29:39+00:00\",\"breadcrumb\":{\"@id\":\"https:\/\/sanatmetal.hu\/tuyen-bo-ve-quyen-rieng-tu\/#breadcrumb\"},\"inLanguage\":\"vi-VN\",\"potentialAction\":[{\"@type\":\"ReadAction\",\"target\":[\"https:\/\/sanatmetal.hu\/tuyen-bo-ve-quyen-rieng-tu\/\"]}]},{\"@type\":\"BreadcrumbList\",\"@id\":\"https:\/\/sanatmetal.hu\/tuyen-bo-ve-quyen-rieng-tu\/#breadcrumb\",\"itemListElement\":[{\"@type\":\"ListItem\",\"position\":1,\"name\":\"Home\",\"item\":\"https:\/\/sanatmetal.hu\/trang-chu\/\"},{\"@type\":\"ListItem\",\"position\":2,\"name\":\"Tuy\u00ean b\u1ed1 v\u1ec1 quy\u1ec1n ri\u00eang t\u01b0\"}]},{\"@type\":\"WebSite\",\"@id\":\"https:\/\/sanatmetal.hu\/#website\",\"url\":\"https:\/\/sanatmetal.hu\/\",\"name\":\"Sanatmetal\",\"description\":\"\",\"publisher\":{\"@id\":\"https:\/\/sanatmetal.hu\/#organization\"},\"potentialAction\":[{\"@type\":\"SearchAction\",\"target\":{\"@type\":\"EntryPoint\",\"urlTemplate\":\"https:\/\/sanatmetal.hu\/?s={search_term_string}\"},\"query-input\":{\"@type\":\"PropertyValueSpecification\",\"valueRequired\":true,\"valueName\":\"search_term_string\"}}],\"inLanguage\":\"vi-VN\"},{\"@type\":\"Organization\",\"@id\":\"https:\/\/sanatmetal.hu\/#organization\",\"name\":\"Sanatmetal\",\"url\":\"https:\/\/sanatmetal.hu\/\",\"logo\":{\"@type\":\"ImageObject\",\"inLanguage\":\"vi-VN\",\"@id\":\"https:\/\/sanatmetal.hu\/#\/schema\/logo\/image\/\",\"url\":\"https:\/\/sanatmetal.hu\/wp-content\/uploads\/2024\/10\/Nevtelen-terv-5-e1728647058747.png\",\"contentUrl\":\"https:\/\/sanatmetal.hu\/wp-content\/uploads\/2024\/10\/Nevtelen-terv-5-e1728647058747.png\",\"width\":1410,\"height\":1293,\"caption\":\"Sanatmetal\"},\"image\":{\"@id\":\"https:\/\/sanatmetal.hu\/#\/schema\/logo\/image\/\"}}]}<\/script>\n<!-- \/ Yoast SEO plugin. -->","yoast_head_json":{"title":"Tuy\u00ean b\u1ed1 v\u1ec1 quy\u1ec1n ri\u00eang t\u01b0 - Sanatmetal","robots":{"index":"index","follow":"follow","max-snippet":"max-snippet:-1","max-image-preview":"max-image-preview:large","max-video-preview":"max-video-preview:-1"},"canonical":"https:\/\/sanatmetal.hu\/vi\/tuyen-bo-ve-quyen-rieng-tu\/","og_locale":"vi_VN","og_type":"article","og_title":"Tuy\u00ean b\u1ed1 v\u1ec1 quy\u1ec1n ri\u00eang t\u01b0 - Sanatmetal","og_description":"M\u1ee5c \u0111\u00edch c\u1ee7a vi\u1ec7c qu\u1ea3n l\u00fd d\u1eef li\u1ec7u Th\u00f4ng tin chuy\u00ean nghi\u1ec7p v\u1ec1 c\u00e1c s\u1ea3n ph\u1ea9m c\u1ee7a Sanatmetal Tr\u00ecnh b\u00e0y s\u1ea3n ph\u1ea9m v\u00e0 g\u1eedi th\u01b0 ti\u1ebfp th\u1ecb. Tr\u00ecnh b\u00e0y c\u00e1c ph\u00e1t tri\u1ec3n v\u00e0 th\u00f4ng tin k\u1ef9 thu\u1eadt m\u1edbi. Vi\u1ec7c b\u1ea3o m\u1eadt v\u00e0 b\u1ea3o v\u1ec7 d\u1eef li\u1ec7u c\u00e1 nh\u00e2n c\u1ee7a b\u1ea1n l\u00e0 v\u00f4 c\u00f9ng quan tr\u1ecdng [&hellip;]","og_url":"https:\/\/sanatmetal.hu\/tuyen-bo-ve-quyen-rieng-tu\/","og_site_name":"Sanatmetal","twitter_card":"summary_large_image","twitter_misc":{"Est. reading time":"2 minutes"},"schema":{"@context":"https:\/\/schema.org","@graph":[{"@type":"WebPage","@id":"https:\/\/sanatmetal.hu\/tuyen-bo-ve-quyen-rieng-tu\/","url":"https:\/\/sanatmetal.hu\/tuyen-bo-ve-quyen-rieng-tu\/","name":"Tuy\u00ean b\u1ed1 v\u1ec1 quy\u1ec1n ri\u00eang t\u01b0 - Sanatmetal","isPartOf":{"@id":"https:\/\/sanatmetal.hu\/#website"},"datePublished":"2026-04-30T08:29:39+00:00","breadcrumb":{"@id":"https:\/\/sanatmetal.hu\/tuyen-bo-ve-quyen-rieng-tu\/#breadcrumb"},"inLanguage":"vi-VN","potentialAction":[{"@type":"ReadAction","target":["https:\/\/sanatmetal.hu\/tuyen-bo-ve-quyen-rieng-tu\/"]}]},{"@type":"BreadcrumbList","@id":"https:\/\/sanatmetal.hu\/tuyen-bo-ve-quyen-rieng-tu\/#breadcrumb","itemListElement":[{"@type":"ListItem","position":1,"name":"Home","item":"https:\/\/sanatmetal.hu\/trang-chu\/"},{"@type":"ListItem","position":2,"name":"Tuy\u00ean b\u1ed1 v\u1ec1 quy\u1ec1n ri\u00eang t\u01b0"}]},{"@type":"WebSite","@id":"https:\/\/sanatmetal.hu\/#website","url":"https:\/\/sanatmetal.hu\/","name":"Sanatmetal","description":"","publisher":{"@id":"https:\/\/sanatmetal.hu\/#organization"},"potentialAction":[{"@type":"SearchAction","target":{"@type":"EntryPoint","urlTemplate":"https:\/\/sanatmetal.hu\/?s={search_term_string}"},"query-input":{"@type":"PropertyValueSpecification","valueRequired":true,"valueName":"search_term_string"}}],"inLanguage":"vi-VN"},{"@type":"Organization","@id":"https:\/\/sanatmetal.hu\/#organization","name":"Sanatmetal","url":"https:\/\/sanatmetal.hu\/","logo":{"@type":"ImageObject","inLanguage":"vi-VN","@id":"https:\/\/sanatmetal.hu\/#\/schema\/logo\/image\/","url":"https:\/\/sanatmetal.hu\/wp-content\/uploads\/2024\/10\/Nevtelen-terv-5-e1728647058747.png","contentUrl":"https:\/\/sanatmetal.hu\/wp-content\/uploads\/2024\/10\/Nevtelen-terv-5-e1728647058747.png","width":1410,"height":1293,"caption":"Sanatmetal"},"image":{"@id":"https:\/\/sanatmetal.hu\/#\/schema\/logo\/image\/"}}]}},"_links":{"self":[{"href":"https:\/\/sanatmetal.hu\/vi\/wp-json\/wp\/v2\/pages\/18926","targetHints":{"allow":["GET"]}}],"collection":[{"href":"https:\/\/sanatmetal.hu\/vi\/wp-json\/wp\/v2\/pages"}],"about":[{"href":"https:\/\/sanatmetal.hu\/vi\/wp-json\/wp\/v2\/types\/page"}],"author":[{"embeddable":true,"href":"https:\/\/sanatmetal.hu\/vi\/wp-json\/wp\/v2\/users\/1"}],"replies":[{"embeddable":true,"href":"https:\/\/sanatmetal.hu\/vi\/wp-json\/wp\/v2\/comments?post=18926"}],"version-history":[{"count":0,"href":"https:\/\/sanatmetal.hu\/vi\/wp-json\/wp\/v2\/pages\/18926\/revisions"}],"wp:attachment":[{"href":"https:\/\/sanatmetal.hu\/vi\/wp-json\/wp\/v2\/media?parent=18926"}],"curies":[{"name":"wp","href":"https:\/\/api.w.org\/{rel}","templated":true}]}}