{"id":18930,"date":"2026-04-30T09:33:08","date_gmt":"2026-04-30T08:33:08","guid":{"rendered":"https:\/\/sanatmetal.hu\/co-so-kien-thuc\/"},"modified":"2026-04-30T09:33:08","modified_gmt":"2026-04-30T08:33:08","slug":"co-so-kien-thuc","status":"publish","type":"page","link":"https:\/\/sanatmetal.hu\/vi\/co-so-kien-thuc\/","title":{"rendered":"C\u01a1 s\u1edf ki\u1ebfn \u200b\u200bth\u1ee9c"},"content":{"rendered":"<p>Vui l\u00f2ng \u0111\u0103ng nh\u1eadp ho\u1eb7c \u0111\u0103ng k\u00fd \u0111\u1ec3 truy c\u1eadp t\u1ea5t c\u1ea3 n\u1ed9i dung c\u00f3 th\u1ec3 t\u1ea3i xu\u1ed1ng.<\/p>\n","protected":false},"excerpt":{"rendered":"<p>Vui l\u00f2ng \u0111\u0103ng nh\u1eadp ho\u1eb7c \u0111\u0103ng k\u00fd \u0111\u1ec3 truy c\u1eadp t\u1ea5t c\u1ea3 n\u1ed9i dung c\u00f3 th\u1ec3 t\u1ea3i xu\u1ed1ng.<\/p>\n","protected":false},"author":1,"featured_media":0,"parent":0,"menu_order":0,"comment_status":"closed","ping_status":"closed","template":"page-tudasbazis.php","meta":{"footnotes":""},"class_list":["post-18930","page","type-page","status-publish","hentry"],"yoast_head":"<!-- This site is optimized with the Yoast SEO plugin v27.2 - https:\/\/yoast.com\/product\/yoast-seo-wordpress\/ -->\n<title>C\u01a1 s\u1edf ki\u1ebfn \u200b\u200bth\u1ee9c - Sanatmetal<\/title>\n<meta name=\"robots\" content=\"index, follow, max-snippet:-1, max-image-preview:large, max-video-preview:-1\" \/>\n<link rel=\"canonical\" href=\"https:\/\/sanatmetal.hu\/vi\/co-so-kien-thuc\/\" \/>\n<meta property=\"og:locale\" content=\"vi_VN\" \/>\n<meta property=\"og:type\" content=\"article\" \/>\n<meta property=\"og:title\" content=\"C\u01a1 s\u1edf ki\u1ebfn \u200b\u200bth\u1ee9c - Sanatmetal\" \/>\n<meta property=\"og:description\" content=\"Vui l\u00f2ng \u0111\u0103ng nh\u1eadp ho\u1eb7c \u0111\u0103ng k\u00fd \u0111\u1ec3 truy c\u1eadp t\u1ea5t c\u1ea3 n\u1ed9i dung c\u00f3 th\u1ec3 t\u1ea3i xu\u1ed1ng.\" \/>\n<meta property=\"og:url\" content=\"https:\/\/sanatmetal.hu\/co-so-kien-thuc\/\" \/>\n<meta property=\"og:site_name\" content=\"Sanatmetal\" \/>\n<meta name=\"twitter:card\" content=\"summary_large_image\" \/>\n<script type=\"application\/ld+json\" class=\"yoast-schema-graph\">{\"@context\":\"https:\/\/schema.org\",\"@graph\":[{\"@type\":\"WebPage\",\"@id\":\"https:\/\/sanatmetal.hu\/co-so-kien-thuc\/\",\"url\":\"https:\/\/sanatmetal.hu\/co-so-kien-thuc\/\",\"name\":\"C\u01a1 s\u1edf ki\u1ebfn \u200b\u200bth\u1ee9c - Sanatmetal\",\"isPartOf\":{\"@id\":\"https:\/\/sanatmetal.hu\/#website\"},\"datePublished\":\"2026-04-30T08:33:08+00:00\",\"breadcrumb\":{\"@id\":\"https:\/\/sanatmetal.hu\/co-so-kien-thuc\/#breadcrumb\"},\"inLanguage\":\"vi-VN\",\"potentialAction\":[{\"@type\":\"ReadAction\",\"target\":[\"https:\/\/sanatmetal.hu\/co-so-kien-thuc\/\"]}]},{\"@type\":\"BreadcrumbList\",\"@id\":\"https:\/\/sanatmetal.hu\/co-so-kien-thuc\/#breadcrumb\",\"itemListElement\":[{\"@type\":\"ListItem\",\"position\":1,\"name\":\"Home\",\"item\":\"https:\/\/sanatmetal.hu\/trang-chu\/\"},{\"@type\":\"ListItem\",\"position\":2,\"name\":\"C\u01a1 s\u1edf ki\u1ebfn \u200b\u200bth\u1ee9c\"}]},{\"@type\":\"WebSite\",\"@id\":\"https:\/\/sanatmetal.hu\/#website\",\"url\":\"https:\/\/sanatmetal.hu\/\",\"name\":\"Sanatmetal\",\"description\":\"\",\"publisher\":{\"@id\":\"https:\/\/sanatmetal.hu\/#organization\"},\"potentialAction\":[{\"@type\":\"SearchAction\",\"target\":{\"@type\":\"EntryPoint\",\"urlTemplate\":\"https:\/\/sanatmetal.hu\/?s={search_term_string}\"},\"query-input\":{\"@type\":\"PropertyValueSpecification\",\"valueRequired\":true,\"valueName\":\"search_term_string\"}}],\"inLanguage\":\"vi-VN\"},{\"@type\":\"Organization\",\"@id\":\"https:\/\/sanatmetal.hu\/#organization\",\"name\":\"Sanatmetal\",\"url\":\"https:\/\/sanatmetal.hu\/\",\"logo\":{\"@type\":\"ImageObject\",\"inLanguage\":\"vi-VN\",\"@id\":\"https:\/\/sanatmetal.hu\/#\/schema\/logo\/image\/\",\"url\":\"https:\/\/sanatmetal.hu\/wp-content\/uploads\/2024\/10\/Nevtelen-terv-5-e1728647058747.png\",\"contentUrl\":\"https:\/\/sanatmetal.hu\/wp-content\/uploads\/2024\/10\/Nevtelen-terv-5-e1728647058747.png\",\"width\":1410,\"height\":1293,\"caption\":\"Sanatmetal\"},\"image\":{\"@id\":\"https:\/\/sanatmetal.hu\/#\/schema\/logo\/image\/\"}}]}<\/script>\n<!-- \/ Yoast SEO plugin. -->","yoast_head_json":{"title":"C\u01a1 s\u1edf ki\u1ebfn \u200b\u200bth\u1ee9c - Sanatmetal","robots":{"index":"index","follow":"follow","max-snippet":"max-snippet:-1","max-image-preview":"max-image-preview:large","max-video-preview":"max-video-preview:-1"},"canonical":"https:\/\/sanatmetal.hu\/vi\/co-so-kien-thuc\/","og_locale":"vi_VN","og_type":"article","og_title":"C\u01a1 s\u1edf ki\u1ebfn \u200b\u200bth\u1ee9c - Sanatmetal","og_description":"Vui l\u00f2ng \u0111\u0103ng nh\u1eadp ho\u1eb7c \u0111\u0103ng k\u00fd \u0111\u1ec3 truy c\u1eadp t\u1ea5t c\u1ea3 n\u1ed9i dung c\u00f3 th\u1ec3 t\u1ea3i xu\u1ed1ng.","og_url":"https:\/\/sanatmetal.hu\/co-so-kien-thuc\/","og_site_name":"Sanatmetal","twitter_card":"summary_large_image","schema":{"@context":"https:\/\/schema.org","@graph":[{"@type":"WebPage","@id":"https:\/\/sanatmetal.hu\/co-so-kien-thuc\/","url":"https:\/\/sanatmetal.hu\/co-so-kien-thuc\/","name":"C\u01a1 s\u1edf ki\u1ebfn \u200b\u200bth\u1ee9c - Sanatmetal","isPartOf":{"@id":"https:\/\/sanatmetal.hu\/#website"},"datePublished":"2026-04-30T08:33:08+00:00","breadcrumb":{"@id":"https:\/\/sanatmetal.hu\/co-so-kien-thuc\/#breadcrumb"},"inLanguage":"vi-VN","potentialAction":[{"@type":"ReadAction","target":["https:\/\/sanatmetal.hu\/co-so-kien-thuc\/"]}]},{"@type":"BreadcrumbList","@id":"https:\/\/sanatmetal.hu\/co-so-kien-thuc\/#breadcrumb","itemListElement":[{"@type":"ListItem","position":1,"name":"Home","item":"https:\/\/sanatmetal.hu\/trang-chu\/"},{"@type":"ListItem","position":2,"name":"C\u01a1 s\u1edf ki\u1ebfn \u200b\u200bth\u1ee9c"}]},{"@type":"WebSite","@id":"https:\/\/sanatmetal.hu\/#website","url":"https:\/\/sanatmetal.hu\/","name":"Sanatmetal","description":"","publisher":{"@id":"https:\/\/sanatmetal.hu\/#organization"},"potentialAction":[{"@type":"SearchAction","target":{"@type":"EntryPoint","urlTemplate":"https:\/\/sanatmetal.hu\/?s={search_term_string}"},"query-input":{"@type":"PropertyValueSpecification","valueRequired":true,"valueName":"search_term_string"}}],"inLanguage":"vi-VN"},{"@type":"Organization","@id":"https:\/\/sanatmetal.hu\/#organization","name":"Sanatmetal","url":"https:\/\/sanatmetal.hu\/","logo":{"@type":"ImageObject","inLanguage":"vi-VN","@id":"https:\/\/sanatmetal.hu\/#\/schema\/logo\/image\/","url":"https:\/\/sanatmetal.hu\/wp-content\/uploads\/2024\/10\/Nevtelen-terv-5-e1728647058747.png","contentUrl":"https:\/\/sanatmetal.hu\/wp-content\/uploads\/2024\/10\/Nevtelen-terv-5-e1728647058747.png","width":1410,"height":1293,"caption":"Sanatmetal"},"image":{"@id":"https:\/\/sanatmetal.hu\/#\/schema\/logo\/image\/"}}]}},"_links":{"self":[{"href":"https:\/\/sanatmetal.hu\/vi\/wp-json\/wp\/v2\/pages\/18930","targetHints":{"allow":["GET"]}}],"collection":[{"href":"https:\/\/sanatmetal.hu\/vi\/wp-json\/wp\/v2\/pages"}],"about":[{"href":"https:\/\/sanatmetal.hu\/vi\/wp-json\/wp\/v2\/types\/page"}],"author":[{"embeddable":true,"href":"https:\/\/sanatmetal.hu\/vi\/wp-json\/wp\/v2\/users\/1"}],"replies":[{"embeddable":true,"href":"https:\/\/sanatmetal.hu\/vi\/wp-json\/wp\/v2\/comments?post=18930"}],"version-history":[{"count":0,"href":"https:\/\/sanatmetal.hu\/vi\/wp-json\/wp\/v2\/pages\/18930\/revisions"}],"wp:attachment":[{"href":"https:\/\/sanatmetal.hu\/vi\/wp-json\/wp\/v2\/media?parent=18930"}],"curies":[{"name":"wp","href":"https:\/\/api.w.org\/{rel}","templated":true}]}}