{"id":18936,"date":"2026-04-30T09:34:07","date_gmt":"2026-04-30T08:34:07","guid":{"rendered":"https:\/\/sanatmetal.hu\/su-nghiep\/"},"modified":"2026-04-30T09:34:07","modified_gmt":"2026-04-30T08:34:07","slug":"su-nghiep","status":"publish","type":"page","link":"https:\/\/sanatmetal.hu\/vi\/su-nghiep\/","title":{"rendered":"S\u1ef1 nghi\u1ec7p"},"content":{"rendered":"<ul>\n<li>M\u1ee9c l\u01b0\u01a1ng c\u1ea1nh tranh<\/li>\n<li>Nhi\u1ec7m v\u1ee5 \u0111\u1ea7y th\u00e1ch th\u1ee9c<\/li>\n<li>Kh\u00f4ng kh\u00ed gia \u0111\u00ecnh, \u0111\u1ed9i ng\u0169 n\u0103ng \u0111\u1ed9ng<\/li>\n<li>C\u01a1 h\u1ed9i tham gia c\u00e1c kh\u00f3a \u0111\u00e0o t\u1ea1o n\u00e2ng cao v\u00e0 c\u00e1c kh\u00f3a h\u1ecdc chuy\u00ean ng\u00e0nh.<\/li>\n<li>C\u00f3 n\u1ec1n t\u1ea3ng c\u00f4ng ty \u1ed5n \u0111\u1ecbnh, vi\u1ec7c l\u00e0m l\u00e2u d\u00e0i v\u00e0 an to\u00e0n.<\/li>\n<li>c\u00e2n b\u1eb1ng gi\u1eefa c\u00f4ng vi\u1ec7c v\u00e0 cu\u1ed9c s\u1ed1ng c\u00e1 nh\u00e2n<\/li>\n<li>Hoa h\u1ed3ng t\u1eeb vi\u1ec7c \u0111\u00f3ng g\u00f3p v\u00e0o b\u1eb1ng s\u00e1ng ch\u1ebf<\/li>\n<li>C\u00e1c d\u1ef1 \u00e1n v\u00e0 nhi\u1ec7m v\u1ee5 qu\u1ed1c t\u1ebf<\/li>\n<li>Ti\u1ebfn b\u1ed9 ngh\u1ec1 nghi\u1ec7p v\u1edbi s\u1ef1 h\u1ed7 tr\u1ee3 t\u1eeb c\u00e1c \u0111\u1ed3ng nghi\u1ec7p gi\u00e0u kinh nghi\u1ec7m.<\/li>\n<\/ul>\n","protected":false},"excerpt":{"rendered":"<p>Nh\u1eefng g\u00ec ch\u00fang t\u00f4i cung c\u1ea5p cho b\u1ea1n<\/p>\n","protected":false},"author":1,"featured_media":18937,"parent":0,"menu_order":0,"comment_status":"closed","ping_status":"closed","template":"page-karrier.php","meta":{"footnotes":""},"class_list":["post-18936","page","type-page","status-publish","has-post-thumbnail","hentry"],"yoast_head":"<!-- This site is optimized with the Yoast SEO plugin v27.2 - https:\/\/yoast.com\/product\/yoast-seo-wordpress\/ -->\n<title>S\u1ef1 nghi\u1ec7p - Sanatmetal<\/title>\n<meta name=\"robots\" content=\"index, follow, max-snippet:-1, max-image-preview:large, max-video-preview:-1\" \/>\n<link rel=\"canonical\" href=\"https:\/\/sanatmetal.hu\/vi\/su-nghiep\/\" \/>\n<meta property=\"og:locale\" content=\"vi_VN\" \/>\n<meta property=\"og:type\" content=\"article\" \/>\n<meta property=\"og:title\" content=\"S\u1ef1 nghi\u1ec7p - Sanatmetal\" \/>\n<meta property=\"og:description\" content=\"Nh\u1eefng g\u00ec ch\u00fang t\u00f4i cung c\u1ea5p cho b\u1ea1n\" \/>\n<meta property=\"og:url\" content=\"https:\/\/sanatmetal.hu\/su-nghiep\/\" \/>\n<meta property=\"og:site_name\" content=\"Sanatmetal\" \/>\n<meta name=\"twitter:card\" content=\"summary_large_image\" \/>\n<meta name=\"twitter:label1\" content=\"Est. reading time\" \/>\n\t<meta name=\"twitter:data1\" content=\"1 minute\" \/>\n<script type=\"application\/ld+json\" class=\"yoast-schema-graph\">{\"@context\":\"https:\/\/schema.org\",\"@graph\":[{\"@type\":\"WebPage\",\"@id\":\"https:\/\/sanatmetal.hu\/su-nghiep\/\",\"url\":\"https:\/\/sanatmetal.hu\/su-nghiep\/\",\"name\":\"S\u1ef1 nghi\u1ec7p - Sanatmetal\",\"isPartOf\":{\"@id\":\"https:\/\/sanatmetal.hu\/#website\"},\"primaryImageOfPage\":{\"@id\":\"https:\/\/sanatmetal.hu\/su-nghiep\/#primaryimage\"},\"image\":{\"@id\":\"https:\/\/sanatmetal.hu\/su-nghiep\/#primaryimage\"},\"thumbnailUrl\":\"https:\/\/sanatmetal.hu\/wp-content\/uploads\/2020\/03\/shutterstock_697484575-scaled.jpg\",\"datePublished\":\"2026-04-30T08:34:07+00:00\",\"breadcrumb\":{\"@id\":\"https:\/\/sanatmetal.hu\/su-nghiep\/#breadcrumb\"},\"inLanguage\":\"vi-VN\",\"potentialAction\":[{\"@type\":\"ReadAction\",\"target\":[\"https:\/\/sanatmetal.hu\/su-nghiep\/\"]}]},{\"@type\":\"ImageObject\",\"inLanguage\":\"vi-VN\",\"@id\":\"https:\/\/sanatmetal.hu\/su-nghiep\/#primaryimage\",\"url\":\"https:\/\/sanatmetal.hu\/wp-content\/uploads\/2020\/03\/shutterstock_697484575-scaled.jpg\",\"contentUrl\":\"https:\/\/sanatmetal.hu\/wp-content\/uploads\/2020\/03\/shutterstock_697484575-scaled.jpg\",\"width\":2560,\"height\":497},{\"@type\":\"BreadcrumbList\",\"@id\":\"https:\/\/sanatmetal.hu\/su-nghiep\/#breadcrumb\",\"itemListElement\":[{\"@type\":\"ListItem\",\"position\":1,\"name\":\"Home\",\"item\":\"https:\/\/sanatmetal.hu\/trang-chu\/\"},{\"@type\":\"ListItem\",\"position\":2,\"name\":\"S\u1ef1 nghi\u1ec7p\"}]},{\"@type\":\"WebSite\",\"@id\":\"https:\/\/sanatmetal.hu\/#website\",\"url\":\"https:\/\/sanatmetal.hu\/\",\"name\":\"Sanatmetal\",\"description\":\"\",\"publisher\":{\"@id\":\"https:\/\/sanatmetal.hu\/#organization\"},\"potentialAction\":[{\"@type\":\"SearchAction\",\"target\":{\"@type\":\"EntryPoint\",\"urlTemplate\":\"https:\/\/sanatmetal.hu\/?s={search_term_string}\"},\"query-input\":{\"@type\":\"PropertyValueSpecification\",\"valueRequired\":true,\"valueName\":\"search_term_string\"}}],\"inLanguage\":\"vi-VN\"},{\"@type\":\"Organization\",\"@id\":\"https:\/\/sanatmetal.hu\/#organization\",\"name\":\"Sanatmetal\",\"url\":\"https:\/\/sanatmetal.hu\/\",\"logo\":{\"@type\":\"ImageObject\",\"inLanguage\":\"vi-VN\",\"@id\":\"https:\/\/sanatmetal.hu\/#\/schema\/logo\/image\/\",\"url\":\"https:\/\/sanatmetal.hu\/wp-content\/uploads\/2024\/10\/Nevtelen-terv-5-e1728647058747.png\",\"contentUrl\":\"https:\/\/sanatmetal.hu\/wp-content\/uploads\/2024\/10\/Nevtelen-terv-5-e1728647058747.png\",\"width\":1410,\"height\":1293,\"caption\":\"Sanatmetal\"},\"image\":{\"@id\":\"https:\/\/sanatmetal.hu\/#\/schema\/logo\/image\/\"}}]}<\/script>\n<!-- \/ Yoast SEO plugin. -->","yoast_head_json":{"title":"S\u1ef1 nghi\u1ec7p - Sanatmetal","robots":{"index":"index","follow":"follow","max-snippet":"max-snippet:-1","max-image-preview":"max-image-preview:large","max-video-preview":"max-video-preview:-1"},"canonical":"https:\/\/sanatmetal.hu\/vi\/su-nghiep\/","og_locale":"vi_VN","og_type":"article","og_title":"S\u1ef1 nghi\u1ec7p - Sanatmetal","og_description":"Nh\u1eefng g\u00ec ch\u00fang t\u00f4i cung c\u1ea5p cho b\u1ea1n","og_url":"https:\/\/sanatmetal.hu\/su-nghiep\/","og_site_name":"Sanatmetal","twitter_card":"summary_large_image","twitter_misc":{"Est. reading time":"1 minute"},"schema":{"@context":"https:\/\/schema.org","@graph":[{"@type":"WebPage","@id":"https:\/\/sanatmetal.hu\/su-nghiep\/","url":"https:\/\/sanatmetal.hu\/su-nghiep\/","name":"S\u1ef1 nghi\u1ec7p - Sanatmetal","isPartOf":{"@id":"https:\/\/sanatmetal.hu\/#website"},"primaryImageOfPage":{"@id":"https:\/\/sanatmetal.hu\/su-nghiep\/#primaryimage"},"image":{"@id":"https:\/\/sanatmetal.hu\/su-nghiep\/#primaryimage"},"thumbnailUrl":"https:\/\/sanatmetal.hu\/wp-content\/uploads\/2020\/03\/shutterstock_697484575-scaled.jpg","datePublished":"2026-04-30T08:34:07+00:00","breadcrumb":{"@id":"https:\/\/sanatmetal.hu\/su-nghiep\/#breadcrumb"},"inLanguage":"vi-VN","potentialAction":[{"@type":"ReadAction","target":["https:\/\/sanatmetal.hu\/su-nghiep\/"]}]},{"@type":"ImageObject","inLanguage":"vi-VN","@id":"https:\/\/sanatmetal.hu\/su-nghiep\/#primaryimage","url":"https:\/\/sanatmetal.hu\/wp-content\/uploads\/2020\/03\/shutterstock_697484575-scaled.jpg","contentUrl":"https:\/\/sanatmetal.hu\/wp-content\/uploads\/2020\/03\/shutterstock_697484575-scaled.jpg","width":2560,"height":497},{"@type":"BreadcrumbList","@id":"https:\/\/sanatmetal.hu\/su-nghiep\/#breadcrumb","itemListElement":[{"@type":"ListItem","position":1,"name":"Home","item":"https:\/\/sanatmetal.hu\/trang-chu\/"},{"@type":"ListItem","position":2,"name":"S\u1ef1 nghi\u1ec7p"}]},{"@type":"WebSite","@id":"https:\/\/sanatmetal.hu\/#website","url":"https:\/\/sanatmetal.hu\/","name":"Sanatmetal","description":"","publisher":{"@id":"https:\/\/sanatmetal.hu\/#organization"},"potentialAction":[{"@type":"SearchAction","target":{"@type":"EntryPoint","urlTemplate":"https:\/\/sanatmetal.hu\/?s={search_term_string}"},"query-input":{"@type":"PropertyValueSpecification","valueRequired":true,"valueName":"search_term_string"}}],"inLanguage":"vi-VN"},{"@type":"Organization","@id":"https:\/\/sanatmetal.hu\/#organization","name":"Sanatmetal","url":"https:\/\/sanatmetal.hu\/","logo":{"@type":"ImageObject","inLanguage":"vi-VN","@id":"https:\/\/sanatmetal.hu\/#\/schema\/logo\/image\/","url":"https:\/\/sanatmetal.hu\/wp-content\/uploads\/2024\/10\/Nevtelen-terv-5-e1728647058747.png","contentUrl":"https:\/\/sanatmetal.hu\/wp-content\/uploads\/2024\/10\/Nevtelen-terv-5-e1728647058747.png","width":1410,"height":1293,"caption":"Sanatmetal"},"image":{"@id":"https:\/\/sanatmetal.hu\/#\/schema\/logo\/image\/"}}]}},"_links":{"self":[{"href":"https:\/\/sanatmetal.hu\/vi\/wp-json\/wp\/v2\/pages\/18936","targetHints":{"allow":["GET"]}}],"collection":[{"href":"https:\/\/sanatmetal.hu\/vi\/wp-json\/wp\/v2\/pages"}],"about":[{"href":"https:\/\/sanatmetal.hu\/vi\/wp-json\/wp\/v2\/types\/page"}],"author":[{"embeddable":true,"href":"https:\/\/sanatmetal.hu\/vi\/wp-json\/wp\/v2\/users\/1"}],"replies":[{"embeddable":true,"href":"https:\/\/sanatmetal.hu\/vi\/wp-json\/wp\/v2\/comments?post=18936"}],"version-history":[{"count":0,"href":"https:\/\/sanatmetal.hu\/vi\/wp-json\/wp\/v2\/pages\/18936\/revisions"}],"wp:featuredmedia":[{"embeddable":true,"href":"https:\/\/sanatmetal.hu\/vi\/wp-json\/wp\/v2\/media\/18937"}],"wp:attachment":[{"href":"https:\/\/sanatmetal.hu\/vi\/wp-json\/wp\/v2\/media?parent=18936"}],"curies":[{"name":"wp","href":"https:\/\/api.w.org\/{rel}","templated":true}]}}